{"id":76533,"date":"2025-06-06T05:38:43","date_gmt":"2025-06-06T04:38:43","guid":{"rendered":"https:\/\/truusk.store\/product\/33-liter-kompressorkylbox-elektrisk-kylbox-med-led-rulle-tyst-frysfunktion-termobox-minikylskap-12-230-volt-for-biluttag-lastbil-camping-bat-gron\/"},"modified":"2026-03-12T08:43:17","modified_gmt":"2026-03-12T07:43:17","slug":"truusk-33-liter-kompressorkylbox-elektrisk-kylbox-med-led-rulle-tyst-frysfunktion-termobox-minikylskap-12-230-volt-gron","status":"publish","type":"product","link":"https:\/\/truusk.store\/sv\/produkt\/truusk-33-liter-kompressorkylbox-elektrisk-kylbox-med-led-rulle-tyst-frysfunktion-termobox-minikylskap-12-230-volt-gron\/","title":{"rendered":"TRUUSK 33 Liter Kompressorkylbox &#8211; Elektrisk Kylbox med LED-rulle &#8211; Tyst Frysfunktion &#8211; Termobox &#8211; Minikylsk\u00e5p 12\/230 Volt &#8211; Gr\u00f6n"},"content":{"rendered":"<p>Upplev bekv\u00e4mligheten med v\u00e5r termoelektriska kylbox med dubbla lagringszoner och ett gener\u00f6st volym p\u00e5 33 liter. L\u00e4tt att transportera med f\u00e4llbart handtag och stabila offroad-hjul, reglerar denna 12V bilkylare temperaturer fr\u00e5n -20 \u2103 till 20 \u2103 med ett knapptryck p\u00e5 LED-panelen. Dina produkter h\u00e5lls f\u00e4rska genom energieffektiva l\u00e4gen. Inkluderar str\u00f6mkabel f\u00f6r bil och hem, m\u00e5ngsidigt anv\u00e4ndbar.<\/p>\n<p>Beskrivning:<\/p>\n<ul>\n<li> Tv\u00e5 separata lagringsomr\u00e5den i kylboxen f\u00f6r bilen minimerar effektivt lukter. En kapacitet p\u00e5 33 liter erbjuder plats f\u00f6r stora m\u00e4ngder<\/li>\n<li> Handtag och robusta hjul p\u00e5 bilkylsk\u00e5pet f\u00f6rb\u00e4ttrar b\u00e4rbarheten<\/li>\n<li> Temperaturkontroll fr\u00e5n -20 \u2103 till 20 \u2103 via LED-panel<\/li>\n<li> 43 dB f\u00f6r en tyst drift<\/li>\n<li> Fungerar smidigt p\u00e5 upp till 30\u00b0 lutning med st\u00f6td\u00e4mpning<\/li>\n<li> Olika l\u00e4gen och str\u00f6moptioner, inklusive m\u00f6jligheten att ladda med solenergi<\/li>\n<li> Batteriskyddsinst\u00e4llningar (L\u00e5g, Medium, H\u00f6g) p\u00e5 campingkylboxen f\u00f6rhindrar urladdning av fordonets batteri<\/li>\n<li> Inre belysning med LED f\u00f6r synlighet i m\u00f6rker. Inkluderar flask\u00f6ppnare<\/li>\n<\/ul>\n<p> Tekniska data:<\/p>\n<ul>\n<li> F\u00e4rg: Gr\u00f6n<\/li>\n<li> Material: Plast, Aluminium<\/li>\n<li> Totala dimensioner: 64,5L x 43,5B x 43,5H cm<\/li>\n<li> Inre dimensioner: 28,5L x 26B x 32,5H cm, 28,5L x 18B x 15H cm<\/li>\n<li> Volym: 33 L<\/li>\n<li> Temperaturomr\u00e5de: -20 \u2103 &#8211; 20 \u2103<\/li>\n<li> Sp\u00e4nning: DC 12V\/24V (f\u00f6r bil), AC 100V-240V (f\u00f6r hem)<\/li>\n<li> L\u00e4ngd p\u00e5 likstr\u00f6mskabel: 2,4 m<\/li>\n<li> L\u00e4ngd p\u00e5 v\u00e4xelstr\u00f6msadapter: 2 m<\/li>\n<li> Energieffektivitetsklass: E<\/li>\n<li> B\u00e4rkapacitet: 100 kg<\/li>\n<li> Certifikat: CE<\/li>\n<\/ul>\n<p>Leveransinneh\u00e5ll:<\/p>\n<ul>\n<li> 1 x B\u00e4rbar frys<\/li>\n<li> 1 x Likstr\u00f6mskabel<\/li>\n<li> 1 x V\u00e4xelstr\u00f6msadapter<\/li>\n<li> 1 x Anv\u00e4ndarmanual<\/li>\n<\/ul>\n","protected":false},"excerpt":{"rendered":"<p>Upplev bekv\u00e4mligheten med v\u00e5r termoelektriska kylbox med dubbla lagringszoner och ett gener\u00f6st volym p\u00e5 33 liter. L\u00e4tt att transportera med&#8230;<\/p>\n","protected":false},"featured_media":76524,"template":"","meta":[],"product_brand":[],"product_cat":[871,498,933,1029],"product_tag":[],"class_list":{"0":"post-76533","1":"product","2":"type-product","3":"status-publish","4":"has-post-thumbnail","6":"product_cat-hus-hem","7":"product_cat-hushallsapparater","8":"product_cat-koksapparater","9":"product_cat-minikuhlschranke","11":"first","12":"instock","13":"sale","14":"taxable","15":"shipping-taxable","16":"purchasable","17":"product-type-simple"},"yoast_head":"<!-- This site is optimized with the Yoast SEO plugin v25.4 - https:\/\/yoast.com\/wordpress\/plugins\/seo\/ -->\n<title>TRUUSK 33 Liter Kompressorkylbox - Elektrisk Kylbox med LED-rulle - Tyst Frysfunktion - Termobox - Minikylsk\u00e5p 12\/230 Volt - Gr\u00f6n - TRUUSK - Hem, Tr\u00e4dg\u00e5rd &amp; Fritid<\/title>\n<meta name=\"robots\" content=\"index, follow, max-snippet:-1, max-image-preview:large, max-video-preview:-1\" \/>\n<link rel=\"canonical\" href=\"https:\/\/truusk.store\/sv\/produkt\/truusk-33-liter-kompressorkylbox-elektrisk-kylbox-med-led-rulle-tyst-frysfunktion-termobox-minikylskap-12-230-volt-gron\/\" \/>\n<meta property=\"og:locale\" content=\"sv_SE\" \/>\n<meta property=\"og:type\" content=\"article\" \/>\n<meta property=\"og:title\" content=\"TRUUSK 33 Liter Kompressorkylbox - Elektrisk Kylbox med LED-rulle - Tyst Frysfunktion - Termobox - Minikylsk\u00e5p 12\/230 Volt - Gr\u00f6n - TRUUSK - Hem, Tr\u00e4dg\u00e5rd &amp; Fritid\" \/>\n<meta property=\"og:description\" content=\"Upplev bekv\u00e4mligheten med v\u00e5r termoelektriska kylbox med dubbla lagringszoner och ett gener\u00f6st volym p\u00e5 33 liter. L\u00e4tt att transportera med...\" \/>\n<meta property=\"og:url\" content=\"https:\/\/truusk.store\/sv\/produkt\/truusk-33-liter-kompressorkylbox-elektrisk-kylbox-med-led-rulle-tyst-frysfunktion-termobox-minikylskap-12-230-volt-gron\/\" \/>\n<meta property=\"og:site_name\" content=\"TRUUSK - Hem, Tr\u00e4dg\u00e5rd &amp; Fritid\" \/>\n<meta property=\"article:modified_time\" content=\"2026-03-12T07:43:17+00:00\" \/>\n<meta property=\"og:image\" content=\"https:\/\/i0.wp.com\/truusk.se\/wp-content\/uploads\/2025\/06\/33-liter-kompressorkylbox-elektrisk-kylbox-med-led-rulle-tyst-frysfunktion-termobox-minikylskap-12-230-volt-for-biluttag-lastbil-camping-bat-gron-1.webp?fit=2000%2C2000&ssl=1\" \/>\n\t<meta property=\"og:image:width\" content=\"2000\" \/>\n\t<meta property=\"og:image:height\" content=\"2000\" \/>\n\t<meta property=\"og:image:type\" content=\"image\/webp\" \/>\n<meta name=\"twitter:card\" content=\"summary_large_image\" \/>\n<meta name=\"twitter:label1\" content=\"Ber\u00e4knad l\u00e4stid\" \/>\n\t<meta name=\"twitter:data1\" content=\"1 minut\" \/>\n<!-- \/ Yoast SEO plugin. -->","yoast_head_json":{"title":"TRUUSK 33 Liter Kompressorkylbox - Elektrisk Kylbox med LED-rulle - Tyst Frysfunktion - Termobox - Minikylsk\u00e5p 12\/230 Volt - Gr\u00f6n - TRUUSK - Hem, Tr\u00e4dg\u00e5rd &amp; Fritid","robots":{"index":"index","follow":"follow","max-snippet":"max-snippet:-1","max-image-preview":"max-image-preview:large","max-video-preview":"max-video-preview:-1"},"canonical":"https:\/\/truusk.store\/sv\/produkt\/truusk-33-liter-kompressorkylbox-elektrisk-kylbox-med-led-rulle-tyst-frysfunktion-termobox-minikylskap-12-230-volt-gron\/","og_locale":"sv_SE","og_type":"article","og_title":"TRUUSK 33 Liter Kompressorkylbox - Elektrisk Kylbox med LED-rulle - Tyst Frysfunktion - Termobox - Minikylsk\u00e5p 12\/230 Volt - Gr\u00f6n - TRUUSK - Hem, Tr\u00e4dg\u00e5rd &amp; Fritid","og_description":"Upplev bekv\u00e4mligheten med v\u00e5r termoelektriska kylbox med dubbla lagringszoner och ett gener\u00f6st volym p\u00e5 33 liter. L\u00e4tt att transportera med...","og_url":"https:\/\/truusk.store\/sv\/produkt\/truusk-33-liter-kompressorkylbox-elektrisk-kylbox-med-led-rulle-tyst-frysfunktion-termobox-minikylskap-12-230-volt-gron\/","og_site_name":"TRUUSK - Hem, Tr\u00e4dg\u00e5rd &amp; Fritid","article_modified_time":"2026-03-12T07:43:17+00:00","og_image":[{"width":2000,"height":2000,"url":"https:\/\/i0.wp.com\/truusk.se\/wp-content\/uploads\/2025\/06\/33-liter-kompressorkylbox-elektrisk-kylbox-med-led-rulle-tyst-frysfunktion-termobox-minikylskap-12-230-volt-for-biluttag-lastbil-camping-bat-gron-1.webp?fit=2000%2C2000&ssl=1","type":"image\/webp"}],"twitter_card":"summary_large_image","twitter_misc":{"Ber\u00e4knad l\u00e4stid":"1 minut"},"schema":{"@context":"https:\/\/schema.org","@graph":[{"@type":"WebPage","@id":"https:\/\/truusk.store\/sv\/produkt\/truusk-33-liter-kompressorkylbox-elektrisk-kylbox-med-led-rulle-tyst-frysfunktion-termobox-minikylskap-12-230-volt-gron\/","url":"https:\/\/truusk.store\/sv\/produkt\/truusk-33-liter-kompressorkylbox-elektrisk-kylbox-med-led-rulle-tyst-frysfunktion-termobox-minikylskap-12-230-volt-gron\/","name":"TRUUSK 33 Liter Kompressorkylbox - Elektrisk Kylbox med LED-rulle - Tyst Frysfunktion - Termobox - Minikylsk\u00e5p 12\/230 Volt - Gr\u00f6n - TRUUSK - Hem, Tr\u00e4dg\u00e5rd &amp; Fritid","isPartOf":{"@id":"https:\/\/truusk.store\/sv\/#website"},"primaryImageOfPage":{"@id":"https:\/\/truusk.store\/sv\/produkt\/truusk-33-liter-kompressorkylbox-elektrisk-kylbox-med-led-rulle-tyst-frysfunktion-termobox-minikylskap-12-230-volt-gron\/#primaryimage"},"image":{"@id":"https:\/\/truusk.store\/sv\/produkt\/truusk-33-liter-kompressorkylbox-elektrisk-kylbox-med-led-rulle-tyst-frysfunktion-termobox-minikylskap-12-230-volt-gron\/#primaryimage"},"thumbnailUrl":"https:\/\/i0.wp.com\/truusk.store\/wp-content\/uploads\/2025\/06\/33-liter-kompressorkylbox-elektrisk-kylbox-med-led-rulle-tyst-frysfunktion-termobox-minikylskap-12-230-volt-for-biluttag-lastbil-camping-bat-gron-1.webp?fit=2000%2C2000&ssl=1","datePublished":"2025-06-06T04:38:43+00:00","dateModified":"2026-03-12T07:43:17+00:00","breadcrumb":{"@id":"https:\/\/truusk.store\/sv\/produkt\/truusk-33-liter-kompressorkylbox-elektrisk-kylbox-med-led-rulle-tyst-frysfunktion-termobox-minikylskap-12-230-volt-gron\/#breadcrumb"},"inLanguage":"sv-SE","potentialAction":[{"@type":"ReadAction","target":["https:\/\/truusk.store\/sv\/produkt\/truusk-33-liter-kompressorkylbox-elektrisk-kylbox-med-led-rulle-tyst-frysfunktion-termobox-minikylskap-12-230-volt-gron\/"]}]},{"@type":"ImageObject","inLanguage":"sv-SE","@id":"https:\/\/truusk.store\/sv\/produkt\/truusk-33-liter-kompressorkylbox-elektrisk-kylbox-med-led-rulle-tyst-frysfunktion-termobox-minikylskap-12-230-volt-gron\/#primaryimage","url":"https:\/\/i0.wp.com\/truusk.store\/wp-content\/uploads\/2025\/06\/33-liter-kompressorkylbox-elektrisk-kylbox-med-led-rulle-tyst-frysfunktion-termobox-minikylskap-12-230-volt-for-biluttag-lastbil-camping-bat-gron-1.webp?fit=2000%2C2000&ssl=1","contentUrl":"https:\/\/i0.wp.com\/truusk.store\/wp-content\/uploads\/2025\/06\/33-liter-kompressorkylbox-elektrisk-kylbox-med-led-rulle-tyst-frysfunktion-termobox-minikylskap-12-230-volt-for-biluttag-lastbil-camping-bat-gron-1.webp?fit=2000%2C2000&ssl=1","width":2000,"height":2000},{"@type":"BreadcrumbList","@id":"https:\/\/truusk.store\/sv\/produkt\/truusk-33-liter-kompressorkylbox-elektrisk-kylbox-med-led-rulle-tyst-frysfunktion-termobox-minikylskap-12-230-volt-gron\/#breadcrumb","itemListElement":[{"@type":"ListItem","position":1,"name":"Home","item":"https:\/\/truusk.store\/sv\/"},{"@type":"ListItem","position":2,"name":"Shop","item":"https:\/\/truusk.store\/shop\/"},{"@type":"ListItem","position":3,"name":"TRUUSK 33 Liter Kompressorkylbox &#8211; Elektrisk Kylbox med LED-rulle &#8211; Tyst Frysfunktion &#8211; Termobox &#8211; Minikylsk\u00e5p 12\/230 Volt &#8211; Gr\u00f6n"}]},{"@type":"WebSite","@id":"https:\/\/truusk.store\/sv\/#website","url":"https:\/\/truusk.store\/sv\/","name":"TRUUSK - Hem, Tr\u00e4dg\u00e5rd & Fritid","description":"","publisher":{"@id":"https:\/\/truusk.store\/sv\/#organization"},"potentialAction":[{"@type":"SearchAction","target":{"@type":"EntryPoint","urlTemplate":"https:\/\/truusk.store\/sv\/?s={search_term_string}"},"query-input":{"@type":"PropertyValueSpecification","valueRequired":true,"valueName":"search_term_string"}}],"inLanguage":"sv-SE"},{"@type":"Organization","@id":"https:\/\/truusk.store\/sv\/#organization","name":"TRUUSK - Hem, Tr\u00e4dg\u00e5rd & Fritid","url":"https:\/\/truusk.store\/sv\/","logo":{"@type":"ImageObject","inLanguage":"sv-SE","@id":"https:\/\/truusk.store\/sv\/#\/schema\/logo\/image\/","url":"https:\/\/i0.wp.com\/truusk.store\/wp-content\/uploads\/2026\/03\/cropped-TRUUSK.png?fit=2032%2C917&ssl=1","contentUrl":"https:\/\/i0.wp.com\/truusk.store\/wp-content\/uploads\/2026\/03\/cropped-TRUUSK.png?fit=2032%2C917&ssl=1","width":2032,"height":917,"caption":"TRUUSK - Hem, Tr\u00e4dg\u00e5rd & Fritid"},"image":{"@id":"https:\/\/truusk.store\/sv\/#\/schema\/logo\/image\/"}}]}},"jetpack_sharing_enabled":true,"_links":{"self":[{"href":"https:\/\/truusk.store\/sv\/wp-json\/wp\/v2\/product\/76533","targetHints":{"allow":["GET"]}}],"collection":[{"href":"https:\/\/truusk.store\/sv\/wp-json\/wp\/v2\/product"}],"about":[{"href":"https:\/\/truusk.store\/sv\/wp-json\/wp\/v2\/types\/product"}],"wp:featuredmedia":[{"embeddable":true,"href":"https:\/\/truusk.store\/sv\/wp-json\/wp\/v2\/media\/76524"}],"wp:attachment":[{"href":"https:\/\/truusk.store\/sv\/wp-json\/wp\/v2\/media?parent=76533"}],"wp:term":[{"taxonomy":"product_brand","embeddable":true,"href":"https:\/\/truusk.store\/sv\/wp-json\/wp\/v2\/product_brand?post=76533"},{"taxonomy":"product_cat","embeddable":true,"href":"https:\/\/truusk.store\/sv\/wp-json\/wp\/v2\/product_cat?post=76533"},{"taxonomy":"product_tag","embeddable":true,"href":"https:\/\/truusk.store\/sv\/wp-json\/wp\/v2\/product_tag?post=76533"}],"curies":[{"name":"wp","href":"https:\/\/api.w.org\/{rel}","templated":true}]}}