{"id":76543,"date":"2025-06-06T05:39:48","date_gmt":"2025-06-06T04:39:48","guid":{"rendered":"https:\/\/truusk.store\/product\/tradgardsmobelset-i-polyrattan-med-hornsoffa-bord-kuddar-vaderbestandig-sittgrupp-for-6-personer-utomhus-balkongmobelset-tradgardslounge-terrassmobler-for-tradgard-och-balkong-morkgra\/"},"modified":"2026-03-12T08:42:09","modified_gmt":"2026-03-12T07:42:09","slug":"truusk-tradgardsmobelset-i-polyrattan-hornsoffa-bord-kuddar-vaderbestandig-for-6-personer-utomhusmobler-terrassmobler","status":"publish","type":"product","link":"https:\/\/truusk.store\/sv\/produkt\/truusk-tradgardsmobelset-i-polyrattan-hornsoffa-bord-kuddar-vaderbestandig-for-6-personer-utomhusmobler-terrassmobler\/","title":{"rendered":"TRUUSK Tr\u00e4dg\u00e5rdsm\u00f6belset i Polyrattan &#8211; H\u00f6rnsoffa, Bord, Kuddar &#8211; V\u00e4derbest\u00e4ndig &#8211; F\u00f6r 6 Personer &#8211; Utomhusm\u00f6bler &#8211; Terrassm\u00f6bler"},"content":{"rendered":"<p>G\u00f6r om din tr\u00e4dg\u00e5rd till ett avkopplande paradis med TRUUSK Rattan-tr\u00e4dg\u00e5rdsm\u00f6belset. Det fyrdelade lounge-setet inkluderar en modul\u00e4r h\u00f6rnsoffa och ett stilfullt runt bord, tillverkat av UV-resistent rattan och stabil st\u00e5l. De st\u00e4nks\u00e4kra kuddarna i polyrattan-sittgruppen garanterar bekv\u00e4m komfort och g\u00f6r det till det perfekta till\u00e4gget till dina tr\u00e4dg\u00e5rdsm\u00f6bler f\u00f6r o\u00e4ndlig utomhusfritid.<\/p>\n<p>Beskrivning:<\/p>\n<ul>\n<li> Fyrdelat, modul\u00e4rt Rattan-tr\u00e4dg\u00e5rdsm\u00f6belset f\u00f6r olika kombinationsm\u00f6jligheter<\/li>\n<li> Pulverlackerad st\u00e5lram i polyrattan-loungesetet \u00f6kar h\u00e5llbarheten<\/li>\n<li> Allv\u00e4dersrattan \u00e4r UV-resistent<\/li>\n<li> St\u00e4nks\u00e4kra kuddar \u00e4r l\u00e4tta att underh\u00e5lla<\/li>\n<li> Kudddrag med dragkedja m\u00f6jligg\u00f6r enkel tv\u00e4tt<\/li>\n<li> Stilfullt runt bord kompletterar polyrattan-loungesetet perfekt<\/li>\n<li> F\u00f6r montering kr\u00e4vs tv\u00e5 personer i ungef\u00e4r en timme<\/li>\n<\/ul>\n<p> Tekniska data:<\/p>\n<ul>\n<li> F\u00e4rg: M\u00f6rkgr\u00e5<\/li>\n<li> Material: St\u00e5l, PE-rattan, polyester, skum<\/li>\n<li> Enkelarmsstolstorlek: 116B x 80T x 60,5H cm<\/li>\n<li> H\u00f6rnstolsm\u00e5tt: 80B x 80T x 60,5H cm<\/li>\n<li> Bordstorlek: \u00d860 x 46,5H cm<\/li>\n<li> Sitsstorlek: 109B x 54T x 30H cm (Enkelarmsstol)<\/li>\n<li> Ryggm\u00e5tt: 32L x 109\/65B x 31H cm (H\u00f6rn-\/Enkelarmsstol)<\/li>\n<li> Sitskuddstorlek: 58\/116B x 58T x 8H cm (H\u00f6rn\/Enkelarmsstol)<\/li>\n<li> Ryggkuddstorlek: 60\/48B x 34T x 8H cm (stor\/liten)<\/li>\n<li> B\u00e4rkapacitet: 120 kg (stol), 30 kg (bord)<\/li>\n<\/ul>\n<p>Leveransinneh\u00e5ll:<\/p>\n<ul>\n<li> 3 x Stolar<\/li>\n<li> 1 x Mitbord<\/li>\n<li> 3 x Sitskuddar<\/li>\n<li> 6 x Ryggkuddar<\/li>\n<li> 1 x Handbok<\/li>\n<\/ul>\n","protected":false},"excerpt":{"rendered":"<p>G\u00f6r om din tr\u00e4dg\u00e5rd till ett avkopplande paradis med TRUUSK Rattan-tr\u00e4dg\u00e5rdsm\u00f6belset. Det fyrdelade lounge-setet inkluderar en modul\u00e4r h\u00f6rnsoffa och ett&#8230;<\/p>\n","protected":false},"featured_media":76534,"template":"","meta":[],"product_brand":[],"product_cat":[458,858,450],"product_tag":[],"class_list":{"0":"post-76543","1":"product","2":"type-product","3":"status-publish","4":"has-post-thumbnail","6":"product_cat-loungemobler","7":"product_cat-tradgard-terrass","8":"product_cat-tradgardsmobler","10":"first","11":"instock","12":"sale","13":"taxable","14":"shipping-taxable","15":"purchasable","16":"product-type-simple"},"yoast_head":"<!-- This site is optimized with the Yoast SEO plugin v25.4 - https:\/\/yoast.com\/wordpress\/plugins\/seo\/ -->\n<title>TRUUSK Tr\u00e4dg\u00e5rdsm\u00f6belset i Polyrattan - H\u00f6rnsoffa, Bord, Kuddar - V\u00e4derbest\u00e4ndig - F\u00f6r 6 Personer - Utomhusm\u00f6bler - Terrassm\u00f6bler - TRUUSK - Hem, Tr\u00e4dg\u00e5rd &amp; Fritid<\/title>\n<meta name=\"robots\" content=\"index, follow, max-snippet:-1, max-image-preview:large, max-video-preview:-1\" \/>\n<link rel=\"canonical\" href=\"https:\/\/truusk.store\/sv\/produkt\/truusk-tradgardsmobelset-i-polyrattan-hornsoffa-bord-kuddar-vaderbestandig-for-6-personer-utomhusmobler-terrassmobler\/\" \/>\n<meta property=\"og:locale\" content=\"sv_SE\" \/>\n<meta property=\"og:type\" content=\"article\" \/>\n<meta property=\"og:title\" content=\"TRUUSK Tr\u00e4dg\u00e5rdsm\u00f6belset i Polyrattan - H\u00f6rnsoffa, Bord, Kuddar - V\u00e4derbest\u00e4ndig - F\u00f6r 6 Personer - Utomhusm\u00f6bler - Terrassm\u00f6bler - TRUUSK - Hem, Tr\u00e4dg\u00e5rd &amp; Fritid\" \/>\n<meta property=\"og:description\" content=\"G\u00f6r om din tr\u00e4dg\u00e5rd till ett avkopplande paradis med TRUUSK Rattan-tr\u00e4dg\u00e5rdsm\u00f6belset. Det fyrdelade lounge-setet inkluderar en modul\u00e4r h\u00f6rnsoffa och ett...\" \/>\n<meta property=\"og:url\" content=\"https:\/\/truusk.store\/sv\/produkt\/truusk-tradgardsmobelset-i-polyrattan-hornsoffa-bord-kuddar-vaderbestandig-for-6-personer-utomhusmobler-terrassmobler\/\" \/>\n<meta property=\"og:site_name\" content=\"TRUUSK - Hem, Tr\u00e4dg\u00e5rd &amp; Fritid\" \/>\n<meta property=\"article:modified_time\" content=\"2026-03-12T07:42:09+00:00\" \/>\n<meta property=\"og:image\" content=\"https:\/\/i0.wp.com\/truusk.se\/wp-content\/uploads\/2025\/06\/tradgardsmobelset-i-polyrattan-med-hornsoffa-bord-kuddar-vaderbestandig-sittgrupp-for-6-personer-utomhus-balkongmobelset-tradgardslounge-terrassmobler-for-tradgard-och-balkong-morkgra-1.webp?fit=2000%2C2000&ssl=1\" \/>\n\t<meta property=\"og:image:width\" content=\"2000\" \/>\n\t<meta property=\"og:image:height\" content=\"2000\" \/>\n\t<meta property=\"og:image:type\" content=\"image\/webp\" \/>\n<meta name=\"twitter:card\" content=\"summary_large_image\" \/>\n<meta name=\"twitter:label1\" content=\"Ber\u00e4knad l\u00e4stid\" \/>\n\t<meta name=\"twitter:data1\" content=\"1 minut\" \/>\n<!-- \/ Yoast SEO plugin. -->","yoast_head_json":{"title":"TRUUSK Tr\u00e4dg\u00e5rdsm\u00f6belset i Polyrattan - H\u00f6rnsoffa, Bord, Kuddar - V\u00e4derbest\u00e4ndig - F\u00f6r 6 Personer - Utomhusm\u00f6bler - Terrassm\u00f6bler - TRUUSK - Hem, Tr\u00e4dg\u00e5rd &amp; Fritid","robots":{"index":"index","follow":"follow","max-snippet":"max-snippet:-1","max-image-preview":"max-image-preview:large","max-video-preview":"max-video-preview:-1"},"canonical":"https:\/\/truusk.store\/sv\/produkt\/truusk-tradgardsmobelset-i-polyrattan-hornsoffa-bord-kuddar-vaderbestandig-for-6-personer-utomhusmobler-terrassmobler\/","og_locale":"sv_SE","og_type":"article","og_title":"TRUUSK Tr\u00e4dg\u00e5rdsm\u00f6belset i Polyrattan - H\u00f6rnsoffa, Bord, Kuddar - V\u00e4derbest\u00e4ndig - F\u00f6r 6 Personer - Utomhusm\u00f6bler - Terrassm\u00f6bler - TRUUSK - Hem, Tr\u00e4dg\u00e5rd &amp; Fritid","og_description":"G\u00f6r om din tr\u00e4dg\u00e5rd till ett avkopplande paradis med TRUUSK Rattan-tr\u00e4dg\u00e5rdsm\u00f6belset. Det fyrdelade lounge-setet inkluderar en modul\u00e4r h\u00f6rnsoffa och ett...","og_url":"https:\/\/truusk.store\/sv\/produkt\/truusk-tradgardsmobelset-i-polyrattan-hornsoffa-bord-kuddar-vaderbestandig-for-6-personer-utomhusmobler-terrassmobler\/","og_site_name":"TRUUSK - Hem, Tr\u00e4dg\u00e5rd &amp; Fritid","article_modified_time":"2026-03-12T07:42:09+00:00","og_image":[{"width":2000,"height":2000,"url":"https:\/\/i0.wp.com\/truusk.se\/wp-content\/uploads\/2025\/06\/tradgardsmobelset-i-polyrattan-med-hornsoffa-bord-kuddar-vaderbestandig-sittgrupp-for-6-personer-utomhus-balkongmobelset-tradgardslounge-terrassmobler-for-tradgard-och-balkong-morkgra-1.webp?fit=2000%2C2000&ssl=1","type":"image\/webp"}],"twitter_card":"summary_large_image","twitter_misc":{"Ber\u00e4knad l\u00e4stid":"1 minut"},"schema":{"@context":"https:\/\/schema.org","@graph":[{"@type":"WebPage","@id":"https:\/\/truusk.store\/sv\/produkt\/truusk-tradgardsmobelset-i-polyrattan-hornsoffa-bord-kuddar-vaderbestandig-for-6-personer-utomhusmobler-terrassmobler\/","url":"https:\/\/truusk.store\/sv\/produkt\/truusk-tradgardsmobelset-i-polyrattan-hornsoffa-bord-kuddar-vaderbestandig-for-6-personer-utomhusmobler-terrassmobler\/","name":"TRUUSK Tr\u00e4dg\u00e5rdsm\u00f6belset i Polyrattan - H\u00f6rnsoffa, Bord, Kuddar - V\u00e4derbest\u00e4ndig - F\u00f6r 6 Personer - Utomhusm\u00f6bler - Terrassm\u00f6bler - TRUUSK - Hem, Tr\u00e4dg\u00e5rd &amp; Fritid","isPartOf":{"@id":"https:\/\/truusk.store\/sv\/#website"},"primaryImageOfPage":{"@id":"https:\/\/truusk.store\/sv\/produkt\/truusk-tradgardsmobelset-i-polyrattan-hornsoffa-bord-kuddar-vaderbestandig-for-6-personer-utomhusmobler-terrassmobler\/#primaryimage"},"image":{"@id":"https:\/\/truusk.store\/sv\/produkt\/truusk-tradgardsmobelset-i-polyrattan-hornsoffa-bord-kuddar-vaderbestandig-for-6-personer-utomhusmobler-terrassmobler\/#primaryimage"},"thumbnailUrl":"https:\/\/i0.wp.com\/truusk.store\/wp-content\/uploads\/2025\/06\/tradgardsmobelset-i-polyrattan-med-hornsoffa-bord-kuddar-vaderbestandig-sittgrupp-for-6-personer-utomhus-balkongmobelset-tradgardslounge-terrassmobler-for-tradgard-och-balkong-morkgra-1.webp?fit=2000%2C2000&ssl=1","datePublished":"2025-06-06T04:39:48+00:00","dateModified":"2026-03-12T07:42:09+00:00","breadcrumb":{"@id":"https:\/\/truusk.store\/sv\/produkt\/truusk-tradgardsmobelset-i-polyrattan-hornsoffa-bord-kuddar-vaderbestandig-for-6-personer-utomhusmobler-terrassmobler\/#breadcrumb"},"inLanguage":"sv-SE","potentialAction":[{"@type":"ReadAction","target":["https:\/\/truusk.store\/sv\/produkt\/truusk-tradgardsmobelset-i-polyrattan-hornsoffa-bord-kuddar-vaderbestandig-for-6-personer-utomhusmobler-terrassmobler\/"]}]},{"@type":"ImageObject","inLanguage":"sv-SE","@id":"https:\/\/truusk.store\/sv\/produkt\/truusk-tradgardsmobelset-i-polyrattan-hornsoffa-bord-kuddar-vaderbestandig-for-6-personer-utomhusmobler-terrassmobler\/#primaryimage","url":"https:\/\/i0.wp.com\/truusk.store\/wp-content\/uploads\/2025\/06\/tradgardsmobelset-i-polyrattan-med-hornsoffa-bord-kuddar-vaderbestandig-sittgrupp-for-6-personer-utomhus-balkongmobelset-tradgardslounge-terrassmobler-for-tradgard-och-balkong-morkgra-1.webp?fit=2000%2C2000&ssl=1","contentUrl":"https:\/\/i0.wp.com\/truusk.store\/wp-content\/uploads\/2025\/06\/tradgardsmobelset-i-polyrattan-med-hornsoffa-bord-kuddar-vaderbestandig-sittgrupp-for-6-personer-utomhus-balkongmobelset-tradgardslounge-terrassmobler-for-tradgard-och-balkong-morkgra-1.webp?fit=2000%2C2000&ssl=1","width":2000,"height":2000},{"@type":"BreadcrumbList","@id":"https:\/\/truusk.store\/sv\/produkt\/truusk-tradgardsmobelset-i-polyrattan-hornsoffa-bord-kuddar-vaderbestandig-for-6-personer-utomhusmobler-terrassmobler\/#breadcrumb","itemListElement":[{"@type":"ListItem","position":1,"name":"Home","item":"https:\/\/truusk.store\/sv\/"},{"@type":"ListItem","position":2,"name":"Shop","item":"https:\/\/truusk.store\/shop\/"},{"@type":"ListItem","position":3,"name":"TRUUSK Tr\u00e4dg\u00e5rdsm\u00f6belset i Polyrattan &#8211; H\u00f6rnsoffa, Bord, Kuddar &#8211; V\u00e4derbest\u00e4ndig &#8211; F\u00f6r 6 Personer &#8211; Utomhusm\u00f6bler &#8211; Terrassm\u00f6bler"}]},{"@type":"WebSite","@id":"https:\/\/truusk.store\/sv\/#website","url":"https:\/\/truusk.store\/sv\/","name":"TRUUSK - Hem, Tr\u00e4dg\u00e5rd & Fritid","description":"","publisher":{"@id":"https:\/\/truusk.store\/sv\/#organization"},"potentialAction":[{"@type":"SearchAction","target":{"@type":"EntryPoint","urlTemplate":"https:\/\/truusk.store\/sv\/?s={search_term_string}"},"query-input":{"@type":"PropertyValueSpecification","valueRequired":true,"valueName":"search_term_string"}}],"inLanguage":"sv-SE"},{"@type":"Organization","@id":"https:\/\/truusk.store\/sv\/#organization","name":"TRUUSK - Hem, Tr\u00e4dg\u00e5rd & Fritid","url":"https:\/\/truusk.store\/sv\/","logo":{"@type":"ImageObject","inLanguage":"sv-SE","@id":"https:\/\/truusk.store\/sv\/#\/schema\/logo\/image\/","url":"https:\/\/i0.wp.com\/truusk.store\/wp-content\/uploads\/2026\/03\/cropped-TRUUSK.png?fit=2032%2C917&ssl=1","contentUrl":"https:\/\/i0.wp.com\/truusk.store\/wp-content\/uploads\/2026\/03\/cropped-TRUUSK.png?fit=2032%2C917&ssl=1","width":2032,"height":917,"caption":"TRUUSK - Hem, Tr\u00e4dg\u00e5rd & Fritid"},"image":{"@id":"https:\/\/truusk.store\/sv\/#\/schema\/logo\/image\/"}}]}},"jetpack_sharing_enabled":true,"_links":{"self":[{"href":"https:\/\/truusk.store\/sv\/wp-json\/wp\/v2\/product\/76543","targetHints":{"allow":["GET"]}}],"collection":[{"href":"https:\/\/truusk.store\/sv\/wp-json\/wp\/v2\/product"}],"about":[{"href":"https:\/\/truusk.store\/sv\/wp-json\/wp\/v2\/types\/product"}],"wp:featuredmedia":[{"embeddable":true,"href":"https:\/\/truusk.store\/sv\/wp-json\/wp\/v2\/media\/76534"}],"wp:attachment":[{"href":"https:\/\/truusk.store\/sv\/wp-json\/wp\/v2\/media?parent=76543"}],"wp:term":[{"taxonomy":"product_brand","embeddable":true,"href":"https:\/\/truusk.store\/sv\/wp-json\/wp\/v2\/product_brand?post=76543"},{"taxonomy":"product_cat","embeddable":true,"href":"https:\/\/truusk.store\/sv\/wp-json\/wp\/v2\/product_cat?post=76543"},{"taxonomy":"product_tag","embeddable":true,"href":"https:\/\/truusk.store\/sv\/wp-json\/wp\/v2\/product_tag?post=76543"}],"curies":[{"name":"wp","href":"https:\/\/api.w.org\/{rel}","templated":true}]}}