{"id":76553,"date":"2025-06-06T05:40:50","date_gmt":"2025-06-06T04:40:50","guid":{"rendered":"https:\/\/truusk.store\/product\/badrumsspegel-med-belysning-50x70-cm-led-spegel-vaggspegel-med-bluetooth-musikfunktion-touchbrytare-minnesfunktion-ljusspegel-imfri-med-3-ljusfarger-silver\/"},"modified":"2026-03-12T08:44:49","modified_gmt":"2026-03-12T07:44:49","slug":"truusk-badrumsspegel-med-led-belysning-50x70-cm-bluetooth-musikfunktion-touchbrytare-imfri-3-ljusfarger-silver","status":"publish","type":"product","link":"https:\/\/truusk.store\/sv\/produkt\/truusk-badrumsspegel-med-led-belysning-50x70-cm-bluetooth-musikfunktion-touchbrytare-imfri-3-ljusfarger-silver\/","title":{"rendered":"TRUUSK Badrumsspegel med LED-belysning 50&#215;70 cm &#8211; Bluetooth-musikfunktion &#8211; Touchbrytare &#8211; Imfri &#8211; 3 Ljusf\u00e4rger &#8211; Silver"},"content":{"rendered":"<p>Optimera din morgonrutin med den smarta TRUUSK LED-spegeln! Med justerbar ljusstyrka och tre ljus temperaturer skapar denna badrumsspegel alltid r\u00e4tt st\u00e4mning. Den inbyggda anti-dimma dynan garanterar alltid klar sikt och tack vare Bluetooth spelar spegeln dina favorithits medan du f\u00f6rbereder dig. Mer \u00e4n en spegel: En verklig livsstilsuppgradering.<\/p>\n<p>Beskrivning:<\/p>\n<ul>\n<li> Bluetooth-anslutningen spelar din favoritmusik via v\u00e4ggspegeln<\/li>\n<li> Justerbara f\u00e4rger och ljusstyrka f\u00f6r anpassade belysningsinst\u00e4llningar. Minnesfunktionen erbjuder extra komfort<\/li>\n<li> Anti-dimma funktionen p\u00e5 badrumsspegeln ger klara reflektioner<\/li>\n<li> IP44-klassificering garanterar vatten- och dammt\u00e5lighet<\/li>\n<li> Splitters\u00e4kert s\u00e4kerhetsglas med rundade h\u00f6rn<\/li>\n<li> St\u00f6der v\u00e4ggstr\u00f6mbrytare (ing\u00e5r ej) och touch-brytare med fast kabeldragning<\/li>\n<li> Enkel horisontell v\u00e4ggmontering med medf\u00f6ljande tillbeh\u00f6r<\/li>\n<\/ul>\n<p> Tekniska data:<\/p>\n<ul>\n<li> F\u00e4rg: Silver<\/li>\n<li> Material: H\u00e4rdad glas<\/li>\n<li> Totala dimensioner: 70L x 50B x 3,5T cm<\/li>\n<li> Storlek p\u00e5 anti-dimma dynan: 25L x 20B cm<\/li>\n<li> Effekt: 35W (totalt), 18W (ljus), 10W (dimfri), 1W (Bluetooth), 6W (h\u00f6gtalare)<\/li>\n<li> Lumen: 1380 lm<\/li>\n<li> F\u00e4rgtemperatur: 3000K varmvitt \/ 4500K naturligt \/ 6500K kallvitt<\/li>\n<li> Skyddsklass: IP44<\/li>\n<li> Kabell\u00e4ngd: 0,5 m<\/li>\n<li> Adaptering\u00e5ng: AC 220-240V, 50\/60Hz<\/li>\n<li> Adapterutg\u00e5ng: DC 1,75A, 3A, max. 25W<\/li>\n<\/ul>\n<p>Leveransinneh\u00e5ll:<\/p>\n<ul>\n<li> 1 x Badrumsspegel<\/li>\n<li> 2 x Skruv<\/li>\n<li> 2 x Plugg<\/li>\n<li> 1 x Anslutningsbox<\/li>\n<li> 1 x Bruksanvisning<\/li>\n<\/ul>\n","protected":false},"excerpt":{"rendered":"<p>Optimera din morgonrutin med den smarta TRUUSK LED-spegeln! Med justerbar ljusstyrka och tre ljus temperaturer skapar denna badrumsspegel alltid r\u00e4tt&#8230;<\/p>\n","protected":false},"featured_media":76544,"template":"","meta":[],"product_brand":[],"product_cat":[915,969,871],"product_tag":[],"class_list":{"0":"post-76553","1":"product","2":"type-product","3":"status-publish","4":"has-post-thumbnail","6":"product_cat-badrum","7":"product_cat-badrumsspegel","8":"product_cat-hus-hem","10":"first","11":"instock","12":"sale","13":"taxable","14":"shipping-taxable","15":"purchasable","16":"product-type-simple"},"yoast_head":"<!-- This site is optimized with the Yoast SEO plugin v25.4 - https:\/\/yoast.com\/wordpress\/plugins\/seo\/ -->\n<title>TRUUSK Badrumsspegel med LED-belysning 50x70 cm - Bluetooth-musikfunktion - Touchbrytare - Imfri - 3 Ljusf\u00e4rger - Silver - TRUUSK - Hem, Tr\u00e4dg\u00e5rd &amp; Fritid<\/title>\n<meta name=\"robots\" content=\"index, follow, max-snippet:-1, max-image-preview:large, max-video-preview:-1\" \/>\n<link rel=\"canonical\" href=\"https:\/\/truusk.store\/sv\/produkt\/truusk-badrumsspegel-med-led-belysning-50x70-cm-bluetooth-musikfunktion-touchbrytare-imfri-3-ljusfarger-silver\/\" \/>\n<meta property=\"og:locale\" content=\"sv_SE\" \/>\n<meta property=\"og:type\" content=\"article\" \/>\n<meta property=\"og:title\" content=\"TRUUSK Badrumsspegel med LED-belysning 50x70 cm - Bluetooth-musikfunktion - Touchbrytare - Imfri - 3 Ljusf\u00e4rger - Silver - TRUUSK - Hem, Tr\u00e4dg\u00e5rd &amp; Fritid\" \/>\n<meta property=\"og:description\" content=\"Optimera din morgonrutin med den smarta TRUUSK LED-spegeln! Med justerbar ljusstyrka och tre ljus temperaturer skapar denna badrumsspegel alltid r\u00e4tt...\" \/>\n<meta property=\"og:url\" content=\"https:\/\/truusk.store\/sv\/produkt\/truusk-badrumsspegel-med-led-belysning-50x70-cm-bluetooth-musikfunktion-touchbrytare-imfri-3-ljusfarger-silver\/\" \/>\n<meta property=\"og:site_name\" content=\"TRUUSK - Hem, Tr\u00e4dg\u00e5rd &amp; Fritid\" \/>\n<meta property=\"article:modified_time\" content=\"2026-03-12T07:44:49+00:00\" \/>\n<meta property=\"og:image\" content=\"https:\/\/i0.wp.com\/truusk.se\/wp-content\/uploads\/2025\/06\/badrumsspegel-med-belysning-50x70-cm-led-spegel-vaggspegel-med-bluetooth-musikfunktion-touchbrytare-minnesfunktion-ljusspegel-imfri-med-3-ljusfarger-silver-1.webp?fit=2000%2C2000&ssl=1\" \/>\n\t<meta property=\"og:image:width\" content=\"2000\" \/>\n\t<meta property=\"og:image:height\" content=\"2000\" \/>\n\t<meta property=\"og:image:type\" content=\"image\/webp\" \/>\n<meta name=\"twitter:card\" content=\"summary_large_image\" \/>\n<meta name=\"twitter:label1\" content=\"Ber\u00e4knad l\u00e4stid\" \/>\n\t<meta name=\"twitter:data1\" content=\"1 minut\" \/>\n<!-- \/ Yoast SEO plugin. -->","yoast_head_json":{"title":"TRUUSK Badrumsspegel med LED-belysning 50x70 cm - Bluetooth-musikfunktion - Touchbrytare - Imfri - 3 Ljusf\u00e4rger - Silver - TRUUSK - Hem, Tr\u00e4dg\u00e5rd &amp; Fritid","robots":{"index":"index","follow":"follow","max-snippet":"max-snippet:-1","max-image-preview":"max-image-preview:large","max-video-preview":"max-video-preview:-1"},"canonical":"https:\/\/truusk.store\/sv\/produkt\/truusk-badrumsspegel-med-led-belysning-50x70-cm-bluetooth-musikfunktion-touchbrytare-imfri-3-ljusfarger-silver\/","og_locale":"sv_SE","og_type":"article","og_title":"TRUUSK Badrumsspegel med LED-belysning 50x70 cm - Bluetooth-musikfunktion - Touchbrytare - Imfri - 3 Ljusf\u00e4rger - Silver - TRUUSK - Hem, Tr\u00e4dg\u00e5rd &amp; Fritid","og_description":"Optimera din morgonrutin med den smarta TRUUSK LED-spegeln! Med justerbar ljusstyrka och tre ljus temperaturer skapar denna badrumsspegel alltid r\u00e4tt...","og_url":"https:\/\/truusk.store\/sv\/produkt\/truusk-badrumsspegel-med-led-belysning-50x70-cm-bluetooth-musikfunktion-touchbrytare-imfri-3-ljusfarger-silver\/","og_site_name":"TRUUSK - Hem, Tr\u00e4dg\u00e5rd &amp; Fritid","article_modified_time":"2026-03-12T07:44:49+00:00","og_image":[{"width":2000,"height":2000,"url":"https:\/\/i0.wp.com\/truusk.se\/wp-content\/uploads\/2025\/06\/badrumsspegel-med-belysning-50x70-cm-led-spegel-vaggspegel-med-bluetooth-musikfunktion-touchbrytare-minnesfunktion-ljusspegel-imfri-med-3-ljusfarger-silver-1.webp?fit=2000%2C2000&ssl=1","type":"image\/webp"}],"twitter_card":"summary_large_image","twitter_misc":{"Ber\u00e4knad l\u00e4stid":"1 minut"},"schema":{"@context":"https:\/\/schema.org","@graph":[{"@type":"WebPage","@id":"https:\/\/truusk.store\/sv\/produkt\/truusk-badrumsspegel-med-led-belysning-50x70-cm-bluetooth-musikfunktion-touchbrytare-imfri-3-ljusfarger-silver\/","url":"https:\/\/truusk.store\/sv\/produkt\/truusk-badrumsspegel-med-led-belysning-50x70-cm-bluetooth-musikfunktion-touchbrytare-imfri-3-ljusfarger-silver\/","name":"TRUUSK Badrumsspegel med LED-belysning 50x70 cm - Bluetooth-musikfunktion - Touchbrytare - Imfri - 3 Ljusf\u00e4rger - Silver - TRUUSK - Hem, Tr\u00e4dg\u00e5rd &amp; Fritid","isPartOf":{"@id":"https:\/\/truusk.store\/sv\/#website"},"primaryImageOfPage":{"@id":"https:\/\/truusk.store\/sv\/produkt\/truusk-badrumsspegel-med-led-belysning-50x70-cm-bluetooth-musikfunktion-touchbrytare-imfri-3-ljusfarger-silver\/#primaryimage"},"image":{"@id":"https:\/\/truusk.store\/sv\/produkt\/truusk-badrumsspegel-med-led-belysning-50x70-cm-bluetooth-musikfunktion-touchbrytare-imfri-3-ljusfarger-silver\/#primaryimage"},"thumbnailUrl":"https:\/\/i0.wp.com\/truusk.store\/wp-content\/uploads\/2025\/06\/badrumsspegel-med-belysning-50x70-cm-led-spegel-vaggspegel-med-bluetooth-musikfunktion-touchbrytare-minnesfunktion-ljusspegel-imfri-med-3-ljusfarger-silver-1.webp?fit=2000%2C2000&ssl=1","datePublished":"2025-06-06T04:40:50+00:00","dateModified":"2026-03-12T07:44:49+00:00","breadcrumb":{"@id":"https:\/\/truusk.store\/sv\/produkt\/truusk-badrumsspegel-med-led-belysning-50x70-cm-bluetooth-musikfunktion-touchbrytare-imfri-3-ljusfarger-silver\/#breadcrumb"},"inLanguage":"sv-SE","potentialAction":[{"@type":"ReadAction","target":["https:\/\/truusk.store\/sv\/produkt\/truusk-badrumsspegel-med-led-belysning-50x70-cm-bluetooth-musikfunktion-touchbrytare-imfri-3-ljusfarger-silver\/"]}]},{"@type":"ImageObject","inLanguage":"sv-SE","@id":"https:\/\/truusk.store\/sv\/produkt\/truusk-badrumsspegel-med-led-belysning-50x70-cm-bluetooth-musikfunktion-touchbrytare-imfri-3-ljusfarger-silver\/#primaryimage","url":"https:\/\/i0.wp.com\/truusk.store\/wp-content\/uploads\/2025\/06\/badrumsspegel-med-belysning-50x70-cm-led-spegel-vaggspegel-med-bluetooth-musikfunktion-touchbrytare-minnesfunktion-ljusspegel-imfri-med-3-ljusfarger-silver-1.webp?fit=2000%2C2000&ssl=1","contentUrl":"https:\/\/i0.wp.com\/truusk.store\/wp-content\/uploads\/2025\/06\/badrumsspegel-med-belysning-50x70-cm-led-spegel-vaggspegel-med-bluetooth-musikfunktion-touchbrytare-minnesfunktion-ljusspegel-imfri-med-3-ljusfarger-silver-1.webp?fit=2000%2C2000&ssl=1","width":2000,"height":2000},{"@type":"BreadcrumbList","@id":"https:\/\/truusk.store\/sv\/produkt\/truusk-badrumsspegel-med-led-belysning-50x70-cm-bluetooth-musikfunktion-touchbrytare-imfri-3-ljusfarger-silver\/#breadcrumb","itemListElement":[{"@type":"ListItem","position":1,"name":"Home","item":"https:\/\/truusk.store\/sv\/"},{"@type":"ListItem","position":2,"name":"Shop","item":"https:\/\/truusk.store\/shop\/"},{"@type":"ListItem","position":3,"name":"TRUUSK Badrumsspegel med LED-belysning 50&#215;70 cm &#8211; Bluetooth-musikfunktion &#8211; Touchbrytare &#8211; Imfri &#8211; 3 Ljusf\u00e4rger &#8211; Silver"}]},{"@type":"WebSite","@id":"https:\/\/truusk.store\/sv\/#website","url":"https:\/\/truusk.store\/sv\/","name":"TRUUSK - Hem, Tr\u00e4dg\u00e5rd & Fritid","description":"","publisher":{"@id":"https:\/\/truusk.store\/sv\/#organization"},"potentialAction":[{"@type":"SearchAction","target":{"@type":"EntryPoint","urlTemplate":"https:\/\/truusk.store\/sv\/?s={search_term_string}"},"query-input":{"@type":"PropertyValueSpecification","valueRequired":true,"valueName":"search_term_string"}}],"inLanguage":"sv-SE"},{"@type":"Organization","@id":"https:\/\/truusk.store\/sv\/#organization","name":"TRUUSK - Hem, Tr\u00e4dg\u00e5rd & Fritid","url":"https:\/\/truusk.store\/sv\/","logo":{"@type":"ImageObject","inLanguage":"sv-SE","@id":"https:\/\/truusk.store\/sv\/#\/schema\/logo\/image\/","url":"https:\/\/i0.wp.com\/truusk.store\/wp-content\/uploads\/2026\/03\/cropped-TRUUSK.png?fit=2032%2C917&ssl=1","contentUrl":"https:\/\/i0.wp.com\/truusk.store\/wp-content\/uploads\/2026\/03\/cropped-TRUUSK.png?fit=2032%2C917&ssl=1","width":2032,"height":917,"caption":"TRUUSK - Hem, Tr\u00e4dg\u00e5rd & Fritid"},"image":{"@id":"https:\/\/truusk.store\/sv\/#\/schema\/logo\/image\/"}}]}},"jetpack_sharing_enabled":true,"_links":{"self":[{"href":"https:\/\/truusk.store\/sv\/wp-json\/wp\/v2\/product\/76553","targetHints":{"allow":["GET"]}}],"collection":[{"href":"https:\/\/truusk.store\/sv\/wp-json\/wp\/v2\/product"}],"about":[{"href":"https:\/\/truusk.store\/sv\/wp-json\/wp\/v2\/types\/product"}],"wp:featuredmedia":[{"embeddable":true,"href":"https:\/\/truusk.store\/sv\/wp-json\/wp\/v2\/media\/76544"}],"wp:attachment":[{"href":"https:\/\/truusk.store\/sv\/wp-json\/wp\/v2\/media?parent=76553"}],"wp:term":[{"taxonomy":"product_brand","embeddable":true,"href":"https:\/\/truusk.store\/sv\/wp-json\/wp\/v2\/product_brand?post=76553"},{"taxonomy":"product_cat","embeddable":true,"href":"https:\/\/truusk.store\/sv\/wp-json\/wp\/v2\/product_cat?post=76553"},{"taxonomy":"product_tag","embeddable":true,"href":"https:\/\/truusk.store\/sv\/wp-json\/wp\/v2\/product_tag?post=76553"}],"curies":[{"name":"wp","href":"https:\/\/api.w.org\/{rel}","templated":true}]}}