{"id":76573,"date":"2025-06-06T05:42:43","date_gmt":"2025-06-06T04:42:43","guid":{"rendered":"https:\/\/truusk.store\/product\/takflakt-med-belysning-fjarrkontroll-led-flakt-taklampa-dimbar-med-rgb-farg-6-hastigheter-40-w-lampa-med-flakt-timer-omvandbar-for-sovrum-natur-50-cm\/"},"modified":"2026-03-12T08:42:55","modified_gmt":"2026-03-12T07:42:55","slug":"truusk-takflakt-med-belysning-och-fjarrkontroll-dimbar-led-flakt-rgb-farg-6-hastigheter-40-w-lampa-timer-omvandbar","status":"publish","type":"product","link":"https:\/\/truusk.store\/sv\/produkt\/truusk-takflakt-med-belysning-och-fjarrkontroll-dimbar-led-flakt-rgb-farg-6-hastigheter-40-w-lampa-timer-omvandbar\/","title":{"rendered":"TRUUSK Takfl\u00e4kt Med Belysning och Fj\u00e4rrkontroll &#8211; Dimbar LED Fl\u00e4kt &#8211; RGB-f\u00e4rg &#8211; 6 Hastigheter &#8211; 40 W Lampa &#8211; Timer &#8211; Omv\u00e4ndbar &#8211;"},"content":{"rendered":"<p>Upplev den dynamiska m\u00e5ngsidigheten hos TRUUSK takfl\u00e4kt med belysning! V\u00e4lj mellan varma eller kalla vita nyanser, alla anpassningsbara f\u00f6r perfekt atmosf\u00e4r, och spara energi tack vare det effektiva LED-systemet. F\u00e5 individuellt justerbara luftdrag genom den kraftfulla koppar-DC-motorn med sex hastighetsniv\u00e5er. Styr ljus och fl\u00e4kt bekv\u00e4mt med den medf\u00f6ljande fj\u00e4rrkontrollen. Ett elegant och smart val f\u00f6r alla milj\u00f6er!<\/p>\n<p>Beskrivning:<\/p>\n<ul>\n<li> Sk\u00e4rm av ektr\u00e4 f\u00f6r en naturlig f\u00e4rgton<\/li>\n<li> Kallvitt\/vitt\/varmvitt ljus och justerbar ljusstyrka, f\u00f6r olika belysningskrav<\/li>\n<li> Energisn\u00e5l LED-lampa med en livsl\u00e4ngd p\u00e5 25 000 timmar<\/li>\n<li> Kraftfull kopparmotor ger en robust och tyst luftstr\u00f6m<\/li>\n<li> Sex hastighetsniv\u00e5er, inklusive bris-l\u00e4ge, f\u00f6r optimal komfort<\/li>\n<li> Omv\u00e4ndbar motor i takfl\u00e4kten med ljus \u00f6kar komforten i alla \u00e5rstider<\/li>\n<li> 2\/4-timmars timer p\u00e5 lampan med fl\u00e4kt f\u00f6r energibesparing och bekv\u00e4mlighet<\/li>\n<li> Fj\u00e4rrkontroll ing\u00e5r. Separata kontroller f\u00f6r fl\u00e4kt och ljus \u00f6kar anv\u00e4ndarv\u00e4nligheten<\/li>\n<li> Snabb 10-minuters montering kr\u00e4vs<\/li>\n<\/ul>\n<p> Tekniska data:<\/p>\n<ul>\n<li> F\u00e4rg: Naturtr\u00e4<\/li>\n<li> Ljusf\u00e4rg: Vit<\/li>\n<li> Material: Plast, ektr\u00e4<\/li>\n<li> Totala dimensioner: \u00d850 x 22,5H cm<\/li>\n<li> Ljudniv\u00e5: 50 dB<\/li>\n<li> Ljusstyrka: 0-2700 lumen<\/li>\n<li> Livsl\u00e4ngd: 25 000 timmar<\/li>\n<li> F\u00e4rgtemperatur: 3000\/4000\/6000K<\/li>\n<li> Utbytbar ljusk\u00e4lla: Ja<\/li>\n<li> R\u00e4ckvidd f\u00f6r fj\u00e4rrkontroll: 10 m<\/li>\n<li> Kabell\u00e4ngd: 30 cm<\/li>\n<li> Sp\u00e4nning: 220-240V\/50Hz<\/li>\n<li> Effekt: 40 W<\/li>\n<li> Obs: Anslutning via kabel. Professionell installation kr\u00e4vs, monteringsdetaljer ing\u00e5r<\/li>\n<\/ul>\n<p>Leveransinneh\u00e5ll:<\/p>\n<ul>\n<li> 1 x Takfl\u00e4kt med ljus<\/li>\n<li> 1 x Fj\u00e4rrkontroll<\/li>\n<li> 1 x Monteringssats<\/li>\n<li> 1 x Bruksanvisning<\/li>\n<\/ul>\n","protected":false},"excerpt":{"rendered":"<p>Upplev den dynamiska m\u00e5ngsidigheten hos TRUUSK takfl\u00e4kt med belysning! V\u00e4lj mellan varma eller kalla vita nyanser, alla anpassningsbara f\u00f6r perfekt&#8230;<\/p>\n","protected":false},"featured_media":76564,"template":"","meta":[],"product_brand":[],"product_cat":[867,906,905],"product_tag":[],"class_list":{"0":"post-76573","1":"product","2":"type-product","3":"status-publish","4":"has-post-thumbnail","6":"product_cat-byggmarknad","7":"product_cat-flaktar-luftkonditionering","8":"product_cat-klimatkontroll-flaktar","10":"first","11":"instock","12":"sale","13":"taxable","14":"shipping-taxable","15":"purchasable","16":"product-type-simple"},"yoast_head":"<!-- This site is optimized with the Yoast SEO plugin v25.4 - https:\/\/yoast.com\/wordpress\/plugins\/seo\/ -->\n<title>TRUUSK Takfl\u00e4kt Med Belysning och Fj\u00e4rrkontroll - Dimbar LED Fl\u00e4kt - RGB-f\u00e4rg - 6 Hastigheter - 40 W Lampa - Timer - Omv\u00e4ndbar - TRUUSK - Hem, Tr\u00e4dg\u00e5rd &amp; Fritid<\/title>\n<meta name=\"robots\" content=\"index, follow, max-snippet:-1, max-image-preview:large, max-video-preview:-1\" \/>\n<link rel=\"canonical\" href=\"https:\/\/truusk.store\/sv\/produkt\/truusk-takflakt-med-belysning-och-fjarrkontroll-dimbar-led-flakt-rgb-farg-6-hastigheter-40-w-lampa-timer-omvandbar\/\" \/>\n<meta property=\"og:locale\" content=\"sv_SE\" \/>\n<meta property=\"og:type\" content=\"article\" \/>\n<meta property=\"og:title\" content=\"TRUUSK Takfl\u00e4kt Med Belysning och Fj\u00e4rrkontroll - Dimbar LED Fl\u00e4kt - RGB-f\u00e4rg - 6 Hastigheter - 40 W Lampa - Timer - Omv\u00e4ndbar - TRUUSK - Hem, Tr\u00e4dg\u00e5rd &amp; Fritid\" \/>\n<meta property=\"og:description\" content=\"Upplev den dynamiska m\u00e5ngsidigheten hos TRUUSK takfl\u00e4kt med belysning! V\u00e4lj mellan varma eller kalla vita nyanser, alla anpassningsbara f\u00f6r perfekt...\" \/>\n<meta property=\"og:url\" content=\"https:\/\/truusk.store\/sv\/produkt\/truusk-takflakt-med-belysning-och-fjarrkontroll-dimbar-led-flakt-rgb-farg-6-hastigheter-40-w-lampa-timer-omvandbar\/\" \/>\n<meta property=\"og:site_name\" content=\"TRUUSK - Hem, Tr\u00e4dg\u00e5rd &amp; Fritid\" \/>\n<meta property=\"article:modified_time\" content=\"2026-03-12T07:42:55+00:00\" \/>\n<meta property=\"og:image\" content=\"https:\/\/i0.wp.com\/truusk.se\/wp-content\/uploads\/2025\/06\/takflakt-med-belysning-fjarrkontroll-led-flakt-taklampa-dimbar-med-rgb-farg-6-hastigheter-40-w-lampa-med-flakt-timer-omvandbar-for-sovrum-natur-50-cm-1.webp?fit=2000%2C2000&ssl=1\" \/>\n\t<meta property=\"og:image:width\" content=\"2000\" \/>\n\t<meta property=\"og:image:height\" content=\"2000\" \/>\n\t<meta property=\"og:image:type\" content=\"image\/webp\" \/>\n<meta name=\"twitter:card\" content=\"summary_large_image\" \/>\n<meta name=\"twitter:label1\" content=\"Ber\u00e4knad l\u00e4stid\" \/>\n\t<meta name=\"twitter:data1\" content=\"1 minut\" \/>\n<!-- \/ Yoast SEO plugin. -->","yoast_head_json":{"title":"TRUUSK Takfl\u00e4kt Med Belysning och Fj\u00e4rrkontroll - Dimbar LED Fl\u00e4kt - RGB-f\u00e4rg - 6 Hastigheter - 40 W Lampa - Timer - Omv\u00e4ndbar - TRUUSK - Hem, Tr\u00e4dg\u00e5rd &amp; Fritid","robots":{"index":"index","follow":"follow","max-snippet":"max-snippet:-1","max-image-preview":"max-image-preview:large","max-video-preview":"max-video-preview:-1"},"canonical":"https:\/\/truusk.store\/sv\/produkt\/truusk-takflakt-med-belysning-och-fjarrkontroll-dimbar-led-flakt-rgb-farg-6-hastigheter-40-w-lampa-timer-omvandbar\/","og_locale":"sv_SE","og_type":"article","og_title":"TRUUSK Takfl\u00e4kt Med Belysning och Fj\u00e4rrkontroll - Dimbar LED Fl\u00e4kt - RGB-f\u00e4rg - 6 Hastigheter - 40 W Lampa - Timer - Omv\u00e4ndbar - TRUUSK - Hem, Tr\u00e4dg\u00e5rd &amp; Fritid","og_description":"Upplev den dynamiska m\u00e5ngsidigheten hos TRUUSK takfl\u00e4kt med belysning! V\u00e4lj mellan varma eller kalla vita nyanser, alla anpassningsbara f\u00f6r perfekt...","og_url":"https:\/\/truusk.store\/sv\/produkt\/truusk-takflakt-med-belysning-och-fjarrkontroll-dimbar-led-flakt-rgb-farg-6-hastigheter-40-w-lampa-timer-omvandbar\/","og_site_name":"TRUUSK - Hem, Tr\u00e4dg\u00e5rd &amp; Fritid","article_modified_time":"2026-03-12T07:42:55+00:00","og_image":[{"width":2000,"height":2000,"url":"https:\/\/i0.wp.com\/truusk.se\/wp-content\/uploads\/2025\/06\/takflakt-med-belysning-fjarrkontroll-led-flakt-taklampa-dimbar-med-rgb-farg-6-hastigheter-40-w-lampa-med-flakt-timer-omvandbar-for-sovrum-natur-50-cm-1.webp?fit=2000%2C2000&ssl=1","type":"image\/webp"}],"twitter_card":"summary_large_image","twitter_misc":{"Ber\u00e4knad l\u00e4stid":"1 minut"},"schema":{"@context":"https:\/\/schema.org","@graph":[{"@type":"WebPage","@id":"https:\/\/truusk.store\/sv\/produkt\/truusk-takflakt-med-belysning-och-fjarrkontroll-dimbar-led-flakt-rgb-farg-6-hastigheter-40-w-lampa-timer-omvandbar\/","url":"https:\/\/truusk.store\/sv\/produkt\/truusk-takflakt-med-belysning-och-fjarrkontroll-dimbar-led-flakt-rgb-farg-6-hastigheter-40-w-lampa-timer-omvandbar\/","name":"TRUUSK Takfl\u00e4kt Med Belysning och Fj\u00e4rrkontroll - Dimbar LED Fl\u00e4kt - RGB-f\u00e4rg - 6 Hastigheter - 40 W Lampa - Timer - Omv\u00e4ndbar - TRUUSK - Hem, Tr\u00e4dg\u00e5rd &amp; Fritid","isPartOf":{"@id":"https:\/\/truusk.store\/sv\/#website"},"primaryImageOfPage":{"@id":"https:\/\/truusk.store\/sv\/produkt\/truusk-takflakt-med-belysning-och-fjarrkontroll-dimbar-led-flakt-rgb-farg-6-hastigheter-40-w-lampa-timer-omvandbar\/#primaryimage"},"image":{"@id":"https:\/\/truusk.store\/sv\/produkt\/truusk-takflakt-med-belysning-och-fjarrkontroll-dimbar-led-flakt-rgb-farg-6-hastigheter-40-w-lampa-timer-omvandbar\/#primaryimage"},"thumbnailUrl":"https:\/\/i0.wp.com\/truusk.store\/wp-content\/uploads\/2025\/06\/takflakt-med-belysning-fjarrkontroll-led-flakt-taklampa-dimbar-med-rgb-farg-6-hastigheter-40-w-lampa-med-flakt-timer-omvandbar-for-sovrum-natur-50-cm-1.webp?fit=2000%2C2000&ssl=1","datePublished":"2025-06-06T04:42:43+00:00","dateModified":"2026-03-12T07:42:55+00:00","breadcrumb":{"@id":"https:\/\/truusk.store\/sv\/produkt\/truusk-takflakt-med-belysning-och-fjarrkontroll-dimbar-led-flakt-rgb-farg-6-hastigheter-40-w-lampa-timer-omvandbar\/#breadcrumb"},"inLanguage":"sv-SE","potentialAction":[{"@type":"ReadAction","target":["https:\/\/truusk.store\/sv\/produkt\/truusk-takflakt-med-belysning-och-fjarrkontroll-dimbar-led-flakt-rgb-farg-6-hastigheter-40-w-lampa-timer-omvandbar\/"]}]},{"@type":"ImageObject","inLanguage":"sv-SE","@id":"https:\/\/truusk.store\/sv\/produkt\/truusk-takflakt-med-belysning-och-fjarrkontroll-dimbar-led-flakt-rgb-farg-6-hastigheter-40-w-lampa-timer-omvandbar\/#primaryimage","url":"https:\/\/i0.wp.com\/truusk.store\/wp-content\/uploads\/2025\/06\/takflakt-med-belysning-fjarrkontroll-led-flakt-taklampa-dimbar-med-rgb-farg-6-hastigheter-40-w-lampa-med-flakt-timer-omvandbar-for-sovrum-natur-50-cm-1.webp?fit=2000%2C2000&ssl=1","contentUrl":"https:\/\/i0.wp.com\/truusk.store\/wp-content\/uploads\/2025\/06\/takflakt-med-belysning-fjarrkontroll-led-flakt-taklampa-dimbar-med-rgb-farg-6-hastigheter-40-w-lampa-med-flakt-timer-omvandbar-for-sovrum-natur-50-cm-1.webp?fit=2000%2C2000&ssl=1","width":2000,"height":2000},{"@type":"BreadcrumbList","@id":"https:\/\/truusk.store\/sv\/produkt\/truusk-takflakt-med-belysning-och-fjarrkontroll-dimbar-led-flakt-rgb-farg-6-hastigheter-40-w-lampa-timer-omvandbar\/#breadcrumb","itemListElement":[{"@type":"ListItem","position":1,"name":"Home","item":"https:\/\/truusk.store\/sv\/"},{"@type":"ListItem","position":2,"name":"Shop","item":"https:\/\/truusk.store\/shop\/"},{"@type":"ListItem","position":3,"name":"TRUUSK Takfl\u00e4kt Med Belysning och Fj\u00e4rrkontroll &#8211; Dimbar LED Fl\u00e4kt &#8211; RGB-f\u00e4rg &#8211; 6 Hastigheter &#8211; 40 W Lampa &#8211; Timer &#8211; Omv\u00e4ndbar &#8211;"}]},{"@type":"WebSite","@id":"https:\/\/truusk.store\/sv\/#website","url":"https:\/\/truusk.store\/sv\/","name":"TRUUSK - Hem, Tr\u00e4dg\u00e5rd & Fritid","description":"","publisher":{"@id":"https:\/\/truusk.store\/sv\/#organization"},"potentialAction":[{"@type":"SearchAction","target":{"@type":"EntryPoint","urlTemplate":"https:\/\/truusk.store\/sv\/?s={search_term_string}"},"query-input":{"@type":"PropertyValueSpecification","valueRequired":true,"valueName":"search_term_string"}}],"inLanguage":"sv-SE"},{"@type":"Organization","@id":"https:\/\/truusk.store\/sv\/#organization","name":"TRUUSK - Hem, Tr\u00e4dg\u00e5rd & Fritid","url":"https:\/\/truusk.store\/sv\/","logo":{"@type":"ImageObject","inLanguage":"sv-SE","@id":"https:\/\/truusk.store\/sv\/#\/schema\/logo\/image\/","url":"https:\/\/i0.wp.com\/truusk.store\/wp-content\/uploads\/2026\/03\/cropped-TRUUSK.png?fit=2032%2C917&ssl=1","contentUrl":"https:\/\/i0.wp.com\/truusk.store\/wp-content\/uploads\/2026\/03\/cropped-TRUUSK.png?fit=2032%2C917&ssl=1","width":2032,"height":917,"caption":"TRUUSK - Hem, Tr\u00e4dg\u00e5rd & Fritid"},"image":{"@id":"https:\/\/truusk.store\/sv\/#\/schema\/logo\/image\/"}}]}},"jetpack_sharing_enabled":true,"_links":{"self":[{"href":"https:\/\/truusk.store\/sv\/wp-json\/wp\/v2\/product\/76573","targetHints":{"allow":["GET"]}}],"collection":[{"href":"https:\/\/truusk.store\/sv\/wp-json\/wp\/v2\/product"}],"about":[{"href":"https:\/\/truusk.store\/sv\/wp-json\/wp\/v2\/types\/product"}],"wp:featuredmedia":[{"embeddable":true,"href":"https:\/\/truusk.store\/sv\/wp-json\/wp\/v2\/media\/76564"}],"wp:attachment":[{"href":"https:\/\/truusk.store\/sv\/wp-json\/wp\/v2\/media?parent=76573"}],"wp:term":[{"taxonomy":"product_brand","embeddable":true,"href":"https:\/\/truusk.store\/sv\/wp-json\/wp\/v2\/product_brand?post=76573"},{"taxonomy":"product_cat","embeddable":true,"href":"https:\/\/truusk.store\/sv\/wp-json\/wp\/v2\/product_cat?post=76573"},{"taxonomy":"product_tag","embeddable":true,"href":"https:\/\/truusk.store\/sv\/wp-json\/wp\/v2\/product_tag?post=76573"}],"curies":[{"name":"wp","href":"https:\/\/api.w.org\/{rel}","templated":true}]}}