{"id":76583,"date":"2025-06-06T05:43:42","date_gmt":"2025-06-06T04:43:42","guid":{"rendered":"https:\/\/truusk.store\/product\/2-pack-hopfallbara-campingstolar-med-dryckeshallare-natbaksida-barvaska-hopfallbar-fiskestol-utomhus-fiskesits-upp-till-120-kg-tradgardsstol-for-tradgard-strand\/"},"modified":"2026-03-12T08:43:18","modified_gmt":"2026-03-12T07:43:18","slug":"truusk-2-pack-hopfallbara-campingstolar-dryckeshallare-natbaksida-barvaska-fiskesits-upp-till-120-kg-tradgardsstol","status":"publish","type":"product","link":"https:\/\/truusk.store\/sv\/produkt\/truusk-2-pack-hopfallbara-campingstolar-dryckeshallare-natbaksida-barvaska-fiskesits-upp-till-120-kg-tradgardsstol\/","title":{"rendered":"TRUUSK 2-pack Hopf\u00e4llbara Campingstolar &#8211; Dryckesh\u00e5llare &#8211; N\u00e4tbaksida &#8211; B\u00e4rv\u00e4ska &#8211; Fiskesits Upp Till 120 Kg &#8211; Tr\u00e4dg\u00e5rdsstol &#8211;"},"content":{"rendered":"<p>Upplev anstr\u00e4ngningsl\u00f6s avkoppling utomhus med TRUUSK campingstrandstolsset f\u00f6r tv\u00e5. Denna l\u00e4tta, b\u00e4rbara f\u00e4llstol v\u00e4ger bara 2,7 kg och kommer med en praktisk b\u00e4rp\u00e5se. Som en hopf\u00e4llbar campingstol erbjuder den en n\u00e4tbaksida f\u00f6r sval komfort och skumvadderade armst\u00f6d mot metallens v\u00e4rme, inklusive inbyggd mugg-h\u00e5llare.<\/p>\n<p>Beskrivning:<\/p>\n<ul>\n<li> L\u00e4tta campingstolar i 2-pack inklusive b\u00e4rp\u00e5se f\u00f6r enkel transport<\/li>\n<li> N\u00e4tbaksidan p\u00e5 campingstolen ger sval och bekv\u00e4m sittkomfort<\/li>\n<li> Skumvadderade armst\u00f6d skyddar mot br\u00e4nnskador fr\u00e5n varmt metall<\/li>\n<li> Dryckesh\u00e5llaren p\u00e5 f\u00e4llstolen f\u00f6r bekv\u00e4m \u00e5tkomst till drycker<\/li>\n<li> Tillverkad av slitstarkt 600D Oxford-tyg f\u00f6r h\u00e5llbarhet<\/li>\n<li> Stabilt metallram och halkfria fotdynor \u00f6kar s\u00e4kerheten<\/li>\n<li> L\u00e4mplig f\u00f6r str\u00e4nder, camping, konserter och andra utomhusaktiviteter<\/li>\n<li> Ingen montering kr\u00e4vs<\/li>\n<\/ul>\n<p> Tekniska data:<\/p>\n<ul>\n<li> F\u00e4rg: Bl\u00e5<\/li>\n<li> Material: Oxfordtyg, Metall<\/li>\n<li> Totala dimensioner: 70L x 58B x 79H cm<\/li>\n<li> Vikta dimensioner: 92L x 14B x 15H cm<\/li>\n<li> Sitsstorlek: 52B x 35T cm<\/li>\n<li> Ryggm\u00e5tt: 52B x 65H cm<\/li>\n<li> B\u00e4rkapacitet: 120 kg<\/li>\n<\/ul>\n<p>Leveransinneh\u00e5ll:<\/p>\n<ul>\n<li> 2 x Hopf\u00e4llbar strandstol<\/li>\n<li> 2 x B\u00e4rp\u00e5se<\/li>\n<\/ul>\n","protected":false},"excerpt":{"rendered":"<p>Upplev anstr\u00e4ngningsl\u00f6s avkoppling utomhus med TRUUSK campingstrandstolsset f\u00f6r tv\u00e5. Denna l\u00e4tta, b\u00e4rbara f\u00e4llstol v\u00e4ger bara 2,7 kg och kommer med&#8230;<\/p>\n","protected":false},"featured_media":76574,"template":"","meta":[],"product_brand":[],"product_cat":[648,461,647],"product_tag":[],"class_list":{"0":"post-76583","1":"product","2":"type-product","3":"status-publish","4":"has-post-thumbnail","6":"product_cat-camping-tillbehor","7":"product_cat-camping-stolar","8":"product_cat-sport-fritid","10":"first","11":"instock","12":"sale","13":"taxable","14":"shipping-taxable","15":"purchasable","16":"product-type-simple"},"yoast_head":"<!-- This site is optimized with the Yoast SEO plugin v25.4 - https:\/\/yoast.com\/wordpress\/plugins\/seo\/ -->\n<title>TRUUSK 2-pack Hopf\u00e4llbara Campingstolar - Dryckesh\u00e5llare - N\u00e4tbaksida - B\u00e4rv\u00e4ska - Fiskesits Upp Till 120 Kg - Tr\u00e4dg\u00e5rdsstol - TRUUSK - Hem, Tr\u00e4dg\u00e5rd &amp; Fritid<\/title>\n<meta name=\"robots\" content=\"index, follow, max-snippet:-1, max-image-preview:large, max-video-preview:-1\" \/>\n<link rel=\"canonical\" href=\"https:\/\/truusk.store\/sv\/produkt\/truusk-2-pack-hopfallbara-campingstolar-dryckeshallare-natbaksida-barvaska-fiskesits-upp-till-120-kg-tradgardsstol\/\" \/>\n<meta property=\"og:locale\" content=\"sv_SE\" \/>\n<meta property=\"og:type\" content=\"article\" \/>\n<meta property=\"og:title\" content=\"TRUUSK 2-pack Hopf\u00e4llbara Campingstolar - Dryckesh\u00e5llare - N\u00e4tbaksida - B\u00e4rv\u00e4ska - Fiskesits Upp Till 120 Kg - Tr\u00e4dg\u00e5rdsstol - TRUUSK - Hem, Tr\u00e4dg\u00e5rd &amp; Fritid\" \/>\n<meta property=\"og:description\" content=\"Upplev anstr\u00e4ngningsl\u00f6s avkoppling utomhus med TRUUSK campingstrandstolsset f\u00f6r tv\u00e5. Denna l\u00e4tta, b\u00e4rbara f\u00e4llstol v\u00e4ger bara 2,7 kg och kommer med...\" \/>\n<meta property=\"og:url\" content=\"https:\/\/truusk.store\/sv\/produkt\/truusk-2-pack-hopfallbara-campingstolar-dryckeshallare-natbaksida-barvaska-fiskesits-upp-till-120-kg-tradgardsstol\/\" \/>\n<meta property=\"og:site_name\" content=\"TRUUSK - Hem, Tr\u00e4dg\u00e5rd &amp; Fritid\" \/>\n<meta property=\"article:modified_time\" content=\"2026-03-12T07:43:18+00:00\" \/>\n<meta property=\"og:image\" content=\"https:\/\/i0.wp.com\/truusk.se\/wp-content\/uploads\/2025\/06\/2-pack-hopfallbara-campingstolar-med-dryckeshallare-natbaksida-barvaska-hopfallbar-fiskestol-utomhus-fiskesits-upp-till-120-kg-tradgardsstol-for-tradgard-strand-1.webp?fit=2000%2C2000&ssl=1\" \/>\n\t<meta property=\"og:image:width\" content=\"2000\" \/>\n\t<meta property=\"og:image:height\" content=\"2000\" \/>\n\t<meta property=\"og:image:type\" content=\"image\/webp\" \/>\n<meta name=\"twitter:card\" content=\"summary_large_image\" \/>\n<meta name=\"twitter:label1\" content=\"Ber\u00e4knad l\u00e4stid\" \/>\n\t<meta name=\"twitter:data1\" content=\"1 minut\" \/>\n<!-- \/ Yoast SEO plugin. -->","yoast_head_json":{"title":"TRUUSK 2-pack Hopf\u00e4llbara Campingstolar - Dryckesh\u00e5llare - N\u00e4tbaksida - B\u00e4rv\u00e4ska - Fiskesits Upp Till 120 Kg - Tr\u00e4dg\u00e5rdsstol - TRUUSK - Hem, Tr\u00e4dg\u00e5rd &amp; Fritid","robots":{"index":"index","follow":"follow","max-snippet":"max-snippet:-1","max-image-preview":"max-image-preview:large","max-video-preview":"max-video-preview:-1"},"canonical":"https:\/\/truusk.store\/sv\/produkt\/truusk-2-pack-hopfallbara-campingstolar-dryckeshallare-natbaksida-barvaska-fiskesits-upp-till-120-kg-tradgardsstol\/","og_locale":"sv_SE","og_type":"article","og_title":"TRUUSK 2-pack Hopf\u00e4llbara Campingstolar - Dryckesh\u00e5llare - N\u00e4tbaksida - B\u00e4rv\u00e4ska - Fiskesits Upp Till 120 Kg - Tr\u00e4dg\u00e5rdsstol - TRUUSK - Hem, Tr\u00e4dg\u00e5rd &amp; Fritid","og_description":"Upplev anstr\u00e4ngningsl\u00f6s avkoppling utomhus med TRUUSK campingstrandstolsset f\u00f6r tv\u00e5. Denna l\u00e4tta, b\u00e4rbara f\u00e4llstol v\u00e4ger bara 2,7 kg och kommer med...","og_url":"https:\/\/truusk.store\/sv\/produkt\/truusk-2-pack-hopfallbara-campingstolar-dryckeshallare-natbaksida-barvaska-fiskesits-upp-till-120-kg-tradgardsstol\/","og_site_name":"TRUUSK - Hem, Tr\u00e4dg\u00e5rd &amp; Fritid","article_modified_time":"2026-03-12T07:43:18+00:00","og_image":[{"width":2000,"height":2000,"url":"https:\/\/i0.wp.com\/truusk.se\/wp-content\/uploads\/2025\/06\/2-pack-hopfallbara-campingstolar-med-dryckeshallare-natbaksida-barvaska-hopfallbar-fiskestol-utomhus-fiskesits-upp-till-120-kg-tradgardsstol-for-tradgard-strand-1.webp?fit=2000%2C2000&ssl=1","type":"image\/webp"}],"twitter_card":"summary_large_image","twitter_misc":{"Ber\u00e4knad l\u00e4stid":"1 minut"},"schema":{"@context":"https:\/\/schema.org","@graph":[{"@type":"WebPage","@id":"https:\/\/truusk.store\/sv\/produkt\/truusk-2-pack-hopfallbara-campingstolar-dryckeshallare-natbaksida-barvaska-fiskesits-upp-till-120-kg-tradgardsstol\/","url":"https:\/\/truusk.store\/sv\/produkt\/truusk-2-pack-hopfallbara-campingstolar-dryckeshallare-natbaksida-barvaska-fiskesits-upp-till-120-kg-tradgardsstol\/","name":"TRUUSK 2-pack Hopf\u00e4llbara Campingstolar - Dryckesh\u00e5llare - N\u00e4tbaksida - B\u00e4rv\u00e4ska - Fiskesits Upp Till 120 Kg - Tr\u00e4dg\u00e5rdsstol - TRUUSK - Hem, Tr\u00e4dg\u00e5rd &amp; Fritid","isPartOf":{"@id":"https:\/\/truusk.store\/sv\/#website"},"primaryImageOfPage":{"@id":"https:\/\/truusk.store\/sv\/produkt\/truusk-2-pack-hopfallbara-campingstolar-dryckeshallare-natbaksida-barvaska-fiskesits-upp-till-120-kg-tradgardsstol\/#primaryimage"},"image":{"@id":"https:\/\/truusk.store\/sv\/produkt\/truusk-2-pack-hopfallbara-campingstolar-dryckeshallare-natbaksida-barvaska-fiskesits-upp-till-120-kg-tradgardsstol\/#primaryimage"},"thumbnailUrl":"https:\/\/i0.wp.com\/truusk.store\/wp-content\/uploads\/2025\/06\/2-pack-hopfallbara-campingstolar-med-dryckeshallare-natbaksida-barvaska-hopfallbar-fiskestol-utomhus-fiskesits-upp-till-120-kg-tradgardsstol-for-tradgard-strand-1.webp?fit=2000%2C2000&ssl=1","datePublished":"2025-06-06T04:43:42+00:00","dateModified":"2026-03-12T07:43:18+00:00","breadcrumb":{"@id":"https:\/\/truusk.store\/sv\/produkt\/truusk-2-pack-hopfallbara-campingstolar-dryckeshallare-natbaksida-barvaska-fiskesits-upp-till-120-kg-tradgardsstol\/#breadcrumb"},"inLanguage":"sv-SE","potentialAction":[{"@type":"ReadAction","target":["https:\/\/truusk.store\/sv\/produkt\/truusk-2-pack-hopfallbara-campingstolar-dryckeshallare-natbaksida-barvaska-fiskesits-upp-till-120-kg-tradgardsstol\/"]}]},{"@type":"ImageObject","inLanguage":"sv-SE","@id":"https:\/\/truusk.store\/sv\/produkt\/truusk-2-pack-hopfallbara-campingstolar-dryckeshallare-natbaksida-barvaska-fiskesits-upp-till-120-kg-tradgardsstol\/#primaryimage","url":"https:\/\/i0.wp.com\/truusk.store\/wp-content\/uploads\/2025\/06\/2-pack-hopfallbara-campingstolar-med-dryckeshallare-natbaksida-barvaska-hopfallbar-fiskestol-utomhus-fiskesits-upp-till-120-kg-tradgardsstol-for-tradgard-strand-1.webp?fit=2000%2C2000&ssl=1","contentUrl":"https:\/\/i0.wp.com\/truusk.store\/wp-content\/uploads\/2025\/06\/2-pack-hopfallbara-campingstolar-med-dryckeshallare-natbaksida-barvaska-hopfallbar-fiskestol-utomhus-fiskesits-upp-till-120-kg-tradgardsstol-for-tradgard-strand-1.webp?fit=2000%2C2000&ssl=1","width":2000,"height":2000},{"@type":"BreadcrumbList","@id":"https:\/\/truusk.store\/sv\/produkt\/truusk-2-pack-hopfallbara-campingstolar-dryckeshallare-natbaksida-barvaska-fiskesits-upp-till-120-kg-tradgardsstol\/#breadcrumb","itemListElement":[{"@type":"ListItem","position":1,"name":"Home","item":"https:\/\/truusk.store\/sv\/"},{"@type":"ListItem","position":2,"name":"Shop","item":"https:\/\/truusk.store\/shop\/"},{"@type":"ListItem","position":3,"name":"TRUUSK 2-pack Hopf\u00e4llbara Campingstolar &#8211; Dryckesh\u00e5llare &#8211; N\u00e4tbaksida &#8211; B\u00e4rv\u00e4ska &#8211; Fiskesits Upp Till 120 Kg &#8211; Tr\u00e4dg\u00e5rdsstol &#8211;"}]},{"@type":"WebSite","@id":"https:\/\/truusk.store\/sv\/#website","url":"https:\/\/truusk.store\/sv\/","name":"TRUUSK - Hem, Tr\u00e4dg\u00e5rd & Fritid","description":"","publisher":{"@id":"https:\/\/truusk.store\/sv\/#organization"},"potentialAction":[{"@type":"SearchAction","target":{"@type":"EntryPoint","urlTemplate":"https:\/\/truusk.store\/sv\/?s={search_term_string}"},"query-input":{"@type":"PropertyValueSpecification","valueRequired":true,"valueName":"search_term_string"}}],"inLanguage":"sv-SE"},{"@type":"Organization","@id":"https:\/\/truusk.store\/sv\/#organization","name":"TRUUSK - Hem, Tr\u00e4dg\u00e5rd & Fritid","url":"https:\/\/truusk.store\/sv\/","logo":{"@type":"ImageObject","inLanguage":"sv-SE","@id":"https:\/\/truusk.store\/sv\/#\/schema\/logo\/image\/","url":"https:\/\/i0.wp.com\/truusk.store\/wp-content\/uploads\/2026\/03\/cropped-TRUUSK.png?fit=2032%2C917&ssl=1","contentUrl":"https:\/\/i0.wp.com\/truusk.store\/wp-content\/uploads\/2026\/03\/cropped-TRUUSK.png?fit=2032%2C917&ssl=1","width":2032,"height":917,"caption":"TRUUSK - Hem, Tr\u00e4dg\u00e5rd & Fritid"},"image":{"@id":"https:\/\/truusk.store\/sv\/#\/schema\/logo\/image\/"}}]}},"jetpack_sharing_enabled":true,"_links":{"self":[{"href":"https:\/\/truusk.store\/sv\/wp-json\/wp\/v2\/product\/76583","targetHints":{"allow":["GET"]}}],"collection":[{"href":"https:\/\/truusk.store\/sv\/wp-json\/wp\/v2\/product"}],"about":[{"href":"https:\/\/truusk.store\/sv\/wp-json\/wp\/v2\/types\/product"}],"wp:featuredmedia":[{"embeddable":true,"href":"https:\/\/truusk.store\/sv\/wp-json\/wp\/v2\/media\/76574"}],"wp:attachment":[{"href":"https:\/\/truusk.store\/sv\/wp-json\/wp\/v2\/media?parent=76583"}],"wp:term":[{"taxonomy":"product_brand","embeddable":true,"href":"https:\/\/truusk.store\/sv\/wp-json\/wp\/v2\/product_brand?post=76583"},{"taxonomy":"product_cat","embeddable":true,"href":"https:\/\/truusk.store\/sv\/wp-json\/wp\/v2\/product_cat?post=76583"},{"taxonomy":"product_tag","embeddable":true,"href":"https:\/\/truusk.store\/sv\/wp-json\/wp\/v2\/product_tag?post=76583"}],"curies":[{"name":"wp","href":"https:\/\/api.w.org\/{rel}","templated":true}]}}