{"id":76613,"date":"2025-06-06T05:46:44","date_gmt":"2025-06-06T04:46:44","guid":{"rendered":"https:\/\/truusk.store\/product\/aiyaplay-barnsang-1435-x-80-cm-husbadd-av-massivt-tra-ungdomssang-med-fallskydd-lekbadd-upp-till-80-kg-belastningsbar-enkelsang-med-bjorndesign-for-barnrum-naturligt-tra\/"},"modified":"2026-03-12T08:44:18","modified_gmt":"2026-03-12T07:44:18","slug":"truusk-barnsang-1435-x-80-cm-massivt-tra-fallskydd-bjorndesign-upp-till-80-kg-naturligt-tra","status":"publish","type":"product","link":"https:\/\/truusk.store\/sv\/produkt\/truusk-barnsang-1435-x-80-cm-massivt-tra-fallskydd-bjorndesign-upp-till-80-kg-naturligt-tra\/","title":{"rendered":"TRUUSK Barns\u00e4ng 143,5 x 80 cm &#8211; Massivt tr\u00e4 &#8211; Fallskydd &#8211; Bj\u00f6rndesign &#8211; Upp till 80 kg &#8211; Naturligt tr\u00e4"},"content":{"rendered":"<p>Uppt\u00e4ck AIYAPLAY Kids Bed, en l\u00e5g barns\u00e4ng som underl\u00e4ttar \u00f6verg\u00e5ngen till sj\u00e4lvst\u00e4ndighet. Tillverkad av stabila material, med charmiga bj\u00f6rnmotiv p\u00e5 huvud- och fot\u00e4nden och skyddsr\u00e4cken, erbjuder denna barns\u00e4ng ett s\u00e4kert och bed\u00e5rande sovomr\u00e5de f\u00f6r barn.<\/p>\n<p>Beskrivning:<\/p>\n<ul>\n<li> Speciellt designad f\u00f6r sm\u00e5barn som byter till sin f\u00f6rsta stora s\u00e4ng<\/li>\n<li> L\u00e5g design av barns\u00e4ngen underl\u00e4ttar barnens tillg\u00e5ng<\/li>\n<li> Tillverkad av robusta material som garanterar h\u00e5llbarhet<\/li>\n<li> Inkluderar tv\u00e5 f\u00e4sta skyddsr\u00e4cken f\u00f6r \u00f6kad s\u00e4kerhet<\/li>\n<li> H\u00f6jd s\u00e4ngkant p\u00e5 barns\u00e4ngen h\u00e5ller madrassen s\u00e4kert p\u00e5 plats<\/li>\n<li> Har ett bed\u00e5rande bj\u00f6rnformad huvud- och fot\u00e4nda f\u00f6r visuell attraktion<\/li>\n<li> Montering kr\u00e4vs<\/li>\n<\/ul>\n<p> Tekniska specifikationer:<\/p>\n<ul>\n<li> F\u00e4rg: Naturtr\u00e4<\/li>\n<li> Material: MDF<\/li>\n<li> Totala dimensioner: 143,5L x 80B x 55H cm<\/li>\n<li> Sidov\u00e4ggsh\u00f6jd: 22 cm (till golvet)<\/li>\n<li> Lamellh\u00f6jd: 19 cm (till golvet)<\/li>\n<li> Passande madrass: 140L x 70B x 5H cm<\/li>\n<li> Maximal belastning: 80 kg<\/li>\n<li> Rekommenderad \u00e5lder: 3-6 \u00e5r<\/li>\n<li> Godk\u00e4nd \u00e5lder: 3+ \u00e5r<\/li>\n<li> OBS: Endast s\u00e4ngstommen, utan madrass<\/li>\n<\/ul>\n<p>Leveransinneh\u00e5ll:<\/p>\n<ul>\n<li> 1 x Barns\u00e4ng<\/li>\n<li> 1 x Bruksanvisning<\/li>\n<\/ul>\n","protected":false},"excerpt":{"rendered":"<p>Uppt\u00e4ck AIYAPLAY Kids Bed, en l\u00e5g barns\u00e4ng som underl\u00e4ttar \u00f6verg\u00e5ngen till sj\u00e4lvst\u00e4ndighet. Tillverkad av stabila material, med charmiga bj\u00f6rnmotiv p\u00e5&#8230;<\/p>\n","protected":false},"featured_media":76604,"template":"","meta":[],"product_brand":[],"product_cat":[880,639,1045],"product_tag":[],"class_list":{"0":"post-76613","1":"product","2":"type-product","3":"status-publish","4":"has-post-thumbnail","6":"product_cat-baby-barn-2","7":"product_cat-babyvarld","8":"product_cat-spjalsangar","10":"first","11":"instock","12":"sale","13":"taxable","14":"shipping-taxable","15":"purchasable","16":"product-type-simple"},"yoast_head":"<!-- This site is optimized with the Yoast SEO plugin v25.4 - https:\/\/yoast.com\/wordpress\/plugins\/seo\/ -->\n<title>TRUUSK Barns\u00e4ng 143,5 x 80 cm - Massivt tr\u00e4 - Fallskydd - Bj\u00f6rndesign - Upp till 80 kg - Naturligt tr\u00e4 - TRUUSK - Hem, Tr\u00e4dg\u00e5rd &amp; Fritid<\/title>\n<meta name=\"robots\" content=\"index, follow, max-snippet:-1, max-image-preview:large, max-video-preview:-1\" \/>\n<link rel=\"canonical\" href=\"https:\/\/truusk.store\/sv\/produkt\/truusk-barnsang-1435-x-80-cm-massivt-tra-fallskydd-bjorndesign-upp-till-80-kg-naturligt-tra\/\" \/>\n<meta property=\"og:locale\" content=\"sv_SE\" \/>\n<meta property=\"og:type\" content=\"article\" \/>\n<meta property=\"og:title\" content=\"TRUUSK Barns\u00e4ng 143,5 x 80 cm - Massivt tr\u00e4 - Fallskydd - Bj\u00f6rndesign - Upp till 80 kg - Naturligt tr\u00e4 - TRUUSK - Hem, Tr\u00e4dg\u00e5rd &amp; Fritid\" \/>\n<meta property=\"og:description\" content=\"Uppt\u00e4ck AIYAPLAY Kids Bed, en l\u00e5g barns\u00e4ng som underl\u00e4ttar \u00f6verg\u00e5ngen till sj\u00e4lvst\u00e4ndighet. Tillverkad av stabila material, med charmiga bj\u00f6rnmotiv p\u00e5...\" \/>\n<meta property=\"og:url\" content=\"https:\/\/truusk.store\/sv\/produkt\/truusk-barnsang-1435-x-80-cm-massivt-tra-fallskydd-bjorndesign-upp-till-80-kg-naturligt-tra\/\" \/>\n<meta property=\"og:site_name\" content=\"TRUUSK - Hem, Tr\u00e4dg\u00e5rd &amp; Fritid\" \/>\n<meta property=\"article:modified_time\" content=\"2026-03-12T07:44:18+00:00\" \/>\n<meta property=\"og:image\" content=\"https:\/\/i0.wp.com\/truusk.se\/wp-content\/uploads\/2025\/06\/aiyaplay-barnsang-1435-x-80-cm-husbadd-av-massivt-tra-ungdomssang-med-fallskydd-lekbadd-upp-till-80-kg-belastningsbar-enkelsang-med-bjorndesign-for-barnrum-naturligt-tra-1.webp?fit=2000%2C2000&ssl=1\" \/>\n\t<meta property=\"og:image:width\" content=\"2000\" \/>\n\t<meta property=\"og:image:height\" content=\"2000\" \/>\n\t<meta property=\"og:image:type\" content=\"image\/webp\" \/>\n<meta name=\"twitter:card\" content=\"summary_large_image\" \/>\n<meta name=\"twitter:label1\" content=\"Ber\u00e4knad l\u00e4stid\" \/>\n\t<meta name=\"twitter:data1\" content=\"1 minut\" \/>\n<!-- \/ Yoast SEO plugin. -->","yoast_head_json":{"title":"TRUUSK Barns\u00e4ng 143,5 x 80 cm - Massivt tr\u00e4 - Fallskydd - Bj\u00f6rndesign - Upp till 80 kg - Naturligt tr\u00e4 - TRUUSK - Hem, Tr\u00e4dg\u00e5rd &amp; Fritid","robots":{"index":"index","follow":"follow","max-snippet":"max-snippet:-1","max-image-preview":"max-image-preview:large","max-video-preview":"max-video-preview:-1"},"canonical":"https:\/\/truusk.store\/sv\/produkt\/truusk-barnsang-1435-x-80-cm-massivt-tra-fallskydd-bjorndesign-upp-till-80-kg-naturligt-tra\/","og_locale":"sv_SE","og_type":"article","og_title":"TRUUSK Barns\u00e4ng 143,5 x 80 cm - Massivt tr\u00e4 - Fallskydd - Bj\u00f6rndesign - Upp till 80 kg - Naturligt tr\u00e4 - TRUUSK - Hem, Tr\u00e4dg\u00e5rd &amp; Fritid","og_description":"Uppt\u00e4ck AIYAPLAY Kids Bed, en l\u00e5g barns\u00e4ng som underl\u00e4ttar \u00f6verg\u00e5ngen till sj\u00e4lvst\u00e4ndighet. Tillverkad av stabila material, med charmiga bj\u00f6rnmotiv p\u00e5...","og_url":"https:\/\/truusk.store\/sv\/produkt\/truusk-barnsang-1435-x-80-cm-massivt-tra-fallskydd-bjorndesign-upp-till-80-kg-naturligt-tra\/","og_site_name":"TRUUSK - Hem, Tr\u00e4dg\u00e5rd &amp; Fritid","article_modified_time":"2026-03-12T07:44:18+00:00","og_image":[{"width":2000,"height":2000,"url":"https:\/\/i0.wp.com\/truusk.se\/wp-content\/uploads\/2025\/06\/aiyaplay-barnsang-1435-x-80-cm-husbadd-av-massivt-tra-ungdomssang-med-fallskydd-lekbadd-upp-till-80-kg-belastningsbar-enkelsang-med-bjorndesign-for-barnrum-naturligt-tra-1.webp?fit=2000%2C2000&ssl=1","type":"image\/webp"}],"twitter_card":"summary_large_image","twitter_misc":{"Ber\u00e4knad l\u00e4stid":"1 minut"},"schema":{"@context":"https:\/\/schema.org","@graph":[{"@type":"WebPage","@id":"https:\/\/truusk.store\/sv\/produkt\/truusk-barnsang-1435-x-80-cm-massivt-tra-fallskydd-bjorndesign-upp-till-80-kg-naturligt-tra\/","url":"https:\/\/truusk.store\/sv\/produkt\/truusk-barnsang-1435-x-80-cm-massivt-tra-fallskydd-bjorndesign-upp-till-80-kg-naturligt-tra\/","name":"TRUUSK Barns\u00e4ng 143,5 x 80 cm - Massivt tr\u00e4 - Fallskydd - Bj\u00f6rndesign - Upp till 80 kg - Naturligt tr\u00e4 - TRUUSK - Hem, Tr\u00e4dg\u00e5rd &amp; Fritid","isPartOf":{"@id":"https:\/\/truusk.store\/sv\/#website"},"primaryImageOfPage":{"@id":"https:\/\/truusk.store\/sv\/produkt\/truusk-barnsang-1435-x-80-cm-massivt-tra-fallskydd-bjorndesign-upp-till-80-kg-naturligt-tra\/#primaryimage"},"image":{"@id":"https:\/\/truusk.store\/sv\/produkt\/truusk-barnsang-1435-x-80-cm-massivt-tra-fallskydd-bjorndesign-upp-till-80-kg-naturligt-tra\/#primaryimage"},"thumbnailUrl":"https:\/\/i0.wp.com\/truusk.store\/wp-content\/uploads\/2025\/06\/aiyaplay-barnsang-1435-x-80-cm-husbadd-av-massivt-tra-ungdomssang-med-fallskydd-lekbadd-upp-till-80-kg-belastningsbar-enkelsang-med-bjorndesign-for-barnrum-naturligt-tra-1.webp?fit=2000%2C2000&ssl=1","datePublished":"2025-06-06T04:46:44+00:00","dateModified":"2026-03-12T07:44:18+00:00","breadcrumb":{"@id":"https:\/\/truusk.store\/sv\/produkt\/truusk-barnsang-1435-x-80-cm-massivt-tra-fallskydd-bjorndesign-upp-till-80-kg-naturligt-tra\/#breadcrumb"},"inLanguage":"sv-SE","potentialAction":[{"@type":"ReadAction","target":["https:\/\/truusk.store\/sv\/produkt\/truusk-barnsang-1435-x-80-cm-massivt-tra-fallskydd-bjorndesign-upp-till-80-kg-naturligt-tra\/"]}]},{"@type":"ImageObject","inLanguage":"sv-SE","@id":"https:\/\/truusk.store\/sv\/produkt\/truusk-barnsang-1435-x-80-cm-massivt-tra-fallskydd-bjorndesign-upp-till-80-kg-naturligt-tra\/#primaryimage","url":"https:\/\/i0.wp.com\/truusk.store\/wp-content\/uploads\/2025\/06\/aiyaplay-barnsang-1435-x-80-cm-husbadd-av-massivt-tra-ungdomssang-med-fallskydd-lekbadd-upp-till-80-kg-belastningsbar-enkelsang-med-bjorndesign-for-barnrum-naturligt-tra-1.webp?fit=2000%2C2000&ssl=1","contentUrl":"https:\/\/i0.wp.com\/truusk.store\/wp-content\/uploads\/2025\/06\/aiyaplay-barnsang-1435-x-80-cm-husbadd-av-massivt-tra-ungdomssang-med-fallskydd-lekbadd-upp-till-80-kg-belastningsbar-enkelsang-med-bjorndesign-for-barnrum-naturligt-tra-1.webp?fit=2000%2C2000&ssl=1","width":2000,"height":2000},{"@type":"BreadcrumbList","@id":"https:\/\/truusk.store\/sv\/produkt\/truusk-barnsang-1435-x-80-cm-massivt-tra-fallskydd-bjorndesign-upp-till-80-kg-naturligt-tra\/#breadcrumb","itemListElement":[{"@type":"ListItem","position":1,"name":"Home","item":"https:\/\/truusk.store\/sv\/"},{"@type":"ListItem","position":2,"name":"Shop","item":"https:\/\/truusk.store\/shop\/"},{"@type":"ListItem","position":3,"name":"TRUUSK Barns\u00e4ng 143,5 x 80 cm &#8211; Massivt tr\u00e4 &#8211; Fallskydd &#8211; Bj\u00f6rndesign &#8211; Upp till 80 kg &#8211; Naturligt tr\u00e4"}]},{"@type":"WebSite","@id":"https:\/\/truusk.store\/sv\/#website","url":"https:\/\/truusk.store\/sv\/","name":"TRUUSK - Hem, Tr\u00e4dg\u00e5rd & Fritid","description":"","publisher":{"@id":"https:\/\/truusk.store\/sv\/#organization"},"potentialAction":[{"@type":"SearchAction","target":{"@type":"EntryPoint","urlTemplate":"https:\/\/truusk.store\/sv\/?s={search_term_string}"},"query-input":{"@type":"PropertyValueSpecification","valueRequired":true,"valueName":"search_term_string"}}],"inLanguage":"sv-SE"},{"@type":"Organization","@id":"https:\/\/truusk.store\/sv\/#organization","name":"TRUUSK - Hem, Tr\u00e4dg\u00e5rd & Fritid","url":"https:\/\/truusk.store\/sv\/","logo":{"@type":"ImageObject","inLanguage":"sv-SE","@id":"https:\/\/truusk.store\/sv\/#\/schema\/logo\/image\/","url":"https:\/\/i0.wp.com\/truusk.store\/wp-content\/uploads\/2026\/03\/cropped-TRUUSK.png?fit=2032%2C917&ssl=1","contentUrl":"https:\/\/i0.wp.com\/truusk.store\/wp-content\/uploads\/2026\/03\/cropped-TRUUSK.png?fit=2032%2C917&ssl=1","width":2032,"height":917,"caption":"TRUUSK - Hem, Tr\u00e4dg\u00e5rd & Fritid"},"image":{"@id":"https:\/\/truusk.store\/sv\/#\/schema\/logo\/image\/"}}]}},"jetpack_sharing_enabled":true,"_links":{"self":[{"href":"https:\/\/truusk.store\/sv\/wp-json\/wp\/v2\/product\/76613","targetHints":{"allow":["GET"]}}],"collection":[{"href":"https:\/\/truusk.store\/sv\/wp-json\/wp\/v2\/product"}],"about":[{"href":"https:\/\/truusk.store\/sv\/wp-json\/wp\/v2\/types\/product"}],"wp:featuredmedia":[{"embeddable":true,"href":"https:\/\/truusk.store\/sv\/wp-json\/wp\/v2\/media\/76604"}],"wp:attachment":[{"href":"https:\/\/truusk.store\/sv\/wp-json\/wp\/v2\/media?parent=76613"}],"wp:term":[{"taxonomy":"product_brand","embeddable":true,"href":"https:\/\/truusk.store\/sv\/wp-json\/wp\/v2\/product_brand?post=76613"},{"taxonomy":"product_cat","embeddable":true,"href":"https:\/\/truusk.store\/sv\/wp-json\/wp\/v2\/product_cat?post=76613"},{"taxonomy":"product_tag","embeddable":true,"href":"https:\/\/truusk.store\/sv\/wp-json\/wp\/v2\/product_tag?post=76613"}],"curies":[{"name":"wp","href":"https:\/\/api.w.org\/{rel}","templated":true}]}}