{"id":76663,"date":"2025-06-06T05:51:38","date_gmt":"2025-06-06T04:51:38","guid":{"rendered":"https:\/\/truusk.store\/product\/konstgjord-cypress-2-pack-stor-90-cm-konstvaxt-konstgjorda-vaxter-i-kruka-uv-resistent-konsttrad-som-ser-akta-ut-dekoration-for-vardagsrum-sovrum-utomhus\/"},"modified":"2026-03-12T08:44:33","modified_gmt":"2026-03-12T07:44:33","slug":"truusk-konstgjord-cypress-2-pack-90-cm-uv-resistent-ser-akta-ut-dekoration-for-inomhus-och-utomhus-vardagsrum-sovrum","status":"publish","type":"product","link":"https:\/\/truusk.store\/sv\/produkt\/truusk-konstgjord-cypress-2-pack-90-cm-uv-resistent-ser-akta-ut-dekoration-for-inomhus-och-utomhus-vardagsrum-sovrum\/","title":{"rendered":"TRUUSK Konstgjord Cypress 2-pack 90 cm &#8211; UV-resistent &#8211; Ser \u00e4kta ut &#8211; Dekoration f\u00f6r inomhus och utomhus &#8211; Vardagsrum, Sovrum &#8211;"},"content":{"rendered":"<p>Ge ditt rum permanent gr\u00f6nska med v\u00e5ra konstgjorda v\u00e4xter. Dessa bedr\u00e4gligt verkliga cypress-repliker, 90 cm h\u00f6ga, finns tillg\u00e4ngliga i en praktisk tv\u00e5pack. Med 831 plastblad i klassiska odlingskrukor kr\u00e4ver dessa krukv\u00e4xter ingen sk\u00f6tsel och \u00e4r UV-resistenta, idealiska f\u00f6r inomhus- och utomhusomr\u00e5den.<\/p>\n<p>Beskrivning:<\/p>\n<ul>\n<li> Realistiska cypresser med konstgr\u00e4s<\/li>\n<li> S\u00e4ljs i tv\u00e5pack, f\u00f6r symmetrisk dekoration<\/li>\n<li> Utrustade med 831 plastblad<\/li>\n<li> Odlingskruka och cementbotten garanterar stabilitet och st\u00f6d f\u00f6r krukv\u00e4xterna<\/li>\n<li> Inget gr\u00f6nt tumme beh\u00f6vs f\u00f6r sk\u00f6tsel<\/li>\n<li> UV-resistent kvalitet p\u00e5 konstv\u00e4xten l\u00e4mpar sig f\u00f6r inomhus- och utomhusomr\u00e5den<\/li>\n<\/ul>\n<p> Tekniska data:<\/p>\n<ul>\n<li> F\u00e4rg: Gr\u00f6n<\/li>\n<li> Material: Plast, cement<\/li>\n<li> Typ: Cypress<\/li>\n<li> Totala dimensioner: \u00d833 x 90H cm<\/li>\n<li> Krukstorlek: \u00d815 x 12,5H cm<\/li>\n<\/ul>\n<p>Ing\u00e5r i leveransen:<\/p>\n<ul>\n<li> 2 x Konstgjord v\u00e4xt;<\/li>\n<\/ul>\n","protected":false},"excerpt":{"rendered":"<p>Ge ditt rum permanent gr\u00f6nska med v\u00e5ra konstgjorda v\u00e4xter. Dessa bedr\u00e4gligt verkliga cypress-repliker, 90 cm h\u00f6ga, finns tillg\u00e4ngliga i en&#8230;<\/p>\n","protected":false},"featured_media":76654,"template":"","meta":[],"product_brand":[],"product_cat":[962,871,681],"product_tag":[],"class_list":{"0":"post-76663","1":"product","2":"type-product","3":"status-publish","4":"has-post-thumbnail","6":"product_cat-dekoration","7":"product_cat-hus-hem","8":"product_cat-konstgjorda-vaxter","10":"first","11":"instock","12":"sale","13":"taxable","14":"shipping-taxable","15":"purchasable","16":"product-type-simple"},"yoast_head":"<!-- This site is optimized with the Yoast SEO plugin v25.4 - https:\/\/yoast.com\/wordpress\/plugins\/seo\/ -->\n<title>TRUUSK Konstgjord Cypress 2-pack 90 cm - UV-resistent - Ser \u00e4kta ut - Dekoration f\u00f6r inomhus och utomhus - Vardagsrum, Sovrum - TRUUSK - Hem, Tr\u00e4dg\u00e5rd &amp; Fritid<\/title>\n<meta name=\"robots\" content=\"index, follow, max-snippet:-1, max-image-preview:large, max-video-preview:-1\" \/>\n<link rel=\"canonical\" href=\"https:\/\/truusk.store\/sv\/produkt\/truusk-konstgjord-cypress-2-pack-90-cm-uv-resistent-ser-akta-ut-dekoration-for-inomhus-och-utomhus-vardagsrum-sovrum\/\" \/>\n<meta property=\"og:locale\" content=\"sv_SE\" \/>\n<meta property=\"og:type\" content=\"article\" \/>\n<meta property=\"og:title\" content=\"TRUUSK Konstgjord Cypress 2-pack 90 cm - UV-resistent - Ser \u00e4kta ut - Dekoration f\u00f6r inomhus och utomhus - Vardagsrum, Sovrum - TRUUSK - Hem, Tr\u00e4dg\u00e5rd &amp; Fritid\" \/>\n<meta property=\"og:description\" content=\"Ge ditt rum permanent gr\u00f6nska med v\u00e5ra konstgjorda v\u00e4xter. Dessa bedr\u00e4gligt verkliga cypress-repliker, 90 cm h\u00f6ga, finns tillg\u00e4ngliga i en...\" \/>\n<meta property=\"og:url\" content=\"https:\/\/truusk.store\/sv\/produkt\/truusk-konstgjord-cypress-2-pack-90-cm-uv-resistent-ser-akta-ut-dekoration-for-inomhus-och-utomhus-vardagsrum-sovrum\/\" \/>\n<meta property=\"og:site_name\" content=\"TRUUSK - Hem, Tr\u00e4dg\u00e5rd &amp; Fritid\" \/>\n<meta property=\"article:modified_time\" content=\"2026-03-12T07:44:33+00:00\" \/>\n<meta property=\"og:image\" content=\"https:\/\/i0.wp.com\/truusk.se\/wp-content\/uploads\/2025\/06\/konstgjord-cypress-2-pack-stor-90-cm-konstvaxt-konstgjorda-vaxter-i-kruka-uv-resistent-konsttrad-som-ser-akta-ut-dekoration-for-vardagsrum-sovrum-utomhus-1.webp?fit=2000%2C2000&ssl=1\" \/>\n\t<meta property=\"og:image:width\" content=\"2000\" \/>\n\t<meta property=\"og:image:height\" content=\"2000\" \/>\n\t<meta property=\"og:image:type\" content=\"image\/webp\" \/>\n<meta name=\"twitter:card\" content=\"summary_large_image\" \/>\n<meta name=\"twitter:label1\" content=\"Ber\u00e4knad l\u00e4stid\" \/>\n\t<meta name=\"twitter:data1\" content=\"1 minut\" \/>\n<!-- \/ Yoast SEO plugin. -->","yoast_head_json":{"title":"TRUUSK Konstgjord Cypress 2-pack 90 cm - UV-resistent - Ser \u00e4kta ut - Dekoration f\u00f6r inomhus och utomhus - Vardagsrum, Sovrum - TRUUSK - Hem, Tr\u00e4dg\u00e5rd &amp; Fritid","robots":{"index":"index","follow":"follow","max-snippet":"max-snippet:-1","max-image-preview":"max-image-preview:large","max-video-preview":"max-video-preview:-1"},"canonical":"https:\/\/truusk.store\/sv\/produkt\/truusk-konstgjord-cypress-2-pack-90-cm-uv-resistent-ser-akta-ut-dekoration-for-inomhus-och-utomhus-vardagsrum-sovrum\/","og_locale":"sv_SE","og_type":"article","og_title":"TRUUSK Konstgjord Cypress 2-pack 90 cm - UV-resistent - Ser \u00e4kta ut - Dekoration f\u00f6r inomhus och utomhus - Vardagsrum, Sovrum - TRUUSK - Hem, Tr\u00e4dg\u00e5rd &amp; Fritid","og_description":"Ge ditt rum permanent gr\u00f6nska med v\u00e5ra konstgjorda v\u00e4xter. Dessa bedr\u00e4gligt verkliga cypress-repliker, 90 cm h\u00f6ga, finns tillg\u00e4ngliga i en...","og_url":"https:\/\/truusk.store\/sv\/produkt\/truusk-konstgjord-cypress-2-pack-90-cm-uv-resistent-ser-akta-ut-dekoration-for-inomhus-och-utomhus-vardagsrum-sovrum\/","og_site_name":"TRUUSK - Hem, Tr\u00e4dg\u00e5rd &amp; Fritid","article_modified_time":"2026-03-12T07:44:33+00:00","og_image":[{"width":2000,"height":2000,"url":"https:\/\/i0.wp.com\/truusk.se\/wp-content\/uploads\/2025\/06\/konstgjord-cypress-2-pack-stor-90-cm-konstvaxt-konstgjorda-vaxter-i-kruka-uv-resistent-konsttrad-som-ser-akta-ut-dekoration-for-vardagsrum-sovrum-utomhus-1.webp?fit=2000%2C2000&ssl=1","type":"image\/webp"}],"twitter_card":"summary_large_image","twitter_misc":{"Ber\u00e4knad l\u00e4stid":"1 minut"},"schema":{"@context":"https:\/\/schema.org","@graph":[{"@type":"WebPage","@id":"https:\/\/truusk.store\/sv\/produkt\/truusk-konstgjord-cypress-2-pack-90-cm-uv-resistent-ser-akta-ut-dekoration-for-inomhus-och-utomhus-vardagsrum-sovrum\/","url":"https:\/\/truusk.store\/sv\/produkt\/truusk-konstgjord-cypress-2-pack-90-cm-uv-resistent-ser-akta-ut-dekoration-for-inomhus-och-utomhus-vardagsrum-sovrum\/","name":"TRUUSK Konstgjord Cypress 2-pack 90 cm - UV-resistent - Ser \u00e4kta ut - Dekoration f\u00f6r inomhus och utomhus - Vardagsrum, Sovrum - TRUUSK - Hem, Tr\u00e4dg\u00e5rd &amp; Fritid","isPartOf":{"@id":"https:\/\/truusk.store\/sv\/#website"},"primaryImageOfPage":{"@id":"https:\/\/truusk.store\/sv\/produkt\/truusk-konstgjord-cypress-2-pack-90-cm-uv-resistent-ser-akta-ut-dekoration-for-inomhus-och-utomhus-vardagsrum-sovrum\/#primaryimage"},"image":{"@id":"https:\/\/truusk.store\/sv\/produkt\/truusk-konstgjord-cypress-2-pack-90-cm-uv-resistent-ser-akta-ut-dekoration-for-inomhus-och-utomhus-vardagsrum-sovrum\/#primaryimage"},"thumbnailUrl":"https:\/\/i0.wp.com\/truusk.store\/wp-content\/uploads\/2025\/06\/konstgjord-cypress-2-pack-stor-90-cm-konstvaxt-konstgjorda-vaxter-i-kruka-uv-resistent-konsttrad-som-ser-akta-ut-dekoration-for-vardagsrum-sovrum-utomhus-1.webp?fit=2000%2C2000&ssl=1","datePublished":"2025-06-06T04:51:38+00:00","dateModified":"2026-03-12T07:44:33+00:00","breadcrumb":{"@id":"https:\/\/truusk.store\/sv\/produkt\/truusk-konstgjord-cypress-2-pack-90-cm-uv-resistent-ser-akta-ut-dekoration-for-inomhus-och-utomhus-vardagsrum-sovrum\/#breadcrumb"},"inLanguage":"sv-SE","potentialAction":[{"@type":"ReadAction","target":["https:\/\/truusk.store\/sv\/produkt\/truusk-konstgjord-cypress-2-pack-90-cm-uv-resistent-ser-akta-ut-dekoration-for-inomhus-och-utomhus-vardagsrum-sovrum\/"]}]},{"@type":"ImageObject","inLanguage":"sv-SE","@id":"https:\/\/truusk.store\/sv\/produkt\/truusk-konstgjord-cypress-2-pack-90-cm-uv-resistent-ser-akta-ut-dekoration-for-inomhus-och-utomhus-vardagsrum-sovrum\/#primaryimage","url":"https:\/\/i0.wp.com\/truusk.store\/wp-content\/uploads\/2025\/06\/konstgjord-cypress-2-pack-stor-90-cm-konstvaxt-konstgjorda-vaxter-i-kruka-uv-resistent-konsttrad-som-ser-akta-ut-dekoration-for-vardagsrum-sovrum-utomhus-1.webp?fit=2000%2C2000&ssl=1","contentUrl":"https:\/\/i0.wp.com\/truusk.store\/wp-content\/uploads\/2025\/06\/konstgjord-cypress-2-pack-stor-90-cm-konstvaxt-konstgjorda-vaxter-i-kruka-uv-resistent-konsttrad-som-ser-akta-ut-dekoration-for-vardagsrum-sovrum-utomhus-1.webp?fit=2000%2C2000&ssl=1","width":2000,"height":2000},{"@type":"BreadcrumbList","@id":"https:\/\/truusk.store\/sv\/produkt\/truusk-konstgjord-cypress-2-pack-90-cm-uv-resistent-ser-akta-ut-dekoration-for-inomhus-och-utomhus-vardagsrum-sovrum\/#breadcrumb","itemListElement":[{"@type":"ListItem","position":1,"name":"Home","item":"https:\/\/truusk.store\/sv\/"},{"@type":"ListItem","position":2,"name":"Shop","item":"https:\/\/truusk.store\/shop\/"},{"@type":"ListItem","position":3,"name":"TRUUSK Konstgjord Cypress 2-pack 90 cm &#8211; UV-resistent &#8211; Ser \u00e4kta ut &#8211; Dekoration f\u00f6r inomhus och utomhus &#8211; Vardagsrum, Sovrum &#8211;"}]},{"@type":"WebSite","@id":"https:\/\/truusk.store\/sv\/#website","url":"https:\/\/truusk.store\/sv\/","name":"TRUUSK - Hem, Tr\u00e4dg\u00e5rd & Fritid","description":"","publisher":{"@id":"https:\/\/truusk.store\/sv\/#organization"},"potentialAction":[{"@type":"SearchAction","target":{"@type":"EntryPoint","urlTemplate":"https:\/\/truusk.store\/sv\/?s={search_term_string}"},"query-input":{"@type":"PropertyValueSpecification","valueRequired":true,"valueName":"search_term_string"}}],"inLanguage":"sv-SE"},{"@type":"Organization","@id":"https:\/\/truusk.store\/sv\/#organization","name":"TRUUSK - Hem, Tr\u00e4dg\u00e5rd & Fritid","url":"https:\/\/truusk.store\/sv\/","logo":{"@type":"ImageObject","inLanguage":"sv-SE","@id":"https:\/\/truusk.store\/sv\/#\/schema\/logo\/image\/","url":"https:\/\/i0.wp.com\/truusk.store\/wp-content\/uploads\/2026\/03\/cropped-TRUUSK.png?fit=2032%2C917&ssl=1","contentUrl":"https:\/\/i0.wp.com\/truusk.store\/wp-content\/uploads\/2026\/03\/cropped-TRUUSK.png?fit=2032%2C917&ssl=1","width":2032,"height":917,"caption":"TRUUSK - Hem, Tr\u00e4dg\u00e5rd & Fritid"},"image":{"@id":"https:\/\/truusk.store\/sv\/#\/schema\/logo\/image\/"}}]}},"jetpack_sharing_enabled":true,"_links":{"self":[{"href":"https:\/\/truusk.store\/sv\/wp-json\/wp\/v2\/product\/76663","targetHints":{"allow":["GET"]}}],"collection":[{"href":"https:\/\/truusk.store\/sv\/wp-json\/wp\/v2\/product"}],"about":[{"href":"https:\/\/truusk.store\/sv\/wp-json\/wp\/v2\/types\/product"}],"wp:featuredmedia":[{"embeddable":true,"href":"https:\/\/truusk.store\/sv\/wp-json\/wp\/v2\/media\/76654"}],"wp:attachment":[{"href":"https:\/\/truusk.store\/sv\/wp-json\/wp\/v2\/media?parent=76663"}],"wp:term":[{"taxonomy":"product_brand","embeddable":true,"href":"https:\/\/truusk.store\/sv\/wp-json\/wp\/v2\/product_brand?post=76663"},{"taxonomy":"product_cat","embeddable":true,"href":"https:\/\/truusk.store\/sv\/wp-json\/wp\/v2\/product_cat?post=76663"},{"taxonomy":"product_tag","embeddable":true,"href":"https:\/\/truusk.store\/sv\/wp-json\/wp\/v2\/product_tag?post=76663"}],"curies":[{"name":"wp","href":"https:\/\/api.w.org\/{rel}","templated":true}]}}