{"id":76673,"date":"2025-06-06T05:52:37","date_gmt":"2025-06-06T04:52:37","guid":{"rendered":"https:\/\/truusk.store\/product\/sportnow-power-twister-10-200kg-armtranare-justerbar-hydraulisk-armtraningsutrustning-underarmstraning-traningsutrustning-for-brost-axel-styrketraning-man-och-kvinnor\/"},"modified":"2026-03-12T09:41:23","modified_gmt":"2026-03-12T08:41:23","slug":"truusk-justerbar-power-twister-10-200kg-hydraulisk-armtraningsutrustning-for-brost-axel-underarm-styrketraning-man-och","status":"publish","type":"product","link":"https:\/\/truusk.store\/sv\/produkt\/truusk-justerbar-power-twister-10-200kg-hydraulisk-armtraningsutrustning-for-brost-axel-underarm-styrketraning-man-och\/","title":{"rendered":"TRUUSK Justerbar Power Twister 10-200kg &#8211; Hydraulisk Armtr\u00e4ningsutrustning &#8211; F\u00f6r Br\u00f6st, Axel, Underarm &#8211; Styrketr\u00e4ning &#8211; M\u00e4n och"},"content":{"rendered":"<p>\u00d6ka din styrka med SPORTNOW hydrauliska Power Twister f\u00f6r m\u00e4n! St\u00e4ll in motst\u00e5ndet fr\u00e5n 10-200 kg \u00f6ver 20 steg utan anstr\u00e4ngning f\u00f6r att optimera din \u00f6verkroppstr\u00e4ning och tr\u00e4na armar, rygg och br\u00f6st. Dra nytta av s\u00e4krare tr\u00e4ningspass tack vare mikro-rebound-teknologin som f\u00f6rhindrar abrupta studsar. St\u00e4rk och forma dina armar dagligen p\u00e5 bara n\u00e5gra minuter med denna hydrauliska tr\u00e4ningsutrustning.<\/p>\n<p>Beskrivning:<\/p>\n<ul>\n<li> Justerbart motst\u00e5nd p\u00e5 krafttr\u00e4ningsutrustningen fr\u00e5n 22-440lbs \u00f6kar tr\u00e4ningsintensiteten<\/li>\n<li> Tr\u00e4nar \u00f6verkroppen, inklusive armar, rygg och br\u00f6stmuskler<\/li>\n<li> Mikro-rebound-funktionen p\u00e5 armtr\u00e4ningsutrustningen minskar skaderisken j\u00e4mf\u00f6rt med fj\u00e4drar<\/li>\n<li> Ramen av gjutj\u00e4rn och den h\u00f6gkvalitativa hydrauliska cylindern garanterar h\u00e5llbarhet<\/li>\n<li> Den triangul\u00e4ra strukturen p\u00e5 Twister-armtr\u00e4naren \u00f6kar s\u00e4kerheten och b\u00e4rkapaciteten<\/li>\n<li> TPR-gummihandtaget p\u00e5 handtaget f\u00f6rhindrar att det glider och \u00f6kar komforten<\/li>\n<li> L\u00e4tt att anv\u00e4nda med s\u00e4ker sp\u00e4nne f\u00f6r s\u00e4ker hantering.<\/li>\n<\/ul>\n<p> Tekniska specifikationer:<\/p>\n<ul>\n<li> F\u00e4rg: Svart+R\u00f6d<\/li>\n<li> Material: Gjutst\u00e5l, Plast<\/li>\n<li> Totala dimensioner: 43L x 16B x 5H cm<\/li>\n<li> O\u00f6ppnade dimensioner: 42L x 16B x 5H cm<\/li>\n<\/ul>\n<p>Leveransinneh\u00e5ll:<\/p>\n<ul>\n<li> 1 x Br\u00f6stexpander<\/li>\n<li> 1 x Bruksanvisning<\/li>\n<\/ul>\n","protected":false},"excerpt":{"rendered":"<p>\u00d6ka din styrka med SPORTNOW hydrauliska Power Twister f\u00f6r m\u00e4n! St\u00e4ll in motst\u00e5ndet fr\u00e5n 10-200 kg \u00f6ver 20 steg utan&#8230;<\/p>\n","protected":false},"featured_media":76664,"template":"","meta":[],"product_brand":[],"product_cat":[873,647,665],"product_tag":[],"class_list":{"0":"post-76673","1":"product","2":"type-product","3":"status-publish","4":"has-post-thumbnail","6":"product_cat-fitness-styrketraning","7":"product_cat-sport-fritid","8":"product_cat-styrketraning","10":"first","11":"instock","12":"sale","13":"taxable","14":"shipping-taxable","15":"purchasable","16":"product-type-simple"},"yoast_head":"<!-- This site is optimized with the Yoast SEO plugin v25.4 - https:\/\/yoast.com\/wordpress\/plugins\/seo\/ -->\n<title>TRUUSK Justerbar Power Twister 10-200kg - Hydraulisk Armtr\u00e4ningsutrustning - F\u00f6r Br\u00f6st, Axel, Underarm - Styrketr\u00e4ning - M\u00e4n och - TRUUSK - Hem, Tr\u00e4dg\u00e5rd &amp; Fritid<\/title>\n<meta name=\"robots\" content=\"index, follow, max-snippet:-1, max-image-preview:large, max-video-preview:-1\" \/>\n<link rel=\"canonical\" href=\"https:\/\/truusk.store\/sv\/produkt\/truusk-justerbar-power-twister-10-200kg-hydraulisk-armtraningsutrustning-for-brost-axel-underarm-styrketraning-man-och\/\" \/>\n<meta property=\"og:locale\" content=\"sv_SE\" \/>\n<meta property=\"og:type\" content=\"article\" \/>\n<meta property=\"og:title\" content=\"TRUUSK Justerbar Power Twister 10-200kg - Hydraulisk Armtr\u00e4ningsutrustning - F\u00f6r Br\u00f6st, Axel, Underarm - Styrketr\u00e4ning - M\u00e4n och - TRUUSK - Hem, Tr\u00e4dg\u00e5rd &amp; Fritid\" \/>\n<meta property=\"og:description\" content=\"\u00d6ka din styrka med SPORTNOW hydrauliska Power Twister f\u00f6r m\u00e4n! St\u00e4ll in motst\u00e5ndet fr\u00e5n 10-200 kg \u00f6ver 20 steg utan...\" \/>\n<meta property=\"og:url\" content=\"https:\/\/truusk.store\/sv\/produkt\/truusk-justerbar-power-twister-10-200kg-hydraulisk-armtraningsutrustning-for-brost-axel-underarm-styrketraning-man-och\/\" \/>\n<meta property=\"og:site_name\" content=\"TRUUSK - Hem, Tr\u00e4dg\u00e5rd &amp; Fritid\" \/>\n<meta property=\"article:modified_time\" content=\"2026-03-12T08:41:23+00:00\" \/>\n<meta property=\"og:image\" content=\"https:\/\/i0.wp.com\/truusk.se\/wp-content\/uploads\/2025\/06\/sportnow-power-twister-10-200kg-armtranare-justerbar-hydraulisk-armtraningsutrustning-underarmstraning-traningsutrustning-for-brost-axel-styrketraning-man-och-kvinnor-1.webp?fit=2000%2C2000&ssl=1\" \/>\n\t<meta property=\"og:image:width\" content=\"2000\" \/>\n\t<meta property=\"og:image:height\" content=\"2000\" \/>\n\t<meta property=\"og:image:type\" content=\"image\/webp\" \/>\n<meta name=\"twitter:card\" content=\"summary_large_image\" \/>\n<meta name=\"twitter:label1\" content=\"Ber\u00e4knad l\u00e4stid\" \/>\n\t<meta name=\"twitter:data1\" content=\"1 minut\" \/>\n<!-- \/ Yoast SEO plugin. -->","yoast_head_json":{"title":"TRUUSK Justerbar Power Twister 10-200kg - Hydraulisk Armtr\u00e4ningsutrustning - F\u00f6r Br\u00f6st, Axel, Underarm - Styrketr\u00e4ning - M\u00e4n och - TRUUSK - Hem, Tr\u00e4dg\u00e5rd &amp; Fritid","robots":{"index":"index","follow":"follow","max-snippet":"max-snippet:-1","max-image-preview":"max-image-preview:large","max-video-preview":"max-video-preview:-1"},"canonical":"https:\/\/truusk.store\/sv\/produkt\/truusk-justerbar-power-twister-10-200kg-hydraulisk-armtraningsutrustning-for-brost-axel-underarm-styrketraning-man-och\/","og_locale":"sv_SE","og_type":"article","og_title":"TRUUSK Justerbar Power Twister 10-200kg - Hydraulisk Armtr\u00e4ningsutrustning - F\u00f6r Br\u00f6st, Axel, Underarm - Styrketr\u00e4ning - M\u00e4n och - TRUUSK - Hem, Tr\u00e4dg\u00e5rd &amp; Fritid","og_description":"\u00d6ka din styrka med SPORTNOW hydrauliska Power Twister f\u00f6r m\u00e4n! St\u00e4ll in motst\u00e5ndet fr\u00e5n 10-200 kg \u00f6ver 20 steg utan...","og_url":"https:\/\/truusk.store\/sv\/produkt\/truusk-justerbar-power-twister-10-200kg-hydraulisk-armtraningsutrustning-for-brost-axel-underarm-styrketraning-man-och\/","og_site_name":"TRUUSK - Hem, Tr\u00e4dg\u00e5rd &amp; Fritid","article_modified_time":"2026-03-12T08:41:23+00:00","og_image":[{"width":2000,"height":2000,"url":"https:\/\/i0.wp.com\/truusk.se\/wp-content\/uploads\/2025\/06\/sportnow-power-twister-10-200kg-armtranare-justerbar-hydraulisk-armtraningsutrustning-underarmstraning-traningsutrustning-for-brost-axel-styrketraning-man-och-kvinnor-1.webp?fit=2000%2C2000&ssl=1","type":"image\/webp"}],"twitter_card":"summary_large_image","twitter_misc":{"Ber\u00e4knad l\u00e4stid":"1 minut"},"schema":{"@context":"https:\/\/schema.org","@graph":[{"@type":"WebPage","@id":"https:\/\/truusk.store\/sv\/produkt\/truusk-justerbar-power-twister-10-200kg-hydraulisk-armtraningsutrustning-for-brost-axel-underarm-styrketraning-man-och\/","url":"https:\/\/truusk.store\/sv\/produkt\/truusk-justerbar-power-twister-10-200kg-hydraulisk-armtraningsutrustning-for-brost-axel-underarm-styrketraning-man-och\/","name":"TRUUSK Justerbar Power Twister 10-200kg - Hydraulisk Armtr\u00e4ningsutrustning - F\u00f6r Br\u00f6st, Axel, Underarm - Styrketr\u00e4ning - M\u00e4n och - TRUUSK - Hem, Tr\u00e4dg\u00e5rd &amp; Fritid","isPartOf":{"@id":"https:\/\/truusk.store\/sv\/#website"},"primaryImageOfPage":{"@id":"https:\/\/truusk.store\/sv\/produkt\/truusk-justerbar-power-twister-10-200kg-hydraulisk-armtraningsutrustning-for-brost-axel-underarm-styrketraning-man-och\/#primaryimage"},"image":{"@id":"https:\/\/truusk.store\/sv\/produkt\/truusk-justerbar-power-twister-10-200kg-hydraulisk-armtraningsutrustning-for-brost-axel-underarm-styrketraning-man-och\/#primaryimage"},"thumbnailUrl":"https:\/\/i0.wp.com\/truusk.store\/wp-content\/uploads\/2025\/06\/sportnow-power-twister-10-200kg-armtranare-justerbar-hydraulisk-armtraningsutrustning-underarmstraning-traningsutrustning-for-brost-axel-styrketraning-man-och-kvinnor-1.webp?fit=2000%2C2000&ssl=1","datePublished":"2025-06-06T04:52:37+00:00","dateModified":"2026-03-12T08:41:23+00:00","breadcrumb":{"@id":"https:\/\/truusk.store\/sv\/produkt\/truusk-justerbar-power-twister-10-200kg-hydraulisk-armtraningsutrustning-for-brost-axel-underarm-styrketraning-man-och\/#breadcrumb"},"inLanguage":"sv-SE","potentialAction":[{"@type":"ReadAction","target":["https:\/\/truusk.store\/sv\/produkt\/truusk-justerbar-power-twister-10-200kg-hydraulisk-armtraningsutrustning-for-brost-axel-underarm-styrketraning-man-och\/"]}]},{"@type":"ImageObject","inLanguage":"sv-SE","@id":"https:\/\/truusk.store\/sv\/produkt\/truusk-justerbar-power-twister-10-200kg-hydraulisk-armtraningsutrustning-for-brost-axel-underarm-styrketraning-man-och\/#primaryimage","url":"https:\/\/i0.wp.com\/truusk.store\/wp-content\/uploads\/2025\/06\/sportnow-power-twister-10-200kg-armtranare-justerbar-hydraulisk-armtraningsutrustning-underarmstraning-traningsutrustning-for-brost-axel-styrketraning-man-och-kvinnor-1.webp?fit=2000%2C2000&ssl=1","contentUrl":"https:\/\/i0.wp.com\/truusk.store\/wp-content\/uploads\/2025\/06\/sportnow-power-twister-10-200kg-armtranare-justerbar-hydraulisk-armtraningsutrustning-underarmstraning-traningsutrustning-for-brost-axel-styrketraning-man-och-kvinnor-1.webp?fit=2000%2C2000&ssl=1","width":2000,"height":2000},{"@type":"BreadcrumbList","@id":"https:\/\/truusk.store\/sv\/produkt\/truusk-justerbar-power-twister-10-200kg-hydraulisk-armtraningsutrustning-for-brost-axel-underarm-styrketraning-man-och\/#breadcrumb","itemListElement":[{"@type":"ListItem","position":1,"name":"Home","item":"https:\/\/truusk.store\/sv\/"},{"@type":"ListItem","position":2,"name":"Shop","item":"https:\/\/truusk.store\/shop\/"},{"@type":"ListItem","position":3,"name":"TRUUSK Justerbar Power Twister 10-200kg &#8211; Hydraulisk Armtr\u00e4ningsutrustning &#8211; F\u00f6r Br\u00f6st, Axel, Underarm &#8211; Styrketr\u00e4ning &#8211; M\u00e4n och"}]},{"@type":"WebSite","@id":"https:\/\/truusk.store\/sv\/#website","url":"https:\/\/truusk.store\/sv\/","name":"TRUUSK - Hem, Tr\u00e4dg\u00e5rd & Fritid","description":"","publisher":{"@id":"https:\/\/truusk.store\/sv\/#organization"},"potentialAction":[{"@type":"SearchAction","target":{"@type":"EntryPoint","urlTemplate":"https:\/\/truusk.store\/sv\/?s={search_term_string}"},"query-input":{"@type":"PropertyValueSpecification","valueRequired":true,"valueName":"search_term_string"}}],"inLanguage":"sv-SE"},{"@type":"Organization","@id":"https:\/\/truusk.store\/sv\/#organization","name":"TRUUSK - Hem, Tr\u00e4dg\u00e5rd & Fritid","url":"https:\/\/truusk.store\/sv\/","logo":{"@type":"ImageObject","inLanguage":"sv-SE","@id":"https:\/\/truusk.store\/sv\/#\/schema\/logo\/image\/","url":"https:\/\/i0.wp.com\/truusk.store\/wp-content\/uploads\/2026\/03\/cropped-TRUUSK.png?fit=2032%2C917&ssl=1","contentUrl":"https:\/\/i0.wp.com\/truusk.store\/wp-content\/uploads\/2026\/03\/cropped-TRUUSK.png?fit=2032%2C917&ssl=1","width":2032,"height":917,"caption":"TRUUSK - Hem, Tr\u00e4dg\u00e5rd & Fritid"},"image":{"@id":"https:\/\/truusk.store\/sv\/#\/schema\/logo\/image\/"}}]}},"jetpack_sharing_enabled":true,"_links":{"self":[{"href":"https:\/\/truusk.store\/sv\/wp-json\/wp\/v2\/product\/76673","targetHints":{"allow":["GET"]}}],"collection":[{"href":"https:\/\/truusk.store\/sv\/wp-json\/wp\/v2\/product"}],"about":[{"href":"https:\/\/truusk.store\/sv\/wp-json\/wp\/v2\/types\/product"}],"wp:featuredmedia":[{"embeddable":true,"href":"https:\/\/truusk.store\/sv\/wp-json\/wp\/v2\/media\/76664"}],"wp:attachment":[{"href":"https:\/\/truusk.store\/sv\/wp-json\/wp\/v2\/media?parent=76673"}],"wp:term":[{"taxonomy":"product_brand","embeddable":true,"href":"https:\/\/truusk.store\/sv\/wp-json\/wp\/v2\/product_brand?post=76673"},{"taxonomy":"product_cat","embeddable":true,"href":"https:\/\/truusk.store\/sv\/wp-json\/wp\/v2\/product_cat?post=76673"},{"taxonomy":"product_tag","embeddable":true,"href":"https:\/\/truusk.store\/sv\/wp-json\/wp\/v2\/product_tag?post=76673"}],"curies":[{"name":"wp","href":"https:\/\/api.w.org\/{rel}","templated":true}]}}