{"id":76723,"date":"2025-06-06T05:57:39","date_gmt":"2025-06-06T04:57:39","guid":{"rendered":"https:\/\/truusk.store\/product\/utbyggbart-trappskyddsgaller-0-136cm-87-cm-hogt-dorrskyddsgaller-trappskyddsrullgardin-avsparrningsgaller-trappgaller-for-husdjur-dorrgaller-skyddsgaller-lampligt-for-trappor-dorrar-inomhus-utomhus\/"},"modified":"2026-03-12T08:44:20","modified_gmt":"2026-03-12T07:44:20","slug":"truusk-utbyggbart-trappskyddsgaller-0-136cm-87-cm-hogt-dorrskyddsgaller-trappskyddsrullgardin-avsparrningsgaller","status":"publish","type":"product","link":"https:\/\/truusk.store\/sv\/produkt\/truusk-utbyggbart-trappskyddsgaller-0-136cm-87-cm-hogt-dorrskyddsgaller-trappskyddsrullgardin-avsparrningsgaller\/","title":{"rendered":"TRUUSK Utbyggbart Trappskyddsgaller &#8211; 0-136cm &#8211; 87 Cm H\u00f6gt &#8211; D\u00f6rrskyddsgaller &#8211; Trappskyddsrullgardin &#8211; Avsp\u00e4rrningsgaller &#8211;"},"content":{"rendered":"<p>S\u00e4kra din lilla hund med TRUUSK -utdragbara grind, passar f\u00f6r d\u00f6rrar upp till 136 cm och hundar upp till 40 cm i skulderh\u00f6jd. Utan tr\u00f6skel &#8211; s\u00e4ker passage f\u00f6r din familj. Snabb montering med expanderbultar. Det mjuka, belagda n\u00e4tet skyddar din hund, och l\u00e5sswitchen underl\u00e4ttar hanteringen. Perfekt f\u00f6r korridorer och d\u00f6rrar &#8211; den idealiska l\u00f6sningen f\u00f6r ditt hem!<\/p>\n<p>Beskrivning:<\/p>\n<ul>\n<li> L\u00e4mplig trappskydd f\u00f6r passager, korridorer och trappor upp till 136 cm<\/li>\n<li> Passar f\u00f6r sm\u00e5 hundar med en maximal skulderh\u00f6jd p\u00e5 40 cm<\/li>\n<li> Ingen tr\u00f6skel nedtill f\u00f6r s\u00e4ker passage<\/li>\n<li> Enkel installation med expanderbultar<\/li>\n<li> Ta bort den utdragbara grinden och f\u00f6rvara den n\u00e4r den inte anv\u00e4nds<\/li>\n<li> Tillverkad av mjukt, plastbelagt n\u00e4t, f\u00f6rblir stabilt och \u00e4r samtidigt s\u00e4kert f\u00f6r husdjur<\/li>\n<li> Utrustad med en l\u00e5sswitch f\u00f6r daglig anv\u00e4ndning<\/li>\n<\/ul>\n<p> Tekniska data:<\/p>\n<ul>\n<li> F\u00e4rg: Gr\u00e5<\/li>\n<li> Material: Plast, Aluminium<\/li>\n<li> Maximal str\u00e4ckstorlek: 142B x 10T x 87H cm<\/li>\n<li> Krympstorlek: 7B x 10T x 87H cm<\/li>\n<li> OBS: L\u00e4mplig f\u00f6r tr\u00e4nade hundar<\/li>\n<\/ul>\n<p>Leveransinneh\u00e5ll:<\/p>\n<ul>\n<li> 1 x utdragbar grind<\/li>\n<li> 1 x manual<\/li>\n<\/ul>\n","protected":false},"excerpt":{"rendered":"<p>S\u00e4kra din lilla hund med TRUUSK -utdragbara grind, passar f\u00f6r d\u00f6rrar upp till 136 cm och hundar upp till 40&#8230;<\/p>\n","protected":false},"featured_media":76714,"template":"","meta":[],"product_brand":[],"product_cat":[878,948,574],"product_tag":[],"class_list":{"0":"post-76723","1":"product","2":"type-product","3":"status-publish","4":"has-post-thumbnail","6":"product_cat-djurbehov","7":"product_cat-hundgaller-skiljevaggar","8":"product_cat-hundtillbehor","10":"first","11":"instock","12":"sale","13":"taxable","14":"shipping-taxable","15":"purchasable","16":"product-type-simple"},"yoast_head":"<!-- This site is optimized with the Yoast SEO plugin v25.4 - https:\/\/yoast.com\/wordpress\/plugins\/seo\/ -->\n<title>TRUUSK Utbyggbart Trappskyddsgaller - 0-136cm - 87 Cm H\u00f6gt - D\u00f6rrskyddsgaller - Trappskyddsrullgardin - Avsp\u00e4rrningsgaller - TRUUSK - Hem, Tr\u00e4dg\u00e5rd &amp; Fritid<\/title>\n<meta name=\"robots\" content=\"index, follow, max-snippet:-1, max-image-preview:large, max-video-preview:-1\" \/>\n<link rel=\"canonical\" href=\"https:\/\/truusk.store\/sv\/produkt\/truusk-utbyggbart-trappskyddsgaller-0-136cm-87-cm-hogt-dorrskyddsgaller-trappskyddsrullgardin-avsparrningsgaller\/\" \/>\n<meta property=\"og:locale\" content=\"sv_SE\" \/>\n<meta property=\"og:type\" content=\"article\" \/>\n<meta property=\"og:title\" content=\"TRUUSK Utbyggbart Trappskyddsgaller - 0-136cm - 87 Cm H\u00f6gt - D\u00f6rrskyddsgaller - Trappskyddsrullgardin - Avsp\u00e4rrningsgaller - TRUUSK - Hem, Tr\u00e4dg\u00e5rd &amp; Fritid\" \/>\n<meta property=\"og:description\" content=\"S\u00e4kra din lilla hund med TRUUSK -utdragbara grind, passar f\u00f6r d\u00f6rrar upp till 136 cm och hundar upp till 40...\" \/>\n<meta property=\"og:url\" content=\"https:\/\/truusk.store\/sv\/produkt\/truusk-utbyggbart-trappskyddsgaller-0-136cm-87-cm-hogt-dorrskyddsgaller-trappskyddsrullgardin-avsparrningsgaller\/\" \/>\n<meta property=\"og:site_name\" content=\"TRUUSK - Hem, Tr\u00e4dg\u00e5rd &amp; Fritid\" \/>\n<meta property=\"article:modified_time\" content=\"2026-03-12T07:44:20+00:00\" \/>\n<meta property=\"og:image\" content=\"https:\/\/i0.wp.com\/truusk.se\/wp-content\/uploads\/2025\/06\/utbyggbart-trappskyddsgaller-0-136cm-87-cm-hogt-dorrskyddsgaller-trappskyddsrullgardin-avsparrningsgaller-trappgaller-for-husdjur-dorrgaller-skyddsgaller-lampligt-for-trappor-dorrar-inomhus-utomhus-1.webp?fit=2000%2C2000&ssl=1\" \/>\n\t<meta property=\"og:image:width\" content=\"2000\" \/>\n\t<meta property=\"og:image:height\" content=\"2000\" \/>\n\t<meta property=\"og:image:type\" content=\"image\/webp\" \/>\n<meta name=\"twitter:card\" content=\"summary_large_image\" \/>\n<meta name=\"twitter:label1\" content=\"Ber\u00e4knad l\u00e4stid\" \/>\n\t<meta name=\"twitter:data1\" content=\"1 minut\" \/>\n<!-- \/ Yoast SEO plugin. -->","yoast_head_json":{"title":"TRUUSK Utbyggbart Trappskyddsgaller - 0-136cm - 87 Cm H\u00f6gt - D\u00f6rrskyddsgaller - Trappskyddsrullgardin - Avsp\u00e4rrningsgaller - TRUUSK - Hem, Tr\u00e4dg\u00e5rd &amp; Fritid","robots":{"index":"index","follow":"follow","max-snippet":"max-snippet:-1","max-image-preview":"max-image-preview:large","max-video-preview":"max-video-preview:-1"},"canonical":"https:\/\/truusk.store\/sv\/produkt\/truusk-utbyggbart-trappskyddsgaller-0-136cm-87-cm-hogt-dorrskyddsgaller-trappskyddsrullgardin-avsparrningsgaller\/","og_locale":"sv_SE","og_type":"article","og_title":"TRUUSK Utbyggbart Trappskyddsgaller - 0-136cm - 87 Cm H\u00f6gt - D\u00f6rrskyddsgaller - Trappskyddsrullgardin - Avsp\u00e4rrningsgaller - TRUUSK - Hem, Tr\u00e4dg\u00e5rd &amp; Fritid","og_description":"S\u00e4kra din lilla hund med TRUUSK -utdragbara grind, passar f\u00f6r d\u00f6rrar upp till 136 cm och hundar upp till 40...","og_url":"https:\/\/truusk.store\/sv\/produkt\/truusk-utbyggbart-trappskyddsgaller-0-136cm-87-cm-hogt-dorrskyddsgaller-trappskyddsrullgardin-avsparrningsgaller\/","og_site_name":"TRUUSK - Hem, Tr\u00e4dg\u00e5rd &amp; Fritid","article_modified_time":"2026-03-12T07:44:20+00:00","og_image":[{"width":2000,"height":2000,"url":"https:\/\/i0.wp.com\/truusk.se\/wp-content\/uploads\/2025\/06\/utbyggbart-trappskyddsgaller-0-136cm-87-cm-hogt-dorrskyddsgaller-trappskyddsrullgardin-avsparrningsgaller-trappgaller-for-husdjur-dorrgaller-skyddsgaller-lampligt-for-trappor-dorrar-inomhus-utomhus-1.webp?fit=2000%2C2000&ssl=1","type":"image\/webp"}],"twitter_card":"summary_large_image","twitter_misc":{"Ber\u00e4knad l\u00e4stid":"1 minut"},"schema":{"@context":"https:\/\/schema.org","@graph":[{"@type":"WebPage","@id":"https:\/\/truusk.store\/sv\/produkt\/truusk-utbyggbart-trappskyddsgaller-0-136cm-87-cm-hogt-dorrskyddsgaller-trappskyddsrullgardin-avsparrningsgaller\/","url":"https:\/\/truusk.store\/sv\/produkt\/truusk-utbyggbart-trappskyddsgaller-0-136cm-87-cm-hogt-dorrskyddsgaller-trappskyddsrullgardin-avsparrningsgaller\/","name":"TRUUSK Utbyggbart Trappskyddsgaller - 0-136cm - 87 Cm H\u00f6gt - D\u00f6rrskyddsgaller - Trappskyddsrullgardin - Avsp\u00e4rrningsgaller - TRUUSK - Hem, Tr\u00e4dg\u00e5rd &amp; Fritid","isPartOf":{"@id":"https:\/\/truusk.store\/sv\/#website"},"primaryImageOfPage":{"@id":"https:\/\/truusk.store\/sv\/produkt\/truusk-utbyggbart-trappskyddsgaller-0-136cm-87-cm-hogt-dorrskyddsgaller-trappskyddsrullgardin-avsparrningsgaller\/#primaryimage"},"image":{"@id":"https:\/\/truusk.store\/sv\/produkt\/truusk-utbyggbart-trappskyddsgaller-0-136cm-87-cm-hogt-dorrskyddsgaller-trappskyddsrullgardin-avsparrningsgaller\/#primaryimage"},"thumbnailUrl":"https:\/\/i0.wp.com\/truusk.store\/wp-content\/uploads\/2025\/06\/utbyggbart-trappskyddsgaller-0-136cm-87-cm-hogt-dorrskyddsgaller-trappskyddsrullgardin-avsparrningsgaller-trappgaller-for-husdjur-dorrgaller-skyddsgaller-lampligt-for-trappor-dorrar-inomhus-utomhus-1.webp?fit=2000%2C2000&ssl=1","datePublished":"2025-06-06T04:57:39+00:00","dateModified":"2026-03-12T07:44:20+00:00","breadcrumb":{"@id":"https:\/\/truusk.store\/sv\/produkt\/truusk-utbyggbart-trappskyddsgaller-0-136cm-87-cm-hogt-dorrskyddsgaller-trappskyddsrullgardin-avsparrningsgaller\/#breadcrumb"},"inLanguage":"sv-SE","potentialAction":[{"@type":"ReadAction","target":["https:\/\/truusk.store\/sv\/produkt\/truusk-utbyggbart-trappskyddsgaller-0-136cm-87-cm-hogt-dorrskyddsgaller-trappskyddsrullgardin-avsparrningsgaller\/"]}]},{"@type":"ImageObject","inLanguage":"sv-SE","@id":"https:\/\/truusk.store\/sv\/produkt\/truusk-utbyggbart-trappskyddsgaller-0-136cm-87-cm-hogt-dorrskyddsgaller-trappskyddsrullgardin-avsparrningsgaller\/#primaryimage","url":"https:\/\/i0.wp.com\/truusk.store\/wp-content\/uploads\/2025\/06\/utbyggbart-trappskyddsgaller-0-136cm-87-cm-hogt-dorrskyddsgaller-trappskyddsrullgardin-avsparrningsgaller-trappgaller-for-husdjur-dorrgaller-skyddsgaller-lampligt-for-trappor-dorrar-inomhus-utomhus-1.webp?fit=2000%2C2000&ssl=1","contentUrl":"https:\/\/i0.wp.com\/truusk.store\/wp-content\/uploads\/2025\/06\/utbyggbart-trappskyddsgaller-0-136cm-87-cm-hogt-dorrskyddsgaller-trappskyddsrullgardin-avsparrningsgaller-trappgaller-for-husdjur-dorrgaller-skyddsgaller-lampligt-for-trappor-dorrar-inomhus-utomhus-1.webp?fit=2000%2C2000&ssl=1","width":2000,"height":2000},{"@type":"BreadcrumbList","@id":"https:\/\/truusk.store\/sv\/produkt\/truusk-utbyggbart-trappskyddsgaller-0-136cm-87-cm-hogt-dorrskyddsgaller-trappskyddsrullgardin-avsparrningsgaller\/#breadcrumb","itemListElement":[{"@type":"ListItem","position":1,"name":"Home","item":"https:\/\/truusk.store\/sv\/"},{"@type":"ListItem","position":2,"name":"Shop","item":"https:\/\/truusk.store\/shop\/"},{"@type":"ListItem","position":3,"name":"TRUUSK Utbyggbart Trappskyddsgaller &#8211; 0-136cm &#8211; 87 Cm H\u00f6gt &#8211; D\u00f6rrskyddsgaller &#8211; Trappskyddsrullgardin &#8211; Avsp\u00e4rrningsgaller &#8211;"}]},{"@type":"WebSite","@id":"https:\/\/truusk.store\/sv\/#website","url":"https:\/\/truusk.store\/sv\/","name":"TRUUSK - Hem, Tr\u00e4dg\u00e5rd & Fritid","description":"","publisher":{"@id":"https:\/\/truusk.store\/sv\/#organization"},"potentialAction":[{"@type":"SearchAction","target":{"@type":"EntryPoint","urlTemplate":"https:\/\/truusk.store\/sv\/?s={search_term_string}"},"query-input":{"@type":"PropertyValueSpecification","valueRequired":true,"valueName":"search_term_string"}}],"inLanguage":"sv-SE"},{"@type":"Organization","@id":"https:\/\/truusk.store\/sv\/#organization","name":"TRUUSK - Hem, Tr\u00e4dg\u00e5rd & Fritid","url":"https:\/\/truusk.store\/sv\/","logo":{"@type":"ImageObject","inLanguage":"sv-SE","@id":"https:\/\/truusk.store\/sv\/#\/schema\/logo\/image\/","url":"https:\/\/i0.wp.com\/truusk.store\/wp-content\/uploads\/2026\/03\/cropped-TRUUSK.png?fit=2032%2C917&ssl=1","contentUrl":"https:\/\/i0.wp.com\/truusk.store\/wp-content\/uploads\/2026\/03\/cropped-TRUUSK.png?fit=2032%2C917&ssl=1","width":2032,"height":917,"caption":"TRUUSK - Hem, Tr\u00e4dg\u00e5rd & Fritid"},"image":{"@id":"https:\/\/truusk.store\/sv\/#\/schema\/logo\/image\/"}}]}},"jetpack_sharing_enabled":true,"_links":{"self":[{"href":"https:\/\/truusk.store\/sv\/wp-json\/wp\/v2\/product\/76723","targetHints":{"allow":["GET"]}}],"collection":[{"href":"https:\/\/truusk.store\/sv\/wp-json\/wp\/v2\/product"}],"about":[{"href":"https:\/\/truusk.store\/sv\/wp-json\/wp\/v2\/types\/product"}],"wp:featuredmedia":[{"embeddable":true,"href":"https:\/\/truusk.store\/sv\/wp-json\/wp\/v2\/media\/76714"}],"wp:attachment":[{"href":"https:\/\/truusk.store\/sv\/wp-json\/wp\/v2\/media?parent=76723"}],"wp:term":[{"taxonomy":"product_brand","embeddable":true,"href":"https:\/\/truusk.store\/sv\/wp-json\/wp\/v2\/product_brand?post=76723"},{"taxonomy":"product_cat","embeddable":true,"href":"https:\/\/truusk.store\/sv\/wp-json\/wp\/v2\/product_cat?post=76723"},{"taxonomy":"product_tag","embeddable":true,"href":"https:\/\/truusk.store\/sv\/wp-json\/wp\/v2\/product_tag?post=76723"}],"curies":[{"name":"wp","href":"https:\/\/api.w.org\/{rel}","templated":true}]}}