{"id":76803,"date":"2025-06-06T06:05:51","date_gmt":"2025-06-06T05:05:51","guid":{"rendered":"https:\/\/truusk.store\/product\/hamsterbur-4-vaningar-gnagarbur-smadjursbur-med-lophjul-matbal-tunnel-hydda-overdorr-smadjursstall-bur-for-hamster-syrisk-hamster-78-x-45-x-73-cm-gra\/"},"modified":"2026-03-12T09:46:27","modified_gmt":"2026-03-12T08:46:27","slug":"truusk-hamsterbur-4-vaningar-gnagarbur-med-lophjul-och-matbal-tunnel-och-hydda-for-hamstrar-78-x-45-x-73-cm-gra","status":"publish","type":"product","link":"https:\/\/truusk.store\/sv\/produkt\/truusk-hamsterbur-4-vaningar-gnagarbur-med-lophjul-och-matbal-tunnel-och-hydda-for-hamstrar-78-x-45-x-73-cm-gra\/","title":{"rendered":"TRUUSK Hamsterbur 4 V\u00e5ningar &#8211; Gnagarbur med L\u00f6phjul och Matb\u00e5l &#8211; Tunnel och Hydda &#8211; F\u00f6r Hamstrar &#8211; 78 x 45 x 73 cm &#8211; Gr\u00e5"},"content":{"rendered":"<p>Uppt\u00e4ck TRUUSK dv\u00e4rghamsterbur! Sm\u00e5djursburen erbjuder 4 niv\u00e5er, ett f\u00e4rgglatt r\u00f6rsystem f\u00f6r utforskning och gott om utrymme med tre st\u00e4nger, ramper och en mysig stuga. L\u00e4ttillg\u00e4nglig med tv\u00e5 fr\u00e4mre d\u00f6rrar och en \u00f6vre lucka, perfekt hamsterbur f\u00f6r sm\u00e5 gnagare som \u00e4lskar variation.<\/p>\n<p>Beskrivning:<\/p>\n<ul>\n<li> Fyrniv\u00e5designen av hamsterburen fr\u00e4mjar utforskning f\u00f6r aktiva syriska hamstrar<\/li>\n<li> F\u00e4rgglatt \u00d87 cm r\u00f6rsystem i sm\u00e5djursburen erbjuder sp\u00e4nnande lekm\u00f6jligheter<\/li>\n<li> Rikt tillbeh\u00f6r till hamsterh\u00e4gnet m\u00f6jligg\u00f6r individuell inredning<\/li>\n<li> Tv\u00e5 fr\u00e4mre d\u00f6rrar samt en \u00f6vre d\u00f6rr och sp\u00e4nndesign underl\u00e4ttar reng\u00f6ring<\/li>\n<li> 17 cm djup botten erbjuder gott om utrymme f\u00f6r vila och gr\u00e4vning<\/li>\n<li> 0,9 cm galleravst\u00e5nd f\u00f6rhindrar rymningar<\/li>\n<li> Montering kr\u00e4vs<\/li>\n<\/ul>\n<p> Tekniska data:<\/p>\n<ul>\n<li> F\u00e4rg: Vit+Gr\u00e5<\/li>\n<li> Material: Metall, Plast<\/li>\n<li> Totala dimensioner: 78L x 45B x 73H cm<\/li>\n<li> Botten: 79L x 46B x 17H cm<\/li>\n<li> Framd\u00f6rr: 25B x 22H cm, 25B x 10H cm<\/li>\n<li> \u00d6verd\u00f6rr: 13B x 9H cm<\/li>\n<li> Plattform: 43L x 24B cm<\/li>\n<li> Ramp: 38\/31L x 12B cm<\/li>\n<li> Stuga: 14L x 9,5B x 9,5H cm<\/li>\n<li> L\u00f6phjul: \u00d819 x 10 cm<\/li>\n<li> Matdispenser: \u00d88 x 4H cm<\/li>\n<li> Vattenflaska: 75 ml<\/li>\n<li> Rakt r\u00f6r: \u00d87 x 9L cm<\/li>\n<li> R\u00f6rb\u00f6jning: \u00d87 cm<\/li>\n<li> St\u00e5ngavst\u00e5nd: 0,9 cm<\/li>\n<\/ul>\n<p>Leveransinneh\u00e5ll:<\/p>\n<ul>\n<li> 1 x Dv\u00e4rghamsterbur<\/li>\n<li> 3 x Sittst\u00e4nger<\/li>\n<li> 3 x Ramper<\/li>\n<li> 1 x Stuga<\/li>\n<li> 1 x Hjul<\/li>\n<li> 1 x Vattenflaska<\/li>\n<li> 1 x Matkopp<\/li>\n<li> 11 x Raka r\u00f6r<\/li>\n<li> 14 x B\u00f6jda r\u00f6r<\/li>\n<li> 1 x Handbok<\/li>\n<\/ul>\n","protected":false},"excerpt":{"rendered":"<p>Uppt\u00e4ck TRUUSK dv\u00e4rghamsterbur! Sm\u00e5djursburen erbjuder 4 niv\u00e5er, ett f\u00e4rgglatt r\u00f6rsystem f\u00f6r utforskning och gott om utrymme med tre st\u00e4nger, ramper&#8230;<\/p>\n","protected":false},"featured_media":76794,"template":"","meta":[],"product_brand":[],"product_cat":[878,599,597],"product_tag":[],"class_list":{"0":"post-76803","1":"product","2":"type-product","3":"status-publish","4":"has-post-thumbnail","6":"product_cat-djurbehov","7":"product_cat-sma-djurburar","8":"product_cat-sma-djurtillbehor","10":"first","11":"instock","12":"sale","13":"taxable","14":"shipping-taxable","15":"purchasable","16":"product-type-simple"},"yoast_head":"<!-- This site is optimized with the Yoast SEO plugin v25.4 - https:\/\/yoast.com\/wordpress\/plugins\/seo\/ -->\n<title>TRUUSK Hamsterbur 4 V\u00e5ningar - Gnagarbur med L\u00f6phjul och Matb\u00e5l - Tunnel och Hydda - F\u00f6r Hamstrar - 78 x 45 x 73 cm - Gr\u00e5 - TRUUSK - Hem, Tr\u00e4dg\u00e5rd &amp; Fritid<\/title>\n<meta name=\"robots\" content=\"index, follow, max-snippet:-1, max-image-preview:large, max-video-preview:-1\" \/>\n<link rel=\"canonical\" href=\"https:\/\/truusk.store\/sv\/produkt\/truusk-hamsterbur-4-vaningar-gnagarbur-med-lophjul-och-matbal-tunnel-och-hydda-for-hamstrar-78-x-45-x-73-cm-gra\/\" \/>\n<meta property=\"og:locale\" content=\"sv_SE\" \/>\n<meta property=\"og:type\" content=\"article\" \/>\n<meta property=\"og:title\" content=\"TRUUSK Hamsterbur 4 V\u00e5ningar - Gnagarbur med L\u00f6phjul och Matb\u00e5l - Tunnel och Hydda - F\u00f6r Hamstrar - 78 x 45 x 73 cm - Gr\u00e5 - TRUUSK - Hem, Tr\u00e4dg\u00e5rd &amp; Fritid\" \/>\n<meta property=\"og:description\" content=\"Uppt\u00e4ck TRUUSK dv\u00e4rghamsterbur! Sm\u00e5djursburen erbjuder 4 niv\u00e5er, ett f\u00e4rgglatt r\u00f6rsystem f\u00f6r utforskning och gott om utrymme med tre st\u00e4nger, ramper...\" \/>\n<meta property=\"og:url\" content=\"https:\/\/truusk.store\/sv\/produkt\/truusk-hamsterbur-4-vaningar-gnagarbur-med-lophjul-och-matbal-tunnel-och-hydda-for-hamstrar-78-x-45-x-73-cm-gra\/\" \/>\n<meta property=\"og:site_name\" content=\"TRUUSK - Hem, Tr\u00e4dg\u00e5rd &amp; Fritid\" \/>\n<meta property=\"article:modified_time\" content=\"2026-03-12T08:46:27+00:00\" \/>\n<meta property=\"og:image\" content=\"https:\/\/i0.wp.com\/truusk.se\/wp-content\/uploads\/2025\/06\/hamsterbur-4-vaningar-gnagarbur-smadjursbur-med-lophjul-matbal-tunnel-hydda-overdorr-smadjursstall-bur-for-hamster-syrisk-hamster-78-x-45-x-73-cm-gra-1.webp?fit=2000%2C2000&ssl=1\" \/>\n\t<meta property=\"og:image:width\" content=\"2000\" \/>\n\t<meta property=\"og:image:height\" content=\"2000\" \/>\n\t<meta property=\"og:image:type\" content=\"image\/webp\" \/>\n<meta name=\"twitter:card\" content=\"summary_large_image\" \/>\n<meta name=\"twitter:label1\" content=\"Ber\u00e4knad l\u00e4stid\" \/>\n\t<meta name=\"twitter:data1\" content=\"1 minut\" \/>\n<!-- \/ Yoast SEO plugin. -->","yoast_head_json":{"title":"TRUUSK Hamsterbur 4 V\u00e5ningar - Gnagarbur med L\u00f6phjul och Matb\u00e5l - Tunnel och Hydda - F\u00f6r Hamstrar - 78 x 45 x 73 cm - Gr\u00e5 - TRUUSK - Hem, Tr\u00e4dg\u00e5rd &amp; Fritid","robots":{"index":"index","follow":"follow","max-snippet":"max-snippet:-1","max-image-preview":"max-image-preview:large","max-video-preview":"max-video-preview:-1"},"canonical":"https:\/\/truusk.store\/sv\/produkt\/truusk-hamsterbur-4-vaningar-gnagarbur-med-lophjul-och-matbal-tunnel-och-hydda-for-hamstrar-78-x-45-x-73-cm-gra\/","og_locale":"sv_SE","og_type":"article","og_title":"TRUUSK Hamsterbur 4 V\u00e5ningar - Gnagarbur med L\u00f6phjul och Matb\u00e5l - Tunnel och Hydda - F\u00f6r Hamstrar - 78 x 45 x 73 cm - Gr\u00e5 - TRUUSK - Hem, Tr\u00e4dg\u00e5rd &amp; Fritid","og_description":"Uppt\u00e4ck TRUUSK dv\u00e4rghamsterbur! Sm\u00e5djursburen erbjuder 4 niv\u00e5er, ett f\u00e4rgglatt r\u00f6rsystem f\u00f6r utforskning och gott om utrymme med tre st\u00e4nger, ramper...","og_url":"https:\/\/truusk.store\/sv\/produkt\/truusk-hamsterbur-4-vaningar-gnagarbur-med-lophjul-och-matbal-tunnel-och-hydda-for-hamstrar-78-x-45-x-73-cm-gra\/","og_site_name":"TRUUSK - Hem, Tr\u00e4dg\u00e5rd &amp; Fritid","article_modified_time":"2026-03-12T08:46:27+00:00","og_image":[{"width":2000,"height":2000,"url":"https:\/\/i0.wp.com\/truusk.se\/wp-content\/uploads\/2025\/06\/hamsterbur-4-vaningar-gnagarbur-smadjursbur-med-lophjul-matbal-tunnel-hydda-overdorr-smadjursstall-bur-for-hamster-syrisk-hamster-78-x-45-x-73-cm-gra-1.webp?fit=2000%2C2000&ssl=1","type":"image\/webp"}],"twitter_card":"summary_large_image","twitter_misc":{"Ber\u00e4knad l\u00e4stid":"1 minut"},"schema":{"@context":"https:\/\/schema.org","@graph":[{"@type":"WebPage","@id":"https:\/\/truusk.store\/sv\/produkt\/truusk-hamsterbur-4-vaningar-gnagarbur-med-lophjul-och-matbal-tunnel-och-hydda-for-hamstrar-78-x-45-x-73-cm-gra\/","url":"https:\/\/truusk.store\/sv\/produkt\/truusk-hamsterbur-4-vaningar-gnagarbur-med-lophjul-och-matbal-tunnel-och-hydda-for-hamstrar-78-x-45-x-73-cm-gra\/","name":"TRUUSK Hamsterbur 4 V\u00e5ningar - Gnagarbur med L\u00f6phjul och Matb\u00e5l - Tunnel och Hydda - F\u00f6r Hamstrar - 78 x 45 x 73 cm - Gr\u00e5 - TRUUSK - Hem, Tr\u00e4dg\u00e5rd &amp; Fritid","isPartOf":{"@id":"https:\/\/truusk.store\/sv\/#website"},"primaryImageOfPage":{"@id":"https:\/\/truusk.store\/sv\/produkt\/truusk-hamsterbur-4-vaningar-gnagarbur-med-lophjul-och-matbal-tunnel-och-hydda-for-hamstrar-78-x-45-x-73-cm-gra\/#primaryimage"},"image":{"@id":"https:\/\/truusk.store\/sv\/produkt\/truusk-hamsterbur-4-vaningar-gnagarbur-med-lophjul-och-matbal-tunnel-och-hydda-for-hamstrar-78-x-45-x-73-cm-gra\/#primaryimage"},"thumbnailUrl":"https:\/\/i0.wp.com\/truusk.store\/wp-content\/uploads\/2025\/06\/hamsterbur-4-vaningar-gnagarbur-smadjursbur-med-lophjul-matbal-tunnel-hydda-overdorr-smadjursstall-bur-for-hamster-syrisk-hamster-78-x-45-x-73-cm-gra-1.webp?fit=2000%2C2000&ssl=1","datePublished":"2025-06-06T05:05:51+00:00","dateModified":"2026-03-12T08:46:27+00:00","breadcrumb":{"@id":"https:\/\/truusk.store\/sv\/produkt\/truusk-hamsterbur-4-vaningar-gnagarbur-med-lophjul-och-matbal-tunnel-och-hydda-for-hamstrar-78-x-45-x-73-cm-gra\/#breadcrumb"},"inLanguage":"sv-SE","potentialAction":[{"@type":"ReadAction","target":["https:\/\/truusk.store\/sv\/produkt\/truusk-hamsterbur-4-vaningar-gnagarbur-med-lophjul-och-matbal-tunnel-och-hydda-for-hamstrar-78-x-45-x-73-cm-gra\/"]}]},{"@type":"ImageObject","inLanguage":"sv-SE","@id":"https:\/\/truusk.store\/sv\/produkt\/truusk-hamsterbur-4-vaningar-gnagarbur-med-lophjul-och-matbal-tunnel-och-hydda-for-hamstrar-78-x-45-x-73-cm-gra\/#primaryimage","url":"https:\/\/i0.wp.com\/truusk.store\/wp-content\/uploads\/2025\/06\/hamsterbur-4-vaningar-gnagarbur-smadjursbur-med-lophjul-matbal-tunnel-hydda-overdorr-smadjursstall-bur-for-hamster-syrisk-hamster-78-x-45-x-73-cm-gra-1.webp?fit=2000%2C2000&ssl=1","contentUrl":"https:\/\/i0.wp.com\/truusk.store\/wp-content\/uploads\/2025\/06\/hamsterbur-4-vaningar-gnagarbur-smadjursbur-med-lophjul-matbal-tunnel-hydda-overdorr-smadjursstall-bur-for-hamster-syrisk-hamster-78-x-45-x-73-cm-gra-1.webp?fit=2000%2C2000&ssl=1","width":2000,"height":2000},{"@type":"BreadcrumbList","@id":"https:\/\/truusk.store\/sv\/produkt\/truusk-hamsterbur-4-vaningar-gnagarbur-med-lophjul-och-matbal-tunnel-och-hydda-for-hamstrar-78-x-45-x-73-cm-gra\/#breadcrumb","itemListElement":[{"@type":"ListItem","position":1,"name":"Home","item":"https:\/\/truusk.store\/sv\/"},{"@type":"ListItem","position":2,"name":"Shop","item":"https:\/\/truusk.store\/shop\/"},{"@type":"ListItem","position":3,"name":"TRUUSK Hamsterbur 4 V\u00e5ningar &#8211; Gnagarbur med L\u00f6phjul och Matb\u00e5l &#8211; Tunnel och Hydda &#8211; F\u00f6r Hamstrar &#8211; 78 x 45 x 73 cm &#8211; Gr\u00e5"}]},{"@type":"WebSite","@id":"https:\/\/truusk.store\/sv\/#website","url":"https:\/\/truusk.store\/sv\/","name":"TRUUSK - Hem, Tr\u00e4dg\u00e5rd & Fritid","description":"","publisher":{"@id":"https:\/\/truusk.store\/sv\/#organization"},"potentialAction":[{"@type":"SearchAction","target":{"@type":"EntryPoint","urlTemplate":"https:\/\/truusk.store\/sv\/?s={search_term_string}"},"query-input":{"@type":"PropertyValueSpecification","valueRequired":true,"valueName":"search_term_string"}}],"inLanguage":"sv-SE"},{"@type":"Organization","@id":"https:\/\/truusk.store\/sv\/#organization","name":"TRUUSK - Hem, Tr\u00e4dg\u00e5rd & Fritid","url":"https:\/\/truusk.store\/sv\/","logo":{"@type":"ImageObject","inLanguage":"sv-SE","@id":"https:\/\/truusk.store\/sv\/#\/schema\/logo\/image\/","url":"https:\/\/i0.wp.com\/truusk.store\/wp-content\/uploads\/2026\/03\/cropped-TRUUSK.png?fit=2032%2C917&ssl=1","contentUrl":"https:\/\/i0.wp.com\/truusk.store\/wp-content\/uploads\/2026\/03\/cropped-TRUUSK.png?fit=2032%2C917&ssl=1","width":2032,"height":917,"caption":"TRUUSK - Hem, Tr\u00e4dg\u00e5rd & Fritid"},"image":{"@id":"https:\/\/truusk.store\/sv\/#\/schema\/logo\/image\/"}}]}},"jetpack_sharing_enabled":true,"_links":{"self":[{"href":"https:\/\/truusk.store\/sv\/wp-json\/wp\/v2\/product\/76803","targetHints":{"allow":["GET"]}}],"collection":[{"href":"https:\/\/truusk.store\/sv\/wp-json\/wp\/v2\/product"}],"about":[{"href":"https:\/\/truusk.store\/sv\/wp-json\/wp\/v2\/types\/product"}],"wp:featuredmedia":[{"embeddable":true,"href":"https:\/\/truusk.store\/sv\/wp-json\/wp\/v2\/media\/76794"}],"wp:attachment":[{"href":"https:\/\/truusk.store\/sv\/wp-json\/wp\/v2\/media?parent=76803"}],"wp:term":[{"taxonomy":"product_brand","embeddable":true,"href":"https:\/\/truusk.store\/sv\/wp-json\/wp\/v2\/product_brand?post=76803"},{"taxonomy":"product_cat","embeddable":true,"href":"https:\/\/truusk.store\/sv\/wp-json\/wp\/v2\/product_cat?post=76803"},{"taxonomy":"product_tag","embeddable":true,"href":"https:\/\/truusk.store\/sv\/wp-json\/wp\/v2\/product_tag?post=76803"}],"curies":[{"name":"wp","href":"https:\/\/api.w.org\/{rel}","templated":true}]}}