{"id":76823,"date":"2025-06-06T06:07:37","date_gmt":"2025-06-06T05:07:37","guid":{"rendered":"https:\/\/truusk.store\/product\/markisoverdrag-markisduk-med-volant-vattenavvisande-ersattningsduk-for-4-x-3-m-markiser-markisduk-markisvav-solskydd-for-tradgard-balkong-gard-gra\/"},"modified":"2026-03-12T08:41:17","modified_gmt":"2026-03-12T07:41:17","slug":"truusk-vattentat-markisduk-med-volang-ersattningsduk-for-4x3m-markis-solskydd-for-tradgard-gra","status":"publish","type":"product","link":"https:\/\/truusk.store\/sv\/produkt\/truusk-vattentat-markisduk-med-volang-ersattningsduk-for-4x3m-markis-solskydd-for-tradgard-gra\/","title":{"rendered":"TRUUSK Vattent\u00e4t Markisduk med Volang &#8211; Ers\u00e4ttningsduk f\u00f6r 4x3m Markis &#8211; Solskydd f\u00f6r Tr\u00e4dg\u00e5rd &#8211; Gr\u00e5"},"content":{"rendered":"<p>Uppdatera ditt utomhusomr\u00e5de med TRUUSK markisduk, passande f\u00f6r 4 x 3 m markiser. Tillverkad av 100% polyester med PA-bel\u00e4ggning, erbjuder markisduken UPF 50+ skydd och \u00e4r vattenavvisande, perfekt f\u00f6r uteplats, terrass eller tr\u00e4dg\u00e5rd. Genom att enkelt f\u00e4sta markisduken, blir ditt utomhusomr\u00e5de till en uppfriskande oas av v\u00e4lbefinnande.<\/p>\n<p>Beskrivning:<\/p>\n<ul>\n<li> Passar till 4 x 3 m utdragbara markiser, kompatibel med TRUUSK modeller<\/li>\n<li> 100% polyester med PA-bel\u00e4ggning p\u00e5 markisduken garanterar l\u00e5ngvarig anv\u00e4ndning<\/li>\n<li> UPF 50+ skydd skyddar mot skadliga ultravioletta str\u00e5lar<\/li>\n<li> Vattenavvisande material p\u00e5 markisduken h\u00e5ller dig torr vid l\u00e4tt regn<\/li>\n<li> L\u00e4tt design av markisduken underl\u00e4ttar montering och avtagning<\/li>\n<li> L\u00e4mplig f\u00f6r svalkande skugga p\u00e5 terrasser, balkonger och i tr\u00e4dg\u00e5rdar.<\/li>\n<\/ul>\n<p> Tekniska data:<\/p>\n<ul>\n<li> F\u00e4rg: Gr\u00e5<\/li>\n<li> Material: Polyester<\/li>\n<li> Totala dimensioner: 382L x 250B cm<\/li>\n<\/ul>\n<p>Leveransinneh\u00e5ll:<\/p>\n<ul>\n<li> 1 x reservtyg f\u00f6r markis;<\/li>\n<\/ul>\n","protected":false},"excerpt":{"rendered":"<p>Uppdatera ditt utomhusomr\u00e5de med TRUUSK markisduk, passande f\u00f6r 4 x 3 m markiser. Tillverkad av 100% polyester med PA-bel\u00e4ggning, erbjuder&#8230;<\/p>\n","protected":false},"featured_media":76814,"template":"","meta":[],"product_brand":[],"product_cat":[473,862,858],"product_tag":[],"class_list":{"0":"post-76823","1":"product","2":"type-product","3":"status-publish","4":"has-post-thumbnail","6":"product_cat-markiser","7":"product_cat-sol-insynsskydd","8":"product_cat-tradgard-terrass","10":"first","11":"instock","12":"sale","13":"taxable","14":"shipping-taxable","15":"purchasable","16":"product-type-simple"},"yoast_head":"<!-- This site is optimized with the Yoast SEO plugin v25.4 - https:\/\/yoast.com\/wordpress\/plugins\/seo\/ -->\n<title>TRUUSK Vattent\u00e4t Markisduk med Volang - Ers\u00e4ttningsduk f\u00f6r 4x3m Markis - Solskydd f\u00f6r Tr\u00e4dg\u00e5rd - Gr\u00e5 - TRUUSK - Hem, Tr\u00e4dg\u00e5rd &amp; Fritid<\/title>\n<meta name=\"robots\" content=\"index, follow, max-snippet:-1, max-image-preview:large, max-video-preview:-1\" \/>\n<link rel=\"canonical\" href=\"https:\/\/truusk.store\/sv\/produkt\/truusk-vattentat-markisduk-med-volang-ersattningsduk-for-4x3m-markis-solskydd-for-tradgard-gra\/\" \/>\n<meta property=\"og:locale\" content=\"sv_SE\" \/>\n<meta property=\"og:type\" content=\"article\" \/>\n<meta property=\"og:title\" content=\"TRUUSK Vattent\u00e4t Markisduk med Volang - Ers\u00e4ttningsduk f\u00f6r 4x3m Markis - Solskydd f\u00f6r Tr\u00e4dg\u00e5rd - Gr\u00e5 - TRUUSK - Hem, Tr\u00e4dg\u00e5rd &amp; Fritid\" \/>\n<meta property=\"og:description\" content=\"Uppdatera ditt utomhusomr\u00e5de med TRUUSK markisduk, passande f\u00f6r 4 x 3 m markiser. Tillverkad av 100% polyester med PA-bel\u00e4ggning, erbjuder...\" \/>\n<meta property=\"og:url\" content=\"https:\/\/truusk.store\/sv\/produkt\/truusk-vattentat-markisduk-med-volang-ersattningsduk-for-4x3m-markis-solskydd-for-tradgard-gra\/\" \/>\n<meta property=\"og:site_name\" content=\"TRUUSK - Hem, Tr\u00e4dg\u00e5rd &amp; Fritid\" \/>\n<meta property=\"article:modified_time\" content=\"2026-03-12T07:41:17+00:00\" \/>\n<meta property=\"og:image\" content=\"https:\/\/i0.wp.com\/truusk.se\/wp-content\/uploads\/2025\/06\/markisoverdrag-markisduk-med-volant-vattenavvisande-ersattningsduk-for-4-x-3-m-markiser-markisduk-markisvav-solskydd-for-tradgard-balkong-gard-gra-1.webp?fit=2000%2C2000&ssl=1\" \/>\n\t<meta property=\"og:image:width\" content=\"2000\" \/>\n\t<meta property=\"og:image:height\" content=\"2000\" \/>\n\t<meta property=\"og:image:type\" content=\"image\/webp\" \/>\n<meta name=\"twitter:card\" content=\"summary_large_image\" \/>\n<meta name=\"twitter:label1\" content=\"Ber\u00e4knad l\u00e4stid\" \/>\n\t<meta name=\"twitter:data1\" content=\"1 minut\" \/>\n<!-- \/ Yoast SEO plugin. -->","yoast_head_json":{"title":"TRUUSK Vattent\u00e4t Markisduk med Volang - Ers\u00e4ttningsduk f\u00f6r 4x3m Markis - Solskydd f\u00f6r Tr\u00e4dg\u00e5rd - Gr\u00e5 - TRUUSK - Hem, Tr\u00e4dg\u00e5rd &amp; Fritid","robots":{"index":"index","follow":"follow","max-snippet":"max-snippet:-1","max-image-preview":"max-image-preview:large","max-video-preview":"max-video-preview:-1"},"canonical":"https:\/\/truusk.store\/sv\/produkt\/truusk-vattentat-markisduk-med-volang-ersattningsduk-for-4x3m-markis-solskydd-for-tradgard-gra\/","og_locale":"sv_SE","og_type":"article","og_title":"TRUUSK Vattent\u00e4t Markisduk med Volang - Ers\u00e4ttningsduk f\u00f6r 4x3m Markis - Solskydd f\u00f6r Tr\u00e4dg\u00e5rd - Gr\u00e5 - TRUUSK - Hem, Tr\u00e4dg\u00e5rd &amp; Fritid","og_description":"Uppdatera ditt utomhusomr\u00e5de med TRUUSK markisduk, passande f\u00f6r 4 x 3 m markiser. Tillverkad av 100% polyester med PA-bel\u00e4ggning, erbjuder...","og_url":"https:\/\/truusk.store\/sv\/produkt\/truusk-vattentat-markisduk-med-volang-ersattningsduk-for-4x3m-markis-solskydd-for-tradgard-gra\/","og_site_name":"TRUUSK - Hem, Tr\u00e4dg\u00e5rd &amp; Fritid","article_modified_time":"2026-03-12T07:41:17+00:00","og_image":[{"width":2000,"height":2000,"url":"https:\/\/i0.wp.com\/truusk.se\/wp-content\/uploads\/2025\/06\/markisoverdrag-markisduk-med-volant-vattenavvisande-ersattningsduk-for-4-x-3-m-markiser-markisduk-markisvav-solskydd-for-tradgard-balkong-gard-gra-1.webp?fit=2000%2C2000&ssl=1","type":"image\/webp"}],"twitter_card":"summary_large_image","twitter_misc":{"Ber\u00e4knad l\u00e4stid":"1 minut"},"schema":{"@context":"https:\/\/schema.org","@graph":[{"@type":"WebPage","@id":"https:\/\/truusk.store\/sv\/produkt\/truusk-vattentat-markisduk-med-volang-ersattningsduk-for-4x3m-markis-solskydd-for-tradgard-gra\/","url":"https:\/\/truusk.store\/sv\/produkt\/truusk-vattentat-markisduk-med-volang-ersattningsduk-for-4x3m-markis-solskydd-for-tradgard-gra\/","name":"TRUUSK Vattent\u00e4t Markisduk med Volang - Ers\u00e4ttningsduk f\u00f6r 4x3m Markis - Solskydd f\u00f6r Tr\u00e4dg\u00e5rd - Gr\u00e5 - TRUUSK - Hem, Tr\u00e4dg\u00e5rd &amp; Fritid","isPartOf":{"@id":"https:\/\/truusk.store\/sv\/#website"},"primaryImageOfPage":{"@id":"https:\/\/truusk.store\/sv\/produkt\/truusk-vattentat-markisduk-med-volang-ersattningsduk-for-4x3m-markis-solskydd-for-tradgard-gra\/#primaryimage"},"image":{"@id":"https:\/\/truusk.store\/sv\/produkt\/truusk-vattentat-markisduk-med-volang-ersattningsduk-for-4x3m-markis-solskydd-for-tradgard-gra\/#primaryimage"},"thumbnailUrl":"https:\/\/i0.wp.com\/truusk.store\/wp-content\/uploads\/2025\/06\/markisoverdrag-markisduk-med-volant-vattenavvisande-ersattningsduk-for-4-x-3-m-markiser-markisduk-markisvav-solskydd-for-tradgard-balkong-gard-gra-1.webp?fit=2000%2C2000&ssl=1","datePublished":"2025-06-06T05:07:37+00:00","dateModified":"2026-03-12T07:41:17+00:00","breadcrumb":{"@id":"https:\/\/truusk.store\/sv\/produkt\/truusk-vattentat-markisduk-med-volang-ersattningsduk-for-4x3m-markis-solskydd-for-tradgard-gra\/#breadcrumb"},"inLanguage":"sv-SE","potentialAction":[{"@type":"ReadAction","target":["https:\/\/truusk.store\/sv\/produkt\/truusk-vattentat-markisduk-med-volang-ersattningsduk-for-4x3m-markis-solskydd-for-tradgard-gra\/"]}]},{"@type":"ImageObject","inLanguage":"sv-SE","@id":"https:\/\/truusk.store\/sv\/produkt\/truusk-vattentat-markisduk-med-volang-ersattningsduk-for-4x3m-markis-solskydd-for-tradgard-gra\/#primaryimage","url":"https:\/\/i0.wp.com\/truusk.store\/wp-content\/uploads\/2025\/06\/markisoverdrag-markisduk-med-volant-vattenavvisande-ersattningsduk-for-4-x-3-m-markiser-markisduk-markisvav-solskydd-for-tradgard-balkong-gard-gra-1.webp?fit=2000%2C2000&ssl=1","contentUrl":"https:\/\/i0.wp.com\/truusk.store\/wp-content\/uploads\/2025\/06\/markisoverdrag-markisduk-med-volant-vattenavvisande-ersattningsduk-for-4-x-3-m-markiser-markisduk-markisvav-solskydd-for-tradgard-balkong-gard-gra-1.webp?fit=2000%2C2000&ssl=1","width":2000,"height":2000},{"@type":"BreadcrumbList","@id":"https:\/\/truusk.store\/sv\/produkt\/truusk-vattentat-markisduk-med-volang-ersattningsduk-for-4x3m-markis-solskydd-for-tradgard-gra\/#breadcrumb","itemListElement":[{"@type":"ListItem","position":1,"name":"Home","item":"https:\/\/truusk.store\/sv\/"},{"@type":"ListItem","position":2,"name":"Shop","item":"https:\/\/truusk.store\/shop\/"},{"@type":"ListItem","position":3,"name":"TRUUSK Vattent\u00e4t Markisduk med Volang &#8211; Ers\u00e4ttningsduk f\u00f6r 4x3m Markis &#8211; Solskydd f\u00f6r Tr\u00e4dg\u00e5rd &#8211; Gr\u00e5"}]},{"@type":"WebSite","@id":"https:\/\/truusk.store\/sv\/#website","url":"https:\/\/truusk.store\/sv\/","name":"TRUUSK - Hem, Tr\u00e4dg\u00e5rd & Fritid","description":"","publisher":{"@id":"https:\/\/truusk.store\/sv\/#organization"},"potentialAction":[{"@type":"SearchAction","target":{"@type":"EntryPoint","urlTemplate":"https:\/\/truusk.store\/sv\/?s={search_term_string}"},"query-input":{"@type":"PropertyValueSpecification","valueRequired":true,"valueName":"search_term_string"}}],"inLanguage":"sv-SE"},{"@type":"Organization","@id":"https:\/\/truusk.store\/sv\/#organization","name":"TRUUSK - Hem, Tr\u00e4dg\u00e5rd & Fritid","url":"https:\/\/truusk.store\/sv\/","logo":{"@type":"ImageObject","inLanguage":"sv-SE","@id":"https:\/\/truusk.store\/sv\/#\/schema\/logo\/image\/","url":"https:\/\/i0.wp.com\/truusk.store\/wp-content\/uploads\/2026\/03\/cropped-TRUUSK.png?fit=2032%2C917&ssl=1","contentUrl":"https:\/\/i0.wp.com\/truusk.store\/wp-content\/uploads\/2026\/03\/cropped-TRUUSK.png?fit=2032%2C917&ssl=1","width":2032,"height":917,"caption":"TRUUSK - Hem, Tr\u00e4dg\u00e5rd & Fritid"},"image":{"@id":"https:\/\/truusk.store\/sv\/#\/schema\/logo\/image\/"}}]}},"jetpack_sharing_enabled":true,"_links":{"self":[{"href":"https:\/\/truusk.store\/sv\/wp-json\/wp\/v2\/product\/76823","targetHints":{"allow":["GET"]}}],"collection":[{"href":"https:\/\/truusk.store\/sv\/wp-json\/wp\/v2\/product"}],"about":[{"href":"https:\/\/truusk.store\/sv\/wp-json\/wp\/v2\/types\/product"}],"wp:featuredmedia":[{"embeddable":true,"href":"https:\/\/truusk.store\/sv\/wp-json\/wp\/v2\/media\/76814"}],"wp:attachment":[{"href":"https:\/\/truusk.store\/sv\/wp-json\/wp\/v2\/media?parent=76823"}],"wp:term":[{"taxonomy":"product_brand","embeddable":true,"href":"https:\/\/truusk.store\/sv\/wp-json\/wp\/v2\/product_brand?post=76823"},{"taxonomy":"product_cat","embeddable":true,"href":"https:\/\/truusk.store\/sv\/wp-json\/wp\/v2\/product_cat?post=76823"},{"taxonomy":"product_tag","embeddable":true,"href":"https:\/\/truusk.store\/sv\/wp-json\/wp\/v2\/product_tag?post=76823"}],"curies":[{"name":"wp","href":"https:\/\/api.w.org\/{rel}","templated":true}]}}