{"id":76843,"date":"2025-06-06T06:09:37","date_gmt":"2025-06-06T05:09:37","guid":{"rendered":"https:\/\/truusk.store\/product\/avslappningsstol-utan-armstod-stol-med-rottingryggstod-traram-lasstol-for-vardagsrum-sovrum-naturligt-tra\/"},"modified":"2026-03-12T08:43:13","modified_gmt":"2026-03-12T07:43:13","slug":"truusk-avslappningsstol-med-rottingryggstod-traram-for-vardagsrum-sovrum-naturligt-tra","status":"publish","type":"product","link":"https:\/\/truusk.store\/sv\/produkt\/truusk-avslappningsstol-med-rottingryggstod-traram-for-vardagsrum-sovrum-naturligt-tra\/","title":{"rendered":"TRUUSK Avslappningsstol &#8211; Med Rottingryggst\u00f6d &#8211; Tr\u00e4ram &#8211; F\u00f6r Vardagsrum Sovrum &#8211; Naturligt Tr\u00e4"},"content":{"rendered":"<p>Njut av stilfull avkoppling med TRUUSK accentstolen, utrustad med en luftig rottingsits och rygg som ger behaglig svalka. Denna breda, armfria rottingstol med solid tr\u00e4konstruktion erbjuder utrymme och stabilitet &#8211; ett elegant tillskott till vardagsrummet eller sovrummet. Den perfekta l\u00e4sstolen f\u00f6r avkopplande stunder!<\/p>\n<p>Beskrivning:<\/p>\n<ul>\n<li> Rottningselementet f\u00f6r sits och ryggst\u00f6d garanterar andningsf\u00f6rm\u00e5ga f\u00f6r hudkomfort<\/li>\n<li> Ramen av massivt tr\u00e4 ger styrka och stabilitet<\/li>\n<li> Armfritt, brett sitt design erbjuder obegr\u00e4nsad sittfrihet<\/li>\n<li> L\u00e4mplig f\u00f6r anv\u00e4ndning i sovrum eller vardagsrum<\/li>\n<li> Montering kr\u00e4vs<\/li>\n<\/ul>\n<p> Tekniska data:<\/p>\n<ul>\n<li> F\u00e4rg: Naturtr\u00e4<\/li>\n<li> Material: Gummitr\u00e4, plast<\/li>\n<li> Totala dimensioner: 64B x 70T x 74H cm<\/li>\n<li> Sitsstorlek: 58B x 43T cm<\/li>\n<li> Sitth\u00f6jd: 29-36,5H cm<\/li>\n<li> Ryggm\u00e5tt: 51B x 58T cm<\/li>\n<li> Belastningskapacitet: 120 kg<\/li>\n<\/ul>\n<p>Leveransinneh\u00e5ll:<\/p>\n<ul>\n<li> 1 x Accentstol<\/li>\n<li> 1 x Handbok<\/li>\n<\/ul>\n","protected":false},"excerpt":{"rendered":"<p>Njut av stilfull avkoppling med TRUUSK accentstolen, utrustad med en luftig rottingsits och rygg som ger behaglig svalka. Denna breda,&#8230;<\/p>\n","protected":false},"featured_media":76832,"template":"","meta":[],"product_brand":[],"product_cat":[858,450,452],"product_tag":[],"class_list":{"0":"post-76843","1":"product","2":"type-product","3":"status-publish","4":"has-post-thumbnail","6":"product_cat-tradgard-terrass","7":"product_cat-tradgardsmobler","8":"product_cat-tradgardsstolar","10":"first","11":"instock","12":"sale","13":"taxable","14":"shipping-taxable","15":"purchasable","16":"product-type-simple"},"yoast_head":"<!-- This site is optimized with the Yoast SEO plugin v25.4 - https:\/\/yoast.com\/wordpress\/plugins\/seo\/ -->\n<title>TRUUSK Avslappningsstol - Med Rottingryggst\u00f6d - Tr\u00e4ram - F\u00f6r Vardagsrum Sovrum - Naturligt Tr\u00e4 - TRUUSK - Hem, Tr\u00e4dg\u00e5rd &amp; Fritid<\/title>\n<meta name=\"robots\" content=\"index, follow, max-snippet:-1, max-image-preview:large, max-video-preview:-1\" \/>\n<link rel=\"canonical\" href=\"https:\/\/truusk.store\/sv\/produkt\/truusk-avslappningsstol-med-rottingryggstod-traram-for-vardagsrum-sovrum-naturligt-tra\/\" \/>\n<meta property=\"og:locale\" content=\"sv_SE\" \/>\n<meta property=\"og:type\" content=\"article\" \/>\n<meta property=\"og:title\" content=\"TRUUSK Avslappningsstol - Med Rottingryggst\u00f6d - Tr\u00e4ram - F\u00f6r Vardagsrum Sovrum - Naturligt Tr\u00e4 - TRUUSK - Hem, Tr\u00e4dg\u00e5rd &amp; Fritid\" \/>\n<meta property=\"og:description\" content=\"Njut av stilfull avkoppling med TRUUSK accentstolen, utrustad med en luftig rottingsits och rygg som ger behaglig svalka. Denna breda,...\" \/>\n<meta property=\"og:url\" content=\"https:\/\/truusk.store\/sv\/produkt\/truusk-avslappningsstol-med-rottingryggstod-traram-for-vardagsrum-sovrum-naturligt-tra\/\" \/>\n<meta property=\"og:site_name\" content=\"TRUUSK - Hem, Tr\u00e4dg\u00e5rd &amp; Fritid\" \/>\n<meta property=\"article:modified_time\" content=\"2026-03-12T07:43:13+00:00\" \/>\n<meta property=\"og:image\" content=\"https:\/\/i0.wp.com\/truusk.se\/wp-content\/uploads\/2025\/06\/avslappningsstol-utan-armstod-stol-med-rottingryggstod-traram-lasstol-for-vardagsrum-sovrum-naturligt-tra-1.webp?fit=2000%2C2000&ssl=1\" \/>\n\t<meta property=\"og:image:width\" content=\"2000\" \/>\n\t<meta property=\"og:image:height\" content=\"2000\" \/>\n\t<meta property=\"og:image:type\" content=\"image\/webp\" \/>\n<meta name=\"twitter:card\" content=\"summary_large_image\" \/>\n<meta name=\"twitter:label1\" content=\"Ber\u00e4knad l\u00e4stid\" \/>\n\t<meta name=\"twitter:data1\" content=\"1 minut\" \/>\n<!-- \/ Yoast SEO plugin. -->","yoast_head_json":{"title":"TRUUSK Avslappningsstol - Med Rottingryggst\u00f6d - Tr\u00e4ram - F\u00f6r Vardagsrum Sovrum - Naturligt Tr\u00e4 - TRUUSK - Hem, Tr\u00e4dg\u00e5rd &amp; Fritid","robots":{"index":"index","follow":"follow","max-snippet":"max-snippet:-1","max-image-preview":"max-image-preview:large","max-video-preview":"max-video-preview:-1"},"canonical":"https:\/\/truusk.store\/sv\/produkt\/truusk-avslappningsstol-med-rottingryggstod-traram-for-vardagsrum-sovrum-naturligt-tra\/","og_locale":"sv_SE","og_type":"article","og_title":"TRUUSK Avslappningsstol - Med Rottingryggst\u00f6d - Tr\u00e4ram - F\u00f6r Vardagsrum Sovrum - Naturligt Tr\u00e4 - TRUUSK - Hem, Tr\u00e4dg\u00e5rd &amp; Fritid","og_description":"Njut av stilfull avkoppling med TRUUSK accentstolen, utrustad med en luftig rottingsits och rygg som ger behaglig svalka. Denna breda,...","og_url":"https:\/\/truusk.store\/sv\/produkt\/truusk-avslappningsstol-med-rottingryggstod-traram-for-vardagsrum-sovrum-naturligt-tra\/","og_site_name":"TRUUSK - Hem, Tr\u00e4dg\u00e5rd &amp; Fritid","article_modified_time":"2026-03-12T07:43:13+00:00","og_image":[{"width":2000,"height":2000,"url":"https:\/\/i0.wp.com\/truusk.se\/wp-content\/uploads\/2025\/06\/avslappningsstol-utan-armstod-stol-med-rottingryggstod-traram-lasstol-for-vardagsrum-sovrum-naturligt-tra-1.webp?fit=2000%2C2000&ssl=1","type":"image\/webp"}],"twitter_card":"summary_large_image","twitter_misc":{"Ber\u00e4knad l\u00e4stid":"1 minut"},"schema":{"@context":"https:\/\/schema.org","@graph":[{"@type":"WebPage","@id":"https:\/\/truusk.store\/sv\/produkt\/truusk-avslappningsstol-med-rottingryggstod-traram-for-vardagsrum-sovrum-naturligt-tra\/","url":"https:\/\/truusk.store\/sv\/produkt\/truusk-avslappningsstol-med-rottingryggstod-traram-for-vardagsrum-sovrum-naturligt-tra\/","name":"TRUUSK Avslappningsstol - Med Rottingryggst\u00f6d - Tr\u00e4ram - F\u00f6r Vardagsrum Sovrum - Naturligt Tr\u00e4 - TRUUSK - Hem, Tr\u00e4dg\u00e5rd &amp; Fritid","isPartOf":{"@id":"https:\/\/truusk.store\/sv\/#website"},"primaryImageOfPage":{"@id":"https:\/\/truusk.store\/sv\/produkt\/truusk-avslappningsstol-med-rottingryggstod-traram-for-vardagsrum-sovrum-naturligt-tra\/#primaryimage"},"image":{"@id":"https:\/\/truusk.store\/sv\/produkt\/truusk-avslappningsstol-med-rottingryggstod-traram-for-vardagsrum-sovrum-naturligt-tra\/#primaryimage"},"thumbnailUrl":"https:\/\/i0.wp.com\/truusk.store\/wp-content\/uploads\/2025\/06\/avslappningsstol-utan-armstod-stol-med-rottingryggstod-traram-lasstol-for-vardagsrum-sovrum-naturligt-tra-1.webp?fit=2000%2C2000&ssl=1","datePublished":"2025-06-06T05:09:37+00:00","dateModified":"2026-03-12T07:43:13+00:00","breadcrumb":{"@id":"https:\/\/truusk.store\/sv\/produkt\/truusk-avslappningsstol-med-rottingryggstod-traram-for-vardagsrum-sovrum-naturligt-tra\/#breadcrumb"},"inLanguage":"sv-SE","potentialAction":[{"@type":"ReadAction","target":["https:\/\/truusk.store\/sv\/produkt\/truusk-avslappningsstol-med-rottingryggstod-traram-for-vardagsrum-sovrum-naturligt-tra\/"]}]},{"@type":"ImageObject","inLanguage":"sv-SE","@id":"https:\/\/truusk.store\/sv\/produkt\/truusk-avslappningsstol-med-rottingryggstod-traram-for-vardagsrum-sovrum-naturligt-tra\/#primaryimage","url":"https:\/\/i0.wp.com\/truusk.store\/wp-content\/uploads\/2025\/06\/avslappningsstol-utan-armstod-stol-med-rottingryggstod-traram-lasstol-for-vardagsrum-sovrum-naturligt-tra-1.webp?fit=2000%2C2000&ssl=1","contentUrl":"https:\/\/i0.wp.com\/truusk.store\/wp-content\/uploads\/2025\/06\/avslappningsstol-utan-armstod-stol-med-rottingryggstod-traram-lasstol-for-vardagsrum-sovrum-naturligt-tra-1.webp?fit=2000%2C2000&ssl=1","width":2000,"height":2000},{"@type":"BreadcrumbList","@id":"https:\/\/truusk.store\/sv\/produkt\/truusk-avslappningsstol-med-rottingryggstod-traram-for-vardagsrum-sovrum-naturligt-tra\/#breadcrumb","itemListElement":[{"@type":"ListItem","position":1,"name":"Home","item":"https:\/\/truusk.store\/sv\/"},{"@type":"ListItem","position":2,"name":"Shop","item":"https:\/\/truusk.store\/shop\/"},{"@type":"ListItem","position":3,"name":"TRUUSK Avslappningsstol &#8211; Med Rottingryggst\u00f6d &#8211; Tr\u00e4ram &#8211; F\u00f6r Vardagsrum Sovrum &#8211; Naturligt Tr\u00e4"}]},{"@type":"WebSite","@id":"https:\/\/truusk.store\/sv\/#website","url":"https:\/\/truusk.store\/sv\/","name":"TRUUSK - Hem, Tr\u00e4dg\u00e5rd & Fritid","description":"","publisher":{"@id":"https:\/\/truusk.store\/sv\/#organization"},"potentialAction":[{"@type":"SearchAction","target":{"@type":"EntryPoint","urlTemplate":"https:\/\/truusk.store\/sv\/?s={search_term_string}"},"query-input":{"@type":"PropertyValueSpecification","valueRequired":true,"valueName":"search_term_string"}}],"inLanguage":"sv-SE"},{"@type":"Organization","@id":"https:\/\/truusk.store\/sv\/#organization","name":"TRUUSK - Hem, Tr\u00e4dg\u00e5rd & Fritid","url":"https:\/\/truusk.store\/sv\/","logo":{"@type":"ImageObject","inLanguage":"sv-SE","@id":"https:\/\/truusk.store\/sv\/#\/schema\/logo\/image\/","url":"https:\/\/i0.wp.com\/truusk.store\/wp-content\/uploads\/2026\/03\/cropped-TRUUSK.png?fit=2032%2C917&ssl=1","contentUrl":"https:\/\/i0.wp.com\/truusk.store\/wp-content\/uploads\/2026\/03\/cropped-TRUUSK.png?fit=2032%2C917&ssl=1","width":2032,"height":917,"caption":"TRUUSK - Hem, Tr\u00e4dg\u00e5rd & Fritid"},"image":{"@id":"https:\/\/truusk.store\/sv\/#\/schema\/logo\/image\/"}}]}},"jetpack_sharing_enabled":true,"_links":{"self":[{"href":"https:\/\/truusk.store\/sv\/wp-json\/wp\/v2\/product\/76843","targetHints":{"allow":["GET"]}}],"collection":[{"href":"https:\/\/truusk.store\/sv\/wp-json\/wp\/v2\/product"}],"about":[{"href":"https:\/\/truusk.store\/sv\/wp-json\/wp\/v2\/types\/product"}],"wp:featuredmedia":[{"embeddable":true,"href":"https:\/\/truusk.store\/sv\/wp-json\/wp\/v2\/media\/76832"}],"wp:attachment":[{"href":"https:\/\/truusk.store\/sv\/wp-json\/wp\/v2\/media?parent=76843"}],"wp:term":[{"taxonomy":"product_brand","embeddable":true,"href":"https:\/\/truusk.store\/sv\/wp-json\/wp\/v2\/product_brand?post=76843"},{"taxonomy":"product_cat","embeddable":true,"href":"https:\/\/truusk.store\/sv\/wp-json\/wp\/v2\/product_cat?post=76843"},{"taxonomy":"product_tag","embeddable":true,"href":"https:\/\/truusk.store\/sv\/wp-json\/wp\/v2\/product_tag?post=76843"}],"curies":[{"name":"wp","href":"https:\/\/api.w.org\/{rel}","templated":true}]}}