{"id":76883,"date":"2025-06-06T06:13:38","date_gmt":"2025-06-06T05:13:38","guid":{"rendered":"https:\/\/truusk.store\/product\/fatolj-med-ryggstod-armstod-vadderad-loungefatolj-med-sherpa-look-traben-for-sovrum-vardagsrum-upp-till-120-kg-kramvit\/"},"modified":"2026-03-12T08:45:24","modified_gmt":"2026-03-12T07:45:24","slug":"truusk-loungefatolj-med-sherpa-look-ryggstod-och-armstod-traben-max-120-kg-kramvit","status":"publish","type":"product","link":"https:\/\/truusk.store\/sv\/produkt\/truusk-loungefatolj-med-sherpa-look-ryggstod-och-armstod-traben-max-120-kg-kramvit\/","title":{"rendered":"TRUUSK Loungef\u00e5t\u00f6lj med Sherpa-look &#8211; Ryggst\u00f6d och Armst\u00f6d &#8211; Tr\u00e4ben &#8211; Max 120 kg &#8211; Kr\u00e4mvit"},"content":{"rendered":"<p>Upplev charmen med v\u00e5r TRUUSK f\u00e5t\u00f6lj, som perfekt kombinerar nordisk stil med Sherpa-tygs mysighet. Med sin tjocka stoppning p\u00e5 sittplats och rygg, erbjuder den breda sittplatsen enast\u00e5ende komfort utan att k\u00e4nnas tr\u00e5ng. Eleganta gummitr\u00e4armst\u00f6d och ben g\u00f6r den till en stilfull h\u00f6jdpunkt i varje vardagsrum eller sovrum.<\/p>\n<p>Beskrivning:<\/p>\n<ul>\n<li> Sherpa-tyg\u00f6verdraget ger en plysch, mysig k\u00e4nsla. Gummitr\u00e4armst\u00f6d och ben ger en elegant touch<\/li>\n<li> Tjock skumstoppning med hudv\u00e4nligt tyg ger sittkomfort<\/li>\n<li> Bred sittplats f\u00f6r fantastisk avkoppling<\/li>\n<li> Gummitr\u00e4armst\u00f6d och ben f\u00f6r stabilitet<\/li>\n<li> Halkfria f\u00f6tter f\u00f6rhindrar r\u00f6relser och skyddar golvet<\/li>\n<li> Montering kr\u00e4vs<\/li>\n<\/ul>\n<p> Tekniska data:<\/p>\n<ul>\n<li> F\u00e4rg: Kr\u00e4mvit<\/li>\n<li> Material: Sherpa (100% polyester), skum, gummitr\u00e4<\/li>\n<li> Totala dimensioner: 74,5B x 76D x 78H cm<\/li>\n<li> Sittstorlek: 60B x 54D x 45H cm<\/li>\n<li> Sitttjocklek: 30 cm<\/li>\n<li> Ryggstorlek: 60B x 46L cm<\/li>\n<li> Ryggtjocklek: 17 cm<\/li>\n<li> Armst\u00f6dsh\u00f6jd till sittplats: 13 cm<\/li>\n<li> B\u00e4rkapacitet: 120 kg<\/li>\n<\/ul>\n<p>Leveransinneh\u00e5ll:<\/p>\n<ul>\n<li> 1 x F\u00e5t\u00f6lj<\/li>\n<li> 1 x Handbok<\/li>\n<\/ul>\n","protected":false},"excerpt":{"rendered":"<p>Upplev charmen med v\u00e5r TRUUSK f\u00e5t\u00f6lj, som perfekt kombinerar nordisk stil med Sherpa-tygs mysighet. Med sin tjocka stoppning p\u00e5 sittplats&#8230;<\/p>\n","protected":false},"featured_media":76874,"template":"","meta":[],"product_brand":[],"product_cat":[871,519,910],"product_tag":[],"class_list":{"0":"post-76883","1":"product","2":"type-product","3":"status-publish","4":"has-post-thumbnail","6":"product_cat-hus-hem","7":"product_cat-stoppade-stolar","8":"product_cat-vardagsrum","10":"first","11":"instock","12":"sale","13":"taxable","14":"shipping-taxable","15":"purchasable","16":"product-type-simple"},"yoast_head":"<!-- This site is optimized with the Yoast SEO plugin v25.4 - https:\/\/yoast.com\/wordpress\/plugins\/seo\/ -->\n<title>TRUUSK Loungef\u00e5t\u00f6lj med Sherpa-look - Ryggst\u00f6d och Armst\u00f6d - Tr\u00e4ben - Max 120 kg - Kr\u00e4mvit - TRUUSK - Hem, Tr\u00e4dg\u00e5rd &amp; Fritid<\/title>\n<meta name=\"robots\" content=\"index, follow, max-snippet:-1, max-image-preview:large, max-video-preview:-1\" \/>\n<link rel=\"canonical\" href=\"https:\/\/truusk.store\/sv\/produkt\/truusk-loungefatolj-med-sherpa-look-ryggstod-och-armstod-traben-max-120-kg-kramvit\/\" \/>\n<meta property=\"og:locale\" content=\"sv_SE\" \/>\n<meta property=\"og:type\" content=\"article\" \/>\n<meta property=\"og:title\" content=\"TRUUSK Loungef\u00e5t\u00f6lj med Sherpa-look - Ryggst\u00f6d och Armst\u00f6d - Tr\u00e4ben - Max 120 kg - Kr\u00e4mvit - TRUUSK - Hem, Tr\u00e4dg\u00e5rd &amp; Fritid\" \/>\n<meta property=\"og:description\" content=\"Upplev charmen med v\u00e5r TRUUSK f\u00e5t\u00f6lj, som perfekt kombinerar nordisk stil med Sherpa-tygs mysighet. Med sin tjocka stoppning p\u00e5 sittplats...\" \/>\n<meta property=\"og:url\" content=\"https:\/\/truusk.store\/sv\/produkt\/truusk-loungefatolj-med-sherpa-look-ryggstod-och-armstod-traben-max-120-kg-kramvit\/\" \/>\n<meta property=\"og:site_name\" content=\"TRUUSK - Hem, Tr\u00e4dg\u00e5rd &amp; Fritid\" \/>\n<meta property=\"article:modified_time\" content=\"2026-03-12T07:45:24+00:00\" \/>\n<meta property=\"og:image\" content=\"https:\/\/i0.wp.com\/truusk.se\/wp-content\/uploads\/2025\/06\/fatolj-med-ryggstod-armstod-vadderad-loungefatolj-med-sherpa-look-traben-for-sovrum-vardagsrum-upp-till-120-kg-kramvit-1.webp?fit=2000%2C2000&ssl=1\" \/>\n\t<meta property=\"og:image:width\" content=\"2000\" \/>\n\t<meta property=\"og:image:height\" content=\"2000\" \/>\n\t<meta property=\"og:image:type\" content=\"image\/webp\" \/>\n<meta name=\"twitter:card\" content=\"summary_large_image\" \/>\n<meta name=\"twitter:label1\" content=\"Ber\u00e4knad l\u00e4stid\" \/>\n\t<meta name=\"twitter:data1\" content=\"1 minut\" \/>\n<!-- \/ Yoast SEO plugin. -->","yoast_head_json":{"title":"TRUUSK Loungef\u00e5t\u00f6lj med Sherpa-look - Ryggst\u00f6d och Armst\u00f6d - Tr\u00e4ben - Max 120 kg - Kr\u00e4mvit - TRUUSK - Hem, Tr\u00e4dg\u00e5rd &amp; Fritid","robots":{"index":"index","follow":"follow","max-snippet":"max-snippet:-1","max-image-preview":"max-image-preview:large","max-video-preview":"max-video-preview:-1"},"canonical":"https:\/\/truusk.store\/sv\/produkt\/truusk-loungefatolj-med-sherpa-look-ryggstod-och-armstod-traben-max-120-kg-kramvit\/","og_locale":"sv_SE","og_type":"article","og_title":"TRUUSK Loungef\u00e5t\u00f6lj med Sherpa-look - Ryggst\u00f6d och Armst\u00f6d - Tr\u00e4ben - Max 120 kg - Kr\u00e4mvit - TRUUSK - Hem, Tr\u00e4dg\u00e5rd &amp; Fritid","og_description":"Upplev charmen med v\u00e5r TRUUSK f\u00e5t\u00f6lj, som perfekt kombinerar nordisk stil med Sherpa-tygs mysighet. Med sin tjocka stoppning p\u00e5 sittplats...","og_url":"https:\/\/truusk.store\/sv\/produkt\/truusk-loungefatolj-med-sherpa-look-ryggstod-och-armstod-traben-max-120-kg-kramvit\/","og_site_name":"TRUUSK - Hem, Tr\u00e4dg\u00e5rd &amp; Fritid","article_modified_time":"2026-03-12T07:45:24+00:00","og_image":[{"width":2000,"height":2000,"url":"https:\/\/i0.wp.com\/truusk.se\/wp-content\/uploads\/2025\/06\/fatolj-med-ryggstod-armstod-vadderad-loungefatolj-med-sherpa-look-traben-for-sovrum-vardagsrum-upp-till-120-kg-kramvit-1.webp?fit=2000%2C2000&ssl=1","type":"image\/webp"}],"twitter_card":"summary_large_image","twitter_misc":{"Ber\u00e4knad l\u00e4stid":"1 minut"},"schema":{"@context":"https:\/\/schema.org","@graph":[{"@type":"WebPage","@id":"https:\/\/truusk.store\/sv\/produkt\/truusk-loungefatolj-med-sherpa-look-ryggstod-och-armstod-traben-max-120-kg-kramvit\/","url":"https:\/\/truusk.store\/sv\/produkt\/truusk-loungefatolj-med-sherpa-look-ryggstod-och-armstod-traben-max-120-kg-kramvit\/","name":"TRUUSK Loungef\u00e5t\u00f6lj med Sherpa-look - Ryggst\u00f6d och Armst\u00f6d - Tr\u00e4ben - Max 120 kg - Kr\u00e4mvit - TRUUSK - Hem, Tr\u00e4dg\u00e5rd &amp; Fritid","isPartOf":{"@id":"https:\/\/truusk.store\/sv\/#website"},"primaryImageOfPage":{"@id":"https:\/\/truusk.store\/sv\/produkt\/truusk-loungefatolj-med-sherpa-look-ryggstod-och-armstod-traben-max-120-kg-kramvit\/#primaryimage"},"image":{"@id":"https:\/\/truusk.store\/sv\/produkt\/truusk-loungefatolj-med-sherpa-look-ryggstod-och-armstod-traben-max-120-kg-kramvit\/#primaryimage"},"thumbnailUrl":"https:\/\/i0.wp.com\/truusk.store\/wp-content\/uploads\/2025\/06\/fatolj-med-ryggstod-armstod-vadderad-loungefatolj-med-sherpa-look-traben-for-sovrum-vardagsrum-upp-till-120-kg-kramvit-1.webp?fit=2000%2C2000&ssl=1","datePublished":"2025-06-06T05:13:38+00:00","dateModified":"2026-03-12T07:45:24+00:00","breadcrumb":{"@id":"https:\/\/truusk.store\/sv\/produkt\/truusk-loungefatolj-med-sherpa-look-ryggstod-och-armstod-traben-max-120-kg-kramvit\/#breadcrumb"},"inLanguage":"sv-SE","potentialAction":[{"@type":"ReadAction","target":["https:\/\/truusk.store\/sv\/produkt\/truusk-loungefatolj-med-sherpa-look-ryggstod-och-armstod-traben-max-120-kg-kramvit\/"]}]},{"@type":"ImageObject","inLanguage":"sv-SE","@id":"https:\/\/truusk.store\/sv\/produkt\/truusk-loungefatolj-med-sherpa-look-ryggstod-och-armstod-traben-max-120-kg-kramvit\/#primaryimage","url":"https:\/\/i0.wp.com\/truusk.store\/wp-content\/uploads\/2025\/06\/fatolj-med-ryggstod-armstod-vadderad-loungefatolj-med-sherpa-look-traben-for-sovrum-vardagsrum-upp-till-120-kg-kramvit-1.webp?fit=2000%2C2000&ssl=1","contentUrl":"https:\/\/i0.wp.com\/truusk.store\/wp-content\/uploads\/2025\/06\/fatolj-med-ryggstod-armstod-vadderad-loungefatolj-med-sherpa-look-traben-for-sovrum-vardagsrum-upp-till-120-kg-kramvit-1.webp?fit=2000%2C2000&ssl=1","width":2000,"height":2000},{"@type":"BreadcrumbList","@id":"https:\/\/truusk.store\/sv\/produkt\/truusk-loungefatolj-med-sherpa-look-ryggstod-och-armstod-traben-max-120-kg-kramvit\/#breadcrumb","itemListElement":[{"@type":"ListItem","position":1,"name":"Home","item":"https:\/\/truusk.store\/sv\/"},{"@type":"ListItem","position":2,"name":"Shop","item":"https:\/\/truusk.store\/shop\/"},{"@type":"ListItem","position":3,"name":"TRUUSK Loungef\u00e5t\u00f6lj med Sherpa-look &#8211; Ryggst\u00f6d och Armst\u00f6d &#8211; Tr\u00e4ben &#8211; Max 120 kg &#8211; Kr\u00e4mvit"}]},{"@type":"WebSite","@id":"https:\/\/truusk.store\/sv\/#website","url":"https:\/\/truusk.store\/sv\/","name":"TRUUSK - Hem, Tr\u00e4dg\u00e5rd & Fritid","description":"","publisher":{"@id":"https:\/\/truusk.store\/sv\/#organization"},"potentialAction":[{"@type":"SearchAction","target":{"@type":"EntryPoint","urlTemplate":"https:\/\/truusk.store\/sv\/?s={search_term_string}"},"query-input":{"@type":"PropertyValueSpecification","valueRequired":true,"valueName":"search_term_string"}}],"inLanguage":"sv-SE"},{"@type":"Organization","@id":"https:\/\/truusk.store\/sv\/#organization","name":"TRUUSK - Hem, Tr\u00e4dg\u00e5rd & Fritid","url":"https:\/\/truusk.store\/sv\/","logo":{"@type":"ImageObject","inLanguage":"sv-SE","@id":"https:\/\/truusk.store\/sv\/#\/schema\/logo\/image\/","url":"https:\/\/i0.wp.com\/truusk.store\/wp-content\/uploads\/2026\/03\/cropped-TRUUSK.png?fit=2032%2C917&ssl=1","contentUrl":"https:\/\/i0.wp.com\/truusk.store\/wp-content\/uploads\/2026\/03\/cropped-TRUUSK.png?fit=2032%2C917&ssl=1","width":2032,"height":917,"caption":"TRUUSK - Hem, Tr\u00e4dg\u00e5rd & Fritid"},"image":{"@id":"https:\/\/truusk.store\/sv\/#\/schema\/logo\/image\/"}}]}},"jetpack_sharing_enabled":true,"_links":{"self":[{"href":"https:\/\/truusk.store\/sv\/wp-json\/wp\/v2\/product\/76883","targetHints":{"allow":["GET"]}}],"collection":[{"href":"https:\/\/truusk.store\/sv\/wp-json\/wp\/v2\/product"}],"about":[{"href":"https:\/\/truusk.store\/sv\/wp-json\/wp\/v2\/types\/product"}],"wp:featuredmedia":[{"embeddable":true,"href":"https:\/\/truusk.store\/sv\/wp-json\/wp\/v2\/media\/76874"}],"wp:attachment":[{"href":"https:\/\/truusk.store\/sv\/wp-json\/wp\/v2\/media?parent=76883"}],"wp:term":[{"taxonomy":"product_brand","embeddable":true,"href":"https:\/\/truusk.store\/sv\/wp-json\/wp\/v2\/product_brand?post=76883"},{"taxonomy":"product_cat","embeddable":true,"href":"https:\/\/truusk.store\/sv\/wp-json\/wp\/v2\/product_cat?post=76883"},{"taxonomy":"product_tag","embeddable":true,"href":"https:\/\/truusk.store\/sv\/wp-json\/wp\/v2\/product_tag?post=76883"}],"curies":[{"name":"wp","href":"https:\/\/api.w.org\/{rel}","templated":true}]}}