{"id":76893,"date":"2025-06-06T06:14:45","date_gmt":"2025-06-06T05:14:45","guid":{"rendered":"https:\/\/truusk.store\/product\/takflakt-med-belysning-och-fjarrkontroll-115-cm-led-lampa-med-flakt-omvandbar-dc-motor-3-blad-3-ljusfarger-6-hastigheter-timer-takflakt-for-sovrum\/"},"modified":"2026-03-12T08:42:56","modified_gmt":"2026-03-12T07:42:56","slug":"truusk-takflakt-med-led-lampa-och-fjarrkontroll-omvandbar-dc-motor-3-blad-3-ljusfarger-6-hastigheter-timer-115-cm","status":"publish","type":"product","link":"https:\/\/truusk.store\/sv\/produkt\/truusk-takflakt-med-led-lampa-och-fjarrkontroll-omvandbar-dc-motor-3-blad-3-ljusfarger-6-hastigheter-timer-115-cm\/","title":{"rendered":"TRUUSK Takfl\u00e4kt med LED-lampa och fj\u00e4rrkontroll &#8211; Omv\u00e4ndbar DC-motor &#8211; 3 blad &#8211; 3 ljusf\u00e4rger &#8211; 6 hastigheter &#8211; Timer &#8211; 115 cm &#8211;"},"content":{"rendered":"<p>Ge ditt rum liv med TRUUSK takfl\u00e4kt med ljus! V\u00e4lj mellan kallt vitt, neutralt vitt eller varmt vitt och justera ljusintensiteten stegl\u00f6st fr\u00e5n 0-100 % f\u00f6r din trivselatmosf\u00e4r. Den effektiva 32,5W koppar-DC-motorn i takfl\u00e4kten med ljus ger en kraftig men tyst luftstr\u00f6m med sex hastighetsniv\u00e5er och ett bris-l\u00e4ge som skapar slumpm\u00e4ssiga vindm\u00f6nster. Styr ljus och fl\u00e4kt bekv\u00e4mt med den medf\u00f6ljande fj\u00e4rrkontrollen.<\/p>\n<p>Beskrivning:<\/p>\n<ul>\n<li> Kallt vitt\/vitt\/varmt vitt ljus och justerbar ljusstyrka, passar f\u00f6r olika belysningsbehov<\/li>\n<li> H\u00e5llbart LED-ljus f\u00f6r att minska underh\u00e5llskostnader och elr\u00e4kningar<\/li>\n<li> Sex hastighetsniv\u00e5er, inklusive bris-l\u00e4ge f\u00f6r takfl\u00e4kten med belysning, f\u00f6r optimal komfort<\/li>\n<li> Kraftfull kopparmotor ger effektiv, tyst drift<\/li>\n<li> Omv\u00e4ndbar motor justerar luftfl\u00f6det f\u00f6r s\u00e4songskomfort<\/li>\n<li> 2\/4 timmars timer f\u00f6r taklampan med fl\u00e4kt erbjuder automatisk avst\u00e4ngning<\/li>\n<li> Inklusive fj\u00e4rrkontroll, fungerar upp till 10 meter avst\u00e5nd<\/li>\n<li> Separata kontroller f\u00f6r ljus och fl\u00e4kt \u00f6kar anv\u00e4ndarv\u00e4nligheten<\/li>\n<\/ul>\n<p> Tekniska data:<\/p>\n<ul>\n<li> F\u00e4rg: Svart<\/li>\n<li> Material: Plast, akryl, metall<\/li>\n<li> Totala dimensioner: \u00d8115 x 20H cm<\/li>\n<li> Enskilda bladstorlekar: 16B x 63L cm<\/li>\n<li> Takplattestorlek: \u00d819 cm<\/li>\n<li> Skikth\u00f6jd: 2,8-3 m<\/li>\n<li> T\u00e4ckningsomr\u00e5de: 20 m\u00b2<\/li>\n<li> Ljudniv\u00e5: 50 dB<\/li>\n<li> Ljusstyrka: 0-1500 lumen<\/li>\n<li> Livsl\u00e4ngd: 25.000 timmar<\/li>\n<li> F\u00e4rgtemperatur: 3000\/4000\/6000K<\/li>\n<li> Utbytbar ljusk\u00e4lla: Ja<\/li>\n<li> R\u00e4ckvidd f\u00f6r fj\u00e4rrkontroll: 10 m<\/li>\n<li> Sp\u00e4nning: 220-240V\/50Hz<\/li>\n<li> Effekt: 50 W<\/li>\n<li> Obs: Professionell installation kr\u00e4vs<\/li>\n<\/ul>\n<p>Leverans inneh\u00e5ller:<\/p>\n<ul>\n<li> 1 x takfl\u00e4kt med ljus<\/li>\n<li> 1 x fj\u00e4rrkontroll<\/li>\n<li> 1 x bruksanvisning<\/li>\n<\/ul>\n","protected":false},"excerpt":{"rendered":"<p>Ge ditt rum liv med TRUUSK takfl\u00e4kt med ljus! V\u00e4lj mellan kallt vitt, neutralt vitt eller varmt vitt och justera&#8230;<\/p>\n","protected":false},"featured_media":76884,"template":"","meta":[],"product_brand":[],"product_cat":[867,906,905],"product_tag":[],"class_list":{"0":"post-76893","1":"product","2":"type-product","3":"status-publish","4":"has-post-thumbnail","6":"product_cat-byggmarknad","7":"product_cat-flaktar-luftkonditionering","8":"product_cat-klimatkontroll-flaktar","10":"first","11":"instock","12":"sale","13":"taxable","14":"shipping-taxable","15":"purchasable","16":"product-type-simple"},"yoast_head":"<!-- This site is optimized with the Yoast SEO plugin v25.4 - https:\/\/yoast.com\/wordpress\/plugins\/seo\/ -->\n<title>TRUUSK Takfl\u00e4kt med LED-lampa och fj\u00e4rrkontroll - Omv\u00e4ndbar DC-motor - 3 blad - 3 ljusf\u00e4rger - 6 hastigheter - Timer - 115 cm - TRUUSK - Hem, Tr\u00e4dg\u00e5rd &amp; Fritid<\/title>\n<meta name=\"robots\" content=\"index, follow, max-snippet:-1, max-image-preview:large, max-video-preview:-1\" \/>\n<link rel=\"canonical\" href=\"https:\/\/truusk.store\/sv\/produkt\/truusk-takflakt-med-led-lampa-och-fjarrkontroll-omvandbar-dc-motor-3-blad-3-ljusfarger-6-hastigheter-timer-115-cm\/\" \/>\n<meta property=\"og:locale\" content=\"sv_SE\" \/>\n<meta property=\"og:type\" content=\"article\" \/>\n<meta property=\"og:title\" content=\"TRUUSK Takfl\u00e4kt med LED-lampa och fj\u00e4rrkontroll - Omv\u00e4ndbar DC-motor - 3 blad - 3 ljusf\u00e4rger - 6 hastigheter - Timer - 115 cm - TRUUSK - Hem, Tr\u00e4dg\u00e5rd &amp; Fritid\" \/>\n<meta property=\"og:description\" content=\"Ge ditt rum liv med TRUUSK takfl\u00e4kt med ljus! V\u00e4lj mellan kallt vitt, neutralt vitt eller varmt vitt och justera...\" \/>\n<meta property=\"og:url\" content=\"https:\/\/truusk.store\/sv\/produkt\/truusk-takflakt-med-led-lampa-och-fjarrkontroll-omvandbar-dc-motor-3-blad-3-ljusfarger-6-hastigheter-timer-115-cm\/\" \/>\n<meta property=\"og:site_name\" content=\"TRUUSK - Hem, Tr\u00e4dg\u00e5rd &amp; Fritid\" \/>\n<meta property=\"article:modified_time\" content=\"2026-03-12T07:42:56+00:00\" \/>\n<meta property=\"og:image\" content=\"https:\/\/i0.wp.com\/truusk.se\/wp-content\/uploads\/2025\/06\/takflakt-med-belysning-och-fjarrkontroll-115-cm-led-lampa-med-flakt-omvandbar-dc-motor-3-blad-3-ljusfarger-6-hastigheter-timer-takflakt-for-sovrum-1.webp?fit=2000%2C2000&ssl=1\" \/>\n\t<meta property=\"og:image:width\" content=\"2000\" \/>\n\t<meta property=\"og:image:height\" content=\"2000\" \/>\n\t<meta property=\"og:image:type\" content=\"image\/webp\" \/>\n<meta name=\"twitter:card\" content=\"summary_large_image\" \/>\n<meta name=\"twitter:label1\" content=\"Ber\u00e4knad l\u00e4stid\" \/>\n\t<meta name=\"twitter:data1\" content=\"1 minut\" \/>\n<!-- \/ Yoast SEO plugin. -->","yoast_head_json":{"title":"TRUUSK Takfl\u00e4kt med LED-lampa och fj\u00e4rrkontroll - Omv\u00e4ndbar DC-motor - 3 blad - 3 ljusf\u00e4rger - 6 hastigheter - Timer - 115 cm - TRUUSK - Hem, Tr\u00e4dg\u00e5rd &amp; Fritid","robots":{"index":"index","follow":"follow","max-snippet":"max-snippet:-1","max-image-preview":"max-image-preview:large","max-video-preview":"max-video-preview:-1"},"canonical":"https:\/\/truusk.store\/sv\/produkt\/truusk-takflakt-med-led-lampa-och-fjarrkontroll-omvandbar-dc-motor-3-blad-3-ljusfarger-6-hastigheter-timer-115-cm\/","og_locale":"sv_SE","og_type":"article","og_title":"TRUUSK Takfl\u00e4kt med LED-lampa och fj\u00e4rrkontroll - Omv\u00e4ndbar DC-motor - 3 blad - 3 ljusf\u00e4rger - 6 hastigheter - Timer - 115 cm - TRUUSK - Hem, Tr\u00e4dg\u00e5rd &amp; Fritid","og_description":"Ge ditt rum liv med TRUUSK takfl\u00e4kt med ljus! V\u00e4lj mellan kallt vitt, neutralt vitt eller varmt vitt och justera...","og_url":"https:\/\/truusk.store\/sv\/produkt\/truusk-takflakt-med-led-lampa-och-fjarrkontroll-omvandbar-dc-motor-3-blad-3-ljusfarger-6-hastigheter-timer-115-cm\/","og_site_name":"TRUUSK - Hem, Tr\u00e4dg\u00e5rd &amp; Fritid","article_modified_time":"2026-03-12T07:42:56+00:00","og_image":[{"width":2000,"height":2000,"url":"https:\/\/i0.wp.com\/truusk.se\/wp-content\/uploads\/2025\/06\/takflakt-med-belysning-och-fjarrkontroll-115-cm-led-lampa-med-flakt-omvandbar-dc-motor-3-blad-3-ljusfarger-6-hastigheter-timer-takflakt-for-sovrum-1.webp?fit=2000%2C2000&ssl=1","type":"image\/webp"}],"twitter_card":"summary_large_image","twitter_misc":{"Ber\u00e4knad l\u00e4stid":"1 minut"},"schema":{"@context":"https:\/\/schema.org","@graph":[{"@type":"WebPage","@id":"https:\/\/truusk.store\/sv\/produkt\/truusk-takflakt-med-led-lampa-och-fjarrkontroll-omvandbar-dc-motor-3-blad-3-ljusfarger-6-hastigheter-timer-115-cm\/","url":"https:\/\/truusk.store\/sv\/produkt\/truusk-takflakt-med-led-lampa-och-fjarrkontroll-omvandbar-dc-motor-3-blad-3-ljusfarger-6-hastigheter-timer-115-cm\/","name":"TRUUSK Takfl\u00e4kt med LED-lampa och fj\u00e4rrkontroll - Omv\u00e4ndbar DC-motor - 3 blad - 3 ljusf\u00e4rger - 6 hastigheter - Timer - 115 cm - TRUUSK - Hem, Tr\u00e4dg\u00e5rd &amp; Fritid","isPartOf":{"@id":"https:\/\/truusk.store\/sv\/#website"},"primaryImageOfPage":{"@id":"https:\/\/truusk.store\/sv\/produkt\/truusk-takflakt-med-led-lampa-och-fjarrkontroll-omvandbar-dc-motor-3-blad-3-ljusfarger-6-hastigheter-timer-115-cm\/#primaryimage"},"image":{"@id":"https:\/\/truusk.store\/sv\/produkt\/truusk-takflakt-med-led-lampa-och-fjarrkontroll-omvandbar-dc-motor-3-blad-3-ljusfarger-6-hastigheter-timer-115-cm\/#primaryimage"},"thumbnailUrl":"https:\/\/i0.wp.com\/truusk.store\/wp-content\/uploads\/2025\/06\/takflakt-med-belysning-och-fjarrkontroll-115-cm-led-lampa-med-flakt-omvandbar-dc-motor-3-blad-3-ljusfarger-6-hastigheter-timer-takflakt-for-sovrum-1.webp?fit=2000%2C2000&ssl=1","datePublished":"2025-06-06T05:14:45+00:00","dateModified":"2026-03-12T07:42:56+00:00","breadcrumb":{"@id":"https:\/\/truusk.store\/sv\/produkt\/truusk-takflakt-med-led-lampa-och-fjarrkontroll-omvandbar-dc-motor-3-blad-3-ljusfarger-6-hastigheter-timer-115-cm\/#breadcrumb"},"inLanguage":"sv-SE","potentialAction":[{"@type":"ReadAction","target":["https:\/\/truusk.store\/sv\/produkt\/truusk-takflakt-med-led-lampa-och-fjarrkontroll-omvandbar-dc-motor-3-blad-3-ljusfarger-6-hastigheter-timer-115-cm\/"]}]},{"@type":"ImageObject","inLanguage":"sv-SE","@id":"https:\/\/truusk.store\/sv\/produkt\/truusk-takflakt-med-led-lampa-och-fjarrkontroll-omvandbar-dc-motor-3-blad-3-ljusfarger-6-hastigheter-timer-115-cm\/#primaryimage","url":"https:\/\/i0.wp.com\/truusk.store\/wp-content\/uploads\/2025\/06\/takflakt-med-belysning-och-fjarrkontroll-115-cm-led-lampa-med-flakt-omvandbar-dc-motor-3-blad-3-ljusfarger-6-hastigheter-timer-takflakt-for-sovrum-1.webp?fit=2000%2C2000&ssl=1","contentUrl":"https:\/\/i0.wp.com\/truusk.store\/wp-content\/uploads\/2025\/06\/takflakt-med-belysning-och-fjarrkontroll-115-cm-led-lampa-med-flakt-omvandbar-dc-motor-3-blad-3-ljusfarger-6-hastigheter-timer-takflakt-for-sovrum-1.webp?fit=2000%2C2000&ssl=1","width":2000,"height":2000},{"@type":"BreadcrumbList","@id":"https:\/\/truusk.store\/sv\/produkt\/truusk-takflakt-med-led-lampa-och-fjarrkontroll-omvandbar-dc-motor-3-blad-3-ljusfarger-6-hastigheter-timer-115-cm\/#breadcrumb","itemListElement":[{"@type":"ListItem","position":1,"name":"Home","item":"https:\/\/truusk.store\/sv\/"},{"@type":"ListItem","position":2,"name":"Shop","item":"https:\/\/truusk.store\/shop\/"},{"@type":"ListItem","position":3,"name":"TRUUSK Takfl\u00e4kt med LED-lampa och fj\u00e4rrkontroll &#8211; Omv\u00e4ndbar DC-motor &#8211; 3 blad &#8211; 3 ljusf\u00e4rger &#8211; 6 hastigheter &#8211; Timer &#8211; 115 cm &#8211;"}]},{"@type":"WebSite","@id":"https:\/\/truusk.store\/sv\/#website","url":"https:\/\/truusk.store\/sv\/","name":"TRUUSK - Hem, Tr\u00e4dg\u00e5rd & Fritid","description":"","publisher":{"@id":"https:\/\/truusk.store\/sv\/#organization"},"potentialAction":[{"@type":"SearchAction","target":{"@type":"EntryPoint","urlTemplate":"https:\/\/truusk.store\/sv\/?s={search_term_string}"},"query-input":{"@type":"PropertyValueSpecification","valueRequired":true,"valueName":"search_term_string"}}],"inLanguage":"sv-SE"},{"@type":"Organization","@id":"https:\/\/truusk.store\/sv\/#organization","name":"TRUUSK - Hem, Tr\u00e4dg\u00e5rd & Fritid","url":"https:\/\/truusk.store\/sv\/","logo":{"@type":"ImageObject","inLanguage":"sv-SE","@id":"https:\/\/truusk.store\/sv\/#\/schema\/logo\/image\/","url":"https:\/\/i0.wp.com\/truusk.store\/wp-content\/uploads\/2026\/03\/cropped-TRUUSK.png?fit=2032%2C917&ssl=1","contentUrl":"https:\/\/i0.wp.com\/truusk.store\/wp-content\/uploads\/2026\/03\/cropped-TRUUSK.png?fit=2032%2C917&ssl=1","width":2032,"height":917,"caption":"TRUUSK - Hem, Tr\u00e4dg\u00e5rd & Fritid"},"image":{"@id":"https:\/\/truusk.store\/sv\/#\/schema\/logo\/image\/"}}]}},"jetpack_sharing_enabled":true,"_links":{"self":[{"href":"https:\/\/truusk.store\/sv\/wp-json\/wp\/v2\/product\/76893","targetHints":{"allow":["GET"]}}],"collection":[{"href":"https:\/\/truusk.store\/sv\/wp-json\/wp\/v2\/product"}],"about":[{"href":"https:\/\/truusk.store\/sv\/wp-json\/wp\/v2\/types\/product"}],"wp:featuredmedia":[{"embeddable":true,"href":"https:\/\/truusk.store\/sv\/wp-json\/wp\/v2\/media\/76884"}],"wp:attachment":[{"href":"https:\/\/truusk.store\/sv\/wp-json\/wp\/v2\/media?parent=76893"}],"wp:term":[{"taxonomy":"product_brand","embeddable":true,"href":"https:\/\/truusk.store\/sv\/wp-json\/wp\/v2\/product_brand?post=76893"},{"taxonomy":"product_cat","embeddable":true,"href":"https:\/\/truusk.store\/sv\/wp-json\/wp\/v2\/product_cat?post=76893"},{"taxonomy":"product_tag","embeddable":true,"href":"https:\/\/truusk.store\/sv\/wp-json\/wp\/v2\/product_tag?post=76893"}],"curies":[{"name":"wp","href":"https:\/\/api.w.org\/{rel}","templated":true}]}}