{"id":76903,"date":"2025-06-06T06:15:38","date_gmt":"2025-06-06T05:15:38","guid":{"rendered":"https:\/\/truusk.store\/product\/sidobord-rundt-vadertaligt-aluminium-balkongbord-med-marmorutseende-campingbord-kaffebord-for-vardagsrum-kontor-utomhus-inomhus-gra\/"},"modified":"2026-03-12T08:42:27","modified_gmt":"2026-03-12T07:42:27","slug":"truusk-runt-vadertaligt-balkongbord-aluminium-med-marmorutseende-for-inomhus-och-utomhus-gra","status":"publish","type":"product","link":"https:\/\/truusk.store\/sv\/produkt\/truusk-runt-vadertaligt-balkongbord-aluminium-med-marmorutseende-for-inomhus-och-utomhus-gra\/","title":{"rendered":"TRUUSK Runt V\u00e4dert\u00e5ligt Balkongbord &#8211; Aluminium Med Marmorutseende &#8211; F\u00f6r Inomhus och Utomhus &#8211; Gr\u00e5"},"content":{"rendered":"<p>Upplev den eleganta stilen med TRUUSK runda tr\u00e4dg\u00e5rdsbord, som kombinerar aluminium med en konstmarbleplatta f\u00f6r en modern k\u00e4nsla. P\u00e5 dess gener\u00f6sa yta kan du perfekt visa dekorativa f\u00f6rem\u00e5l, medan den h\u00e4rdat glasplattan kombinerar elegans med l\u00e4tt sk\u00f6tsel. Oavsett om det anv\u00e4nds som ett flexibelt utomhusbord eller ett elegant utomhus sidobord &#8211; det garanterar stil och praktikalitet.<\/p>\n<p>Beskrivning:<\/p>\n<ul>\n<li> Balkongbordets yta i marmorutseende f\u00f6r en stilfull look<\/li>\n<li> Rymlig bordsskiva p\u00e5 balkongbordet, vilket g\u00f6r alla f\u00f6rem\u00e5l l\u00e4ttillg\u00e4ngliga<\/li>\n<li> Bordsskiva av h\u00e4rdat glas garanterar s\u00e4kerhet och enkel reng\u00f6ring<\/li>\n<li> L\u00e4tt aluminiumram som motst\u00e5r rost och korrosion<\/li>\n<li> V\u00e4derbest\u00e4ndig f\u00f6r l\u00e5ngvarig utomhusanv\u00e4ndning<\/li>\n<li> M\u00e5ngsidigt anv\u00e4ndbar inomhus och utomhus f\u00f6r alla tillf\u00e4llen<\/li>\n<li> Montering kr\u00e4vs<\/li>\n<\/ul>\n<p> Tekniska data:<\/p>\n<ul>\n<li> F\u00e4rg: Gr\u00e5<\/li>\n<li> Material: Aluminium, h\u00e4rdat glas<\/li>\n<li> Totala dimensioner: 60L x 60B x 46H cm<\/li>\n<li> Bordsskivans dimensioner: \u00d851 cm<\/li>\n<li> Tjocklek p\u00e5 h\u00e4rdat glas: 5 mm<\/li>\n<li> B\u00e4rkapacitet: 50 kg<\/li>\n<\/ul>\n<p>Leveransinneh\u00e5ll:<\/p>\n<ul>\n<li> 1 x Terrass-sidobord<\/li>\n<li> 1 x Bruksanvisning<\/li>\n<\/ul>\n","protected":false},"excerpt":{"rendered":"<p>Upplev den eleganta stilen med TRUUSK runda tr\u00e4dg\u00e5rdsbord, som kombinerar aluminium med en konstmarbleplatta f\u00f6r en modern k\u00e4nsla. P\u00e5 dess&#8230;<\/p>\n","protected":false},"featured_media":76894,"template":"","meta":[],"product_brand":[],"product_cat":[858,457,450],"product_tag":[],"class_list":{"0":"post-76903","1":"product","2":"type-product","3":"status-publish","4":"has-post-thumbnail","6":"product_cat-tradgard-terrass","7":"product_cat-tradgardsbord","8":"product_cat-tradgardsmobler","10":"first","11":"instock","12":"sale","13":"taxable","14":"shipping-taxable","15":"purchasable","16":"product-type-simple"},"yoast_head":"<!-- This site is optimized with the Yoast SEO plugin v25.4 - https:\/\/yoast.com\/wordpress\/plugins\/seo\/ -->\n<title>TRUUSK Runt V\u00e4dert\u00e5ligt Balkongbord - Aluminium Med Marmorutseende - F\u00f6r Inomhus och Utomhus - Gr\u00e5 - TRUUSK - Hem, Tr\u00e4dg\u00e5rd &amp; Fritid<\/title>\n<meta name=\"robots\" content=\"index, follow, max-snippet:-1, max-image-preview:large, max-video-preview:-1\" \/>\n<link rel=\"canonical\" href=\"https:\/\/truusk.store\/sv\/produkt\/truusk-runt-vadertaligt-balkongbord-aluminium-med-marmorutseende-for-inomhus-och-utomhus-gra\/\" \/>\n<meta property=\"og:locale\" content=\"sv_SE\" \/>\n<meta property=\"og:type\" content=\"article\" \/>\n<meta property=\"og:title\" content=\"TRUUSK Runt V\u00e4dert\u00e5ligt Balkongbord - Aluminium Med Marmorutseende - F\u00f6r Inomhus och Utomhus - Gr\u00e5 - TRUUSK - Hem, Tr\u00e4dg\u00e5rd &amp; Fritid\" \/>\n<meta property=\"og:description\" content=\"Upplev den eleganta stilen med TRUUSK runda tr\u00e4dg\u00e5rdsbord, som kombinerar aluminium med en konstmarbleplatta f\u00f6r en modern k\u00e4nsla. P\u00e5 dess...\" \/>\n<meta property=\"og:url\" content=\"https:\/\/truusk.store\/sv\/produkt\/truusk-runt-vadertaligt-balkongbord-aluminium-med-marmorutseende-for-inomhus-och-utomhus-gra\/\" \/>\n<meta property=\"og:site_name\" content=\"TRUUSK - Hem, Tr\u00e4dg\u00e5rd &amp; Fritid\" \/>\n<meta property=\"article:modified_time\" content=\"2026-03-12T07:42:27+00:00\" \/>\n<meta property=\"og:image\" content=\"https:\/\/i0.wp.com\/truusk.se\/wp-content\/uploads\/2025\/06\/sidobord-rundt-vadertaligt-aluminium-balkongbord-med-marmorutseende-campingbord-kaffebord-for-vardagsrum-kontor-utomhus-inomhus-gra-1.webp?fit=2000%2C2000&ssl=1\" \/>\n\t<meta property=\"og:image:width\" content=\"2000\" \/>\n\t<meta property=\"og:image:height\" content=\"2000\" \/>\n\t<meta property=\"og:image:type\" content=\"image\/webp\" \/>\n<meta name=\"twitter:card\" content=\"summary_large_image\" \/>\n<meta name=\"twitter:label1\" content=\"Ber\u00e4knad l\u00e4stid\" \/>\n\t<meta name=\"twitter:data1\" content=\"1 minut\" \/>\n<!-- \/ Yoast SEO plugin. -->","yoast_head_json":{"title":"TRUUSK Runt V\u00e4dert\u00e5ligt Balkongbord - Aluminium Med Marmorutseende - F\u00f6r Inomhus och Utomhus - Gr\u00e5 - TRUUSK - Hem, Tr\u00e4dg\u00e5rd &amp; Fritid","robots":{"index":"index","follow":"follow","max-snippet":"max-snippet:-1","max-image-preview":"max-image-preview:large","max-video-preview":"max-video-preview:-1"},"canonical":"https:\/\/truusk.store\/sv\/produkt\/truusk-runt-vadertaligt-balkongbord-aluminium-med-marmorutseende-for-inomhus-och-utomhus-gra\/","og_locale":"sv_SE","og_type":"article","og_title":"TRUUSK Runt V\u00e4dert\u00e5ligt Balkongbord - Aluminium Med Marmorutseende - F\u00f6r Inomhus och Utomhus - Gr\u00e5 - TRUUSK - Hem, Tr\u00e4dg\u00e5rd &amp; Fritid","og_description":"Upplev den eleganta stilen med TRUUSK runda tr\u00e4dg\u00e5rdsbord, som kombinerar aluminium med en konstmarbleplatta f\u00f6r en modern k\u00e4nsla. P\u00e5 dess...","og_url":"https:\/\/truusk.store\/sv\/produkt\/truusk-runt-vadertaligt-balkongbord-aluminium-med-marmorutseende-for-inomhus-och-utomhus-gra\/","og_site_name":"TRUUSK - Hem, Tr\u00e4dg\u00e5rd &amp; Fritid","article_modified_time":"2026-03-12T07:42:27+00:00","og_image":[{"width":2000,"height":2000,"url":"https:\/\/i0.wp.com\/truusk.se\/wp-content\/uploads\/2025\/06\/sidobord-rundt-vadertaligt-aluminium-balkongbord-med-marmorutseende-campingbord-kaffebord-for-vardagsrum-kontor-utomhus-inomhus-gra-1.webp?fit=2000%2C2000&ssl=1","type":"image\/webp"}],"twitter_card":"summary_large_image","twitter_misc":{"Ber\u00e4knad l\u00e4stid":"1 minut"},"schema":{"@context":"https:\/\/schema.org","@graph":[{"@type":"WebPage","@id":"https:\/\/truusk.store\/sv\/produkt\/truusk-runt-vadertaligt-balkongbord-aluminium-med-marmorutseende-for-inomhus-och-utomhus-gra\/","url":"https:\/\/truusk.store\/sv\/produkt\/truusk-runt-vadertaligt-balkongbord-aluminium-med-marmorutseende-for-inomhus-och-utomhus-gra\/","name":"TRUUSK Runt V\u00e4dert\u00e5ligt Balkongbord - Aluminium Med Marmorutseende - F\u00f6r Inomhus och Utomhus - Gr\u00e5 - TRUUSK - Hem, Tr\u00e4dg\u00e5rd &amp; Fritid","isPartOf":{"@id":"https:\/\/truusk.store\/sv\/#website"},"primaryImageOfPage":{"@id":"https:\/\/truusk.store\/sv\/produkt\/truusk-runt-vadertaligt-balkongbord-aluminium-med-marmorutseende-for-inomhus-och-utomhus-gra\/#primaryimage"},"image":{"@id":"https:\/\/truusk.store\/sv\/produkt\/truusk-runt-vadertaligt-balkongbord-aluminium-med-marmorutseende-for-inomhus-och-utomhus-gra\/#primaryimage"},"thumbnailUrl":"https:\/\/i0.wp.com\/truusk.store\/wp-content\/uploads\/2025\/06\/sidobord-rundt-vadertaligt-aluminium-balkongbord-med-marmorutseende-campingbord-kaffebord-for-vardagsrum-kontor-utomhus-inomhus-gra-1.webp?fit=2000%2C2000&ssl=1","datePublished":"2025-06-06T05:15:38+00:00","dateModified":"2026-03-12T07:42:27+00:00","breadcrumb":{"@id":"https:\/\/truusk.store\/sv\/produkt\/truusk-runt-vadertaligt-balkongbord-aluminium-med-marmorutseende-for-inomhus-och-utomhus-gra\/#breadcrumb"},"inLanguage":"sv-SE","potentialAction":[{"@type":"ReadAction","target":["https:\/\/truusk.store\/sv\/produkt\/truusk-runt-vadertaligt-balkongbord-aluminium-med-marmorutseende-for-inomhus-och-utomhus-gra\/"]}]},{"@type":"ImageObject","inLanguage":"sv-SE","@id":"https:\/\/truusk.store\/sv\/produkt\/truusk-runt-vadertaligt-balkongbord-aluminium-med-marmorutseende-for-inomhus-och-utomhus-gra\/#primaryimage","url":"https:\/\/i0.wp.com\/truusk.store\/wp-content\/uploads\/2025\/06\/sidobord-rundt-vadertaligt-aluminium-balkongbord-med-marmorutseende-campingbord-kaffebord-for-vardagsrum-kontor-utomhus-inomhus-gra-1.webp?fit=2000%2C2000&ssl=1","contentUrl":"https:\/\/i0.wp.com\/truusk.store\/wp-content\/uploads\/2025\/06\/sidobord-rundt-vadertaligt-aluminium-balkongbord-med-marmorutseende-campingbord-kaffebord-for-vardagsrum-kontor-utomhus-inomhus-gra-1.webp?fit=2000%2C2000&ssl=1","width":2000,"height":2000},{"@type":"BreadcrumbList","@id":"https:\/\/truusk.store\/sv\/produkt\/truusk-runt-vadertaligt-balkongbord-aluminium-med-marmorutseende-for-inomhus-och-utomhus-gra\/#breadcrumb","itemListElement":[{"@type":"ListItem","position":1,"name":"Home","item":"https:\/\/truusk.store\/sv\/"},{"@type":"ListItem","position":2,"name":"Shop","item":"https:\/\/truusk.store\/shop\/"},{"@type":"ListItem","position":3,"name":"TRUUSK Runt V\u00e4dert\u00e5ligt Balkongbord &#8211; Aluminium Med Marmorutseende &#8211; F\u00f6r Inomhus och Utomhus &#8211; Gr\u00e5"}]},{"@type":"WebSite","@id":"https:\/\/truusk.store\/sv\/#website","url":"https:\/\/truusk.store\/sv\/","name":"TRUUSK - Hem, Tr\u00e4dg\u00e5rd & Fritid","description":"","publisher":{"@id":"https:\/\/truusk.store\/sv\/#organization"},"potentialAction":[{"@type":"SearchAction","target":{"@type":"EntryPoint","urlTemplate":"https:\/\/truusk.store\/sv\/?s={search_term_string}"},"query-input":{"@type":"PropertyValueSpecification","valueRequired":true,"valueName":"search_term_string"}}],"inLanguage":"sv-SE"},{"@type":"Organization","@id":"https:\/\/truusk.store\/sv\/#organization","name":"TRUUSK - Hem, Tr\u00e4dg\u00e5rd & Fritid","url":"https:\/\/truusk.store\/sv\/","logo":{"@type":"ImageObject","inLanguage":"sv-SE","@id":"https:\/\/truusk.store\/sv\/#\/schema\/logo\/image\/","url":"https:\/\/i0.wp.com\/truusk.store\/wp-content\/uploads\/2026\/03\/cropped-TRUUSK.png?fit=2032%2C917&ssl=1","contentUrl":"https:\/\/i0.wp.com\/truusk.store\/wp-content\/uploads\/2026\/03\/cropped-TRUUSK.png?fit=2032%2C917&ssl=1","width":2032,"height":917,"caption":"TRUUSK - Hem, Tr\u00e4dg\u00e5rd & Fritid"},"image":{"@id":"https:\/\/truusk.store\/sv\/#\/schema\/logo\/image\/"}}]}},"jetpack_sharing_enabled":true,"_links":{"self":[{"href":"https:\/\/truusk.store\/sv\/wp-json\/wp\/v2\/product\/76903","targetHints":{"allow":["GET"]}}],"collection":[{"href":"https:\/\/truusk.store\/sv\/wp-json\/wp\/v2\/product"}],"about":[{"href":"https:\/\/truusk.store\/sv\/wp-json\/wp\/v2\/types\/product"}],"wp:featuredmedia":[{"embeddable":true,"href":"https:\/\/truusk.store\/sv\/wp-json\/wp\/v2\/media\/76894"}],"wp:attachment":[{"href":"https:\/\/truusk.store\/sv\/wp-json\/wp\/v2\/media?parent=76903"}],"wp:term":[{"taxonomy":"product_brand","embeddable":true,"href":"https:\/\/truusk.store\/sv\/wp-json\/wp\/v2\/product_brand?post=76903"},{"taxonomy":"product_cat","embeddable":true,"href":"https:\/\/truusk.store\/sv\/wp-json\/wp\/v2\/product_cat?post=76903"},{"taxonomy":"product_tag","embeddable":true,"href":"https:\/\/truusk.store\/sv\/wp-json\/wp\/v2\/product_tag?post=76903"}],"curies":[{"name":"wp","href":"https:\/\/api.w.org\/{rel}","templated":true}]}}