{"id":76953,"date":"2025-06-06T06:20:47","date_gmt":"2025-06-06T05:20:47","guid":{"rendered":"https:\/\/truusk.store\/product\/avslappningsstol-elektrisk-tv-stol-med-minnesfunktion-tystare-brus-justerbar-liggfunktion-husdjursvanlig-sammetsimitation-fjarrkontroll-creme\/"},"modified":"2026-03-12T08:44:36","modified_gmt":"2026-03-12T07:44:36","slug":"truusk-avslappningsstol-elektrisk-tv-stol-med-minnesfunktion-tystare-brus-justerbar-liggfunktion-husdjursvanlig","status":"publish","type":"product","link":"https:\/\/truusk.store\/sv\/produkt\/truusk-avslappningsstol-elektrisk-tv-stol-med-minnesfunktion-tystare-brus-justerbar-liggfunktion-husdjursvanlig\/","title":{"rendered":"TRUUSK Avslappningsstol &#8211; Elektrisk TV-stol med Minnesfunktion &#8211; Tystare Brus &#8211; Justerbar Liggfunktion &#8211; Husdjursv\u00e4nlig"},"content":{"rendered":"<p>Denna liggstol \u00e4r utrustad med en tyst motor f\u00f6r \u00f6kad h\u00e5llbarhet. Med bara ett knapptryck n\u00e5r du din personliga komfortposition, st\u00f6dd av minnesfunktionen och en 135\u00b0 stegl\u00f6s ryggst\u00f6d. Den djurv\u00e4nliga tyget p\u00e5 vilostolen, som motst\u00e5r repor och \u00e4r l\u00e4tt att reng\u00f6ra, g\u00f6r ocks\u00e5 ditt liv enklare. Luta dig tillbaka och njut av kv\u00e4llen.<\/p>\n<p>Beskrivning:<\/p>\n<ul>\n<li> Den borstl\u00f6sa motorn i relaxstolen garanterar tyst drift och \u00f6kad h\u00e5llbarhet<\/li>\n<li> 160\u00b0 stegl\u00f6st justerbart ryggst\u00f6d med fotst\u00f6d, inklusive minnesfunktion<\/li>\n<li> Dual-position minnesfunktion av TV-stolen, f\u00f6r att \u00e5terkalla din personliga vinkel och din partners<\/li>\n<li> Djurv\u00e4nligt tyg \u00e4r rept\u00e5ligt och l\u00e4tt att reng\u00f6ra<\/li>\n<li> Fj\u00e4derk\u00e4rna i ficka erbjuder lyxig komfort och st\u00f6d<\/li>\n<li> Tjock stoppning och bred sittplats f\u00f6r extra komfort<\/li>\n<li> Fickor p\u00e5 b\u00e5da sidor f\u00f6r praktisk f\u00f6rvaring av fj\u00e4rrkontroller och tidskrifter<\/li>\n<li> Montering kr\u00e4vs<\/li>\n<\/ul>\n<p> Tekniska data:<\/p>\n<ul>\n<li> F\u00e4rg: Kr\u00e4mvit<\/li>\n<li> Material: Djurv\u00e4nlig sammet imitation (100 % polyester), skum, st\u00e5l<\/li>\n<li> Totala dimensioner: (Uppr\u00e4tt) 80B x 83T x 104H cm<\/li>\n<li> Totala dimensioner: (Tillbakalutad) 80B x 162T x 67H cm<\/li>\n<li> Sitsstorlek: 58B x 48T x 47H cm<\/li>\n<li> Ryggstorlek: 66B x 65L cm<\/li>\n<li> Ryggtjocklek: 18 cm<\/li>\n<li> Armst\u00f6dsh\u00f6jd till sits: 20 cm<\/li>\n<li> V\u00e4ggavst\u00e5nd: (Tillbakalutad) 50 cm<\/li>\n<li> Belastningskapacitet: 135 kg<\/li>\n<li> Ing\u00e5ng: 100-240V, 50-60Hz<\/li>\n<li> Utg\u00e5ng: 29V, 1A, 29W<\/li>\n<li> Kabell\u00e4ngd: 2 m<\/li>\n<\/ul>\n<p>Leveransinneh\u00e5ll:<\/p>\n<ul>\n<li> 1 x Elektrisk relaxstol<\/li>\n<li> 1 x Fj\u00e4rrkontroll<\/li>\n<li> 1 x Handbok<\/li>\n<\/ul>\n","protected":false},"excerpt":{"rendered":"<p>Denna liggstol \u00e4r utrustad med en tyst motor f\u00f6r \u00f6kad h\u00e5llbarhet. Med bara ett knapptryck n\u00e5r du din personliga komfortposition,&#8230;<\/p>\n","protected":false},"featured_media":76944,"template":"","meta":[],"product_brand":[],"product_cat":[521,946,871,910],"product_tag":[],"class_list":{"0":"post-76953","1":"product","2":"type-product","3":"status-publish","4":"has-post-thumbnail","6":"product_cat-fatolj","7":"product_cat-fernsehsessel","8":"product_cat-hus-hem","9":"product_cat-vardagsrum","11":"first","12":"instock","13":"sale","14":"taxable","15":"shipping-taxable","16":"purchasable","17":"product-type-simple"},"yoast_head":"<!-- This site is optimized with the Yoast SEO plugin v25.4 - https:\/\/yoast.com\/wordpress\/plugins\/seo\/ -->\n<title>TRUUSK Avslappningsstol - Elektrisk TV-stol med Minnesfunktion - Tystare Brus - Justerbar Liggfunktion - Husdjursv\u00e4nlig - TRUUSK - Hem, Tr\u00e4dg\u00e5rd &amp; Fritid<\/title>\n<meta name=\"robots\" content=\"index, follow, max-snippet:-1, max-image-preview:large, max-video-preview:-1\" \/>\n<link rel=\"canonical\" href=\"https:\/\/truusk.store\/sv\/produkt\/truusk-avslappningsstol-elektrisk-tv-stol-med-minnesfunktion-tystare-brus-justerbar-liggfunktion-husdjursvanlig\/\" \/>\n<meta property=\"og:locale\" content=\"sv_SE\" \/>\n<meta property=\"og:type\" content=\"article\" \/>\n<meta property=\"og:title\" content=\"TRUUSK Avslappningsstol - Elektrisk TV-stol med Minnesfunktion - Tystare Brus - Justerbar Liggfunktion - Husdjursv\u00e4nlig - TRUUSK - Hem, Tr\u00e4dg\u00e5rd &amp; Fritid\" \/>\n<meta property=\"og:description\" content=\"Denna liggstol \u00e4r utrustad med en tyst motor f\u00f6r \u00f6kad h\u00e5llbarhet. Med bara ett knapptryck n\u00e5r du din personliga komfortposition,...\" \/>\n<meta property=\"og:url\" content=\"https:\/\/truusk.store\/sv\/produkt\/truusk-avslappningsstol-elektrisk-tv-stol-med-minnesfunktion-tystare-brus-justerbar-liggfunktion-husdjursvanlig\/\" \/>\n<meta property=\"og:site_name\" content=\"TRUUSK - Hem, Tr\u00e4dg\u00e5rd &amp; Fritid\" \/>\n<meta property=\"article:modified_time\" content=\"2026-03-12T07:44:36+00:00\" \/>\n<meta property=\"og:image\" content=\"https:\/\/i0.wp.com\/truusk.se\/wp-content\/uploads\/2025\/06\/avslappningsstol-elektrisk-tv-stol-med-minnesfunktion-tystare-brus-justerbar-liggfunktion-husdjursvanlig-sammetsimitation-fjarrkontroll-creme-1.webp?fit=2000%2C2000&ssl=1\" \/>\n\t<meta property=\"og:image:width\" content=\"2000\" \/>\n\t<meta property=\"og:image:height\" content=\"2000\" \/>\n\t<meta property=\"og:image:type\" content=\"image\/webp\" \/>\n<meta name=\"twitter:card\" content=\"summary_large_image\" \/>\n<meta name=\"twitter:label1\" content=\"Ber\u00e4knad l\u00e4stid\" \/>\n\t<meta name=\"twitter:data1\" content=\"1 minut\" \/>\n<!-- \/ Yoast SEO plugin. -->","yoast_head_json":{"title":"TRUUSK Avslappningsstol - Elektrisk TV-stol med Minnesfunktion - Tystare Brus - Justerbar Liggfunktion - Husdjursv\u00e4nlig - TRUUSK - Hem, Tr\u00e4dg\u00e5rd &amp; Fritid","robots":{"index":"index","follow":"follow","max-snippet":"max-snippet:-1","max-image-preview":"max-image-preview:large","max-video-preview":"max-video-preview:-1"},"canonical":"https:\/\/truusk.store\/sv\/produkt\/truusk-avslappningsstol-elektrisk-tv-stol-med-minnesfunktion-tystare-brus-justerbar-liggfunktion-husdjursvanlig\/","og_locale":"sv_SE","og_type":"article","og_title":"TRUUSK Avslappningsstol - Elektrisk TV-stol med Minnesfunktion - Tystare Brus - Justerbar Liggfunktion - Husdjursv\u00e4nlig - TRUUSK - Hem, Tr\u00e4dg\u00e5rd &amp; Fritid","og_description":"Denna liggstol \u00e4r utrustad med en tyst motor f\u00f6r \u00f6kad h\u00e5llbarhet. Med bara ett knapptryck n\u00e5r du din personliga komfortposition,...","og_url":"https:\/\/truusk.store\/sv\/produkt\/truusk-avslappningsstol-elektrisk-tv-stol-med-minnesfunktion-tystare-brus-justerbar-liggfunktion-husdjursvanlig\/","og_site_name":"TRUUSK - Hem, Tr\u00e4dg\u00e5rd &amp; Fritid","article_modified_time":"2026-03-12T07:44:36+00:00","og_image":[{"width":2000,"height":2000,"url":"https:\/\/i0.wp.com\/truusk.se\/wp-content\/uploads\/2025\/06\/avslappningsstol-elektrisk-tv-stol-med-minnesfunktion-tystare-brus-justerbar-liggfunktion-husdjursvanlig-sammetsimitation-fjarrkontroll-creme-1.webp?fit=2000%2C2000&ssl=1","type":"image\/webp"}],"twitter_card":"summary_large_image","twitter_misc":{"Ber\u00e4knad l\u00e4stid":"1 minut"},"schema":{"@context":"https:\/\/schema.org","@graph":[{"@type":"WebPage","@id":"https:\/\/truusk.store\/sv\/produkt\/truusk-avslappningsstol-elektrisk-tv-stol-med-minnesfunktion-tystare-brus-justerbar-liggfunktion-husdjursvanlig\/","url":"https:\/\/truusk.store\/sv\/produkt\/truusk-avslappningsstol-elektrisk-tv-stol-med-minnesfunktion-tystare-brus-justerbar-liggfunktion-husdjursvanlig\/","name":"TRUUSK Avslappningsstol - Elektrisk TV-stol med Minnesfunktion - Tystare Brus - Justerbar Liggfunktion - Husdjursv\u00e4nlig - TRUUSK - Hem, Tr\u00e4dg\u00e5rd &amp; Fritid","isPartOf":{"@id":"https:\/\/truusk.store\/sv\/#website"},"primaryImageOfPage":{"@id":"https:\/\/truusk.store\/sv\/produkt\/truusk-avslappningsstol-elektrisk-tv-stol-med-minnesfunktion-tystare-brus-justerbar-liggfunktion-husdjursvanlig\/#primaryimage"},"image":{"@id":"https:\/\/truusk.store\/sv\/produkt\/truusk-avslappningsstol-elektrisk-tv-stol-med-minnesfunktion-tystare-brus-justerbar-liggfunktion-husdjursvanlig\/#primaryimage"},"thumbnailUrl":"https:\/\/i0.wp.com\/truusk.store\/wp-content\/uploads\/2025\/06\/avslappningsstol-elektrisk-tv-stol-med-minnesfunktion-tystare-brus-justerbar-liggfunktion-husdjursvanlig-sammetsimitation-fjarrkontroll-creme-1.webp?fit=2000%2C2000&ssl=1","datePublished":"2025-06-06T05:20:47+00:00","dateModified":"2026-03-12T07:44:36+00:00","breadcrumb":{"@id":"https:\/\/truusk.store\/sv\/produkt\/truusk-avslappningsstol-elektrisk-tv-stol-med-minnesfunktion-tystare-brus-justerbar-liggfunktion-husdjursvanlig\/#breadcrumb"},"inLanguage":"sv-SE","potentialAction":[{"@type":"ReadAction","target":["https:\/\/truusk.store\/sv\/produkt\/truusk-avslappningsstol-elektrisk-tv-stol-med-minnesfunktion-tystare-brus-justerbar-liggfunktion-husdjursvanlig\/"]}]},{"@type":"ImageObject","inLanguage":"sv-SE","@id":"https:\/\/truusk.store\/sv\/produkt\/truusk-avslappningsstol-elektrisk-tv-stol-med-minnesfunktion-tystare-brus-justerbar-liggfunktion-husdjursvanlig\/#primaryimage","url":"https:\/\/i0.wp.com\/truusk.store\/wp-content\/uploads\/2025\/06\/avslappningsstol-elektrisk-tv-stol-med-minnesfunktion-tystare-brus-justerbar-liggfunktion-husdjursvanlig-sammetsimitation-fjarrkontroll-creme-1.webp?fit=2000%2C2000&ssl=1","contentUrl":"https:\/\/i0.wp.com\/truusk.store\/wp-content\/uploads\/2025\/06\/avslappningsstol-elektrisk-tv-stol-med-minnesfunktion-tystare-brus-justerbar-liggfunktion-husdjursvanlig-sammetsimitation-fjarrkontroll-creme-1.webp?fit=2000%2C2000&ssl=1","width":2000,"height":2000},{"@type":"BreadcrumbList","@id":"https:\/\/truusk.store\/sv\/produkt\/truusk-avslappningsstol-elektrisk-tv-stol-med-minnesfunktion-tystare-brus-justerbar-liggfunktion-husdjursvanlig\/#breadcrumb","itemListElement":[{"@type":"ListItem","position":1,"name":"Home","item":"https:\/\/truusk.store\/sv\/"},{"@type":"ListItem","position":2,"name":"Shop","item":"https:\/\/truusk.store\/shop\/"},{"@type":"ListItem","position":3,"name":"TRUUSK Avslappningsstol &#8211; Elektrisk TV-stol med Minnesfunktion &#8211; Tystare Brus &#8211; Justerbar Liggfunktion &#8211; Husdjursv\u00e4nlig"}]},{"@type":"WebSite","@id":"https:\/\/truusk.store\/sv\/#website","url":"https:\/\/truusk.store\/sv\/","name":"TRUUSK - Hem, Tr\u00e4dg\u00e5rd & Fritid","description":"","publisher":{"@id":"https:\/\/truusk.store\/sv\/#organization"},"potentialAction":[{"@type":"SearchAction","target":{"@type":"EntryPoint","urlTemplate":"https:\/\/truusk.store\/sv\/?s={search_term_string}"},"query-input":{"@type":"PropertyValueSpecification","valueRequired":true,"valueName":"search_term_string"}}],"inLanguage":"sv-SE"},{"@type":"Organization","@id":"https:\/\/truusk.store\/sv\/#organization","name":"TRUUSK - Hem, Tr\u00e4dg\u00e5rd & Fritid","url":"https:\/\/truusk.store\/sv\/","logo":{"@type":"ImageObject","inLanguage":"sv-SE","@id":"https:\/\/truusk.store\/sv\/#\/schema\/logo\/image\/","url":"https:\/\/i0.wp.com\/truusk.store\/wp-content\/uploads\/2026\/03\/cropped-TRUUSK.png?fit=2032%2C917&ssl=1","contentUrl":"https:\/\/i0.wp.com\/truusk.store\/wp-content\/uploads\/2026\/03\/cropped-TRUUSK.png?fit=2032%2C917&ssl=1","width":2032,"height":917,"caption":"TRUUSK - Hem, Tr\u00e4dg\u00e5rd & Fritid"},"image":{"@id":"https:\/\/truusk.store\/sv\/#\/schema\/logo\/image\/"}}]}},"jetpack_sharing_enabled":true,"_links":{"self":[{"href":"https:\/\/truusk.store\/sv\/wp-json\/wp\/v2\/product\/76953","targetHints":{"allow":["GET"]}}],"collection":[{"href":"https:\/\/truusk.store\/sv\/wp-json\/wp\/v2\/product"}],"about":[{"href":"https:\/\/truusk.store\/sv\/wp-json\/wp\/v2\/types\/product"}],"wp:featuredmedia":[{"embeddable":true,"href":"https:\/\/truusk.store\/sv\/wp-json\/wp\/v2\/media\/76944"}],"wp:attachment":[{"href":"https:\/\/truusk.store\/sv\/wp-json\/wp\/v2\/media?parent=76953"}],"wp:term":[{"taxonomy":"product_brand","embeddable":true,"href":"https:\/\/truusk.store\/sv\/wp-json\/wp\/v2\/product_brand?post=76953"},{"taxonomy":"product_cat","embeddable":true,"href":"https:\/\/truusk.store\/sv\/wp-json\/wp\/v2\/product_cat?post=76953"},{"taxonomy":"product_tag","embeddable":true,"href":"https:\/\/truusk.store\/sv\/wp-json\/wp\/v2\/product_tag?post=76953"}],"curies":[{"name":"wp","href":"https:\/\/api.w.org\/{rel}","templated":true}]}}