{"id":76983,"date":"2025-06-06T06:23:43","date_gmt":"2025-06-06T05:23:43","guid":{"rendered":"https:\/\/truusk.store\/product\/sidobord-koksskap-med-2-lador-soft-close-dubbeldorr-justerbar-hylla-modern-forvaringsskap-for-vardagsrum-sovrum-79-x-35-x-80-cm-vit\/"},"modified":"2026-03-12T09:46:56","modified_gmt":"2026-03-12T08:46:56","slug":"truusk-sidobord-koksskap-med-2-lador-soft-close-dubbeldorr-justerbar-hylla-modern-forvaringsskap-vit-79-x-35-x-80-cm","status":"publish","type":"product","link":"https:\/\/truusk.store\/sv\/produkt\/truusk-sidobord-koksskap-med-2-lador-soft-close-dubbeldorr-justerbar-hylla-modern-forvaringsskap-vit-79-x-35-x-80-cm\/","title":{"rendered":"TRUUSK Sidobord K\u00f6kssk\u00e5p Med 2 L\u00e5dor &#8211; Soft-Close-dubbeld\u00f6rr &#8211; Justerbar Hylla &#8211; Modern F\u00f6rvaringssk\u00e5p &#8211; Vit &#8211; 79 X 35 X 80 Cm"},"content":{"rendered":"<p>Optimera ditt boende med denna byr\u00e5 som ger en stilfull ordning. Tv\u00e5 mjukt glidande l\u00e5dor och ett gener\u00f6st dubbeld\u00f6rrsk\u00e5p erbjuder mycket f\u00f6rvaringsutrymme. Den eleganta, tv\u00e5f\u00e4rgade designen p\u00e5 sidobordet passar s\u00f6ml\u00f6st in i alla inredningar och \u00e4r idealisk f\u00f6r vardagsrum, k\u00f6k, hall eller matsal. Perfekt f\u00f6r att visa dekorationsobjekt, f\u00f6rvara hush\u00e5llsartiklar eller lagra snacks.<\/p>\n<p>Beskrivning:<\/p>\n<ul>\n<li> Tv\u00e5 l\u00e5dor och ett tv\u00e5v\u00e5ningssk\u00e5p erbjuder mycket dold f\u00f6rvaring<\/li>\n<li> Det trestegs justerbara hyllan inuti erbjuder flexibilitet<\/li>\n<li> D\u00f6rrar med mjukst\u00e4ngningsfunktion f\u00f6rhindrar slamning och ger en tyst drift<\/li>\n<li> Den klassiska tv\u00e5f\u00e4rgade designen p\u00e5 f\u00f6rvaringssk\u00e5pet g\u00f6r det m\u00e5ngsidigt anv\u00e4ndbart i vardagsrummet eller entr\u00e9omr\u00e5det, matsalen och sovrummet<\/li>\n<li> Den 2,4 cm tjocka ytan p\u00e5 sidobordet erbjuder en p\u00e5litlig avst\u00e4llningsyta f\u00f6r dekorationer<\/li>\n<li> Med tippskydd<\/li>\n<li> Montering kr\u00e4vs<\/li>\n<\/ul>\n<p> Tekniska data:<\/p>\n<ul>\n<li> F\u00e4rg: Vit+Ek<\/li>\n<li> Material: Sp\u00e5nskiva<\/li>\n<li> Totala dimensioner: 79B x 35T x 80H cm<\/li>\n<li> Tjocklek p\u00e5 bordsskivan: 2,4 cm<\/li>\n<li> Inre m\u00e5tt p\u00e5 l\u00e5dan: 28B x 28,5T x 12,5H cm<\/li>\n<li> Inre m\u00e5tt p\u00e5 sk\u00e5pet: 67B x 30T x 38H cm<\/li>\n<li> H\u00f6jd fr\u00e5n golvet till golvet: 7 cm<\/li>\n<li> Belastningskapacitet: 26 kg (totalt), 10 kg (ovanp\u00e5), 5 kg (hylla), 3 kg (l\u00e5da)<\/li>\n<\/ul>\n<p>Leveransinneh\u00e5ll:<\/p>\n<ul>\n<li> 1 x Sideboard<\/li>\n<li> 1 x Bruksanvisning<\/li>\n<\/ul>\n","protected":false},"excerpt":{"rendered":"<p>Optimera ditt boende med denna byr\u00e5 som ger en stilfull ordning. Tv\u00e5 mjukt glidande l\u00e5dor och ett gener\u00f6st dubbeld\u00f6rrsk\u00e5p erbjuder&#8230;<\/p>\n","protected":false},"featured_media":76974,"template":"","meta":[],"product_brand":[],"product_cat":[956,871,910],"product_tag":[],"class_list":{"0":"post-76983","1":"product","2":"type-product","3":"status-publish","4":"has-post-thumbnail","6":"product_cat-byraer-sideboards","7":"product_cat-hus-hem","8":"product_cat-vardagsrum","10":"first","11":"instock","12":"sale","13":"taxable","14":"shipping-taxable","15":"purchasable","16":"product-type-simple"},"yoast_head":"<!-- This site is optimized with the Yoast SEO plugin v25.4 - https:\/\/yoast.com\/wordpress\/plugins\/seo\/ -->\n<title>TRUUSK Sidobord K\u00f6kssk\u00e5p Med 2 L\u00e5dor - Soft-Close-dubbeld\u00f6rr - Justerbar Hylla - Modern F\u00f6rvaringssk\u00e5p - Vit - 79 X 35 X 80 Cm - TRUUSK - Hem, Tr\u00e4dg\u00e5rd &amp; Fritid<\/title>\n<meta name=\"robots\" content=\"index, follow, max-snippet:-1, max-image-preview:large, max-video-preview:-1\" \/>\n<link rel=\"canonical\" href=\"https:\/\/truusk.store\/sv\/produkt\/truusk-sidobord-koksskap-med-2-lador-soft-close-dubbeldorr-justerbar-hylla-modern-forvaringsskap-vit-79-x-35-x-80-cm\/\" \/>\n<meta property=\"og:locale\" content=\"sv_SE\" \/>\n<meta property=\"og:type\" content=\"article\" \/>\n<meta property=\"og:title\" content=\"TRUUSK Sidobord K\u00f6kssk\u00e5p Med 2 L\u00e5dor - Soft-Close-dubbeld\u00f6rr - Justerbar Hylla - Modern F\u00f6rvaringssk\u00e5p - Vit - 79 X 35 X 80 Cm - TRUUSK - Hem, Tr\u00e4dg\u00e5rd &amp; Fritid\" \/>\n<meta property=\"og:description\" content=\"Optimera ditt boende med denna byr\u00e5 som ger en stilfull ordning. Tv\u00e5 mjukt glidande l\u00e5dor och ett gener\u00f6st dubbeld\u00f6rrsk\u00e5p erbjuder...\" \/>\n<meta property=\"og:url\" content=\"https:\/\/truusk.store\/sv\/produkt\/truusk-sidobord-koksskap-med-2-lador-soft-close-dubbeldorr-justerbar-hylla-modern-forvaringsskap-vit-79-x-35-x-80-cm\/\" \/>\n<meta property=\"og:site_name\" content=\"TRUUSK - Hem, Tr\u00e4dg\u00e5rd &amp; Fritid\" \/>\n<meta property=\"article:modified_time\" content=\"2026-03-12T08:46:56+00:00\" \/>\n<meta property=\"og:image\" content=\"https:\/\/i0.wp.com\/truusk.se\/wp-content\/uploads\/2025\/06\/sidobord-koksskap-med-2-lador-soft-close-dubbeldorr-justerbar-hylla-modern-forvaringsskap-for-vardagsrum-sovrum-79-x-35-x-80-cm-vit-1.webp?fit=2000%2C2000&ssl=1\" \/>\n\t<meta property=\"og:image:width\" content=\"2000\" \/>\n\t<meta property=\"og:image:height\" content=\"2000\" \/>\n\t<meta property=\"og:image:type\" content=\"image\/webp\" \/>\n<meta name=\"twitter:card\" content=\"summary_large_image\" \/>\n<meta name=\"twitter:label1\" content=\"Ber\u00e4knad l\u00e4stid\" \/>\n\t<meta name=\"twitter:data1\" content=\"1 minut\" \/>\n<!-- \/ Yoast SEO plugin. -->","yoast_head_json":{"title":"TRUUSK Sidobord K\u00f6kssk\u00e5p Med 2 L\u00e5dor - Soft-Close-dubbeld\u00f6rr - Justerbar Hylla - Modern F\u00f6rvaringssk\u00e5p - Vit - 79 X 35 X 80 Cm - TRUUSK - Hem, Tr\u00e4dg\u00e5rd &amp; Fritid","robots":{"index":"index","follow":"follow","max-snippet":"max-snippet:-1","max-image-preview":"max-image-preview:large","max-video-preview":"max-video-preview:-1"},"canonical":"https:\/\/truusk.store\/sv\/produkt\/truusk-sidobord-koksskap-med-2-lador-soft-close-dubbeldorr-justerbar-hylla-modern-forvaringsskap-vit-79-x-35-x-80-cm\/","og_locale":"sv_SE","og_type":"article","og_title":"TRUUSK Sidobord K\u00f6kssk\u00e5p Med 2 L\u00e5dor - Soft-Close-dubbeld\u00f6rr - Justerbar Hylla - Modern F\u00f6rvaringssk\u00e5p - Vit - 79 X 35 X 80 Cm - TRUUSK - Hem, Tr\u00e4dg\u00e5rd &amp; Fritid","og_description":"Optimera ditt boende med denna byr\u00e5 som ger en stilfull ordning. Tv\u00e5 mjukt glidande l\u00e5dor och ett gener\u00f6st dubbeld\u00f6rrsk\u00e5p erbjuder...","og_url":"https:\/\/truusk.store\/sv\/produkt\/truusk-sidobord-koksskap-med-2-lador-soft-close-dubbeldorr-justerbar-hylla-modern-forvaringsskap-vit-79-x-35-x-80-cm\/","og_site_name":"TRUUSK - Hem, Tr\u00e4dg\u00e5rd &amp; Fritid","article_modified_time":"2026-03-12T08:46:56+00:00","og_image":[{"width":2000,"height":2000,"url":"https:\/\/i0.wp.com\/truusk.se\/wp-content\/uploads\/2025\/06\/sidobord-koksskap-med-2-lador-soft-close-dubbeldorr-justerbar-hylla-modern-forvaringsskap-for-vardagsrum-sovrum-79-x-35-x-80-cm-vit-1.webp?fit=2000%2C2000&ssl=1","type":"image\/webp"}],"twitter_card":"summary_large_image","twitter_misc":{"Ber\u00e4knad l\u00e4stid":"1 minut"},"schema":{"@context":"https:\/\/schema.org","@graph":[{"@type":"WebPage","@id":"https:\/\/truusk.store\/sv\/produkt\/truusk-sidobord-koksskap-med-2-lador-soft-close-dubbeldorr-justerbar-hylla-modern-forvaringsskap-vit-79-x-35-x-80-cm\/","url":"https:\/\/truusk.store\/sv\/produkt\/truusk-sidobord-koksskap-med-2-lador-soft-close-dubbeldorr-justerbar-hylla-modern-forvaringsskap-vit-79-x-35-x-80-cm\/","name":"TRUUSK Sidobord K\u00f6kssk\u00e5p Med 2 L\u00e5dor - Soft-Close-dubbeld\u00f6rr - Justerbar Hylla - Modern F\u00f6rvaringssk\u00e5p - Vit - 79 X 35 X 80 Cm - TRUUSK - Hem, Tr\u00e4dg\u00e5rd &amp; Fritid","isPartOf":{"@id":"https:\/\/truusk.store\/sv\/#website"},"primaryImageOfPage":{"@id":"https:\/\/truusk.store\/sv\/produkt\/truusk-sidobord-koksskap-med-2-lador-soft-close-dubbeldorr-justerbar-hylla-modern-forvaringsskap-vit-79-x-35-x-80-cm\/#primaryimage"},"image":{"@id":"https:\/\/truusk.store\/sv\/produkt\/truusk-sidobord-koksskap-med-2-lador-soft-close-dubbeldorr-justerbar-hylla-modern-forvaringsskap-vit-79-x-35-x-80-cm\/#primaryimage"},"thumbnailUrl":"https:\/\/i0.wp.com\/truusk.store\/wp-content\/uploads\/2025\/06\/sidobord-koksskap-med-2-lador-soft-close-dubbeldorr-justerbar-hylla-modern-forvaringsskap-for-vardagsrum-sovrum-79-x-35-x-80-cm-vit-1.webp?fit=2000%2C2000&ssl=1","datePublished":"2025-06-06T05:23:43+00:00","dateModified":"2026-03-12T08:46:56+00:00","breadcrumb":{"@id":"https:\/\/truusk.store\/sv\/produkt\/truusk-sidobord-koksskap-med-2-lador-soft-close-dubbeldorr-justerbar-hylla-modern-forvaringsskap-vit-79-x-35-x-80-cm\/#breadcrumb"},"inLanguage":"sv-SE","potentialAction":[{"@type":"ReadAction","target":["https:\/\/truusk.store\/sv\/produkt\/truusk-sidobord-koksskap-med-2-lador-soft-close-dubbeldorr-justerbar-hylla-modern-forvaringsskap-vit-79-x-35-x-80-cm\/"]}]},{"@type":"ImageObject","inLanguage":"sv-SE","@id":"https:\/\/truusk.store\/sv\/produkt\/truusk-sidobord-koksskap-med-2-lador-soft-close-dubbeldorr-justerbar-hylla-modern-forvaringsskap-vit-79-x-35-x-80-cm\/#primaryimage","url":"https:\/\/i0.wp.com\/truusk.store\/wp-content\/uploads\/2025\/06\/sidobord-koksskap-med-2-lador-soft-close-dubbeldorr-justerbar-hylla-modern-forvaringsskap-for-vardagsrum-sovrum-79-x-35-x-80-cm-vit-1.webp?fit=2000%2C2000&ssl=1","contentUrl":"https:\/\/i0.wp.com\/truusk.store\/wp-content\/uploads\/2025\/06\/sidobord-koksskap-med-2-lador-soft-close-dubbeldorr-justerbar-hylla-modern-forvaringsskap-for-vardagsrum-sovrum-79-x-35-x-80-cm-vit-1.webp?fit=2000%2C2000&ssl=1","width":2000,"height":2000},{"@type":"BreadcrumbList","@id":"https:\/\/truusk.store\/sv\/produkt\/truusk-sidobord-koksskap-med-2-lador-soft-close-dubbeldorr-justerbar-hylla-modern-forvaringsskap-vit-79-x-35-x-80-cm\/#breadcrumb","itemListElement":[{"@type":"ListItem","position":1,"name":"Home","item":"https:\/\/truusk.store\/sv\/"},{"@type":"ListItem","position":2,"name":"Shop","item":"https:\/\/truusk.store\/shop\/"},{"@type":"ListItem","position":3,"name":"TRUUSK Sidobord K\u00f6kssk\u00e5p Med 2 L\u00e5dor &#8211; Soft-Close-dubbeld\u00f6rr &#8211; Justerbar Hylla &#8211; Modern F\u00f6rvaringssk\u00e5p &#8211; Vit &#8211; 79 X 35 X 80 Cm"}]},{"@type":"WebSite","@id":"https:\/\/truusk.store\/sv\/#website","url":"https:\/\/truusk.store\/sv\/","name":"TRUUSK - Hem, Tr\u00e4dg\u00e5rd & Fritid","description":"","publisher":{"@id":"https:\/\/truusk.store\/sv\/#organization"},"potentialAction":[{"@type":"SearchAction","target":{"@type":"EntryPoint","urlTemplate":"https:\/\/truusk.store\/sv\/?s={search_term_string}"},"query-input":{"@type":"PropertyValueSpecification","valueRequired":true,"valueName":"search_term_string"}}],"inLanguage":"sv-SE"},{"@type":"Organization","@id":"https:\/\/truusk.store\/sv\/#organization","name":"TRUUSK - Hem, Tr\u00e4dg\u00e5rd & Fritid","url":"https:\/\/truusk.store\/sv\/","logo":{"@type":"ImageObject","inLanguage":"sv-SE","@id":"https:\/\/truusk.store\/sv\/#\/schema\/logo\/image\/","url":"https:\/\/i0.wp.com\/truusk.store\/wp-content\/uploads\/2026\/03\/cropped-TRUUSK.png?fit=2032%2C917&ssl=1","contentUrl":"https:\/\/i0.wp.com\/truusk.store\/wp-content\/uploads\/2026\/03\/cropped-TRUUSK.png?fit=2032%2C917&ssl=1","width":2032,"height":917,"caption":"TRUUSK - Hem, Tr\u00e4dg\u00e5rd & Fritid"},"image":{"@id":"https:\/\/truusk.store\/sv\/#\/schema\/logo\/image\/"}}]}},"jetpack_sharing_enabled":true,"_links":{"self":[{"href":"https:\/\/truusk.store\/sv\/wp-json\/wp\/v2\/product\/76983","targetHints":{"allow":["GET"]}}],"collection":[{"href":"https:\/\/truusk.store\/sv\/wp-json\/wp\/v2\/product"}],"about":[{"href":"https:\/\/truusk.store\/sv\/wp-json\/wp\/v2\/types\/product"}],"wp:featuredmedia":[{"embeddable":true,"href":"https:\/\/truusk.store\/sv\/wp-json\/wp\/v2\/media\/76974"}],"wp:attachment":[{"href":"https:\/\/truusk.store\/sv\/wp-json\/wp\/v2\/media?parent=76983"}],"wp:term":[{"taxonomy":"product_brand","embeddable":true,"href":"https:\/\/truusk.store\/sv\/wp-json\/wp\/v2\/product_brand?post=76983"},{"taxonomy":"product_cat","embeddable":true,"href":"https:\/\/truusk.store\/sv\/wp-json\/wp\/v2\/product_cat?post=76983"},{"taxonomy":"product_tag","embeddable":true,"href":"https:\/\/truusk.store\/sv\/wp-json\/wp\/v2\/product_tag?post=76983"}],"curies":[{"name":"wp","href":"https:\/\/api.w.org\/{rel}","templated":true}]}}