{"id":77013,"date":"2025-06-06T06:26:42","date_gmt":"2025-06-06T05:26:42","guid":{"rendered":"https:\/\/truusk.store\/product\/tradgardsmobelset-i-polyrattan-lounge-set-med-soffa-stol-bord-kuddar-vaderbestandig-sittgrupp-for-4-personer-balkongmobelset-tradgardslounge-terrassmobler-for-tradgard-balkong-brunmorkgra\/"},"modified":"2026-03-12T08:42:41","modified_gmt":"2026-03-12T07:42:41","slug":"truusk-tradgardsmobelset-i-polyrattan-lounge-set-med-soffa-stol-bord-vaderbestandig-for-4-personer-balkongmobelset","status":"publish","type":"product","link":"https:\/\/truusk.store\/sv\/produkt\/truusk-tradgardsmobelset-i-polyrattan-lounge-set-med-soffa-stol-bord-vaderbestandig-for-4-personer-balkongmobelset\/","title":{"rendered":"TRUUSK Tr\u00e4dg\u00e5rdsm\u00f6belset I Polyrattan &#8211; Lounge-set Med Soffa, Stol, Bord &#8211; V\u00e4derbest\u00e4ndig &#8211; F\u00f6r 4 Personer &#8211; Balkongm\u00f6belset &#8211;"},"content":{"rendered":"<p>F\u00f6rvandla din tr\u00e4dg\u00e5rd till en plats f\u00f6r vila med TRUUSK Polyrattan-sittgruppen. Denna bed\u00e5rande rattan tr\u00e4dg\u00e5rdsm\u00f6belset best\u00e5r av tv\u00e5 f\u00e5t\u00f6ljer, en loveseat och ett soffbord, perfekt f\u00f6r sm\u00e5 omr\u00e5den som d\u00e4ck, terrasser eller balkonger. Denna sittlounge kombinerar stil och funktionalitet. Luta dig tillbaka i de tjocka, l\u00e4tta att reng\u00f6ra kuddarna. Det eleganta utomhusbordet med h\u00e4rdat glasplatta och naturfinish \u00e4r perfekt f\u00f6r drycker och snacks.<\/p>\n<p>Beskrivning:<\/p>\n<ul>\n<li> Tr\u00e4dg\u00e5rdsm\u00f6bler med fyra sittplatser f\u00f6rsk\u00f6nar dina utomhusomr\u00e5den<\/li>\n<li> Vadderade sitt- och ryggkuddar i Polyrattan-loungesetet ger extra komfort och st\u00f6d<\/li>\n<li> Kuddarna i sittloungen har dragkedjor, vilket underl\u00e4ttar avtagning f\u00f6r tv\u00e4tt<\/li>\n<li> Soffbordet \u00e4r utrustat med en 5 mm tjock h\u00e4rdat glasplatta f\u00f6r s\u00e4kerhet<\/li>\n<li> Allv\u00e4dersrund PE-rattan \u00e4r designad f\u00f6r utomhusbruk<\/li>\n<li> Pulverlackerat st\u00e5lram f\u00f6r tr\u00e4dg\u00e5rdsm\u00f6belsetet garanterar en robust m\u00f6belstruktur<\/li>\n<li> Justerbara fotdynor \u00f6kar stabiliteten p\u00e5 oj\u00e4mna ytor<\/li>\n<li> Montering kr\u00e4vs<\/li>\n<\/ul>\n<p> Tekniska data:<\/p>\n<ul>\n<li> F\u00e4rg: M\u00f6rkgr\u00e5<\/li>\n<li> Material: PE-rattan, st\u00e5l, h\u00e4rdat glas, polyester, skum<\/li>\n<li> F\u00e5t\u00f6ljdimensioner: 59L x 60B x 69H cm<\/li>\n<li> Loveseat-dimensioner: 116B x 60T x 69H cm<\/li>\n<li> Borddimensioner: 90L x 50B x 40H cm<\/li>\n<li> Bordplattans tjocklek: 0,5 cm<\/li>\n<li> Sittm\u00e5tt: 55B x 58T x 35H cm (f\u00e5t\u00f6lj), 110B x 58T x 35H cm (loveseat)<\/li>\n<li> Ryggm\u00e5tt: 55B x 34H cm (f\u00e5t\u00f6lj), 110B x 34H cm (loveseat)<\/li>\n<li> Kuddtjocklek: 6 cm (sitt), 10 cm (rygg)<\/li>\n<li> Belastningskapacitet: 120 kg (f\u00e5t\u00f6lj), 240 kg (loveseat), 50 kg (bord)<\/li>\n<\/ul>\n<p>Leverans inneh\u00e5ller:<\/p>\n<ul>\n<li> 2 x F\u00e5t\u00f6ljer<\/li>\n<li> 1 x Loveseat<\/li>\n<li> 1 x Soffbord<\/li>\n<li> 4 x Sittkuddar<\/li>\n<li> 4 x Ryggkuddar<\/li>\n<li> 1 x Bruksanvisning<\/li>\n<\/ul>\n","protected":false},"excerpt":{"rendered":"<p>F\u00f6rvandla din tr\u00e4dg\u00e5rd till en plats f\u00f6r vila med TRUUSK Polyrattan-sittgruppen. Denna bed\u00e5rande rattan tr\u00e4dg\u00e5rdsm\u00f6belset best\u00e5r av tv\u00e5 f\u00e5t\u00f6ljer, en&#8230;<\/p>\n","protected":false},"featured_media":77004,"template":"","meta":[],"product_brand":[],"product_cat":[858,450,456],"product_tag":[],"class_list":{"0":"post-77013","1":"product","2":"type-product","3":"status-publish","4":"has-post-thumbnail","6":"product_cat-tradgard-terrass","7":"product_cat-tradgardsmobler","8":"product_cat-tradgardsmobler-set","10":"first","11":"instock","12":"sale","13":"taxable","14":"shipping-taxable","15":"purchasable","16":"product-type-simple"},"yoast_head":"<!-- This site is optimized with the Yoast SEO plugin v25.4 - https:\/\/yoast.com\/wordpress\/plugins\/seo\/ -->\n<title>TRUUSK Tr\u00e4dg\u00e5rdsm\u00f6belset I Polyrattan - Lounge-set Med Soffa, Stol, Bord - V\u00e4derbest\u00e4ndig - F\u00f6r 4 Personer - Balkongm\u00f6belset - TRUUSK - Hem, Tr\u00e4dg\u00e5rd &amp; Fritid<\/title>\n<meta name=\"robots\" content=\"index, follow, max-snippet:-1, max-image-preview:large, max-video-preview:-1\" \/>\n<link rel=\"canonical\" href=\"https:\/\/truusk.store\/sv\/produkt\/truusk-tradgardsmobelset-i-polyrattan-lounge-set-med-soffa-stol-bord-vaderbestandig-for-4-personer-balkongmobelset\/\" \/>\n<meta property=\"og:locale\" content=\"sv_SE\" \/>\n<meta property=\"og:type\" content=\"article\" \/>\n<meta property=\"og:title\" content=\"TRUUSK Tr\u00e4dg\u00e5rdsm\u00f6belset I Polyrattan - Lounge-set Med Soffa, Stol, Bord - V\u00e4derbest\u00e4ndig - F\u00f6r 4 Personer - Balkongm\u00f6belset - TRUUSK - Hem, Tr\u00e4dg\u00e5rd &amp; Fritid\" \/>\n<meta property=\"og:description\" content=\"F\u00f6rvandla din tr\u00e4dg\u00e5rd till en plats f\u00f6r vila med TRUUSK Polyrattan-sittgruppen. Denna bed\u00e5rande rattan tr\u00e4dg\u00e5rdsm\u00f6belset best\u00e5r av tv\u00e5 f\u00e5t\u00f6ljer, en...\" \/>\n<meta property=\"og:url\" content=\"https:\/\/truusk.store\/sv\/produkt\/truusk-tradgardsmobelset-i-polyrattan-lounge-set-med-soffa-stol-bord-vaderbestandig-for-4-personer-balkongmobelset\/\" \/>\n<meta property=\"og:site_name\" content=\"TRUUSK - Hem, Tr\u00e4dg\u00e5rd &amp; Fritid\" \/>\n<meta property=\"article:modified_time\" content=\"2026-03-12T07:42:41+00:00\" \/>\n<meta property=\"og:image\" content=\"https:\/\/i0.wp.com\/truusk.se\/wp-content\/uploads\/2025\/06\/tradgardsmobelset-i-polyrattan-lounge-set-med-soffa-stol-bord-kuddar-vaderbestandig-sittgrupp-for-4-personer-balkongmobelset-tradgardslounge-terrassmobler-for-tradgard-balkong-brunmorkgra-1.webp?fit=2000%2C2000&ssl=1\" \/>\n\t<meta property=\"og:image:width\" content=\"2000\" \/>\n\t<meta property=\"og:image:height\" content=\"2000\" \/>\n\t<meta property=\"og:image:type\" content=\"image\/webp\" \/>\n<meta name=\"twitter:card\" content=\"summary_large_image\" \/>\n<meta name=\"twitter:label1\" content=\"Ber\u00e4knad l\u00e4stid\" \/>\n\t<meta name=\"twitter:data1\" content=\"1 minut\" \/>\n<!-- \/ Yoast SEO plugin. -->","yoast_head_json":{"title":"TRUUSK Tr\u00e4dg\u00e5rdsm\u00f6belset I Polyrattan - Lounge-set Med Soffa, Stol, Bord - V\u00e4derbest\u00e4ndig - F\u00f6r 4 Personer - Balkongm\u00f6belset - TRUUSK - Hem, Tr\u00e4dg\u00e5rd &amp; Fritid","robots":{"index":"index","follow":"follow","max-snippet":"max-snippet:-1","max-image-preview":"max-image-preview:large","max-video-preview":"max-video-preview:-1"},"canonical":"https:\/\/truusk.store\/sv\/produkt\/truusk-tradgardsmobelset-i-polyrattan-lounge-set-med-soffa-stol-bord-vaderbestandig-for-4-personer-balkongmobelset\/","og_locale":"sv_SE","og_type":"article","og_title":"TRUUSK Tr\u00e4dg\u00e5rdsm\u00f6belset I Polyrattan - Lounge-set Med Soffa, Stol, Bord - V\u00e4derbest\u00e4ndig - F\u00f6r 4 Personer - Balkongm\u00f6belset - TRUUSK - Hem, Tr\u00e4dg\u00e5rd &amp; Fritid","og_description":"F\u00f6rvandla din tr\u00e4dg\u00e5rd till en plats f\u00f6r vila med TRUUSK Polyrattan-sittgruppen. Denna bed\u00e5rande rattan tr\u00e4dg\u00e5rdsm\u00f6belset best\u00e5r av tv\u00e5 f\u00e5t\u00f6ljer, en...","og_url":"https:\/\/truusk.store\/sv\/produkt\/truusk-tradgardsmobelset-i-polyrattan-lounge-set-med-soffa-stol-bord-vaderbestandig-for-4-personer-balkongmobelset\/","og_site_name":"TRUUSK - Hem, Tr\u00e4dg\u00e5rd &amp; Fritid","article_modified_time":"2026-03-12T07:42:41+00:00","og_image":[{"width":2000,"height":2000,"url":"https:\/\/i0.wp.com\/truusk.se\/wp-content\/uploads\/2025\/06\/tradgardsmobelset-i-polyrattan-lounge-set-med-soffa-stol-bord-kuddar-vaderbestandig-sittgrupp-for-4-personer-balkongmobelset-tradgardslounge-terrassmobler-for-tradgard-balkong-brunmorkgra-1.webp?fit=2000%2C2000&ssl=1","type":"image\/webp"}],"twitter_card":"summary_large_image","twitter_misc":{"Ber\u00e4knad l\u00e4stid":"1 minut"},"schema":{"@context":"https:\/\/schema.org","@graph":[{"@type":"WebPage","@id":"https:\/\/truusk.store\/sv\/produkt\/truusk-tradgardsmobelset-i-polyrattan-lounge-set-med-soffa-stol-bord-vaderbestandig-for-4-personer-balkongmobelset\/","url":"https:\/\/truusk.store\/sv\/produkt\/truusk-tradgardsmobelset-i-polyrattan-lounge-set-med-soffa-stol-bord-vaderbestandig-for-4-personer-balkongmobelset\/","name":"TRUUSK Tr\u00e4dg\u00e5rdsm\u00f6belset I Polyrattan - Lounge-set Med Soffa, Stol, Bord - V\u00e4derbest\u00e4ndig - F\u00f6r 4 Personer - Balkongm\u00f6belset - TRUUSK - Hem, Tr\u00e4dg\u00e5rd &amp; Fritid","isPartOf":{"@id":"https:\/\/truusk.store\/sv\/#website"},"primaryImageOfPage":{"@id":"https:\/\/truusk.store\/sv\/produkt\/truusk-tradgardsmobelset-i-polyrattan-lounge-set-med-soffa-stol-bord-vaderbestandig-for-4-personer-balkongmobelset\/#primaryimage"},"image":{"@id":"https:\/\/truusk.store\/sv\/produkt\/truusk-tradgardsmobelset-i-polyrattan-lounge-set-med-soffa-stol-bord-vaderbestandig-for-4-personer-balkongmobelset\/#primaryimage"},"thumbnailUrl":"https:\/\/i0.wp.com\/truusk.store\/wp-content\/uploads\/2025\/06\/tradgardsmobelset-i-polyrattan-lounge-set-med-soffa-stol-bord-kuddar-vaderbestandig-sittgrupp-for-4-personer-balkongmobelset-tradgardslounge-terrassmobler-for-tradgard-balkong-brunmorkgra-1.webp?fit=2000%2C2000&ssl=1","datePublished":"2025-06-06T05:26:42+00:00","dateModified":"2026-03-12T07:42:41+00:00","breadcrumb":{"@id":"https:\/\/truusk.store\/sv\/produkt\/truusk-tradgardsmobelset-i-polyrattan-lounge-set-med-soffa-stol-bord-vaderbestandig-for-4-personer-balkongmobelset\/#breadcrumb"},"inLanguage":"sv-SE","potentialAction":[{"@type":"ReadAction","target":["https:\/\/truusk.store\/sv\/produkt\/truusk-tradgardsmobelset-i-polyrattan-lounge-set-med-soffa-stol-bord-vaderbestandig-for-4-personer-balkongmobelset\/"]}]},{"@type":"ImageObject","inLanguage":"sv-SE","@id":"https:\/\/truusk.store\/sv\/produkt\/truusk-tradgardsmobelset-i-polyrattan-lounge-set-med-soffa-stol-bord-vaderbestandig-for-4-personer-balkongmobelset\/#primaryimage","url":"https:\/\/i0.wp.com\/truusk.store\/wp-content\/uploads\/2025\/06\/tradgardsmobelset-i-polyrattan-lounge-set-med-soffa-stol-bord-kuddar-vaderbestandig-sittgrupp-for-4-personer-balkongmobelset-tradgardslounge-terrassmobler-for-tradgard-balkong-brunmorkgra-1.webp?fit=2000%2C2000&ssl=1","contentUrl":"https:\/\/i0.wp.com\/truusk.store\/wp-content\/uploads\/2025\/06\/tradgardsmobelset-i-polyrattan-lounge-set-med-soffa-stol-bord-kuddar-vaderbestandig-sittgrupp-for-4-personer-balkongmobelset-tradgardslounge-terrassmobler-for-tradgard-balkong-brunmorkgra-1.webp?fit=2000%2C2000&ssl=1","width":2000,"height":2000},{"@type":"BreadcrumbList","@id":"https:\/\/truusk.store\/sv\/produkt\/truusk-tradgardsmobelset-i-polyrattan-lounge-set-med-soffa-stol-bord-vaderbestandig-for-4-personer-balkongmobelset\/#breadcrumb","itemListElement":[{"@type":"ListItem","position":1,"name":"Home","item":"https:\/\/truusk.store\/sv\/"},{"@type":"ListItem","position":2,"name":"Shop","item":"https:\/\/truusk.store\/shop\/"},{"@type":"ListItem","position":3,"name":"TRUUSK Tr\u00e4dg\u00e5rdsm\u00f6belset I Polyrattan &#8211; Lounge-set Med Soffa, Stol, Bord &#8211; V\u00e4derbest\u00e4ndig &#8211; F\u00f6r 4 Personer &#8211; Balkongm\u00f6belset &#8211;"}]},{"@type":"WebSite","@id":"https:\/\/truusk.store\/sv\/#website","url":"https:\/\/truusk.store\/sv\/","name":"TRUUSK - Hem, Tr\u00e4dg\u00e5rd & Fritid","description":"","publisher":{"@id":"https:\/\/truusk.store\/sv\/#organization"},"potentialAction":[{"@type":"SearchAction","target":{"@type":"EntryPoint","urlTemplate":"https:\/\/truusk.store\/sv\/?s={search_term_string}"},"query-input":{"@type":"PropertyValueSpecification","valueRequired":true,"valueName":"search_term_string"}}],"inLanguage":"sv-SE"},{"@type":"Organization","@id":"https:\/\/truusk.store\/sv\/#organization","name":"TRUUSK - Hem, Tr\u00e4dg\u00e5rd & Fritid","url":"https:\/\/truusk.store\/sv\/","logo":{"@type":"ImageObject","inLanguage":"sv-SE","@id":"https:\/\/truusk.store\/sv\/#\/schema\/logo\/image\/","url":"https:\/\/i0.wp.com\/truusk.store\/wp-content\/uploads\/2026\/03\/cropped-TRUUSK.png?fit=2032%2C917&ssl=1","contentUrl":"https:\/\/i0.wp.com\/truusk.store\/wp-content\/uploads\/2026\/03\/cropped-TRUUSK.png?fit=2032%2C917&ssl=1","width":2032,"height":917,"caption":"TRUUSK - Hem, Tr\u00e4dg\u00e5rd & Fritid"},"image":{"@id":"https:\/\/truusk.store\/sv\/#\/schema\/logo\/image\/"}}]}},"jetpack_sharing_enabled":true,"_links":{"self":[{"href":"https:\/\/truusk.store\/sv\/wp-json\/wp\/v2\/product\/77013","targetHints":{"allow":["GET"]}}],"collection":[{"href":"https:\/\/truusk.store\/sv\/wp-json\/wp\/v2\/product"}],"about":[{"href":"https:\/\/truusk.store\/sv\/wp-json\/wp\/v2\/types\/product"}],"wp:featuredmedia":[{"embeddable":true,"href":"https:\/\/truusk.store\/sv\/wp-json\/wp\/v2\/media\/77004"}],"wp:attachment":[{"href":"https:\/\/truusk.store\/sv\/wp-json\/wp\/v2\/media?parent=77013"}],"wp:term":[{"taxonomy":"product_brand","embeddable":true,"href":"https:\/\/truusk.store\/sv\/wp-json\/wp\/v2\/product_brand?post=77013"},{"taxonomy":"product_cat","embeddable":true,"href":"https:\/\/truusk.store\/sv\/wp-json\/wp\/v2\/product_cat?post=77013"},{"taxonomy":"product_tag","embeddable":true,"href":"https:\/\/truusk.store\/sv\/wp-json\/wp\/v2\/product_tag?post=77013"}],"curies":[{"name":"wp","href":"https:\/\/api.w.org\/{rel}","templated":true}]}}