{"id":77033,"date":"2025-06-06T06:28:41","date_gmt":"2025-06-06T05:28:41","guid":{"rendered":"https:\/\/truusk.store\/product\/motorcykellyft-500-kg-belastningskapacitet-motorcykelhiss-95-400-mm-hojdjusterbar-monteringsbock-cykelreparation-saxlyft-i-garage-utomhusomraden\/"},"modified":"2026-03-12T08:41:08","modified_gmt":"2026-03-12T07:41:08","slug":"truusk-motorcykellyft-500-kg-hojdjusterbar-monteringsbock-cykelreparation-saxlyft-garage-utomhusomraden","status":"publish","type":"product","link":"https:\/\/truusk.store\/sv\/produkt\/truusk-motorcykellyft-500-kg-hojdjusterbar-monteringsbock-cykelreparation-saxlyft-garage-utomhusomraden\/","title":{"rendered":"TRUUSK Motorcykellyft 500 Kg &#8211; H\u00f6jdjusterbar &#8211; Monteringsbock &#8211; Cykelreparation &#8211; Saxlyft &#8211; Garage &amp; Utomhusomr\u00e5den"},"content":{"rendered":"<p>Optimera underh\u00e5llet av din motorcykel med TRUUSK Motorcykel Gelenkvagnshiss! Motorcykellyftst\u00f6det b\u00e4r upp till 500 kg och kan h\u00f6jas fr\u00e5n 9,5 cm till imponerande 40 cm, passande f\u00f6r de flesta motorcyklar. Den solida st\u00e5lsaxen p\u00e5 motorcykellyftplattformen med avtagbara st\u00f6dstigbyglar garanterar en stabil och s\u00e4ker position f\u00f6r din cykel. Lyft den l\u00e4tt med det avtagbara handtaget. Perfekt f\u00f6r reng\u00f6ringsarbeten och reparationer!<\/p>\n<p>Beskrivning:<\/p>\n<ul>\n<li> 500 kg b\u00e4rf\u00f6rm\u00e5ga f\u00f6r motorcykellyftplattformen lyfter motorcyklar f\u00f6r enkel underh\u00e5ll och reng\u00f6ring<\/li>\n<li> H\u00f6jden \u00e4r justerbar fr\u00e5n 9,5 cm till 40 cm, passar till olika motorcyklar<\/li>\n<li> Starka saxstrukturer p\u00e5 motorcykelhissen med st\u00f6djande sadlar garanterar ett stabilt lyft<\/li>\n<li> Avtagbart metallhandtag p\u00e5 motorcykelsaxlyftplattformen m\u00f6jligg\u00f6r enkel anv\u00e4ndning av vagnshissen<\/li>\n<li> Kan f\u00e4llas ihop till en kompakt storlek f\u00f6r enkel transport och f\u00f6rvaring<\/li>\n<li> St\u00e5lhissen med pulverlackering f\u00f6r p\u00e5litligt lyft och enkel reng\u00f6ring efter anv\u00e4ndning<\/li>\n<li> Ingen montering kr\u00e4vs<\/li>\n<\/ul>\n<p> Tekniska data:<\/p>\n<ul>\n<li> F\u00e4rg: Svart+R\u00f6d<\/li>\n<li> Material: St\u00e5l, Nylon<\/li>\n<li> Totala dimensioner: 45L x 15B x 9,5-40H cm<\/li>\n<li> \u00d6versta driftsplattformen: 45L x 15B cm<\/li>\n<li> Basdimensioner: 45L x 15B cm<\/li>\n<li> F\u00e4llda m\u00e5tt: 45L x 15B x 9,5H cm<\/li>\n<li> Certifiering: CE<\/li>\n<\/ul>\n<p>Leveransinneh\u00e5ll:<\/p>\n<ul>\n<li> 1 x Motorcykellyftplattform<\/li>\n<li> 1 x Bruksanvisning<\/li>\n<\/ul>\n","protected":false},"excerpt":{"rendered":"<p>Optimera underh\u00e5llet av din motorcykel med TRUUSK Motorcykel Gelenkvagnshiss! Motorcykellyftst\u00f6det b\u00e4r upp till 500 kg och kan h\u00f6jas fr\u00e5n 9,5&#8230;<\/p>\n","protected":false},"featured_media":77024,"template":"","meta":[],"product_brand":[],"product_cat":[684,867],"product_tag":[],"class_list":{"0":"post-77033","1":"product","2":"type-product","3":"status-publish","4":"has-post-thumbnail","6":"product_cat-biltillbehor","7":"product_cat-byggmarknad","9":"first","10":"instock","11":"sale","12":"taxable","13":"shipping-taxable","14":"purchasable","15":"product-type-simple"},"yoast_head":"<!-- This site is optimized with the Yoast SEO plugin v25.4 - https:\/\/yoast.com\/wordpress\/plugins\/seo\/ -->\n<title>TRUUSK Motorcykellyft 500 Kg - H\u00f6jdjusterbar - Monteringsbock - Cykelreparation - Saxlyft - Garage &amp; Utomhusomr\u00e5den - TRUUSK - Hem, Tr\u00e4dg\u00e5rd &amp; Fritid<\/title>\n<meta name=\"robots\" content=\"index, follow, max-snippet:-1, max-image-preview:large, max-video-preview:-1\" \/>\n<link rel=\"canonical\" href=\"https:\/\/truusk.store\/sv\/produkt\/truusk-motorcykellyft-500-kg-hojdjusterbar-monteringsbock-cykelreparation-saxlyft-garage-utomhusomraden\/\" \/>\n<meta property=\"og:locale\" content=\"sv_SE\" \/>\n<meta property=\"og:type\" content=\"article\" \/>\n<meta property=\"og:title\" content=\"TRUUSK Motorcykellyft 500 Kg - H\u00f6jdjusterbar - Monteringsbock - Cykelreparation - Saxlyft - Garage &amp; Utomhusomr\u00e5den - TRUUSK - Hem, Tr\u00e4dg\u00e5rd &amp; Fritid\" \/>\n<meta property=\"og:description\" content=\"Optimera underh\u00e5llet av din motorcykel med TRUUSK Motorcykel Gelenkvagnshiss! Motorcykellyftst\u00f6det b\u00e4r upp till 500 kg och kan h\u00f6jas fr\u00e5n 9,5...\" \/>\n<meta property=\"og:url\" content=\"https:\/\/truusk.store\/sv\/produkt\/truusk-motorcykellyft-500-kg-hojdjusterbar-monteringsbock-cykelreparation-saxlyft-garage-utomhusomraden\/\" \/>\n<meta property=\"og:site_name\" content=\"TRUUSK - Hem, Tr\u00e4dg\u00e5rd &amp; Fritid\" \/>\n<meta property=\"article:modified_time\" content=\"2026-03-12T07:41:08+00:00\" \/>\n<meta property=\"og:image\" content=\"https:\/\/i0.wp.com\/truusk.se\/wp-content\/uploads\/2025\/06\/motorcykellyft-500-kg-belastningskapacitet-motorcykelhiss-95-400-mm-hojdjusterbar-monteringsbock-cykelreparation-saxlyft-i-garage-utomhusomraden-1.webp?fit=2000%2C2000&ssl=1\" \/>\n\t<meta property=\"og:image:width\" content=\"2000\" \/>\n\t<meta property=\"og:image:height\" content=\"2000\" \/>\n\t<meta property=\"og:image:type\" content=\"image\/webp\" \/>\n<meta name=\"twitter:card\" content=\"summary_large_image\" \/>\n<meta name=\"twitter:label1\" content=\"Ber\u00e4knad l\u00e4stid\" \/>\n\t<meta name=\"twitter:data1\" content=\"1 minut\" \/>\n<!-- \/ Yoast SEO plugin. -->","yoast_head_json":{"title":"TRUUSK Motorcykellyft 500 Kg - H\u00f6jdjusterbar - Monteringsbock - Cykelreparation - Saxlyft - Garage &amp; Utomhusomr\u00e5den - TRUUSK - Hem, Tr\u00e4dg\u00e5rd &amp; Fritid","robots":{"index":"index","follow":"follow","max-snippet":"max-snippet:-1","max-image-preview":"max-image-preview:large","max-video-preview":"max-video-preview:-1"},"canonical":"https:\/\/truusk.store\/sv\/produkt\/truusk-motorcykellyft-500-kg-hojdjusterbar-monteringsbock-cykelreparation-saxlyft-garage-utomhusomraden\/","og_locale":"sv_SE","og_type":"article","og_title":"TRUUSK Motorcykellyft 500 Kg - H\u00f6jdjusterbar - Monteringsbock - Cykelreparation - Saxlyft - Garage &amp; Utomhusomr\u00e5den - TRUUSK - Hem, Tr\u00e4dg\u00e5rd &amp; Fritid","og_description":"Optimera underh\u00e5llet av din motorcykel med TRUUSK Motorcykel Gelenkvagnshiss! Motorcykellyftst\u00f6det b\u00e4r upp till 500 kg och kan h\u00f6jas fr\u00e5n 9,5...","og_url":"https:\/\/truusk.store\/sv\/produkt\/truusk-motorcykellyft-500-kg-hojdjusterbar-monteringsbock-cykelreparation-saxlyft-garage-utomhusomraden\/","og_site_name":"TRUUSK - Hem, Tr\u00e4dg\u00e5rd &amp; Fritid","article_modified_time":"2026-03-12T07:41:08+00:00","og_image":[{"width":2000,"height":2000,"url":"https:\/\/i0.wp.com\/truusk.se\/wp-content\/uploads\/2025\/06\/motorcykellyft-500-kg-belastningskapacitet-motorcykelhiss-95-400-mm-hojdjusterbar-monteringsbock-cykelreparation-saxlyft-i-garage-utomhusomraden-1.webp?fit=2000%2C2000&ssl=1","type":"image\/webp"}],"twitter_card":"summary_large_image","twitter_misc":{"Ber\u00e4knad l\u00e4stid":"1 minut"},"schema":{"@context":"https:\/\/schema.org","@graph":[{"@type":"WebPage","@id":"https:\/\/truusk.store\/sv\/produkt\/truusk-motorcykellyft-500-kg-hojdjusterbar-monteringsbock-cykelreparation-saxlyft-garage-utomhusomraden\/","url":"https:\/\/truusk.store\/sv\/produkt\/truusk-motorcykellyft-500-kg-hojdjusterbar-monteringsbock-cykelreparation-saxlyft-garage-utomhusomraden\/","name":"TRUUSK Motorcykellyft 500 Kg - H\u00f6jdjusterbar - Monteringsbock - Cykelreparation - Saxlyft - Garage &amp; Utomhusomr\u00e5den - TRUUSK - Hem, Tr\u00e4dg\u00e5rd &amp; Fritid","isPartOf":{"@id":"https:\/\/truusk.store\/sv\/#website"},"primaryImageOfPage":{"@id":"https:\/\/truusk.store\/sv\/produkt\/truusk-motorcykellyft-500-kg-hojdjusterbar-monteringsbock-cykelreparation-saxlyft-garage-utomhusomraden\/#primaryimage"},"image":{"@id":"https:\/\/truusk.store\/sv\/produkt\/truusk-motorcykellyft-500-kg-hojdjusterbar-monteringsbock-cykelreparation-saxlyft-garage-utomhusomraden\/#primaryimage"},"thumbnailUrl":"https:\/\/i0.wp.com\/truusk.store\/wp-content\/uploads\/2025\/06\/motorcykellyft-500-kg-belastningskapacitet-motorcykelhiss-95-400-mm-hojdjusterbar-monteringsbock-cykelreparation-saxlyft-i-garage-utomhusomraden-1.webp?fit=2000%2C2000&ssl=1","datePublished":"2025-06-06T05:28:41+00:00","dateModified":"2026-03-12T07:41:08+00:00","breadcrumb":{"@id":"https:\/\/truusk.store\/sv\/produkt\/truusk-motorcykellyft-500-kg-hojdjusterbar-monteringsbock-cykelreparation-saxlyft-garage-utomhusomraden\/#breadcrumb"},"inLanguage":"sv-SE","potentialAction":[{"@type":"ReadAction","target":["https:\/\/truusk.store\/sv\/produkt\/truusk-motorcykellyft-500-kg-hojdjusterbar-monteringsbock-cykelreparation-saxlyft-garage-utomhusomraden\/"]}]},{"@type":"ImageObject","inLanguage":"sv-SE","@id":"https:\/\/truusk.store\/sv\/produkt\/truusk-motorcykellyft-500-kg-hojdjusterbar-monteringsbock-cykelreparation-saxlyft-garage-utomhusomraden\/#primaryimage","url":"https:\/\/i0.wp.com\/truusk.store\/wp-content\/uploads\/2025\/06\/motorcykellyft-500-kg-belastningskapacitet-motorcykelhiss-95-400-mm-hojdjusterbar-monteringsbock-cykelreparation-saxlyft-i-garage-utomhusomraden-1.webp?fit=2000%2C2000&ssl=1","contentUrl":"https:\/\/i0.wp.com\/truusk.store\/wp-content\/uploads\/2025\/06\/motorcykellyft-500-kg-belastningskapacitet-motorcykelhiss-95-400-mm-hojdjusterbar-monteringsbock-cykelreparation-saxlyft-i-garage-utomhusomraden-1.webp?fit=2000%2C2000&ssl=1","width":2000,"height":2000},{"@type":"BreadcrumbList","@id":"https:\/\/truusk.store\/sv\/produkt\/truusk-motorcykellyft-500-kg-hojdjusterbar-monteringsbock-cykelreparation-saxlyft-garage-utomhusomraden\/#breadcrumb","itemListElement":[{"@type":"ListItem","position":1,"name":"Home","item":"https:\/\/truusk.store\/sv\/"},{"@type":"ListItem","position":2,"name":"Shop","item":"https:\/\/truusk.store\/shop\/"},{"@type":"ListItem","position":3,"name":"TRUUSK Motorcykellyft 500 Kg &#8211; H\u00f6jdjusterbar &#8211; Monteringsbock &#8211; Cykelreparation &#8211; Saxlyft &#8211; Garage &amp; Utomhusomr\u00e5den"}]},{"@type":"WebSite","@id":"https:\/\/truusk.store\/sv\/#website","url":"https:\/\/truusk.store\/sv\/","name":"TRUUSK - Hem, Tr\u00e4dg\u00e5rd & Fritid","description":"","publisher":{"@id":"https:\/\/truusk.store\/sv\/#organization"},"potentialAction":[{"@type":"SearchAction","target":{"@type":"EntryPoint","urlTemplate":"https:\/\/truusk.store\/sv\/?s={search_term_string}"},"query-input":{"@type":"PropertyValueSpecification","valueRequired":true,"valueName":"search_term_string"}}],"inLanguage":"sv-SE"},{"@type":"Organization","@id":"https:\/\/truusk.store\/sv\/#organization","name":"TRUUSK - Hem, Tr\u00e4dg\u00e5rd & Fritid","url":"https:\/\/truusk.store\/sv\/","logo":{"@type":"ImageObject","inLanguage":"sv-SE","@id":"https:\/\/truusk.store\/sv\/#\/schema\/logo\/image\/","url":"https:\/\/i0.wp.com\/truusk.store\/wp-content\/uploads\/2026\/03\/cropped-TRUUSK.png?fit=2032%2C917&ssl=1","contentUrl":"https:\/\/i0.wp.com\/truusk.store\/wp-content\/uploads\/2026\/03\/cropped-TRUUSK.png?fit=2032%2C917&ssl=1","width":2032,"height":917,"caption":"TRUUSK - Hem, Tr\u00e4dg\u00e5rd & Fritid"},"image":{"@id":"https:\/\/truusk.store\/sv\/#\/schema\/logo\/image\/"}}]}},"jetpack_sharing_enabled":true,"_links":{"self":[{"href":"https:\/\/truusk.store\/sv\/wp-json\/wp\/v2\/product\/77033","targetHints":{"allow":["GET"]}}],"collection":[{"href":"https:\/\/truusk.store\/sv\/wp-json\/wp\/v2\/product"}],"about":[{"href":"https:\/\/truusk.store\/sv\/wp-json\/wp\/v2\/types\/product"}],"wp:featuredmedia":[{"embeddable":true,"href":"https:\/\/truusk.store\/sv\/wp-json\/wp\/v2\/media\/77024"}],"wp:attachment":[{"href":"https:\/\/truusk.store\/sv\/wp-json\/wp\/v2\/media?parent=77033"}],"wp:term":[{"taxonomy":"product_brand","embeddable":true,"href":"https:\/\/truusk.store\/sv\/wp-json\/wp\/v2\/product_brand?post=77033"},{"taxonomy":"product_cat","embeddable":true,"href":"https:\/\/truusk.store\/sv\/wp-json\/wp\/v2\/product_cat?post=77033"},{"taxonomy":"product_tag","embeddable":true,"href":"https:\/\/truusk.store\/sv\/wp-json\/wp\/v2\/product_tag?post=77033"}],"curies":[{"name":"wp","href":"https:\/\/api.w.org\/{rel}","templated":true}]}}