{"id":77053,"date":"2025-06-06T06:30:50","date_gmt":"2025-06-06T05:30:50","guid":{"rendered":"https:\/\/truusk.store\/product\/tunnel-talt-for-4-personer-latt-stabil-vattentat-uv-50-campingtalt-med-fortalt-dubbeldorr-fonster-markduk-familjetalt-med-3000mm-vattenpelare-talt-for-camping-resa-trekking-tradgard\/"},"modified":"2026-03-12T08:42:17","modified_gmt":"2026-03-12T07:42:17","slug":"truusk-tunnel-talt-4-personer-latt-stabil-vattentat-uv-50-campingtalt-fortalt-dubbeldorr-fonster-3000mm-vattenpelare","status":"publish","type":"product","link":"https:\/\/truusk.store\/sv\/produkt\/truusk-tunnel-talt-4-personer-latt-stabil-vattentat-uv-50-campingtalt-fortalt-dubbeldorr-fonster-3000mm-vattenpelare\/","title":{"rendered":"TRUUSK Tunnel T\u00e4lt 4 Personer L\u00e4tt &amp; Stabil &#8211; Vattent\u00e4t UV 50+ Campingt\u00e4lt &#8211; F\u00f6rt\u00e4lt &amp; Dubbeld\u00f6rr &#8211; F\u00f6nster &#8211; 3000mm Vattenpelare"},"content":{"rendered":"<p>Upplev naturen med TRUUSK tunnel t\u00e4lt, ett rymligt, vattent\u00e4tt campingt\u00e4lt f\u00f6r 4 personer, designat f\u00f6r komfort. Detta familjet\u00e4lt delar smart upp boende- och sovomr\u00e5den, tillverkat av 190T polyester f\u00f6r h\u00f6gsta vattent\u00e4thet. Dubbeld\u00f6rrar m\u00f6jligg\u00f6r bekv\u00e4m ing\u00e5ng och genom sidof\u00f6nstren kan du njuta av mysiga n\u00e4tter under stj\u00e4rnljuset &#8211; perfekt f\u00f6r familjecamping och backpacking\u00e4ventyr!<\/p>\n<p>Beskrivning:<\/p>\n<ul>\n<li> Rymmer 2-4 personer, separata boende- och sovomr\u00e5den \u00f6kar komforten<\/li>\n<li> Tillverkad av 190T polyester, erbjuder en vattent\u00e4thet p\u00e5 3000 mm<\/li>\n<li> PE-golvskydd skyddar mot fukt och smuts<\/li>\n<li> Markpinnar och t\u00e4ltlinor f\u00f6rb\u00e4ttrar stabiliteten i vind<\/li>\n<li> Dubbeld\u00f6rrar f\u00f6r enkel ing\u00e5ng, f\u00f6rb\u00e4ttrad luftcirkulation<\/li>\n<li> Sidof\u00f6nster sl\u00e4pper in naturligt ljus<\/li>\n<li> Inkluderar krokar f\u00f6r att h\u00e4nga upp lampor<\/li>\n<li> B\u00e4rp\u00e5se f\u00f6r kompakt f\u00f6rvaring ing\u00e5r<\/li>\n<\/ul>\n<p> Tekniska data:<\/p>\n<ul>\n<li> F\u00e4rg: Svart<\/li>\n<li> Material: Polyester, PE-tyg, glasfiber<\/li>\n<li> Totala dimensioner: 3,6L x 2,5B x 1,3H m<\/li>\n<li> Hopf\u00e4llda dimensioner: 63B x 24T x 42H cm<\/li>\n<li> Sovrumsdimensioner: 220B x 230T x 130H cm<\/li>\n<li> Vardagsrumsdimensioner: 120B x 250T x 130H cm<\/li>\n<li> Framd\u00f6rrdimensioner: 100B x 130H cm<\/li>\n<li> Sidod\u00f6rrdimensioner: 80B x 130H cm<\/li>\n<li> F\u00f6nsterdimensioner: 100B x 120H cm<\/li>\n<li> Vindstyrka niv\u00e5: 4<\/li>\n<li> Belastningskapacitet: 1 kg (krok)<\/li>\n<\/ul>\n<p>Leveransinneh\u00e5ll:<\/p>\n<ul>\n<li> 1 x Campingt\u00e4lt<\/li>\n<li> 26 x T\u00e4ltpinnar<\/li>\n<li> 9 x T\u00e4ltlinor<\/li>\n<li> 1 x B\u00e4rp\u00e5se<\/li>\n<li> 1 x Bruksanvisning<\/li>\n<\/ul>\n","protected":false},"excerpt":{"rendered":"<p>Upplev naturen med TRUUSK tunnel t\u00e4lt, ett rymligt, vattent\u00e4tt campingt\u00e4lt f\u00f6r 4 personer, designat f\u00f6r komfort. Detta familjet\u00e4lt delar smart&#8230;<\/p>\n","protected":false},"featured_media":77044,"template":"","meta":[],"product_brand":[],"product_cat":[648,647,650],"product_tag":[],"class_list":{"0":"post-77053","1":"product","2":"type-product","3":"status-publish","4":"has-post-thumbnail","6":"product_cat-camping-tillbehor","7":"product_cat-sport-fritid","8":"product_cat-talt","10":"first","11":"instock","12":"sale","13":"taxable","14":"shipping-taxable","15":"purchasable","16":"product-type-simple"},"yoast_head":"<!-- This site is optimized with the Yoast SEO plugin v25.4 - https:\/\/yoast.com\/wordpress\/plugins\/seo\/ -->\n<title>TRUUSK Tunnel T\u00e4lt 4 Personer L\u00e4tt &amp; Stabil - Vattent\u00e4t UV 50+ Campingt\u00e4lt - F\u00f6rt\u00e4lt &amp; Dubbeld\u00f6rr - F\u00f6nster - 3000mm Vattenpelare - TRUUSK - Hem, Tr\u00e4dg\u00e5rd &amp; Fritid<\/title>\n<meta name=\"robots\" content=\"index, follow, max-snippet:-1, max-image-preview:large, max-video-preview:-1\" \/>\n<link rel=\"canonical\" href=\"https:\/\/truusk.store\/sv\/produkt\/truusk-tunnel-talt-4-personer-latt-stabil-vattentat-uv-50-campingtalt-fortalt-dubbeldorr-fonster-3000mm-vattenpelare\/\" \/>\n<meta property=\"og:locale\" content=\"sv_SE\" \/>\n<meta property=\"og:type\" content=\"article\" \/>\n<meta property=\"og:title\" content=\"TRUUSK Tunnel T\u00e4lt 4 Personer L\u00e4tt &amp; Stabil - Vattent\u00e4t UV 50+ Campingt\u00e4lt - F\u00f6rt\u00e4lt &amp; Dubbeld\u00f6rr - F\u00f6nster - 3000mm Vattenpelare - TRUUSK - Hem, Tr\u00e4dg\u00e5rd &amp; Fritid\" \/>\n<meta property=\"og:description\" content=\"Upplev naturen med TRUUSK tunnel t\u00e4lt, ett rymligt, vattent\u00e4tt campingt\u00e4lt f\u00f6r 4 personer, designat f\u00f6r komfort. Detta familjet\u00e4lt delar smart...\" \/>\n<meta property=\"og:url\" content=\"https:\/\/truusk.store\/sv\/produkt\/truusk-tunnel-talt-4-personer-latt-stabil-vattentat-uv-50-campingtalt-fortalt-dubbeldorr-fonster-3000mm-vattenpelare\/\" \/>\n<meta property=\"og:site_name\" content=\"TRUUSK - Hem, Tr\u00e4dg\u00e5rd &amp; Fritid\" \/>\n<meta property=\"article:modified_time\" content=\"2026-03-12T07:42:17+00:00\" \/>\n<meta property=\"og:image\" content=\"https:\/\/i0.wp.com\/truusk.se\/wp-content\/uploads\/2025\/06\/tunnel-talt-for-4-personer-latt-stabil-vattentat-uv-50-campingtalt-med-fortalt-dubbeldorr-fonster-markduk-familjetalt-med-3000mm-vattenpelare-talt-for-camping-resa-trekking-tradgard-1.webp?fit=2000%2C2000&ssl=1\" \/>\n\t<meta property=\"og:image:width\" content=\"2000\" \/>\n\t<meta property=\"og:image:height\" content=\"2000\" \/>\n\t<meta property=\"og:image:type\" content=\"image\/webp\" \/>\n<meta name=\"twitter:card\" content=\"summary_large_image\" \/>\n<meta name=\"twitter:label1\" content=\"Ber\u00e4knad l\u00e4stid\" \/>\n\t<meta name=\"twitter:data1\" content=\"1 minut\" \/>\n<!-- \/ Yoast SEO plugin. -->","yoast_head_json":{"title":"TRUUSK Tunnel T\u00e4lt 4 Personer L\u00e4tt &amp; Stabil - Vattent\u00e4t UV 50+ Campingt\u00e4lt - F\u00f6rt\u00e4lt &amp; Dubbeld\u00f6rr - F\u00f6nster - 3000mm Vattenpelare - TRUUSK - Hem, Tr\u00e4dg\u00e5rd &amp; Fritid","robots":{"index":"index","follow":"follow","max-snippet":"max-snippet:-1","max-image-preview":"max-image-preview:large","max-video-preview":"max-video-preview:-1"},"canonical":"https:\/\/truusk.store\/sv\/produkt\/truusk-tunnel-talt-4-personer-latt-stabil-vattentat-uv-50-campingtalt-fortalt-dubbeldorr-fonster-3000mm-vattenpelare\/","og_locale":"sv_SE","og_type":"article","og_title":"TRUUSK Tunnel T\u00e4lt 4 Personer L\u00e4tt &amp; Stabil - Vattent\u00e4t UV 50+ Campingt\u00e4lt - F\u00f6rt\u00e4lt &amp; Dubbeld\u00f6rr - F\u00f6nster - 3000mm Vattenpelare - TRUUSK - Hem, Tr\u00e4dg\u00e5rd &amp; Fritid","og_description":"Upplev naturen med TRUUSK tunnel t\u00e4lt, ett rymligt, vattent\u00e4tt campingt\u00e4lt f\u00f6r 4 personer, designat f\u00f6r komfort. Detta familjet\u00e4lt delar smart...","og_url":"https:\/\/truusk.store\/sv\/produkt\/truusk-tunnel-talt-4-personer-latt-stabil-vattentat-uv-50-campingtalt-fortalt-dubbeldorr-fonster-3000mm-vattenpelare\/","og_site_name":"TRUUSK - Hem, Tr\u00e4dg\u00e5rd &amp; Fritid","article_modified_time":"2026-03-12T07:42:17+00:00","og_image":[{"width":2000,"height":2000,"url":"https:\/\/i0.wp.com\/truusk.se\/wp-content\/uploads\/2025\/06\/tunnel-talt-for-4-personer-latt-stabil-vattentat-uv-50-campingtalt-med-fortalt-dubbeldorr-fonster-markduk-familjetalt-med-3000mm-vattenpelare-talt-for-camping-resa-trekking-tradgard-1.webp?fit=2000%2C2000&ssl=1","type":"image\/webp"}],"twitter_card":"summary_large_image","twitter_misc":{"Ber\u00e4knad l\u00e4stid":"1 minut"},"schema":{"@context":"https:\/\/schema.org","@graph":[{"@type":"WebPage","@id":"https:\/\/truusk.store\/sv\/produkt\/truusk-tunnel-talt-4-personer-latt-stabil-vattentat-uv-50-campingtalt-fortalt-dubbeldorr-fonster-3000mm-vattenpelare\/","url":"https:\/\/truusk.store\/sv\/produkt\/truusk-tunnel-talt-4-personer-latt-stabil-vattentat-uv-50-campingtalt-fortalt-dubbeldorr-fonster-3000mm-vattenpelare\/","name":"TRUUSK Tunnel T\u00e4lt 4 Personer L\u00e4tt &amp; Stabil - Vattent\u00e4t UV 50+ Campingt\u00e4lt - F\u00f6rt\u00e4lt &amp; Dubbeld\u00f6rr - F\u00f6nster - 3000mm Vattenpelare - TRUUSK - Hem, Tr\u00e4dg\u00e5rd &amp; Fritid","isPartOf":{"@id":"https:\/\/truusk.store\/sv\/#website"},"primaryImageOfPage":{"@id":"https:\/\/truusk.store\/sv\/produkt\/truusk-tunnel-talt-4-personer-latt-stabil-vattentat-uv-50-campingtalt-fortalt-dubbeldorr-fonster-3000mm-vattenpelare\/#primaryimage"},"image":{"@id":"https:\/\/truusk.store\/sv\/produkt\/truusk-tunnel-talt-4-personer-latt-stabil-vattentat-uv-50-campingtalt-fortalt-dubbeldorr-fonster-3000mm-vattenpelare\/#primaryimage"},"thumbnailUrl":"https:\/\/i0.wp.com\/truusk.store\/wp-content\/uploads\/2025\/06\/tunnel-talt-for-4-personer-latt-stabil-vattentat-uv-50-campingtalt-med-fortalt-dubbeldorr-fonster-markduk-familjetalt-med-3000mm-vattenpelare-talt-for-camping-resa-trekking-tradgard-1.webp?fit=2000%2C2000&ssl=1","datePublished":"2025-06-06T05:30:50+00:00","dateModified":"2026-03-12T07:42:17+00:00","breadcrumb":{"@id":"https:\/\/truusk.store\/sv\/produkt\/truusk-tunnel-talt-4-personer-latt-stabil-vattentat-uv-50-campingtalt-fortalt-dubbeldorr-fonster-3000mm-vattenpelare\/#breadcrumb"},"inLanguage":"sv-SE","potentialAction":[{"@type":"ReadAction","target":["https:\/\/truusk.store\/sv\/produkt\/truusk-tunnel-talt-4-personer-latt-stabil-vattentat-uv-50-campingtalt-fortalt-dubbeldorr-fonster-3000mm-vattenpelare\/"]}]},{"@type":"ImageObject","inLanguage":"sv-SE","@id":"https:\/\/truusk.store\/sv\/produkt\/truusk-tunnel-talt-4-personer-latt-stabil-vattentat-uv-50-campingtalt-fortalt-dubbeldorr-fonster-3000mm-vattenpelare\/#primaryimage","url":"https:\/\/i0.wp.com\/truusk.store\/wp-content\/uploads\/2025\/06\/tunnel-talt-for-4-personer-latt-stabil-vattentat-uv-50-campingtalt-med-fortalt-dubbeldorr-fonster-markduk-familjetalt-med-3000mm-vattenpelare-talt-for-camping-resa-trekking-tradgard-1.webp?fit=2000%2C2000&ssl=1","contentUrl":"https:\/\/i0.wp.com\/truusk.store\/wp-content\/uploads\/2025\/06\/tunnel-talt-for-4-personer-latt-stabil-vattentat-uv-50-campingtalt-med-fortalt-dubbeldorr-fonster-markduk-familjetalt-med-3000mm-vattenpelare-talt-for-camping-resa-trekking-tradgard-1.webp?fit=2000%2C2000&ssl=1","width":2000,"height":2000},{"@type":"BreadcrumbList","@id":"https:\/\/truusk.store\/sv\/produkt\/truusk-tunnel-talt-4-personer-latt-stabil-vattentat-uv-50-campingtalt-fortalt-dubbeldorr-fonster-3000mm-vattenpelare\/#breadcrumb","itemListElement":[{"@type":"ListItem","position":1,"name":"Home","item":"https:\/\/truusk.store\/sv\/"},{"@type":"ListItem","position":2,"name":"Shop","item":"https:\/\/truusk.store\/shop\/"},{"@type":"ListItem","position":3,"name":"TRUUSK Tunnel T\u00e4lt 4 Personer L\u00e4tt &amp; Stabil &#8211; Vattent\u00e4t UV 50+ Campingt\u00e4lt &#8211; F\u00f6rt\u00e4lt &amp; Dubbeld\u00f6rr &#8211; F\u00f6nster &#8211; 3000mm Vattenpelare"}]},{"@type":"WebSite","@id":"https:\/\/truusk.store\/sv\/#website","url":"https:\/\/truusk.store\/sv\/","name":"TRUUSK - Hem, Tr\u00e4dg\u00e5rd & Fritid","description":"","publisher":{"@id":"https:\/\/truusk.store\/sv\/#organization"},"potentialAction":[{"@type":"SearchAction","target":{"@type":"EntryPoint","urlTemplate":"https:\/\/truusk.store\/sv\/?s={search_term_string}"},"query-input":{"@type":"PropertyValueSpecification","valueRequired":true,"valueName":"search_term_string"}}],"inLanguage":"sv-SE"},{"@type":"Organization","@id":"https:\/\/truusk.store\/sv\/#organization","name":"TRUUSK - Hem, Tr\u00e4dg\u00e5rd & Fritid","url":"https:\/\/truusk.store\/sv\/","logo":{"@type":"ImageObject","inLanguage":"sv-SE","@id":"https:\/\/truusk.store\/sv\/#\/schema\/logo\/image\/","url":"https:\/\/i0.wp.com\/truusk.store\/wp-content\/uploads\/2026\/03\/cropped-TRUUSK.png?fit=2032%2C917&ssl=1","contentUrl":"https:\/\/i0.wp.com\/truusk.store\/wp-content\/uploads\/2026\/03\/cropped-TRUUSK.png?fit=2032%2C917&ssl=1","width":2032,"height":917,"caption":"TRUUSK - Hem, Tr\u00e4dg\u00e5rd & Fritid"},"image":{"@id":"https:\/\/truusk.store\/sv\/#\/schema\/logo\/image\/"}}]}},"jetpack_sharing_enabled":true,"_links":{"self":[{"href":"https:\/\/truusk.store\/sv\/wp-json\/wp\/v2\/product\/77053","targetHints":{"allow":["GET"]}}],"collection":[{"href":"https:\/\/truusk.store\/sv\/wp-json\/wp\/v2\/product"}],"about":[{"href":"https:\/\/truusk.store\/sv\/wp-json\/wp\/v2\/types\/product"}],"wp:featuredmedia":[{"embeddable":true,"href":"https:\/\/truusk.store\/sv\/wp-json\/wp\/v2\/media\/77044"}],"wp:attachment":[{"href":"https:\/\/truusk.store\/sv\/wp-json\/wp\/v2\/media?parent=77053"}],"wp:term":[{"taxonomy":"product_brand","embeddable":true,"href":"https:\/\/truusk.store\/sv\/wp-json\/wp\/v2\/product_brand?post=77053"},{"taxonomy":"product_cat","embeddable":true,"href":"https:\/\/truusk.store\/sv\/wp-json\/wp\/v2\/product_cat?post=77053"},{"taxonomy":"product_tag","embeddable":true,"href":"https:\/\/truusk.store\/sv\/wp-json\/wp\/v2\/product_tag?post=77053"}],"curies":[{"name":"wp","href":"https:\/\/api.w.org\/{rel}","templated":true}]}}