{"id":77063,"date":"2025-06-06T06:31:43","date_gmt":"2025-06-06T05:31:43","guid":{"rendered":"https:\/\/truusk.store\/product\/hopfallbart-litet-skrivbord-63-cm-med-hjul-utrymmesbesparande-datorbord-med-hylla-forvaringsvaska-for-hemmakontor-natur\/"},"modified":"2026-03-12T08:44:28","modified_gmt":"2026-03-12T07:44:28","slug":"truusk-hopfallbart-litet-skrivbord-63-cm-med-hjul-utrymmesbesparande-hylla-forvaringsvaska-hemmakontor-naturfinnish","status":"publish","type":"product","link":"https:\/\/truusk.store\/sv\/produkt\/truusk-hopfallbart-litet-skrivbord-63-cm-med-hjul-utrymmesbesparande-hylla-forvaringsvaska-hemmakontor-naturfinnish\/","title":{"rendered":"TRUUSK Hopf\u00e4llbart Litet Skrivbord 63 cm &#8211; Med Hjul &#8211; Utrymmesbesparande &#8211; Hylla &#8211; F\u00f6rvaringsv\u00e4ska &#8211; Hemmakontor &#8211; Naturfinnish"},"content":{"rendered":"<p>Utnyttja utrymmet optimalt med TRUUSKs lilla datortabell. Detta utrymmesbesparande bord kan f\u00f6rvandlas fr\u00e5n ett 50 cm djupt skrivbord till ett smalt 21 cm sidobord. Organisera dig med en \u00f6ppen hylla och en praktisk sidoficka. Tack vare sex 360\u00b0 roterande hjul, varav fyra kan l\u00e5sas, kan bordet enkelt flyttas var som helst. Idealisk f\u00f6r sm\u00e5 kontor och bostadsomr\u00e5den.<\/p>\n<p>Beskrivning:<\/p>\n<ul>\n<li> F\u00e4llbart djup fr\u00e5n 50 cm till 21 cm med klaffdesign<\/li>\n<li> Kan anv\u00e4ndas som sidobord f\u00f6r att utnyttja smala utrymmen<\/li>\n<li> \u00d6ppen hylla f\u00f6r f\u00f6rvaring av b\u00f6cker och dokument f\u00f6r enkel \u00e5tkomst med en bakv\u00e4gg f\u00f6r att f\u00f6rhindra fall<\/li>\n<li> F\u00f6rvaringsficka f\u00f6r sm\u00e5 f\u00f6rem\u00e5l f\u00f6r att h\u00e5lla skrivbordet snyggt<\/li>\n<li> Sex 360\u00b0 roterande hjul \u00f6kar mobiliteten, med fyra bromsar f\u00f6r att s\u00e4kert fixera datortabellen<\/li>\n<li> Enkel montering kr\u00e4vs<\/li>\n<\/ul>\n<p> Tekniska data:<\/p>\n<ul>\n<li> F\u00e4rg: Naturtr\u00e4+Vit<\/li>\n<li> Material: MDF, St\u00e5l<\/li>\n<li> Totala dimensioner: 63B x 50D x 75H cm (utf\u00e4lld), 63B x 21D x 75H cm (hopf\u00e4lld)<\/li>\n<li> Storlek p\u00e5 f\u00e4llbar insats: 63B x 29D cm<\/li>\n<li> Kn\u00e4utrymme: 57B x 73H cm<\/li>\n<li> Hyllstorlek: 57B x 17D x 28H cm<\/li>\n<li> Storlek p\u00e5 f\u00f6rvaringsficka: 18B x 25H cm<\/li>\n<li> Belastningskapacitet: 50 kg (totalt), 40 kg (bordsskiva), 10 kg (hylla)<\/li>\n<\/ul>\n<p>Leveransinneh\u00e5ll:<\/p>\n<ul>\n<li> 1 x F\u00e4llbart skrivbord<\/li>\n<li> 1 x Handbok<\/li>\n<\/ul>\n","protected":false},"excerpt":{"rendered":"<p>Utnyttja utrymmet optimalt med TRUUSKs lilla datortabell. Detta utrymmesbesparande bord kan f\u00f6rvandlas fr\u00e5n ett 50 cm djupt skrivbord till ett&#8230;<\/p>\n","protected":false},"featured_media":77054,"template":"","meta":[],"product_brand":[],"product_cat":[872,871,502],"product_tag":[],"class_list":{"0":"post-77063","1":"product","2":"type-product","3":"status-publish","4":"has-post-thumbnail","6":"product_cat-hemmakontor-arbetsplats","7":"product_cat-hus-hem","8":"product_cat-skrivbord","10":"first","11":"instock","12":"sale","13":"taxable","14":"shipping-taxable","15":"purchasable","16":"product-type-simple"},"yoast_head":"<!-- This site is optimized with the Yoast SEO plugin v25.4 - https:\/\/yoast.com\/wordpress\/plugins\/seo\/ -->\n<title>TRUUSK Hopf\u00e4llbart Litet Skrivbord 63 cm - Med Hjul - Utrymmesbesparande - Hylla - F\u00f6rvaringsv\u00e4ska - Hemmakontor - Naturfinnish - TRUUSK - Hem, Tr\u00e4dg\u00e5rd &amp; Fritid<\/title>\n<meta name=\"robots\" content=\"index, follow, max-snippet:-1, max-image-preview:large, max-video-preview:-1\" \/>\n<link rel=\"canonical\" href=\"https:\/\/truusk.store\/sv\/produkt\/truusk-hopfallbart-litet-skrivbord-63-cm-med-hjul-utrymmesbesparande-hylla-forvaringsvaska-hemmakontor-naturfinnish\/\" \/>\n<meta property=\"og:locale\" content=\"sv_SE\" \/>\n<meta property=\"og:type\" content=\"article\" \/>\n<meta property=\"og:title\" content=\"TRUUSK Hopf\u00e4llbart Litet Skrivbord 63 cm - Med Hjul - Utrymmesbesparande - Hylla - F\u00f6rvaringsv\u00e4ska - Hemmakontor - Naturfinnish - TRUUSK - Hem, Tr\u00e4dg\u00e5rd &amp; Fritid\" \/>\n<meta property=\"og:description\" content=\"Utnyttja utrymmet optimalt med TRUUSKs lilla datortabell. Detta utrymmesbesparande bord kan f\u00f6rvandlas fr\u00e5n ett 50 cm djupt skrivbord till ett...\" \/>\n<meta property=\"og:url\" content=\"https:\/\/truusk.store\/sv\/produkt\/truusk-hopfallbart-litet-skrivbord-63-cm-med-hjul-utrymmesbesparande-hylla-forvaringsvaska-hemmakontor-naturfinnish\/\" \/>\n<meta property=\"og:site_name\" content=\"TRUUSK - Hem, Tr\u00e4dg\u00e5rd &amp; Fritid\" \/>\n<meta property=\"article:modified_time\" content=\"2026-03-12T07:44:28+00:00\" \/>\n<meta property=\"og:image\" content=\"https:\/\/i0.wp.com\/truusk.se\/wp-content\/uploads\/2025\/06\/hopfallbart-litet-skrivbord-63-cm-med-hjul-utrymmesbesparande-datorbord-med-hylla-forvaringsvaska-for-hemmakontor-natur-1.webp?fit=2000%2C2000&ssl=1\" \/>\n\t<meta property=\"og:image:width\" content=\"2000\" \/>\n\t<meta property=\"og:image:height\" content=\"2000\" \/>\n\t<meta property=\"og:image:type\" content=\"image\/webp\" \/>\n<meta name=\"twitter:card\" content=\"summary_large_image\" \/>\n<meta name=\"twitter:label1\" content=\"Ber\u00e4knad l\u00e4stid\" \/>\n\t<meta name=\"twitter:data1\" content=\"1 minut\" \/>\n<!-- \/ Yoast SEO plugin. -->","yoast_head_json":{"title":"TRUUSK Hopf\u00e4llbart Litet Skrivbord 63 cm - Med Hjul - Utrymmesbesparande - Hylla - F\u00f6rvaringsv\u00e4ska - Hemmakontor - Naturfinnish - TRUUSK - Hem, Tr\u00e4dg\u00e5rd &amp; Fritid","robots":{"index":"index","follow":"follow","max-snippet":"max-snippet:-1","max-image-preview":"max-image-preview:large","max-video-preview":"max-video-preview:-1"},"canonical":"https:\/\/truusk.store\/sv\/produkt\/truusk-hopfallbart-litet-skrivbord-63-cm-med-hjul-utrymmesbesparande-hylla-forvaringsvaska-hemmakontor-naturfinnish\/","og_locale":"sv_SE","og_type":"article","og_title":"TRUUSK Hopf\u00e4llbart Litet Skrivbord 63 cm - Med Hjul - Utrymmesbesparande - Hylla - F\u00f6rvaringsv\u00e4ska - Hemmakontor - Naturfinnish - TRUUSK - Hem, Tr\u00e4dg\u00e5rd &amp; Fritid","og_description":"Utnyttja utrymmet optimalt med TRUUSKs lilla datortabell. Detta utrymmesbesparande bord kan f\u00f6rvandlas fr\u00e5n ett 50 cm djupt skrivbord till ett...","og_url":"https:\/\/truusk.store\/sv\/produkt\/truusk-hopfallbart-litet-skrivbord-63-cm-med-hjul-utrymmesbesparande-hylla-forvaringsvaska-hemmakontor-naturfinnish\/","og_site_name":"TRUUSK - Hem, Tr\u00e4dg\u00e5rd &amp; Fritid","article_modified_time":"2026-03-12T07:44:28+00:00","og_image":[{"width":2000,"height":2000,"url":"https:\/\/i0.wp.com\/truusk.se\/wp-content\/uploads\/2025\/06\/hopfallbart-litet-skrivbord-63-cm-med-hjul-utrymmesbesparande-datorbord-med-hylla-forvaringsvaska-for-hemmakontor-natur-1.webp?fit=2000%2C2000&ssl=1","type":"image\/webp"}],"twitter_card":"summary_large_image","twitter_misc":{"Ber\u00e4knad l\u00e4stid":"1 minut"},"schema":{"@context":"https:\/\/schema.org","@graph":[{"@type":"WebPage","@id":"https:\/\/truusk.store\/sv\/produkt\/truusk-hopfallbart-litet-skrivbord-63-cm-med-hjul-utrymmesbesparande-hylla-forvaringsvaska-hemmakontor-naturfinnish\/","url":"https:\/\/truusk.store\/sv\/produkt\/truusk-hopfallbart-litet-skrivbord-63-cm-med-hjul-utrymmesbesparande-hylla-forvaringsvaska-hemmakontor-naturfinnish\/","name":"TRUUSK Hopf\u00e4llbart Litet Skrivbord 63 cm - Med Hjul - Utrymmesbesparande - Hylla - F\u00f6rvaringsv\u00e4ska - Hemmakontor - Naturfinnish - TRUUSK - Hem, Tr\u00e4dg\u00e5rd &amp; Fritid","isPartOf":{"@id":"https:\/\/truusk.store\/sv\/#website"},"primaryImageOfPage":{"@id":"https:\/\/truusk.store\/sv\/produkt\/truusk-hopfallbart-litet-skrivbord-63-cm-med-hjul-utrymmesbesparande-hylla-forvaringsvaska-hemmakontor-naturfinnish\/#primaryimage"},"image":{"@id":"https:\/\/truusk.store\/sv\/produkt\/truusk-hopfallbart-litet-skrivbord-63-cm-med-hjul-utrymmesbesparande-hylla-forvaringsvaska-hemmakontor-naturfinnish\/#primaryimage"},"thumbnailUrl":"https:\/\/i0.wp.com\/truusk.store\/wp-content\/uploads\/2025\/06\/hopfallbart-litet-skrivbord-63-cm-med-hjul-utrymmesbesparande-datorbord-med-hylla-forvaringsvaska-for-hemmakontor-natur-1.webp?fit=2000%2C2000&ssl=1","datePublished":"2025-06-06T05:31:43+00:00","dateModified":"2026-03-12T07:44:28+00:00","breadcrumb":{"@id":"https:\/\/truusk.store\/sv\/produkt\/truusk-hopfallbart-litet-skrivbord-63-cm-med-hjul-utrymmesbesparande-hylla-forvaringsvaska-hemmakontor-naturfinnish\/#breadcrumb"},"inLanguage":"sv-SE","potentialAction":[{"@type":"ReadAction","target":["https:\/\/truusk.store\/sv\/produkt\/truusk-hopfallbart-litet-skrivbord-63-cm-med-hjul-utrymmesbesparande-hylla-forvaringsvaska-hemmakontor-naturfinnish\/"]}]},{"@type":"ImageObject","inLanguage":"sv-SE","@id":"https:\/\/truusk.store\/sv\/produkt\/truusk-hopfallbart-litet-skrivbord-63-cm-med-hjul-utrymmesbesparande-hylla-forvaringsvaska-hemmakontor-naturfinnish\/#primaryimage","url":"https:\/\/i0.wp.com\/truusk.store\/wp-content\/uploads\/2025\/06\/hopfallbart-litet-skrivbord-63-cm-med-hjul-utrymmesbesparande-datorbord-med-hylla-forvaringsvaska-for-hemmakontor-natur-1.webp?fit=2000%2C2000&ssl=1","contentUrl":"https:\/\/i0.wp.com\/truusk.store\/wp-content\/uploads\/2025\/06\/hopfallbart-litet-skrivbord-63-cm-med-hjul-utrymmesbesparande-datorbord-med-hylla-forvaringsvaska-for-hemmakontor-natur-1.webp?fit=2000%2C2000&ssl=1","width":2000,"height":2000},{"@type":"BreadcrumbList","@id":"https:\/\/truusk.store\/sv\/produkt\/truusk-hopfallbart-litet-skrivbord-63-cm-med-hjul-utrymmesbesparande-hylla-forvaringsvaska-hemmakontor-naturfinnish\/#breadcrumb","itemListElement":[{"@type":"ListItem","position":1,"name":"Home","item":"https:\/\/truusk.store\/sv\/"},{"@type":"ListItem","position":2,"name":"Shop","item":"https:\/\/truusk.store\/shop\/"},{"@type":"ListItem","position":3,"name":"TRUUSK Hopf\u00e4llbart Litet Skrivbord 63 cm &#8211; Med Hjul &#8211; Utrymmesbesparande &#8211; Hylla &#8211; F\u00f6rvaringsv\u00e4ska &#8211; Hemmakontor &#8211; Naturfinnish"}]},{"@type":"WebSite","@id":"https:\/\/truusk.store\/sv\/#website","url":"https:\/\/truusk.store\/sv\/","name":"TRUUSK - Hem, Tr\u00e4dg\u00e5rd & Fritid","description":"","publisher":{"@id":"https:\/\/truusk.store\/sv\/#organization"},"potentialAction":[{"@type":"SearchAction","target":{"@type":"EntryPoint","urlTemplate":"https:\/\/truusk.store\/sv\/?s={search_term_string}"},"query-input":{"@type":"PropertyValueSpecification","valueRequired":true,"valueName":"search_term_string"}}],"inLanguage":"sv-SE"},{"@type":"Organization","@id":"https:\/\/truusk.store\/sv\/#organization","name":"TRUUSK - Hem, Tr\u00e4dg\u00e5rd & Fritid","url":"https:\/\/truusk.store\/sv\/","logo":{"@type":"ImageObject","inLanguage":"sv-SE","@id":"https:\/\/truusk.store\/sv\/#\/schema\/logo\/image\/","url":"https:\/\/i0.wp.com\/truusk.store\/wp-content\/uploads\/2026\/03\/cropped-TRUUSK.png?fit=2032%2C917&ssl=1","contentUrl":"https:\/\/i0.wp.com\/truusk.store\/wp-content\/uploads\/2026\/03\/cropped-TRUUSK.png?fit=2032%2C917&ssl=1","width":2032,"height":917,"caption":"TRUUSK - Hem, Tr\u00e4dg\u00e5rd & Fritid"},"image":{"@id":"https:\/\/truusk.store\/sv\/#\/schema\/logo\/image\/"}}]}},"jetpack_sharing_enabled":true,"_links":{"self":[{"href":"https:\/\/truusk.store\/sv\/wp-json\/wp\/v2\/product\/77063","targetHints":{"allow":["GET"]}}],"collection":[{"href":"https:\/\/truusk.store\/sv\/wp-json\/wp\/v2\/product"}],"about":[{"href":"https:\/\/truusk.store\/sv\/wp-json\/wp\/v2\/types\/product"}],"wp:featuredmedia":[{"embeddable":true,"href":"https:\/\/truusk.store\/sv\/wp-json\/wp\/v2\/media\/77054"}],"wp:attachment":[{"href":"https:\/\/truusk.store\/sv\/wp-json\/wp\/v2\/media?parent=77063"}],"wp:term":[{"taxonomy":"product_brand","embeddable":true,"href":"https:\/\/truusk.store\/sv\/wp-json\/wp\/v2\/product_brand?post=77063"},{"taxonomy":"product_cat","embeddable":true,"href":"https:\/\/truusk.store\/sv\/wp-json\/wp\/v2\/product_cat?post=77063"},{"taxonomy":"product_tag","embeddable":true,"href":"https:\/\/truusk.store\/sv\/wp-json\/wp\/v2\/product_tag?post=77063"}],"curies":[{"name":"wp","href":"https:\/\/api.w.org\/{rel}","templated":true}]}}