{"id":77113,"date":"2025-06-06T06:36:40","date_gmt":"2025-06-06T05:36:40","guid":{"rendered":"https:\/\/truusk.store\/product\/konstgjord-cypress-2-pack-med-jordspett-100-cm-plast-konstvaxt-konstgjorda-vaxter-konsttrad-som-ser-akta-ut-dekoration-for-kontor-vardagsrum-sovrum-tradgard\/"},"modified":"2026-03-12T08:44:31","modified_gmt":"2026-03-12T07:44:31","slug":"truusk-konstgjord-cypress-2-pack-med-jordspett-100-cm-plast-konstvaxt-dekoration-for-hem-och-tradgard-akta-utseende","status":"publish","type":"product","link":"https:\/\/truusk.store\/sv\/produkt\/truusk-konstgjord-cypress-2-pack-med-jordspett-100-cm-plast-konstvaxt-dekoration-for-hem-och-tradgard-akta-utseende\/","title":{"rendered":"TRUUSK Konstgjord Cypress 2-pack &#8211; Med Jordspett &#8211; 100 Cm &#8211; Plast Konstv\u00e4xt &#8211; Dekoration f\u00f6r Hem och Tr\u00e4dg\u00e5rd &#8211; \u00c4kta Utseende &#8211;"},"content":{"rendered":"<p>F\u00f6rnya din milj\u00f6 med TRUUSK konstgjorda cypress-set! Best\u00e5ende av tv\u00e5 st\u00e5tliga delar med 831 blad vardera, tillverkade av UV-resistent PE-material, lovar det fr\u00e4schhet \u00e5ret runt. Perfekt f\u00f6r inomhusbruk eller som dekoration av tr\u00e4dg\u00e5rdsv\u00e4gar &#8211; helt utan vattning eller klippning, bara okomplicerad stil.<\/p>\n<p>Beskrivning:<\/p>\n<ul>\n<li> Tv\u00e5delad samling realistiska cypresser f\u00f6rsk\u00f6nar hemmilj\u00f6n<\/li>\n<li> Varje del har 831 PE-blad f\u00f6r ett fylligare utseende<\/li>\n<li> Tillverkad av UV-resistent PE-material f\u00f6r h\u00e5llbarhet och robusthet<\/li>\n<li> Ingen vattning, klippning eller solljus n\u00f6dv\u00e4ndigt, f\u00f6renklar sk\u00f6tseln<\/li>\n<li> Inkluderar plast-aluminium markspett f\u00f6r stabil installation<\/li>\n<li> M\u00e5ngsidigt anv\u00e4ndbar f\u00f6r inomhus i krukor eller utomhus tr\u00e4dg\u00e5rdar<\/li>\n<\/ul>\n<p> Tekniska data:<\/p>\n<ul>\n<li> F\u00e4rg: Gr\u00f6n<\/li>\n<li> Material: PE, plast, aluminium<\/li>\n<li> Typ: Cypress<\/li>\n<li> Totala dimensioner: \u00d833 x 100H cm<\/li>\n<li> Storlek p\u00e5 markspett: \u00d811,5 x 20H cm<\/li>\n<\/ul>\n<p>Leveransinneh\u00e5ll:<\/p>\n<ul>\n<li> 2 x Konstgjorda v\u00e4xter;<\/li>\n<\/ul>\n","protected":false},"excerpt":{"rendered":"<p>F\u00f6rnya din milj\u00f6 med TRUUSK konstgjorda cypress-set! Best\u00e5ende av tv\u00e5 st\u00e5tliga delar med 831 blad vardera, tillverkade av UV-resistent PE-material,&#8230;<\/p>\n","protected":false},"featured_media":77104,"template":"","meta":[],"product_brand":[],"product_cat":[962,936,681],"product_tag":[],"class_list":{"0":"post-77113","1":"product","2":"type-product","3":"status-publish","4":"has-post-thumbnail","6":"product_cat-dekoration","7":"product_cat-hem-boende","8":"product_cat-konstgjorda-vaxter","10":"first","11":"instock","12":"sale","13":"taxable","14":"shipping-taxable","15":"purchasable","16":"product-type-simple"},"yoast_head":"<!-- This site is optimized with the Yoast SEO plugin v25.4 - https:\/\/yoast.com\/wordpress\/plugins\/seo\/ -->\n<title>TRUUSK Konstgjord Cypress 2-pack - Med Jordspett - 100 Cm - Plast Konstv\u00e4xt - Dekoration f\u00f6r Hem och Tr\u00e4dg\u00e5rd - \u00c4kta Utseende - TRUUSK - Hem, Tr\u00e4dg\u00e5rd &amp; Fritid<\/title>\n<meta name=\"robots\" content=\"index, follow, max-snippet:-1, max-image-preview:large, max-video-preview:-1\" \/>\n<link rel=\"canonical\" href=\"https:\/\/truusk.store\/sv\/produkt\/truusk-konstgjord-cypress-2-pack-med-jordspett-100-cm-plast-konstvaxt-dekoration-for-hem-och-tradgard-akta-utseende\/\" \/>\n<meta property=\"og:locale\" content=\"sv_SE\" \/>\n<meta property=\"og:type\" content=\"article\" \/>\n<meta property=\"og:title\" content=\"TRUUSK Konstgjord Cypress 2-pack - Med Jordspett - 100 Cm - Plast Konstv\u00e4xt - Dekoration f\u00f6r Hem och Tr\u00e4dg\u00e5rd - \u00c4kta Utseende - TRUUSK - Hem, Tr\u00e4dg\u00e5rd &amp; Fritid\" \/>\n<meta property=\"og:description\" content=\"F\u00f6rnya din milj\u00f6 med TRUUSK konstgjorda cypress-set! Best\u00e5ende av tv\u00e5 st\u00e5tliga delar med 831 blad vardera, tillverkade av UV-resistent PE-material,...\" \/>\n<meta property=\"og:url\" content=\"https:\/\/truusk.store\/sv\/produkt\/truusk-konstgjord-cypress-2-pack-med-jordspett-100-cm-plast-konstvaxt-dekoration-for-hem-och-tradgard-akta-utseende\/\" \/>\n<meta property=\"og:site_name\" content=\"TRUUSK - Hem, Tr\u00e4dg\u00e5rd &amp; Fritid\" \/>\n<meta property=\"article:modified_time\" content=\"2026-03-12T07:44:31+00:00\" \/>\n<meta property=\"og:image\" content=\"https:\/\/i0.wp.com\/truusk.se\/wp-content\/uploads\/2025\/06\/konstgjord-cypress-2-pack-med-jordspett-100-cm-plast-konstvaxt-konstgjorda-vaxter-konsttrad-som-ser-akta-ut-dekoration-for-kontor-vardagsrum-sovrum-tradgard-1.webp?fit=2000%2C2000&ssl=1\" \/>\n\t<meta property=\"og:image:width\" content=\"2000\" \/>\n\t<meta property=\"og:image:height\" content=\"2000\" \/>\n\t<meta property=\"og:image:type\" content=\"image\/webp\" \/>\n<meta name=\"twitter:card\" content=\"summary_large_image\" \/>\n<meta name=\"twitter:label1\" content=\"Ber\u00e4knad l\u00e4stid\" \/>\n\t<meta name=\"twitter:data1\" content=\"1 minut\" \/>\n<!-- \/ Yoast SEO plugin. -->","yoast_head_json":{"title":"TRUUSK Konstgjord Cypress 2-pack - Med Jordspett - 100 Cm - Plast Konstv\u00e4xt - Dekoration f\u00f6r Hem och Tr\u00e4dg\u00e5rd - \u00c4kta Utseende - TRUUSK - Hem, Tr\u00e4dg\u00e5rd &amp; Fritid","robots":{"index":"index","follow":"follow","max-snippet":"max-snippet:-1","max-image-preview":"max-image-preview:large","max-video-preview":"max-video-preview:-1"},"canonical":"https:\/\/truusk.store\/sv\/produkt\/truusk-konstgjord-cypress-2-pack-med-jordspett-100-cm-plast-konstvaxt-dekoration-for-hem-och-tradgard-akta-utseende\/","og_locale":"sv_SE","og_type":"article","og_title":"TRUUSK Konstgjord Cypress 2-pack - Med Jordspett - 100 Cm - Plast Konstv\u00e4xt - Dekoration f\u00f6r Hem och Tr\u00e4dg\u00e5rd - \u00c4kta Utseende - TRUUSK - Hem, Tr\u00e4dg\u00e5rd &amp; Fritid","og_description":"F\u00f6rnya din milj\u00f6 med TRUUSK konstgjorda cypress-set! Best\u00e5ende av tv\u00e5 st\u00e5tliga delar med 831 blad vardera, tillverkade av UV-resistent PE-material,...","og_url":"https:\/\/truusk.store\/sv\/produkt\/truusk-konstgjord-cypress-2-pack-med-jordspett-100-cm-plast-konstvaxt-dekoration-for-hem-och-tradgard-akta-utseende\/","og_site_name":"TRUUSK - Hem, Tr\u00e4dg\u00e5rd &amp; Fritid","article_modified_time":"2026-03-12T07:44:31+00:00","og_image":[{"width":2000,"height":2000,"url":"https:\/\/i0.wp.com\/truusk.se\/wp-content\/uploads\/2025\/06\/konstgjord-cypress-2-pack-med-jordspett-100-cm-plast-konstvaxt-konstgjorda-vaxter-konsttrad-som-ser-akta-ut-dekoration-for-kontor-vardagsrum-sovrum-tradgard-1.webp?fit=2000%2C2000&ssl=1","type":"image\/webp"}],"twitter_card":"summary_large_image","twitter_misc":{"Ber\u00e4knad l\u00e4stid":"1 minut"},"schema":{"@context":"https:\/\/schema.org","@graph":[{"@type":"WebPage","@id":"https:\/\/truusk.store\/sv\/produkt\/truusk-konstgjord-cypress-2-pack-med-jordspett-100-cm-plast-konstvaxt-dekoration-for-hem-och-tradgard-akta-utseende\/","url":"https:\/\/truusk.store\/sv\/produkt\/truusk-konstgjord-cypress-2-pack-med-jordspett-100-cm-plast-konstvaxt-dekoration-for-hem-och-tradgard-akta-utseende\/","name":"TRUUSK Konstgjord Cypress 2-pack - Med Jordspett - 100 Cm - Plast Konstv\u00e4xt - Dekoration f\u00f6r Hem och Tr\u00e4dg\u00e5rd - \u00c4kta Utseende - TRUUSK - Hem, Tr\u00e4dg\u00e5rd &amp; Fritid","isPartOf":{"@id":"https:\/\/truusk.store\/sv\/#website"},"primaryImageOfPage":{"@id":"https:\/\/truusk.store\/sv\/produkt\/truusk-konstgjord-cypress-2-pack-med-jordspett-100-cm-plast-konstvaxt-dekoration-for-hem-och-tradgard-akta-utseende\/#primaryimage"},"image":{"@id":"https:\/\/truusk.store\/sv\/produkt\/truusk-konstgjord-cypress-2-pack-med-jordspett-100-cm-plast-konstvaxt-dekoration-for-hem-och-tradgard-akta-utseende\/#primaryimage"},"thumbnailUrl":"https:\/\/i0.wp.com\/truusk.store\/wp-content\/uploads\/2025\/06\/konstgjord-cypress-2-pack-med-jordspett-100-cm-plast-konstvaxt-konstgjorda-vaxter-konsttrad-som-ser-akta-ut-dekoration-for-kontor-vardagsrum-sovrum-tradgard-1.webp?fit=2000%2C2000&ssl=1","datePublished":"2025-06-06T05:36:40+00:00","dateModified":"2026-03-12T07:44:31+00:00","breadcrumb":{"@id":"https:\/\/truusk.store\/sv\/produkt\/truusk-konstgjord-cypress-2-pack-med-jordspett-100-cm-plast-konstvaxt-dekoration-for-hem-och-tradgard-akta-utseende\/#breadcrumb"},"inLanguage":"sv-SE","potentialAction":[{"@type":"ReadAction","target":["https:\/\/truusk.store\/sv\/produkt\/truusk-konstgjord-cypress-2-pack-med-jordspett-100-cm-plast-konstvaxt-dekoration-for-hem-och-tradgard-akta-utseende\/"]}]},{"@type":"ImageObject","inLanguage":"sv-SE","@id":"https:\/\/truusk.store\/sv\/produkt\/truusk-konstgjord-cypress-2-pack-med-jordspett-100-cm-plast-konstvaxt-dekoration-for-hem-och-tradgard-akta-utseende\/#primaryimage","url":"https:\/\/i0.wp.com\/truusk.store\/wp-content\/uploads\/2025\/06\/konstgjord-cypress-2-pack-med-jordspett-100-cm-plast-konstvaxt-konstgjorda-vaxter-konsttrad-som-ser-akta-ut-dekoration-for-kontor-vardagsrum-sovrum-tradgard-1.webp?fit=2000%2C2000&ssl=1","contentUrl":"https:\/\/i0.wp.com\/truusk.store\/wp-content\/uploads\/2025\/06\/konstgjord-cypress-2-pack-med-jordspett-100-cm-plast-konstvaxt-konstgjorda-vaxter-konsttrad-som-ser-akta-ut-dekoration-for-kontor-vardagsrum-sovrum-tradgard-1.webp?fit=2000%2C2000&ssl=1","width":2000,"height":2000},{"@type":"BreadcrumbList","@id":"https:\/\/truusk.store\/sv\/produkt\/truusk-konstgjord-cypress-2-pack-med-jordspett-100-cm-plast-konstvaxt-dekoration-for-hem-och-tradgard-akta-utseende\/#breadcrumb","itemListElement":[{"@type":"ListItem","position":1,"name":"Home","item":"https:\/\/truusk.store\/sv\/"},{"@type":"ListItem","position":2,"name":"Shop","item":"https:\/\/truusk.store\/shop\/"},{"@type":"ListItem","position":3,"name":"TRUUSK Konstgjord Cypress 2-pack &#8211; Med Jordspett &#8211; 100 Cm &#8211; Plast Konstv\u00e4xt &#8211; Dekoration f\u00f6r Hem och Tr\u00e4dg\u00e5rd &#8211; \u00c4kta Utseende &#8211;"}]},{"@type":"WebSite","@id":"https:\/\/truusk.store\/sv\/#website","url":"https:\/\/truusk.store\/sv\/","name":"TRUUSK - Hem, Tr\u00e4dg\u00e5rd & Fritid","description":"","publisher":{"@id":"https:\/\/truusk.store\/sv\/#organization"},"potentialAction":[{"@type":"SearchAction","target":{"@type":"EntryPoint","urlTemplate":"https:\/\/truusk.store\/sv\/?s={search_term_string}"},"query-input":{"@type":"PropertyValueSpecification","valueRequired":true,"valueName":"search_term_string"}}],"inLanguage":"sv-SE"},{"@type":"Organization","@id":"https:\/\/truusk.store\/sv\/#organization","name":"TRUUSK - Hem, Tr\u00e4dg\u00e5rd & Fritid","url":"https:\/\/truusk.store\/sv\/","logo":{"@type":"ImageObject","inLanguage":"sv-SE","@id":"https:\/\/truusk.store\/sv\/#\/schema\/logo\/image\/","url":"https:\/\/i0.wp.com\/truusk.store\/wp-content\/uploads\/2026\/03\/cropped-TRUUSK.png?fit=2032%2C917&ssl=1","contentUrl":"https:\/\/i0.wp.com\/truusk.store\/wp-content\/uploads\/2026\/03\/cropped-TRUUSK.png?fit=2032%2C917&ssl=1","width":2032,"height":917,"caption":"TRUUSK - Hem, Tr\u00e4dg\u00e5rd & Fritid"},"image":{"@id":"https:\/\/truusk.store\/sv\/#\/schema\/logo\/image\/"}}]}},"jetpack_sharing_enabled":true,"_links":{"self":[{"href":"https:\/\/truusk.store\/sv\/wp-json\/wp\/v2\/product\/77113","targetHints":{"allow":["GET"]}}],"collection":[{"href":"https:\/\/truusk.store\/sv\/wp-json\/wp\/v2\/product"}],"about":[{"href":"https:\/\/truusk.store\/sv\/wp-json\/wp\/v2\/types\/product"}],"wp:featuredmedia":[{"embeddable":true,"href":"https:\/\/truusk.store\/sv\/wp-json\/wp\/v2\/media\/77104"}],"wp:attachment":[{"href":"https:\/\/truusk.store\/sv\/wp-json\/wp\/v2\/media?parent=77113"}],"wp:term":[{"taxonomy":"product_brand","embeddable":true,"href":"https:\/\/truusk.store\/sv\/wp-json\/wp\/v2\/product_brand?post=77113"},{"taxonomy":"product_cat","embeddable":true,"href":"https:\/\/truusk.store\/sv\/wp-json\/wp\/v2\/product_cat?post=77113"},{"taxonomy":"product_tag","embeddable":true,"href":"https:\/\/truusk.store\/sv\/wp-json\/wp\/v2\/product_tag?post=77113"}],"curies":[{"name":"wp","href":"https:\/\/api.w.org\/{rel}","templated":true}]}}