{"id":77123,"date":"2025-06-06T06:37:40","date_gmt":"2025-06-06T05:37:40","guid":{"rendered":"https:\/\/truusk.store\/product\/kattlada-skap-katt-hus-med-dorr-avdelare-kattlada-kattskap-for-stora-katter-sidobord-kattgrotta-80-x-51-x-54-cm-vit\/"},"modified":"2026-03-12T08:44:20","modified_gmt":"2026-03-12T07:44:20","slug":"truusk-kattlada-skap-for-stora-katter-med-dorr-och-avdelare-kattskap-med-sidobord-storlek-80-x-51-x-54-cm-vit","status":"publish","type":"product","link":"https:\/\/truusk.store\/sv\/produkt\/truusk-kattlada-skap-for-stora-katter-med-dorr-och-avdelare-kattskap-med-sidobord-storlek-80-x-51-x-54-cm-vit\/","title":{"rendered":"TRUUSK Kattl\u00e5da-sk\u00e5p f\u00f6r Stora Katter &#8211; Med D\u00f6rr och Avdelare &#8211; Kattsk\u00e5p med Sidobord &#8211; Storlek 80 x 51 x 54 cm &#8211; Vit"},"content":{"rendered":"<p>Uppt\u00e4ck TRUUSK kattl\u00e5da, en stilfull l\u00f6sning som passar perfekt in i din moderna inredning och erbjuder dina katter en privat tillflyktsort. Denna multifunktionella, dolda kattl\u00e5da d\u00f6ljer inte bara fula str\u00f6boxar, utan erbjuder ocks\u00e5 en yta f\u00f6r att ordentligt f\u00f6rvara dina tillbeh\u00f6r. Tack vare den h\u00f6jda designen kan din automatiska dammsugare enkelt k\u00f6ra under den. Skapa ett ordnat boendeomr\u00e5de med detta kattsk\u00e5p!<\/p>\n<p>Beskrivning:<\/p>\n<ul>\n<li> Multifunktionell design fungerar b\u00e5de som katttoalett och som stilfull sidobord<\/li>\n<li> 12 cm h\u00f6jd design av kattm\u00f6beln g\u00f6r det m\u00f6jligt f\u00f6r robotdammsugare att reng\u00f6ra under den utan problem<\/li>\n<li> Gott om utrymme inuti ger katter privatliv<\/li>\n<li> Speciellt designat sidod\u00f6rrh\u00e5l i kattl\u00e5dan f\u00f6r enkel katt\u00e5tkomst<\/li>\n<li> St\u00e4ngd design av kattl\u00e5dsk\u00e5pet d\u00f6ljer kattl\u00e5dan, kontrollerar lukter och utseende<\/li>\n<li> Tillverkad av MDF, garanterar robusthet och stabilitet<\/li>\n<li> L\u00e4mplig f\u00f6r tv\u00e5 katter upp till 10 kg vardera<\/li>\n<li> Enkel montering m\u00f6jlig p\u00e5 bara 30 minuter<\/li>\n<\/ul>\n<p> Tekniska data:<\/p>\n<ul>\n<li> F\u00e4rg: Vit<\/li>\n<li> Material: MDF<\/li>\n<li> Totala dimensioner: 80L x 51B x 54H cm<\/li>\n<li> Inre utrymme: 76,5B x 48,5T x 40H cm<\/li>\n<li> Framd\u00f6rr: 39L x 38B cm (enskild panel)<\/li>\n<li> D\u00f6rr\u00f6ppning: 20B x 25H cm, 20H cm (fr\u00e5n golvet)<\/li>\n<li> Benh\u00f6jd: 12 cm<\/li>\n<li> Maximal belastning: 20 kg (inuti), 20 kg (bordsskiva)<\/li>\n<\/ul>\n<p>Leverans inneh\u00e5ller:<\/p>\n<ul>\n<li> 1 x kattl\u00e5da\u00f6verdrag<\/li>\n<li> 1 x bruksanvisning<\/li>\n<\/ul>\n","protected":false},"excerpt":{"rendered":"<p>Uppt\u00e4ck TRUUSK kattl\u00e5da, en stilfull l\u00f6sning som passar perfekt in i din moderna inredning och erbjuder dina katter en privat&#8230;<\/p>\n","protected":false},"featured_media":77114,"template":"","meta":[],"product_brand":[],"product_cat":[878,593,588],"product_tag":[],"class_list":{"0":"post-77123","1":"product","2":"type-product","3":"status-publish","4":"has-post-thumbnail","6":"product_cat-djurbehov","7":"product_cat-kattskap","8":"product_cat-katttillbehor","10":"first","11":"instock","12":"sale","13":"taxable","14":"shipping-taxable","15":"purchasable","16":"product-type-simple"},"yoast_head":"<!-- This site is optimized with the Yoast SEO plugin v25.4 - https:\/\/yoast.com\/wordpress\/plugins\/seo\/ -->\n<title>TRUUSK Kattl\u00e5da-sk\u00e5p f\u00f6r Stora Katter - Med D\u00f6rr och Avdelare - Kattsk\u00e5p med Sidobord - Storlek 80 x 51 x 54 cm - Vit - TRUUSK - Hem, Tr\u00e4dg\u00e5rd &amp; Fritid<\/title>\n<meta name=\"robots\" content=\"index, follow, max-snippet:-1, max-image-preview:large, max-video-preview:-1\" \/>\n<link rel=\"canonical\" href=\"https:\/\/truusk.store\/sv\/produkt\/truusk-kattlada-skap-for-stora-katter-med-dorr-och-avdelare-kattskap-med-sidobord-storlek-80-x-51-x-54-cm-vit\/\" \/>\n<meta property=\"og:locale\" content=\"sv_SE\" \/>\n<meta property=\"og:type\" content=\"article\" \/>\n<meta property=\"og:title\" content=\"TRUUSK Kattl\u00e5da-sk\u00e5p f\u00f6r Stora Katter - Med D\u00f6rr och Avdelare - Kattsk\u00e5p med Sidobord - Storlek 80 x 51 x 54 cm - Vit - TRUUSK - Hem, Tr\u00e4dg\u00e5rd &amp; Fritid\" \/>\n<meta property=\"og:description\" content=\"Uppt\u00e4ck TRUUSK kattl\u00e5da, en stilfull l\u00f6sning som passar perfekt in i din moderna inredning och erbjuder dina katter en privat...\" \/>\n<meta property=\"og:url\" content=\"https:\/\/truusk.store\/sv\/produkt\/truusk-kattlada-skap-for-stora-katter-med-dorr-och-avdelare-kattskap-med-sidobord-storlek-80-x-51-x-54-cm-vit\/\" \/>\n<meta property=\"og:site_name\" content=\"TRUUSK - Hem, Tr\u00e4dg\u00e5rd &amp; Fritid\" \/>\n<meta property=\"article:modified_time\" content=\"2026-03-12T07:44:20+00:00\" \/>\n<meta property=\"og:image\" content=\"https:\/\/i0.wp.com\/truusk.se\/wp-content\/uploads\/2025\/06\/kattlada-skap-katt-hus-med-dorr-avdelare-kattlada-kattskap-for-stora-katter-sidobord-kattgrotta-80-x-51-x-54-cm-vit-1.webp?fit=2000%2C2000&ssl=1\" \/>\n\t<meta property=\"og:image:width\" content=\"2000\" \/>\n\t<meta property=\"og:image:height\" content=\"2000\" \/>\n\t<meta property=\"og:image:type\" content=\"image\/webp\" \/>\n<meta name=\"twitter:card\" content=\"summary_large_image\" \/>\n<meta name=\"twitter:label1\" content=\"Ber\u00e4knad l\u00e4stid\" \/>\n\t<meta name=\"twitter:data1\" content=\"1 minut\" \/>\n<!-- \/ Yoast SEO plugin. -->","yoast_head_json":{"title":"TRUUSK Kattl\u00e5da-sk\u00e5p f\u00f6r Stora Katter - Med D\u00f6rr och Avdelare - Kattsk\u00e5p med Sidobord - Storlek 80 x 51 x 54 cm - Vit - TRUUSK - Hem, Tr\u00e4dg\u00e5rd &amp; Fritid","robots":{"index":"index","follow":"follow","max-snippet":"max-snippet:-1","max-image-preview":"max-image-preview:large","max-video-preview":"max-video-preview:-1"},"canonical":"https:\/\/truusk.store\/sv\/produkt\/truusk-kattlada-skap-for-stora-katter-med-dorr-och-avdelare-kattskap-med-sidobord-storlek-80-x-51-x-54-cm-vit\/","og_locale":"sv_SE","og_type":"article","og_title":"TRUUSK Kattl\u00e5da-sk\u00e5p f\u00f6r Stora Katter - Med D\u00f6rr och Avdelare - Kattsk\u00e5p med Sidobord - Storlek 80 x 51 x 54 cm - Vit - TRUUSK - Hem, Tr\u00e4dg\u00e5rd &amp; Fritid","og_description":"Uppt\u00e4ck TRUUSK kattl\u00e5da, en stilfull l\u00f6sning som passar perfekt in i din moderna inredning och erbjuder dina katter en privat...","og_url":"https:\/\/truusk.store\/sv\/produkt\/truusk-kattlada-skap-for-stora-katter-med-dorr-och-avdelare-kattskap-med-sidobord-storlek-80-x-51-x-54-cm-vit\/","og_site_name":"TRUUSK - Hem, Tr\u00e4dg\u00e5rd &amp; Fritid","article_modified_time":"2026-03-12T07:44:20+00:00","og_image":[{"width":2000,"height":2000,"url":"https:\/\/i0.wp.com\/truusk.se\/wp-content\/uploads\/2025\/06\/kattlada-skap-katt-hus-med-dorr-avdelare-kattlada-kattskap-for-stora-katter-sidobord-kattgrotta-80-x-51-x-54-cm-vit-1.webp?fit=2000%2C2000&ssl=1","type":"image\/webp"}],"twitter_card":"summary_large_image","twitter_misc":{"Ber\u00e4knad l\u00e4stid":"1 minut"},"schema":{"@context":"https:\/\/schema.org","@graph":[{"@type":"WebPage","@id":"https:\/\/truusk.store\/sv\/produkt\/truusk-kattlada-skap-for-stora-katter-med-dorr-och-avdelare-kattskap-med-sidobord-storlek-80-x-51-x-54-cm-vit\/","url":"https:\/\/truusk.store\/sv\/produkt\/truusk-kattlada-skap-for-stora-katter-med-dorr-och-avdelare-kattskap-med-sidobord-storlek-80-x-51-x-54-cm-vit\/","name":"TRUUSK Kattl\u00e5da-sk\u00e5p f\u00f6r Stora Katter - Med D\u00f6rr och Avdelare - Kattsk\u00e5p med Sidobord - Storlek 80 x 51 x 54 cm - Vit - TRUUSK - Hem, Tr\u00e4dg\u00e5rd &amp; Fritid","isPartOf":{"@id":"https:\/\/truusk.store\/sv\/#website"},"primaryImageOfPage":{"@id":"https:\/\/truusk.store\/sv\/produkt\/truusk-kattlada-skap-for-stora-katter-med-dorr-och-avdelare-kattskap-med-sidobord-storlek-80-x-51-x-54-cm-vit\/#primaryimage"},"image":{"@id":"https:\/\/truusk.store\/sv\/produkt\/truusk-kattlada-skap-for-stora-katter-med-dorr-och-avdelare-kattskap-med-sidobord-storlek-80-x-51-x-54-cm-vit\/#primaryimage"},"thumbnailUrl":"https:\/\/i0.wp.com\/truusk.store\/wp-content\/uploads\/2025\/06\/kattlada-skap-katt-hus-med-dorr-avdelare-kattlada-kattskap-for-stora-katter-sidobord-kattgrotta-80-x-51-x-54-cm-vit-1.webp?fit=2000%2C2000&ssl=1","datePublished":"2025-06-06T05:37:40+00:00","dateModified":"2026-03-12T07:44:20+00:00","breadcrumb":{"@id":"https:\/\/truusk.store\/sv\/produkt\/truusk-kattlada-skap-for-stora-katter-med-dorr-och-avdelare-kattskap-med-sidobord-storlek-80-x-51-x-54-cm-vit\/#breadcrumb"},"inLanguage":"sv-SE","potentialAction":[{"@type":"ReadAction","target":["https:\/\/truusk.store\/sv\/produkt\/truusk-kattlada-skap-for-stora-katter-med-dorr-och-avdelare-kattskap-med-sidobord-storlek-80-x-51-x-54-cm-vit\/"]}]},{"@type":"ImageObject","inLanguage":"sv-SE","@id":"https:\/\/truusk.store\/sv\/produkt\/truusk-kattlada-skap-for-stora-katter-med-dorr-och-avdelare-kattskap-med-sidobord-storlek-80-x-51-x-54-cm-vit\/#primaryimage","url":"https:\/\/i0.wp.com\/truusk.store\/wp-content\/uploads\/2025\/06\/kattlada-skap-katt-hus-med-dorr-avdelare-kattlada-kattskap-for-stora-katter-sidobord-kattgrotta-80-x-51-x-54-cm-vit-1.webp?fit=2000%2C2000&ssl=1","contentUrl":"https:\/\/i0.wp.com\/truusk.store\/wp-content\/uploads\/2025\/06\/kattlada-skap-katt-hus-med-dorr-avdelare-kattlada-kattskap-for-stora-katter-sidobord-kattgrotta-80-x-51-x-54-cm-vit-1.webp?fit=2000%2C2000&ssl=1","width":2000,"height":2000},{"@type":"BreadcrumbList","@id":"https:\/\/truusk.store\/sv\/produkt\/truusk-kattlada-skap-for-stora-katter-med-dorr-och-avdelare-kattskap-med-sidobord-storlek-80-x-51-x-54-cm-vit\/#breadcrumb","itemListElement":[{"@type":"ListItem","position":1,"name":"Home","item":"https:\/\/truusk.store\/sv\/"},{"@type":"ListItem","position":2,"name":"Shop","item":"https:\/\/truusk.store\/shop\/"},{"@type":"ListItem","position":3,"name":"TRUUSK Kattl\u00e5da-sk\u00e5p f\u00f6r Stora Katter &#8211; Med D\u00f6rr och Avdelare &#8211; Kattsk\u00e5p med Sidobord &#8211; Storlek 80 x 51 x 54 cm &#8211; Vit"}]},{"@type":"WebSite","@id":"https:\/\/truusk.store\/sv\/#website","url":"https:\/\/truusk.store\/sv\/","name":"TRUUSK - Hem, Tr\u00e4dg\u00e5rd & Fritid","description":"","publisher":{"@id":"https:\/\/truusk.store\/sv\/#organization"},"potentialAction":[{"@type":"SearchAction","target":{"@type":"EntryPoint","urlTemplate":"https:\/\/truusk.store\/sv\/?s={search_term_string}"},"query-input":{"@type":"PropertyValueSpecification","valueRequired":true,"valueName":"search_term_string"}}],"inLanguage":"sv-SE"},{"@type":"Organization","@id":"https:\/\/truusk.store\/sv\/#organization","name":"TRUUSK - Hem, Tr\u00e4dg\u00e5rd & Fritid","url":"https:\/\/truusk.store\/sv\/","logo":{"@type":"ImageObject","inLanguage":"sv-SE","@id":"https:\/\/truusk.store\/sv\/#\/schema\/logo\/image\/","url":"https:\/\/i0.wp.com\/truusk.store\/wp-content\/uploads\/2026\/03\/cropped-TRUUSK.png?fit=2032%2C917&ssl=1","contentUrl":"https:\/\/i0.wp.com\/truusk.store\/wp-content\/uploads\/2026\/03\/cropped-TRUUSK.png?fit=2032%2C917&ssl=1","width":2032,"height":917,"caption":"TRUUSK - Hem, Tr\u00e4dg\u00e5rd & Fritid"},"image":{"@id":"https:\/\/truusk.store\/sv\/#\/schema\/logo\/image\/"}}]}},"jetpack_sharing_enabled":true,"_links":{"self":[{"href":"https:\/\/truusk.store\/sv\/wp-json\/wp\/v2\/product\/77123","targetHints":{"allow":["GET"]}}],"collection":[{"href":"https:\/\/truusk.store\/sv\/wp-json\/wp\/v2\/product"}],"about":[{"href":"https:\/\/truusk.store\/sv\/wp-json\/wp\/v2\/types\/product"}],"wp:featuredmedia":[{"embeddable":true,"href":"https:\/\/truusk.store\/sv\/wp-json\/wp\/v2\/media\/77114"}],"wp:attachment":[{"href":"https:\/\/truusk.store\/sv\/wp-json\/wp\/v2\/media?parent=77123"}],"wp:term":[{"taxonomy":"product_brand","embeddable":true,"href":"https:\/\/truusk.store\/sv\/wp-json\/wp\/v2\/product_brand?post=77123"},{"taxonomy":"product_cat","embeddable":true,"href":"https:\/\/truusk.store\/sv\/wp-json\/wp\/v2\/product_cat?post=77123"},{"taxonomy":"product_tag","embeddable":true,"href":"https:\/\/truusk.store\/sv\/wp-json\/wp\/v2\/product_tag?post=77123"}],"curies":[{"name":"wp","href":"https:\/\/api.w.org\/{rel}","templated":true}]}}