{"id":77193,"date":"2025-06-06T06:44:38","date_gmt":"2025-06-06T05:44:38","guid":{"rendered":"https:\/\/truusk.store\/product\/konstgjord-stor-cypress-120-cm-konstgjorda-vaxter-i-kruka-uv-resistent-konstgjord-cypress-som-ser-akta-ut-dekoration-for-vardagsrum-sovrum-kontor-balkong\/"},"modified":"2026-03-12T08:44:31","modified_gmt":"2026-03-12T07:44:31","slug":"truusk-konstgjord-stor-cypress-120-cm-uv-resistent-ser-akta-ut-dekoration-for-hemmet-inklusive-kruka-for-inomhus-och","status":"publish","type":"product","link":"https:\/\/truusk.store\/sv\/produkt\/truusk-konstgjord-stor-cypress-120-cm-uv-resistent-ser-akta-ut-dekoration-for-hemmet-inklusive-kruka-for-inomhus-och\/","title":{"rendered":"TRUUSK Konstgjord Stor Cypress 120 cm &#8211; UV-resistent &#8211; Ser \u00e4kta ut &#8211; Dekoration f\u00f6r hemmet &#8211; Inklusive kruka &#8211; F\u00f6r inomhus- och"},"content":{"rendered":"<p>Ge ditt omr\u00e5de best\u00e5ende gr\u00f6nska med TRUUSK Konstgjorda V\u00e4xten. Dessa bedr\u00e4gligt \u00e4kta cypressrepliker n\u00e5r en h\u00f6jd av 120 cm och \u00e4r utrustade med blad i klassiska barnkrukor. De \u00e4r l\u00e4ttsk\u00f6tta och kr\u00e4ver ingen gr\u00f6n tumme! Dessutom \u00e4r de UV-resistenta och idealiska f\u00f6r att f\u00f6rsk\u00f6na b\u00e5de inomhus- och utomhusomr\u00e5den.<\/p>\n<p>Beskrivning:<\/p>\n<ul>\n<li> Realistisk cypress med konstgjord mossa f\u00f6rb\u00e4ttrar hemmets estetik<\/li>\n<li> Varje har 638 blad f\u00f6r full densitet<\/li>\n<li> Inklusive kruka och cementbotten garanterar stabilitet och st\u00f6d<\/li>\n<li> Ingen gr\u00f6n tumme kr\u00e4vs f\u00f6r sk\u00f6tsel<\/li>\n<li> UV-resistent kvalitet av konstv\u00e4xten passar f\u00f6r inomhus- och utomhusomr\u00e5den<\/li>\n<\/ul>\n<p> Tekniska data:<\/p>\n<ul>\n<li> F\u00e4rg: Gr\u00f6n<\/li>\n<li> Material: Plast, Cement<\/li>\n<li> Typ: Cypress<\/li>\n<li> Totala dimensioner: \u00d840 x 120H cm<\/li>\n<li> Krukstorlek: \u00d815 x 12,5H cm<\/li>\n<\/ul>\n<p>Leveransinneh\u00e5ll:<\/p>\n<ul>\n<li> 1 x konstgjord v\u00e4xt;<\/li>\n<\/ul>\n","protected":false},"excerpt":{"rendered":"<p>Ge ditt omr\u00e5de best\u00e5ende gr\u00f6nska med TRUUSK Konstgjorda V\u00e4xten. Dessa bedr\u00e4gligt \u00e4kta cypressrepliker n\u00e5r en h\u00f6jd av 120 cm och&#8230;<\/p>\n","protected":false},"featured_media":77184,"template":"","meta":[],"product_brand":[],"product_cat":[962,871,681],"product_tag":[],"class_list":{"0":"post-77193","1":"product","2":"type-product","3":"status-publish","4":"has-post-thumbnail","6":"product_cat-dekoration","7":"product_cat-hus-hem","8":"product_cat-konstgjorda-vaxter","10":"first","11":"instock","12":"sale","13":"taxable","14":"shipping-taxable","15":"purchasable","16":"product-type-simple"},"yoast_head":"<!-- This site is optimized with the Yoast SEO plugin v25.4 - https:\/\/yoast.com\/wordpress\/plugins\/seo\/ -->\n<title>TRUUSK Konstgjord Stor Cypress 120 cm - UV-resistent - Ser \u00e4kta ut - Dekoration f\u00f6r hemmet - Inklusive kruka - F\u00f6r inomhus- och - TRUUSK - Hem, Tr\u00e4dg\u00e5rd &amp; Fritid<\/title>\n<meta name=\"robots\" content=\"index, follow, max-snippet:-1, max-image-preview:large, max-video-preview:-1\" \/>\n<link rel=\"canonical\" href=\"https:\/\/truusk.store\/sv\/produkt\/truusk-konstgjord-stor-cypress-120-cm-uv-resistent-ser-akta-ut-dekoration-for-hemmet-inklusive-kruka-for-inomhus-och\/\" \/>\n<meta property=\"og:locale\" content=\"sv_SE\" \/>\n<meta property=\"og:type\" content=\"article\" \/>\n<meta property=\"og:title\" content=\"TRUUSK Konstgjord Stor Cypress 120 cm - UV-resistent - Ser \u00e4kta ut - Dekoration f\u00f6r hemmet - Inklusive kruka - F\u00f6r inomhus- och - TRUUSK - Hem, Tr\u00e4dg\u00e5rd &amp; Fritid\" \/>\n<meta property=\"og:description\" content=\"Ge ditt omr\u00e5de best\u00e5ende gr\u00f6nska med TRUUSK Konstgjorda V\u00e4xten. Dessa bedr\u00e4gligt \u00e4kta cypressrepliker n\u00e5r en h\u00f6jd av 120 cm och...\" \/>\n<meta property=\"og:url\" content=\"https:\/\/truusk.store\/sv\/produkt\/truusk-konstgjord-stor-cypress-120-cm-uv-resistent-ser-akta-ut-dekoration-for-hemmet-inklusive-kruka-for-inomhus-och\/\" \/>\n<meta property=\"og:site_name\" content=\"TRUUSK - Hem, Tr\u00e4dg\u00e5rd &amp; Fritid\" \/>\n<meta property=\"article:modified_time\" content=\"2026-03-12T07:44:31+00:00\" \/>\n<meta property=\"og:image\" content=\"https:\/\/i0.wp.com\/truusk.se\/wp-content\/uploads\/2025\/06\/konstgjord-stor-cypress-120-cm-konstgjorda-vaxter-i-kruka-uv-resistent-konstgjord-cypress-som-ser-akta-ut-dekoration-for-vardagsrum-sovrum-kontor-balkong-1.webp?fit=2000%2C2000&ssl=1\" \/>\n\t<meta property=\"og:image:width\" content=\"2000\" \/>\n\t<meta property=\"og:image:height\" content=\"2000\" \/>\n\t<meta property=\"og:image:type\" content=\"image\/webp\" \/>\n<meta name=\"twitter:card\" content=\"summary_large_image\" \/>\n<meta name=\"twitter:label1\" content=\"Ber\u00e4knad l\u00e4stid\" \/>\n\t<meta name=\"twitter:data1\" content=\"1 minut\" \/>\n<!-- \/ Yoast SEO plugin. -->","yoast_head_json":{"title":"TRUUSK Konstgjord Stor Cypress 120 cm - UV-resistent - Ser \u00e4kta ut - Dekoration f\u00f6r hemmet - Inklusive kruka - F\u00f6r inomhus- och - TRUUSK - Hem, Tr\u00e4dg\u00e5rd &amp; Fritid","robots":{"index":"index","follow":"follow","max-snippet":"max-snippet:-1","max-image-preview":"max-image-preview:large","max-video-preview":"max-video-preview:-1"},"canonical":"https:\/\/truusk.store\/sv\/produkt\/truusk-konstgjord-stor-cypress-120-cm-uv-resistent-ser-akta-ut-dekoration-for-hemmet-inklusive-kruka-for-inomhus-och\/","og_locale":"sv_SE","og_type":"article","og_title":"TRUUSK Konstgjord Stor Cypress 120 cm - UV-resistent - Ser \u00e4kta ut - Dekoration f\u00f6r hemmet - Inklusive kruka - F\u00f6r inomhus- och - TRUUSK - Hem, Tr\u00e4dg\u00e5rd &amp; Fritid","og_description":"Ge ditt omr\u00e5de best\u00e5ende gr\u00f6nska med TRUUSK Konstgjorda V\u00e4xten. Dessa bedr\u00e4gligt \u00e4kta cypressrepliker n\u00e5r en h\u00f6jd av 120 cm och...","og_url":"https:\/\/truusk.store\/sv\/produkt\/truusk-konstgjord-stor-cypress-120-cm-uv-resistent-ser-akta-ut-dekoration-for-hemmet-inklusive-kruka-for-inomhus-och\/","og_site_name":"TRUUSK - Hem, Tr\u00e4dg\u00e5rd &amp; Fritid","article_modified_time":"2026-03-12T07:44:31+00:00","og_image":[{"width":2000,"height":2000,"url":"https:\/\/i0.wp.com\/truusk.se\/wp-content\/uploads\/2025\/06\/konstgjord-stor-cypress-120-cm-konstgjorda-vaxter-i-kruka-uv-resistent-konstgjord-cypress-som-ser-akta-ut-dekoration-for-vardagsrum-sovrum-kontor-balkong-1.webp?fit=2000%2C2000&ssl=1","type":"image\/webp"}],"twitter_card":"summary_large_image","twitter_misc":{"Ber\u00e4knad l\u00e4stid":"1 minut"},"schema":{"@context":"https:\/\/schema.org","@graph":[{"@type":"WebPage","@id":"https:\/\/truusk.store\/sv\/produkt\/truusk-konstgjord-stor-cypress-120-cm-uv-resistent-ser-akta-ut-dekoration-for-hemmet-inklusive-kruka-for-inomhus-och\/","url":"https:\/\/truusk.store\/sv\/produkt\/truusk-konstgjord-stor-cypress-120-cm-uv-resistent-ser-akta-ut-dekoration-for-hemmet-inklusive-kruka-for-inomhus-och\/","name":"TRUUSK Konstgjord Stor Cypress 120 cm - UV-resistent - Ser \u00e4kta ut - Dekoration f\u00f6r hemmet - Inklusive kruka - F\u00f6r inomhus- och - TRUUSK - Hem, Tr\u00e4dg\u00e5rd &amp; Fritid","isPartOf":{"@id":"https:\/\/truusk.store\/sv\/#website"},"primaryImageOfPage":{"@id":"https:\/\/truusk.store\/sv\/produkt\/truusk-konstgjord-stor-cypress-120-cm-uv-resistent-ser-akta-ut-dekoration-for-hemmet-inklusive-kruka-for-inomhus-och\/#primaryimage"},"image":{"@id":"https:\/\/truusk.store\/sv\/produkt\/truusk-konstgjord-stor-cypress-120-cm-uv-resistent-ser-akta-ut-dekoration-for-hemmet-inklusive-kruka-for-inomhus-och\/#primaryimage"},"thumbnailUrl":"https:\/\/i0.wp.com\/truusk.store\/wp-content\/uploads\/2025\/06\/konstgjord-stor-cypress-120-cm-konstgjorda-vaxter-i-kruka-uv-resistent-konstgjord-cypress-som-ser-akta-ut-dekoration-for-vardagsrum-sovrum-kontor-balkong-1.webp?fit=2000%2C2000&ssl=1","datePublished":"2025-06-06T05:44:38+00:00","dateModified":"2026-03-12T07:44:31+00:00","breadcrumb":{"@id":"https:\/\/truusk.store\/sv\/produkt\/truusk-konstgjord-stor-cypress-120-cm-uv-resistent-ser-akta-ut-dekoration-for-hemmet-inklusive-kruka-for-inomhus-och\/#breadcrumb"},"inLanguage":"sv-SE","potentialAction":[{"@type":"ReadAction","target":["https:\/\/truusk.store\/sv\/produkt\/truusk-konstgjord-stor-cypress-120-cm-uv-resistent-ser-akta-ut-dekoration-for-hemmet-inklusive-kruka-for-inomhus-och\/"]}]},{"@type":"ImageObject","inLanguage":"sv-SE","@id":"https:\/\/truusk.store\/sv\/produkt\/truusk-konstgjord-stor-cypress-120-cm-uv-resistent-ser-akta-ut-dekoration-for-hemmet-inklusive-kruka-for-inomhus-och\/#primaryimage","url":"https:\/\/i0.wp.com\/truusk.store\/wp-content\/uploads\/2025\/06\/konstgjord-stor-cypress-120-cm-konstgjorda-vaxter-i-kruka-uv-resistent-konstgjord-cypress-som-ser-akta-ut-dekoration-for-vardagsrum-sovrum-kontor-balkong-1.webp?fit=2000%2C2000&ssl=1","contentUrl":"https:\/\/i0.wp.com\/truusk.store\/wp-content\/uploads\/2025\/06\/konstgjord-stor-cypress-120-cm-konstgjorda-vaxter-i-kruka-uv-resistent-konstgjord-cypress-som-ser-akta-ut-dekoration-for-vardagsrum-sovrum-kontor-balkong-1.webp?fit=2000%2C2000&ssl=1","width":2000,"height":2000},{"@type":"BreadcrumbList","@id":"https:\/\/truusk.store\/sv\/produkt\/truusk-konstgjord-stor-cypress-120-cm-uv-resistent-ser-akta-ut-dekoration-for-hemmet-inklusive-kruka-for-inomhus-och\/#breadcrumb","itemListElement":[{"@type":"ListItem","position":1,"name":"Home","item":"https:\/\/truusk.store\/sv\/"},{"@type":"ListItem","position":2,"name":"Shop","item":"https:\/\/truusk.store\/shop\/"},{"@type":"ListItem","position":3,"name":"TRUUSK Konstgjord Stor Cypress 120 cm &#8211; UV-resistent &#8211; Ser \u00e4kta ut &#8211; Dekoration f\u00f6r hemmet &#8211; Inklusive kruka &#8211; F\u00f6r inomhus- och"}]},{"@type":"WebSite","@id":"https:\/\/truusk.store\/sv\/#website","url":"https:\/\/truusk.store\/sv\/","name":"TRUUSK - Hem, Tr\u00e4dg\u00e5rd & Fritid","description":"","publisher":{"@id":"https:\/\/truusk.store\/sv\/#organization"},"potentialAction":[{"@type":"SearchAction","target":{"@type":"EntryPoint","urlTemplate":"https:\/\/truusk.store\/sv\/?s={search_term_string}"},"query-input":{"@type":"PropertyValueSpecification","valueRequired":true,"valueName":"search_term_string"}}],"inLanguage":"sv-SE"},{"@type":"Organization","@id":"https:\/\/truusk.store\/sv\/#organization","name":"TRUUSK - Hem, Tr\u00e4dg\u00e5rd & Fritid","url":"https:\/\/truusk.store\/sv\/","logo":{"@type":"ImageObject","inLanguage":"sv-SE","@id":"https:\/\/truusk.store\/sv\/#\/schema\/logo\/image\/","url":"https:\/\/i0.wp.com\/truusk.store\/wp-content\/uploads\/2026\/03\/cropped-TRUUSK.png?fit=2032%2C917&ssl=1","contentUrl":"https:\/\/i0.wp.com\/truusk.store\/wp-content\/uploads\/2026\/03\/cropped-TRUUSK.png?fit=2032%2C917&ssl=1","width":2032,"height":917,"caption":"TRUUSK - Hem, Tr\u00e4dg\u00e5rd & Fritid"},"image":{"@id":"https:\/\/truusk.store\/sv\/#\/schema\/logo\/image\/"}}]}},"jetpack_sharing_enabled":true,"_links":{"self":[{"href":"https:\/\/truusk.store\/sv\/wp-json\/wp\/v2\/product\/77193","targetHints":{"allow":["GET"]}}],"collection":[{"href":"https:\/\/truusk.store\/sv\/wp-json\/wp\/v2\/product"}],"about":[{"href":"https:\/\/truusk.store\/sv\/wp-json\/wp\/v2\/types\/product"}],"wp:featuredmedia":[{"embeddable":true,"href":"https:\/\/truusk.store\/sv\/wp-json\/wp\/v2\/media\/77184"}],"wp:attachment":[{"href":"https:\/\/truusk.store\/sv\/wp-json\/wp\/v2\/media?parent=77193"}],"wp:term":[{"taxonomy":"product_brand","embeddable":true,"href":"https:\/\/truusk.store\/sv\/wp-json\/wp\/v2\/product_brand?post=77193"},{"taxonomy":"product_cat","embeddable":true,"href":"https:\/\/truusk.store\/sv\/wp-json\/wp\/v2\/product_cat?post=77193"},{"taxonomy":"product_tag","embeddable":true,"href":"https:\/\/truusk.store\/sv\/wp-json\/wp\/v2\/product_tag?post=77193"}],"curies":[{"name":"wp","href":"https:\/\/api.w.org\/{rel}","templated":true}]}}