{"id":77203,"date":"2025-06-06T06:45:36","date_gmt":"2025-06-06T05:45:36","guid":{"rendered":"https:\/\/truusk.store\/product\/elektrisk-avslappningsstol-med-stighjalp-liggfunktion-massagestol-med-fotdel-sidoficka-fjarrkontroll-for-vardagsrum-upp-till-150-kg-konstlader-svart\/"},"modified":"2026-03-12T09:42:07","modified_gmt":"2026-03-12T08:42:07","slug":"truusk-elektrisk-avslappningsstol-stighjalp-liggfunktion-massagestol-fotdel-sidoficka-fjarrkontroll-upp-till-150-kg","status":"publish","type":"product","link":"https:\/\/truusk.store\/sv\/produkt\/truusk-elektrisk-avslappningsstol-stighjalp-liggfunktion-massagestol-fotdel-sidoficka-fjarrkontroll-upp-till-150-kg\/","title":{"rendered":"TRUUSK Elektrisk Avslappningsstol &#8211; Stighj\u00e4lp &#8211; Liggfunktion &#8211; Massagestol &#8211; Fotdel &#8211; Sidoficka &#8211; Fj\u00e4rrkontroll &#8211; Upp Till 150 Kg"},"content":{"rendered":"<p>Den elektriska lyftstolen fr\u00e5n TRUUSK \u00e4r den idealiska m\u00f6beln f\u00f6r fysiskt begr\u00e4nsade eller \u00e4ldre m\u00e4nniskor som beh\u00f6ver en solid lyfthj\u00e4lp. Ryggst\u00f6det och fotst\u00f6det p\u00e5 \u00e4ldrestolen kan justeras stegl\u00f6st och stolen kan lutas upp till 145 grader bak\u00e5t och stoppas i vilken vinkel som helst. Allt styrs med den medf\u00f6ljande fj\u00e4rrkontrollen.<\/p>\n<p>Beskrivning:<\/p>\n<ul>\n<li> 2-i-1-design: En lyfthj\u00e4lp och en elektrisk vilostol<\/li>\n<li> Med fotst\u00f6d f\u00f6r avkoppling av hela kroppen<\/li>\n<li> St\u00e5lbasen p\u00e5 TV-stolen f\u00f6r stabil st\u00e5nd och anv\u00e4ndning<\/li>\n<li> Tjockt vadderad sits, huvudst\u00f6d, ryggst\u00f6d och armst\u00f6d f\u00f6r maximal komfort<\/li>\n<li> Inklusive fj\u00e4rrkontroll<\/li>\n<li> Sidoficka p\u00e5 biostolen f\u00f6r fj\u00e4rrkontrollen<\/li>\n<li> Montering kr\u00e4vs<\/li>\n<\/ul>\n<p> Tekniska data:<\/p>\n<ul>\n<li> F\u00e4rg: Svart<\/li>\n<li> Material: Konstl\u00e4der, skum, st\u00e5l, MDF<\/li>\n<li> Totala m\u00e5tt (st\u00e5ende): 80B x 94D x 104H cm<\/li>\n<li> Liggande dimension: 156B x 80D x 86H cm<\/li>\n<li> Lyftdimension: 82B x 80D x 138H cm<\/li>\n<li> Sitsdimension: 52B x 55D x 46H cm<\/li>\n<li> Tjocklek p\u00e5 skummet: 24 cm<\/li>\n<li> Ing\u00e5ngssp\u00e4nning: 100-240V, 50\/60Hz<\/li>\n<li> Utg\u00e5ngssp\u00e4nning: 29 V\/1,8 A<\/li>\n<li> B\u00e4rkapacitet: 150 kg<\/li>\n<\/ul>\n<p>Leveransinneh\u00e5ll:<\/p>\n<ul>\n<li> 1 x Elektrisk stol<\/li>\n<li> 1 x Fj\u00e4rrkontroll<\/li>\n<li> 1 x Bruksanvisning<\/li>\n<\/ul>\n","protected":false},"excerpt":{"rendered":"<p>Den elektriska lyftstolen fr\u00e5n TRUUSK \u00e4r den idealiska m\u00f6beln f\u00f6r fysiskt begr\u00e4nsade eller \u00e4ldre m\u00e4nniskor som beh\u00f6ver en solid lyfthj\u00e4lp&#8230;.<\/p>\n","protected":false},"featured_media":77194,"template":"","meta":[],"product_brand":[],"product_cat":[911,521,871,910],"product_tag":[],"class_list":{"0":"post-77203","1":"product","2":"type-product","3":"status-publish","4":"has-post-thumbnail","6":"product_cat-aufstehsessel","7":"product_cat-fatolj","8":"product_cat-hus-hem","9":"product_cat-vardagsrum","11":"first","12":"instock","13":"sale","14":"taxable","15":"shipping-taxable","16":"purchasable","17":"product-type-simple"},"yoast_head":"<!-- This site is optimized with the Yoast SEO plugin v25.4 - https:\/\/yoast.com\/wordpress\/plugins\/seo\/ -->\n<title>TRUUSK Elektrisk Avslappningsstol - Stighj\u00e4lp - Liggfunktion - Massagestol - Fotdel - Sidoficka - Fj\u00e4rrkontroll - Upp Till 150 Kg - TRUUSK - Hem, Tr\u00e4dg\u00e5rd &amp; Fritid<\/title>\n<meta name=\"robots\" content=\"index, follow, max-snippet:-1, max-image-preview:large, max-video-preview:-1\" \/>\n<link rel=\"canonical\" href=\"https:\/\/truusk.store\/sv\/produkt\/truusk-elektrisk-avslappningsstol-stighjalp-liggfunktion-massagestol-fotdel-sidoficka-fjarrkontroll-upp-till-150-kg\/\" \/>\n<meta property=\"og:locale\" content=\"sv_SE\" \/>\n<meta property=\"og:type\" content=\"article\" \/>\n<meta property=\"og:title\" content=\"TRUUSK Elektrisk Avslappningsstol - Stighj\u00e4lp - Liggfunktion - Massagestol - Fotdel - Sidoficka - Fj\u00e4rrkontroll - Upp Till 150 Kg - TRUUSK - Hem, Tr\u00e4dg\u00e5rd &amp; Fritid\" \/>\n<meta property=\"og:description\" content=\"Den elektriska lyftstolen fr\u00e5n TRUUSK \u00e4r den idealiska m\u00f6beln f\u00f6r fysiskt begr\u00e4nsade eller \u00e4ldre m\u00e4nniskor som beh\u00f6ver en solid lyfthj\u00e4lp....\" \/>\n<meta property=\"og:url\" content=\"https:\/\/truusk.store\/sv\/produkt\/truusk-elektrisk-avslappningsstol-stighjalp-liggfunktion-massagestol-fotdel-sidoficka-fjarrkontroll-upp-till-150-kg\/\" \/>\n<meta property=\"og:site_name\" content=\"TRUUSK - Hem, Tr\u00e4dg\u00e5rd &amp; Fritid\" \/>\n<meta property=\"article:modified_time\" content=\"2026-03-12T08:42:07+00:00\" \/>\n<meta property=\"og:image\" content=\"https:\/\/i0.wp.com\/truusk.se\/wp-content\/uploads\/2025\/06\/elektrisk-avslappningsstol-med-stighjalp-liggfunktion-massagestol-med-fotdel-sidoficka-fjarrkontroll-for-vardagsrum-upp-till-150-kg-konstlader-svart-1.webp?fit=2000%2C2000&ssl=1\" \/>\n\t<meta property=\"og:image:width\" content=\"2000\" \/>\n\t<meta property=\"og:image:height\" content=\"2000\" \/>\n\t<meta property=\"og:image:type\" content=\"image\/webp\" \/>\n<meta name=\"twitter:card\" content=\"summary_large_image\" \/>\n<meta name=\"twitter:label1\" content=\"Ber\u00e4knad l\u00e4stid\" \/>\n\t<meta name=\"twitter:data1\" content=\"1 minut\" \/>\n<!-- \/ Yoast SEO plugin. -->","yoast_head_json":{"title":"TRUUSK Elektrisk Avslappningsstol - Stighj\u00e4lp - Liggfunktion - Massagestol - Fotdel - Sidoficka - Fj\u00e4rrkontroll - Upp Till 150 Kg - TRUUSK - Hem, Tr\u00e4dg\u00e5rd &amp; Fritid","robots":{"index":"index","follow":"follow","max-snippet":"max-snippet:-1","max-image-preview":"max-image-preview:large","max-video-preview":"max-video-preview:-1"},"canonical":"https:\/\/truusk.store\/sv\/produkt\/truusk-elektrisk-avslappningsstol-stighjalp-liggfunktion-massagestol-fotdel-sidoficka-fjarrkontroll-upp-till-150-kg\/","og_locale":"sv_SE","og_type":"article","og_title":"TRUUSK Elektrisk Avslappningsstol - Stighj\u00e4lp - Liggfunktion - Massagestol - Fotdel - Sidoficka - Fj\u00e4rrkontroll - Upp Till 150 Kg - TRUUSK - Hem, Tr\u00e4dg\u00e5rd &amp; Fritid","og_description":"Den elektriska lyftstolen fr\u00e5n TRUUSK \u00e4r den idealiska m\u00f6beln f\u00f6r fysiskt begr\u00e4nsade eller \u00e4ldre m\u00e4nniskor som beh\u00f6ver en solid lyfthj\u00e4lp....","og_url":"https:\/\/truusk.store\/sv\/produkt\/truusk-elektrisk-avslappningsstol-stighjalp-liggfunktion-massagestol-fotdel-sidoficka-fjarrkontroll-upp-till-150-kg\/","og_site_name":"TRUUSK - Hem, Tr\u00e4dg\u00e5rd &amp; Fritid","article_modified_time":"2026-03-12T08:42:07+00:00","og_image":[{"width":2000,"height":2000,"url":"https:\/\/i0.wp.com\/truusk.se\/wp-content\/uploads\/2025\/06\/elektrisk-avslappningsstol-med-stighjalp-liggfunktion-massagestol-med-fotdel-sidoficka-fjarrkontroll-for-vardagsrum-upp-till-150-kg-konstlader-svart-1.webp?fit=2000%2C2000&ssl=1","type":"image\/webp"}],"twitter_card":"summary_large_image","twitter_misc":{"Ber\u00e4knad l\u00e4stid":"1 minut"},"schema":{"@context":"https:\/\/schema.org","@graph":[{"@type":"WebPage","@id":"https:\/\/truusk.store\/sv\/produkt\/truusk-elektrisk-avslappningsstol-stighjalp-liggfunktion-massagestol-fotdel-sidoficka-fjarrkontroll-upp-till-150-kg\/","url":"https:\/\/truusk.store\/sv\/produkt\/truusk-elektrisk-avslappningsstol-stighjalp-liggfunktion-massagestol-fotdel-sidoficka-fjarrkontroll-upp-till-150-kg\/","name":"TRUUSK Elektrisk Avslappningsstol - Stighj\u00e4lp - Liggfunktion - Massagestol - Fotdel - Sidoficka - Fj\u00e4rrkontroll - Upp Till 150 Kg - TRUUSK - Hem, Tr\u00e4dg\u00e5rd &amp; Fritid","isPartOf":{"@id":"https:\/\/truusk.store\/sv\/#website"},"primaryImageOfPage":{"@id":"https:\/\/truusk.store\/sv\/produkt\/truusk-elektrisk-avslappningsstol-stighjalp-liggfunktion-massagestol-fotdel-sidoficka-fjarrkontroll-upp-till-150-kg\/#primaryimage"},"image":{"@id":"https:\/\/truusk.store\/sv\/produkt\/truusk-elektrisk-avslappningsstol-stighjalp-liggfunktion-massagestol-fotdel-sidoficka-fjarrkontroll-upp-till-150-kg\/#primaryimage"},"thumbnailUrl":"https:\/\/i0.wp.com\/truusk.store\/wp-content\/uploads\/2025\/06\/elektrisk-avslappningsstol-med-stighjalp-liggfunktion-massagestol-med-fotdel-sidoficka-fjarrkontroll-for-vardagsrum-upp-till-150-kg-konstlader-svart-1.webp?fit=2000%2C2000&ssl=1","datePublished":"2025-06-06T05:45:36+00:00","dateModified":"2026-03-12T08:42:07+00:00","breadcrumb":{"@id":"https:\/\/truusk.store\/sv\/produkt\/truusk-elektrisk-avslappningsstol-stighjalp-liggfunktion-massagestol-fotdel-sidoficka-fjarrkontroll-upp-till-150-kg\/#breadcrumb"},"inLanguage":"sv-SE","potentialAction":[{"@type":"ReadAction","target":["https:\/\/truusk.store\/sv\/produkt\/truusk-elektrisk-avslappningsstol-stighjalp-liggfunktion-massagestol-fotdel-sidoficka-fjarrkontroll-upp-till-150-kg\/"]}]},{"@type":"ImageObject","inLanguage":"sv-SE","@id":"https:\/\/truusk.store\/sv\/produkt\/truusk-elektrisk-avslappningsstol-stighjalp-liggfunktion-massagestol-fotdel-sidoficka-fjarrkontroll-upp-till-150-kg\/#primaryimage","url":"https:\/\/i0.wp.com\/truusk.store\/wp-content\/uploads\/2025\/06\/elektrisk-avslappningsstol-med-stighjalp-liggfunktion-massagestol-med-fotdel-sidoficka-fjarrkontroll-for-vardagsrum-upp-till-150-kg-konstlader-svart-1.webp?fit=2000%2C2000&ssl=1","contentUrl":"https:\/\/i0.wp.com\/truusk.store\/wp-content\/uploads\/2025\/06\/elektrisk-avslappningsstol-med-stighjalp-liggfunktion-massagestol-med-fotdel-sidoficka-fjarrkontroll-for-vardagsrum-upp-till-150-kg-konstlader-svart-1.webp?fit=2000%2C2000&ssl=1","width":2000,"height":2000},{"@type":"BreadcrumbList","@id":"https:\/\/truusk.store\/sv\/produkt\/truusk-elektrisk-avslappningsstol-stighjalp-liggfunktion-massagestol-fotdel-sidoficka-fjarrkontroll-upp-till-150-kg\/#breadcrumb","itemListElement":[{"@type":"ListItem","position":1,"name":"Home","item":"https:\/\/truusk.store\/sv\/"},{"@type":"ListItem","position":2,"name":"Shop","item":"https:\/\/truusk.store\/shop\/"},{"@type":"ListItem","position":3,"name":"TRUUSK Elektrisk Avslappningsstol &#8211; Stighj\u00e4lp &#8211; Liggfunktion &#8211; Massagestol &#8211; Fotdel &#8211; Sidoficka &#8211; Fj\u00e4rrkontroll &#8211; Upp Till 150 Kg"}]},{"@type":"WebSite","@id":"https:\/\/truusk.store\/sv\/#website","url":"https:\/\/truusk.store\/sv\/","name":"TRUUSK - Hem, Tr\u00e4dg\u00e5rd & Fritid","description":"","publisher":{"@id":"https:\/\/truusk.store\/sv\/#organization"},"potentialAction":[{"@type":"SearchAction","target":{"@type":"EntryPoint","urlTemplate":"https:\/\/truusk.store\/sv\/?s={search_term_string}"},"query-input":{"@type":"PropertyValueSpecification","valueRequired":true,"valueName":"search_term_string"}}],"inLanguage":"sv-SE"},{"@type":"Organization","@id":"https:\/\/truusk.store\/sv\/#organization","name":"TRUUSK - Hem, Tr\u00e4dg\u00e5rd & Fritid","url":"https:\/\/truusk.store\/sv\/","logo":{"@type":"ImageObject","inLanguage":"sv-SE","@id":"https:\/\/truusk.store\/sv\/#\/schema\/logo\/image\/","url":"https:\/\/i0.wp.com\/truusk.store\/wp-content\/uploads\/2026\/03\/cropped-TRUUSK.png?fit=2032%2C917&ssl=1","contentUrl":"https:\/\/i0.wp.com\/truusk.store\/wp-content\/uploads\/2026\/03\/cropped-TRUUSK.png?fit=2032%2C917&ssl=1","width":2032,"height":917,"caption":"TRUUSK - Hem, Tr\u00e4dg\u00e5rd & Fritid"},"image":{"@id":"https:\/\/truusk.store\/sv\/#\/schema\/logo\/image\/"}}]}},"jetpack_sharing_enabled":true,"_links":{"self":[{"href":"https:\/\/truusk.store\/sv\/wp-json\/wp\/v2\/product\/77203","targetHints":{"allow":["GET"]}}],"collection":[{"href":"https:\/\/truusk.store\/sv\/wp-json\/wp\/v2\/product"}],"about":[{"href":"https:\/\/truusk.store\/sv\/wp-json\/wp\/v2\/types\/product"}],"wp:featuredmedia":[{"embeddable":true,"href":"https:\/\/truusk.store\/sv\/wp-json\/wp\/v2\/media\/77194"}],"wp:attachment":[{"href":"https:\/\/truusk.store\/sv\/wp-json\/wp\/v2\/media?parent=77203"}],"wp:term":[{"taxonomy":"product_brand","embeddable":true,"href":"https:\/\/truusk.store\/sv\/wp-json\/wp\/v2\/product_brand?post=77203"},{"taxonomy":"product_cat","embeddable":true,"href":"https:\/\/truusk.store\/sv\/wp-json\/wp\/v2\/product_cat?post=77203"},{"taxonomy":"product_tag","embeddable":true,"href":"https:\/\/truusk.store\/sv\/wp-json\/wp\/v2\/product_tag?post=77203"}],"curies":[{"name":"wp","href":"https:\/\/api.w.org\/{rel}","templated":true}]}}