{"id":77223,"date":"2025-06-06T06:47:46","date_gmt":"2025-06-06T05:47:46","guid":{"rendered":"https:\/\/truusk.store\/product\/barn-elektrisk-gokart-24-v-6-12km-h-drift-kart-med-driftlage-langsam-start-3-faldigt-justerbart-sate-go-kart-med-display-musik-sakerhetsbalte-barnfordon-for-6-12-ar-barn-rod\/"},"modified":"2026-03-12T09:41:29","modified_gmt":"2026-03-12T08:41:29","slug":"truusk-elektrisk-gokart-for-barn-24v-6-12km-h-driftlage-justerbart-sate-display-musik-sakerhetsbalte-rod-6-12-ar","status":"publish","type":"product","link":"https:\/\/truusk.store\/sv\/produkt\/truusk-elektrisk-gokart-for-barn-24v-6-12km-h-driftlage-justerbart-sate-display-musik-sakerhetsbalte-rod-6-12-ar\/","title":{"rendered":"TRUUSK Elektrisk Gokart f\u00f6r Barn &#8211; 24V &#8211; 6-12km\/h &#8211; Driftl\u00e4ge &#8211; Justerbart S\u00e4te &#8211; Display Musik &#8211; S\u00e4kerhetsb\u00e4lte &#8211; R\u00f6d &#8211; 6-12 \u00c5r"},"content":{"rendered":"<p>V\u00e4ck dina barns \u00e4ventyrslust med TRUUSK Elektriska Go-Kart med motor! Denna elektriska go-kart har en kraftfull 24V motor, n\u00e5r upp till 12 km\/h och erbjuder ett mjukt startsystem. Den justerbara s\u00e4tet v\u00e4xer med dina barn. Denna s\u00e4kra och robusta go-kart med sin tilltalande design \u00e4r den perfekta presenten f\u00f6r unga \u00e4ventyrare!<\/p>\n<p>Beskrivning:<\/p>\n<ul>\n<li> Elektrisk go-kart med en topphastighet p\u00e5 12 km\/h<\/li>\n<li> Med horn och musikfunktion<\/li>\n<li> Justerbart s\u00e4te p\u00e5 3 niv\u00e5er inom ett omr\u00e5de av 53-67 cm, f\u00f6r att f\u00f6lja barnens tillv\u00e4xt<\/li>\n<li> Mjukt startsystem, vilket g\u00f6r karten s\u00e4krare och mer bekv\u00e4m f\u00f6r barn<\/li>\n<li> Robust metallram och plastkaross<\/li>\n<li> Slitstarka hjul p\u00e5 go-karten f\u00f6r olika underlag<\/li>\n<li> Montering kr\u00e4vs<\/li>\n<\/ul>\n<p> Tekniska data:<\/p>\n<ul>\n<li> F\u00e4rg: R\u00f6d+Svart<\/li>\n<li> Material: Plast, Metall<\/li>\n<li> Totala dimensioner: 120L x 76B x 53,5H cm<\/li>\n<li> Sitsstorlek: 40L x 24B x 15H cm. 53-67 cm (justeringsomr\u00e5de)<\/li>\n<li> Batteri: 24V, 5AH<\/li>\n<li> F\u00f6rsta laddning: 6-8 timmar<\/li>\n<li> F\u00f6ljande laddningar: 8-12 timmar<\/li>\n<li> Drifttid: 50 minuter<\/li>\n<li> Hastighet: 6-12 km\/h<\/li>\n<li> EVA-hjul: \u00d821 cm<\/li>\n<li> Nylonhjul: \u00d827 cm<\/li>\n<li> B\u00e4rkapacitet: 50 kg<\/li>\n<li> Rekommenderad \u00e5lder: 6-12 \u00e5r<\/li>\n<li> Notera: Den l\u00e5ngsamma starten \u00e4r endast m\u00f6jlig i sportl\u00e4ge. Barn b\u00f6r alltid \u00f6vervakas n\u00e4r de k\u00f6r go-karten<\/li>\n<\/ul>\n<p>Leveransinneh\u00e5ll:<\/p>\n<ul>\n<li> 1 x Elektrisk Go-Kart f\u00f6r barn<\/li>\n<li> 1 x Handbok<\/li>\n<\/ul>\n","protected":false},"excerpt":{"rendered":"<p>V\u00e4ck dina barns \u00e4ventyrslust med TRUUSK Elektriska Go-Kart med motor! Denna elektriska go-kart har en kraftfull 24V motor, n\u00e5r upp&#8230;<\/p>\n","protected":false},"featured_media":77214,"template":"","meta":[],"product_brand":[],"product_cat":[880,610,950],"product_tag":[],"class_list":{"0":"post-77223","1":"product","2":"type-product","3":"status-publish","4":"has-post-thumbnail","6":"product_cat-baby-barn-2","7":"product_cat-barnfordon","8":"product_cat-go-karts-pedaldrivna-fordon","10":"first","11":"instock","12":"sale","13":"taxable","14":"shipping-taxable","15":"purchasable","16":"product-type-simple"},"yoast_head":"<!-- This site is optimized with the Yoast SEO plugin v25.4 - https:\/\/yoast.com\/wordpress\/plugins\/seo\/ -->\n<title>TRUUSK Elektrisk Gokart f\u00f6r Barn - 24V - 6-12km\/h - Driftl\u00e4ge - Justerbart S\u00e4te - Display Musik - S\u00e4kerhetsb\u00e4lte - R\u00f6d - 6-12 \u00c5r - TRUUSK - Hem, Tr\u00e4dg\u00e5rd &amp; Fritid<\/title>\n<meta name=\"robots\" content=\"index, follow, max-snippet:-1, max-image-preview:large, max-video-preview:-1\" \/>\n<link rel=\"canonical\" href=\"https:\/\/truusk.store\/sv\/produkt\/truusk-elektrisk-gokart-for-barn-24v-6-12km-h-driftlage-justerbart-sate-display-musik-sakerhetsbalte-rod-6-12-ar\/\" \/>\n<meta property=\"og:locale\" content=\"sv_SE\" \/>\n<meta property=\"og:type\" content=\"article\" \/>\n<meta property=\"og:title\" content=\"TRUUSK Elektrisk Gokart f\u00f6r Barn - 24V - 6-12km\/h - Driftl\u00e4ge - Justerbart S\u00e4te - Display Musik - S\u00e4kerhetsb\u00e4lte - R\u00f6d - 6-12 \u00c5r - TRUUSK - Hem, Tr\u00e4dg\u00e5rd &amp; Fritid\" \/>\n<meta property=\"og:description\" content=\"V\u00e4ck dina barns \u00e4ventyrslust med TRUUSK Elektriska Go-Kart med motor! Denna elektriska go-kart har en kraftfull 24V motor, n\u00e5r upp...\" \/>\n<meta property=\"og:url\" content=\"https:\/\/truusk.store\/sv\/produkt\/truusk-elektrisk-gokart-for-barn-24v-6-12km-h-driftlage-justerbart-sate-display-musik-sakerhetsbalte-rod-6-12-ar\/\" \/>\n<meta property=\"og:site_name\" content=\"TRUUSK - Hem, Tr\u00e4dg\u00e5rd &amp; Fritid\" \/>\n<meta property=\"article:modified_time\" content=\"2026-03-12T08:41:29+00:00\" \/>\n<meta property=\"og:image\" content=\"https:\/\/i0.wp.com\/truusk.se\/wp-content\/uploads\/2025\/06\/barn-elektrisk-gokart-24-v-6-12km-h-drift-kart-med-driftlage-langsam-start-3-faldigt-justerbart-sate-go-kart-med-display-musik-sakerhetsbalte-barnfordon-for-6-12-ar-barn-rod-1.webp?fit=2000%2C2000&ssl=1\" \/>\n\t<meta property=\"og:image:width\" content=\"2000\" \/>\n\t<meta property=\"og:image:height\" content=\"2000\" \/>\n\t<meta property=\"og:image:type\" content=\"image\/webp\" \/>\n<meta name=\"twitter:card\" content=\"summary_large_image\" \/>\n<meta name=\"twitter:label1\" content=\"Ber\u00e4knad l\u00e4stid\" \/>\n\t<meta name=\"twitter:data1\" content=\"1 minut\" \/>\n<!-- \/ Yoast SEO plugin. -->","yoast_head_json":{"title":"TRUUSK Elektrisk Gokart f\u00f6r Barn - 24V - 6-12km\/h - Driftl\u00e4ge - Justerbart S\u00e4te - Display Musik - S\u00e4kerhetsb\u00e4lte - R\u00f6d - 6-12 \u00c5r - TRUUSK - Hem, Tr\u00e4dg\u00e5rd &amp; Fritid","robots":{"index":"index","follow":"follow","max-snippet":"max-snippet:-1","max-image-preview":"max-image-preview:large","max-video-preview":"max-video-preview:-1"},"canonical":"https:\/\/truusk.store\/sv\/produkt\/truusk-elektrisk-gokart-for-barn-24v-6-12km-h-driftlage-justerbart-sate-display-musik-sakerhetsbalte-rod-6-12-ar\/","og_locale":"sv_SE","og_type":"article","og_title":"TRUUSK Elektrisk Gokart f\u00f6r Barn - 24V - 6-12km\/h - Driftl\u00e4ge - Justerbart S\u00e4te - Display Musik - S\u00e4kerhetsb\u00e4lte - R\u00f6d - 6-12 \u00c5r - TRUUSK - Hem, Tr\u00e4dg\u00e5rd &amp; Fritid","og_description":"V\u00e4ck dina barns \u00e4ventyrslust med TRUUSK Elektriska Go-Kart med motor! Denna elektriska go-kart har en kraftfull 24V motor, n\u00e5r upp...","og_url":"https:\/\/truusk.store\/sv\/produkt\/truusk-elektrisk-gokart-for-barn-24v-6-12km-h-driftlage-justerbart-sate-display-musik-sakerhetsbalte-rod-6-12-ar\/","og_site_name":"TRUUSK - Hem, Tr\u00e4dg\u00e5rd &amp; Fritid","article_modified_time":"2026-03-12T08:41:29+00:00","og_image":[{"width":2000,"height":2000,"url":"https:\/\/i0.wp.com\/truusk.se\/wp-content\/uploads\/2025\/06\/barn-elektrisk-gokart-24-v-6-12km-h-drift-kart-med-driftlage-langsam-start-3-faldigt-justerbart-sate-go-kart-med-display-musik-sakerhetsbalte-barnfordon-for-6-12-ar-barn-rod-1.webp?fit=2000%2C2000&ssl=1","type":"image\/webp"}],"twitter_card":"summary_large_image","twitter_misc":{"Ber\u00e4knad l\u00e4stid":"1 minut"},"schema":{"@context":"https:\/\/schema.org","@graph":[{"@type":"WebPage","@id":"https:\/\/truusk.store\/sv\/produkt\/truusk-elektrisk-gokart-for-barn-24v-6-12km-h-driftlage-justerbart-sate-display-musik-sakerhetsbalte-rod-6-12-ar\/","url":"https:\/\/truusk.store\/sv\/produkt\/truusk-elektrisk-gokart-for-barn-24v-6-12km-h-driftlage-justerbart-sate-display-musik-sakerhetsbalte-rod-6-12-ar\/","name":"TRUUSK Elektrisk Gokart f\u00f6r Barn - 24V - 6-12km\/h - Driftl\u00e4ge - Justerbart S\u00e4te - Display Musik - S\u00e4kerhetsb\u00e4lte - R\u00f6d - 6-12 \u00c5r - TRUUSK - Hem, Tr\u00e4dg\u00e5rd &amp; Fritid","isPartOf":{"@id":"https:\/\/truusk.store\/sv\/#website"},"primaryImageOfPage":{"@id":"https:\/\/truusk.store\/sv\/produkt\/truusk-elektrisk-gokart-for-barn-24v-6-12km-h-driftlage-justerbart-sate-display-musik-sakerhetsbalte-rod-6-12-ar\/#primaryimage"},"image":{"@id":"https:\/\/truusk.store\/sv\/produkt\/truusk-elektrisk-gokart-for-barn-24v-6-12km-h-driftlage-justerbart-sate-display-musik-sakerhetsbalte-rod-6-12-ar\/#primaryimage"},"thumbnailUrl":"https:\/\/i0.wp.com\/truusk.store\/wp-content\/uploads\/2025\/06\/barn-elektrisk-gokart-24-v-6-12km-h-drift-kart-med-driftlage-langsam-start-3-faldigt-justerbart-sate-go-kart-med-display-musik-sakerhetsbalte-barnfordon-for-6-12-ar-barn-rod-1.webp?fit=2000%2C2000&ssl=1","datePublished":"2025-06-06T05:47:46+00:00","dateModified":"2026-03-12T08:41:29+00:00","breadcrumb":{"@id":"https:\/\/truusk.store\/sv\/produkt\/truusk-elektrisk-gokart-for-barn-24v-6-12km-h-driftlage-justerbart-sate-display-musik-sakerhetsbalte-rod-6-12-ar\/#breadcrumb"},"inLanguage":"sv-SE","potentialAction":[{"@type":"ReadAction","target":["https:\/\/truusk.store\/sv\/produkt\/truusk-elektrisk-gokart-for-barn-24v-6-12km-h-driftlage-justerbart-sate-display-musik-sakerhetsbalte-rod-6-12-ar\/"]}]},{"@type":"ImageObject","inLanguage":"sv-SE","@id":"https:\/\/truusk.store\/sv\/produkt\/truusk-elektrisk-gokart-for-barn-24v-6-12km-h-driftlage-justerbart-sate-display-musik-sakerhetsbalte-rod-6-12-ar\/#primaryimage","url":"https:\/\/i0.wp.com\/truusk.store\/wp-content\/uploads\/2025\/06\/barn-elektrisk-gokart-24-v-6-12km-h-drift-kart-med-driftlage-langsam-start-3-faldigt-justerbart-sate-go-kart-med-display-musik-sakerhetsbalte-barnfordon-for-6-12-ar-barn-rod-1.webp?fit=2000%2C2000&ssl=1","contentUrl":"https:\/\/i0.wp.com\/truusk.store\/wp-content\/uploads\/2025\/06\/barn-elektrisk-gokart-24-v-6-12km-h-drift-kart-med-driftlage-langsam-start-3-faldigt-justerbart-sate-go-kart-med-display-musik-sakerhetsbalte-barnfordon-for-6-12-ar-barn-rod-1.webp?fit=2000%2C2000&ssl=1","width":2000,"height":2000},{"@type":"BreadcrumbList","@id":"https:\/\/truusk.store\/sv\/produkt\/truusk-elektrisk-gokart-for-barn-24v-6-12km-h-driftlage-justerbart-sate-display-musik-sakerhetsbalte-rod-6-12-ar\/#breadcrumb","itemListElement":[{"@type":"ListItem","position":1,"name":"Home","item":"https:\/\/truusk.store\/sv\/"},{"@type":"ListItem","position":2,"name":"Shop","item":"https:\/\/truusk.store\/shop\/"},{"@type":"ListItem","position":3,"name":"TRUUSK Elektrisk Gokart f\u00f6r Barn &#8211; 24V &#8211; 6-12km\/h &#8211; Driftl\u00e4ge &#8211; Justerbart S\u00e4te &#8211; Display Musik &#8211; S\u00e4kerhetsb\u00e4lte &#8211; R\u00f6d &#8211; 6-12 \u00c5r"}]},{"@type":"WebSite","@id":"https:\/\/truusk.store\/sv\/#website","url":"https:\/\/truusk.store\/sv\/","name":"TRUUSK - Hem, Tr\u00e4dg\u00e5rd & Fritid","description":"","publisher":{"@id":"https:\/\/truusk.store\/sv\/#organization"},"potentialAction":[{"@type":"SearchAction","target":{"@type":"EntryPoint","urlTemplate":"https:\/\/truusk.store\/sv\/?s={search_term_string}"},"query-input":{"@type":"PropertyValueSpecification","valueRequired":true,"valueName":"search_term_string"}}],"inLanguage":"sv-SE"},{"@type":"Organization","@id":"https:\/\/truusk.store\/sv\/#organization","name":"TRUUSK - Hem, Tr\u00e4dg\u00e5rd & Fritid","url":"https:\/\/truusk.store\/sv\/","logo":{"@type":"ImageObject","inLanguage":"sv-SE","@id":"https:\/\/truusk.store\/sv\/#\/schema\/logo\/image\/","url":"https:\/\/i0.wp.com\/truusk.store\/wp-content\/uploads\/2026\/03\/cropped-TRUUSK.png?fit=2032%2C917&ssl=1","contentUrl":"https:\/\/i0.wp.com\/truusk.store\/wp-content\/uploads\/2026\/03\/cropped-TRUUSK.png?fit=2032%2C917&ssl=1","width":2032,"height":917,"caption":"TRUUSK - Hem, Tr\u00e4dg\u00e5rd & Fritid"},"image":{"@id":"https:\/\/truusk.store\/sv\/#\/schema\/logo\/image\/"}}]}},"jetpack_sharing_enabled":true,"_links":{"self":[{"href":"https:\/\/truusk.store\/sv\/wp-json\/wp\/v2\/product\/77223","targetHints":{"allow":["GET"]}}],"collection":[{"href":"https:\/\/truusk.store\/sv\/wp-json\/wp\/v2\/product"}],"about":[{"href":"https:\/\/truusk.store\/sv\/wp-json\/wp\/v2\/types\/product"}],"wp:featuredmedia":[{"embeddable":true,"href":"https:\/\/truusk.store\/sv\/wp-json\/wp\/v2\/media\/77214"}],"wp:attachment":[{"href":"https:\/\/truusk.store\/sv\/wp-json\/wp\/v2\/media?parent=77223"}],"wp:term":[{"taxonomy":"product_brand","embeddable":true,"href":"https:\/\/truusk.store\/sv\/wp-json\/wp\/v2\/product_brand?post=77223"},{"taxonomy":"product_cat","embeddable":true,"href":"https:\/\/truusk.store\/sv\/wp-json\/wp\/v2\/product_cat?post=77223"},{"taxonomy":"product_tag","embeddable":true,"href":"https:\/\/truusk.store\/sv\/wp-json\/wp\/v2\/product_tag?post=77223"}],"curies":[{"name":"wp","href":"https:\/\/api.w.org\/{rel}","templated":true}]}}