{"id":77253,"date":"2025-06-06T06:50:43","date_gmt":"2025-06-06T05:50:43","guid":{"rendered":"https:\/\/truusk.store\/product\/golvlampa-golvlampa-med-2-fack-e27-sockel-gittermonsterkolonn-golvlampa-med-fotbrytare-och-dragkedja-for-vardagsrum-vit-exkl-glodlampa\/"},"modified":"2026-03-12T08:44:10","modified_gmt":"2026-03-12T07:44:10","slug":"truusk-golvlampa-med-2-fack-e27-sockel-gittermonsterkolonn-fotbrytare-och-dragkedja-vit-for-vardagsrum-exkl-glodlampa","status":"publish","type":"product","link":"https:\/\/truusk.store\/sv\/produkt\/truusk-golvlampa-med-2-fack-e27-sockel-gittermonsterkolonn-fotbrytare-och-dragkedja-vit-for-vardagsrum-exkl-glodlampa\/","title":{"rendered":"TRUUSK Golvlampa Med 2 Fack &#8211; E27 Sockel &#8211; Gitterm\u00f6nsterkolonn &#8211; Fotbrytare Och Dragkedja &#8211; Vit &#8211; F\u00f6r Vardagsrum &#8211; Exkl. Gl\u00f6dlampa"},"content":{"rendered":"<p>Upplys ditt rum med stil! Den eleganta TRUUSK golvlampan med sin charmiga gitterm\u00f6nstrade lampsk\u00e4rm skapar f\u00f6rtrollande ljuseffekter. Dra nytta av praktiska dubbla hyllor f\u00f6r mer f\u00f6rvaringsutrymme eller dekoration. Enkel anv\u00e4ndning genom en inline fotbrytare och en separat dragkedja f\u00f6r det \u00f6vre ljuset. Perfekt f\u00f6r rum som \u00f6nskar en varm utstr\u00e5lning.<\/p>\n<p>Beskrivning:<\/p>\n<ul>\n<li> Lampsk\u00e4rmen med gitterm\u00f6nster skapar f\u00f6rtrollande ljuseffekter<\/li>\n<li> Tv\u00e5 niv\u00e5er av hyllor f\u00f6rb\u00e4ttrar lagringsalternativen<\/li>\n<li> Inline fotbrytare f\u00f6r enkel anv\u00e4ndning<\/li>\n<li> Separat dragkedja f\u00f6r att styra det \u00f6vre ljuset<\/li>\n<li> St\u00f6der olika typer av gl\u00f6dlampor, inklusive LED<\/li>\n<li> Montering kr\u00e4vs<\/li>\n<\/ul>\n<p> Tekniska data:<\/p>\n<ul>\n<li> F\u00e4rg: Vit<\/li>\n<li> Material: MDF, plast<\/li>\n<li> Totala dimensioner: 26L x 26B x 155,5H cm<\/li>\n<li> Storlek p\u00e5 lampsk\u00e4rm: 35,5L x 22,2B x 0,3T cm (sidopanel)<\/li>\n<li> Hyllstorlek: 26L x 26B x 39,4H cm<\/li>\n<li> L\u00e4ngd p\u00e5 str\u00f6mkabel: 2 m<\/li>\n<li> Lastkapacitet: 2,3 kg<\/li>\n<li> Sockel: E27 (ljusk\u00e4lla ing\u00e5r ej)<\/li>\n<li> Ljusk\u00e4llans effekt: 40W<\/li>\n<li> Ing\u00e5ng\/utg\u00e5ng: 220-240V, 50Hz<\/li>\n<li> Artikelnummer: B31-541V90WT<\/li>\n<\/ul>\n<p>Leveransinneh\u00e5ll:<\/p>\n<ul>\n<li> 1 x Golvlampa<\/li>\n<li> 1 x Bruksanvisning<\/li>\n<\/ul>\n","protected":false},"excerpt":{"rendered":"<p>Upplys ditt rum med stil! Den eleganta TRUUSK golvlampan med sin charmiga gitterm\u00f6nstrade lampsk\u00e4rm skapar f\u00f6rtrollande ljuseffekter. Dra nytta av&#8230;<\/p>\n","protected":false},"featured_media":77244,"template":"","meta":[],"product_brand":[],"product_cat":[486,907,871],"product_tag":[],"class_list":{"0":"post-77253","1":"product","2":"type-product","3":"status-publish","4":"has-post-thumbnail","6":"product_cat-belysning","7":"product_cat-golvlampor","8":"product_cat-hus-hem","10":"first","11":"instock","12":"sale","13":"taxable","14":"shipping-taxable","15":"purchasable","16":"product-type-simple"},"yoast_head":"<!-- This site is optimized with the Yoast SEO plugin v25.4 - https:\/\/yoast.com\/wordpress\/plugins\/seo\/ -->\n<title>TRUUSK Golvlampa Med 2 Fack - E27 Sockel - Gitterm\u00f6nsterkolonn - Fotbrytare Och Dragkedja - Vit - F\u00f6r Vardagsrum - Exkl. Gl\u00f6dlampa - TRUUSK - Hem, Tr\u00e4dg\u00e5rd &amp; Fritid<\/title>\n<meta name=\"robots\" content=\"index, follow, max-snippet:-1, max-image-preview:large, max-video-preview:-1\" \/>\n<link rel=\"canonical\" href=\"https:\/\/truusk.store\/sv\/produkt\/truusk-golvlampa-med-2-fack-e27-sockel-gittermonsterkolonn-fotbrytare-och-dragkedja-vit-for-vardagsrum-exkl-glodlampa\/\" \/>\n<meta property=\"og:locale\" content=\"sv_SE\" \/>\n<meta property=\"og:type\" content=\"article\" \/>\n<meta property=\"og:title\" content=\"TRUUSK Golvlampa Med 2 Fack - E27 Sockel - Gitterm\u00f6nsterkolonn - Fotbrytare Och Dragkedja - Vit - F\u00f6r Vardagsrum - Exkl. Gl\u00f6dlampa - TRUUSK - Hem, Tr\u00e4dg\u00e5rd &amp; Fritid\" \/>\n<meta property=\"og:description\" content=\"Upplys ditt rum med stil! Den eleganta TRUUSK golvlampan med sin charmiga gitterm\u00f6nstrade lampsk\u00e4rm skapar f\u00f6rtrollande ljuseffekter. Dra nytta av...\" \/>\n<meta property=\"og:url\" content=\"https:\/\/truusk.store\/sv\/produkt\/truusk-golvlampa-med-2-fack-e27-sockel-gittermonsterkolonn-fotbrytare-och-dragkedja-vit-for-vardagsrum-exkl-glodlampa\/\" \/>\n<meta property=\"og:site_name\" content=\"TRUUSK - Hem, Tr\u00e4dg\u00e5rd &amp; Fritid\" \/>\n<meta property=\"article:modified_time\" content=\"2026-03-12T07:44:10+00:00\" \/>\n<meta property=\"og:image\" content=\"https:\/\/i0.wp.com\/truusk.se\/wp-content\/uploads\/2025\/06\/golvlampa-golvlampa-med-2-fack-e27-sockel-gittermonsterkolonn-golvlampa-med-fotbrytare-och-dragkedja-for-vardagsrum-vit-exkl-glodlampa-1.webp?fit=2000%2C2000&ssl=1\" \/>\n\t<meta property=\"og:image:width\" content=\"2000\" \/>\n\t<meta property=\"og:image:height\" content=\"2000\" \/>\n\t<meta property=\"og:image:type\" content=\"image\/webp\" \/>\n<meta name=\"twitter:card\" content=\"summary_large_image\" \/>\n<meta name=\"twitter:label1\" content=\"Ber\u00e4knad l\u00e4stid\" \/>\n\t<meta name=\"twitter:data1\" content=\"1 minut\" \/>\n<!-- \/ Yoast SEO plugin. -->","yoast_head_json":{"title":"TRUUSK Golvlampa Med 2 Fack - E27 Sockel - Gitterm\u00f6nsterkolonn - Fotbrytare Och Dragkedja - Vit - F\u00f6r Vardagsrum - Exkl. Gl\u00f6dlampa - TRUUSK - Hem, Tr\u00e4dg\u00e5rd &amp; Fritid","robots":{"index":"index","follow":"follow","max-snippet":"max-snippet:-1","max-image-preview":"max-image-preview:large","max-video-preview":"max-video-preview:-1"},"canonical":"https:\/\/truusk.store\/sv\/produkt\/truusk-golvlampa-med-2-fack-e27-sockel-gittermonsterkolonn-fotbrytare-och-dragkedja-vit-for-vardagsrum-exkl-glodlampa\/","og_locale":"sv_SE","og_type":"article","og_title":"TRUUSK Golvlampa Med 2 Fack - E27 Sockel - Gitterm\u00f6nsterkolonn - Fotbrytare Och Dragkedja - Vit - F\u00f6r Vardagsrum - Exkl. Gl\u00f6dlampa - TRUUSK - Hem, Tr\u00e4dg\u00e5rd &amp; Fritid","og_description":"Upplys ditt rum med stil! Den eleganta TRUUSK golvlampan med sin charmiga gitterm\u00f6nstrade lampsk\u00e4rm skapar f\u00f6rtrollande ljuseffekter. Dra nytta av...","og_url":"https:\/\/truusk.store\/sv\/produkt\/truusk-golvlampa-med-2-fack-e27-sockel-gittermonsterkolonn-fotbrytare-och-dragkedja-vit-for-vardagsrum-exkl-glodlampa\/","og_site_name":"TRUUSK - Hem, Tr\u00e4dg\u00e5rd &amp; Fritid","article_modified_time":"2026-03-12T07:44:10+00:00","og_image":[{"width":2000,"height":2000,"url":"https:\/\/i0.wp.com\/truusk.se\/wp-content\/uploads\/2025\/06\/golvlampa-golvlampa-med-2-fack-e27-sockel-gittermonsterkolonn-golvlampa-med-fotbrytare-och-dragkedja-for-vardagsrum-vit-exkl-glodlampa-1.webp?fit=2000%2C2000&ssl=1","type":"image\/webp"}],"twitter_card":"summary_large_image","twitter_misc":{"Ber\u00e4knad l\u00e4stid":"1 minut"},"schema":{"@context":"https:\/\/schema.org","@graph":[{"@type":"WebPage","@id":"https:\/\/truusk.store\/sv\/produkt\/truusk-golvlampa-med-2-fack-e27-sockel-gittermonsterkolonn-fotbrytare-och-dragkedja-vit-for-vardagsrum-exkl-glodlampa\/","url":"https:\/\/truusk.store\/sv\/produkt\/truusk-golvlampa-med-2-fack-e27-sockel-gittermonsterkolonn-fotbrytare-och-dragkedja-vit-for-vardagsrum-exkl-glodlampa\/","name":"TRUUSK Golvlampa Med 2 Fack - E27 Sockel - Gitterm\u00f6nsterkolonn - Fotbrytare Och Dragkedja - Vit - F\u00f6r Vardagsrum - Exkl. Gl\u00f6dlampa - TRUUSK - Hem, Tr\u00e4dg\u00e5rd &amp; Fritid","isPartOf":{"@id":"https:\/\/truusk.store\/sv\/#website"},"primaryImageOfPage":{"@id":"https:\/\/truusk.store\/sv\/produkt\/truusk-golvlampa-med-2-fack-e27-sockel-gittermonsterkolonn-fotbrytare-och-dragkedja-vit-for-vardagsrum-exkl-glodlampa\/#primaryimage"},"image":{"@id":"https:\/\/truusk.store\/sv\/produkt\/truusk-golvlampa-med-2-fack-e27-sockel-gittermonsterkolonn-fotbrytare-och-dragkedja-vit-for-vardagsrum-exkl-glodlampa\/#primaryimage"},"thumbnailUrl":"https:\/\/i0.wp.com\/truusk.store\/wp-content\/uploads\/2025\/06\/golvlampa-golvlampa-med-2-fack-e27-sockel-gittermonsterkolonn-golvlampa-med-fotbrytare-och-dragkedja-for-vardagsrum-vit-exkl-glodlampa-1.webp?fit=2000%2C2000&ssl=1","datePublished":"2025-06-06T05:50:43+00:00","dateModified":"2026-03-12T07:44:10+00:00","breadcrumb":{"@id":"https:\/\/truusk.store\/sv\/produkt\/truusk-golvlampa-med-2-fack-e27-sockel-gittermonsterkolonn-fotbrytare-och-dragkedja-vit-for-vardagsrum-exkl-glodlampa\/#breadcrumb"},"inLanguage":"sv-SE","potentialAction":[{"@type":"ReadAction","target":["https:\/\/truusk.store\/sv\/produkt\/truusk-golvlampa-med-2-fack-e27-sockel-gittermonsterkolonn-fotbrytare-och-dragkedja-vit-for-vardagsrum-exkl-glodlampa\/"]}]},{"@type":"ImageObject","inLanguage":"sv-SE","@id":"https:\/\/truusk.store\/sv\/produkt\/truusk-golvlampa-med-2-fack-e27-sockel-gittermonsterkolonn-fotbrytare-och-dragkedja-vit-for-vardagsrum-exkl-glodlampa\/#primaryimage","url":"https:\/\/i0.wp.com\/truusk.store\/wp-content\/uploads\/2025\/06\/golvlampa-golvlampa-med-2-fack-e27-sockel-gittermonsterkolonn-golvlampa-med-fotbrytare-och-dragkedja-for-vardagsrum-vit-exkl-glodlampa-1.webp?fit=2000%2C2000&ssl=1","contentUrl":"https:\/\/i0.wp.com\/truusk.store\/wp-content\/uploads\/2025\/06\/golvlampa-golvlampa-med-2-fack-e27-sockel-gittermonsterkolonn-golvlampa-med-fotbrytare-och-dragkedja-for-vardagsrum-vit-exkl-glodlampa-1.webp?fit=2000%2C2000&ssl=1","width":2000,"height":2000},{"@type":"BreadcrumbList","@id":"https:\/\/truusk.store\/sv\/produkt\/truusk-golvlampa-med-2-fack-e27-sockel-gittermonsterkolonn-fotbrytare-och-dragkedja-vit-for-vardagsrum-exkl-glodlampa\/#breadcrumb","itemListElement":[{"@type":"ListItem","position":1,"name":"Home","item":"https:\/\/truusk.store\/sv\/"},{"@type":"ListItem","position":2,"name":"Shop","item":"https:\/\/truusk.store\/shop\/"},{"@type":"ListItem","position":3,"name":"TRUUSK Golvlampa Med 2 Fack &#8211; E27 Sockel &#8211; Gitterm\u00f6nsterkolonn &#8211; Fotbrytare Och Dragkedja &#8211; Vit &#8211; F\u00f6r Vardagsrum &#8211; Exkl. Gl\u00f6dlampa"}]},{"@type":"WebSite","@id":"https:\/\/truusk.store\/sv\/#website","url":"https:\/\/truusk.store\/sv\/","name":"TRUUSK - Hem, Tr\u00e4dg\u00e5rd & Fritid","description":"","publisher":{"@id":"https:\/\/truusk.store\/sv\/#organization"},"potentialAction":[{"@type":"SearchAction","target":{"@type":"EntryPoint","urlTemplate":"https:\/\/truusk.store\/sv\/?s={search_term_string}"},"query-input":{"@type":"PropertyValueSpecification","valueRequired":true,"valueName":"search_term_string"}}],"inLanguage":"sv-SE"},{"@type":"Organization","@id":"https:\/\/truusk.store\/sv\/#organization","name":"TRUUSK - Hem, Tr\u00e4dg\u00e5rd & Fritid","url":"https:\/\/truusk.store\/sv\/","logo":{"@type":"ImageObject","inLanguage":"sv-SE","@id":"https:\/\/truusk.store\/sv\/#\/schema\/logo\/image\/","url":"https:\/\/i0.wp.com\/truusk.store\/wp-content\/uploads\/2026\/03\/cropped-TRUUSK.png?fit=2032%2C917&ssl=1","contentUrl":"https:\/\/i0.wp.com\/truusk.store\/wp-content\/uploads\/2026\/03\/cropped-TRUUSK.png?fit=2032%2C917&ssl=1","width":2032,"height":917,"caption":"TRUUSK - Hem, Tr\u00e4dg\u00e5rd & Fritid"},"image":{"@id":"https:\/\/truusk.store\/sv\/#\/schema\/logo\/image\/"}}]}},"jetpack_sharing_enabled":true,"_links":{"self":[{"href":"https:\/\/truusk.store\/sv\/wp-json\/wp\/v2\/product\/77253","targetHints":{"allow":["GET"]}}],"collection":[{"href":"https:\/\/truusk.store\/sv\/wp-json\/wp\/v2\/product"}],"about":[{"href":"https:\/\/truusk.store\/sv\/wp-json\/wp\/v2\/types\/product"}],"wp:featuredmedia":[{"embeddable":true,"href":"https:\/\/truusk.store\/sv\/wp-json\/wp\/v2\/media\/77244"}],"wp:attachment":[{"href":"https:\/\/truusk.store\/sv\/wp-json\/wp\/v2\/media?parent=77253"}],"wp:term":[{"taxonomy":"product_brand","embeddable":true,"href":"https:\/\/truusk.store\/sv\/wp-json\/wp\/v2\/product_brand?post=77253"},{"taxonomy":"product_cat","embeddable":true,"href":"https:\/\/truusk.store\/sv\/wp-json\/wp\/v2\/product_cat?post=77253"},{"taxonomy":"product_tag","embeddable":true,"href":"https:\/\/truusk.store\/sv\/wp-json\/wp\/v2\/product_tag?post=77253"}],"curies":[{"name":"wp","href":"https:\/\/api.w.org\/{rel}","templated":true}]}}