{"id":77373,"date":"2025-06-06T07:02:46","date_gmt":"2025-06-06T06:02:46","guid":{"rendered":"https:\/\/truusk.store\/product\/gungstol-gungstol-med-ryggstod-fotstod-fatolj-avkopplande-stol-med-linneutseende-svangstol-lasstol-for-vardagsrum-sovrum-balkong-i-kramvitt\/"},"modified":"2026-03-12T08:43:14","modified_gmt":"2026-03-12T07:43:14","slug":"truusk-gungstol-med-ryggstod-fotstod-avkopplande-stol-i-linneutseende-svangstol-lasstol-for-vardagsrum-sovrum-balkong","status":"publish","type":"product","link":"https:\/\/truusk.store\/sv\/produkt\/truusk-gungstol-med-ryggstod-fotstod-avkopplande-stol-i-linneutseende-svangstol-lasstol-for-vardagsrum-sovrum-balkong\/","title":{"rendered":"TRUUSK Gungstol med ryggst\u00f6d &#8211; Fotst\u00f6d &#8211; Avkopplande stol i linneutseende &#8211; Sv\u00e4ngstol &#8211; L\u00e4sstol f\u00f6r vardagsrum, sovrum, balkong &#8211;"},"content":{"rendered":"<p>Njut av f\u00f6rstklassig komfort i TRUUSK gungstolen med mjuk gungfunktion och en upp till 90\u00b0 justerbar fotst\u00f6d f\u00f6r individuell avkoppling. Kl\u00e4dd med en luftgenomsl\u00e4pplig, linne-liknande tyg och mjuk skumstoppning, kombinerar denna gungstol modern stil och komfort. Dessutom har den en b\u00f6jd ram av bj\u00f6rklaminat &#8211; en elegant till\u00e4gg till alla rum!<\/p>\n<p>Beskrivning:<\/p>\n<ul>\n<li> Gungfunktionen slappnar av med mjuk r\u00f6relse<\/li>\n<li> Femstegs justerbart fotst\u00f6d f\u00f6r personliga komfortpreferenser<\/li>\n<li> Andningsbart, linne-liknande tyg garanterar en sval sittk\u00e4nsla<\/li>\n<li> Mjuk skumstoppning av gungstolen erbjuder \u00f6verl\u00e4gsen komfort<\/li>\n<li> H\u00f6g ryggst\u00f6d st\u00f6der hela ryggraden f\u00f6r en b\u00e4ttre h\u00e5llning<\/li>\n<li> Bj\u00f6rklaminat yta av gungstolen med elegant tr\u00e4\u00e5dring<\/li>\n<li> St\u00e5lram med bj\u00f6rklaminat armst\u00f6d<\/li>\n<li> Montering kr\u00e4vs<\/li>\n<\/ul>\n<p> Tekniska data:<\/p>\n<ul>\n<li> F\u00e4rg: Kr\u00e4m vit<\/li>\n<li> Material: Tyg i linneutseende (100% polyester), skum, bj\u00f6rklaminat<\/li>\n<li> M\u00e5tt: 67B x 106-123D x 92H cm<\/li>\n<li> Sitsstorlek: 55B x 48D x 30-43H cm<\/li>\n<li> Ryggst\u00f6d: 55B x 72H cm<\/li>\n<li> Armh\u00f6jd till golvet: 56 cm<\/li>\n<li> Belastningskapacitet: 120 kg<\/li>\n<\/ul>\n<p>Leveransinneh\u00e5ll:<\/p>\n<ul>\n<li> 1 x Gungstol<\/li>\n<li> 1 x Handbok<\/li>\n<\/ul>\n","protected":false},"excerpt":{"rendered":"<p>Njut av f\u00f6rstklassig komfort i TRUUSK gungstolen med mjuk gungfunktion och en upp till 90\u00b0 justerbar fotst\u00f6d f\u00f6r individuell avkoppling&#8230;.<\/p>\n","protected":false},"featured_media":77362,"template":"","meta":[],"product_brand":[],"product_cat":[520,871,910],"product_tag":[],"class_list":{"0":"post-77373","1":"product","2":"type-product","3":"status-publish","4":"has-post-thumbnail","6":"product_cat-gungstolar","7":"product_cat-hus-hem","8":"product_cat-vardagsrum","10":"first","11":"instock","12":"sale","13":"taxable","14":"shipping-taxable","15":"purchasable","16":"product-type-simple"},"yoast_head":"<!-- This site is optimized with the Yoast SEO plugin v25.4 - https:\/\/yoast.com\/wordpress\/plugins\/seo\/ -->\n<title>TRUUSK Gungstol med ryggst\u00f6d - Fotst\u00f6d - Avkopplande stol i linneutseende - Sv\u00e4ngstol - L\u00e4sstol f\u00f6r vardagsrum, sovrum, balkong - TRUUSK - Hem, Tr\u00e4dg\u00e5rd &amp; Fritid<\/title>\n<meta name=\"robots\" content=\"index, follow, max-snippet:-1, max-image-preview:large, max-video-preview:-1\" \/>\n<link rel=\"canonical\" href=\"https:\/\/truusk.store\/sv\/produkt\/truusk-gungstol-med-ryggstod-fotstod-avkopplande-stol-i-linneutseende-svangstol-lasstol-for-vardagsrum-sovrum-balkong\/\" \/>\n<meta property=\"og:locale\" content=\"sv_SE\" \/>\n<meta property=\"og:type\" content=\"article\" \/>\n<meta property=\"og:title\" content=\"TRUUSK Gungstol med ryggst\u00f6d - Fotst\u00f6d - Avkopplande stol i linneutseende - Sv\u00e4ngstol - L\u00e4sstol f\u00f6r vardagsrum, sovrum, balkong - TRUUSK - Hem, Tr\u00e4dg\u00e5rd &amp; Fritid\" \/>\n<meta property=\"og:description\" content=\"Njut av f\u00f6rstklassig komfort i TRUUSK gungstolen med mjuk gungfunktion och en upp till 90\u00b0 justerbar fotst\u00f6d f\u00f6r individuell avkoppling....\" \/>\n<meta property=\"og:url\" content=\"https:\/\/truusk.store\/sv\/produkt\/truusk-gungstol-med-ryggstod-fotstod-avkopplande-stol-i-linneutseende-svangstol-lasstol-for-vardagsrum-sovrum-balkong\/\" \/>\n<meta property=\"og:site_name\" content=\"TRUUSK - Hem, Tr\u00e4dg\u00e5rd &amp; Fritid\" \/>\n<meta property=\"article:modified_time\" content=\"2026-03-12T07:43:14+00:00\" \/>\n<meta property=\"og:image\" content=\"https:\/\/i0.wp.com\/truusk.se\/wp-content\/uploads\/2025\/06\/gungstol-gungstol-med-ryggstod-fotstod-fatolj-avkopplande-stol-med-linneutseende-svangstol-lasstol-for-vardagsrum-sovrum-balkong-i-kramvitt-1.webp?fit=2000%2C2000&ssl=1\" \/>\n\t<meta property=\"og:image:width\" content=\"2000\" \/>\n\t<meta property=\"og:image:height\" content=\"2000\" \/>\n\t<meta property=\"og:image:type\" content=\"image\/webp\" \/>\n<meta name=\"twitter:card\" content=\"summary_large_image\" \/>\n<meta name=\"twitter:label1\" content=\"Ber\u00e4knad l\u00e4stid\" \/>\n\t<meta name=\"twitter:data1\" content=\"1 minut\" \/>\n<!-- \/ Yoast SEO plugin. -->","yoast_head_json":{"title":"TRUUSK Gungstol med ryggst\u00f6d - Fotst\u00f6d - Avkopplande stol i linneutseende - Sv\u00e4ngstol - L\u00e4sstol f\u00f6r vardagsrum, sovrum, balkong - TRUUSK - Hem, Tr\u00e4dg\u00e5rd &amp; Fritid","robots":{"index":"index","follow":"follow","max-snippet":"max-snippet:-1","max-image-preview":"max-image-preview:large","max-video-preview":"max-video-preview:-1"},"canonical":"https:\/\/truusk.store\/sv\/produkt\/truusk-gungstol-med-ryggstod-fotstod-avkopplande-stol-i-linneutseende-svangstol-lasstol-for-vardagsrum-sovrum-balkong\/","og_locale":"sv_SE","og_type":"article","og_title":"TRUUSK Gungstol med ryggst\u00f6d - Fotst\u00f6d - Avkopplande stol i linneutseende - Sv\u00e4ngstol - L\u00e4sstol f\u00f6r vardagsrum, sovrum, balkong - TRUUSK - Hem, Tr\u00e4dg\u00e5rd &amp; Fritid","og_description":"Njut av f\u00f6rstklassig komfort i TRUUSK gungstolen med mjuk gungfunktion och en upp till 90\u00b0 justerbar fotst\u00f6d f\u00f6r individuell avkoppling....","og_url":"https:\/\/truusk.store\/sv\/produkt\/truusk-gungstol-med-ryggstod-fotstod-avkopplande-stol-i-linneutseende-svangstol-lasstol-for-vardagsrum-sovrum-balkong\/","og_site_name":"TRUUSK - Hem, Tr\u00e4dg\u00e5rd &amp; Fritid","article_modified_time":"2026-03-12T07:43:14+00:00","og_image":[{"width":2000,"height":2000,"url":"https:\/\/i0.wp.com\/truusk.se\/wp-content\/uploads\/2025\/06\/gungstol-gungstol-med-ryggstod-fotstod-fatolj-avkopplande-stol-med-linneutseende-svangstol-lasstol-for-vardagsrum-sovrum-balkong-i-kramvitt-1.webp?fit=2000%2C2000&ssl=1","type":"image\/webp"}],"twitter_card":"summary_large_image","twitter_misc":{"Ber\u00e4knad l\u00e4stid":"1 minut"},"schema":{"@context":"https:\/\/schema.org","@graph":[{"@type":"WebPage","@id":"https:\/\/truusk.store\/sv\/produkt\/truusk-gungstol-med-ryggstod-fotstod-avkopplande-stol-i-linneutseende-svangstol-lasstol-for-vardagsrum-sovrum-balkong\/","url":"https:\/\/truusk.store\/sv\/produkt\/truusk-gungstol-med-ryggstod-fotstod-avkopplande-stol-i-linneutseende-svangstol-lasstol-for-vardagsrum-sovrum-balkong\/","name":"TRUUSK Gungstol med ryggst\u00f6d - Fotst\u00f6d - Avkopplande stol i linneutseende - Sv\u00e4ngstol - L\u00e4sstol f\u00f6r vardagsrum, sovrum, balkong - TRUUSK - Hem, Tr\u00e4dg\u00e5rd &amp; Fritid","isPartOf":{"@id":"https:\/\/truusk.store\/sv\/#website"},"primaryImageOfPage":{"@id":"https:\/\/truusk.store\/sv\/produkt\/truusk-gungstol-med-ryggstod-fotstod-avkopplande-stol-i-linneutseende-svangstol-lasstol-for-vardagsrum-sovrum-balkong\/#primaryimage"},"image":{"@id":"https:\/\/truusk.store\/sv\/produkt\/truusk-gungstol-med-ryggstod-fotstod-avkopplande-stol-i-linneutseende-svangstol-lasstol-for-vardagsrum-sovrum-balkong\/#primaryimage"},"thumbnailUrl":"https:\/\/i0.wp.com\/truusk.store\/wp-content\/uploads\/2025\/06\/gungstol-gungstol-med-ryggstod-fotstod-fatolj-avkopplande-stol-med-linneutseende-svangstol-lasstol-for-vardagsrum-sovrum-balkong-i-kramvitt-1.webp?fit=2000%2C2000&ssl=1","datePublished":"2025-06-06T06:02:46+00:00","dateModified":"2026-03-12T07:43:14+00:00","breadcrumb":{"@id":"https:\/\/truusk.store\/sv\/produkt\/truusk-gungstol-med-ryggstod-fotstod-avkopplande-stol-i-linneutseende-svangstol-lasstol-for-vardagsrum-sovrum-balkong\/#breadcrumb"},"inLanguage":"sv-SE","potentialAction":[{"@type":"ReadAction","target":["https:\/\/truusk.store\/sv\/produkt\/truusk-gungstol-med-ryggstod-fotstod-avkopplande-stol-i-linneutseende-svangstol-lasstol-for-vardagsrum-sovrum-balkong\/"]}]},{"@type":"ImageObject","inLanguage":"sv-SE","@id":"https:\/\/truusk.store\/sv\/produkt\/truusk-gungstol-med-ryggstod-fotstod-avkopplande-stol-i-linneutseende-svangstol-lasstol-for-vardagsrum-sovrum-balkong\/#primaryimage","url":"https:\/\/i0.wp.com\/truusk.store\/wp-content\/uploads\/2025\/06\/gungstol-gungstol-med-ryggstod-fotstod-fatolj-avkopplande-stol-med-linneutseende-svangstol-lasstol-for-vardagsrum-sovrum-balkong-i-kramvitt-1.webp?fit=2000%2C2000&ssl=1","contentUrl":"https:\/\/i0.wp.com\/truusk.store\/wp-content\/uploads\/2025\/06\/gungstol-gungstol-med-ryggstod-fotstod-fatolj-avkopplande-stol-med-linneutseende-svangstol-lasstol-for-vardagsrum-sovrum-balkong-i-kramvitt-1.webp?fit=2000%2C2000&ssl=1","width":2000,"height":2000},{"@type":"BreadcrumbList","@id":"https:\/\/truusk.store\/sv\/produkt\/truusk-gungstol-med-ryggstod-fotstod-avkopplande-stol-i-linneutseende-svangstol-lasstol-for-vardagsrum-sovrum-balkong\/#breadcrumb","itemListElement":[{"@type":"ListItem","position":1,"name":"Home","item":"https:\/\/truusk.store\/sv\/"},{"@type":"ListItem","position":2,"name":"Shop","item":"https:\/\/truusk.store\/shop\/"},{"@type":"ListItem","position":3,"name":"TRUUSK Gungstol med ryggst\u00f6d &#8211; Fotst\u00f6d &#8211; Avkopplande stol i linneutseende &#8211; Sv\u00e4ngstol &#8211; L\u00e4sstol f\u00f6r vardagsrum, sovrum, balkong &#8211;"}]},{"@type":"WebSite","@id":"https:\/\/truusk.store\/sv\/#website","url":"https:\/\/truusk.store\/sv\/","name":"TRUUSK - Hem, Tr\u00e4dg\u00e5rd & Fritid","description":"","publisher":{"@id":"https:\/\/truusk.store\/sv\/#organization"},"potentialAction":[{"@type":"SearchAction","target":{"@type":"EntryPoint","urlTemplate":"https:\/\/truusk.store\/sv\/?s={search_term_string}"},"query-input":{"@type":"PropertyValueSpecification","valueRequired":true,"valueName":"search_term_string"}}],"inLanguage":"sv-SE"},{"@type":"Organization","@id":"https:\/\/truusk.store\/sv\/#organization","name":"TRUUSK - Hem, Tr\u00e4dg\u00e5rd & Fritid","url":"https:\/\/truusk.store\/sv\/","logo":{"@type":"ImageObject","inLanguage":"sv-SE","@id":"https:\/\/truusk.store\/sv\/#\/schema\/logo\/image\/","url":"https:\/\/i0.wp.com\/truusk.store\/wp-content\/uploads\/2026\/03\/cropped-TRUUSK.png?fit=2032%2C917&ssl=1","contentUrl":"https:\/\/i0.wp.com\/truusk.store\/wp-content\/uploads\/2026\/03\/cropped-TRUUSK.png?fit=2032%2C917&ssl=1","width":2032,"height":917,"caption":"TRUUSK - Hem, Tr\u00e4dg\u00e5rd & Fritid"},"image":{"@id":"https:\/\/truusk.store\/sv\/#\/schema\/logo\/image\/"}}]}},"jetpack_sharing_enabled":true,"_links":{"self":[{"href":"https:\/\/truusk.store\/sv\/wp-json\/wp\/v2\/product\/77373","targetHints":{"allow":["GET"]}}],"collection":[{"href":"https:\/\/truusk.store\/sv\/wp-json\/wp\/v2\/product"}],"about":[{"href":"https:\/\/truusk.store\/sv\/wp-json\/wp\/v2\/types\/product"}],"wp:featuredmedia":[{"embeddable":true,"href":"https:\/\/truusk.store\/sv\/wp-json\/wp\/v2\/media\/77362"}],"wp:attachment":[{"href":"https:\/\/truusk.store\/sv\/wp-json\/wp\/v2\/media?parent=77373"}],"wp:term":[{"taxonomy":"product_brand","embeddable":true,"href":"https:\/\/truusk.store\/sv\/wp-json\/wp\/v2\/product_brand?post=77373"},{"taxonomy":"product_cat","embeddable":true,"href":"https:\/\/truusk.store\/sv\/wp-json\/wp\/v2\/product_cat?post=77373"},{"taxonomy":"product_tag","embeddable":true,"href":"https:\/\/truusk.store\/sv\/wp-json\/wp\/v2\/product_tag?post=77373"}],"curies":[{"name":"wp","href":"https:\/\/api.w.org\/{rel}","templated":true}]}}