{"id":77411,"date":"2025-06-06T07:06:46","date_gmt":"2025-06-06T06:06:46","guid":{"rendered":"https:\/\/truusk.store\/product\/3-delars-tradgardsmobelset-i-akacietra-inklusive-1-matbord-med-parasollhal-2-bankar-balkongmobelset-tradgardsgarnitur-for-balkong-terrass-teak\/"},"modified":"2026-03-12T09:46:54","modified_gmt":"2026-03-12T08:46:54","slug":"truusk-3-delars-tradgardsmobelset-i-akacietra-matbord-med-parasollhal-2-bankar-balkongmobelset-tradgardsgarnitur-teak","status":"publish","type":"product","link":"https:\/\/truusk.store\/sv\/produkt\/truusk-3-delars-tradgardsmobelset-i-akacietra-matbord-med-parasollhal-2-bankar-balkongmobelset-tradgardsgarnitur-teak\/","title":{"rendered":"TRUUSK 3-delars Tr\u00e4dg\u00e5rdsm\u00f6belset i Akacietr\u00e4 &#8211; Matbord med Parasollh\u00e5l &#8211; 2 B\u00e4nkar &#8211; Balkongm\u00f6belset &#8211; Tr\u00e4dg\u00e5rdsgarnitur &#8211; Teak"},"content":{"rendered":"<p>F\u00f6rvandla din tr\u00e4dg\u00e5rd till en inbjudande oas med TRUUSK tr\u00e4dg\u00e5rdsbord med stolar. Detta charmiga tr\u00e4dg\u00e5rdsm\u00f6belset inkluderar ett bord och tv\u00e5 b\u00e4nkar med mjuka, dragkedjebekl\u00e4dda kuddar f\u00f6r maximal komfort. Bordet i tr\u00e4dg\u00e5rdsgruppen kombinerar stil med funktionalitet med ett \u00d850 mm parasollh\u00e5l och en slitstark, l\u00e4tt att reng\u00f6ra lamelldesign i akacietr\u00e4.<\/p>\n<p>Beskrivning:<\/p>\n<ul>\n<li> Det tredelade tr\u00e4dg\u00e5rdsm\u00f6belsetet berikar utomhusm\u00e5ltider med familjen<\/li>\n<li> Vadderade sittkuddar ger extra komfort och st\u00f6d<\/li>\n<li> Dragkedjorna p\u00e5 kudd\u00f6verdragen underl\u00e4ttar reng\u00f6ring<\/li>\n<li> Ett 50 mm parasollh\u00e5l i tr\u00e4dg\u00e5rdsm\u00f6belsetet st\u00f6der tr\u00e4dg\u00e5rdsparasoller f\u00f6r skugga<\/li>\n<li> Designen i slitsat akacietr\u00e4 m\u00f6jligg\u00f6r snabb vattenavledning<\/li>\n<li> F\u00f6rhindrar vattenansamlingar, fr\u00e4mjar h\u00e5llbarhet och anv\u00e4ndarv\u00e4nlighet<\/li>\n<li> Akacietr\u00e4ramen p\u00e5 tr\u00e4dg\u00e5rdsm\u00f6belsetet garanterar stabilitet och l\u00e5ngvarig anv\u00e4ndning<\/li>\n<li> Montering kr\u00e4vs<\/li>\n<\/ul>\n<p> Tekniska data:<\/p>\n<ul>\n<li> F\u00e4rg: Teak+Gr\u00e5<\/li>\n<li> Material: Akacietr\u00e4, Polyester, Skum<\/li>\n<li> Bordets dimensioner: 150L x 85B x 75H cm<\/li>\n<li> B\u00e4nkdimensioner: 140L x 37B x 45H cm<\/li>\n<li> Diameter p\u00e5 parasollh\u00e5let: 50 mm<\/li>\n<li> Sittstorlek: 134B x 37T cm<\/li>\n<li> Sitt h\u00f6jd (utan kudde): 37 cm<\/li>\n<li> Kuddm\u00e5tt: 134B x 37T x 5H cm<\/li>\n<li> Belastningskapacitet: 160 kg (b\u00e4nk), 80 kg (bord), 30 kg (underdel)<\/li>\n<\/ul>\n<p>Leveransinneh\u00e5ll:<\/p>\n<ul>\n<li> 1 x Bord<\/li>\n<li> 2 x B\u00e4nk<\/li>\n<li> 2 x Kudde<\/li>\n<li> 1 x Handbok<\/li>\n<\/ul>\n","protected":false},"excerpt":{"rendered":"<p>F\u00f6rvandla din tr\u00e4dg\u00e5rd till en inbjudande oas med TRUUSK tr\u00e4dg\u00e5rdsbord med stolar. Detta charmiga tr\u00e4dg\u00e5rdsm\u00f6belset inkluderar ett bord och tv\u00e5&#8230;<\/p>\n","protected":false},"featured_media":77402,"template":"","meta":[],"product_brand":[],"product_cat":[858,450,456],"product_tag":[],"class_list":{"0":"post-77411","1":"product","2":"type-product","3":"status-publish","4":"has-post-thumbnail","6":"product_cat-tradgard-terrass","7":"product_cat-tradgardsmobler","8":"product_cat-tradgardsmobler-set","10":"first","11":"instock","12":"sale","13":"taxable","14":"shipping-taxable","15":"purchasable","16":"product-type-simple"},"yoast_head":"<!-- This site is optimized with the Yoast SEO plugin v25.4 - https:\/\/yoast.com\/wordpress\/plugins\/seo\/ -->\n<title>TRUUSK 3-delars Tr\u00e4dg\u00e5rdsm\u00f6belset i Akacietr\u00e4 - Matbord med Parasollh\u00e5l - 2 B\u00e4nkar - Balkongm\u00f6belset - Tr\u00e4dg\u00e5rdsgarnitur - Teak - TRUUSK - Hem, Tr\u00e4dg\u00e5rd &amp; Fritid<\/title>\n<meta name=\"robots\" content=\"index, follow, max-snippet:-1, max-image-preview:large, max-video-preview:-1\" \/>\n<link rel=\"canonical\" href=\"https:\/\/truusk.store\/sv\/produkt\/truusk-3-delars-tradgardsmobelset-i-akacietra-matbord-med-parasollhal-2-bankar-balkongmobelset-tradgardsgarnitur-teak\/\" \/>\n<meta property=\"og:locale\" content=\"sv_SE\" \/>\n<meta property=\"og:type\" content=\"article\" \/>\n<meta property=\"og:title\" content=\"TRUUSK 3-delars Tr\u00e4dg\u00e5rdsm\u00f6belset i Akacietr\u00e4 - Matbord med Parasollh\u00e5l - 2 B\u00e4nkar - Balkongm\u00f6belset - Tr\u00e4dg\u00e5rdsgarnitur - Teak - TRUUSK - Hem, Tr\u00e4dg\u00e5rd &amp; Fritid\" \/>\n<meta property=\"og:description\" content=\"F\u00f6rvandla din tr\u00e4dg\u00e5rd till en inbjudande oas med TRUUSK tr\u00e4dg\u00e5rdsbord med stolar. Detta charmiga tr\u00e4dg\u00e5rdsm\u00f6belset inkluderar ett bord och tv\u00e5...\" \/>\n<meta property=\"og:url\" content=\"https:\/\/truusk.store\/sv\/produkt\/truusk-3-delars-tradgardsmobelset-i-akacietra-matbord-med-parasollhal-2-bankar-balkongmobelset-tradgardsgarnitur-teak\/\" \/>\n<meta property=\"og:site_name\" content=\"TRUUSK - Hem, Tr\u00e4dg\u00e5rd &amp; Fritid\" \/>\n<meta property=\"article:modified_time\" content=\"2026-03-12T08:46:54+00:00\" \/>\n<meta property=\"og:image\" content=\"https:\/\/i0.wp.com\/truusk.se\/wp-content\/uploads\/2025\/06\/3-delars-tradgardsmobelset-i-akacietra-inklusive-1-matbord-med-parasollhal-2-bankar-balkongmobelset-tradgardsgarnitur-for-balkong-terrass-teak-1.webp?fit=2000%2C2000&ssl=1\" \/>\n\t<meta property=\"og:image:width\" content=\"2000\" \/>\n\t<meta property=\"og:image:height\" content=\"2000\" \/>\n\t<meta property=\"og:image:type\" content=\"image\/webp\" \/>\n<meta name=\"twitter:card\" content=\"summary_large_image\" \/>\n<meta name=\"twitter:label1\" content=\"Ber\u00e4knad l\u00e4stid\" \/>\n\t<meta name=\"twitter:data1\" content=\"1 minut\" \/>\n<!-- \/ Yoast SEO plugin. -->","yoast_head_json":{"title":"TRUUSK 3-delars Tr\u00e4dg\u00e5rdsm\u00f6belset i Akacietr\u00e4 - Matbord med Parasollh\u00e5l - 2 B\u00e4nkar - Balkongm\u00f6belset - Tr\u00e4dg\u00e5rdsgarnitur - Teak - TRUUSK - Hem, Tr\u00e4dg\u00e5rd &amp; Fritid","robots":{"index":"index","follow":"follow","max-snippet":"max-snippet:-1","max-image-preview":"max-image-preview:large","max-video-preview":"max-video-preview:-1"},"canonical":"https:\/\/truusk.store\/sv\/produkt\/truusk-3-delars-tradgardsmobelset-i-akacietra-matbord-med-parasollhal-2-bankar-balkongmobelset-tradgardsgarnitur-teak\/","og_locale":"sv_SE","og_type":"article","og_title":"TRUUSK 3-delars Tr\u00e4dg\u00e5rdsm\u00f6belset i Akacietr\u00e4 - Matbord med Parasollh\u00e5l - 2 B\u00e4nkar - Balkongm\u00f6belset - Tr\u00e4dg\u00e5rdsgarnitur - Teak - TRUUSK - Hem, Tr\u00e4dg\u00e5rd &amp; Fritid","og_description":"F\u00f6rvandla din tr\u00e4dg\u00e5rd till en inbjudande oas med TRUUSK tr\u00e4dg\u00e5rdsbord med stolar. Detta charmiga tr\u00e4dg\u00e5rdsm\u00f6belset inkluderar ett bord och tv\u00e5...","og_url":"https:\/\/truusk.store\/sv\/produkt\/truusk-3-delars-tradgardsmobelset-i-akacietra-matbord-med-parasollhal-2-bankar-balkongmobelset-tradgardsgarnitur-teak\/","og_site_name":"TRUUSK - Hem, Tr\u00e4dg\u00e5rd &amp; Fritid","article_modified_time":"2026-03-12T08:46:54+00:00","og_image":[{"width":2000,"height":2000,"url":"https:\/\/i0.wp.com\/truusk.se\/wp-content\/uploads\/2025\/06\/3-delars-tradgardsmobelset-i-akacietra-inklusive-1-matbord-med-parasollhal-2-bankar-balkongmobelset-tradgardsgarnitur-for-balkong-terrass-teak-1.webp?fit=2000%2C2000&ssl=1","type":"image\/webp"}],"twitter_card":"summary_large_image","twitter_misc":{"Ber\u00e4knad l\u00e4stid":"1 minut"},"schema":{"@context":"https:\/\/schema.org","@graph":[{"@type":"WebPage","@id":"https:\/\/truusk.store\/sv\/produkt\/truusk-3-delars-tradgardsmobelset-i-akacietra-matbord-med-parasollhal-2-bankar-balkongmobelset-tradgardsgarnitur-teak\/","url":"https:\/\/truusk.store\/sv\/produkt\/truusk-3-delars-tradgardsmobelset-i-akacietra-matbord-med-parasollhal-2-bankar-balkongmobelset-tradgardsgarnitur-teak\/","name":"TRUUSK 3-delars Tr\u00e4dg\u00e5rdsm\u00f6belset i Akacietr\u00e4 - Matbord med Parasollh\u00e5l - 2 B\u00e4nkar - Balkongm\u00f6belset - Tr\u00e4dg\u00e5rdsgarnitur - Teak - TRUUSK - Hem, Tr\u00e4dg\u00e5rd &amp; Fritid","isPartOf":{"@id":"https:\/\/truusk.store\/sv\/#website"},"primaryImageOfPage":{"@id":"https:\/\/truusk.store\/sv\/produkt\/truusk-3-delars-tradgardsmobelset-i-akacietra-matbord-med-parasollhal-2-bankar-balkongmobelset-tradgardsgarnitur-teak\/#primaryimage"},"image":{"@id":"https:\/\/truusk.store\/sv\/produkt\/truusk-3-delars-tradgardsmobelset-i-akacietra-matbord-med-parasollhal-2-bankar-balkongmobelset-tradgardsgarnitur-teak\/#primaryimage"},"thumbnailUrl":"https:\/\/i0.wp.com\/truusk.store\/wp-content\/uploads\/2025\/06\/3-delars-tradgardsmobelset-i-akacietra-inklusive-1-matbord-med-parasollhal-2-bankar-balkongmobelset-tradgardsgarnitur-for-balkong-terrass-teak-1.webp?fit=2000%2C2000&ssl=1","datePublished":"2025-06-06T06:06:46+00:00","dateModified":"2026-03-12T08:46:54+00:00","breadcrumb":{"@id":"https:\/\/truusk.store\/sv\/produkt\/truusk-3-delars-tradgardsmobelset-i-akacietra-matbord-med-parasollhal-2-bankar-balkongmobelset-tradgardsgarnitur-teak\/#breadcrumb"},"inLanguage":"sv-SE","potentialAction":[{"@type":"ReadAction","target":["https:\/\/truusk.store\/sv\/produkt\/truusk-3-delars-tradgardsmobelset-i-akacietra-matbord-med-parasollhal-2-bankar-balkongmobelset-tradgardsgarnitur-teak\/"]}]},{"@type":"ImageObject","inLanguage":"sv-SE","@id":"https:\/\/truusk.store\/sv\/produkt\/truusk-3-delars-tradgardsmobelset-i-akacietra-matbord-med-parasollhal-2-bankar-balkongmobelset-tradgardsgarnitur-teak\/#primaryimage","url":"https:\/\/i0.wp.com\/truusk.store\/wp-content\/uploads\/2025\/06\/3-delars-tradgardsmobelset-i-akacietra-inklusive-1-matbord-med-parasollhal-2-bankar-balkongmobelset-tradgardsgarnitur-for-balkong-terrass-teak-1.webp?fit=2000%2C2000&ssl=1","contentUrl":"https:\/\/i0.wp.com\/truusk.store\/wp-content\/uploads\/2025\/06\/3-delars-tradgardsmobelset-i-akacietra-inklusive-1-matbord-med-parasollhal-2-bankar-balkongmobelset-tradgardsgarnitur-for-balkong-terrass-teak-1.webp?fit=2000%2C2000&ssl=1","width":2000,"height":2000},{"@type":"BreadcrumbList","@id":"https:\/\/truusk.store\/sv\/produkt\/truusk-3-delars-tradgardsmobelset-i-akacietra-matbord-med-parasollhal-2-bankar-balkongmobelset-tradgardsgarnitur-teak\/#breadcrumb","itemListElement":[{"@type":"ListItem","position":1,"name":"Home","item":"https:\/\/truusk.store\/sv\/"},{"@type":"ListItem","position":2,"name":"Shop","item":"https:\/\/truusk.store\/shop\/"},{"@type":"ListItem","position":3,"name":"TRUUSK 3-delars Tr\u00e4dg\u00e5rdsm\u00f6belset i Akacietr\u00e4 &#8211; Matbord med Parasollh\u00e5l &#8211; 2 B\u00e4nkar &#8211; Balkongm\u00f6belset &#8211; Tr\u00e4dg\u00e5rdsgarnitur &#8211; Teak"}]},{"@type":"WebSite","@id":"https:\/\/truusk.store\/sv\/#website","url":"https:\/\/truusk.store\/sv\/","name":"TRUUSK - Hem, Tr\u00e4dg\u00e5rd & Fritid","description":"","publisher":{"@id":"https:\/\/truusk.store\/sv\/#organization"},"potentialAction":[{"@type":"SearchAction","target":{"@type":"EntryPoint","urlTemplate":"https:\/\/truusk.store\/sv\/?s={search_term_string}"},"query-input":{"@type":"PropertyValueSpecification","valueRequired":true,"valueName":"search_term_string"}}],"inLanguage":"sv-SE"},{"@type":"Organization","@id":"https:\/\/truusk.store\/sv\/#organization","name":"TRUUSK - Hem, Tr\u00e4dg\u00e5rd & Fritid","url":"https:\/\/truusk.store\/sv\/","logo":{"@type":"ImageObject","inLanguage":"sv-SE","@id":"https:\/\/truusk.store\/sv\/#\/schema\/logo\/image\/","url":"https:\/\/i0.wp.com\/truusk.store\/wp-content\/uploads\/2026\/03\/cropped-TRUUSK.png?fit=2032%2C917&ssl=1","contentUrl":"https:\/\/i0.wp.com\/truusk.store\/wp-content\/uploads\/2026\/03\/cropped-TRUUSK.png?fit=2032%2C917&ssl=1","width":2032,"height":917,"caption":"TRUUSK - Hem, Tr\u00e4dg\u00e5rd & Fritid"},"image":{"@id":"https:\/\/truusk.store\/sv\/#\/schema\/logo\/image\/"}}]}},"jetpack_sharing_enabled":true,"_links":{"self":[{"href":"https:\/\/truusk.store\/sv\/wp-json\/wp\/v2\/product\/77411","targetHints":{"allow":["GET"]}}],"collection":[{"href":"https:\/\/truusk.store\/sv\/wp-json\/wp\/v2\/product"}],"about":[{"href":"https:\/\/truusk.store\/sv\/wp-json\/wp\/v2\/types\/product"}],"wp:featuredmedia":[{"embeddable":true,"href":"https:\/\/truusk.store\/sv\/wp-json\/wp\/v2\/media\/77402"}],"wp:attachment":[{"href":"https:\/\/truusk.store\/sv\/wp-json\/wp\/v2\/media?parent=77411"}],"wp:term":[{"taxonomy":"product_brand","embeddable":true,"href":"https:\/\/truusk.store\/sv\/wp-json\/wp\/v2\/product_brand?post=77411"},{"taxonomy":"product_cat","embeddable":true,"href":"https:\/\/truusk.store\/sv\/wp-json\/wp\/v2\/product_cat?post=77411"},{"taxonomy":"product_tag","embeddable":true,"href":"https:\/\/truusk.store\/sv\/wp-json\/wp\/v2\/product_tag?post=77411"}],"curies":[{"name":"wp","href":"https:\/\/api.w.org\/{rel}","templated":true}]}}