{"id":77491,"date":"2025-06-06T07:14:35","date_gmt":"2025-06-06T06:14:35","guid":{"rendered":"https:\/\/truusk.store\/product\/sittplupp-ottoman-med-forvaring-rund-stoppad-pall-med-vikbart-lock-traben-modern-for-vardagsrum-sovrum-gra-o56-x-42-cm\/"},"modified":"2026-03-12T08:44:37","modified_gmt":"2026-03-12T07:44:37","slug":"truusk-rund-forvaringspall-med-vikbart-lock-modern-design-traben-gra-o56-x-42-cm","status":"publish","type":"product","link":"https:\/\/truusk.store\/sv\/produkt\/truusk-rund-forvaringspall-med-vikbart-lock-modern-design-traben-gra-o56-x-42-cm\/","title":{"rendered":"TRUUSK Rund F\u00f6rvaringspall med Vikbart Lock &#8211; Modern Design &#8211; Tr\u00e4ben &#8211; Gr\u00e5 &#8211; \u00d856 x 42 cm"},"content":{"rendered":"<p>Om du beh\u00f6ver extra f\u00f6rvaringsutrymme men ocks\u00e5 vill s\u00e4tta en accent i ditt hem, \u00e4r denna TRUUSK pall med f\u00f6rvaring precis r\u00e4tt f\u00f6r dig. Den moderna designen med \u00f6vermaterial i teddyfleece \u00e4r stilfull och erbjuder dig eller dina g\u00e4ster en extra sittplats. F\u00f6rvaringspallen har en avtagbar platta som kan anv\u00e4ndas som en bricka och erbjuder dold f\u00f6rvaring. Med TRUUSK k\u00e4nner du dig hemma.<\/p>\n<p>Beskrivning:<\/p>\n<ul>\n<li> Multifunktionellt m\u00f6bel som kan anv\u00e4ndas som soffbord, skohylla, fotst\u00f6d eller pall<\/li>\n<li> Med vikbart lock som kan omvandlas till en bricka<\/li>\n<li> F\u00f6rvaringsutrymme under sittytan f\u00f6r saker som annars inte hittar plats<\/li>\n<li> Den tjocka stoppningen och ytan i teddyfleece ger en behaglig sittupplevelse<\/li>\n<li> MDF-bordplatta med naturtr\u00e4faner f\u00f6r enkel reng\u00f6ring<\/li>\n<li> Fyra ben av massiv ek f\u00f6r h\u00f6g stabilitet<\/li>\n<li> Halkskyddsmattor skyddar golvet mot repor<\/li>\n<li> Ingen montering kr\u00e4vs<\/li>\n<\/ul>\n<p> Tekniska data:<\/p>\n<ul>\n<li> F\u00e4rg: Gr\u00e5<\/li>\n<li> Material: Polyester, Ek, MDF<\/li>\n<li> Totala dimensioner: 56L x 56B x 42H cm<\/li>\n<li> Inre dimensioner: 53,5B x 53,5T x 27H cm<\/li>\n<li> Storlek p\u00e5 toppskivan: 51B x 51T x 3,5H cm<\/li>\n<li> B\u00e4rf\u00f6rm\u00e5ga: 120 kg<\/li>\n<\/ul>\n<p>Leveransinneh\u00e5ll:<\/p>\n<ul>\n<li> 1 x Pall<\/li>\n<li> 1 x Manual<\/li>\n<\/ul>\n","protected":false},"excerpt":{"rendered":"<p>Om du beh\u00f6ver extra f\u00f6rvaringsutrymme men ocks\u00e5 vill s\u00e4tta en accent i ditt hem, \u00e4r denna TRUUSK pall med f\u00f6rvaring&#8230;<\/p>\n","protected":false},"featured_media":77482,"template":"","meta":[],"product_brand":[],"product_cat":[871,949,910],"product_tag":[],"class_list":{"0":"post-77491","1":"product","2":"type-product","3":"status-publish","4":"has-post-thumbnail","6":"product_cat-hus-hem","7":"product_cat-pallar-fotstod","8":"product_cat-vardagsrum","10":"first","11":"instock","12":"sale","13":"taxable","14":"shipping-taxable","15":"purchasable","16":"product-type-simple"},"yoast_head":"<!-- This site is optimized with the Yoast SEO plugin v25.4 - https:\/\/yoast.com\/wordpress\/plugins\/seo\/ -->\n<title>TRUUSK Rund F\u00f6rvaringspall med Vikbart Lock - Modern Design - Tr\u00e4ben - Gr\u00e5 - \u00d856 x 42 cm - TRUUSK - Hem, Tr\u00e4dg\u00e5rd &amp; Fritid<\/title>\n<meta name=\"robots\" content=\"index, follow, max-snippet:-1, max-image-preview:large, max-video-preview:-1\" \/>\n<link rel=\"canonical\" href=\"https:\/\/truusk.store\/sv\/produkt\/truusk-rund-forvaringspall-med-vikbart-lock-modern-design-traben-gra-o56-x-42-cm\/\" \/>\n<meta property=\"og:locale\" content=\"sv_SE\" \/>\n<meta property=\"og:type\" content=\"article\" \/>\n<meta property=\"og:title\" content=\"TRUUSK Rund F\u00f6rvaringspall med Vikbart Lock - Modern Design - Tr\u00e4ben - Gr\u00e5 - \u00d856 x 42 cm - TRUUSK - Hem, Tr\u00e4dg\u00e5rd &amp; Fritid\" \/>\n<meta property=\"og:description\" content=\"Om du beh\u00f6ver extra f\u00f6rvaringsutrymme men ocks\u00e5 vill s\u00e4tta en accent i ditt hem, \u00e4r denna TRUUSK pall med f\u00f6rvaring...\" \/>\n<meta property=\"og:url\" content=\"https:\/\/truusk.store\/sv\/produkt\/truusk-rund-forvaringspall-med-vikbart-lock-modern-design-traben-gra-o56-x-42-cm\/\" \/>\n<meta property=\"og:site_name\" content=\"TRUUSK - Hem, Tr\u00e4dg\u00e5rd &amp; Fritid\" \/>\n<meta property=\"article:modified_time\" content=\"2026-03-12T07:44:37+00:00\" \/>\n<meta property=\"og:image\" content=\"https:\/\/i0.wp.com\/truusk.se\/wp-content\/uploads\/2025\/06\/sittplupp-ottoman-med-forvaring-rund-stoppad-pall-med-vikbart-lock-traben-modern-for-vardagsrum-sovrum-gra-o56-x-42-cm-1.webp?fit=2000%2C2000&ssl=1\" \/>\n\t<meta property=\"og:image:width\" content=\"2000\" \/>\n\t<meta property=\"og:image:height\" content=\"2000\" \/>\n\t<meta property=\"og:image:type\" content=\"image\/webp\" \/>\n<meta name=\"twitter:card\" content=\"summary_large_image\" \/>\n<meta name=\"twitter:label1\" content=\"Ber\u00e4knad l\u00e4stid\" \/>\n\t<meta name=\"twitter:data1\" content=\"1 minut\" \/>\n<!-- \/ Yoast SEO plugin. -->","yoast_head_json":{"title":"TRUUSK Rund F\u00f6rvaringspall med Vikbart Lock - Modern Design - Tr\u00e4ben - Gr\u00e5 - \u00d856 x 42 cm - TRUUSK - Hem, Tr\u00e4dg\u00e5rd &amp; Fritid","robots":{"index":"index","follow":"follow","max-snippet":"max-snippet:-1","max-image-preview":"max-image-preview:large","max-video-preview":"max-video-preview:-1"},"canonical":"https:\/\/truusk.store\/sv\/produkt\/truusk-rund-forvaringspall-med-vikbart-lock-modern-design-traben-gra-o56-x-42-cm\/","og_locale":"sv_SE","og_type":"article","og_title":"TRUUSK Rund F\u00f6rvaringspall med Vikbart Lock - Modern Design - Tr\u00e4ben - Gr\u00e5 - \u00d856 x 42 cm - TRUUSK - Hem, Tr\u00e4dg\u00e5rd &amp; Fritid","og_description":"Om du beh\u00f6ver extra f\u00f6rvaringsutrymme men ocks\u00e5 vill s\u00e4tta en accent i ditt hem, \u00e4r denna TRUUSK pall med f\u00f6rvaring...","og_url":"https:\/\/truusk.store\/sv\/produkt\/truusk-rund-forvaringspall-med-vikbart-lock-modern-design-traben-gra-o56-x-42-cm\/","og_site_name":"TRUUSK - Hem, Tr\u00e4dg\u00e5rd &amp; Fritid","article_modified_time":"2026-03-12T07:44:37+00:00","og_image":[{"width":2000,"height":2000,"url":"https:\/\/i0.wp.com\/truusk.se\/wp-content\/uploads\/2025\/06\/sittplupp-ottoman-med-forvaring-rund-stoppad-pall-med-vikbart-lock-traben-modern-for-vardagsrum-sovrum-gra-o56-x-42-cm-1.webp?fit=2000%2C2000&ssl=1","type":"image\/webp"}],"twitter_card":"summary_large_image","twitter_misc":{"Ber\u00e4knad l\u00e4stid":"1 minut"},"schema":{"@context":"https:\/\/schema.org","@graph":[{"@type":"WebPage","@id":"https:\/\/truusk.store\/sv\/produkt\/truusk-rund-forvaringspall-med-vikbart-lock-modern-design-traben-gra-o56-x-42-cm\/","url":"https:\/\/truusk.store\/sv\/produkt\/truusk-rund-forvaringspall-med-vikbart-lock-modern-design-traben-gra-o56-x-42-cm\/","name":"TRUUSK Rund F\u00f6rvaringspall med Vikbart Lock - Modern Design - Tr\u00e4ben - Gr\u00e5 - \u00d856 x 42 cm - TRUUSK - Hem, Tr\u00e4dg\u00e5rd &amp; Fritid","isPartOf":{"@id":"https:\/\/truusk.store\/sv\/#website"},"primaryImageOfPage":{"@id":"https:\/\/truusk.store\/sv\/produkt\/truusk-rund-forvaringspall-med-vikbart-lock-modern-design-traben-gra-o56-x-42-cm\/#primaryimage"},"image":{"@id":"https:\/\/truusk.store\/sv\/produkt\/truusk-rund-forvaringspall-med-vikbart-lock-modern-design-traben-gra-o56-x-42-cm\/#primaryimage"},"thumbnailUrl":"https:\/\/i0.wp.com\/truusk.store\/wp-content\/uploads\/2025\/06\/sittplupp-ottoman-med-forvaring-rund-stoppad-pall-med-vikbart-lock-traben-modern-for-vardagsrum-sovrum-gra-o56-x-42-cm-1.webp?fit=2000%2C2000&ssl=1","datePublished":"2025-06-06T06:14:35+00:00","dateModified":"2026-03-12T07:44:37+00:00","breadcrumb":{"@id":"https:\/\/truusk.store\/sv\/produkt\/truusk-rund-forvaringspall-med-vikbart-lock-modern-design-traben-gra-o56-x-42-cm\/#breadcrumb"},"inLanguage":"sv-SE","potentialAction":[{"@type":"ReadAction","target":["https:\/\/truusk.store\/sv\/produkt\/truusk-rund-forvaringspall-med-vikbart-lock-modern-design-traben-gra-o56-x-42-cm\/"]}]},{"@type":"ImageObject","inLanguage":"sv-SE","@id":"https:\/\/truusk.store\/sv\/produkt\/truusk-rund-forvaringspall-med-vikbart-lock-modern-design-traben-gra-o56-x-42-cm\/#primaryimage","url":"https:\/\/i0.wp.com\/truusk.store\/wp-content\/uploads\/2025\/06\/sittplupp-ottoman-med-forvaring-rund-stoppad-pall-med-vikbart-lock-traben-modern-for-vardagsrum-sovrum-gra-o56-x-42-cm-1.webp?fit=2000%2C2000&ssl=1","contentUrl":"https:\/\/i0.wp.com\/truusk.store\/wp-content\/uploads\/2025\/06\/sittplupp-ottoman-med-forvaring-rund-stoppad-pall-med-vikbart-lock-traben-modern-for-vardagsrum-sovrum-gra-o56-x-42-cm-1.webp?fit=2000%2C2000&ssl=1","width":2000,"height":2000},{"@type":"BreadcrumbList","@id":"https:\/\/truusk.store\/sv\/produkt\/truusk-rund-forvaringspall-med-vikbart-lock-modern-design-traben-gra-o56-x-42-cm\/#breadcrumb","itemListElement":[{"@type":"ListItem","position":1,"name":"Home","item":"https:\/\/truusk.store\/sv\/"},{"@type":"ListItem","position":2,"name":"Shop","item":"https:\/\/truusk.store\/shop\/"},{"@type":"ListItem","position":3,"name":"TRUUSK Rund F\u00f6rvaringspall med Vikbart Lock &#8211; Modern Design &#8211; Tr\u00e4ben &#8211; Gr\u00e5 &#8211; \u00d856 x 42 cm"}]},{"@type":"WebSite","@id":"https:\/\/truusk.store\/sv\/#website","url":"https:\/\/truusk.store\/sv\/","name":"TRUUSK - Hem, Tr\u00e4dg\u00e5rd & Fritid","description":"","publisher":{"@id":"https:\/\/truusk.store\/sv\/#organization"},"potentialAction":[{"@type":"SearchAction","target":{"@type":"EntryPoint","urlTemplate":"https:\/\/truusk.store\/sv\/?s={search_term_string}"},"query-input":{"@type":"PropertyValueSpecification","valueRequired":true,"valueName":"search_term_string"}}],"inLanguage":"sv-SE"},{"@type":"Organization","@id":"https:\/\/truusk.store\/sv\/#organization","name":"TRUUSK - Hem, Tr\u00e4dg\u00e5rd & Fritid","url":"https:\/\/truusk.store\/sv\/","logo":{"@type":"ImageObject","inLanguage":"sv-SE","@id":"https:\/\/truusk.store\/sv\/#\/schema\/logo\/image\/","url":"https:\/\/i0.wp.com\/truusk.store\/wp-content\/uploads\/2026\/03\/cropped-TRUUSK.png?fit=2032%2C917&ssl=1","contentUrl":"https:\/\/i0.wp.com\/truusk.store\/wp-content\/uploads\/2026\/03\/cropped-TRUUSK.png?fit=2032%2C917&ssl=1","width":2032,"height":917,"caption":"TRUUSK - Hem, Tr\u00e4dg\u00e5rd & Fritid"},"image":{"@id":"https:\/\/truusk.store\/sv\/#\/schema\/logo\/image\/"}}]}},"jetpack_sharing_enabled":true,"_links":{"self":[{"href":"https:\/\/truusk.store\/sv\/wp-json\/wp\/v2\/product\/77491","targetHints":{"allow":["GET"]}}],"collection":[{"href":"https:\/\/truusk.store\/sv\/wp-json\/wp\/v2\/product"}],"about":[{"href":"https:\/\/truusk.store\/sv\/wp-json\/wp\/v2\/types\/product"}],"wp:featuredmedia":[{"embeddable":true,"href":"https:\/\/truusk.store\/sv\/wp-json\/wp\/v2\/media\/77482"}],"wp:attachment":[{"href":"https:\/\/truusk.store\/sv\/wp-json\/wp\/v2\/media?parent=77491"}],"wp:term":[{"taxonomy":"product_brand","embeddable":true,"href":"https:\/\/truusk.store\/sv\/wp-json\/wp\/v2\/product_brand?post=77491"},{"taxonomy":"product_cat","embeddable":true,"href":"https:\/\/truusk.store\/sv\/wp-json\/wp\/v2\/product_cat?post=77491"},{"taxonomy":"product_tag","embeddable":true,"href":"https:\/\/truusk.store\/sv\/wp-json\/wp\/v2\/product_tag?post=77491"}],"curies":[{"name":"wp","href":"https:\/\/api.w.org\/{rel}","templated":true}]}}