{"id":77501,"date":"2025-06-06T07:15:39","date_gmt":"2025-06-06T06:15:39","guid":{"rendered":"https:\/\/truusk.store\/product\/3-delars-rattan-bistroset-sittgrupp-tradgardsset-med-2-tradgardsstolar-sofabord-balkongmobel-set-for-tradgard-terrass-stal-gul\/"},"modified":"2026-03-12T08:42:43","modified_gmt":"2026-03-12T07:42:43","slug":"truusk-3-delars-rattan-bistroset-sittgrupp-for-tradgard-och-terrass-2-tradgardsstolar-och-sofabord-balkongmobel-set-i-gul","status":"publish","type":"product","link":"https:\/\/truusk.store\/sv\/produkt\/truusk-3-delars-rattan-bistroset-sittgrupp-for-tradgard-och-terrass-2-tradgardsstolar-och-sofabord-balkongmobel-set-i-gul\/","title":{"rendered":"TRUUSK 3-delars Rattan Bistroset &#8211; Sittgrupp f\u00f6r Tr\u00e4dg\u00e5rd och Terrass &#8211; 2 Tr\u00e4dg\u00e5rdsstolar och Sofabord &#8211; Balkongm\u00f6bel-Set i Gul"},"content":{"rendered":"<p>G\u00f6r om din utomhusyta med TRUUSK balkongm\u00f6belset f\u00f6r 2 personer. Detta attraktiva polyrattan tr\u00e4dg\u00e5rdsm\u00f6belset inkluderar tv\u00e5 bekv\u00e4ma stolar och ett snyggt bord med metallplatta. Tillverkad av v\u00e4derbest\u00e4ndigt PE-rattan och ett rostresistent st\u00e5lram, erbjuder v\u00e5ra terrassm\u00f6bler komfort och h\u00e5llbarhet &#8211; perfekt f\u00f6r tr\u00e4dg\u00e5rd, balkong eller terrass.<\/p>\n<p>Beskrivning:<\/p>\n<ul>\n<li> Tv\u00e5 rattanstolar och ett bord med metallplatta f\u00f6rb\u00e4ttrar utomhusmatsupplevelsen<\/li>\n<li> Rostresistent st\u00e5lram f\u00f6r balkonglounge \u00f6kar h\u00e5llbarheten<\/li>\n<li> Runt PE-rattanfl\u00e4tning som kan anv\u00e4ndas \u00e5ret runt f\u00f6r h\u00e5llbarhet<\/li>\n<li> L\u00e4mpligt detta 3-delade balkongset f\u00f6r anv\u00e4ndning inomhus, p\u00e5 terrasser, verandor, i tr\u00e4dg\u00e5rdar, p\u00e5 balkonger<\/li>\n<li> Montering kr\u00e4vs<\/li>\n<\/ul>\n<p> Tekniska data:<\/p>\n<ul>\n<li> F\u00e4rg: Gr\u00e5<\/li>\n<li> Material: St\u00e5l, PE-rattan<\/li>\n<li> Stolm\u00e5tt: 54L x 66B x 76H cm<\/li>\n<li> Bordm\u00e5tt: \u00d850 x 48H cm<\/li>\n<li> Sittm\u00e5tt: 50B x 52T x 42H cm<\/li>\n<li> Ryggm\u00e5tt: 50B x 33H cm<\/li>\n<li> B\u00e4rkapacitet: 120 kg (stol), 30 kg (bord)<\/li>\n<\/ul>\n<p>Leveransinneh\u00e5ll:<\/p>\n<ul>\n<li> 1 x Bord<\/li>\n<li> 2 x Stol<\/li>\n<li> 1 x Handbok<\/li>\n<\/ul>\n","protected":false},"excerpt":{"rendered":"<p>G\u00f6r om din utomhusyta med TRUUSK balkongm\u00f6belset f\u00f6r 2 personer. Detta attraktiva polyrattan tr\u00e4dg\u00e5rdsm\u00f6belset inkluderar tv\u00e5 bekv\u00e4ma stolar och ett&#8230;<\/p>\n","protected":false},"featured_media":77492,"template":"","meta":[],"product_brand":[],"product_cat":[858,450,456],"product_tag":[],"class_list":{"0":"post-77501","1":"product","2":"type-product","3":"status-publish","4":"has-post-thumbnail","6":"product_cat-tradgard-terrass","7":"product_cat-tradgardsmobler","8":"product_cat-tradgardsmobler-set","10":"first","11":"instock","12":"sale","13":"taxable","14":"shipping-taxable","15":"purchasable","16":"product-type-simple"},"yoast_head":"<!-- This site is optimized with the Yoast SEO plugin v25.4 - https:\/\/yoast.com\/wordpress\/plugins\/seo\/ -->\n<title>TRUUSK 3-delars Rattan Bistroset - Sittgrupp f\u00f6r Tr\u00e4dg\u00e5rd och Terrass - 2 Tr\u00e4dg\u00e5rdsstolar och Sofabord - Balkongm\u00f6bel-Set i Gul - TRUUSK - Hem, Tr\u00e4dg\u00e5rd &amp; Fritid<\/title>\n<meta name=\"robots\" content=\"index, follow, max-snippet:-1, max-image-preview:large, max-video-preview:-1\" \/>\n<link rel=\"canonical\" href=\"https:\/\/truusk.store\/sv\/produkt\/truusk-3-delars-rattan-bistroset-sittgrupp-for-tradgard-och-terrass-2-tradgardsstolar-och-sofabord-balkongmobel-set-i-gul\/\" \/>\n<meta property=\"og:locale\" content=\"sv_SE\" \/>\n<meta property=\"og:type\" content=\"article\" \/>\n<meta property=\"og:title\" content=\"TRUUSK 3-delars Rattan Bistroset - Sittgrupp f\u00f6r Tr\u00e4dg\u00e5rd och Terrass - 2 Tr\u00e4dg\u00e5rdsstolar och Sofabord - Balkongm\u00f6bel-Set i Gul - TRUUSK - Hem, Tr\u00e4dg\u00e5rd &amp; Fritid\" \/>\n<meta property=\"og:description\" content=\"G\u00f6r om din utomhusyta med TRUUSK balkongm\u00f6belset f\u00f6r 2 personer. Detta attraktiva polyrattan tr\u00e4dg\u00e5rdsm\u00f6belset inkluderar tv\u00e5 bekv\u00e4ma stolar och ett...\" \/>\n<meta property=\"og:url\" content=\"https:\/\/truusk.store\/sv\/produkt\/truusk-3-delars-rattan-bistroset-sittgrupp-for-tradgard-och-terrass-2-tradgardsstolar-och-sofabord-balkongmobel-set-i-gul\/\" \/>\n<meta property=\"og:site_name\" content=\"TRUUSK - Hem, Tr\u00e4dg\u00e5rd &amp; Fritid\" \/>\n<meta property=\"article:modified_time\" content=\"2026-03-12T07:42:43+00:00\" \/>\n<meta property=\"og:image\" content=\"https:\/\/i0.wp.com\/truusk.se\/wp-content\/uploads\/2025\/06\/3-delars-rattan-bistroset-sittgrupp-tradgardsset-med-2-tradgardsstolar-sofabord-balkongmobel-set-for-tradgard-terrass-stal-gul-1.webp?fit=2000%2C2000&ssl=1\" \/>\n\t<meta property=\"og:image:width\" content=\"2000\" \/>\n\t<meta property=\"og:image:height\" content=\"2000\" \/>\n\t<meta property=\"og:image:type\" content=\"image\/webp\" \/>\n<meta name=\"twitter:card\" content=\"summary_large_image\" \/>\n<meta name=\"twitter:label1\" content=\"Ber\u00e4knad l\u00e4stid\" \/>\n\t<meta name=\"twitter:data1\" content=\"1 minut\" \/>\n<!-- \/ Yoast SEO plugin. -->","yoast_head_json":{"title":"TRUUSK 3-delars Rattan Bistroset - Sittgrupp f\u00f6r Tr\u00e4dg\u00e5rd och Terrass - 2 Tr\u00e4dg\u00e5rdsstolar och Sofabord - Balkongm\u00f6bel-Set i Gul - TRUUSK - Hem, Tr\u00e4dg\u00e5rd &amp; Fritid","robots":{"index":"index","follow":"follow","max-snippet":"max-snippet:-1","max-image-preview":"max-image-preview:large","max-video-preview":"max-video-preview:-1"},"canonical":"https:\/\/truusk.store\/sv\/produkt\/truusk-3-delars-rattan-bistroset-sittgrupp-for-tradgard-och-terrass-2-tradgardsstolar-och-sofabord-balkongmobel-set-i-gul\/","og_locale":"sv_SE","og_type":"article","og_title":"TRUUSK 3-delars Rattan Bistroset - Sittgrupp f\u00f6r Tr\u00e4dg\u00e5rd och Terrass - 2 Tr\u00e4dg\u00e5rdsstolar och Sofabord - Balkongm\u00f6bel-Set i Gul - TRUUSK - Hem, Tr\u00e4dg\u00e5rd &amp; Fritid","og_description":"G\u00f6r om din utomhusyta med TRUUSK balkongm\u00f6belset f\u00f6r 2 personer. Detta attraktiva polyrattan tr\u00e4dg\u00e5rdsm\u00f6belset inkluderar tv\u00e5 bekv\u00e4ma stolar och ett...","og_url":"https:\/\/truusk.store\/sv\/produkt\/truusk-3-delars-rattan-bistroset-sittgrupp-for-tradgard-och-terrass-2-tradgardsstolar-och-sofabord-balkongmobel-set-i-gul\/","og_site_name":"TRUUSK - Hem, Tr\u00e4dg\u00e5rd &amp; Fritid","article_modified_time":"2026-03-12T07:42:43+00:00","og_image":[{"width":2000,"height":2000,"url":"https:\/\/i0.wp.com\/truusk.se\/wp-content\/uploads\/2025\/06\/3-delars-rattan-bistroset-sittgrupp-tradgardsset-med-2-tradgardsstolar-sofabord-balkongmobel-set-for-tradgard-terrass-stal-gul-1.webp?fit=2000%2C2000&ssl=1","type":"image\/webp"}],"twitter_card":"summary_large_image","twitter_misc":{"Ber\u00e4knad l\u00e4stid":"1 minut"},"schema":{"@context":"https:\/\/schema.org","@graph":[{"@type":"WebPage","@id":"https:\/\/truusk.store\/sv\/produkt\/truusk-3-delars-rattan-bistroset-sittgrupp-for-tradgard-och-terrass-2-tradgardsstolar-och-sofabord-balkongmobel-set-i-gul\/","url":"https:\/\/truusk.store\/sv\/produkt\/truusk-3-delars-rattan-bistroset-sittgrupp-for-tradgard-och-terrass-2-tradgardsstolar-och-sofabord-balkongmobel-set-i-gul\/","name":"TRUUSK 3-delars Rattan Bistroset - Sittgrupp f\u00f6r Tr\u00e4dg\u00e5rd och Terrass - 2 Tr\u00e4dg\u00e5rdsstolar och Sofabord - Balkongm\u00f6bel-Set i Gul - TRUUSK - Hem, Tr\u00e4dg\u00e5rd &amp; Fritid","isPartOf":{"@id":"https:\/\/truusk.store\/sv\/#website"},"primaryImageOfPage":{"@id":"https:\/\/truusk.store\/sv\/produkt\/truusk-3-delars-rattan-bistroset-sittgrupp-for-tradgard-och-terrass-2-tradgardsstolar-och-sofabord-balkongmobel-set-i-gul\/#primaryimage"},"image":{"@id":"https:\/\/truusk.store\/sv\/produkt\/truusk-3-delars-rattan-bistroset-sittgrupp-for-tradgard-och-terrass-2-tradgardsstolar-och-sofabord-balkongmobel-set-i-gul\/#primaryimage"},"thumbnailUrl":"https:\/\/i0.wp.com\/truusk.store\/wp-content\/uploads\/2025\/06\/3-delars-rattan-bistroset-sittgrupp-tradgardsset-med-2-tradgardsstolar-sofabord-balkongmobel-set-for-tradgard-terrass-stal-gul-1.webp?fit=2000%2C2000&ssl=1","datePublished":"2025-06-06T06:15:39+00:00","dateModified":"2026-03-12T07:42:43+00:00","breadcrumb":{"@id":"https:\/\/truusk.store\/sv\/produkt\/truusk-3-delars-rattan-bistroset-sittgrupp-for-tradgard-och-terrass-2-tradgardsstolar-och-sofabord-balkongmobel-set-i-gul\/#breadcrumb"},"inLanguage":"sv-SE","potentialAction":[{"@type":"ReadAction","target":["https:\/\/truusk.store\/sv\/produkt\/truusk-3-delars-rattan-bistroset-sittgrupp-for-tradgard-och-terrass-2-tradgardsstolar-och-sofabord-balkongmobel-set-i-gul\/"]}]},{"@type":"ImageObject","inLanguage":"sv-SE","@id":"https:\/\/truusk.store\/sv\/produkt\/truusk-3-delars-rattan-bistroset-sittgrupp-for-tradgard-och-terrass-2-tradgardsstolar-och-sofabord-balkongmobel-set-i-gul\/#primaryimage","url":"https:\/\/i0.wp.com\/truusk.store\/wp-content\/uploads\/2025\/06\/3-delars-rattan-bistroset-sittgrupp-tradgardsset-med-2-tradgardsstolar-sofabord-balkongmobel-set-for-tradgard-terrass-stal-gul-1.webp?fit=2000%2C2000&ssl=1","contentUrl":"https:\/\/i0.wp.com\/truusk.store\/wp-content\/uploads\/2025\/06\/3-delars-rattan-bistroset-sittgrupp-tradgardsset-med-2-tradgardsstolar-sofabord-balkongmobel-set-for-tradgard-terrass-stal-gul-1.webp?fit=2000%2C2000&ssl=1","width":2000,"height":2000},{"@type":"BreadcrumbList","@id":"https:\/\/truusk.store\/sv\/produkt\/truusk-3-delars-rattan-bistroset-sittgrupp-for-tradgard-och-terrass-2-tradgardsstolar-och-sofabord-balkongmobel-set-i-gul\/#breadcrumb","itemListElement":[{"@type":"ListItem","position":1,"name":"Home","item":"https:\/\/truusk.store\/sv\/"},{"@type":"ListItem","position":2,"name":"Shop","item":"https:\/\/truusk.store\/shop\/"},{"@type":"ListItem","position":3,"name":"TRUUSK 3-delars Rattan Bistroset &#8211; Sittgrupp f\u00f6r Tr\u00e4dg\u00e5rd och Terrass &#8211; 2 Tr\u00e4dg\u00e5rdsstolar och Sofabord &#8211; Balkongm\u00f6bel-Set i Gul"}]},{"@type":"WebSite","@id":"https:\/\/truusk.store\/sv\/#website","url":"https:\/\/truusk.store\/sv\/","name":"TRUUSK - Hem, Tr\u00e4dg\u00e5rd & Fritid","description":"","publisher":{"@id":"https:\/\/truusk.store\/sv\/#organization"},"potentialAction":[{"@type":"SearchAction","target":{"@type":"EntryPoint","urlTemplate":"https:\/\/truusk.store\/sv\/?s={search_term_string}"},"query-input":{"@type":"PropertyValueSpecification","valueRequired":true,"valueName":"search_term_string"}}],"inLanguage":"sv-SE"},{"@type":"Organization","@id":"https:\/\/truusk.store\/sv\/#organization","name":"TRUUSK - Hem, Tr\u00e4dg\u00e5rd & Fritid","url":"https:\/\/truusk.store\/sv\/","logo":{"@type":"ImageObject","inLanguage":"sv-SE","@id":"https:\/\/truusk.store\/sv\/#\/schema\/logo\/image\/","url":"https:\/\/i0.wp.com\/truusk.store\/wp-content\/uploads\/2026\/03\/cropped-TRUUSK.png?fit=2032%2C917&ssl=1","contentUrl":"https:\/\/i0.wp.com\/truusk.store\/wp-content\/uploads\/2026\/03\/cropped-TRUUSK.png?fit=2032%2C917&ssl=1","width":2032,"height":917,"caption":"TRUUSK - Hem, Tr\u00e4dg\u00e5rd & Fritid"},"image":{"@id":"https:\/\/truusk.store\/sv\/#\/schema\/logo\/image\/"}}]}},"jetpack_sharing_enabled":true,"_links":{"self":[{"href":"https:\/\/truusk.store\/sv\/wp-json\/wp\/v2\/product\/77501","targetHints":{"allow":["GET"]}}],"collection":[{"href":"https:\/\/truusk.store\/sv\/wp-json\/wp\/v2\/product"}],"about":[{"href":"https:\/\/truusk.store\/sv\/wp-json\/wp\/v2\/types\/product"}],"wp:featuredmedia":[{"embeddable":true,"href":"https:\/\/truusk.store\/sv\/wp-json\/wp\/v2\/media\/77492"}],"wp:attachment":[{"href":"https:\/\/truusk.store\/sv\/wp-json\/wp\/v2\/media?parent=77501"}],"wp:term":[{"taxonomy":"product_brand","embeddable":true,"href":"https:\/\/truusk.store\/sv\/wp-json\/wp\/v2\/product_brand?post=77501"},{"taxonomy":"product_cat","embeddable":true,"href":"https:\/\/truusk.store\/sv\/wp-json\/wp\/v2\/product_cat?post=77501"},{"taxonomy":"product_tag","embeddable":true,"href":"https:\/\/truusk.store\/sv\/wp-json\/wp\/v2\/product_tag?post=77501"}],"curies":[{"name":"wp","href":"https:\/\/api.w.org\/{rel}","templated":true}]}}