{"id":77511,"date":"2025-06-06T07:16:43","date_gmt":"2025-06-06T06:16:43","guid":{"rendered":"https:\/\/truusk.store\/product\/hogt-badrumsskap-smalt-med-2-dorrar-justerbara-hyllor-for-badrum-vardagsrum-40-x-35-x-180-cm-vit\/"},"modified":"2026-03-12T08:44:27","modified_gmt":"2026-03-12T07:44:27","slug":"truusk-smalt-badrumsskap-med-2-dorrar-justerbara-hyllor-40x35x180-cm-vit","status":"publish","type":"product","link":"https:\/\/truusk.store\/sv\/produkt\/truusk-smalt-badrumsskap-med-2-dorrar-justerbara-hyllor-40x35x180-cm-vit\/","title":{"rendered":"TRUUSK Smalt Badrumssk\u00e5p med 2 D\u00f6rrar &#8211; Justerbara Hyllor &#8211; 40x35x180 cm &#8211; Vit"},"content":{"rendered":"<p>Detta frist\u00e5ende h\u00f6gsk\u00e5p med tv\u00e5 d\u00f6rrar skapar ordning i ditt badrum genom att tydligt f\u00f6rvara schampo, v\u00e5rdprodukter, handdukar och andra v\u00e4sentligheter p\u00e5 sex anpassningsbara hyllor, som \u00e4ven \u00e4r l\u00e4mpliga f\u00f6r stora flaskor. Speciellt utformad f\u00f6r sm\u00e5 utrymmen, utnyttjar det smala, h\u00f6ga designen av badrumssk\u00e5pet det vertikala utrymmet optimalt, och dess enkla stil passar s\u00f6ml\u00f6st in i alla inredningar. V\u00e4lkommen till ett st\u00e4dat, strukturerat badrum!<\/p>\n<p>Beskrivning:<\/p>\n<ul>\n<li> St\u00e4ngt sexstegs f\u00f6rvaringssystem h\u00e5ller badrumsartiklar organiserade och skyddade mot damm<\/li>\n<li> Fyra justerbara hyllplan, varje med tre h\u00f6jdalternativ f\u00f6r flexibel lagring<\/li>\n<li> Det smala och h\u00f6ga designen av f\u00f6rvaringssk\u00e5pet passar perfekt i tr\u00e5nga utrymmen och maximerar det vertikala lagringsutrymmet<\/li>\n<li> Realistiskt tr\u00e4utseende ger varje rum en stilfull touch<\/li>\n<li> M\u00e5ngsidigt anv\u00e4ndbar, idealisk f\u00f6r badrum, k\u00f6k, vardagsrum, studierum eller sovrum<\/li>\n<li> Anti-tip-set f\u00f6r h\u00f6gsk\u00e5pet ger extra s\u00e4kerhet och stabilitet<\/li>\n<li> Magnetl\u00e5s h\u00e5ller d\u00f6rrarna s\u00e4kert st\u00e4ngda<\/li>\n<li> Montering kr\u00e4vs<\/li>\n<\/ul>\n<p> Tekniska data:<\/p>\n<ul>\n<li> F\u00e4rg: Vit<\/li>\n<li> Material: Sp\u00e5nskiva, MDF<\/li>\n<li> Totala dimensioner: 40B x 35T x 180H cm<\/li>\n<li> Inre dimensioner av sk\u00e5pet: 37B x 28,8T x 85,2H cm<\/li>\n<li> Belastningskapacitet: 35 kg (totalt), 10 kg (fast hyllplan), 5 kg (justerbart hyllplan)<\/li>\n<\/ul>\n<p>Leverans inneh\u00e5ller:<\/p>\n<ul>\n<li> 1 x badrumssk\u00e5p<\/li>\n<li> 1 x bruksanvisning<\/li>\n<\/ul>\n","protected":false},"excerpt":{"rendered":"<p>Detta frist\u00e5ende h\u00f6gsk\u00e5p med tv\u00e5 d\u00f6rrar skapar ordning i ditt badrum genom att tydligt f\u00f6rvara schampo, v\u00e5rdprodukter, handdukar och andra&#8230;<\/p>\n","protected":false},"featured_media":77502,"template":"","meta":[],"product_brand":[],"product_cat":[915,535,871],"product_tag":[],"class_list":{"0":"post-77511","1":"product","2":"type-product","3":"status-publish","4":"has-post-thumbnail","6":"product_cat-badrum","7":"product_cat-badrumsskap","8":"product_cat-hus-hem","10":"first","11":"instock","12":"sale","13":"taxable","14":"shipping-taxable","15":"purchasable","16":"product-type-simple"},"yoast_head":"<!-- This site is optimized with the Yoast SEO plugin v25.4 - https:\/\/yoast.com\/wordpress\/plugins\/seo\/ -->\n<title>TRUUSK Smalt Badrumssk\u00e5p med 2 D\u00f6rrar - Justerbara Hyllor - 40x35x180 cm - Vit - TRUUSK - Hem, Tr\u00e4dg\u00e5rd &amp; Fritid<\/title>\n<meta name=\"robots\" content=\"index, follow, max-snippet:-1, max-image-preview:large, max-video-preview:-1\" \/>\n<link rel=\"canonical\" href=\"https:\/\/truusk.store\/sv\/produkt\/truusk-smalt-badrumsskap-med-2-dorrar-justerbara-hyllor-40x35x180-cm-vit\/\" \/>\n<meta property=\"og:locale\" content=\"sv_SE\" \/>\n<meta property=\"og:type\" content=\"article\" \/>\n<meta property=\"og:title\" content=\"TRUUSK Smalt Badrumssk\u00e5p med 2 D\u00f6rrar - Justerbara Hyllor - 40x35x180 cm - Vit - TRUUSK - Hem, Tr\u00e4dg\u00e5rd &amp; Fritid\" \/>\n<meta property=\"og:description\" content=\"Detta frist\u00e5ende h\u00f6gsk\u00e5p med tv\u00e5 d\u00f6rrar skapar ordning i ditt badrum genom att tydligt f\u00f6rvara schampo, v\u00e5rdprodukter, handdukar och andra...\" \/>\n<meta property=\"og:url\" content=\"https:\/\/truusk.store\/sv\/produkt\/truusk-smalt-badrumsskap-med-2-dorrar-justerbara-hyllor-40x35x180-cm-vit\/\" \/>\n<meta property=\"og:site_name\" content=\"TRUUSK - Hem, Tr\u00e4dg\u00e5rd &amp; Fritid\" \/>\n<meta property=\"article:modified_time\" content=\"2026-03-12T07:44:27+00:00\" \/>\n<meta property=\"og:image\" content=\"https:\/\/i0.wp.com\/truusk.se\/wp-content\/uploads\/2025\/06\/hogt-badrumsskap-smalt-med-2-dorrar-justerbara-hyllor-for-badrum-vardagsrum-40-x-35-x-180-cm-vit-1.webp?fit=2000%2C2000&ssl=1\" \/>\n\t<meta property=\"og:image:width\" content=\"2000\" \/>\n\t<meta property=\"og:image:height\" content=\"2000\" \/>\n\t<meta property=\"og:image:type\" content=\"image\/webp\" \/>\n<meta name=\"twitter:card\" content=\"summary_large_image\" \/>\n<meta name=\"twitter:label1\" content=\"Ber\u00e4knad l\u00e4stid\" \/>\n\t<meta name=\"twitter:data1\" content=\"1 minut\" \/>\n<!-- \/ Yoast SEO plugin. -->","yoast_head_json":{"title":"TRUUSK Smalt Badrumssk\u00e5p med 2 D\u00f6rrar - Justerbara Hyllor - 40x35x180 cm - Vit - TRUUSK - Hem, Tr\u00e4dg\u00e5rd &amp; Fritid","robots":{"index":"index","follow":"follow","max-snippet":"max-snippet:-1","max-image-preview":"max-image-preview:large","max-video-preview":"max-video-preview:-1"},"canonical":"https:\/\/truusk.store\/sv\/produkt\/truusk-smalt-badrumsskap-med-2-dorrar-justerbara-hyllor-40x35x180-cm-vit\/","og_locale":"sv_SE","og_type":"article","og_title":"TRUUSK Smalt Badrumssk\u00e5p med 2 D\u00f6rrar - Justerbara Hyllor - 40x35x180 cm - Vit - TRUUSK - Hem, Tr\u00e4dg\u00e5rd &amp; Fritid","og_description":"Detta frist\u00e5ende h\u00f6gsk\u00e5p med tv\u00e5 d\u00f6rrar skapar ordning i ditt badrum genom att tydligt f\u00f6rvara schampo, v\u00e5rdprodukter, handdukar och andra...","og_url":"https:\/\/truusk.store\/sv\/produkt\/truusk-smalt-badrumsskap-med-2-dorrar-justerbara-hyllor-40x35x180-cm-vit\/","og_site_name":"TRUUSK - Hem, Tr\u00e4dg\u00e5rd &amp; Fritid","article_modified_time":"2026-03-12T07:44:27+00:00","og_image":[{"width":2000,"height":2000,"url":"https:\/\/i0.wp.com\/truusk.se\/wp-content\/uploads\/2025\/06\/hogt-badrumsskap-smalt-med-2-dorrar-justerbara-hyllor-for-badrum-vardagsrum-40-x-35-x-180-cm-vit-1.webp?fit=2000%2C2000&ssl=1","type":"image\/webp"}],"twitter_card":"summary_large_image","twitter_misc":{"Ber\u00e4knad l\u00e4stid":"1 minut"},"schema":{"@context":"https:\/\/schema.org","@graph":[{"@type":"WebPage","@id":"https:\/\/truusk.store\/sv\/produkt\/truusk-smalt-badrumsskap-med-2-dorrar-justerbara-hyllor-40x35x180-cm-vit\/","url":"https:\/\/truusk.store\/sv\/produkt\/truusk-smalt-badrumsskap-med-2-dorrar-justerbara-hyllor-40x35x180-cm-vit\/","name":"TRUUSK Smalt Badrumssk\u00e5p med 2 D\u00f6rrar - Justerbara Hyllor - 40x35x180 cm - Vit - TRUUSK - Hem, Tr\u00e4dg\u00e5rd &amp; Fritid","isPartOf":{"@id":"https:\/\/truusk.store\/sv\/#website"},"primaryImageOfPage":{"@id":"https:\/\/truusk.store\/sv\/produkt\/truusk-smalt-badrumsskap-med-2-dorrar-justerbara-hyllor-40x35x180-cm-vit\/#primaryimage"},"image":{"@id":"https:\/\/truusk.store\/sv\/produkt\/truusk-smalt-badrumsskap-med-2-dorrar-justerbara-hyllor-40x35x180-cm-vit\/#primaryimage"},"thumbnailUrl":"https:\/\/i0.wp.com\/truusk.store\/wp-content\/uploads\/2025\/06\/hogt-badrumsskap-smalt-med-2-dorrar-justerbara-hyllor-for-badrum-vardagsrum-40-x-35-x-180-cm-vit-1.webp?fit=2000%2C2000&ssl=1","datePublished":"2025-06-06T06:16:43+00:00","dateModified":"2026-03-12T07:44:27+00:00","breadcrumb":{"@id":"https:\/\/truusk.store\/sv\/produkt\/truusk-smalt-badrumsskap-med-2-dorrar-justerbara-hyllor-40x35x180-cm-vit\/#breadcrumb"},"inLanguage":"sv-SE","potentialAction":[{"@type":"ReadAction","target":["https:\/\/truusk.store\/sv\/produkt\/truusk-smalt-badrumsskap-med-2-dorrar-justerbara-hyllor-40x35x180-cm-vit\/"]}]},{"@type":"ImageObject","inLanguage":"sv-SE","@id":"https:\/\/truusk.store\/sv\/produkt\/truusk-smalt-badrumsskap-med-2-dorrar-justerbara-hyllor-40x35x180-cm-vit\/#primaryimage","url":"https:\/\/i0.wp.com\/truusk.store\/wp-content\/uploads\/2025\/06\/hogt-badrumsskap-smalt-med-2-dorrar-justerbara-hyllor-for-badrum-vardagsrum-40-x-35-x-180-cm-vit-1.webp?fit=2000%2C2000&ssl=1","contentUrl":"https:\/\/i0.wp.com\/truusk.store\/wp-content\/uploads\/2025\/06\/hogt-badrumsskap-smalt-med-2-dorrar-justerbara-hyllor-for-badrum-vardagsrum-40-x-35-x-180-cm-vit-1.webp?fit=2000%2C2000&ssl=1","width":2000,"height":2000},{"@type":"BreadcrumbList","@id":"https:\/\/truusk.store\/sv\/produkt\/truusk-smalt-badrumsskap-med-2-dorrar-justerbara-hyllor-40x35x180-cm-vit\/#breadcrumb","itemListElement":[{"@type":"ListItem","position":1,"name":"Home","item":"https:\/\/truusk.store\/sv\/"},{"@type":"ListItem","position":2,"name":"Shop","item":"https:\/\/truusk.store\/shop\/"},{"@type":"ListItem","position":3,"name":"TRUUSK Smalt Badrumssk\u00e5p med 2 D\u00f6rrar &#8211; Justerbara Hyllor &#8211; 40x35x180 cm &#8211; Vit"}]},{"@type":"WebSite","@id":"https:\/\/truusk.store\/sv\/#website","url":"https:\/\/truusk.store\/sv\/","name":"TRUUSK - Hem, Tr\u00e4dg\u00e5rd & Fritid","description":"","publisher":{"@id":"https:\/\/truusk.store\/sv\/#organization"},"potentialAction":[{"@type":"SearchAction","target":{"@type":"EntryPoint","urlTemplate":"https:\/\/truusk.store\/sv\/?s={search_term_string}"},"query-input":{"@type":"PropertyValueSpecification","valueRequired":true,"valueName":"search_term_string"}}],"inLanguage":"sv-SE"},{"@type":"Organization","@id":"https:\/\/truusk.store\/sv\/#organization","name":"TRUUSK - Hem, Tr\u00e4dg\u00e5rd & Fritid","url":"https:\/\/truusk.store\/sv\/","logo":{"@type":"ImageObject","inLanguage":"sv-SE","@id":"https:\/\/truusk.store\/sv\/#\/schema\/logo\/image\/","url":"https:\/\/i0.wp.com\/truusk.store\/wp-content\/uploads\/2026\/03\/cropped-TRUUSK.png?fit=2032%2C917&ssl=1","contentUrl":"https:\/\/i0.wp.com\/truusk.store\/wp-content\/uploads\/2026\/03\/cropped-TRUUSK.png?fit=2032%2C917&ssl=1","width":2032,"height":917,"caption":"TRUUSK - Hem, Tr\u00e4dg\u00e5rd & Fritid"},"image":{"@id":"https:\/\/truusk.store\/sv\/#\/schema\/logo\/image\/"}}]}},"jetpack_sharing_enabled":true,"_links":{"self":[{"href":"https:\/\/truusk.store\/sv\/wp-json\/wp\/v2\/product\/77511","targetHints":{"allow":["GET"]}}],"collection":[{"href":"https:\/\/truusk.store\/sv\/wp-json\/wp\/v2\/product"}],"about":[{"href":"https:\/\/truusk.store\/sv\/wp-json\/wp\/v2\/types\/product"}],"wp:featuredmedia":[{"embeddable":true,"href":"https:\/\/truusk.store\/sv\/wp-json\/wp\/v2\/media\/77502"}],"wp:attachment":[{"href":"https:\/\/truusk.store\/sv\/wp-json\/wp\/v2\/media?parent=77511"}],"wp:term":[{"taxonomy":"product_brand","embeddable":true,"href":"https:\/\/truusk.store\/sv\/wp-json\/wp\/v2\/product_brand?post=77511"},{"taxonomy":"product_cat","embeddable":true,"href":"https:\/\/truusk.store\/sv\/wp-json\/wp\/v2\/product_cat?post=77511"},{"taxonomy":"product_tag","embeddable":true,"href":"https:\/\/truusk.store\/sv\/wp-json\/wp\/v2\/product_tag?post=77511"}],"curies":[{"name":"wp","href":"https:\/\/api.w.org\/{rel}","templated":true}]}}