{"id":77521,"date":"2025-06-06T07:17:41","date_gmt":"2025-06-06T06:17:41","guid":{"rendered":"https:\/\/truusk.store\/product\/campingtalt-for-4-personer-vattentatt-tunnel-talt-med-2-dorrar-krokar-markduk-packpase-familjetalt-med-2000mm-vattenpelare-talt-for-camping-resor-trekking-tradgard\/"},"modified":"2026-03-12T08:41:21","modified_gmt":"2026-03-12T07:41:21","slug":"truusk-campingtalt-for-4-personer-vattentatt-tunnel-talt-med-2-dorrar-markduk-och-packpase-inkluderade-familjetalt-med","status":"publish","type":"product","link":"https:\/\/truusk.store\/sv\/produkt\/truusk-campingtalt-for-4-personer-vattentatt-tunnel-talt-med-2-dorrar-markduk-och-packpase-inkluderade-familjetalt-med\/","title":{"rendered":"TRUUSK Campingt\u00e4lt f\u00f6r 4 personer &#8211; Vattent\u00e4tt tunnel t\u00e4lt med 2 d\u00f6rrar &#8211; Markduk och packp\u00e5se inkluderade &#8211; Familjet\u00e4lt med"},"content":{"rendered":"<p>Upplev vildmarken med TRUUSK 4-personers campingt\u00e4lt. Det erbjuder ett gener\u00f6st sovrum och en anv\u00e4ndbar veranda f\u00f6r din utrustning. Tillverkat av 190T polyester, garanterar detta tunnel t\u00e4lt utm\u00e4rkt vattent\u00e4thet och UPF50+ skydd &#8211; idealiskt f\u00f6r alla camping- eller vandringsturer. Komfort och bekv\u00e4mlighet f\u00f6renade i en smart tunnel t\u00e4lt design!<\/p>\n<p>Beskrivning:<\/p>\n<ul>\n<li> Detta tunnel t\u00e4lt erbjuder plats f\u00f6r fyra personer, exklusivt sovrum och f\u00f6rt\u00e4lt f\u00f6r f\u00f6rvaring<\/li>\n<li> Tillverkat av 190T polyestertyg, erbjuder en vattent\u00e4thet p\u00e5 2000 mm, UPF50+<\/li>\n<li> Insydd PE-golvdyna i tunnel t\u00e4ltet skyddar mot fukt och smuts<\/li>\n<li> Medf\u00f6ljande markspikar och t\u00e4ltlinor f\u00f6r tunnel t\u00e4ltet \u00f6kar stabiliteten i vind<\/li>\n<li> Halvmaskd\u00f6rr optimerar luftcirkulationen och h\u00e5ller insekter borta<\/li>\n<li> Krok f\u00f6r att h\u00e4nga upp en lampa ger extra komfort<\/li>\n<li> Montering kr\u00e4vs<\/li>\n<\/ul>\n<p> Tekniska data:<\/p>\n<ul>\n<li> F\u00e4rg: Ljusbl\u00e5<\/li>\n<li> Material: Polyester, PE-tyg, Glasfiber<\/li>\n<li> Totala dimensioner: 3,45L x 2,4B x 1,3H m<\/li>\n<li> Vikta dimensioner: 59L x 18B x 33H cm<\/li>\n<li> Sovrumsdimensioner: 220B x 240T x 130H cm<\/li>\n<li> Verandadimensioner: 125B x 240T x 130H cm<\/li>\n<li> D\u00f6rdimensioner: 120B x 130H cm<\/li>\n<li> Vindstyrka niv\u00e5: 4<\/li>\n<li> B\u00e4rkapacitet: 1 kg (krok)<\/li>\n<\/ul>\n<p>Leverans inneh\u00e5ller:<\/p>\n<ul>\n<li> 1 x Campingt\u00e4lt<\/li>\n<li> 1 x B\u00e4rp\u00e5se<\/li>\n<li> 6 x Markspik<\/li>\n<li> 6 x T\u00e4ltlina<\/li>\n<li> 1 x Bruksanvisning<\/li>\n<\/ul>\n","protected":false},"excerpt":{"rendered":"<p>Upplev vildmarken med TRUUSK 4-personers campingt\u00e4lt. Det erbjuder ett gener\u00f6st sovrum och en anv\u00e4ndbar veranda f\u00f6r din utrustning. Tillverkat av&#8230;<\/p>\n","protected":false},"featured_media":77512,"template":"","meta":[],"product_brand":[],"product_cat":[648,647,650],"product_tag":[],"class_list":{"0":"post-77521","1":"product","2":"type-product","3":"status-publish","4":"has-post-thumbnail","6":"product_cat-camping-tillbehor","7":"product_cat-sport-fritid","8":"product_cat-talt","10":"first","11":"instock","12":"sale","13":"taxable","14":"shipping-taxable","15":"purchasable","16":"product-type-simple"},"yoast_head":"<!-- This site is optimized with the Yoast SEO plugin v25.4 - https:\/\/yoast.com\/wordpress\/plugins\/seo\/ -->\n<title>TRUUSK Campingt\u00e4lt f\u00f6r 4 personer - Vattent\u00e4tt tunnel t\u00e4lt med 2 d\u00f6rrar - Markduk och packp\u00e5se inkluderade - Familjet\u00e4lt med - TRUUSK - Hem, Tr\u00e4dg\u00e5rd &amp; Fritid<\/title>\n<meta name=\"robots\" content=\"index, follow, max-snippet:-1, max-image-preview:large, max-video-preview:-1\" \/>\n<link rel=\"canonical\" href=\"https:\/\/truusk.store\/sv\/produkt\/truusk-campingtalt-for-4-personer-vattentatt-tunnel-talt-med-2-dorrar-markduk-och-packpase-inkluderade-familjetalt-med\/\" \/>\n<meta property=\"og:locale\" content=\"sv_SE\" \/>\n<meta property=\"og:type\" content=\"article\" \/>\n<meta property=\"og:title\" content=\"TRUUSK Campingt\u00e4lt f\u00f6r 4 personer - Vattent\u00e4tt tunnel t\u00e4lt med 2 d\u00f6rrar - Markduk och packp\u00e5se inkluderade - Familjet\u00e4lt med - TRUUSK - Hem, Tr\u00e4dg\u00e5rd &amp; Fritid\" \/>\n<meta property=\"og:description\" content=\"Upplev vildmarken med TRUUSK 4-personers campingt\u00e4lt. Det erbjuder ett gener\u00f6st sovrum och en anv\u00e4ndbar veranda f\u00f6r din utrustning. Tillverkat av...\" \/>\n<meta property=\"og:url\" content=\"https:\/\/truusk.store\/sv\/produkt\/truusk-campingtalt-for-4-personer-vattentatt-tunnel-talt-med-2-dorrar-markduk-och-packpase-inkluderade-familjetalt-med\/\" \/>\n<meta property=\"og:site_name\" content=\"TRUUSK - Hem, Tr\u00e4dg\u00e5rd &amp; Fritid\" \/>\n<meta property=\"article:modified_time\" content=\"2026-03-12T07:41:21+00:00\" \/>\n<meta property=\"og:image\" content=\"https:\/\/i0.wp.com\/truusk.se\/wp-content\/uploads\/2025\/06\/campingtalt-for-4-personer-vattentatt-tunnel-talt-med-2-dorrar-krokar-markduk-packpase-familjetalt-med-2000mm-vattenpelare-talt-for-camping-resor-trekking-tradgard-1.webp?fit=2000%2C2000&ssl=1\" \/>\n\t<meta property=\"og:image:width\" content=\"2000\" \/>\n\t<meta property=\"og:image:height\" content=\"2000\" \/>\n\t<meta property=\"og:image:type\" content=\"image\/webp\" \/>\n<meta name=\"twitter:card\" content=\"summary_large_image\" \/>\n<meta name=\"twitter:label1\" content=\"Ber\u00e4knad l\u00e4stid\" \/>\n\t<meta name=\"twitter:data1\" content=\"1 minut\" \/>\n<!-- \/ Yoast SEO plugin. -->","yoast_head_json":{"title":"TRUUSK Campingt\u00e4lt f\u00f6r 4 personer - Vattent\u00e4tt tunnel t\u00e4lt med 2 d\u00f6rrar - Markduk och packp\u00e5se inkluderade - Familjet\u00e4lt med - TRUUSK - Hem, Tr\u00e4dg\u00e5rd &amp; Fritid","robots":{"index":"index","follow":"follow","max-snippet":"max-snippet:-1","max-image-preview":"max-image-preview:large","max-video-preview":"max-video-preview:-1"},"canonical":"https:\/\/truusk.store\/sv\/produkt\/truusk-campingtalt-for-4-personer-vattentatt-tunnel-talt-med-2-dorrar-markduk-och-packpase-inkluderade-familjetalt-med\/","og_locale":"sv_SE","og_type":"article","og_title":"TRUUSK Campingt\u00e4lt f\u00f6r 4 personer - Vattent\u00e4tt tunnel t\u00e4lt med 2 d\u00f6rrar - Markduk och packp\u00e5se inkluderade - Familjet\u00e4lt med - TRUUSK - Hem, Tr\u00e4dg\u00e5rd &amp; Fritid","og_description":"Upplev vildmarken med TRUUSK 4-personers campingt\u00e4lt. Det erbjuder ett gener\u00f6st sovrum och en anv\u00e4ndbar veranda f\u00f6r din utrustning. Tillverkat av...","og_url":"https:\/\/truusk.store\/sv\/produkt\/truusk-campingtalt-for-4-personer-vattentatt-tunnel-talt-med-2-dorrar-markduk-och-packpase-inkluderade-familjetalt-med\/","og_site_name":"TRUUSK - Hem, Tr\u00e4dg\u00e5rd &amp; Fritid","article_modified_time":"2026-03-12T07:41:21+00:00","og_image":[{"width":2000,"height":2000,"url":"https:\/\/i0.wp.com\/truusk.se\/wp-content\/uploads\/2025\/06\/campingtalt-for-4-personer-vattentatt-tunnel-talt-med-2-dorrar-krokar-markduk-packpase-familjetalt-med-2000mm-vattenpelare-talt-for-camping-resor-trekking-tradgard-1.webp?fit=2000%2C2000&ssl=1","type":"image\/webp"}],"twitter_card":"summary_large_image","twitter_misc":{"Ber\u00e4knad l\u00e4stid":"1 minut"},"schema":{"@context":"https:\/\/schema.org","@graph":[{"@type":"WebPage","@id":"https:\/\/truusk.store\/sv\/produkt\/truusk-campingtalt-for-4-personer-vattentatt-tunnel-talt-med-2-dorrar-markduk-och-packpase-inkluderade-familjetalt-med\/","url":"https:\/\/truusk.store\/sv\/produkt\/truusk-campingtalt-for-4-personer-vattentatt-tunnel-talt-med-2-dorrar-markduk-och-packpase-inkluderade-familjetalt-med\/","name":"TRUUSK Campingt\u00e4lt f\u00f6r 4 personer - Vattent\u00e4tt tunnel t\u00e4lt med 2 d\u00f6rrar - Markduk och packp\u00e5se inkluderade - Familjet\u00e4lt med - TRUUSK - Hem, Tr\u00e4dg\u00e5rd &amp; Fritid","isPartOf":{"@id":"https:\/\/truusk.store\/sv\/#website"},"primaryImageOfPage":{"@id":"https:\/\/truusk.store\/sv\/produkt\/truusk-campingtalt-for-4-personer-vattentatt-tunnel-talt-med-2-dorrar-markduk-och-packpase-inkluderade-familjetalt-med\/#primaryimage"},"image":{"@id":"https:\/\/truusk.store\/sv\/produkt\/truusk-campingtalt-for-4-personer-vattentatt-tunnel-talt-med-2-dorrar-markduk-och-packpase-inkluderade-familjetalt-med\/#primaryimage"},"thumbnailUrl":"https:\/\/i0.wp.com\/truusk.store\/wp-content\/uploads\/2025\/06\/campingtalt-for-4-personer-vattentatt-tunnel-talt-med-2-dorrar-krokar-markduk-packpase-familjetalt-med-2000mm-vattenpelare-talt-for-camping-resor-trekking-tradgard-1.webp?fit=2000%2C2000&ssl=1","datePublished":"2025-06-06T06:17:41+00:00","dateModified":"2026-03-12T07:41:21+00:00","breadcrumb":{"@id":"https:\/\/truusk.store\/sv\/produkt\/truusk-campingtalt-for-4-personer-vattentatt-tunnel-talt-med-2-dorrar-markduk-och-packpase-inkluderade-familjetalt-med\/#breadcrumb"},"inLanguage":"sv-SE","potentialAction":[{"@type":"ReadAction","target":["https:\/\/truusk.store\/sv\/produkt\/truusk-campingtalt-for-4-personer-vattentatt-tunnel-talt-med-2-dorrar-markduk-och-packpase-inkluderade-familjetalt-med\/"]}]},{"@type":"ImageObject","inLanguage":"sv-SE","@id":"https:\/\/truusk.store\/sv\/produkt\/truusk-campingtalt-for-4-personer-vattentatt-tunnel-talt-med-2-dorrar-markduk-och-packpase-inkluderade-familjetalt-med\/#primaryimage","url":"https:\/\/i0.wp.com\/truusk.store\/wp-content\/uploads\/2025\/06\/campingtalt-for-4-personer-vattentatt-tunnel-talt-med-2-dorrar-krokar-markduk-packpase-familjetalt-med-2000mm-vattenpelare-talt-for-camping-resor-trekking-tradgard-1.webp?fit=2000%2C2000&ssl=1","contentUrl":"https:\/\/i0.wp.com\/truusk.store\/wp-content\/uploads\/2025\/06\/campingtalt-for-4-personer-vattentatt-tunnel-talt-med-2-dorrar-krokar-markduk-packpase-familjetalt-med-2000mm-vattenpelare-talt-for-camping-resor-trekking-tradgard-1.webp?fit=2000%2C2000&ssl=1","width":2000,"height":2000},{"@type":"BreadcrumbList","@id":"https:\/\/truusk.store\/sv\/produkt\/truusk-campingtalt-for-4-personer-vattentatt-tunnel-talt-med-2-dorrar-markduk-och-packpase-inkluderade-familjetalt-med\/#breadcrumb","itemListElement":[{"@type":"ListItem","position":1,"name":"Home","item":"https:\/\/truusk.store\/sv\/"},{"@type":"ListItem","position":2,"name":"Shop","item":"https:\/\/truusk.store\/shop\/"},{"@type":"ListItem","position":3,"name":"TRUUSK Campingt\u00e4lt f\u00f6r 4 personer &#8211; Vattent\u00e4tt tunnel t\u00e4lt med 2 d\u00f6rrar &#8211; Markduk och packp\u00e5se inkluderade &#8211; Familjet\u00e4lt med"}]},{"@type":"WebSite","@id":"https:\/\/truusk.store\/sv\/#website","url":"https:\/\/truusk.store\/sv\/","name":"TRUUSK - Hem, Tr\u00e4dg\u00e5rd & Fritid","description":"","publisher":{"@id":"https:\/\/truusk.store\/sv\/#organization"},"potentialAction":[{"@type":"SearchAction","target":{"@type":"EntryPoint","urlTemplate":"https:\/\/truusk.store\/sv\/?s={search_term_string}"},"query-input":{"@type":"PropertyValueSpecification","valueRequired":true,"valueName":"search_term_string"}}],"inLanguage":"sv-SE"},{"@type":"Organization","@id":"https:\/\/truusk.store\/sv\/#organization","name":"TRUUSK - Hem, Tr\u00e4dg\u00e5rd & Fritid","url":"https:\/\/truusk.store\/sv\/","logo":{"@type":"ImageObject","inLanguage":"sv-SE","@id":"https:\/\/truusk.store\/sv\/#\/schema\/logo\/image\/","url":"https:\/\/i0.wp.com\/truusk.store\/wp-content\/uploads\/2026\/03\/cropped-TRUUSK.png?fit=2032%2C917&ssl=1","contentUrl":"https:\/\/i0.wp.com\/truusk.store\/wp-content\/uploads\/2026\/03\/cropped-TRUUSK.png?fit=2032%2C917&ssl=1","width":2032,"height":917,"caption":"TRUUSK - Hem, Tr\u00e4dg\u00e5rd & Fritid"},"image":{"@id":"https:\/\/truusk.store\/sv\/#\/schema\/logo\/image\/"}}]}},"jetpack_sharing_enabled":true,"_links":{"self":[{"href":"https:\/\/truusk.store\/sv\/wp-json\/wp\/v2\/product\/77521","targetHints":{"allow":["GET"]}}],"collection":[{"href":"https:\/\/truusk.store\/sv\/wp-json\/wp\/v2\/product"}],"about":[{"href":"https:\/\/truusk.store\/sv\/wp-json\/wp\/v2\/types\/product"}],"wp:featuredmedia":[{"embeddable":true,"href":"https:\/\/truusk.store\/sv\/wp-json\/wp\/v2\/media\/77512"}],"wp:attachment":[{"href":"https:\/\/truusk.store\/sv\/wp-json\/wp\/v2\/media?parent=77521"}],"wp:term":[{"taxonomy":"product_brand","embeddable":true,"href":"https:\/\/truusk.store\/sv\/wp-json\/wp\/v2\/product_brand?post=77521"},{"taxonomy":"product_cat","embeddable":true,"href":"https:\/\/truusk.store\/sv\/wp-json\/wp\/v2\/product_cat?post=77521"},{"taxonomy":"product_tag","embeddable":true,"href":"https:\/\/truusk.store\/sv\/wp-json\/wp\/v2\/product_tag?post=77521"}],"curies":[{"name":"wp","href":"https:\/\/api.w.org\/{rel}","templated":true}]}}