{"id":77562,"date":"2025-06-06T07:21:54","date_gmt":"2025-06-06T06:21:54","guid":{"rendered":"https:\/\/truusk.store\/product\/hundvagn-hundbuggy-hopfallbar-for-hundar-katter-upp-till-30-kg-kattbuggy-med-kudde-nat-fonster-2-dorrar-forvaringsvaska-kattvagn-buggy-brun\/"},"modified":"2026-03-12T08:42:28","modified_gmt":"2026-03-12T07:42:28","slug":"truusk-hundvagn-kattbuggy-hopfallbar-upp-till-30-kg-kudde-nat-fonster-2-dorrar-forvaringsvaska-brun","status":"publish","type":"product","link":"https:\/\/truusk.store\/sv\/produkt\/truusk-hundvagn-kattbuggy-hopfallbar-upp-till-30-kg-kudde-nat-fonster-2-dorrar-forvaringsvaska-brun\/","title":{"rendered":"TRUUSK Hundvagn &amp; Kattbuggy &#8211; Hopf\u00e4llbar &#8211; Upp Till 30 kg &#8211; Kudde &#8211; N\u00e4t F\u00f6nster &#8211; 2 D\u00f6rrar &#8211; F\u00f6rvaringsv\u00e4ska &#8211; Brun"},"content":{"rendered":"<p>Upplev gemensamma utomhus\u00e4ventyr med TRUUSK hundvagn! L\u00e4tt att skjuta eller dra, erbjuder hundvagnen en bekv\u00e4m plats f\u00f6r stora hundar upp till 30 kg och en kroppsl\u00e4ngd upp till 60 cm. Tack vare den l\u00e4tt f\u00e4llbara designen kan kattvagnen enkelt f\u00f6rvaras och \u00e4r tillverkad av robust st\u00e5l och slitstark 600D Oxford-tyg.<\/p>\n<p>Beskrivning:<\/p>\n<ul>\n<li> Kattvagnens skjut- eller dragmekanism anpassar sig till olika g\u00e5ngstilar<\/li>\n<li> St\u00e5lram och slitstarkt 600D Oxford-tyg i hundvagnen garanterar h\u00e5llbarhet<\/li>\n<li> Tv\u00e4ttbar kudde \u00f6kar husdjurets komfort under resor<\/li>\n<li> Avtagbart tak med sex justerbara positioner<\/li>\n<li> Inkluderar hundvagnens f\u00f6rvaringsfickor f\u00f6r extra utrustning<\/li>\n<li> L\u00e4tt att f\u00e4lla ihop f\u00f6r kompakt f\u00f6rvaring<\/li>\n<li> Framhjulen \u00e4r fixerbara och bakhjulen har bromsar f\u00f6r s\u00e4kerhet<\/li>\n<li> Upprullbart tak ger vindskydd och v\u00e4rme<\/li>\n<\/ul>\n<p> Tekniska data:<\/p>\n<ul>\n<li> F\u00e4rg: Brun+Beige+Svart<\/li>\n<li> Material: St\u00e5l, Oxfordtyg<\/li>\n<li> Totala dimensioner: 110L x 65B x 102H cm<\/li>\n<li> Hyttstorlek: 85L x 46B x 70\/43H cm (med\/utan baldakin)<\/li>\n<li> Framd\u00f6rr: 37B x 34H cm<\/li>\n<li> Bakd\u00f6rr: 37B x 34H cm<\/li>\n<li> F\u00f6rvaringsficka: 9B x 13H cm, 18B x 14H cm<\/li>\n<li> N\u00e4t f\u00f6nster: 54B x 30H cm<\/li>\n<li> F\u00e4llbar storlek: 112L x 68B x 32H cm<\/li>\n<li> Koppel: 30-55L cm<\/li>\n<li> Kudde: 81L x 44B x 1T cm<\/li>\n<li> Hjul: \u00d87&#8243; (fram), \u00d811&#8243; (bak)<\/li>\n<li> Notera: L\u00e4mplig f\u00f6r stora hundar upp till 30 kg och en kroppsl\u00e4ngd p\u00e5 maximalt 60 cm<\/li>\n<\/ul>\n<p>Leveransinneh\u00e5ll:<\/p>\n<ul>\n<li> 1 x Hundvagn<\/li>\n<li> 1 x Bruksanvisning<\/li>\n<\/ul>\n","protected":false},"excerpt":{"rendered":"<p>Upplev gemensamma utomhus\u00e4ventyr med TRUUSK hundvagn! L\u00e4tt att skjuta eller dra, erbjuder hundvagnen en bekv\u00e4m plats f\u00f6r stora hundar upp&#8230;<\/p>\n","protected":false},"featured_media":77552,"template":"","meta":[],"product_brand":[],"product_cat":[878,574,579],"product_tag":[],"class_list":{"0":"post-77562","1":"product","2":"type-product","3":"status-publish","4":"has-post-thumbnail","6":"product_cat-djurbehov","7":"product_cat-hundtillbehor","8":"product_cat-hundvagn","10":"first","11":"instock","12":"sale","13":"taxable","14":"shipping-taxable","15":"purchasable","16":"product-type-simple"},"yoast_head":"<!-- This site is optimized with the Yoast SEO plugin v25.4 - https:\/\/yoast.com\/wordpress\/plugins\/seo\/ -->\n<title>TRUUSK Hundvagn &amp; Kattbuggy - Hopf\u00e4llbar - Upp Till 30 kg - Kudde - N\u00e4t F\u00f6nster - 2 D\u00f6rrar - F\u00f6rvaringsv\u00e4ska - Brun - TRUUSK - Hem, Tr\u00e4dg\u00e5rd &amp; Fritid<\/title>\n<meta name=\"robots\" content=\"index, follow, max-snippet:-1, max-image-preview:large, max-video-preview:-1\" \/>\n<link rel=\"canonical\" href=\"https:\/\/truusk.store\/sv\/produkt\/truusk-hundvagn-kattbuggy-hopfallbar-upp-till-30-kg-kudde-nat-fonster-2-dorrar-forvaringsvaska-brun\/\" \/>\n<meta property=\"og:locale\" content=\"sv_SE\" \/>\n<meta property=\"og:type\" content=\"article\" \/>\n<meta property=\"og:title\" content=\"TRUUSK Hundvagn &amp; Kattbuggy - Hopf\u00e4llbar - Upp Till 30 kg - Kudde - N\u00e4t F\u00f6nster - 2 D\u00f6rrar - F\u00f6rvaringsv\u00e4ska - Brun - TRUUSK - Hem, Tr\u00e4dg\u00e5rd &amp; Fritid\" \/>\n<meta property=\"og:description\" content=\"Upplev gemensamma utomhus\u00e4ventyr med TRUUSK hundvagn! L\u00e4tt att skjuta eller dra, erbjuder hundvagnen en bekv\u00e4m plats f\u00f6r stora hundar upp...\" \/>\n<meta property=\"og:url\" content=\"https:\/\/truusk.store\/sv\/produkt\/truusk-hundvagn-kattbuggy-hopfallbar-upp-till-30-kg-kudde-nat-fonster-2-dorrar-forvaringsvaska-brun\/\" \/>\n<meta property=\"og:site_name\" content=\"TRUUSK - Hem, Tr\u00e4dg\u00e5rd &amp; Fritid\" \/>\n<meta property=\"article:modified_time\" content=\"2026-03-12T07:42:28+00:00\" \/>\n<meta property=\"og:image\" content=\"https:\/\/i0.wp.com\/truusk.se\/wp-content\/uploads\/2025\/06\/hundvagn-hundbuggy-hopfallbar-for-hundar-katter-upp-till-30-kg-kattbuggy-med-kudde-nat-fonster-2-dorrar-forvaringsvaska-kattvagn-buggy-brun-1.webp?fit=2000%2C2000&ssl=1\" \/>\n\t<meta property=\"og:image:width\" content=\"2000\" \/>\n\t<meta property=\"og:image:height\" content=\"2000\" \/>\n\t<meta property=\"og:image:type\" content=\"image\/webp\" \/>\n<meta name=\"twitter:card\" content=\"summary_large_image\" \/>\n<meta name=\"twitter:label1\" content=\"Ber\u00e4knad l\u00e4stid\" \/>\n\t<meta name=\"twitter:data1\" content=\"1 minut\" \/>\n<!-- \/ Yoast SEO plugin. -->","yoast_head_json":{"title":"TRUUSK Hundvagn &amp; Kattbuggy - Hopf\u00e4llbar - Upp Till 30 kg - Kudde - N\u00e4t F\u00f6nster - 2 D\u00f6rrar - F\u00f6rvaringsv\u00e4ska - Brun - TRUUSK - Hem, Tr\u00e4dg\u00e5rd &amp; Fritid","robots":{"index":"index","follow":"follow","max-snippet":"max-snippet:-1","max-image-preview":"max-image-preview:large","max-video-preview":"max-video-preview:-1"},"canonical":"https:\/\/truusk.store\/sv\/produkt\/truusk-hundvagn-kattbuggy-hopfallbar-upp-till-30-kg-kudde-nat-fonster-2-dorrar-forvaringsvaska-brun\/","og_locale":"sv_SE","og_type":"article","og_title":"TRUUSK Hundvagn &amp; Kattbuggy - Hopf\u00e4llbar - Upp Till 30 kg - Kudde - N\u00e4t F\u00f6nster - 2 D\u00f6rrar - F\u00f6rvaringsv\u00e4ska - Brun - TRUUSK - Hem, Tr\u00e4dg\u00e5rd &amp; Fritid","og_description":"Upplev gemensamma utomhus\u00e4ventyr med TRUUSK hundvagn! L\u00e4tt att skjuta eller dra, erbjuder hundvagnen en bekv\u00e4m plats f\u00f6r stora hundar upp...","og_url":"https:\/\/truusk.store\/sv\/produkt\/truusk-hundvagn-kattbuggy-hopfallbar-upp-till-30-kg-kudde-nat-fonster-2-dorrar-forvaringsvaska-brun\/","og_site_name":"TRUUSK - Hem, Tr\u00e4dg\u00e5rd &amp; Fritid","article_modified_time":"2026-03-12T07:42:28+00:00","og_image":[{"width":2000,"height":2000,"url":"https:\/\/i0.wp.com\/truusk.se\/wp-content\/uploads\/2025\/06\/hundvagn-hundbuggy-hopfallbar-for-hundar-katter-upp-till-30-kg-kattbuggy-med-kudde-nat-fonster-2-dorrar-forvaringsvaska-kattvagn-buggy-brun-1.webp?fit=2000%2C2000&ssl=1","type":"image\/webp"}],"twitter_card":"summary_large_image","twitter_misc":{"Ber\u00e4knad l\u00e4stid":"1 minut"},"schema":{"@context":"https:\/\/schema.org","@graph":[{"@type":"WebPage","@id":"https:\/\/truusk.store\/sv\/produkt\/truusk-hundvagn-kattbuggy-hopfallbar-upp-till-30-kg-kudde-nat-fonster-2-dorrar-forvaringsvaska-brun\/","url":"https:\/\/truusk.store\/sv\/produkt\/truusk-hundvagn-kattbuggy-hopfallbar-upp-till-30-kg-kudde-nat-fonster-2-dorrar-forvaringsvaska-brun\/","name":"TRUUSK Hundvagn &amp; Kattbuggy - Hopf\u00e4llbar - Upp Till 30 kg - Kudde - N\u00e4t F\u00f6nster - 2 D\u00f6rrar - F\u00f6rvaringsv\u00e4ska - Brun - TRUUSK - Hem, Tr\u00e4dg\u00e5rd &amp; Fritid","isPartOf":{"@id":"https:\/\/truusk.store\/sv\/#website"},"primaryImageOfPage":{"@id":"https:\/\/truusk.store\/sv\/produkt\/truusk-hundvagn-kattbuggy-hopfallbar-upp-till-30-kg-kudde-nat-fonster-2-dorrar-forvaringsvaska-brun\/#primaryimage"},"image":{"@id":"https:\/\/truusk.store\/sv\/produkt\/truusk-hundvagn-kattbuggy-hopfallbar-upp-till-30-kg-kudde-nat-fonster-2-dorrar-forvaringsvaska-brun\/#primaryimage"},"thumbnailUrl":"https:\/\/i0.wp.com\/truusk.store\/wp-content\/uploads\/2025\/06\/hundvagn-hundbuggy-hopfallbar-for-hundar-katter-upp-till-30-kg-kattbuggy-med-kudde-nat-fonster-2-dorrar-forvaringsvaska-kattvagn-buggy-brun-1.webp?fit=2000%2C2000&ssl=1","datePublished":"2025-06-06T06:21:54+00:00","dateModified":"2026-03-12T07:42:28+00:00","breadcrumb":{"@id":"https:\/\/truusk.store\/sv\/produkt\/truusk-hundvagn-kattbuggy-hopfallbar-upp-till-30-kg-kudde-nat-fonster-2-dorrar-forvaringsvaska-brun\/#breadcrumb"},"inLanguage":"sv-SE","potentialAction":[{"@type":"ReadAction","target":["https:\/\/truusk.store\/sv\/produkt\/truusk-hundvagn-kattbuggy-hopfallbar-upp-till-30-kg-kudde-nat-fonster-2-dorrar-forvaringsvaska-brun\/"]}]},{"@type":"ImageObject","inLanguage":"sv-SE","@id":"https:\/\/truusk.store\/sv\/produkt\/truusk-hundvagn-kattbuggy-hopfallbar-upp-till-30-kg-kudde-nat-fonster-2-dorrar-forvaringsvaska-brun\/#primaryimage","url":"https:\/\/i0.wp.com\/truusk.store\/wp-content\/uploads\/2025\/06\/hundvagn-hundbuggy-hopfallbar-for-hundar-katter-upp-till-30-kg-kattbuggy-med-kudde-nat-fonster-2-dorrar-forvaringsvaska-kattvagn-buggy-brun-1.webp?fit=2000%2C2000&ssl=1","contentUrl":"https:\/\/i0.wp.com\/truusk.store\/wp-content\/uploads\/2025\/06\/hundvagn-hundbuggy-hopfallbar-for-hundar-katter-upp-till-30-kg-kattbuggy-med-kudde-nat-fonster-2-dorrar-forvaringsvaska-kattvagn-buggy-brun-1.webp?fit=2000%2C2000&ssl=1","width":2000,"height":2000},{"@type":"BreadcrumbList","@id":"https:\/\/truusk.store\/sv\/produkt\/truusk-hundvagn-kattbuggy-hopfallbar-upp-till-30-kg-kudde-nat-fonster-2-dorrar-forvaringsvaska-brun\/#breadcrumb","itemListElement":[{"@type":"ListItem","position":1,"name":"Home","item":"https:\/\/truusk.store\/sv\/"},{"@type":"ListItem","position":2,"name":"Shop","item":"https:\/\/truusk.store\/shop\/"},{"@type":"ListItem","position":3,"name":"TRUUSK Hundvagn &amp; Kattbuggy &#8211; Hopf\u00e4llbar &#8211; Upp Till 30 kg &#8211; Kudde &#8211; N\u00e4t F\u00f6nster &#8211; 2 D\u00f6rrar &#8211; F\u00f6rvaringsv\u00e4ska &#8211; Brun"}]},{"@type":"WebSite","@id":"https:\/\/truusk.store\/sv\/#website","url":"https:\/\/truusk.store\/sv\/","name":"TRUUSK - Hem, Tr\u00e4dg\u00e5rd & Fritid","description":"","publisher":{"@id":"https:\/\/truusk.store\/sv\/#organization"},"potentialAction":[{"@type":"SearchAction","target":{"@type":"EntryPoint","urlTemplate":"https:\/\/truusk.store\/sv\/?s={search_term_string}"},"query-input":{"@type":"PropertyValueSpecification","valueRequired":true,"valueName":"search_term_string"}}],"inLanguage":"sv-SE"},{"@type":"Organization","@id":"https:\/\/truusk.store\/sv\/#organization","name":"TRUUSK - Hem, Tr\u00e4dg\u00e5rd & Fritid","url":"https:\/\/truusk.store\/sv\/","logo":{"@type":"ImageObject","inLanguage":"sv-SE","@id":"https:\/\/truusk.store\/sv\/#\/schema\/logo\/image\/","url":"https:\/\/i0.wp.com\/truusk.store\/wp-content\/uploads\/2026\/03\/cropped-TRUUSK.png?fit=2032%2C917&ssl=1","contentUrl":"https:\/\/i0.wp.com\/truusk.store\/wp-content\/uploads\/2026\/03\/cropped-TRUUSK.png?fit=2032%2C917&ssl=1","width":2032,"height":917,"caption":"TRUUSK - Hem, Tr\u00e4dg\u00e5rd & Fritid"},"image":{"@id":"https:\/\/truusk.store\/sv\/#\/schema\/logo\/image\/"}}]}},"jetpack_sharing_enabled":true,"_links":{"self":[{"href":"https:\/\/truusk.store\/sv\/wp-json\/wp\/v2\/product\/77562","targetHints":{"allow":["GET"]}}],"collection":[{"href":"https:\/\/truusk.store\/sv\/wp-json\/wp\/v2\/product"}],"about":[{"href":"https:\/\/truusk.store\/sv\/wp-json\/wp\/v2\/types\/product"}],"wp:featuredmedia":[{"embeddable":true,"href":"https:\/\/truusk.store\/sv\/wp-json\/wp\/v2\/media\/77552"}],"wp:attachment":[{"href":"https:\/\/truusk.store\/sv\/wp-json\/wp\/v2\/media?parent=77562"}],"wp:term":[{"taxonomy":"product_brand","embeddable":true,"href":"https:\/\/truusk.store\/sv\/wp-json\/wp\/v2\/product_brand?post=77562"},{"taxonomy":"product_cat","embeddable":true,"href":"https:\/\/truusk.store\/sv\/wp-json\/wp\/v2\/product_cat?post=77562"},{"taxonomy":"product_tag","embeddable":true,"href":"https:\/\/truusk.store\/sv\/wp-json\/wp\/v2\/product_tag?post=77562"}],"curies":[{"name":"wp","href":"https:\/\/api.w.org\/{rel}","templated":true}]}}