{"id":77581,"date":"2025-06-06T07:23:41","date_gmt":"2025-06-06T06:23:41","guid":{"rendered":"https:\/\/truusk.store\/product\/badrumsspegel-med-belysning-90x70-cm-led-spegel-vaggspegel-med-minnesfunktion-3-ljusfarger-dimfri-ljusspegel-med-touchbrytare-silver\/"},"modified":"2026-03-12T09:38:36","modified_gmt":"2026-03-12T08:38:36","slug":"truusk-badrumsspegel-med-led-belysning-90x70-cm-dimbar-3-ljusfarger-minnesfunktion-touchbrytare-silver","status":"publish","type":"product","link":"https:\/\/truusk.store\/sv\/produkt\/truusk-badrumsspegel-med-led-belysning-90x70-cm-dimbar-3-ljusfarger-minnesfunktion-touchbrytare-silver\/","title":{"rendered":"TRUUSK Badrumsspegel med LED-belysning 90&#215;70 cm &#8211; Dimbar &#8211; 3 ljusf\u00e4rger &#8211; Minnesfunktion &#8211; Touchbrytare &#8211; Silver"},"content":{"rendered":"<p>Den h\u00e4r trendiga TRUUSK badrumsspegeln med belysning \u00e4r mer \u00e4n bara ett badrumstillbeh\u00f6r. Dess eleganta design g\u00f6r den till en riktig blickf\u00e5ngare. Ramen har justerbart LED-ljus. Med touch-sensorn kan du justera ljusstyrkan och ljusf\u00e4rgen mellan varmvitt, vitt och kallvitt. Tack vare anti-dimfunktionen f\u00f6rblir LED-badrumsspegeln klar \u00e4ven efter duschen, s\u00e5 att du alltid kan se dig sj\u00e4lv i denna badrumsspegel.<\/p>\n<p>Beskrivning:<\/p>\n<ul>\n<li> Praktisk Smart-Touch-funktion: V\u00e4lj mellan varmvitt, vitt, kallvitt och ljusstyrka<\/li>\n<li> Avdimningsfunktionen p\u00e5 v\u00e4ggspegeln h\u00e5ller glaset klart i \u00e5ngande milj\u00f6er. Automatisk avst\u00e4ngning efter en halvtimme<\/li>\n<li> Minnesfunktionen p\u00e5 badrumsspegeln f\u00f6r att beh\u00e5lla de senaste inst\u00e4llningarna<\/li>\n<li> IP44-certifierad: LED-badrumsspegeln \u00e4r l\u00e4mplig f\u00f6r fuktiga milj\u00f6er<\/li>\n<li> H\u00e4rdat glas med silverf\u00e4rgad bel\u00e4ggning och kopparfritt flerskiktsdesign: ingen oxidation<\/li>\n<li> Kan monteras b\u00e5de vertikalt och horisontellt<\/li>\n<li> Kabelbundet design: Installation kr\u00e4vs av en professionell<\/li>\n<\/ul>\n<p> Tekniska data:<\/p>\n<ul>\n<li> F\u00e4rg: Silver<\/li>\n<li> Material: H\u00e4rdat glas<\/li>\n<li> Totala dimensioner: 90L x 70B x 4T cm<\/li>\n<li> Avdimningsstorlek: 30L x 40H cm<\/li>\n<li> Kabell\u00e4ngd: 0,45 m<\/li>\n<li> F\u00e4rgtemperatur: 3000K, 4500K, 6500K<\/li>\n<li> Lumen: 5328 Lm<\/li>\n<li> Effekt: Total: 55W, Ljus: 32W<\/li>\n<li> Ing\u00e5ng: AC 220-240V, 50\/60Hz<\/li>\n<li> Adapterutg\u00e5ng: DC 12V \/ 3,5A \/ 42W<\/li>\n<li> IP-klassificering: IP44<\/li>\n<li> Artikelbeteckning: 834-106V71SR<\/li>\n<\/ul>\n<p>Leveransinneh\u00e5ll:<\/p>\n<ul>\n<li> 1 x Badrumsspegel<\/li>\n<li> 1 x Bruksanvisning<\/li>\n<li> 1 x Skruvset<\/li>\n<li> 1 x F\u00f6rdelningsl\u00e5da<\/li>\n<\/ul>\n","protected":false},"excerpt":{"rendered":"<p>Den h\u00e4r trendiga TRUUSK badrumsspegeln med belysning \u00e4r mer \u00e4n bara ett badrumstillbeh\u00f6r. Dess eleganta design g\u00f6r den till en&#8230;<\/p>\n","protected":false},"featured_media":77572,"template":"","meta":[],"product_brand":[],"product_cat":[915,969,871],"product_tag":[],"class_list":{"0":"post-77581","1":"product","2":"type-product","3":"status-publish","4":"has-post-thumbnail","6":"product_cat-badrum","7":"product_cat-badrumsspegel","8":"product_cat-hus-hem","10":"first","11":"instock","12":"sale","13":"taxable","14":"shipping-taxable","15":"purchasable","16":"product-type-simple"},"yoast_head":"<!-- This site is optimized with the Yoast SEO plugin v25.4 - https:\/\/yoast.com\/wordpress\/plugins\/seo\/ -->\n<title>TRUUSK Badrumsspegel med LED-belysning 90x70 cm - Dimbar - 3 ljusf\u00e4rger - Minnesfunktion - Touchbrytare - Silver - TRUUSK - Hem, Tr\u00e4dg\u00e5rd &amp; Fritid<\/title>\n<meta name=\"robots\" content=\"index, follow, max-snippet:-1, max-image-preview:large, max-video-preview:-1\" \/>\n<link rel=\"canonical\" href=\"https:\/\/truusk.store\/sv\/produkt\/truusk-badrumsspegel-med-led-belysning-90x70-cm-dimbar-3-ljusfarger-minnesfunktion-touchbrytare-silver\/\" \/>\n<meta property=\"og:locale\" content=\"sv_SE\" \/>\n<meta property=\"og:type\" content=\"article\" \/>\n<meta property=\"og:title\" content=\"TRUUSK Badrumsspegel med LED-belysning 90x70 cm - Dimbar - 3 ljusf\u00e4rger - Minnesfunktion - Touchbrytare - Silver - TRUUSK - Hem, Tr\u00e4dg\u00e5rd &amp; Fritid\" \/>\n<meta property=\"og:description\" content=\"Den h\u00e4r trendiga TRUUSK badrumsspegeln med belysning \u00e4r mer \u00e4n bara ett badrumstillbeh\u00f6r. Dess eleganta design g\u00f6r den till en...\" \/>\n<meta property=\"og:url\" content=\"https:\/\/truusk.store\/sv\/produkt\/truusk-badrumsspegel-med-led-belysning-90x70-cm-dimbar-3-ljusfarger-minnesfunktion-touchbrytare-silver\/\" \/>\n<meta property=\"og:site_name\" content=\"TRUUSK - Hem, Tr\u00e4dg\u00e5rd &amp; Fritid\" \/>\n<meta property=\"article:modified_time\" content=\"2026-03-12T08:38:36+00:00\" \/>\n<meta property=\"og:image\" content=\"https:\/\/i0.wp.com\/truusk.se\/wp-content\/uploads\/2025\/06\/badrumsspegel-med-belysning-90x70-cm-led-spegel-vaggspegel-med-minnesfunktion-3-ljusfarger-dimfri-ljusspegel-med-touchbrytare-silver-1.webp?fit=2000%2C2000&ssl=1\" \/>\n\t<meta property=\"og:image:width\" content=\"2000\" \/>\n\t<meta property=\"og:image:height\" content=\"2000\" \/>\n\t<meta property=\"og:image:type\" content=\"image\/webp\" \/>\n<meta name=\"twitter:card\" content=\"summary_large_image\" \/>\n<meta name=\"twitter:label1\" content=\"Ber\u00e4knad l\u00e4stid\" \/>\n\t<meta name=\"twitter:data1\" content=\"1 minut\" \/>\n<!-- \/ Yoast SEO plugin. -->","yoast_head_json":{"title":"TRUUSK Badrumsspegel med LED-belysning 90x70 cm - Dimbar - 3 ljusf\u00e4rger - Minnesfunktion - Touchbrytare - Silver - TRUUSK - Hem, Tr\u00e4dg\u00e5rd &amp; Fritid","robots":{"index":"index","follow":"follow","max-snippet":"max-snippet:-1","max-image-preview":"max-image-preview:large","max-video-preview":"max-video-preview:-1"},"canonical":"https:\/\/truusk.store\/sv\/produkt\/truusk-badrumsspegel-med-led-belysning-90x70-cm-dimbar-3-ljusfarger-minnesfunktion-touchbrytare-silver\/","og_locale":"sv_SE","og_type":"article","og_title":"TRUUSK Badrumsspegel med LED-belysning 90x70 cm - Dimbar - 3 ljusf\u00e4rger - Minnesfunktion - Touchbrytare - Silver - TRUUSK - Hem, Tr\u00e4dg\u00e5rd &amp; Fritid","og_description":"Den h\u00e4r trendiga TRUUSK badrumsspegeln med belysning \u00e4r mer \u00e4n bara ett badrumstillbeh\u00f6r. Dess eleganta design g\u00f6r den till en...","og_url":"https:\/\/truusk.store\/sv\/produkt\/truusk-badrumsspegel-med-led-belysning-90x70-cm-dimbar-3-ljusfarger-minnesfunktion-touchbrytare-silver\/","og_site_name":"TRUUSK - Hem, Tr\u00e4dg\u00e5rd &amp; Fritid","article_modified_time":"2026-03-12T08:38:36+00:00","og_image":[{"width":2000,"height":2000,"url":"https:\/\/i0.wp.com\/truusk.se\/wp-content\/uploads\/2025\/06\/badrumsspegel-med-belysning-90x70-cm-led-spegel-vaggspegel-med-minnesfunktion-3-ljusfarger-dimfri-ljusspegel-med-touchbrytare-silver-1.webp?fit=2000%2C2000&ssl=1","type":"image\/webp"}],"twitter_card":"summary_large_image","twitter_misc":{"Ber\u00e4knad l\u00e4stid":"1 minut"},"schema":{"@context":"https:\/\/schema.org","@graph":[{"@type":"WebPage","@id":"https:\/\/truusk.store\/sv\/produkt\/truusk-badrumsspegel-med-led-belysning-90x70-cm-dimbar-3-ljusfarger-minnesfunktion-touchbrytare-silver\/","url":"https:\/\/truusk.store\/sv\/produkt\/truusk-badrumsspegel-med-led-belysning-90x70-cm-dimbar-3-ljusfarger-minnesfunktion-touchbrytare-silver\/","name":"TRUUSK Badrumsspegel med LED-belysning 90x70 cm - Dimbar - 3 ljusf\u00e4rger - Minnesfunktion - Touchbrytare - Silver - TRUUSK - Hem, Tr\u00e4dg\u00e5rd &amp; Fritid","isPartOf":{"@id":"https:\/\/truusk.store\/sv\/#website"},"primaryImageOfPage":{"@id":"https:\/\/truusk.store\/sv\/produkt\/truusk-badrumsspegel-med-led-belysning-90x70-cm-dimbar-3-ljusfarger-minnesfunktion-touchbrytare-silver\/#primaryimage"},"image":{"@id":"https:\/\/truusk.store\/sv\/produkt\/truusk-badrumsspegel-med-led-belysning-90x70-cm-dimbar-3-ljusfarger-minnesfunktion-touchbrytare-silver\/#primaryimage"},"thumbnailUrl":"https:\/\/i0.wp.com\/truusk.store\/wp-content\/uploads\/2025\/06\/badrumsspegel-med-belysning-90x70-cm-led-spegel-vaggspegel-med-minnesfunktion-3-ljusfarger-dimfri-ljusspegel-med-touchbrytare-silver-1.webp?fit=2000%2C2000&ssl=1","datePublished":"2025-06-06T06:23:41+00:00","dateModified":"2026-03-12T08:38:36+00:00","breadcrumb":{"@id":"https:\/\/truusk.store\/sv\/produkt\/truusk-badrumsspegel-med-led-belysning-90x70-cm-dimbar-3-ljusfarger-minnesfunktion-touchbrytare-silver\/#breadcrumb"},"inLanguage":"sv-SE","potentialAction":[{"@type":"ReadAction","target":["https:\/\/truusk.store\/sv\/produkt\/truusk-badrumsspegel-med-led-belysning-90x70-cm-dimbar-3-ljusfarger-minnesfunktion-touchbrytare-silver\/"]}]},{"@type":"ImageObject","inLanguage":"sv-SE","@id":"https:\/\/truusk.store\/sv\/produkt\/truusk-badrumsspegel-med-led-belysning-90x70-cm-dimbar-3-ljusfarger-minnesfunktion-touchbrytare-silver\/#primaryimage","url":"https:\/\/i0.wp.com\/truusk.store\/wp-content\/uploads\/2025\/06\/badrumsspegel-med-belysning-90x70-cm-led-spegel-vaggspegel-med-minnesfunktion-3-ljusfarger-dimfri-ljusspegel-med-touchbrytare-silver-1.webp?fit=2000%2C2000&ssl=1","contentUrl":"https:\/\/i0.wp.com\/truusk.store\/wp-content\/uploads\/2025\/06\/badrumsspegel-med-belysning-90x70-cm-led-spegel-vaggspegel-med-minnesfunktion-3-ljusfarger-dimfri-ljusspegel-med-touchbrytare-silver-1.webp?fit=2000%2C2000&ssl=1","width":2000,"height":2000},{"@type":"BreadcrumbList","@id":"https:\/\/truusk.store\/sv\/produkt\/truusk-badrumsspegel-med-led-belysning-90x70-cm-dimbar-3-ljusfarger-minnesfunktion-touchbrytare-silver\/#breadcrumb","itemListElement":[{"@type":"ListItem","position":1,"name":"Home","item":"https:\/\/truusk.store\/sv\/"},{"@type":"ListItem","position":2,"name":"Shop","item":"https:\/\/truusk.store\/shop\/"},{"@type":"ListItem","position":3,"name":"TRUUSK Badrumsspegel med LED-belysning 90&#215;70 cm &#8211; Dimbar &#8211; 3 ljusf\u00e4rger &#8211; Minnesfunktion &#8211; Touchbrytare &#8211; Silver"}]},{"@type":"WebSite","@id":"https:\/\/truusk.store\/sv\/#website","url":"https:\/\/truusk.store\/sv\/","name":"TRUUSK - Hem, Tr\u00e4dg\u00e5rd & Fritid","description":"","publisher":{"@id":"https:\/\/truusk.store\/sv\/#organization"},"potentialAction":[{"@type":"SearchAction","target":{"@type":"EntryPoint","urlTemplate":"https:\/\/truusk.store\/sv\/?s={search_term_string}"},"query-input":{"@type":"PropertyValueSpecification","valueRequired":true,"valueName":"search_term_string"}}],"inLanguage":"sv-SE"},{"@type":"Organization","@id":"https:\/\/truusk.store\/sv\/#organization","name":"TRUUSK - Hem, Tr\u00e4dg\u00e5rd & Fritid","url":"https:\/\/truusk.store\/sv\/","logo":{"@type":"ImageObject","inLanguage":"sv-SE","@id":"https:\/\/truusk.store\/sv\/#\/schema\/logo\/image\/","url":"https:\/\/i0.wp.com\/truusk.store\/wp-content\/uploads\/2026\/03\/cropped-TRUUSK.png?fit=2032%2C917&ssl=1","contentUrl":"https:\/\/i0.wp.com\/truusk.store\/wp-content\/uploads\/2026\/03\/cropped-TRUUSK.png?fit=2032%2C917&ssl=1","width":2032,"height":917,"caption":"TRUUSK - Hem, Tr\u00e4dg\u00e5rd & Fritid"},"image":{"@id":"https:\/\/truusk.store\/sv\/#\/schema\/logo\/image\/"}}]}},"jetpack_sharing_enabled":true,"_links":{"self":[{"href":"https:\/\/truusk.store\/sv\/wp-json\/wp\/v2\/product\/77581","targetHints":{"allow":["GET"]}}],"collection":[{"href":"https:\/\/truusk.store\/sv\/wp-json\/wp\/v2\/product"}],"about":[{"href":"https:\/\/truusk.store\/sv\/wp-json\/wp\/v2\/types\/product"}],"wp:featuredmedia":[{"embeddable":true,"href":"https:\/\/truusk.store\/sv\/wp-json\/wp\/v2\/media\/77572"}],"wp:attachment":[{"href":"https:\/\/truusk.store\/sv\/wp-json\/wp\/v2\/media?parent=77581"}],"wp:term":[{"taxonomy":"product_brand","embeddable":true,"href":"https:\/\/truusk.store\/sv\/wp-json\/wp\/v2\/product_brand?post=77581"},{"taxonomy":"product_cat","embeddable":true,"href":"https:\/\/truusk.store\/sv\/wp-json\/wp\/v2\/product_cat?post=77581"},{"taxonomy":"product_tag","embeddable":true,"href":"https:\/\/truusk.store\/sv\/wp-json\/wp\/v2\/product_tag?post=77581"}],"curies":[{"name":"wp","href":"https:\/\/api.w.org\/{rel}","templated":true}]}}