{"id":77591,"date":"2025-06-06T07:24:48","date_gmt":"2025-06-06T06:24:48","guid":{"rendered":"https:\/\/truusk.store\/product\/hundvagn-hundvagn-hopfallbar-for-hundar-katter-upp-till-10-kg-kattvagn-med-kudde-nat-fonster-dryckhallare-forvaringsvaska-kattvagn-buggy-morkgra\/"},"modified":"2026-03-12T09:41:28","modified_gmt":"2026-03-12T08:41:28","slug":"truusk-hundvagn-och-kattvagn-hopfallbar-for-hundar-och-katter-upp-till-10-kg-kudde-nat-fonster-dryckhallare","status":"publish","type":"product","link":"https:\/\/truusk.store\/sv\/produkt\/truusk-hundvagn-och-kattvagn-hopfallbar-for-hundar-och-katter-upp-till-10-kg-kudde-nat-fonster-dryckhallare\/","title":{"rendered":"TRUUSK Hundvagn och Kattvagn &#8211; Hopf\u00e4llbar &#8211; F\u00f6r Hundar och Katter upp till 10 kg &#8211; Kudde &#8211; N\u00e4t F\u00f6nster &#8211; Dryckh\u00e5llare &#8211;"},"content":{"rendered":"<p>Vid promenader eller p\u00e5 resor beh\u00f6ver vissa husdjur st\u00f6d f\u00f6r l\u00e4ngre str\u00e4ckor eller n\u00e4r de blir \u00e4ldre. Denna TRUUSK hundvagn \u00e4r den idealiska l\u00f6sningen: En trehjulig hundvagn d\u00e4r ditt husdjur kan slappna av och k\u00e4nna sig bekv\u00e4m medan du skjuter den. Dessutom har du ett f\u00f6rvaringsutrymme f\u00f6r researtiklar som mat, djurleksaker och andra tillbeh\u00f6r. Tack vare denna hundvagn upp till 10kg \u00e4r dina husdjur s\u00e4kra under hela resan.<\/p>\n<p>Beskrivning:<\/p>\n<ul>\n<li> Bekv\u00e4mt och l\u00e4tt att transportera f\u00f6r \u00e4ldre djur samt f\u00f6rsvagade eller handikappade djur och \u00e4ven husdjur i konvalescens<\/li>\n<li> Hopf\u00e4llbar och d\u00e4rmed platsbesparande f\u00f6r f\u00f6rvaring<\/li>\n<li> 2 kopph\u00e5llare p\u00e5 styret<\/li>\n<li> N\u00e4tet p\u00e5 baksidan \u00e4r f\u00f6rsedd med en dragkedja<\/li>\n<li> Optimal ventilation, b\u00e4sta utsikt och skydd mot insekter f\u00f6r ditt husdjur erbjuds av n\u00e4tet<\/li>\n<li> Tack vare soltaket \u00e4r ditt husdjur skyddat mot alltf\u00f6r intensiv solstr\u00e5lning, n\u00e4tet och soltaket kan vid behov f\u00e4llas helt bak\u00e5t<\/li>\n<li> 3 extra f\u00f6rvaringsutrymmen samt ett gener\u00f6st f\u00f6rvaringsutrymme under sitt-\/liggytan, alla n\u00f6dv\u00e4ndiga tillbeh\u00f6r kan bekv\u00e4mt f\u00f6rvaras<\/li>\n<li> Framhjulen p\u00e5 hundvagnen kan roteras 360\u00b0<\/li>\n<li> Parkeringsbromsar p\u00e5 b\u00e5da bakhjulen<\/li>\n<li> Hundvagnen \u00e4r l\u00e4mplig f\u00f6r sm\u00e5 hundar och miniatyrhundar med en kroppsl\u00e4ngd p\u00e5 mindre \u00e4n 35 cm och en vikt p\u00e5 mindre \u00e4n 10 kg<\/li>\n<\/ul>\n<p> Tekniska data:<\/p>\n<ul>\n<li> F\u00e4rg: M\u00f6rkgr\u00e5<\/li>\n<li> Material: Polyester, St\u00e5l<\/li>\n<li> Vikt: 5 kg<\/li>\n<li> Belastning: 15 kg<\/li>\n<li> M\u00e5tt \u00f6ppen: 75L x 45B x 97H cm<\/li>\n<li> Liggyta: 55L x 32B cm<\/li>\n<li> M\u00e5tt hopf\u00e4lld: 83L x 45B x 25H cm<\/li>\n<\/ul>\n<p>Leveransinneh\u00e5ll:<\/p>\n<ul>\n<li> 1 x Hundvagn<\/li>\n<li> 1 x Bruksanvisning<\/li>\n<\/ul>\n","protected":false},"excerpt":{"rendered":"<p>Vid promenader eller p\u00e5 resor beh\u00f6ver vissa husdjur st\u00f6d f\u00f6r l\u00e4ngre str\u00e4ckor eller n\u00e4r de blir \u00e4ldre. Denna TRUUSK hundvagn&#8230;<\/p>\n","protected":false},"featured_media":77582,"template":"","meta":[],"product_brand":[],"product_cat":[895,574,579],"product_tag":[],"class_list":{"0":"post-77591","1":"product","2":"type-product","3":"status-publish","4":"has-post-thumbnail","6":"product_cat-djurutrustning","7":"product_cat-hundtillbehor","8":"product_cat-hundvagn","10":"first","11":"instock","12":"sale","13":"taxable","14":"shipping-taxable","15":"purchasable","16":"product-type-simple"},"yoast_head":"<!-- This site is optimized with the Yoast SEO plugin v25.4 - https:\/\/yoast.com\/wordpress\/plugins\/seo\/ -->\n<title>TRUUSK Hundvagn och Kattvagn - Hopf\u00e4llbar - F\u00f6r Hundar och Katter upp till 10 kg - Kudde - N\u00e4t F\u00f6nster - Dryckh\u00e5llare - TRUUSK - Hem, Tr\u00e4dg\u00e5rd &amp; Fritid<\/title>\n<meta name=\"robots\" content=\"index, follow, max-snippet:-1, max-image-preview:large, max-video-preview:-1\" \/>\n<link rel=\"canonical\" href=\"https:\/\/truusk.store\/sv\/produkt\/truusk-hundvagn-och-kattvagn-hopfallbar-for-hundar-och-katter-upp-till-10-kg-kudde-nat-fonster-dryckhallare\/\" \/>\n<meta property=\"og:locale\" content=\"sv_SE\" \/>\n<meta property=\"og:type\" content=\"article\" \/>\n<meta property=\"og:title\" content=\"TRUUSK Hundvagn och Kattvagn - Hopf\u00e4llbar - F\u00f6r Hundar och Katter upp till 10 kg - Kudde - N\u00e4t F\u00f6nster - Dryckh\u00e5llare - TRUUSK - Hem, Tr\u00e4dg\u00e5rd &amp; Fritid\" \/>\n<meta property=\"og:description\" content=\"Vid promenader eller p\u00e5 resor beh\u00f6ver vissa husdjur st\u00f6d f\u00f6r l\u00e4ngre str\u00e4ckor eller n\u00e4r de blir \u00e4ldre. Denna TRUUSK hundvagn...\" \/>\n<meta property=\"og:url\" content=\"https:\/\/truusk.store\/sv\/produkt\/truusk-hundvagn-och-kattvagn-hopfallbar-for-hundar-och-katter-upp-till-10-kg-kudde-nat-fonster-dryckhallare\/\" \/>\n<meta property=\"og:site_name\" content=\"TRUUSK - Hem, Tr\u00e4dg\u00e5rd &amp; Fritid\" \/>\n<meta property=\"article:modified_time\" content=\"2026-03-12T08:41:28+00:00\" \/>\n<meta property=\"og:image\" content=\"https:\/\/i0.wp.com\/truusk.se\/wp-content\/uploads\/2025\/06\/hundvagn-hundvagn-hopfallbar-for-hundar-katter-upp-till-10-kg-kattvagn-med-kudde-nat-fonster-dryckhallare-forvaringsvaska-kattvagn-buggy-morkgra-1.webp?fit=2000%2C2000&ssl=1\" \/>\n\t<meta property=\"og:image:width\" content=\"2000\" \/>\n\t<meta property=\"og:image:height\" content=\"2000\" \/>\n\t<meta property=\"og:image:type\" content=\"image\/webp\" \/>\n<meta name=\"twitter:card\" content=\"summary_large_image\" \/>\n<meta name=\"twitter:label1\" content=\"Ber\u00e4knad l\u00e4stid\" \/>\n\t<meta name=\"twitter:data1\" content=\"1 minut\" \/>\n<!-- \/ Yoast SEO plugin. -->","yoast_head_json":{"title":"TRUUSK Hundvagn och Kattvagn - Hopf\u00e4llbar - F\u00f6r Hundar och Katter upp till 10 kg - Kudde - N\u00e4t F\u00f6nster - Dryckh\u00e5llare - TRUUSK - Hem, Tr\u00e4dg\u00e5rd &amp; Fritid","robots":{"index":"index","follow":"follow","max-snippet":"max-snippet:-1","max-image-preview":"max-image-preview:large","max-video-preview":"max-video-preview:-1"},"canonical":"https:\/\/truusk.store\/sv\/produkt\/truusk-hundvagn-och-kattvagn-hopfallbar-for-hundar-och-katter-upp-till-10-kg-kudde-nat-fonster-dryckhallare\/","og_locale":"sv_SE","og_type":"article","og_title":"TRUUSK Hundvagn och Kattvagn - Hopf\u00e4llbar - F\u00f6r Hundar och Katter upp till 10 kg - Kudde - N\u00e4t F\u00f6nster - Dryckh\u00e5llare - TRUUSK - Hem, Tr\u00e4dg\u00e5rd &amp; Fritid","og_description":"Vid promenader eller p\u00e5 resor beh\u00f6ver vissa husdjur st\u00f6d f\u00f6r l\u00e4ngre str\u00e4ckor eller n\u00e4r de blir \u00e4ldre. Denna TRUUSK hundvagn...","og_url":"https:\/\/truusk.store\/sv\/produkt\/truusk-hundvagn-och-kattvagn-hopfallbar-for-hundar-och-katter-upp-till-10-kg-kudde-nat-fonster-dryckhallare\/","og_site_name":"TRUUSK - Hem, Tr\u00e4dg\u00e5rd &amp; Fritid","article_modified_time":"2026-03-12T08:41:28+00:00","og_image":[{"width":2000,"height":2000,"url":"https:\/\/i0.wp.com\/truusk.se\/wp-content\/uploads\/2025\/06\/hundvagn-hundvagn-hopfallbar-for-hundar-katter-upp-till-10-kg-kattvagn-med-kudde-nat-fonster-dryckhallare-forvaringsvaska-kattvagn-buggy-morkgra-1.webp?fit=2000%2C2000&ssl=1","type":"image\/webp"}],"twitter_card":"summary_large_image","twitter_misc":{"Ber\u00e4knad l\u00e4stid":"1 minut"},"schema":{"@context":"https:\/\/schema.org","@graph":[{"@type":"WebPage","@id":"https:\/\/truusk.store\/sv\/produkt\/truusk-hundvagn-och-kattvagn-hopfallbar-for-hundar-och-katter-upp-till-10-kg-kudde-nat-fonster-dryckhallare\/","url":"https:\/\/truusk.store\/sv\/produkt\/truusk-hundvagn-och-kattvagn-hopfallbar-for-hundar-och-katter-upp-till-10-kg-kudde-nat-fonster-dryckhallare\/","name":"TRUUSK Hundvagn och Kattvagn - Hopf\u00e4llbar - F\u00f6r Hundar och Katter upp till 10 kg - Kudde - N\u00e4t F\u00f6nster - Dryckh\u00e5llare - TRUUSK - Hem, Tr\u00e4dg\u00e5rd &amp; Fritid","isPartOf":{"@id":"https:\/\/truusk.store\/sv\/#website"},"primaryImageOfPage":{"@id":"https:\/\/truusk.store\/sv\/produkt\/truusk-hundvagn-och-kattvagn-hopfallbar-for-hundar-och-katter-upp-till-10-kg-kudde-nat-fonster-dryckhallare\/#primaryimage"},"image":{"@id":"https:\/\/truusk.store\/sv\/produkt\/truusk-hundvagn-och-kattvagn-hopfallbar-for-hundar-och-katter-upp-till-10-kg-kudde-nat-fonster-dryckhallare\/#primaryimage"},"thumbnailUrl":"https:\/\/i0.wp.com\/truusk.store\/wp-content\/uploads\/2025\/06\/hundvagn-hundvagn-hopfallbar-for-hundar-katter-upp-till-10-kg-kattvagn-med-kudde-nat-fonster-dryckhallare-forvaringsvaska-kattvagn-buggy-morkgra-1.webp?fit=2000%2C2000&ssl=1","datePublished":"2025-06-06T06:24:48+00:00","dateModified":"2026-03-12T08:41:28+00:00","breadcrumb":{"@id":"https:\/\/truusk.store\/sv\/produkt\/truusk-hundvagn-och-kattvagn-hopfallbar-for-hundar-och-katter-upp-till-10-kg-kudde-nat-fonster-dryckhallare\/#breadcrumb"},"inLanguage":"sv-SE","potentialAction":[{"@type":"ReadAction","target":["https:\/\/truusk.store\/sv\/produkt\/truusk-hundvagn-och-kattvagn-hopfallbar-for-hundar-och-katter-upp-till-10-kg-kudde-nat-fonster-dryckhallare\/"]}]},{"@type":"ImageObject","inLanguage":"sv-SE","@id":"https:\/\/truusk.store\/sv\/produkt\/truusk-hundvagn-och-kattvagn-hopfallbar-for-hundar-och-katter-upp-till-10-kg-kudde-nat-fonster-dryckhallare\/#primaryimage","url":"https:\/\/i0.wp.com\/truusk.store\/wp-content\/uploads\/2025\/06\/hundvagn-hundvagn-hopfallbar-for-hundar-katter-upp-till-10-kg-kattvagn-med-kudde-nat-fonster-dryckhallare-forvaringsvaska-kattvagn-buggy-morkgra-1.webp?fit=2000%2C2000&ssl=1","contentUrl":"https:\/\/i0.wp.com\/truusk.store\/wp-content\/uploads\/2025\/06\/hundvagn-hundvagn-hopfallbar-for-hundar-katter-upp-till-10-kg-kattvagn-med-kudde-nat-fonster-dryckhallare-forvaringsvaska-kattvagn-buggy-morkgra-1.webp?fit=2000%2C2000&ssl=1","width":2000,"height":2000},{"@type":"BreadcrumbList","@id":"https:\/\/truusk.store\/sv\/produkt\/truusk-hundvagn-och-kattvagn-hopfallbar-for-hundar-och-katter-upp-till-10-kg-kudde-nat-fonster-dryckhallare\/#breadcrumb","itemListElement":[{"@type":"ListItem","position":1,"name":"Home","item":"https:\/\/truusk.store\/sv\/"},{"@type":"ListItem","position":2,"name":"Shop","item":"https:\/\/truusk.store\/shop\/"},{"@type":"ListItem","position":3,"name":"TRUUSK Hundvagn och Kattvagn &#8211; Hopf\u00e4llbar &#8211; F\u00f6r Hundar och Katter upp till 10 kg &#8211; Kudde &#8211; N\u00e4t F\u00f6nster &#8211; Dryckh\u00e5llare &#8211;"}]},{"@type":"WebSite","@id":"https:\/\/truusk.store\/sv\/#website","url":"https:\/\/truusk.store\/sv\/","name":"TRUUSK - Hem, Tr\u00e4dg\u00e5rd & Fritid","description":"","publisher":{"@id":"https:\/\/truusk.store\/sv\/#organization"},"potentialAction":[{"@type":"SearchAction","target":{"@type":"EntryPoint","urlTemplate":"https:\/\/truusk.store\/sv\/?s={search_term_string}"},"query-input":{"@type":"PropertyValueSpecification","valueRequired":true,"valueName":"search_term_string"}}],"inLanguage":"sv-SE"},{"@type":"Organization","@id":"https:\/\/truusk.store\/sv\/#organization","name":"TRUUSK - Hem, Tr\u00e4dg\u00e5rd & Fritid","url":"https:\/\/truusk.store\/sv\/","logo":{"@type":"ImageObject","inLanguage":"sv-SE","@id":"https:\/\/truusk.store\/sv\/#\/schema\/logo\/image\/","url":"https:\/\/i0.wp.com\/truusk.store\/wp-content\/uploads\/2026\/03\/cropped-TRUUSK.png?fit=2032%2C917&ssl=1","contentUrl":"https:\/\/i0.wp.com\/truusk.store\/wp-content\/uploads\/2026\/03\/cropped-TRUUSK.png?fit=2032%2C917&ssl=1","width":2032,"height":917,"caption":"TRUUSK - Hem, Tr\u00e4dg\u00e5rd & Fritid"},"image":{"@id":"https:\/\/truusk.store\/sv\/#\/schema\/logo\/image\/"}}]}},"jetpack_sharing_enabled":true,"_links":{"self":[{"href":"https:\/\/truusk.store\/sv\/wp-json\/wp\/v2\/product\/77591","targetHints":{"allow":["GET"]}}],"collection":[{"href":"https:\/\/truusk.store\/sv\/wp-json\/wp\/v2\/product"}],"about":[{"href":"https:\/\/truusk.store\/sv\/wp-json\/wp\/v2\/types\/product"}],"wp:featuredmedia":[{"embeddable":true,"href":"https:\/\/truusk.store\/sv\/wp-json\/wp\/v2\/media\/77582"}],"wp:attachment":[{"href":"https:\/\/truusk.store\/sv\/wp-json\/wp\/v2\/media?parent=77591"}],"wp:term":[{"taxonomy":"product_brand","embeddable":true,"href":"https:\/\/truusk.store\/sv\/wp-json\/wp\/v2\/product_brand?post=77591"},{"taxonomy":"product_cat","embeddable":true,"href":"https:\/\/truusk.store\/sv\/wp-json\/wp\/v2\/product_cat?post=77591"},{"taxonomy":"product_tag","embeddable":true,"href":"https:\/\/truusk.store\/sv\/wp-json\/wp\/v2\/product_tag?post=77591"}],"curies":[{"name":"wp","href":"https:\/\/api.w.org\/{rel}","templated":true}]}}