{"id":77601,"date":"2025-06-06T07:25:44","date_gmt":"2025-06-06T06:25:44","guid":{"rendered":"https:\/\/truusk.store\/product\/hundbadd-utomhus-med-tak-hojd-hundbadd-for-medelstora-hundar-kylande-husdjursbadd-med-tvattbart-mesh-metallram-barvaska-husdjursbadd-for-utomhus-camping-76x61x71cm-kaffe\/"},"modified":"2026-03-12T08:44:34","modified_gmt":"2026-03-12T07:44:34","slug":"truusk-hundbadd-utomhus-med-tak-hojd-hundbadd-for-medelstora-hundar-kylande-husdjursbadd-tvattbart-mesh-metallram","status":"publish","type":"product","link":"https:\/\/truusk.store\/sv\/produkt\/truusk-hundbadd-utomhus-med-tak-hojd-hundbadd-for-medelstora-hundar-kylande-husdjursbadd-tvattbart-mesh-metallram\/","title":{"rendered":"TRUUSK Hundb\u00e4dd Utomhus med Tak &#8211; H\u00f6jd Hundb\u00e4dd f\u00f6r Medelstora Hundar &#8211; Kylande Husdjursb\u00e4dd &#8211; Tv\u00e4ttbart Mesh &#8211; Metallram &#8211;"},"content":{"rendered":"<p>Sk\u00e4m bort din lurviga v\u00e4n med TRUUSK Outdoor hundb\u00e4dd med tak, som h\u00e5ller honom sval och skyddad. Den innovativa designen p\u00e5 utomhushundb\u00e4dden inkluderar en tredelad baldakin f\u00f6r optimalt solskydd och \u00e4r l\u00e4tt att ta bort. 18 cm h\u00f6jd f\u00f6r stabil torrhet och tillverkad av luftigt Texteline-n\u00e4t, erbjuder utomhushundb\u00e4dden sm\u00e5 till medelstora hundar upp till 20 kg en idealisk tillflyktsort. Perfekt f\u00f6r hemmet eller p\u00e5 resande fot med den medf\u00f6ljande f\u00f6rvaringsv\u00e4skan!<\/p>\n<p>Beskrivning:<\/p>\n<ul>\n<li> Hundb\u00e4ddens tredelade baldakin med solskydd skyddar mot solen och \u00f6kar hundens komfort<\/li>\n<li> Avtagbar baldakin p\u00e5 utomhushundb\u00e4dden anpassar sig till inomhus- eller utomhusomr\u00e5den<\/li>\n<li> 18 cm h\u00f6jd \u00f6ver marken, f\u00f6rhindrar fukt och ger stabilitet<\/li>\n<li> Texteline-n\u00e4tet p\u00e5 hundb\u00e4dden med tak fr\u00e4mjar luftcirkulation och h\u00e5ller hundar svala<\/li>\n<li> N\u00e4t f\u00f6nster bibeh\u00e5ller andningsf\u00f6rm\u00e5ga och komfort<\/li>\n<li> Inkluderar f\u00f6rvaringsv\u00e4ska f\u00f6r bekv\u00e4m b\u00e4rbarhet och lagring<\/li>\n<li> Enkel montering och minimalt underh\u00e5ll kr\u00e4vs<\/li>\n<li> L\u00e4mplig f\u00f6r sm\u00e5 och medelstora hundar upp till 20 kg och 50 cm kroppsl\u00e4ngd<\/li>\n<\/ul>\n<p> Tekniska data:<\/p>\n<ul>\n<li> F\u00e4rg: Kaffe+Svart<\/li>\n<li> Material: Oxford-tyg, n\u00e4ttyg, polyester, st\u00e5l<\/li>\n<li> Totala dimensioner: 76L x 61B x 71H cm<\/li>\n<li> B\u00e4ddstorlek: 76L x 61B cm<\/li>\n<li> Textilene-n\u00e4t: 44L x 31B cm<\/li>\n<li> B\u00e4ddh\u00f6jd: 18H cm<\/li>\n<li> N\u00e4t f\u00f6nster: 18H cm<\/li>\n<li> F\u00f6rvaringsv\u00e4ska: 78L x 15B cm<\/li>\n<\/ul>\n<p>Leveransinneh\u00e5ll:<\/p>\n<ul>\n<li> 1 x H\u00f6jd hundb\u00e4dd<\/li>\n<li> 1 x F\u00f6rvaringsv\u00e4ska<\/li>\n<li> 1 x Handbok<\/li>\n<\/ul>\n","protected":false},"excerpt":{"rendered":"<p>Sk\u00e4m bort din lurviga v\u00e4n med TRUUSK Outdoor hundb\u00e4dd med tak, som h\u00e5ller honom sval och skyddad. Den innovativa designen&#8230;<\/p>\n","protected":false},"featured_media":77592,"template":"","meta":[],"product_brand":[],"product_cat":[878,576,574],"product_tag":[],"class_list":{"0":"post-77601","1":"product","2":"type-product","3":"status-publish","4":"has-post-thumbnail","6":"product_cat-djurbehov","7":"product_cat-hundsangar-hundsoffor","8":"product_cat-hundtillbehor","10":"first","11":"instock","12":"sale","13":"taxable","14":"shipping-taxable","15":"purchasable","16":"product-type-simple"},"yoast_head":"<!-- This site is optimized with the Yoast SEO plugin v25.4 - https:\/\/yoast.com\/wordpress\/plugins\/seo\/ -->\n<title>TRUUSK Hundb\u00e4dd Utomhus med Tak - H\u00f6jd Hundb\u00e4dd f\u00f6r Medelstora Hundar - Kylande Husdjursb\u00e4dd - Tv\u00e4ttbart Mesh - Metallram - TRUUSK - Hem, Tr\u00e4dg\u00e5rd &amp; Fritid<\/title>\n<meta name=\"robots\" content=\"index, follow, max-snippet:-1, max-image-preview:large, max-video-preview:-1\" \/>\n<link rel=\"canonical\" href=\"https:\/\/truusk.store\/sv\/produkt\/truusk-hundbadd-utomhus-med-tak-hojd-hundbadd-for-medelstora-hundar-kylande-husdjursbadd-tvattbart-mesh-metallram\/\" \/>\n<meta property=\"og:locale\" content=\"sv_SE\" \/>\n<meta property=\"og:type\" content=\"article\" \/>\n<meta property=\"og:title\" content=\"TRUUSK Hundb\u00e4dd Utomhus med Tak - H\u00f6jd Hundb\u00e4dd f\u00f6r Medelstora Hundar - Kylande Husdjursb\u00e4dd - Tv\u00e4ttbart Mesh - Metallram - TRUUSK - Hem, Tr\u00e4dg\u00e5rd &amp; Fritid\" \/>\n<meta property=\"og:description\" content=\"Sk\u00e4m bort din lurviga v\u00e4n med TRUUSK Outdoor hundb\u00e4dd med tak, som h\u00e5ller honom sval och skyddad. Den innovativa designen...\" \/>\n<meta property=\"og:url\" content=\"https:\/\/truusk.store\/sv\/produkt\/truusk-hundbadd-utomhus-med-tak-hojd-hundbadd-for-medelstora-hundar-kylande-husdjursbadd-tvattbart-mesh-metallram\/\" \/>\n<meta property=\"og:site_name\" content=\"TRUUSK - Hem, Tr\u00e4dg\u00e5rd &amp; Fritid\" \/>\n<meta property=\"article:modified_time\" content=\"2026-03-12T07:44:34+00:00\" \/>\n<meta property=\"og:image\" content=\"https:\/\/i0.wp.com\/truusk.se\/wp-content\/uploads\/2025\/06\/hundbadd-utomhus-med-tak-hojd-hundbadd-for-medelstora-hundar-kylande-husdjursbadd-med-tvattbart-mesh-metallram-barvaska-husdjursbadd-for-utomhus-camping-76x61x71cm-kaffe-1.webp?fit=2000%2C2000&ssl=1\" \/>\n\t<meta property=\"og:image:width\" content=\"2000\" \/>\n\t<meta property=\"og:image:height\" content=\"2000\" \/>\n\t<meta property=\"og:image:type\" content=\"image\/webp\" \/>\n<meta name=\"twitter:card\" content=\"summary_large_image\" \/>\n<meta name=\"twitter:label1\" content=\"Ber\u00e4knad l\u00e4stid\" \/>\n\t<meta name=\"twitter:data1\" content=\"1 minut\" \/>\n<!-- \/ Yoast SEO plugin. -->","yoast_head_json":{"title":"TRUUSK Hundb\u00e4dd Utomhus med Tak - H\u00f6jd Hundb\u00e4dd f\u00f6r Medelstora Hundar - Kylande Husdjursb\u00e4dd - Tv\u00e4ttbart Mesh - Metallram - TRUUSK - Hem, Tr\u00e4dg\u00e5rd &amp; Fritid","robots":{"index":"index","follow":"follow","max-snippet":"max-snippet:-1","max-image-preview":"max-image-preview:large","max-video-preview":"max-video-preview:-1"},"canonical":"https:\/\/truusk.store\/sv\/produkt\/truusk-hundbadd-utomhus-med-tak-hojd-hundbadd-for-medelstora-hundar-kylande-husdjursbadd-tvattbart-mesh-metallram\/","og_locale":"sv_SE","og_type":"article","og_title":"TRUUSK Hundb\u00e4dd Utomhus med Tak - H\u00f6jd Hundb\u00e4dd f\u00f6r Medelstora Hundar - Kylande Husdjursb\u00e4dd - Tv\u00e4ttbart Mesh - Metallram - TRUUSK - Hem, Tr\u00e4dg\u00e5rd &amp; Fritid","og_description":"Sk\u00e4m bort din lurviga v\u00e4n med TRUUSK Outdoor hundb\u00e4dd med tak, som h\u00e5ller honom sval och skyddad. Den innovativa designen...","og_url":"https:\/\/truusk.store\/sv\/produkt\/truusk-hundbadd-utomhus-med-tak-hojd-hundbadd-for-medelstora-hundar-kylande-husdjursbadd-tvattbart-mesh-metallram\/","og_site_name":"TRUUSK - Hem, Tr\u00e4dg\u00e5rd &amp; Fritid","article_modified_time":"2026-03-12T07:44:34+00:00","og_image":[{"width":2000,"height":2000,"url":"https:\/\/i0.wp.com\/truusk.se\/wp-content\/uploads\/2025\/06\/hundbadd-utomhus-med-tak-hojd-hundbadd-for-medelstora-hundar-kylande-husdjursbadd-med-tvattbart-mesh-metallram-barvaska-husdjursbadd-for-utomhus-camping-76x61x71cm-kaffe-1.webp?fit=2000%2C2000&ssl=1","type":"image\/webp"}],"twitter_card":"summary_large_image","twitter_misc":{"Ber\u00e4knad l\u00e4stid":"1 minut"},"schema":{"@context":"https:\/\/schema.org","@graph":[{"@type":"WebPage","@id":"https:\/\/truusk.store\/sv\/produkt\/truusk-hundbadd-utomhus-med-tak-hojd-hundbadd-for-medelstora-hundar-kylande-husdjursbadd-tvattbart-mesh-metallram\/","url":"https:\/\/truusk.store\/sv\/produkt\/truusk-hundbadd-utomhus-med-tak-hojd-hundbadd-for-medelstora-hundar-kylande-husdjursbadd-tvattbart-mesh-metallram\/","name":"TRUUSK Hundb\u00e4dd Utomhus med Tak - H\u00f6jd Hundb\u00e4dd f\u00f6r Medelstora Hundar - Kylande Husdjursb\u00e4dd - Tv\u00e4ttbart Mesh - Metallram - TRUUSK - Hem, Tr\u00e4dg\u00e5rd &amp; Fritid","isPartOf":{"@id":"https:\/\/truusk.store\/sv\/#website"},"primaryImageOfPage":{"@id":"https:\/\/truusk.store\/sv\/produkt\/truusk-hundbadd-utomhus-med-tak-hojd-hundbadd-for-medelstora-hundar-kylande-husdjursbadd-tvattbart-mesh-metallram\/#primaryimage"},"image":{"@id":"https:\/\/truusk.store\/sv\/produkt\/truusk-hundbadd-utomhus-med-tak-hojd-hundbadd-for-medelstora-hundar-kylande-husdjursbadd-tvattbart-mesh-metallram\/#primaryimage"},"thumbnailUrl":"https:\/\/i0.wp.com\/truusk.store\/wp-content\/uploads\/2025\/06\/hundbadd-utomhus-med-tak-hojd-hundbadd-for-medelstora-hundar-kylande-husdjursbadd-med-tvattbart-mesh-metallram-barvaska-husdjursbadd-for-utomhus-camping-76x61x71cm-kaffe-1.webp?fit=2000%2C2000&ssl=1","datePublished":"2025-06-06T06:25:44+00:00","dateModified":"2026-03-12T07:44:34+00:00","breadcrumb":{"@id":"https:\/\/truusk.store\/sv\/produkt\/truusk-hundbadd-utomhus-med-tak-hojd-hundbadd-for-medelstora-hundar-kylande-husdjursbadd-tvattbart-mesh-metallram\/#breadcrumb"},"inLanguage":"sv-SE","potentialAction":[{"@type":"ReadAction","target":["https:\/\/truusk.store\/sv\/produkt\/truusk-hundbadd-utomhus-med-tak-hojd-hundbadd-for-medelstora-hundar-kylande-husdjursbadd-tvattbart-mesh-metallram\/"]}]},{"@type":"ImageObject","inLanguage":"sv-SE","@id":"https:\/\/truusk.store\/sv\/produkt\/truusk-hundbadd-utomhus-med-tak-hojd-hundbadd-for-medelstora-hundar-kylande-husdjursbadd-tvattbart-mesh-metallram\/#primaryimage","url":"https:\/\/i0.wp.com\/truusk.store\/wp-content\/uploads\/2025\/06\/hundbadd-utomhus-med-tak-hojd-hundbadd-for-medelstora-hundar-kylande-husdjursbadd-med-tvattbart-mesh-metallram-barvaska-husdjursbadd-for-utomhus-camping-76x61x71cm-kaffe-1.webp?fit=2000%2C2000&ssl=1","contentUrl":"https:\/\/i0.wp.com\/truusk.store\/wp-content\/uploads\/2025\/06\/hundbadd-utomhus-med-tak-hojd-hundbadd-for-medelstora-hundar-kylande-husdjursbadd-med-tvattbart-mesh-metallram-barvaska-husdjursbadd-for-utomhus-camping-76x61x71cm-kaffe-1.webp?fit=2000%2C2000&ssl=1","width":2000,"height":2000},{"@type":"BreadcrumbList","@id":"https:\/\/truusk.store\/sv\/produkt\/truusk-hundbadd-utomhus-med-tak-hojd-hundbadd-for-medelstora-hundar-kylande-husdjursbadd-tvattbart-mesh-metallram\/#breadcrumb","itemListElement":[{"@type":"ListItem","position":1,"name":"Home","item":"https:\/\/truusk.store\/sv\/"},{"@type":"ListItem","position":2,"name":"Shop","item":"https:\/\/truusk.store\/shop\/"},{"@type":"ListItem","position":3,"name":"TRUUSK Hundb\u00e4dd Utomhus med Tak &#8211; H\u00f6jd Hundb\u00e4dd f\u00f6r Medelstora Hundar &#8211; Kylande Husdjursb\u00e4dd &#8211; Tv\u00e4ttbart Mesh &#8211; Metallram &#8211;"}]},{"@type":"WebSite","@id":"https:\/\/truusk.store\/sv\/#website","url":"https:\/\/truusk.store\/sv\/","name":"TRUUSK - Hem, Tr\u00e4dg\u00e5rd & Fritid","description":"","publisher":{"@id":"https:\/\/truusk.store\/sv\/#organization"},"potentialAction":[{"@type":"SearchAction","target":{"@type":"EntryPoint","urlTemplate":"https:\/\/truusk.store\/sv\/?s={search_term_string}"},"query-input":{"@type":"PropertyValueSpecification","valueRequired":true,"valueName":"search_term_string"}}],"inLanguage":"sv-SE"},{"@type":"Organization","@id":"https:\/\/truusk.store\/sv\/#organization","name":"TRUUSK - Hem, Tr\u00e4dg\u00e5rd & Fritid","url":"https:\/\/truusk.store\/sv\/","logo":{"@type":"ImageObject","inLanguage":"sv-SE","@id":"https:\/\/truusk.store\/sv\/#\/schema\/logo\/image\/","url":"https:\/\/i0.wp.com\/truusk.store\/wp-content\/uploads\/2026\/03\/cropped-TRUUSK.png?fit=2032%2C917&ssl=1","contentUrl":"https:\/\/i0.wp.com\/truusk.store\/wp-content\/uploads\/2026\/03\/cropped-TRUUSK.png?fit=2032%2C917&ssl=1","width":2032,"height":917,"caption":"TRUUSK - Hem, Tr\u00e4dg\u00e5rd & Fritid"},"image":{"@id":"https:\/\/truusk.store\/sv\/#\/schema\/logo\/image\/"}}]}},"jetpack_sharing_enabled":true,"_links":{"self":[{"href":"https:\/\/truusk.store\/sv\/wp-json\/wp\/v2\/product\/77601","targetHints":{"allow":["GET"]}}],"collection":[{"href":"https:\/\/truusk.store\/sv\/wp-json\/wp\/v2\/product"}],"about":[{"href":"https:\/\/truusk.store\/sv\/wp-json\/wp\/v2\/types\/product"}],"wp:featuredmedia":[{"embeddable":true,"href":"https:\/\/truusk.store\/sv\/wp-json\/wp\/v2\/media\/77592"}],"wp:attachment":[{"href":"https:\/\/truusk.store\/sv\/wp-json\/wp\/v2\/media?parent=77601"}],"wp:term":[{"taxonomy":"product_brand","embeddable":true,"href":"https:\/\/truusk.store\/sv\/wp-json\/wp\/v2\/product_brand?post=77601"},{"taxonomy":"product_cat","embeddable":true,"href":"https:\/\/truusk.store\/sv\/wp-json\/wp\/v2\/product_cat?post=77601"},{"taxonomy":"product_tag","embeddable":true,"href":"https:\/\/truusk.store\/sv\/wp-json\/wp\/v2\/product_tag?post=77601"}],"curies":[{"name":"wp","href":"https:\/\/api.w.org\/{rel}","templated":true}]}}