{"id":77691,"date":"2025-06-06T07:34:46","date_gmt":"2025-06-06T06:34:46","guid":{"rendered":"https:\/\/truusk.store\/product\/kontorsstol-skrivbordsstol-utan-armstod-med-bred-sittplats-hojdjusterbar-skraddarsits-stol-dubbelskiktad-tjock-svangstol-med-linneutseende-for-hemmakontor-morkgra\/"},"modified":"2026-03-12T08:44:50","modified_gmt":"2026-03-12T07:44:50","slug":"truusk-kontorsstol-utan-armstod-hojdjusterbar-skrivbordsstol-bred-sittplats-dubbelskiktad-tjock-svangstol-linneutseende","status":"publish","type":"product","link":"https:\/\/truusk.store\/sv\/produkt\/truusk-kontorsstol-utan-armstod-hojdjusterbar-skrivbordsstol-bred-sittplats-dubbelskiktad-tjock-svangstol-linneutseende\/","title":{"rendered":"TRUUSK Kontorsstol Utan Armst\u00f6d &#8211; H\u00f6jdjusterbar Skrivbordsstol &#8211; Bred Sittplats &#8211; Dubbelskiktad Tjock Sv\u00e4ngstol &#8211; Linneutseende &#8211;"},"content":{"rendered":"<p>Upplev komforten med TRUUSK kontorsstol: Ett rymligt s\u00e4te och dubbel skumstoppning ger komfort. Stolen, kl\u00e4dd i linne-liknande tyg, erbjuder mjukhet, andningsf\u00f6rm\u00e5ga och stil tack vare de moderna horisontella s\u00f6mmarna. Den U-formade sitsen p\u00e5 sv\u00e4ngstolen avlastar rygg och h\u00f6fter och g\u00f6r varje arbetsdag mer behaglig.<\/p>\n<p>Beskrivning:<\/p>\n<ul>\n<li> Den breda sitsen p\u00e5 datorstolen m\u00f6jligg\u00f6r bekv\u00e4mt sittande i skr\u00e4ddarst\u00e4llning<\/li>\n<li> Dubbelskiktad tjock skumstoppning ger optimal sittst\u00f6d<\/li>\n<li> Tyg i linneutseende<\/li>\n<li> U-format sitsdesign avlastar rygg och h\u00f6fter<\/li>\n<li> Sv\u00e4ngbart s\u00e4te<\/li>\n<li> Stabil korsfot med halkskyddspads \u00f6kar s\u00e4kerheten<\/li>\n<li> Modern stil p\u00e5 PC-stolen med horisontella s\u00f6mmar<\/li>\n<li> Montering kr\u00e4vs<\/li>\n<\/ul>\n<p> Tekniska data:<\/p>\n<ul>\n<li> F\u00e4rg: M\u00f6rkgr\u00e5<\/li>\n<li> Material: Tyg i linneutseende (100 % polyester), skum<\/li>\n<li> Totala dimensioner: 65,5B x 76T x 80H cm<\/li>\n<li> Sitsstorlek: 65,5B x 51,5T cm<\/li>\n<li> Sitth\u00f6jd: 46 cm<\/li>\n<li> Ryggstorlek: 50-90B x 41L cm<\/li>\n<li> Sitskuddens tjocklek: 12,5 cm<\/li>\n<li> Ryggkuddens tjocklek: 12 cm<\/li>\n<li> B\u00e4rkapacitet: 120 kg<\/li>\n<\/ul>\n<p>Leveransinneh\u00e5ll:<\/p>\n<ul>\n<li> 1 x Kontorsstol<\/li>\n<li> 1 x Handbok<\/li>\n<\/ul>\n","protected":false},"excerpt":{"rendered":"<p>Upplev komforten med TRUUSK kontorsstol: Ett rymligt s\u00e4te och dubbel skumstoppning ger komfort. Stolen, kl\u00e4dd i linne-liknande tyg, erbjuder mjukhet,&#8230;<\/p>\n","protected":false},"featured_media":77682,"template":"","meta":[],"product_brand":[],"product_cat":[872,871,516],"product_tag":[],"class_list":{"0":"post-77691","1":"product","2":"type-product","3":"status-publish","4":"has-post-thumbnail","6":"product_cat-hemmakontor-arbetsplats","7":"product_cat-hus-hem","8":"product_cat-kontorsstolar","10":"first","11":"instock","12":"sale","13":"taxable","14":"shipping-taxable","15":"purchasable","16":"product-type-simple"},"yoast_head":"<!-- This site is optimized with the Yoast SEO plugin v25.4 - https:\/\/yoast.com\/wordpress\/plugins\/seo\/ -->\n<title>TRUUSK Kontorsstol Utan Armst\u00f6d - H\u00f6jdjusterbar Skrivbordsstol - Bred Sittplats - Dubbelskiktad Tjock Sv\u00e4ngstol - Linneutseende - TRUUSK - Hem, Tr\u00e4dg\u00e5rd &amp; Fritid<\/title>\n<meta name=\"robots\" content=\"index, follow, max-snippet:-1, max-image-preview:large, max-video-preview:-1\" \/>\n<link rel=\"canonical\" href=\"https:\/\/truusk.store\/sv\/produkt\/truusk-kontorsstol-utan-armstod-hojdjusterbar-skrivbordsstol-bred-sittplats-dubbelskiktad-tjock-svangstol-linneutseende\/\" \/>\n<meta property=\"og:locale\" content=\"sv_SE\" \/>\n<meta property=\"og:type\" content=\"article\" \/>\n<meta property=\"og:title\" content=\"TRUUSK Kontorsstol Utan Armst\u00f6d - H\u00f6jdjusterbar Skrivbordsstol - Bred Sittplats - Dubbelskiktad Tjock Sv\u00e4ngstol - Linneutseende - TRUUSK - Hem, Tr\u00e4dg\u00e5rd &amp; Fritid\" \/>\n<meta property=\"og:description\" content=\"Upplev komforten med TRUUSK kontorsstol: Ett rymligt s\u00e4te och dubbel skumstoppning ger komfort. Stolen, kl\u00e4dd i linne-liknande tyg, erbjuder mjukhet,...\" \/>\n<meta property=\"og:url\" content=\"https:\/\/truusk.store\/sv\/produkt\/truusk-kontorsstol-utan-armstod-hojdjusterbar-skrivbordsstol-bred-sittplats-dubbelskiktad-tjock-svangstol-linneutseende\/\" \/>\n<meta property=\"og:site_name\" content=\"TRUUSK - Hem, Tr\u00e4dg\u00e5rd &amp; Fritid\" \/>\n<meta property=\"article:modified_time\" content=\"2026-03-12T07:44:50+00:00\" \/>\n<meta property=\"og:image\" content=\"https:\/\/i0.wp.com\/truusk.se\/wp-content\/uploads\/2025\/06\/kontorsstol-skrivbordsstol-utan-armstod-med-bred-sittplats-hojdjusterbar-skraddarsits-stol-dubbelskiktad-tjock-svangstol-med-linneutseende-for-hemmakontor-morkgra-1.webp?fit=2000%2C2000&ssl=1\" \/>\n\t<meta property=\"og:image:width\" content=\"2000\" \/>\n\t<meta property=\"og:image:height\" content=\"2000\" \/>\n\t<meta property=\"og:image:type\" content=\"image\/webp\" \/>\n<meta name=\"twitter:card\" content=\"summary_large_image\" \/>\n<meta name=\"twitter:label1\" content=\"Ber\u00e4knad l\u00e4stid\" \/>\n\t<meta name=\"twitter:data1\" content=\"1 minut\" \/>\n<!-- \/ Yoast SEO plugin. -->","yoast_head_json":{"title":"TRUUSK Kontorsstol Utan Armst\u00f6d - H\u00f6jdjusterbar Skrivbordsstol - Bred Sittplats - Dubbelskiktad Tjock Sv\u00e4ngstol - Linneutseende - TRUUSK - Hem, Tr\u00e4dg\u00e5rd &amp; Fritid","robots":{"index":"index","follow":"follow","max-snippet":"max-snippet:-1","max-image-preview":"max-image-preview:large","max-video-preview":"max-video-preview:-1"},"canonical":"https:\/\/truusk.store\/sv\/produkt\/truusk-kontorsstol-utan-armstod-hojdjusterbar-skrivbordsstol-bred-sittplats-dubbelskiktad-tjock-svangstol-linneutseende\/","og_locale":"sv_SE","og_type":"article","og_title":"TRUUSK Kontorsstol Utan Armst\u00f6d - H\u00f6jdjusterbar Skrivbordsstol - Bred Sittplats - Dubbelskiktad Tjock Sv\u00e4ngstol - Linneutseende - TRUUSK - Hem, Tr\u00e4dg\u00e5rd &amp; Fritid","og_description":"Upplev komforten med TRUUSK kontorsstol: Ett rymligt s\u00e4te och dubbel skumstoppning ger komfort. Stolen, kl\u00e4dd i linne-liknande tyg, erbjuder mjukhet,...","og_url":"https:\/\/truusk.store\/sv\/produkt\/truusk-kontorsstol-utan-armstod-hojdjusterbar-skrivbordsstol-bred-sittplats-dubbelskiktad-tjock-svangstol-linneutseende\/","og_site_name":"TRUUSK - Hem, Tr\u00e4dg\u00e5rd &amp; Fritid","article_modified_time":"2026-03-12T07:44:50+00:00","og_image":[{"width":2000,"height":2000,"url":"https:\/\/i0.wp.com\/truusk.se\/wp-content\/uploads\/2025\/06\/kontorsstol-skrivbordsstol-utan-armstod-med-bred-sittplats-hojdjusterbar-skraddarsits-stol-dubbelskiktad-tjock-svangstol-med-linneutseende-for-hemmakontor-morkgra-1.webp?fit=2000%2C2000&ssl=1","type":"image\/webp"}],"twitter_card":"summary_large_image","twitter_misc":{"Ber\u00e4knad l\u00e4stid":"1 minut"},"schema":{"@context":"https:\/\/schema.org","@graph":[{"@type":"WebPage","@id":"https:\/\/truusk.store\/sv\/produkt\/truusk-kontorsstol-utan-armstod-hojdjusterbar-skrivbordsstol-bred-sittplats-dubbelskiktad-tjock-svangstol-linneutseende\/","url":"https:\/\/truusk.store\/sv\/produkt\/truusk-kontorsstol-utan-armstod-hojdjusterbar-skrivbordsstol-bred-sittplats-dubbelskiktad-tjock-svangstol-linneutseende\/","name":"TRUUSK Kontorsstol Utan Armst\u00f6d - H\u00f6jdjusterbar Skrivbordsstol - Bred Sittplats - Dubbelskiktad Tjock Sv\u00e4ngstol - Linneutseende - TRUUSK - Hem, Tr\u00e4dg\u00e5rd &amp; Fritid","isPartOf":{"@id":"https:\/\/truusk.store\/sv\/#website"},"primaryImageOfPage":{"@id":"https:\/\/truusk.store\/sv\/produkt\/truusk-kontorsstol-utan-armstod-hojdjusterbar-skrivbordsstol-bred-sittplats-dubbelskiktad-tjock-svangstol-linneutseende\/#primaryimage"},"image":{"@id":"https:\/\/truusk.store\/sv\/produkt\/truusk-kontorsstol-utan-armstod-hojdjusterbar-skrivbordsstol-bred-sittplats-dubbelskiktad-tjock-svangstol-linneutseende\/#primaryimage"},"thumbnailUrl":"https:\/\/i0.wp.com\/truusk.store\/wp-content\/uploads\/2025\/06\/kontorsstol-skrivbordsstol-utan-armstod-med-bred-sittplats-hojdjusterbar-skraddarsits-stol-dubbelskiktad-tjock-svangstol-med-linneutseende-for-hemmakontor-morkgra-1.webp?fit=2000%2C2000&ssl=1","datePublished":"2025-06-06T06:34:46+00:00","dateModified":"2026-03-12T07:44:50+00:00","breadcrumb":{"@id":"https:\/\/truusk.store\/sv\/produkt\/truusk-kontorsstol-utan-armstod-hojdjusterbar-skrivbordsstol-bred-sittplats-dubbelskiktad-tjock-svangstol-linneutseende\/#breadcrumb"},"inLanguage":"sv-SE","potentialAction":[{"@type":"ReadAction","target":["https:\/\/truusk.store\/sv\/produkt\/truusk-kontorsstol-utan-armstod-hojdjusterbar-skrivbordsstol-bred-sittplats-dubbelskiktad-tjock-svangstol-linneutseende\/"]}]},{"@type":"ImageObject","inLanguage":"sv-SE","@id":"https:\/\/truusk.store\/sv\/produkt\/truusk-kontorsstol-utan-armstod-hojdjusterbar-skrivbordsstol-bred-sittplats-dubbelskiktad-tjock-svangstol-linneutseende\/#primaryimage","url":"https:\/\/i0.wp.com\/truusk.store\/wp-content\/uploads\/2025\/06\/kontorsstol-skrivbordsstol-utan-armstod-med-bred-sittplats-hojdjusterbar-skraddarsits-stol-dubbelskiktad-tjock-svangstol-med-linneutseende-for-hemmakontor-morkgra-1.webp?fit=2000%2C2000&ssl=1","contentUrl":"https:\/\/i0.wp.com\/truusk.store\/wp-content\/uploads\/2025\/06\/kontorsstol-skrivbordsstol-utan-armstod-med-bred-sittplats-hojdjusterbar-skraddarsits-stol-dubbelskiktad-tjock-svangstol-med-linneutseende-for-hemmakontor-morkgra-1.webp?fit=2000%2C2000&ssl=1","width":2000,"height":2000},{"@type":"BreadcrumbList","@id":"https:\/\/truusk.store\/sv\/produkt\/truusk-kontorsstol-utan-armstod-hojdjusterbar-skrivbordsstol-bred-sittplats-dubbelskiktad-tjock-svangstol-linneutseende\/#breadcrumb","itemListElement":[{"@type":"ListItem","position":1,"name":"Home","item":"https:\/\/truusk.store\/sv\/"},{"@type":"ListItem","position":2,"name":"Shop","item":"https:\/\/truusk.store\/shop\/"},{"@type":"ListItem","position":3,"name":"TRUUSK Kontorsstol Utan Armst\u00f6d &#8211; H\u00f6jdjusterbar Skrivbordsstol &#8211; Bred Sittplats &#8211; Dubbelskiktad Tjock Sv\u00e4ngstol &#8211; Linneutseende &#8211;"}]},{"@type":"WebSite","@id":"https:\/\/truusk.store\/sv\/#website","url":"https:\/\/truusk.store\/sv\/","name":"TRUUSK - Hem, Tr\u00e4dg\u00e5rd & Fritid","description":"","publisher":{"@id":"https:\/\/truusk.store\/sv\/#organization"},"potentialAction":[{"@type":"SearchAction","target":{"@type":"EntryPoint","urlTemplate":"https:\/\/truusk.store\/sv\/?s={search_term_string}"},"query-input":{"@type":"PropertyValueSpecification","valueRequired":true,"valueName":"search_term_string"}}],"inLanguage":"sv-SE"},{"@type":"Organization","@id":"https:\/\/truusk.store\/sv\/#organization","name":"TRUUSK - Hem, Tr\u00e4dg\u00e5rd & Fritid","url":"https:\/\/truusk.store\/sv\/","logo":{"@type":"ImageObject","inLanguage":"sv-SE","@id":"https:\/\/truusk.store\/sv\/#\/schema\/logo\/image\/","url":"https:\/\/i0.wp.com\/truusk.store\/wp-content\/uploads\/2026\/03\/cropped-TRUUSK.png?fit=2032%2C917&ssl=1","contentUrl":"https:\/\/i0.wp.com\/truusk.store\/wp-content\/uploads\/2026\/03\/cropped-TRUUSK.png?fit=2032%2C917&ssl=1","width":2032,"height":917,"caption":"TRUUSK - Hem, Tr\u00e4dg\u00e5rd & Fritid"},"image":{"@id":"https:\/\/truusk.store\/sv\/#\/schema\/logo\/image\/"}}]}},"jetpack_sharing_enabled":true,"_links":{"self":[{"href":"https:\/\/truusk.store\/sv\/wp-json\/wp\/v2\/product\/77691","targetHints":{"allow":["GET"]}}],"collection":[{"href":"https:\/\/truusk.store\/sv\/wp-json\/wp\/v2\/product"}],"about":[{"href":"https:\/\/truusk.store\/sv\/wp-json\/wp\/v2\/types\/product"}],"wp:featuredmedia":[{"embeddable":true,"href":"https:\/\/truusk.store\/sv\/wp-json\/wp\/v2\/media\/77682"}],"wp:attachment":[{"href":"https:\/\/truusk.store\/sv\/wp-json\/wp\/v2\/media?parent=77691"}],"wp:term":[{"taxonomy":"product_brand","embeddable":true,"href":"https:\/\/truusk.store\/sv\/wp-json\/wp\/v2\/product_brand?post=77691"},{"taxonomy":"product_cat","embeddable":true,"href":"https:\/\/truusk.store\/sv\/wp-json\/wp\/v2\/product_cat?post=77691"},{"taxonomy":"product_tag","embeddable":true,"href":"https:\/\/truusk.store\/sv\/wp-json\/wp\/v2\/product_tag?post=77691"}],"curies":[{"name":"wp","href":"https:\/\/api.w.org\/{rel}","templated":true}]}}