{"id":77741,"date":"2025-06-06T07:39:41","date_gmt":"2025-06-06T06:39:41","guid":{"rendered":"https:\/\/truusk.store\/product\/rund-justerbar-hojd-soffbord-o80-cm-med-forvaringsyta-och-dold-forvaring-kaffebord-sidobord-for-vardagsrum-brun\/"},"modified":"2026-03-12T08:44:50","modified_gmt":"2026-03-12T07:44:50","slug":"truusk-justerbart-soffbord-o80-cm-forvaringsyta-dold-forvaring-kaffebord-sidobord-vardagsrum-brun","status":"publish","type":"product","link":"https:\/\/truusk.store\/sv\/produkt\/truusk-justerbart-soffbord-o80-cm-forvaringsyta-dold-forvaring-kaffebord-sidobord-vardagsrum-brun\/","title":{"rendered":"TRUUSK Justerbart Soffbord \u00d880 cm &#8211; F\u00f6rvaringsyta &#8211; Dold F\u00f6rvaring &#8211; Kaffebord &#8211; Sidobord &#8211; Vardagsrum &#8211; Brun"},"content":{"rendered":"<p>Uppt\u00e4ck v\u00e5rt runda soffbord: Inte bara en stilh\u00f6jare, utan ocks\u00e5 extremt praktiskt. Dess eleganta design med f\u00e4llbart lock f\u00f6rvandlar din soffh\u00f6rna till en effektiv arbetsplats. G\u00f6m b\u00e4rbara datorer och b\u00f6cker i det hemliga facket under bordsskivan och f\u00f6rvara vardagsf\u00f6rem\u00e5l i de sidofacken. Detta utrymmesbesparande soffbord kombinerar modern elegans med funktionell f\u00f6rvaring och berikar alla vardagsrum.<\/p>\n<p>Beskrivning:<\/p>\n<ul>\n<li> Designen med lyftbar bordsskiva m\u00f6jligg\u00f6r bekv\u00e4m \u00e4tning och arbete fr\u00e5n soffan<\/li>\n<li> Dolda och \u00f6ppna f\u00f6rvaringsfack h\u00e5ller olika f\u00f6rem\u00e5l organiserade<\/li>\n<li> Runda, sl\u00e4ta kanter p\u00e5 soffbordet garanterar s\u00e4kerhet och f\u00f6rhindrar repor<\/li>\n<li> Melamin yta och ett pulverlackerat st\u00e5lram av sidobordet \u00f6kar h\u00e5llbarheten och stabiliteten<\/li>\n<li> Halkfria fotdynor skyddar golven<\/li>\n<li> M\u00e5ngsidigt anv\u00e4ndbar som kaffebord eller arbetsplats<\/li>\n<li> Montering kr\u00e4vs<\/li>\n<\/ul>\n<p> Tekniska data:<\/p>\n<ul>\n<li> F\u00e4rg: Brun<\/li>\n<li> Material: Sp\u00e5nskiva, St\u00e5l<\/li>\n<li> Totala dimensioner: \u00d880 x 47-61,5H cm<\/li>\n<li> Storlek p\u00e5 lyftbar bordsskiva: \u00d880 x 1,5T cm<\/li>\n<li> Dold f\u00f6rvaringsstorlek: 46B x 46T x 16H cm<\/li>\n<li> Storlek p\u00e5 nedre fack: \u00d874 x 25H cm<\/li>\n<li> Belastningskapacitet: 30 kg (totalt), 10 kg (bordsskiva\/dold f\u00f6rvaring\/nedre fack)<\/li>\n<\/ul>\n<p>Leveransinneh\u00e5ll:<\/p>\n<ul>\n<li> 1 x soffbord med lyftbar bordsskiva<\/li>\n<li> 1 x bruksanvisning<\/li>\n<\/ul>\n","protected":false},"excerpt":{"rendered":"<p>Uppt\u00e4ck v\u00e5rt runda soffbord: Inte bara en stilh\u00f6jare, utan ocks\u00e5 extremt praktiskt. Dess eleganta design med f\u00e4llbart lock f\u00f6rvandlar din&#8230;<\/p>\n","protected":false},"featured_media":77732,"template":"","meta":[],"product_brand":[],"product_cat":[871,957,910],"product_tag":[],"class_list":{"0":"post-77741","1":"product","2":"type-product","3":"status-publish","4":"has-post-thumbnail","6":"product_cat-hus-hem","7":"product_cat-sidobord","8":"product_cat-vardagsrum","10":"first","11":"instock","12":"sale","13":"taxable","14":"shipping-taxable","15":"purchasable","16":"product-type-simple"},"yoast_head":"<!-- This site is optimized with the Yoast SEO plugin v25.4 - https:\/\/yoast.com\/wordpress\/plugins\/seo\/ -->\n<title>TRUUSK Justerbart Soffbord \u00d880 cm - F\u00f6rvaringsyta - Dold F\u00f6rvaring - Kaffebord - Sidobord - Vardagsrum - Brun - TRUUSK - Hem, Tr\u00e4dg\u00e5rd &amp; Fritid<\/title>\n<meta name=\"robots\" content=\"index, follow, max-snippet:-1, max-image-preview:large, max-video-preview:-1\" \/>\n<link rel=\"canonical\" href=\"https:\/\/truusk.store\/sv\/produkt\/truusk-justerbart-soffbord-o80-cm-forvaringsyta-dold-forvaring-kaffebord-sidobord-vardagsrum-brun\/\" \/>\n<meta property=\"og:locale\" content=\"sv_SE\" \/>\n<meta property=\"og:type\" content=\"article\" \/>\n<meta property=\"og:title\" content=\"TRUUSK Justerbart Soffbord \u00d880 cm - F\u00f6rvaringsyta - Dold F\u00f6rvaring - Kaffebord - Sidobord - Vardagsrum - Brun - TRUUSK - Hem, Tr\u00e4dg\u00e5rd &amp; Fritid\" \/>\n<meta property=\"og:description\" content=\"Uppt\u00e4ck v\u00e5rt runda soffbord: Inte bara en stilh\u00f6jare, utan ocks\u00e5 extremt praktiskt. Dess eleganta design med f\u00e4llbart lock f\u00f6rvandlar din...\" \/>\n<meta property=\"og:url\" content=\"https:\/\/truusk.store\/sv\/produkt\/truusk-justerbart-soffbord-o80-cm-forvaringsyta-dold-forvaring-kaffebord-sidobord-vardagsrum-brun\/\" \/>\n<meta property=\"og:site_name\" content=\"TRUUSK - Hem, Tr\u00e4dg\u00e5rd &amp; Fritid\" \/>\n<meta property=\"article:modified_time\" content=\"2026-03-12T07:44:50+00:00\" \/>\n<meta property=\"og:image\" content=\"https:\/\/i0.wp.com\/truusk.se\/wp-content\/uploads\/2025\/06\/rund-justerbar-hojd-soffbord-o80-cm-med-forvaringsyta-och-dold-forvaring-kaffebord-sidobord-for-vardagsrum-brun-1.webp?fit=2000%2C2000&ssl=1\" \/>\n\t<meta property=\"og:image:width\" content=\"2000\" \/>\n\t<meta property=\"og:image:height\" content=\"2000\" \/>\n\t<meta property=\"og:image:type\" content=\"image\/webp\" \/>\n<meta name=\"twitter:card\" content=\"summary_large_image\" \/>\n<meta name=\"twitter:label1\" content=\"Ber\u00e4knad l\u00e4stid\" \/>\n\t<meta name=\"twitter:data1\" content=\"1 minut\" \/>\n<!-- \/ Yoast SEO plugin. -->","yoast_head_json":{"title":"TRUUSK Justerbart Soffbord \u00d880 cm - F\u00f6rvaringsyta - Dold F\u00f6rvaring - Kaffebord - Sidobord - Vardagsrum - Brun - TRUUSK - Hem, Tr\u00e4dg\u00e5rd &amp; Fritid","robots":{"index":"index","follow":"follow","max-snippet":"max-snippet:-1","max-image-preview":"max-image-preview:large","max-video-preview":"max-video-preview:-1"},"canonical":"https:\/\/truusk.store\/sv\/produkt\/truusk-justerbart-soffbord-o80-cm-forvaringsyta-dold-forvaring-kaffebord-sidobord-vardagsrum-brun\/","og_locale":"sv_SE","og_type":"article","og_title":"TRUUSK Justerbart Soffbord \u00d880 cm - F\u00f6rvaringsyta - Dold F\u00f6rvaring - Kaffebord - Sidobord - Vardagsrum - Brun - TRUUSK - Hem, Tr\u00e4dg\u00e5rd &amp; Fritid","og_description":"Uppt\u00e4ck v\u00e5rt runda soffbord: Inte bara en stilh\u00f6jare, utan ocks\u00e5 extremt praktiskt. Dess eleganta design med f\u00e4llbart lock f\u00f6rvandlar din...","og_url":"https:\/\/truusk.store\/sv\/produkt\/truusk-justerbart-soffbord-o80-cm-forvaringsyta-dold-forvaring-kaffebord-sidobord-vardagsrum-brun\/","og_site_name":"TRUUSK - Hem, Tr\u00e4dg\u00e5rd &amp; Fritid","article_modified_time":"2026-03-12T07:44:50+00:00","og_image":[{"width":2000,"height":2000,"url":"https:\/\/i0.wp.com\/truusk.se\/wp-content\/uploads\/2025\/06\/rund-justerbar-hojd-soffbord-o80-cm-med-forvaringsyta-och-dold-forvaring-kaffebord-sidobord-for-vardagsrum-brun-1.webp?fit=2000%2C2000&ssl=1","type":"image\/webp"}],"twitter_card":"summary_large_image","twitter_misc":{"Ber\u00e4knad l\u00e4stid":"1 minut"},"schema":{"@context":"https:\/\/schema.org","@graph":[{"@type":"WebPage","@id":"https:\/\/truusk.store\/sv\/produkt\/truusk-justerbart-soffbord-o80-cm-forvaringsyta-dold-forvaring-kaffebord-sidobord-vardagsrum-brun\/","url":"https:\/\/truusk.store\/sv\/produkt\/truusk-justerbart-soffbord-o80-cm-forvaringsyta-dold-forvaring-kaffebord-sidobord-vardagsrum-brun\/","name":"TRUUSK Justerbart Soffbord \u00d880 cm - F\u00f6rvaringsyta - Dold F\u00f6rvaring - Kaffebord - Sidobord - Vardagsrum - Brun - TRUUSK - Hem, Tr\u00e4dg\u00e5rd &amp; Fritid","isPartOf":{"@id":"https:\/\/truusk.store\/sv\/#website"},"primaryImageOfPage":{"@id":"https:\/\/truusk.store\/sv\/produkt\/truusk-justerbart-soffbord-o80-cm-forvaringsyta-dold-forvaring-kaffebord-sidobord-vardagsrum-brun\/#primaryimage"},"image":{"@id":"https:\/\/truusk.store\/sv\/produkt\/truusk-justerbart-soffbord-o80-cm-forvaringsyta-dold-forvaring-kaffebord-sidobord-vardagsrum-brun\/#primaryimage"},"thumbnailUrl":"https:\/\/i0.wp.com\/truusk.store\/wp-content\/uploads\/2025\/06\/rund-justerbar-hojd-soffbord-o80-cm-med-forvaringsyta-och-dold-forvaring-kaffebord-sidobord-for-vardagsrum-brun-1.webp?fit=2000%2C2000&ssl=1","datePublished":"2025-06-06T06:39:41+00:00","dateModified":"2026-03-12T07:44:50+00:00","breadcrumb":{"@id":"https:\/\/truusk.store\/sv\/produkt\/truusk-justerbart-soffbord-o80-cm-forvaringsyta-dold-forvaring-kaffebord-sidobord-vardagsrum-brun\/#breadcrumb"},"inLanguage":"sv-SE","potentialAction":[{"@type":"ReadAction","target":["https:\/\/truusk.store\/sv\/produkt\/truusk-justerbart-soffbord-o80-cm-forvaringsyta-dold-forvaring-kaffebord-sidobord-vardagsrum-brun\/"]}]},{"@type":"ImageObject","inLanguage":"sv-SE","@id":"https:\/\/truusk.store\/sv\/produkt\/truusk-justerbart-soffbord-o80-cm-forvaringsyta-dold-forvaring-kaffebord-sidobord-vardagsrum-brun\/#primaryimage","url":"https:\/\/i0.wp.com\/truusk.store\/wp-content\/uploads\/2025\/06\/rund-justerbar-hojd-soffbord-o80-cm-med-forvaringsyta-och-dold-forvaring-kaffebord-sidobord-for-vardagsrum-brun-1.webp?fit=2000%2C2000&ssl=1","contentUrl":"https:\/\/i0.wp.com\/truusk.store\/wp-content\/uploads\/2025\/06\/rund-justerbar-hojd-soffbord-o80-cm-med-forvaringsyta-och-dold-forvaring-kaffebord-sidobord-for-vardagsrum-brun-1.webp?fit=2000%2C2000&ssl=1","width":2000,"height":2000},{"@type":"BreadcrumbList","@id":"https:\/\/truusk.store\/sv\/produkt\/truusk-justerbart-soffbord-o80-cm-forvaringsyta-dold-forvaring-kaffebord-sidobord-vardagsrum-brun\/#breadcrumb","itemListElement":[{"@type":"ListItem","position":1,"name":"Home","item":"https:\/\/truusk.store\/sv\/"},{"@type":"ListItem","position":2,"name":"Shop","item":"https:\/\/truusk.store\/shop\/"},{"@type":"ListItem","position":3,"name":"TRUUSK Justerbart Soffbord \u00d880 cm &#8211; F\u00f6rvaringsyta &#8211; Dold F\u00f6rvaring &#8211; Kaffebord &#8211; Sidobord &#8211; Vardagsrum &#8211; Brun"}]},{"@type":"WebSite","@id":"https:\/\/truusk.store\/sv\/#website","url":"https:\/\/truusk.store\/sv\/","name":"TRUUSK - Hem, Tr\u00e4dg\u00e5rd & Fritid","description":"","publisher":{"@id":"https:\/\/truusk.store\/sv\/#organization"},"potentialAction":[{"@type":"SearchAction","target":{"@type":"EntryPoint","urlTemplate":"https:\/\/truusk.store\/sv\/?s={search_term_string}"},"query-input":{"@type":"PropertyValueSpecification","valueRequired":true,"valueName":"search_term_string"}}],"inLanguage":"sv-SE"},{"@type":"Organization","@id":"https:\/\/truusk.store\/sv\/#organization","name":"TRUUSK - Hem, Tr\u00e4dg\u00e5rd & Fritid","url":"https:\/\/truusk.store\/sv\/","logo":{"@type":"ImageObject","inLanguage":"sv-SE","@id":"https:\/\/truusk.store\/sv\/#\/schema\/logo\/image\/","url":"https:\/\/i0.wp.com\/truusk.store\/wp-content\/uploads\/2026\/03\/cropped-TRUUSK.png?fit=2032%2C917&ssl=1","contentUrl":"https:\/\/i0.wp.com\/truusk.store\/wp-content\/uploads\/2026\/03\/cropped-TRUUSK.png?fit=2032%2C917&ssl=1","width":2032,"height":917,"caption":"TRUUSK - Hem, Tr\u00e4dg\u00e5rd & Fritid"},"image":{"@id":"https:\/\/truusk.store\/sv\/#\/schema\/logo\/image\/"}}]}},"jetpack_sharing_enabled":true,"_links":{"self":[{"href":"https:\/\/truusk.store\/sv\/wp-json\/wp\/v2\/product\/77741","targetHints":{"allow":["GET"]}}],"collection":[{"href":"https:\/\/truusk.store\/sv\/wp-json\/wp\/v2\/product"}],"about":[{"href":"https:\/\/truusk.store\/sv\/wp-json\/wp\/v2\/types\/product"}],"wp:featuredmedia":[{"embeddable":true,"href":"https:\/\/truusk.store\/sv\/wp-json\/wp\/v2\/media\/77732"}],"wp:attachment":[{"href":"https:\/\/truusk.store\/sv\/wp-json\/wp\/v2\/media?parent=77741"}],"wp:term":[{"taxonomy":"product_brand","embeddable":true,"href":"https:\/\/truusk.store\/sv\/wp-json\/wp\/v2\/product_brand?post=77741"},{"taxonomy":"product_cat","embeddable":true,"href":"https:\/\/truusk.store\/sv\/wp-json\/wp\/v2\/product_cat?post=77741"},{"taxonomy":"product_tag","embeddable":true,"href":"https:\/\/truusk.store\/sv\/wp-json\/wp\/v2\/product_tag?post=77741"}],"curies":[{"name":"wp","href":"https:\/\/api.w.org\/{rel}","templated":true}]}}