{"id":77761,"date":"2025-06-06T07:41:37","date_gmt":"2025-06-06T06:41:37","guid":{"rendered":"https:\/\/truusk.store\/product\/loungestol-med-justerbart-fotstod-sherpa-fleece-for-vardagsrum-gungstol-med-armstod-avkopplingsstol-lasstol-vit\/"},"modified":"2026-03-12T08:43:15","modified_gmt":"2026-03-12T07:43:15","slug":"truusk-loungestol-med-justerbart-fotstod-sherpa-fleece-for-vardagsrum-gungstol-med-armstod-avkopplingsstol-lasstol-vit","status":"publish","type":"product","link":"https:\/\/truusk.store\/sv\/produkt\/truusk-loungestol-med-justerbart-fotstod-sherpa-fleece-for-vardagsrum-gungstol-med-armstod-avkopplingsstol-lasstol-vit\/","title":{"rendered":"TRUUSK Loungestol med justerbart fotst\u00f6d &#8211; Sherpa-fleece f\u00f6r vardagsrum &#8211; Gungstol med armst\u00f6d &#8211; Avkopplingsstol &#8211; L\u00e4sstol Vit"},"content":{"rendered":"<p>Dyk in i den lyxiga komforten hos TRUUSK stoppstolen, utrustad med andningsbart Sherpa-fleece och en 12 cm tjock stoppning. Som l\u00e4sstol eller stilfull loungestol har den en h\u00f6g ryggst\u00f6d och en justerbar fotst\u00f6d, perfekt f\u00f6r din avkoppling. Den l\u00e4tt gungande ramen av bj\u00f6rktr\u00e4 ger den en charmig touch, idealisk f\u00f6r vardagsrum eller sovrum.<\/p>\n<p>Beskrivning:<\/p>\n<ul>\n<li> Andningsbart Sherpa-fleece och skumfyllning f\u00f6r optimal komfort<\/li>\n<li> 12 cm tjock sittdyna med h\u00f6g ryggst\u00f6d f\u00f6r l\u00e5ngvarig sittkomfort<\/li>\n<li> Justerbart fotst\u00f6d p\u00e5 stoppstolen med fem positioner fr\u00e5n 0\u00b0 till 90\u00b0<\/li>\n<li> B\u00f6jd ram p\u00e5 l\u00e4sstolen m\u00f6jligg\u00f6r mjuka gungande r\u00f6relser<\/li>\n<li> Robust ramkonstruktion av bj\u00f6rklaminat<\/li>\n<li> Montering kr\u00e4vs<\/li>\n<\/ul>\n<p> Tekniska data:<\/p>\n<ul>\n<li> F\u00e4rg: Vit<\/li>\n<li> Material: Sherpa-fleece (100 % polyester), bj\u00f6rklaminat, skum<\/li>\n<li> Totala dimensioner: 67B x 93-114T x 105H cm<\/li>\n<li> Sittstorlek: 55B x 45T x 45H cm<\/li>\n<li> Sitt tjocklek: 12 cm<\/li>\n<li> Ryggst\u00f6dets storlek: 70L x 55B cm<\/li>\n<li> Ryggst\u00f6dets tjocklek: 12 cm<\/li>\n<li> Armst\u00f6dets h\u00f6jd fr\u00e5n golvet: 51 cm<\/li>\n<li> B\u00e4rkapacitet: 120 kg<\/li>\n<\/ul>\n<p>Leveransinneh\u00e5ll:<\/p>\n<ul>\n<li> 1 x Loungestol<\/li>\n<li> 1 x Bruksanvisning<\/li>\n<\/ul>\n","protected":false},"excerpt":{"rendered":"<p>Dyk in i den lyxiga komforten hos TRUUSK stoppstolen, utrustad med andningsbart Sherpa-fleece och en 12 cm tjock stoppning. Som&#8230;<\/p>\n","protected":false},"featured_media":77752,"template":"","meta":[],"product_brand":[],"product_cat":[871,519,910],"product_tag":[],"class_list":{"0":"post-77761","1":"product","2":"type-product","3":"status-publish","4":"has-post-thumbnail","6":"product_cat-hus-hem","7":"product_cat-stoppade-stolar","8":"product_cat-vardagsrum","10":"first","11":"instock","12":"sale","13":"taxable","14":"shipping-taxable","15":"purchasable","16":"product-type-simple"},"yoast_head":"<!-- This site is optimized with the Yoast SEO plugin v25.4 - https:\/\/yoast.com\/wordpress\/plugins\/seo\/ -->\n<title>TRUUSK Loungestol med justerbart fotst\u00f6d - Sherpa-fleece f\u00f6r vardagsrum - Gungstol med armst\u00f6d - Avkopplingsstol - L\u00e4sstol Vit - TRUUSK - Hem, Tr\u00e4dg\u00e5rd &amp; Fritid<\/title>\n<meta name=\"robots\" content=\"index, follow, max-snippet:-1, max-image-preview:large, max-video-preview:-1\" \/>\n<link rel=\"canonical\" href=\"https:\/\/truusk.store\/sv\/produkt\/truusk-loungestol-med-justerbart-fotstod-sherpa-fleece-for-vardagsrum-gungstol-med-armstod-avkopplingsstol-lasstol-vit\/\" \/>\n<meta property=\"og:locale\" content=\"sv_SE\" \/>\n<meta property=\"og:type\" content=\"article\" \/>\n<meta property=\"og:title\" content=\"TRUUSK Loungestol med justerbart fotst\u00f6d - Sherpa-fleece f\u00f6r vardagsrum - Gungstol med armst\u00f6d - Avkopplingsstol - L\u00e4sstol Vit - TRUUSK - Hem, Tr\u00e4dg\u00e5rd &amp; Fritid\" \/>\n<meta property=\"og:description\" content=\"Dyk in i den lyxiga komforten hos TRUUSK stoppstolen, utrustad med andningsbart Sherpa-fleece och en 12 cm tjock stoppning. Som...\" \/>\n<meta property=\"og:url\" content=\"https:\/\/truusk.store\/sv\/produkt\/truusk-loungestol-med-justerbart-fotstod-sherpa-fleece-for-vardagsrum-gungstol-med-armstod-avkopplingsstol-lasstol-vit\/\" \/>\n<meta property=\"og:site_name\" content=\"TRUUSK - Hem, Tr\u00e4dg\u00e5rd &amp; Fritid\" \/>\n<meta property=\"article:modified_time\" content=\"2026-03-12T07:43:15+00:00\" \/>\n<meta property=\"og:image\" content=\"https:\/\/i0.wp.com\/truusk.se\/wp-content\/uploads\/2025\/06\/loungestol-med-justerbart-fotstod-sherpa-fleece-for-vardagsrum-gungstol-med-armstod-avkopplingsstol-lasstol-vit-1.webp?fit=2000%2C2000&ssl=1\" \/>\n\t<meta property=\"og:image:width\" content=\"2000\" \/>\n\t<meta property=\"og:image:height\" content=\"2000\" \/>\n\t<meta property=\"og:image:type\" content=\"image\/webp\" \/>\n<meta name=\"twitter:card\" content=\"summary_large_image\" \/>\n<meta name=\"twitter:label1\" content=\"Ber\u00e4knad l\u00e4stid\" \/>\n\t<meta name=\"twitter:data1\" content=\"1 minut\" \/>\n<!-- \/ Yoast SEO plugin. -->","yoast_head_json":{"title":"TRUUSK Loungestol med justerbart fotst\u00f6d - Sherpa-fleece f\u00f6r vardagsrum - Gungstol med armst\u00f6d - Avkopplingsstol - L\u00e4sstol Vit - TRUUSK - Hem, Tr\u00e4dg\u00e5rd &amp; Fritid","robots":{"index":"index","follow":"follow","max-snippet":"max-snippet:-1","max-image-preview":"max-image-preview:large","max-video-preview":"max-video-preview:-1"},"canonical":"https:\/\/truusk.store\/sv\/produkt\/truusk-loungestol-med-justerbart-fotstod-sherpa-fleece-for-vardagsrum-gungstol-med-armstod-avkopplingsstol-lasstol-vit\/","og_locale":"sv_SE","og_type":"article","og_title":"TRUUSK Loungestol med justerbart fotst\u00f6d - Sherpa-fleece f\u00f6r vardagsrum - Gungstol med armst\u00f6d - Avkopplingsstol - L\u00e4sstol Vit - TRUUSK - Hem, Tr\u00e4dg\u00e5rd &amp; Fritid","og_description":"Dyk in i den lyxiga komforten hos TRUUSK stoppstolen, utrustad med andningsbart Sherpa-fleece och en 12 cm tjock stoppning. Som...","og_url":"https:\/\/truusk.store\/sv\/produkt\/truusk-loungestol-med-justerbart-fotstod-sherpa-fleece-for-vardagsrum-gungstol-med-armstod-avkopplingsstol-lasstol-vit\/","og_site_name":"TRUUSK - Hem, Tr\u00e4dg\u00e5rd &amp; Fritid","article_modified_time":"2026-03-12T07:43:15+00:00","og_image":[{"width":2000,"height":2000,"url":"https:\/\/i0.wp.com\/truusk.se\/wp-content\/uploads\/2025\/06\/loungestol-med-justerbart-fotstod-sherpa-fleece-for-vardagsrum-gungstol-med-armstod-avkopplingsstol-lasstol-vit-1.webp?fit=2000%2C2000&ssl=1","type":"image\/webp"}],"twitter_card":"summary_large_image","twitter_misc":{"Ber\u00e4knad l\u00e4stid":"1 minut"},"schema":{"@context":"https:\/\/schema.org","@graph":[{"@type":"WebPage","@id":"https:\/\/truusk.store\/sv\/produkt\/truusk-loungestol-med-justerbart-fotstod-sherpa-fleece-for-vardagsrum-gungstol-med-armstod-avkopplingsstol-lasstol-vit\/","url":"https:\/\/truusk.store\/sv\/produkt\/truusk-loungestol-med-justerbart-fotstod-sherpa-fleece-for-vardagsrum-gungstol-med-armstod-avkopplingsstol-lasstol-vit\/","name":"TRUUSK Loungestol med justerbart fotst\u00f6d - Sherpa-fleece f\u00f6r vardagsrum - Gungstol med armst\u00f6d - Avkopplingsstol - L\u00e4sstol Vit - TRUUSK - Hem, Tr\u00e4dg\u00e5rd &amp; Fritid","isPartOf":{"@id":"https:\/\/truusk.store\/sv\/#website"},"primaryImageOfPage":{"@id":"https:\/\/truusk.store\/sv\/produkt\/truusk-loungestol-med-justerbart-fotstod-sherpa-fleece-for-vardagsrum-gungstol-med-armstod-avkopplingsstol-lasstol-vit\/#primaryimage"},"image":{"@id":"https:\/\/truusk.store\/sv\/produkt\/truusk-loungestol-med-justerbart-fotstod-sherpa-fleece-for-vardagsrum-gungstol-med-armstod-avkopplingsstol-lasstol-vit\/#primaryimage"},"thumbnailUrl":"https:\/\/i0.wp.com\/truusk.store\/wp-content\/uploads\/2025\/06\/loungestol-med-justerbart-fotstod-sherpa-fleece-for-vardagsrum-gungstol-med-armstod-avkopplingsstol-lasstol-vit-1.webp?fit=2000%2C2000&ssl=1","datePublished":"2025-06-06T06:41:37+00:00","dateModified":"2026-03-12T07:43:15+00:00","breadcrumb":{"@id":"https:\/\/truusk.store\/sv\/produkt\/truusk-loungestol-med-justerbart-fotstod-sherpa-fleece-for-vardagsrum-gungstol-med-armstod-avkopplingsstol-lasstol-vit\/#breadcrumb"},"inLanguage":"sv-SE","potentialAction":[{"@type":"ReadAction","target":["https:\/\/truusk.store\/sv\/produkt\/truusk-loungestol-med-justerbart-fotstod-sherpa-fleece-for-vardagsrum-gungstol-med-armstod-avkopplingsstol-lasstol-vit\/"]}]},{"@type":"ImageObject","inLanguage":"sv-SE","@id":"https:\/\/truusk.store\/sv\/produkt\/truusk-loungestol-med-justerbart-fotstod-sherpa-fleece-for-vardagsrum-gungstol-med-armstod-avkopplingsstol-lasstol-vit\/#primaryimage","url":"https:\/\/i0.wp.com\/truusk.store\/wp-content\/uploads\/2025\/06\/loungestol-med-justerbart-fotstod-sherpa-fleece-for-vardagsrum-gungstol-med-armstod-avkopplingsstol-lasstol-vit-1.webp?fit=2000%2C2000&ssl=1","contentUrl":"https:\/\/i0.wp.com\/truusk.store\/wp-content\/uploads\/2025\/06\/loungestol-med-justerbart-fotstod-sherpa-fleece-for-vardagsrum-gungstol-med-armstod-avkopplingsstol-lasstol-vit-1.webp?fit=2000%2C2000&ssl=1","width":2000,"height":2000},{"@type":"BreadcrumbList","@id":"https:\/\/truusk.store\/sv\/produkt\/truusk-loungestol-med-justerbart-fotstod-sherpa-fleece-for-vardagsrum-gungstol-med-armstod-avkopplingsstol-lasstol-vit\/#breadcrumb","itemListElement":[{"@type":"ListItem","position":1,"name":"Home","item":"https:\/\/truusk.store\/sv\/"},{"@type":"ListItem","position":2,"name":"Shop","item":"https:\/\/truusk.store\/shop\/"},{"@type":"ListItem","position":3,"name":"TRUUSK Loungestol med justerbart fotst\u00f6d &#8211; Sherpa-fleece f\u00f6r vardagsrum &#8211; Gungstol med armst\u00f6d &#8211; Avkopplingsstol &#8211; L\u00e4sstol Vit"}]},{"@type":"WebSite","@id":"https:\/\/truusk.store\/sv\/#website","url":"https:\/\/truusk.store\/sv\/","name":"TRUUSK - Hem, Tr\u00e4dg\u00e5rd & Fritid","description":"","publisher":{"@id":"https:\/\/truusk.store\/sv\/#organization"},"potentialAction":[{"@type":"SearchAction","target":{"@type":"EntryPoint","urlTemplate":"https:\/\/truusk.store\/sv\/?s={search_term_string}"},"query-input":{"@type":"PropertyValueSpecification","valueRequired":true,"valueName":"search_term_string"}}],"inLanguage":"sv-SE"},{"@type":"Organization","@id":"https:\/\/truusk.store\/sv\/#organization","name":"TRUUSK - Hem, Tr\u00e4dg\u00e5rd & Fritid","url":"https:\/\/truusk.store\/sv\/","logo":{"@type":"ImageObject","inLanguage":"sv-SE","@id":"https:\/\/truusk.store\/sv\/#\/schema\/logo\/image\/","url":"https:\/\/i0.wp.com\/truusk.store\/wp-content\/uploads\/2026\/03\/cropped-TRUUSK.png?fit=2032%2C917&ssl=1","contentUrl":"https:\/\/i0.wp.com\/truusk.store\/wp-content\/uploads\/2026\/03\/cropped-TRUUSK.png?fit=2032%2C917&ssl=1","width":2032,"height":917,"caption":"TRUUSK - Hem, Tr\u00e4dg\u00e5rd & Fritid"},"image":{"@id":"https:\/\/truusk.store\/sv\/#\/schema\/logo\/image\/"}}]}},"jetpack_sharing_enabled":true,"_links":{"self":[{"href":"https:\/\/truusk.store\/sv\/wp-json\/wp\/v2\/product\/77761","targetHints":{"allow":["GET"]}}],"collection":[{"href":"https:\/\/truusk.store\/sv\/wp-json\/wp\/v2\/product"}],"about":[{"href":"https:\/\/truusk.store\/sv\/wp-json\/wp\/v2\/types\/product"}],"wp:featuredmedia":[{"embeddable":true,"href":"https:\/\/truusk.store\/sv\/wp-json\/wp\/v2\/media\/77752"}],"wp:attachment":[{"href":"https:\/\/truusk.store\/sv\/wp-json\/wp\/v2\/media?parent=77761"}],"wp:term":[{"taxonomy":"product_brand","embeddable":true,"href":"https:\/\/truusk.store\/sv\/wp-json\/wp\/v2\/product_brand?post=77761"},{"taxonomy":"product_cat","embeddable":true,"href":"https:\/\/truusk.store\/sv\/wp-json\/wp\/v2\/product_cat?post=77761"},{"taxonomy":"product_tag","embeddable":true,"href":"https:\/\/truusk.store\/sv\/wp-json\/wp\/v2\/product_tag?post=77761"}],"curies":[{"name":"wp","href":"https:\/\/api.w.org\/{rel}","templated":true}]}}