{"id":77771,"date":"2025-06-06T07:42:46","date_gmt":"2025-06-06T06:42:46","guid":{"rendered":"https:\/\/truusk.store\/product\/bordlampa-med-telefonhallare-5-farglagen-10-ljusstyrkenivaer-nattbordslampa-med-minnesfunktion-for-vardagsrum-sovrum-metall-svart\/"},"modified":"2026-03-12T08:44:09","modified_gmt":"2026-03-12T07:44:09","slug":"truusk-bordlampa-med-telefonhallare-5-farglagen-10-ljusstyrkenivaer-minnesfunktion-for-vardagsrum-sovrum-svart","status":"publish","type":"product","link":"https:\/\/truusk.store\/sv\/produkt\/truusk-bordlampa-med-telefonhallare-5-farglagen-10-ljusstyrkenivaer-minnesfunktion-for-vardagsrum-sovrum-svart\/","title":{"rendered":"TRUUSK Bordlampa med Telefonh\u00e5llare &#8211; 5 F\u00e4rgl\u00e4gen &amp; 10 Ljusstyrkeniv\u00e5er &#8211; Minnesfunktion &#8211; F\u00f6r Vardagsrum, Sovrum &#8211; Svart"},"content":{"rendered":"<p> Belys ditt rum med TRUUSK s\u00e4ngbordslampa! Den 180\u00b0 justerbara lampsk\u00e4rmen och h\u00f6jden p\u00e5 27-47 cm kan anpassas perfekt. V\u00e4lj mellan 5 f\u00e4rger, 10 ljusstyrkor och anv\u00e4nd den praktiska minnesfunktionen. Med den inbyggda mobilh\u00e5llaren blir denna LED-bordslampa en oumb\u00e4rlig, m\u00e5ngsidig accessoar. <\/p>\n<p> Beskrivning: <\/p>\n<ul>\n<li> Tio dimningsniv\u00e5er p\u00e5 bordslampan, enligt personliga preferenser <\/li>\n<li> F\u00e4rgtemperaturer: 3000K, 4000K, 4500K, 5500K, 6500K f\u00f6r olika belysningskrav <\/li>\n<li> Minnesfunktionen h\u00e4mtar de senaste inst\u00e4llningarna f\u00f6r bekv\u00e4mlighet <\/li>\n<li> Knappkontroll underl\u00e4ttar justering av str\u00f6m och inst\u00e4llningar <\/li>\n<li> Skrivbordslampa med 180\u00b0 lutande lampsk\u00e4rm och h\u00f6jdjusterbart stativ fr\u00e5n 27-47 cm <\/li>\n<li> Idealisk som l\u00e4slampa, inklusive mobilh\u00e5llare f\u00f6r effektiv multitasking <\/li>\n<li> Robust metallfot och aluminiumst\u00e5ng p\u00e5 LED-bordslampan med lackerad yta <\/li>\n<li> Enkel montering p\u00e5 bara 5 minuter <\/li>\n<\/ul>\n<p> Tekniska data: <\/p>\n<ul>\n<li> F\u00e4rg: Svart <\/li>\n<li> Material: Metall, PC <\/li>\n<li> Totala dimensioner: 23L x 23B x 65H cm <\/li>\n<li> Lampsk\u00e4rmstorlek: 23L x 18B cm <\/li>\n<li> Basstorlek: \u00d815 x 0,5H cm <\/li>\n<li> F\u00e4rgtemperatur: 3000k\/4000k\/4500k\/5500k\/6500k <\/li>\n<li> Ljusutbyte: 1150 lm <\/li>\n<li> Ing\u00e5ng: 5V, 2A, 10W <\/li>\n<li> Kabell\u00e4ngd: 1,8 m <\/li>\n<\/ul>\n<p> Leveransinneh\u00e5ll: <\/p>\n<ul>\n<li> 1 x Skrivbordslampa <\/li>\n<li> 1 x Bruksanvisning <\/li>\n<\/ul>\n","protected":false},"excerpt":{"rendered":"<p>Belys ditt rum med TRUUSK s\u00e4ngbordslampa! Den 180\u00b0 justerbara lampsk\u00e4rmen och h\u00f6jden p\u00e5 27-47 cm kan anpassas perfekt. V\u00e4lj mellan&#8230;<\/p>\n","protected":false},"featured_media":77762,"template":"","meta":[],"product_brand":[],"product_cat":[486,960,871],"product_tag":[],"class_list":{"0":"post-77771","1":"product","2":"type-product","3":"status-publish","4":"has-post-thumbnail","6":"product_cat-belysning","7":"product_cat-bordlampor","8":"product_cat-hus-hem","10":"first","11":"instock","12":"sale","13":"taxable","14":"shipping-taxable","15":"purchasable","16":"product-type-simple"},"yoast_head":"<!-- This site is optimized with the Yoast SEO plugin v25.4 - https:\/\/yoast.com\/wordpress\/plugins\/seo\/ -->\n<title>TRUUSK Bordlampa med Telefonh\u00e5llare - 5 F\u00e4rgl\u00e4gen &amp; 10 Ljusstyrkeniv\u00e5er - Minnesfunktion - F\u00f6r Vardagsrum, Sovrum - Svart - TRUUSK - Hem, Tr\u00e4dg\u00e5rd &amp; Fritid<\/title>\n<meta name=\"robots\" content=\"index, follow, max-snippet:-1, max-image-preview:large, max-video-preview:-1\" \/>\n<link rel=\"canonical\" href=\"https:\/\/truusk.store\/sv\/produkt\/truusk-bordlampa-med-telefonhallare-5-farglagen-10-ljusstyrkenivaer-minnesfunktion-for-vardagsrum-sovrum-svart\/\" \/>\n<meta property=\"og:locale\" content=\"sv_SE\" \/>\n<meta property=\"og:type\" content=\"article\" \/>\n<meta property=\"og:title\" content=\"TRUUSK Bordlampa med Telefonh\u00e5llare - 5 F\u00e4rgl\u00e4gen &amp; 10 Ljusstyrkeniv\u00e5er - Minnesfunktion - F\u00f6r Vardagsrum, Sovrum - Svart - TRUUSK - Hem, Tr\u00e4dg\u00e5rd &amp; Fritid\" \/>\n<meta property=\"og:description\" content=\"Belys ditt rum med TRUUSK s\u00e4ngbordslampa! Den 180\u00b0 justerbara lampsk\u00e4rmen och h\u00f6jden p\u00e5 27-47 cm kan anpassas perfekt. V\u00e4lj mellan...\" \/>\n<meta property=\"og:url\" content=\"https:\/\/truusk.store\/sv\/produkt\/truusk-bordlampa-med-telefonhallare-5-farglagen-10-ljusstyrkenivaer-minnesfunktion-for-vardagsrum-sovrum-svart\/\" \/>\n<meta property=\"og:site_name\" content=\"TRUUSK - Hem, Tr\u00e4dg\u00e5rd &amp; Fritid\" \/>\n<meta property=\"article:modified_time\" content=\"2026-03-12T07:44:09+00:00\" \/>\n<meta property=\"og:image\" content=\"https:\/\/i0.wp.com\/truusk.se\/wp-content\/uploads\/2025\/06\/bordlampa-med-telefonhallare-5-farglagen-10-ljusstyrkenivaer-nattbordslampa-med-minnesfunktion-for-vardagsrum-sovrum-metall-svart-1.webp?fit=2000%2C2000&ssl=1\" \/>\n\t<meta property=\"og:image:width\" content=\"2000\" \/>\n\t<meta property=\"og:image:height\" content=\"2000\" \/>\n\t<meta property=\"og:image:type\" content=\"image\/webp\" \/>\n<meta name=\"twitter:card\" content=\"summary_large_image\" \/>\n<meta name=\"twitter:label1\" content=\"Ber\u00e4knad l\u00e4stid\" \/>\n\t<meta name=\"twitter:data1\" content=\"1 minut\" \/>\n<!-- \/ Yoast SEO plugin. -->","yoast_head_json":{"title":"TRUUSK Bordlampa med Telefonh\u00e5llare - 5 F\u00e4rgl\u00e4gen &amp; 10 Ljusstyrkeniv\u00e5er - Minnesfunktion - F\u00f6r Vardagsrum, Sovrum - Svart - TRUUSK - Hem, Tr\u00e4dg\u00e5rd &amp; Fritid","robots":{"index":"index","follow":"follow","max-snippet":"max-snippet:-1","max-image-preview":"max-image-preview:large","max-video-preview":"max-video-preview:-1"},"canonical":"https:\/\/truusk.store\/sv\/produkt\/truusk-bordlampa-med-telefonhallare-5-farglagen-10-ljusstyrkenivaer-minnesfunktion-for-vardagsrum-sovrum-svart\/","og_locale":"sv_SE","og_type":"article","og_title":"TRUUSK Bordlampa med Telefonh\u00e5llare - 5 F\u00e4rgl\u00e4gen &amp; 10 Ljusstyrkeniv\u00e5er - Minnesfunktion - F\u00f6r Vardagsrum, Sovrum - Svart - TRUUSK - Hem, Tr\u00e4dg\u00e5rd &amp; Fritid","og_description":"Belys ditt rum med TRUUSK s\u00e4ngbordslampa! Den 180\u00b0 justerbara lampsk\u00e4rmen och h\u00f6jden p\u00e5 27-47 cm kan anpassas perfekt. V\u00e4lj mellan...","og_url":"https:\/\/truusk.store\/sv\/produkt\/truusk-bordlampa-med-telefonhallare-5-farglagen-10-ljusstyrkenivaer-minnesfunktion-for-vardagsrum-sovrum-svart\/","og_site_name":"TRUUSK - Hem, Tr\u00e4dg\u00e5rd &amp; Fritid","article_modified_time":"2026-03-12T07:44:09+00:00","og_image":[{"width":2000,"height":2000,"url":"https:\/\/i0.wp.com\/truusk.se\/wp-content\/uploads\/2025\/06\/bordlampa-med-telefonhallare-5-farglagen-10-ljusstyrkenivaer-nattbordslampa-med-minnesfunktion-for-vardagsrum-sovrum-metall-svart-1.webp?fit=2000%2C2000&ssl=1","type":"image\/webp"}],"twitter_card":"summary_large_image","twitter_misc":{"Ber\u00e4knad l\u00e4stid":"1 minut"},"schema":{"@context":"https:\/\/schema.org","@graph":[{"@type":"WebPage","@id":"https:\/\/truusk.store\/sv\/produkt\/truusk-bordlampa-med-telefonhallare-5-farglagen-10-ljusstyrkenivaer-minnesfunktion-for-vardagsrum-sovrum-svart\/","url":"https:\/\/truusk.store\/sv\/produkt\/truusk-bordlampa-med-telefonhallare-5-farglagen-10-ljusstyrkenivaer-minnesfunktion-for-vardagsrum-sovrum-svart\/","name":"TRUUSK Bordlampa med Telefonh\u00e5llare - 5 F\u00e4rgl\u00e4gen &amp; 10 Ljusstyrkeniv\u00e5er - Minnesfunktion - F\u00f6r Vardagsrum, Sovrum - Svart - TRUUSK - Hem, Tr\u00e4dg\u00e5rd &amp; Fritid","isPartOf":{"@id":"https:\/\/truusk.store\/sv\/#website"},"primaryImageOfPage":{"@id":"https:\/\/truusk.store\/sv\/produkt\/truusk-bordlampa-med-telefonhallare-5-farglagen-10-ljusstyrkenivaer-minnesfunktion-for-vardagsrum-sovrum-svart\/#primaryimage"},"image":{"@id":"https:\/\/truusk.store\/sv\/produkt\/truusk-bordlampa-med-telefonhallare-5-farglagen-10-ljusstyrkenivaer-minnesfunktion-for-vardagsrum-sovrum-svart\/#primaryimage"},"thumbnailUrl":"https:\/\/i0.wp.com\/truusk.store\/wp-content\/uploads\/2025\/06\/bordlampa-med-telefonhallare-5-farglagen-10-ljusstyrkenivaer-nattbordslampa-med-minnesfunktion-for-vardagsrum-sovrum-metall-svart-1.webp?fit=2000%2C2000&ssl=1","datePublished":"2025-06-06T06:42:46+00:00","dateModified":"2026-03-12T07:44:09+00:00","breadcrumb":{"@id":"https:\/\/truusk.store\/sv\/produkt\/truusk-bordlampa-med-telefonhallare-5-farglagen-10-ljusstyrkenivaer-minnesfunktion-for-vardagsrum-sovrum-svart\/#breadcrumb"},"inLanguage":"sv-SE","potentialAction":[{"@type":"ReadAction","target":["https:\/\/truusk.store\/sv\/produkt\/truusk-bordlampa-med-telefonhallare-5-farglagen-10-ljusstyrkenivaer-minnesfunktion-for-vardagsrum-sovrum-svart\/"]}]},{"@type":"ImageObject","inLanguage":"sv-SE","@id":"https:\/\/truusk.store\/sv\/produkt\/truusk-bordlampa-med-telefonhallare-5-farglagen-10-ljusstyrkenivaer-minnesfunktion-for-vardagsrum-sovrum-svart\/#primaryimage","url":"https:\/\/i0.wp.com\/truusk.store\/wp-content\/uploads\/2025\/06\/bordlampa-med-telefonhallare-5-farglagen-10-ljusstyrkenivaer-nattbordslampa-med-minnesfunktion-for-vardagsrum-sovrum-metall-svart-1.webp?fit=2000%2C2000&ssl=1","contentUrl":"https:\/\/i0.wp.com\/truusk.store\/wp-content\/uploads\/2025\/06\/bordlampa-med-telefonhallare-5-farglagen-10-ljusstyrkenivaer-nattbordslampa-med-minnesfunktion-for-vardagsrum-sovrum-metall-svart-1.webp?fit=2000%2C2000&ssl=1","width":2000,"height":2000},{"@type":"BreadcrumbList","@id":"https:\/\/truusk.store\/sv\/produkt\/truusk-bordlampa-med-telefonhallare-5-farglagen-10-ljusstyrkenivaer-minnesfunktion-for-vardagsrum-sovrum-svart\/#breadcrumb","itemListElement":[{"@type":"ListItem","position":1,"name":"Home","item":"https:\/\/truusk.store\/sv\/"},{"@type":"ListItem","position":2,"name":"Shop","item":"https:\/\/truusk.store\/shop\/"},{"@type":"ListItem","position":3,"name":"TRUUSK Bordlampa med Telefonh\u00e5llare &#8211; 5 F\u00e4rgl\u00e4gen &amp; 10 Ljusstyrkeniv\u00e5er &#8211; Minnesfunktion &#8211; F\u00f6r Vardagsrum, Sovrum &#8211; Svart"}]},{"@type":"WebSite","@id":"https:\/\/truusk.store\/sv\/#website","url":"https:\/\/truusk.store\/sv\/","name":"TRUUSK - Hem, Tr\u00e4dg\u00e5rd & Fritid","description":"","publisher":{"@id":"https:\/\/truusk.store\/sv\/#organization"},"potentialAction":[{"@type":"SearchAction","target":{"@type":"EntryPoint","urlTemplate":"https:\/\/truusk.store\/sv\/?s={search_term_string}"},"query-input":{"@type":"PropertyValueSpecification","valueRequired":true,"valueName":"search_term_string"}}],"inLanguage":"sv-SE"},{"@type":"Organization","@id":"https:\/\/truusk.store\/sv\/#organization","name":"TRUUSK - Hem, Tr\u00e4dg\u00e5rd & Fritid","url":"https:\/\/truusk.store\/sv\/","logo":{"@type":"ImageObject","inLanguage":"sv-SE","@id":"https:\/\/truusk.store\/sv\/#\/schema\/logo\/image\/","url":"https:\/\/i0.wp.com\/truusk.store\/wp-content\/uploads\/2026\/03\/cropped-TRUUSK.png?fit=2032%2C917&ssl=1","contentUrl":"https:\/\/i0.wp.com\/truusk.store\/wp-content\/uploads\/2026\/03\/cropped-TRUUSK.png?fit=2032%2C917&ssl=1","width":2032,"height":917,"caption":"TRUUSK - Hem, Tr\u00e4dg\u00e5rd & Fritid"},"image":{"@id":"https:\/\/truusk.store\/sv\/#\/schema\/logo\/image\/"}}]}},"jetpack_sharing_enabled":true,"_links":{"self":[{"href":"https:\/\/truusk.store\/sv\/wp-json\/wp\/v2\/product\/77771","targetHints":{"allow":["GET"]}}],"collection":[{"href":"https:\/\/truusk.store\/sv\/wp-json\/wp\/v2\/product"}],"about":[{"href":"https:\/\/truusk.store\/sv\/wp-json\/wp\/v2\/types\/product"}],"wp:featuredmedia":[{"embeddable":true,"href":"https:\/\/truusk.store\/sv\/wp-json\/wp\/v2\/media\/77762"}],"wp:attachment":[{"href":"https:\/\/truusk.store\/sv\/wp-json\/wp\/v2\/media?parent=77771"}],"wp:term":[{"taxonomy":"product_brand","embeddable":true,"href":"https:\/\/truusk.store\/sv\/wp-json\/wp\/v2\/product_brand?post=77771"},{"taxonomy":"product_cat","embeddable":true,"href":"https:\/\/truusk.store\/sv\/wp-json\/wp\/v2\/product_cat?post=77771"},{"taxonomy":"product_tag","embeddable":true,"href":"https:\/\/truusk.store\/sv\/wp-json\/wp\/v2\/product_tag?post=77771"}],"curies":[{"name":"wp","href":"https:\/\/api.w.org\/{rel}","templated":true}]}}