{"id":77781,"date":"2025-06-06T07:43:37","date_gmt":"2025-06-06T06:43:37","guid":{"rendered":"https:\/\/truusk.store\/product\/utbyggbart-mikrovagshylla-med-3-krokar-kokshylla-mikrovagshallare-i-metall-svart\/"},"modified":"2026-03-12T08:44:48","modified_gmt":"2026-03-12T07:44:48","slug":"truusk-utbyggbar-mikrovagshylla-3-krokar-kokshylla-metall-svart","status":"publish","type":"product","link":"https:\/\/truusk.store\/sv\/produkt\/truusk-utbyggbar-mikrovagshylla-3-krokar-kokshylla-metall-svart\/","title":{"rendered":"TRUUSK Utbyggbar Mikrov\u00e5gshylla &#8211; 3 Krokar &#8211; K\u00f6kshylla &#8211; Metall &#8211; Svart"},"content":{"rendered":"<p>Modernisera ditt k\u00f6k med TRUUSK mikrov\u00e5gshyllan, en stilfull f\u00f6rvaringsl\u00f6sning som skapar ordning och \u00f6versk\u00e5dlighet. Med ett underutrymme p\u00e5 40 cm erbjuder det plats f\u00f6r de flesta apparater, medan tre krokar h\u00e5ller dina redskap alltid till hands. Fr\u00e5n 39,5 till 64 cm utdragbar, f\u00f6rvandlas hyllan till en chic kaffestation som passar perfekt in i alla milj\u00f6er.<\/p>\n<p>Beskrivning:<\/p>\n<ul>\n<li> Golvavst\u00e5ndet p\u00e5 40 cm passar f\u00f6r de flesta k\u00f6ksapparater<\/li>\n<li> Inneh\u00e5ller 3 krokar f\u00f6r redskap och ugnshandskar<\/li>\n<li> K\u00f6kshyllans l\u00e4ngd kan dras ut fr\u00e5n 39,5 till 64 cm f\u00f6r m\u00e5ngsidig anv\u00e4ndning<\/li>\n<li> Metallkonstruktion garanterar h\u00e5llbarhet och stabilitet<\/li>\n<li> Justerbara fotdynor s\u00e4kerst\u00e4ller en j\u00e4mn installation p\u00e5 oj\u00e4mna ytor<\/li>\n<li> Mikrov\u00e5gshyllans enkla och eleganta utseende passar i k\u00f6ket, kontoret eller studierummet<\/li>\n<li> Montering kr\u00e4vs<\/li>\n<\/ul>\n<p> Tekniska data:<\/p>\n<ul>\n<li> F\u00e4rg: Svart<\/li>\n<li> Material: Metall<\/li>\n<li> Totala dimensioner: 39,5-64B x 32T x 47,5H cm<\/li>\n<li> Fotens h\u00f6jd: 40 cm<\/li>\n<li> B\u00e4rf\u00f6rm\u00e5ga: 15 kg<\/li>\n<\/ul>\n<p>Leveransinneh\u00e5ll:<\/p>\n<ul>\n<li> 1 x Mikrov\u00e5gshylla<\/li>\n<li> 1 x Bruksanvisning<\/li>\n<\/ul>\n","protected":false},"excerpt":{"rendered":"<p>Modernisera ditt k\u00f6k med TRUUSK mikrov\u00e5gshyllan, en stilfull f\u00f6rvaringsl\u00f6sning som skapar ordning och \u00f6versk\u00e5dlighet. Med ett underutrymme p\u00e5 40 cm&#8230;<\/p>\n","protected":false},"featured_media":77772,"template":"","meta":[],"product_brand":[],"product_cat":[871,889,534],"product_tag":[],"class_list":{"0":"post-77781","1":"product","2":"type-product","3":"status-publish","4":"has-post-thumbnail","6":"product_cat-hus-hem","7":"product_cat-kok-matsal","8":"product_cat-koksskap","10":"first","11":"instock","12":"sale","13":"taxable","14":"shipping-taxable","15":"purchasable","16":"product-type-simple"},"yoast_head":"<!-- This site is optimized with the Yoast SEO plugin v25.4 - https:\/\/yoast.com\/wordpress\/plugins\/seo\/ -->\n<title>TRUUSK Utbyggbar Mikrov\u00e5gshylla - 3 Krokar - K\u00f6kshylla - Metall - Svart - TRUUSK - Hem, Tr\u00e4dg\u00e5rd &amp; Fritid<\/title>\n<meta name=\"robots\" content=\"index, follow, max-snippet:-1, max-image-preview:large, max-video-preview:-1\" \/>\n<link rel=\"canonical\" href=\"https:\/\/truusk.store\/sv\/produkt\/truusk-utbyggbar-mikrovagshylla-3-krokar-kokshylla-metall-svart\/\" \/>\n<meta property=\"og:locale\" content=\"sv_SE\" \/>\n<meta property=\"og:type\" content=\"article\" \/>\n<meta property=\"og:title\" content=\"TRUUSK Utbyggbar Mikrov\u00e5gshylla - 3 Krokar - K\u00f6kshylla - Metall - Svart - TRUUSK - Hem, Tr\u00e4dg\u00e5rd &amp; Fritid\" \/>\n<meta property=\"og:description\" content=\"Modernisera ditt k\u00f6k med TRUUSK mikrov\u00e5gshyllan, en stilfull f\u00f6rvaringsl\u00f6sning som skapar ordning och \u00f6versk\u00e5dlighet. Med ett underutrymme p\u00e5 40 cm...\" \/>\n<meta property=\"og:url\" content=\"https:\/\/truusk.store\/sv\/produkt\/truusk-utbyggbar-mikrovagshylla-3-krokar-kokshylla-metall-svart\/\" \/>\n<meta property=\"og:site_name\" content=\"TRUUSK - Hem, Tr\u00e4dg\u00e5rd &amp; Fritid\" \/>\n<meta property=\"article:modified_time\" content=\"2026-03-12T07:44:48+00:00\" \/>\n<meta property=\"og:image\" content=\"https:\/\/i0.wp.com\/truusk.se\/wp-content\/uploads\/2025\/06\/utbyggbart-mikrovagshylla-med-3-krokar-kokshylla-mikrovagshallare-i-metall-svart-1.webp?fit=2000%2C2000&ssl=1\" \/>\n\t<meta property=\"og:image:width\" content=\"2000\" \/>\n\t<meta property=\"og:image:height\" content=\"2000\" \/>\n\t<meta property=\"og:image:type\" content=\"image\/webp\" \/>\n<meta name=\"twitter:card\" content=\"summary_large_image\" \/>\n<meta name=\"twitter:label1\" content=\"Ber\u00e4knad l\u00e4stid\" \/>\n\t<meta name=\"twitter:data1\" content=\"1 minut\" \/>\n<!-- \/ Yoast SEO plugin. -->","yoast_head_json":{"title":"TRUUSK Utbyggbar Mikrov\u00e5gshylla - 3 Krokar - K\u00f6kshylla - Metall - Svart - TRUUSK - Hem, Tr\u00e4dg\u00e5rd &amp; Fritid","robots":{"index":"index","follow":"follow","max-snippet":"max-snippet:-1","max-image-preview":"max-image-preview:large","max-video-preview":"max-video-preview:-1"},"canonical":"https:\/\/truusk.store\/sv\/produkt\/truusk-utbyggbar-mikrovagshylla-3-krokar-kokshylla-metall-svart\/","og_locale":"sv_SE","og_type":"article","og_title":"TRUUSK Utbyggbar Mikrov\u00e5gshylla - 3 Krokar - K\u00f6kshylla - Metall - Svart - TRUUSK - Hem, Tr\u00e4dg\u00e5rd &amp; Fritid","og_description":"Modernisera ditt k\u00f6k med TRUUSK mikrov\u00e5gshyllan, en stilfull f\u00f6rvaringsl\u00f6sning som skapar ordning och \u00f6versk\u00e5dlighet. Med ett underutrymme p\u00e5 40 cm...","og_url":"https:\/\/truusk.store\/sv\/produkt\/truusk-utbyggbar-mikrovagshylla-3-krokar-kokshylla-metall-svart\/","og_site_name":"TRUUSK - Hem, Tr\u00e4dg\u00e5rd &amp; Fritid","article_modified_time":"2026-03-12T07:44:48+00:00","og_image":[{"width":2000,"height":2000,"url":"https:\/\/i0.wp.com\/truusk.se\/wp-content\/uploads\/2025\/06\/utbyggbart-mikrovagshylla-med-3-krokar-kokshylla-mikrovagshallare-i-metall-svart-1.webp?fit=2000%2C2000&ssl=1","type":"image\/webp"}],"twitter_card":"summary_large_image","twitter_misc":{"Ber\u00e4knad l\u00e4stid":"1 minut"},"schema":{"@context":"https:\/\/schema.org","@graph":[{"@type":"WebPage","@id":"https:\/\/truusk.store\/sv\/produkt\/truusk-utbyggbar-mikrovagshylla-3-krokar-kokshylla-metall-svart\/","url":"https:\/\/truusk.store\/sv\/produkt\/truusk-utbyggbar-mikrovagshylla-3-krokar-kokshylla-metall-svart\/","name":"TRUUSK Utbyggbar Mikrov\u00e5gshylla - 3 Krokar - K\u00f6kshylla - Metall - Svart - TRUUSK - Hem, Tr\u00e4dg\u00e5rd &amp; Fritid","isPartOf":{"@id":"https:\/\/truusk.store\/sv\/#website"},"primaryImageOfPage":{"@id":"https:\/\/truusk.store\/sv\/produkt\/truusk-utbyggbar-mikrovagshylla-3-krokar-kokshylla-metall-svart\/#primaryimage"},"image":{"@id":"https:\/\/truusk.store\/sv\/produkt\/truusk-utbyggbar-mikrovagshylla-3-krokar-kokshylla-metall-svart\/#primaryimage"},"thumbnailUrl":"https:\/\/i0.wp.com\/truusk.store\/wp-content\/uploads\/2025\/06\/utbyggbart-mikrovagshylla-med-3-krokar-kokshylla-mikrovagshallare-i-metall-svart-1.webp?fit=2000%2C2000&ssl=1","datePublished":"2025-06-06T06:43:37+00:00","dateModified":"2026-03-12T07:44:48+00:00","breadcrumb":{"@id":"https:\/\/truusk.store\/sv\/produkt\/truusk-utbyggbar-mikrovagshylla-3-krokar-kokshylla-metall-svart\/#breadcrumb"},"inLanguage":"sv-SE","potentialAction":[{"@type":"ReadAction","target":["https:\/\/truusk.store\/sv\/produkt\/truusk-utbyggbar-mikrovagshylla-3-krokar-kokshylla-metall-svart\/"]}]},{"@type":"ImageObject","inLanguage":"sv-SE","@id":"https:\/\/truusk.store\/sv\/produkt\/truusk-utbyggbar-mikrovagshylla-3-krokar-kokshylla-metall-svart\/#primaryimage","url":"https:\/\/i0.wp.com\/truusk.store\/wp-content\/uploads\/2025\/06\/utbyggbart-mikrovagshylla-med-3-krokar-kokshylla-mikrovagshallare-i-metall-svart-1.webp?fit=2000%2C2000&ssl=1","contentUrl":"https:\/\/i0.wp.com\/truusk.store\/wp-content\/uploads\/2025\/06\/utbyggbart-mikrovagshylla-med-3-krokar-kokshylla-mikrovagshallare-i-metall-svart-1.webp?fit=2000%2C2000&ssl=1","width":2000,"height":2000},{"@type":"BreadcrumbList","@id":"https:\/\/truusk.store\/sv\/produkt\/truusk-utbyggbar-mikrovagshylla-3-krokar-kokshylla-metall-svart\/#breadcrumb","itemListElement":[{"@type":"ListItem","position":1,"name":"Home","item":"https:\/\/truusk.store\/sv\/"},{"@type":"ListItem","position":2,"name":"Shop","item":"https:\/\/truusk.store\/shop\/"},{"@type":"ListItem","position":3,"name":"TRUUSK Utbyggbar Mikrov\u00e5gshylla &#8211; 3 Krokar &#8211; K\u00f6kshylla &#8211; Metall &#8211; Svart"}]},{"@type":"WebSite","@id":"https:\/\/truusk.store\/sv\/#website","url":"https:\/\/truusk.store\/sv\/","name":"TRUUSK - Hem, Tr\u00e4dg\u00e5rd & Fritid","description":"","publisher":{"@id":"https:\/\/truusk.store\/sv\/#organization"},"potentialAction":[{"@type":"SearchAction","target":{"@type":"EntryPoint","urlTemplate":"https:\/\/truusk.store\/sv\/?s={search_term_string}"},"query-input":{"@type":"PropertyValueSpecification","valueRequired":true,"valueName":"search_term_string"}}],"inLanguage":"sv-SE"},{"@type":"Organization","@id":"https:\/\/truusk.store\/sv\/#organization","name":"TRUUSK - Hem, Tr\u00e4dg\u00e5rd & Fritid","url":"https:\/\/truusk.store\/sv\/","logo":{"@type":"ImageObject","inLanguage":"sv-SE","@id":"https:\/\/truusk.store\/sv\/#\/schema\/logo\/image\/","url":"https:\/\/i0.wp.com\/truusk.store\/wp-content\/uploads\/2026\/03\/cropped-TRUUSK.png?fit=2032%2C917&ssl=1","contentUrl":"https:\/\/i0.wp.com\/truusk.store\/wp-content\/uploads\/2026\/03\/cropped-TRUUSK.png?fit=2032%2C917&ssl=1","width":2032,"height":917,"caption":"TRUUSK - Hem, Tr\u00e4dg\u00e5rd & Fritid"},"image":{"@id":"https:\/\/truusk.store\/sv\/#\/schema\/logo\/image\/"}}]}},"jetpack_sharing_enabled":true,"_links":{"self":[{"href":"https:\/\/truusk.store\/sv\/wp-json\/wp\/v2\/product\/77781","targetHints":{"allow":["GET"]}}],"collection":[{"href":"https:\/\/truusk.store\/sv\/wp-json\/wp\/v2\/product"}],"about":[{"href":"https:\/\/truusk.store\/sv\/wp-json\/wp\/v2\/types\/product"}],"wp:featuredmedia":[{"embeddable":true,"href":"https:\/\/truusk.store\/sv\/wp-json\/wp\/v2\/media\/77772"}],"wp:attachment":[{"href":"https:\/\/truusk.store\/sv\/wp-json\/wp\/v2\/media?parent=77781"}],"wp:term":[{"taxonomy":"product_brand","embeddable":true,"href":"https:\/\/truusk.store\/sv\/wp-json\/wp\/v2\/product_brand?post=77781"},{"taxonomy":"product_cat","embeddable":true,"href":"https:\/\/truusk.store\/sv\/wp-json\/wp\/v2\/product_cat?post=77781"},{"taxonomy":"product_tag","embeddable":true,"href":"https:\/\/truusk.store\/sv\/wp-json\/wp\/v2\/product_tag?post=77781"}],"curies":[{"name":"wp","href":"https:\/\/api.w.org\/{rel}","templated":true}]}}