{"id":77811,"date":"2025-06-06T07:46:44","date_gmt":"2025-06-06T06:46:44","guid":{"rendered":"https:\/\/truusk.store\/product\/rund-matbord-for-4-personer-o120-koksbord-i-industriell-stil-med-stalben-for-matsal-kok-hemmakontor-ek\/"},"modified":"2026-03-12T08:44:47","modified_gmt":"2026-03-12T07:44:47","slug":"truusk-runt-matbord-for-4-personer-o120-industriell-stil-stalben-for-matsal-kok-hemmakontor-ek","status":"publish","type":"product","link":"https:\/\/truusk.store\/sv\/produkt\/truusk-runt-matbord-for-4-personer-o120-industriell-stil-stalben-for-matsal-kok-hemmakontor-ek\/","title":{"rendered":"TRUUSK Runt Matbord f\u00f6r 4 Personer, \u00d8120 &#8211; Industriell Stil &#8211; St\u00e5lben &#8211; F\u00f6r Matsal &#8211; K\u00f6k &#8211; Hemmakontor &#8211; Ek"},"content":{"rendered":"<p>Detta runda matbord har en tr\u00e4liknande yta och de i\u00f6gonfallande X-benen erbjuder en perfekt blandning av komfort och stil. K\u00f6ksbordet f\u00f6r fyra personer \u00e4r utm\u00e4rkt f\u00f6r en avslappnad brunch, livliga spelkv\u00e4llar eller en middag vid levande ljus. Tack vare justerbara fotdynor f\u00f6rblir det stabilt \u00e4ven p\u00e5 oj\u00e4mna golv.<\/p>\n<p>Beskrivning:<\/p>\n<ul>\n<li> Den rustika tr\u00e4liknande ytan p\u00e5 bordsskivan och de svarta korsbenen utstr\u00e5lar industriell charm<\/li>\n<li> Det 120 cm breda, runda bordet rymmer fyra personer, perfekt f\u00f6r familjem\u00e5ltider<\/li>\n<li> Den rept\u00e5liga ytan st\u00e5r emot daglig anv\u00e4ndning<\/li>\n<li> Det pulverlackerade st\u00e5lstommen ger st\u00f6d och stabilitet<\/li>\n<li> Justerbara f\u00f6tter s\u00e4kerst\u00e4ller stabilitet, \u00e4ven p\u00e5 oj\u00e4mna golv<\/li>\n<li> Idealisk f\u00f6r k\u00f6ket, matplatsen, vardagsrummet eller hemmakontoret<\/li>\n<li> Snabb montering med tydliga instruktioner och inkluderade verktyg<\/li>\n<\/ul>\n<p> Tekniska data:<\/p>\n<ul>\n<li> F\u00e4rg: Ek+Svart<\/li>\n<li> Material: Sp\u00e5nskiva, St\u00e5l<\/li>\n<li> Totala dimensioner: \u00d8120 x 75H cm<\/li>\n<li> B\u00e4rkapacitet: 40 kg<\/li>\n<\/ul>\n<p>Leveransinneh\u00e5ll:<\/p>\n<ul>\n<li> 1 x Matbord<\/li>\n<li> 1 x Handbok<\/li>\n<\/ul>\n","protected":false},"excerpt":{"rendered":"<p>Detta runda matbord har en tr\u00e4liknande yta och de i\u00f6gonfallande X-benen erbjuder en perfekt blandning av komfort och stil. K\u00f6ksbordet&#8230;<\/p>\n","protected":false},"featured_media":77800,"template":"","meta":[],"product_brand":[],"product_cat":[871,889,509],"product_tag":[],"class_list":{"0":"post-77811","1":"product","2":"type-product","3":"status-publish","4":"has-post-thumbnail","6":"product_cat-hus-hem","7":"product_cat-kok-matsal","8":"product_cat-matbord","10":"first","11":"instock","12":"sale","13":"taxable","14":"shipping-taxable","15":"purchasable","16":"product-type-simple"},"yoast_head":"<!-- This site is optimized with the Yoast SEO plugin v25.4 - https:\/\/yoast.com\/wordpress\/plugins\/seo\/ -->\n<title>TRUUSK Runt Matbord f\u00f6r 4 Personer, \u00d8120 - Industriell Stil - St\u00e5lben - F\u00f6r Matsal - K\u00f6k - Hemmakontor - Ek - TRUUSK - Hem, Tr\u00e4dg\u00e5rd &amp; Fritid<\/title>\n<meta name=\"robots\" content=\"index, follow, max-snippet:-1, max-image-preview:large, max-video-preview:-1\" \/>\n<link rel=\"canonical\" href=\"https:\/\/truusk.store\/sv\/produkt\/truusk-runt-matbord-for-4-personer-o120-industriell-stil-stalben-for-matsal-kok-hemmakontor-ek\/\" \/>\n<meta property=\"og:locale\" content=\"sv_SE\" \/>\n<meta property=\"og:type\" content=\"article\" \/>\n<meta property=\"og:title\" content=\"TRUUSK Runt Matbord f\u00f6r 4 Personer, \u00d8120 - Industriell Stil - St\u00e5lben - F\u00f6r Matsal - K\u00f6k - Hemmakontor - Ek - TRUUSK - Hem, Tr\u00e4dg\u00e5rd &amp; Fritid\" \/>\n<meta property=\"og:description\" content=\"Detta runda matbord har en tr\u00e4liknande yta och de i\u00f6gonfallande X-benen erbjuder en perfekt blandning av komfort och stil. K\u00f6ksbordet...\" \/>\n<meta property=\"og:url\" content=\"https:\/\/truusk.store\/sv\/produkt\/truusk-runt-matbord-for-4-personer-o120-industriell-stil-stalben-for-matsal-kok-hemmakontor-ek\/\" \/>\n<meta property=\"og:site_name\" content=\"TRUUSK - Hem, Tr\u00e4dg\u00e5rd &amp; Fritid\" \/>\n<meta property=\"article:modified_time\" content=\"2026-03-12T07:44:47+00:00\" \/>\n<meta property=\"og:image\" content=\"https:\/\/i0.wp.com\/truusk.se\/wp-content\/uploads\/2025\/06\/rund-matbord-for-4-personer-o120-koksbord-i-industriell-stil-med-stalben-for-matsal-kok-hemmakontor-ek-1.webp?fit=2000%2C2000&ssl=1\" \/>\n\t<meta property=\"og:image:width\" content=\"2000\" \/>\n\t<meta property=\"og:image:height\" content=\"2000\" \/>\n\t<meta property=\"og:image:type\" content=\"image\/webp\" \/>\n<meta name=\"twitter:card\" content=\"summary_large_image\" \/>\n<meta name=\"twitter:label1\" content=\"Ber\u00e4knad l\u00e4stid\" \/>\n\t<meta name=\"twitter:data1\" content=\"1 minut\" \/>\n<!-- \/ Yoast SEO plugin. -->","yoast_head_json":{"title":"TRUUSK Runt Matbord f\u00f6r 4 Personer, \u00d8120 - Industriell Stil - St\u00e5lben - F\u00f6r Matsal - K\u00f6k - Hemmakontor - Ek - TRUUSK - Hem, Tr\u00e4dg\u00e5rd &amp; Fritid","robots":{"index":"index","follow":"follow","max-snippet":"max-snippet:-1","max-image-preview":"max-image-preview:large","max-video-preview":"max-video-preview:-1"},"canonical":"https:\/\/truusk.store\/sv\/produkt\/truusk-runt-matbord-for-4-personer-o120-industriell-stil-stalben-for-matsal-kok-hemmakontor-ek\/","og_locale":"sv_SE","og_type":"article","og_title":"TRUUSK Runt Matbord f\u00f6r 4 Personer, \u00d8120 - Industriell Stil - St\u00e5lben - F\u00f6r Matsal - K\u00f6k - Hemmakontor - Ek - TRUUSK - Hem, Tr\u00e4dg\u00e5rd &amp; Fritid","og_description":"Detta runda matbord har en tr\u00e4liknande yta och de i\u00f6gonfallande X-benen erbjuder en perfekt blandning av komfort och stil. K\u00f6ksbordet...","og_url":"https:\/\/truusk.store\/sv\/produkt\/truusk-runt-matbord-for-4-personer-o120-industriell-stil-stalben-for-matsal-kok-hemmakontor-ek\/","og_site_name":"TRUUSK - Hem, Tr\u00e4dg\u00e5rd &amp; Fritid","article_modified_time":"2026-03-12T07:44:47+00:00","og_image":[{"width":2000,"height":2000,"url":"https:\/\/i0.wp.com\/truusk.se\/wp-content\/uploads\/2025\/06\/rund-matbord-for-4-personer-o120-koksbord-i-industriell-stil-med-stalben-for-matsal-kok-hemmakontor-ek-1.webp?fit=2000%2C2000&ssl=1","type":"image\/webp"}],"twitter_card":"summary_large_image","twitter_misc":{"Ber\u00e4knad l\u00e4stid":"1 minut"},"schema":{"@context":"https:\/\/schema.org","@graph":[{"@type":"WebPage","@id":"https:\/\/truusk.store\/sv\/produkt\/truusk-runt-matbord-for-4-personer-o120-industriell-stil-stalben-for-matsal-kok-hemmakontor-ek\/","url":"https:\/\/truusk.store\/sv\/produkt\/truusk-runt-matbord-for-4-personer-o120-industriell-stil-stalben-for-matsal-kok-hemmakontor-ek\/","name":"TRUUSK Runt Matbord f\u00f6r 4 Personer, \u00d8120 - Industriell Stil - St\u00e5lben - F\u00f6r Matsal - K\u00f6k - Hemmakontor - Ek - TRUUSK - Hem, Tr\u00e4dg\u00e5rd &amp; Fritid","isPartOf":{"@id":"https:\/\/truusk.store\/sv\/#website"},"primaryImageOfPage":{"@id":"https:\/\/truusk.store\/sv\/produkt\/truusk-runt-matbord-for-4-personer-o120-industriell-stil-stalben-for-matsal-kok-hemmakontor-ek\/#primaryimage"},"image":{"@id":"https:\/\/truusk.store\/sv\/produkt\/truusk-runt-matbord-for-4-personer-o120-industriell-stil-stalben-for-matsal-kok-hemmakontor-ek\/#primaryimage"},"thumbnailUrl":"https:\/\/i0.wp.com\/truusk.store\/wp-content\/uploads\/2025\/06\/rund-matbord-for-4-personer-o120-koksbord-i-industriell-stil-med-stalben-for-matsal-kok-hemmakontor-ek-1.webp?fit=2000%2C2000&ssl=1","datePublished":"2025-06-06T06:46:44+00:00","dateModified":"2026-03-12T07:44:47+00:00","breadcrumb":{"@id":"https:\/\/truusk.store\/sv\/produkt\/truusk-runt-matbord-for-4-personer-o120-industriell-stil-stalben-for-matsal-kok-hemmakontor-ek\/#breadcrumb"},"inLanguage":"sv-SE","potentialAction":[{"@type":"ReadAction","target":["https:\/\/truusk.store\/sv\/produkt\/truusk-runt-matbord-for-4-personer-o120-industriell-stil-stalben-for-matsal-kok-hemmakontor-ek\/"]}]},{"@type":"ImageObject","inLanguage":"sv-SE","@id":"https:\/\/truusk.store\/sv\/produkt\/truusk-runt-matbord-for-4-personer-o120-industriell-stil-stalben-for-matsal-kok-hemmakontor-ek\/#primaryimage","url":"https:\/\/i0.wp.com\/truusk.store\/wp-content\/uploads\/2025\/06\/rund-matbord-for-4-personer-o120-koksbord-i-industriell-stil-med-stalben-for-matsal-kok-hemmakontor-ek-1.webp?fit=2000%2C2000&ssl=1","contentUrl":"https:\/\/i0.wp.com\/truusk.store\/wp-content\/uploads\/2025\/06\/rund-matbord-for-4-personer-o120-koksbord-i-industriell-stil-med-stalben-for-matsal-kok-hemmakontor-ek-1.webp?fit=2000%2C2000&ssl=1","width":2000,"height":2000},{"@type":"BreadcrumbList","@id":"https:\/\/truusk.store\/sv\/produkt\/truusk-runt-matbord-for-4-personer-o120-industriell-stil-stalben-for-matsal-kok-hemmakontor-ek\/#breadcrumb","itemListElement":[{"@type":"ListItem","position":1,"name":"Home","item":"https:\/\/truusk.store\/sv\/"},{"@type":"ListItem","position":2,"name":"Shop","item":"https:\/\/truusk.store\/shop\/"},{"@type":"ListItem","position":3,"name":"TRUUSK Runt Matbord f\u00f6r 4 Personer, \u00d8120 &#8211; Industriell Stil &#8211; St\u00e5lben &#8211; F\u00f6r Matsal &#8211; K\u00f6k &#8211; Hemmakontor &#8211; Ek"}]},{"@type":"WebSite","@id":"https:\/\/truusk.store\/sv\/#website","url":"https:\/\/truusk.store\/sv\/","name":"TRUUSK - Hem, Tr\u00e4dg\u00e5rd & Fritid","description":"","publisher":{"@id":"https:\/\/truusk.store\/sv\/#organization"},"potentialAction":[{"@type":"SearchAction","target":{"@type":"EntryPoint","urlTemplate":"https:\/\/truusk.store\/sv\/?s={search_term_string}"},"query-input":{"@type":"PropertyValueSpecification","valueRequired":true,"valueName":"search_term_string"}}],"inLanguage":"sv-SE"},{"@type":"Organization","@id":"https:\/\/truusk.store\/sv\/#organization","name":"TRUUSK - Hem, Tr\u00e4dg\u00e5rd & Fritid","url":"https:\/\/truusk.store\/sv\/","logo":{"@type":"ImageObject","inLanguage":"sv-SE","@id":"https:\/\/truusk.store\/sv\/#\/schema\/logo\/image\/","url":"https:\/\/i0.wp.com\/truusk.store\/wp-content\/uploads\/2026\/03\/cropped-TRUUSK.png?fit=2032%2C917&ssl=1","contentUrl":"https:\/\/i0.wp.com\/truusk.store\/wp-content\/uploads\/2026\/03\/cropped-TRUUSK.png?fit=2032%2C917&ssl=1","width":2032,"height":917,"caption":"TRUUSK - Hem, Tr\u00e4dg\u00e5rd & Fritid"},"image":{"@id":"https:\/\/truusk.store\/sv\/#\/schema\/logo\/image\/"}}]}},"jetpack_sharing_enabled":true,"_links":{"self":[{"href":"https:\/\/truusk.store\/sv\/wp-json\/wp\/v2\/product\/77811","targetHints":{"allow":["GET"]}}],"collection":[{"href":"https:\/\/truusk.store\/sv\/wp-json\/wp\/v2\/product"}],"about":[{"href":"https:\/\/truusk.store\/sv\/wp-json\/wp\/v2\/types\/product"}],"wp:featuredmedia":[{"embeddable":true,"href":"https:\/\/truusk.store\/sv\/wp-json\/wp\/v2\/media\/77800"}],"wp:attachment":[{"href":"https:\/\/truusk.store\/sv\/wp-json\/wp\/v2\/media?parent=77811"}],"wp:term":[{"taxonomy":"product_brand","embeddable":true,"href":"https:\/\/truusk.store\/sv\/wp-json\/wp\/v2\/product_brand?post=77811"},{"taxonomy":"product_cat","embeddable":true,"href":"https:\/\/truusk.store\/sv\/wp-json\/wp\/v2\/product_cat?post=77811"},{"taxonomy":"product_tag","embeddable":true,"href":"https:\/\/truusk.store\/sv\/wp-json\/wp\/v2\/product_tag?post=77811"}],"curies":[{"name":"wp","href":"https:\/\/api.w.org\/{rel}","templated":true}]}}