{"id":77851,"date":"2025-06-06T07:50:41","date_gmt":"2025-06-06T06:50:41","guid":{"rendered":"https:\/\/truusk.store\/product\/konsolbord-med-4-hyllor-sidobord-med-stalram-metallhylla-for-litet-utrymme-entre-hall-vardagsrum-110-x-30-x-75-cm-svart\/"},"modified":"2026-03-12T08:42:50","modified_gmt":"2026-03-12T07:42:50","slug":"truusk-konsolbord-med-4-hyllor-sidobord-med-stalram-metallhylla-for-litet-utrymme-entre-hall-vardagsrum-110-x-30-x-75","status":"publish","type":"product","link":"https:\/\/truusk.store\/sv\/produkt\/truusk-konsolbord-med-4-hyllor-sidobord-med-stalram-metallhylla-for-litet-utrymme-entre-hall-vardagsrum-110-x-30-x-75\/","title":{"rendered":"TRUUSK Konsolbord Med 4 Hyllor &#8211; Sidobord Med St\u00e5lram &#8211; Metallhylla F\u00f6r Litet Utrymme &#8211; Entr\u00e9, Hall, Vardagsrum &#8211; 110 x 30 x 75"},"content":{"rendered":"<p>G\u00f6r om din entr\u00e9 med det stilfulla TRUUSK konsolbordet. Detta h\u00f6ga bord \u00e4r mer \u00e4n en praktisk m\u00f6bel &#8211; det ger ett uttrycksfullt designuttalande och f\u00f6rb\u00e4ttrar ditt vardagsrum. Utrustad med flera hyllor, kombinerar den omfattande lagringsutrymme med attraktiv utst\u00e4llningsyta. Skapad f\u00f6r att berika din boendemilj\u00f6 som en central blickf\u00e5ngare, idealisk f\u00f6r dekoration eller dagliga anv\u00e4ndningsartiklar.<\/p>\n<p>Beskrivning:<\/p>\n<ul>\n<li> Har 4 niv\u00e5er f\u00f6r f\u00f6rvaring och presentation<\/li>\n<li> L\u00e4mplig f\u00f6r anv\u00e4ndning i vardagsrum, hall eller sovrum<\/li>\n<li> St\u00e5lstommen p\u00e5 konsolbordet ger \u00f6verl\u00e4gsen stabilitet<\/li>\n<li> Utrustad med tippskydd f\u00f6r extra s\u00e4kerhet<\/li>\n<li> Skyddande fotdynor p\u00e5 telefontabellen skyddar ditt golv fr\u00e5n skador<\/li>\n<li> Enkel montering kr\u00e4vs<\/li>\n<\/ul>\n<p> Tekniska data:<\/p>\n<ul>\n<li> F\u00e4rg: Svart<\/li>\n<li> Material: St\u00e5l<\/li>\n<li> Totala dimensioner: 110B x 30T x 75H cm<\/li>\n<li> Hyllstorlek: 34B x 30T cm, 71B x 30T cm, 110B x 30T cm<\/li>\n<li> Benh\u00f6jd: 3,5 cm<\/li>\n<li> Belastningskapacitet: 60 kg (totalt), 20 kg (\u00f6vre, nedre hylla), 10 kg (mellanhylla)<\/li>\n<\/ul>\n<p>Leveransinneh\u00e5ll:<\/p>\n<ul>\n<li> 1 x Konsolbord<\/li>\n<li> 1 x Handbok<\/li>\n<\/ul>\n","protected":false},"excerpt":{"rendered":"<p>G\u00f6r om din entr\u00e9 med det stilfulla TRUUSK konsolbordet. Detta h\u00f6ga bord \u00e4r mer \u00e4n en praktisk m\u00f6bel &#8211; det&#8230;<\/p>\n","protected":false},"featured_media":77842,"template":"","meta":[],"product_brand":[],"product_cat":[893,871,514],"product_tag":[],"class_list":{"0":"post-77851","1":"product","2":"type-product","3":"status-publish","4":"has-post-thumbnail","6":"product_cat-garderob-hall","7":"product_cat-hus-hem","8":"product_cat-konsolbord","10":"first","11":"instock","12":"sale","13":"taxable","14":"shipping-taxable","15":"purchasable","16":"product-type-simple"},"yoast_head":"<!-- This site is optimized with the Yoast SEO plugin v25.4 - https:\/\/yoast.com\/wordpress\/plugins\/seo\/ -->\n<title>TRUUSK Konsolbord Med 4 Hyllor - Sidobord Med St\u00e5lram - Metallhylla F\u00f6r Litet Utrymme - Entr\u00e9, Hall, Vardagsrum - 110 x 30 x 75 - TRUUSK - Hem, Tr\u00e4dg\u00e5rd &amp; Fritid<\/title>\n<meta name=\"robots\" content=\"index, follow, max-snippet:-1, max-image-preview:large, max-video-preview:-1\" \/>\n<link rel=\"canonical\" href=\"https:\/\/truusk.store\/sv\/produkt\/truusk-konsolbord-med-4-hyllor-sidobord-med-stalram-metallhylla-for-litet-utrymme-entre-hall-vardagsrum-110-x-30-x-75\/\" \/>\n<meta property=\"og:locale\" content=\"sv_SE\" \/>\n<meta property=\"og:type\" content=\"article\" \/>\n<meta property=\"og:title\" content=\"TRUUSK Konsolbord Med 4 Hyllor - Sidobord Med St\u00e5lram - Metallhylla F\u00f6r Litet Utrymme - Entr\u00e9, Hall, Vardagsrum - 110 x 30 x 75 - TRUUSK - Hem, Tr\u00e4dg\u00e5rd &amp; Fritid\" \/>\n<meta property=\"og:description\" content=\"G\u00f6r om din entr\u00e9 med det stilfulla TRUUSK konsolbordet. Detta h\u00f6ga bord \u00e4r mer \u00e4n en praktisk m\u00f6bel &#8211; det...\" \/>\n<meta property=\"og:url\" content=\"https:\/\/truusk.store\/sv\/produkt\/truusk-konsolbord-med-4-hyllor-sidobord-med-stalram-metallhylla-for-litet-utrymme-entre-hall-vardagsrum-110-x-30-x-75\/\" \/>\n<meta property=\"og:site_name\" content=\"TRUUSK - Hem, Tr\u00e4dg\u00e5rd &amp; Fritid\" \/>\n<meta property=\"article:modified_time\" content=\"2026-03-12T07:42:50+00:00\" \/>\n<meta property=\"og:image\" content=\"https:\/\/i0.wp.com\/truusk.se\/wp-content\/uploads\/2025\/06\/konsolbord-med-4-hyllor-sidobord-med-stalram-metallhylla-for-litet-utrymme-entre-hall-vardagsrum-110-x-30-x-75-cm-svart-1.webp?fit=2000%2C2000&ssl=1\" \/>\n\t<meta property=\"og:image:width\" content=\"2000\" \/>\n\t<meta property=\"og:image:height\" content=\"2000\" \/>\n\t<meta property=\"og:image:type\" content=\"image\/webp\" \/>\n<meta name=\"twitter:card\" content=\"summary_large_image\" \/>\n<meta name=\"twitter:label1\" content=\"Ber\u00e4knad l\u00e4stid\" \/>\n\t<meta name=\"twitter:data1\" content=\"1 minut\" \/>\n<!-- \/ Yoast SEO plugin. -->","yoast_head_json":{"title":"TRUUSK Konsolbord Med 4 Hyllor - Sidobord Med St\u00e5lram - Metallhylla F\u00f6r Litet Utrymme - Entr\u00e9, Hall, Vardagsrum - 110 x 30 x 75 - TRUUSK - Hem, Tr\u00e4dg\u00e5rd &amp; Fritid","robots":{"index":"index","follow":"follow","max-snippet":"max-snippet:-1","max-image-preview":"max-image-preview:large","max-video-preview":"max-video-preview:-1"},"canonical":"https:\/\/truusk.store\/sv\/produkt\/truusk-konsolbord-med-4-hyllor-sidobord-med-stalram-metallhylla-for-litet-utrymme-entre-hall-vardagsrum-110-x-30-x-75\/","og_locale":"sv_SE","og_type":"article","og_title":"TRUUSK Konsolbord Med 4 Hyllor - Sidobord Med St\u00e5lram - Metallhylla F\u00f6r Litet Utrymme - Entr\u00e9, Hall, Vardagsrum - 110 x 30 x 75 - TRUUSK - Hem, Tr\u00e4dg\u00e5rd &amp; Fritid","og_description":"G\u00f6r om din entr\u00e9 med det stilfulla TRUUSK konsolbordet. Detta h\u00f6ga bord \u00e4r mer \u00e4n en praktisk m\u00f6bel &#8211; det...","og_url":"https:\/\/truusk.store\/sv\/produkt\/truusk-konsolbord-med-4-hyllor-sidobord-med-stalram-metallhylla-for-litet-utrymme-entre-hall-vardagsrum-110-x-30-x-75\/","og_site_name":"TRUUSK - Hem, Tr\u00e4dg\u00e5rd &amp; Fritid","article_modified_time":"2026-03-12T07:42:50+00:00","og_image":[{"width":2000,"height":2000,"url":"https:\/\/i0.wp.com\/truusk.se\/wp-content\/uploads\/2025\/06\/konsolbord-med-4-hyllor-sidobord-med-stalram-metallhylla-for-litet-utrymme-entre-hall-vardagsrum-110-x-30-x-75-cm-svart-1.webp?fit=2000%2C2000&ssl=1","type":"image\/webp"}],"twitter_card":"summary_large_image","twitter_misc":{"Ber\u00e4knad l\u00e4stid":"1 minut"},"schema":{"@context":"https:\/\/schema.org","@graph":[{"@type":"WebPage","@id":"https:\/\/truusk.store\/sv\/produkt\/truusk-konsolbord-med-4-hyllor-sidobord-med-stalram-metallhylla-for-litet-utrymme-entre-hall-vardagsrum-110-x-30-x-75\/","url":"https:\/\/truusk.store\/sv\/produkt\/truusk-konsolbord-med-4-hyllor-sidobord-med-stalram-metallhylla-for-litet-utrymme-entre-hall-vardagsrum-110-x-30-x-75\/","name":"TRUUSK Konsolbord Med 4 Hyllor - Sidobord Med St\u00e5lram - Metallhylla F\u00f6r Litet Utrymme - Entr\u00e9, Hall, Vardagsrum - 110 x 30 x 75 - TRUUSK - Hem, Tr\u00e4dg\u00e5rd &amp; Fritid","isPartOf":{"@id":"https:\/\/truusk.store\/sv\/#website"},"primaryImageOfPage":{"@id":"https:\/\/truusk.store\/sv\/produkt\/truusk-konsolbord-med-4-hyllor-sidobord-med-stalram-metallhylla-for-litet-utrymme-entre-hall-vardagsrum-110-x-30-x-75\/#primaryimage"},"image":{"@id":"https:\/\/truusk.store\/sv\/produkt\/truusk-konsolbord-med-4-hyllor-sidobord-med-stalram-metallhylla-for-litet-utrymme-entre-hall-vardagsrum-110-x-30-x-75\/#primaryimage"},"thumbnailUrl":"https:\/\/i0.wp.com\/truusk.store\/wp-content\/uploads\/2025\/06\/konsolbord-med-4-hyllor-sidobord-med-stalram-metallhylla-for-litet-utrymme-entre-hall-vardagsrum-110-x-30-x-75-cm-svart-1.webp?fit=2000%2C2000&ssl=1","datePublished":"2025-06-06T06:50:41+00:00","dateModified":"2026-03-12T07:42:50+00:00","breadcrumb":{"@id":"https:\/\/truusk.store\/sv\/produkt\/truusk-konsolbord-med-4-hyllor-sidobord-med-stalram-metallhylla-for-litet-utrymme-entre-hall-vardagsrum-110-x-30-x-75\/#breadcrumb"},"inLanguage":"sv-SE","potentialAction":[{"@type":"ReadAction","target":["https:\/\/truusk.store\/sv\/produkt\/truusk-konsolbord-med-4-hyllor-sidobord-med-stalram-metallhylla-for-litet-utrymme-entre-hall-vardagsrum-110-x-30-x-75\/"]}]},{"@type":"ImageObject","inLanguage":"sv-SE","@id":"https:\/\/truusk.store\/sv\/produkt\/truusk-konsolbord-med-4-hyllor-sidobord-med-stalram-metallhylla-for-litet-utrymme-entre-hall-vardagsrum-110-x-30-x-75\/#primaryimage","url":"https:\/\/i0.wp.com\/truusk.store\/wp-content\/uploads\/2025\/06\/konsolbord-med-4-hyllor-sidobord-med-stalram-metallhylla-for-litet-utrymme-entre-hall-vardagsrum-110-x-30-x-75-cm-svart-1.webp?fit=2000%2C2000&ssl=1","contentUrl":"https:\/\/i0.wp.com\/truusk.store\/wp-content\/uploads\/2025\/06\/konsolbord-med-4-hyllor-sidobord-med-stalram-metallhylla-for-litet-utrymme-entre-hall-vardagsrum-110-x-30-x-75-cm-svart-1.webp?fit=2000%2C2000&ssl=1","width":2000,"height":2000},{"@type":"BreadcrumbList","@id":"https:\/\/truusk.store\/sv\/produkt\/truusk-konsolbord-med-4-hyllor-sidobord-med-stalram-metallhylla-for-litet-utrymme-entre-hall-vardagsrum-110-x-30-x-75\/#breadcrumb","itemListElement":[{"@type":"ListItem","position":1,"name":"Home","item":"https:\/\/truusk.store\/sv\/"},{"@type":"ListItem","position":2,"name":"Shop","item":"https:\/\/truusk.store\/shop\/"},{"@type":"ListItem","position":3,"name":"TRUUSK Konsolbord Med 4 Hyllor &#8211; Sidobord Med St\u00e5lram &#8211; Metallhylla F\u00f6r Litet Utrymme &#8211; Entr\u00e9, Hall, Vardagsrum &#8211; 110 x 30 x 75"}]},{"@type":"WebSite","@id":"https:\/\/truusk.store\/sv\/#website","url":"https:\/\/truusk.store\/sv\/","name":"TRUUSK - Hem, Tr\u00e4dg\u00e5rd & Fritid","description":"","publisher":{"@id":"https:\/\/truusk.store\/sv\/#organization"},"potentialAction":[{"@type":"SearchAction","target":{"@type":"EntryPoint","urlTemplate":"https:\/\/truusk.store\/sv\/?s={search_term_string}"},"query-input":{"@type":"PropertyValueSpecification","valueRequired":true,"valueName":"search_term_string"}}],"inLanguage":"sv-SE"},{"@type":"Organization","@id":"https:\/\/truusk.store\/sv\/#organization","name":"TRUUSK - Hem, Tr\u00e4dg\u00e5rd & Fritid","url":"https:\/\/truusk.store\/sv\/","logo":{"@type":"ImageObject","inLanguage":"sv-SE","@id":"https:\/\/truusk.store\/sv\/#\/schema\/logo\/image\/","url":"https:\/\/i0.wp.com\/truusk.store\/wp-content\/uploads\/2026\/03\/cropped-TRUUSK.png?fit=2032%2C917&ssl=1","contentUrl":"https:\/\/i0.wp.com\/truusk.store\/wp-content\/uploads\/2026\/03\/cropped-TRUUSK.png?fit=2032%2C917&ssl=1","width":2032,"height":917,"caption":"TRUUSK - Hem, Tr\u00e4dg\u00e5rd & Fritid"},"image":{"@id":"https:\/\/truusk.store\/sv\/#\/schema\/logo\/image\/"}}]}},"jetpack_sharing_enabled":true,"_links":{"self":[{"href":"https:\/\/truusk.store\/sv\/wp-json\/wp\/v2\/product\/77851","targetHints":{"allow":["GET"]}}],"collection":[{"href":"https:\/\/truusk.store\/sv\/wp-json\/wp\/v2\/product"}],"about":[{"href":"https:\/\/truusk.store\/sv\/wp-json\/wp\/v2\/types\/product"}],"wp:featuredmedia":[{"embeddable":true,"href":"https:\/\/truusk.store\/sv\/wp-json\/wp\/v2\/media\/77842"}],"wp:attachment":[{"href":"https:\/\/truusk.store\/sv\/wp-json\/wp\/v2\/media?parent=77851"}],"wp:term":[{"taxonomy":"product_brand","embeddable":true,"href":"https:\/\/truusk.store\/sv\/wp-json\/wp\/v2\/product_brand?post=77851"},{"taxonomy":"product_cat","embeddable":true,"href":"https:\/\/truusk.store\/sv\/wp-json\/wp\/v2\/product_cat?post=77851"},{"taxonomy":"product_tag","embeddable":true,"href":"https:\/\/truusk.store\/sv\/wp-json\/wp\/v2\/product_tag?post=77851"}],"curies":[{"name":"wp","href":"https:\/\/api.w.org\/{rel}","templated":true}]}}