{"id":77871,"date":"2025-06-06T07:52:40","date_gmt":"2025-06-06T06:52:40","guid":{"rendered":"https:\/\/truusk.store\/product\/loungestol-med-armstod-landkudde-vadderad-avkopplingsstol-med-metallram-mikrotyg-hojdjusterbar-snurrstol-for-sovrum-vardagsrum-morkgra\/"},"modified":"2026-03-12T08:44:39","modified_gmt":"2026-03-12T07:44:39","slug":"truusk-loungestol-med-armstod-landkudde-vadderad-avkopplingsstol-metallram-mikrotyg-hojdjusterbar-snurrstol-morkgra","status":"publish","type":"product","link":"https:\/\/truusk.store\/sv\/produkt\/truusk-loungestol-med-armstod-landkudde-vadderad-avkopplingsstol-metallram-mikrotyg-hojdjusterbar-snurrstol-morkgra\/","title":{"rendered":"TRUUSK Loungestol med Armst\u00f6d &#8211; L\u00e4ndkudde &#8211; Vadderad Avkopplingsstol &#8211; Metallram &#8211; Mikrotyg &#8211; H\u00f6jdjusterbar Snurrstol &#8211; M\u00f6rkgr\u00e5"},"content":{"rendered":"<p>Den h\u00e4r h\u00f6jdjusterbara sv\u00e4ngstolen fr\u00e5n TRUUSK, med en elegant och enkel design, passar perfekt i alla rum. Den U-formade ryggst\u00f6det p\u00e5 den stoppade stolen ger optimalt st\u00f6d f\u00f6r rygg och axlar, och stoppningen av skum i kuddar, armst\u00f6d och l\u00e4ndryggomr\u00e5det ger h\u00f6gsta komfort. En stilfull och funktionell m\u00f6bel som flexibelt passar in i din inredning.<\/p>\n<p>Beskrivning:<\/p>\n<ul>\n<li> Modern sv\u00e4ngstol i enkel design, perfekt f\u00f6r vardagsrum, sovrum eller kontor<\/li>\n<li> Sitsens h\u00f6jd kan justeras fr\u00e5n 45 cm till 57 cm<\/li>\n<li> 360\u00b0 sv\u00e4ngfunktion av den bekv\u00e4ma stolen ut\u00f6kar r\u00f6relseradien<\/li>\n<li> L\u00e4tt och kompakt design av sv\u00e4ngstolen, perfekt f\u00f6r sm\u00e5 utrymmen<\/li>\n<li> Sitskudde stoppad med skum f\u00f6r utm\u00e4rkt komfort<\/li>\n<li> Med l\u00e4ndryggsst\u00f6d och armst\u00f6d<\/li>\n<li> Yta i mikrotyg<\/li>\n<li> Montering kr\u00e4vs<\/li>\n<\/ul>\n<p> Tekniska data:<\/p>\n<ul>\n<li> F\u00e4rg: M\u00f6rkgr\u00e5<\/li>\n<li> Material: Mikrotyg (100% polyester), skum, metall<\/li>\n<li> Totala dimensioner: 60B x 60D x 79-91H cm<\/li>\n<li> Sitsstorlek: 47B x 46D cm<\/li>\n<li> Sitth\u00f6jd: 45-57 cm<\/li>\n<li> Armst\u00f6dsh\u00f6jd: 65-77 cm<\/li>\n<li> Ryggst\u00f6dsstorlek: 46B x 35,5H cm<\/li>\n<li> B\u00e4rkapacitet: 120 kg<\/li>\n<\/ul>\n<p>Leveransinneh\u00e5ll:<\/p>\n<ul>\n<li> 1 x Sv\u00e4ngstol<\/li>\n<li> 1 x Instruktioner<\/li>\n<\/ul>\n","protected":false},"excerpt":{"rendered":"<p>Den h\u00e4r h\u00f6jdjusterbara sv\u00e4ngstolen fr\u00e5n TRUUSK, med en elegant och enkel design, passar perfekt i alla rum. Den U-formade ryggst\u00f6det&#8230;<\/p>\n","protected":false},"featured_media":77861,"template":"","meta":[],"product_brand":[],"product_cat":[872,871,516],"product_tag":[],"class_list":{"0":"post-77871","1":"product","2":"type-product","3":"status-publish","4":"has-post-thumbnail","6":"product_cat-hemmakontor-arbetsplats","7":"product_cat-hus-hem","8":"product_cat-kontorsstolar","10":"first","11":"instock","12":"sale","13":"taxable","14":"shipping-taxable","15":"purchasable","16":"product-type-simple"},"yoast_head":"<!-- This site is optimized with the Yoast SEO plugin v25.4 - https:\/\/yoast.com\/wordpress\/plugins\/seo\/ -->\n<title>TRUUSK Loungestol med Armst\u00f6d - L\u00e4ndkudde - Vadderad Avkopplingsstol - Metallram - Mikrotyg - H\u00f6jdjusterbar Snurrstol - M\u00f6rkgr\u00e5 - TRUUSK - Hem, Tr\u00e4dg\u00e5rd &amp; Fritid<\/title>\n<meta name=\"robots\" content=\"index, follow, max-snippet:-1, max-image-preview:large, max-video-preview:-1\" \/>\n<link rel=\"canonical\" href=\"https:\/\/truusk.store\/sv\/produkt\/truusk-loungestol-med-armstod-landkudde-vadderad-avkopplingsstol-metallram-mikrotyg-hojdjusterbar-snurrstol-morkgra\/\" \/>\n<meta property=\"og:locale\" content=\"sv_SE\" \/>\n<meta property=\"og:type\" content=\"article\" \/>\n<meta property=\"og:title\" content=\"TRUUSK Loungestol med Armst\u00f6d - L\u00e4ndkudde - Vadderad Avkopplingsstol - Metallram - Mikrotyg - H\u00f6jdjusterbar Snurrstol - M\u00f6rkgr\u00e5 - TRUUSK - Hem, Tr\u00e4dg\u00e5rd &amp; Fritid\" \/>\n<meta property=\"og:description\" content=\"Den h\u00e4r h\u00f6jdjusterbara sv\u00e4ngstolen fr\u00e5n TRUUSK, med en elegant och enkel design, passar perfekt i alla rum. Den U-formade ryggst\u00f6det...\" \/>\n<meta property=\"og:url\" content=\"https:\/\/truusk.store\/sv\/produkt\/truusk-loungestol-med-armstod-landkudde-vadderad-avkopplingsstol-metallram-mikrotyg-hojdjusterbar-snurrstol-morkgra\/\" \/>\n<meta property=\"og:site_name\" content=\"TRUUSK - Hem, Tr\u00e4dg\u00e5rd &amp; Fritid\" \/>\n<meta property=\"article:modified_time\" content=\"2026-03-12T07:44:39+00:00\" \/>\n<meta property=\"og:image\" content=\"https:\/\/i0.wp.com\/truusk.se\/wp-content\/uploads\/2025\/06\/loungestol-med-armstod-landkudde-vadderad-avkopplingsstol-med-metallram-mikrotyg-hojdjusterbar-snurrstol-for-sovrum-vardagsrum-morkgra-1.webp?fit=2000%2C2000&ssl=1\" \/>\n\t<meta property=\"og:image:width\" content=\"2000\" \/>\n\t<meta property=\"og:image:height\" content=\"2000\" \/>\n\t<meta property=\"og:image:type\" content=\"image\/webp\" \/>\n<meta name=\"twitter:card\" content=\"summary_large_image\" \/>\n<meta name=\"twitter:label1\" content=\"Ber\u00e4knad l\u00e4stid\" \/>\n\t<meta name=\"twitter:data1\" content=\"1 minut\" \/>\n<!-- \/ Yoast SEO plugin. -->","yoast_head_json":{"title":"TRUUSK Loungestol med Armst\u00f6d - L\u00e4ndkudde - Vadderad Avkopplingsstol - Metallram - Mikrotyg - H\u00f6jdjusterbar Snurrstol - M\u00f6rkgr\u00e5 - TRUUSK - Hem, Tr\u00e4dg\u00e5rd &amp; Fritid","robots":{"index":"index","follow":"follow","max-snippet":"max-snippet:-1","max-image-preview":"max-image-preview:large","max-video-preview":"max-video-preview:-1"},"canonical":"https:\/\/truusk.store\/sv\/produkt\/truusk-loungestol-med-armstod-landkudde-vadderad-avkopplingsstol-metallram-mikrotyg-hojdjusterbar-snurrstol-morkgra\/","og_locale":"sv_SE","og_type":"article","og_title":"TRUUSK Loungestol med Armst\u00f6d - L\u00e4ndkudde - Vadderad Avkopplingsstol - Metallram - Mikrotyg - H\u00f6jdjusterbar Snurrstol - M\u00f6rkgr\u00e5 - TRUUSK - Hem, Tr\u00e4dg\u00e5rd &amp; Fritid","og_description":"Den h\u00e4r h\u00f6jdjusterbara sv\u00e4ngstolen fr\u00e5n TRUUSK, med en elegant och enkel design, passar perfekt i alla rum. Den U-formade ryggst\u00f6det...","og_url":"https:\/\/truusk.store\/sv\/produkt\/truusk-loungestol-med-armstod-landkudde-vadderad-avkopplingsstol-metallram-mikrotyg-hojdjusterbar-snurrstol-morkgra\/","og_site_name":"TRUUSK - Hem, Tr\u00e4dg\u00e5rd &amp; Fritid","article_modified_time":"2026-03-12T07:44:39+00:00","og_image":[{"width":2000,"height":2000,"url":"https:\/\/i0.wp.com\/truusk.se\/wp-content\/uploads\/2025\/06\/loungestol-med-armstod-landkudde-vadderad-avkopplingsstol-med-metallram-mikrotyg-hojdjusterbar-snurrstol-for-sovrum-vardagsrum-morkgra-1.webp?fit=2000%2C2000&ssl=1","type":"image\/webp"}],"twitter_card":"summary_large_image","twitter_misc":{"Ber\u00e4knad l\u00e4stid":"1 minut"},"schema":{"@context":"https:\/\/schema.org","@graph":[{"@type":"WebPage","@id":"https:\/\/truusk.store\/sv\/produkt\/truusk-loungestol-med-armstod-landkudde-vadderad-avkopplingsstol-metallram-mikrotyg-hojdjusterbar-snurrstol-morkgra\/","url":"https:\/\/truusk.store\/sv\/produkt\/truusk-loungestol-med-armstod-landkudde-vadderad-avkopplingsstol-metallram-mikrotyg-hojdjusterbar-snurrstol-morkgra\/","name":"TRUUSK Loungestol med Armst\u00f6d - L\u00e4ndkudde - Vadderad Avkopplingsstol - Metallram - Mikrotyg - H\u00f6jdjusterbar Snurrstol - M\u00f6rkgr\u00e5 - TRUUSK - Hem, Tr\u00e4dg\u00e5rd &amp; Fritid","isPartOf":{"@id":"https:\/\/truusk.store\/sv\/#website"},"primaryImageOfPage":{"@id":"https:\/\/truusk.store\/sv\/produkt\/truusk-loungestol-med-armstod-landkudde-vadderad-avkopplingsstol-metallram-mikrotyg-hojdjusterbar-snurrstol-morkgra\/#primaryimage"},"image":{"@id":"https:\/\/truusk.store\/sv\/produkt\/truusk-loungestol-med-armstod-landkudde-vadderad-avkopplingsstol-metallram-mikrotyg-hojdjusterbar-snurrstol-morkgra\/#primaryimage"},"thumbnailUrl":"https:\/\/i0.wp.com\/truusk.store\/wp-content\/uploads\/2025\/06\/loungestol-med-armstod-landkudde-vadderad-avkopplingsstol-med-metallram-mikrotyg-hojdjusterbar-snurrstol-for-sovrum-vardagsrum-morkgra-1.webp?fit=2000%2C2000&ssl=1","datePublished":"2025-06-06T06:52:40+00:00","dateModified":"2026-03-12T07:44:39+00:00","breadcrumb":{"@id":"https:\/\/truusk.store\/sv\/produkt\/truusk-loungestol-med-armstod-landkudde-vadderad-avkopplingsstol-metallram-mikrotyg-hojdjusterbar-snurrstol-morkgra\/#breadcrumb"},"inLanguage":"sv-SE","potentialAction":[{"@type":"ReadAction","target":["https:\/\/truusk.store\/sv\/produkt\/truusk-loungestol-med-armstod-landkudde-vadderad-avkopplingsstol-metallram-mikrotyg-hojdjusterbar-snurrstol-morkgra\/"]}]},{"@type":"ImageObject","inLanguage":"sv-SE","@id":"https:\/\/truusk.store\/sv\/produkt\/truusk-loungestol-med-armstod-landkudde-vadderad-avkopplingsstol-metallram-mikrotyg-hojdjusterbar-snurrstol-morkgra\/#primaryimage","url":"https:\/\/i0.wp.com\/truusk.store\/wp-content\/uploads\/2025\/06\/loungestol-med-armstod-landkudde-vadderad-avkopplingsstol-med-metallram-mikrotyg-hojdjusterbar-snurrstol-for-sovrum-vardagsrum-morkgra-1.webp?fit=2000%2C2000&ssl=1","contentUrl":"https:\/\/i0.wp.com\/truusk.store\/wp-content\/uploads\/2025\/06\/loungestol-med-armstod-landkudde-vadderad-avkopplingsstol-med-metallram-mikrotyg-hojdjusterbar-snurrstol-for-sovrum-vardagsrum-morkgra-1.webp?fit=2000%2C2000&ssl=1","width":2000,"height":2000},{"@type":"BreadcrumbList","@id":"https:\/\/truusk.store\/sv\/produkt\/truusk-loungestol-med-armstod-landkudde-vadderad-avkopplingsstol-metallram-mikrotyg-hojdjusterbar-snurrstol-morkgra\/#breadcrumb","itemListElement":[{"@type":"ListItem","position":1,"name":"Home","item":"https:\/\/truusk.store\/sv\/"},{"@type":"ListItem","position":2,"name":"Shop","item":"https:\/\/truusk.store\/shop\/"},{"@type":"ListItem","position":3,"name":"TRUUSK Loungestol med Armst\u00f6d &#8211; L\u00e4ndkudde &#8211; Vadderad Avkopplingsstol &#8211; Metallram &#8211; Mikrotyg &#8211; H\u00f6jdjusterbar Snurrstol &#8211; M\u00f6rkgr\u00e5"}]},{"@type":"WebSite","@id":"https:\/\/truusk.store\/sv\/#website","url":"https:\/\/truusk.store\/sv\/","name":"TRUUSK - Hem, Tr\u00e4dg\u00e5rd & Fritid","description":"","publisher":{"@id":"https:\/\/truusk.store\/sv\/#organization"},"potentialAction":[{"@type":"SearchAction","target":{"@type":"EntryPoint","urlTemplate":"https:\/\/truusk.store\/sv\/?s={search_term_string}"},"query-input":{"@type":"PropertyValueSpecification","valueRequired":true,"valueName":"search_term_string"}}],"inLanguage":"sv-SE"},{"@type":"Organization","@id":"https:\/\/truusk.store\/sv\/#organization","name":"TRUUSK - Hem, Tr\u00e4dg\u00e5rd & Fritid","url":"https:\/\/truusk.store\/sv\/","logo":{"@type":"ImageObject","inLanguage":"sv-SE","@id":"https:\/\/truusk.store\/sv\/#\/schema\/logo\/image\/","url":"https:\/\/i0.wp.com\/truusk.store\/wp-content\/uploads\/2026\/03\/cropped-TRUUSK.png?fit=2032%2C917&ssl=1","contentUrl":"https:\/\/i0.wp.com\/truusk.store\/wp-content\/uploads\/2026\/03\/cropped-TRUUSK.png?fit=2032%2C917&ssl=1","width":2032,"height":917,"caption":"TRUUSK - Hem, Tr\u00e4dg\u00e5rd & Fritid"},"image":{"@id":"https:\/\/truusk.store\/sv\/#\/schema\/logo\/image\/"}}]}},"jetpack_sharing_enabled":true,"_links":{"self":[{"href":"https:\/\/truusk.store\/sv\/wp-json\/wp\/v2\/product\/77871","targetHints":{"allow":["GET"]}}],"collection":[{"href":"https:\/\/truusk.store\/sv\/wp-json\/wp\/v2\/product"}],"about":[{"href":"https:\/\/truusk.store\/sv\/wp-json\/wp\/v2\/types\/product"}],"wp:featuredmedia":[{"embeddable":true,"href":"https:\/\/truusk.store\/sv\/wp-json\/wp\/v2\/media\/77861"}],"wp:attachment":[{"href":"https:\/\/truusk.store\/sv\/wp-json\/wp\/v2\/media?parent=77871"}],"wp:term":[{"taxonomy":"product_brand","embeddable":true,"href":"https:\/\/truusk.store\/sv\/wp-json\/wp\/v2\/product_brand?post=77871"},{"taxonomy":"product_cat","embeddable":true,"href":"https:\/\/truusk.store\/sv\/wp-json\/wp\/v2\/product_cat?post=77871"},{"taxonomy":"product_tag","embeddable":true,"href":"https:\/\/truusk.store\/sv\/wp-json\/wp\/v2\/product_tag?post=77871"}],"curies":[{"name":"wp","href":"https:\/\/api.w.org\/{rel}","templated":true}]}}