{"id":77921,"date":"2025-06-06T07:57:47","date_gmt":"2025-06-06T06:57:47","guid":{"rendered":"https:\/\/truusk.store\/product\/3-sits-soffa-soffa-med-armstod-kuddar-stoppad-soffa-med-cordoverdrag-tjockt-stoppad-lounge-soffa-upp-till-450-kg-for-vardagsrum-sovrum-212-x-80-x-88-cm-kramvit\/"},"modified":"2026-03-12T08:45:24","modified_gmt":"2026-03-12T07:45:24","slug":"truusk-3-sits-soffa-med-armstod-kuddar-cordoverdrag-stoppad-lounge-soffa-upp-till-450-kg-212-x-80-x-88-cm-kramvit","status":"publish","type":"product","link":"https:\/\/truusk.store\/sv\/produkt\/truusk-3-sits-soffa-med-armstod-kuddar-cordoverdrag-stoppad-lounge-soffa-upp-till-450-kg-212-x-80-x-88-cm-kramvit\/","title":{"rendered":"TRUUSK 3-sits Soffa med Armst\u00f6d &#8211; Kuddar &#8211; Cord\u00f6verdrag &#8211; Stoppad Lounge Soffa &#8211; Upp Till 450 Kg &#8211; 212 x 80 x 88 cm &#8211; Kr\u00e4mvit"},"content":{"rendered":"<p>Detta 3-sitssoffa fr\u00e5n TRUUSK \u00e4r utrustad med en kudde med fj\u00e4derk\u00e4rna och h\u00f6gdensitetsskum, vilket ger o\u00f6vertr\u00e4ffat st\u00f6d. Omgiven av en hudv\u00e4nlig corduroy\u00f6verdrag, som \u00e4r b\u00e5de andningsbar och stilfull, \u00e4r denna soffa, komplett med tv\u00e5 mysiga prydnadskuddar, ett utm\u00e4rkt tillskott till alla vardagsrum och kombinerar komfort med en touch av elegans.<\/p>\n<p>Beskrivning:<\/p>\n<ul>\n<li> Fj\u00e4derpaket och h\u00f6gdensitetsskum ger optimal komfort<\/li>\n<li> Corduroytyget p\u00e5 k\u00f6ksoffan \u00e4r hudv\u00e4nligt, slitstarkt och andningsbart<\/li>\n<li> Unik textur och parallella r\u00e4fflor \u00f6kar den enkla elegansen<\/li>\n<li> Inneh\u00e5ller tv\u00e5 prydnadskuddar f\u00f6r extra komfort och st\u00f6d<\/li>\n<li> 16 cm tjock sits och ryggst\u00f6d p\u00e5 soffan ger en mjuk sittplats<\/li>\n<li> Robust st\u00e5lram b\u00e4r upp till 450 kg<\/li>\n<li> Enkel montering kr\u00e4vs<\/li>\n<\/ul>\n<p> Tekniska specifikationer:<\/p>\n<ul>\n<li> F\u00e4rg: Kr\u00e4mvit<\/li>\n<li> Material: Corduroytyg (100 % polyester), st\u00e5l, plast<\/li>\n<li> Totala dimensioner: 212B x 80T x 88H cm<\/li>\n<li> Sitsstorlek: 176B x 56T x 45H cm<\/li>\n<li> Sitsens tjocklek: 16 cm<\/li>\n<li> Ryggkuddens storlek: 88B x 40H cm<\/li>\n<li> Ryggens tjocklek: 16 cm<\/li>\n<li> Armst\u00f6dsstorlek: 74L x 17B cm<\/li>\n<li> Armst\u00f6dets h\u00f6jd till sits: 14 cm<\/li>\n<li> Spridkuddens storlek: 38L x 32B x 15T cm<\/li>\n<li> Benh\u00f6jd: 5 cm<\/li>\n<li> Belastningskapacitet: 450 kg<\/li>\n<\/ul>\n<p>Leveransinneh\u00e5ll:<\/p>\n<ul>\n<li> 1 x 3-sitssoffa<\/li>\n<li> 1 x bruksanvisning<\/li>\n<\/ul>\n","protected":false},"excerpt":{"rendered":"<p>Detta 3-sitssoffa fr\u00e5n TRUUSK \u00e4r utrustad med en kudde med fj\u00e4derk\u00e4rna och h\u00f6gdensitetsskum, vilket ger o\u00f6vertr\u00e4ffat st\u00f6d. Omgiven av en&#8230;<\/p>\n","protected":false},"featured_media":77912,"template":"","meta":[],"product_brand":[],"product_cat":[1011,871,937,910],"product_tag":[],"class_list":{"0":"post-77921","1":"product","2":"type-product","3":"status-publish","4":"has-post-thumbnail","6":"product_cat-dreisitzer","7":"product_cat-hus-hem","8":"product_cat-soffor","9":"product_cat-vardagsrum","11":"first","12":"instock","13":"sale","14":"taxable","15":"shipping-taxable","16":"purchasable","17":"product-type-simple"},"yoast_head":"<!-- This site is optimized with the Yoast SEO plugin v25.4 - https:\/\/yoast.com\/wordpress\/plugins\/seo\/ -->\n<title>TRUUSK 3-sits Soffa med Armst\u00f6d - Kuddar - Cord\u00f6verdrag - Stoppad Lounge Soffa - Upp Till 450 Kg - 212 x 80 x 88 cm - Kr\u00e4mvit - TRUUSK - Hem, Tr\u00e4dg\u00e5rd &amp; Fritid<\/title>\n<meta name=\"robots\" content=\"index, follow, max-snippet:-1, max-image-preview:large, max-video-preview:-1\" \/>\n<link rel=\"canonical\" href=\"https:\/\/truusk.store\/sv\/produkt\/truusk-3-sits-soffa-med-armstod-kuddar-cordoverdrag-stoppad-lounge-soffa-upp-till-450-kg-212-x-80-x-88-cm-kramvit\/\" \/>\n<meta property=\"og:locale\" content=\"sv_SE\" \/>\n<meta property=\"og:type\" content=\"article\" \/>\n<meta property=\"og:title\" content=\"TRUUSK 3-sits Soffa med Armst\u00f6d - Kuddar - Cord\u00f6verdrag - Stoppad Lounge Soffa - Upp Till 450 Kg - 212 x 80 x 88 cm - Kr\u00e4mvit - TRUUSK - Hem, Tr\u00e4dg\u00e5rd &amp; Fritid\" \/>\n<meta property=\"og:description\" content=\"Detta 3-sitssoffa fr\u00e5n TRUUSK \u00e4r utrustad med en kudde med fj\u00e4derk\u00e4rna och h\u00f6gdensitetsskum, vilket ger o\u00f6vertr\u00e4ffat st\u00f6d. Omgiven av en...\" \/>\n<meta property=\"og:url\" content=\"https:\/\/truusk.store\/sv\/produkt\/truusk-3-sits-soffa-med-armstod-kuddar-cordoverdrag-stoppad-lounge-soffa-upp-till-450-kg-212-x-80-x-88-cm-kramvit\/\" \/>\n<meta property=\"og:site_name\" content=\"TRUUSK - Hem, Tr\u00e4dg\u00e5rd &amp; Fritid\" \/>\n<meta property=\"article:modified_time\" content=\"2026-03-12T07:45:24+00:00\" \/>\n<meta property=\"og:image\" content=\"https:\/\/i0.wp.com\/truusk.se\/wp-content\/uploads\/2025\/06\/3-sits-soffa-soffa-med-armstod-kuddar-stoppad-soffa-med-cordoverdrag-tjockt-stoppad-lounge-soffa-upp-till-450-kg-for-vardagsrum-sovrum-212-x-80-x-88-cm-kramvit-1.webp?fit=2000%2C2000&ssl=1\" \/>\n\t<meta property=\"og:image:width\" content=\"2000\" \/>\n\t<meta property=\"og:image:height\" content=\"2000\" \/>\n\t<meta property=\"og:image:type\" content=\"image\/webp\" \/>\n<meta name=\"twitter:card\" content=\"summary_large_image\" \/>\n<meta name=\"twitter:label1\" content=\"Ber\u00e4knad l\u00e4stid\" \/>\n\t<meta name=\"twitter:data1\" content=\"1 minut\" \/>\n<!-- \/ Yoast SEO plugin. -->","yoast_head_json":{"title":"TRUUSK 3-sits Soffa med Armst\u00f6d - Kuddar - Cord\u00f6verdrag - Stoppad Lounge Soffa - Upp Till 450 Kg - 212 x 80 x 88 cm - Kr\u00e4mvit - TRUUSK - Hem, Tr\u00e4dg\u00e5rd &amp; Fritid","robots":{"index":"index","follow":"follow","max-snippet":"max-snippet:-1","max-image-preview":"max-image-preview:large","max-video-preview":"max-video-preview:-1"},"canonical":"https:\/\/truusk.store\/sv\/produkt\/truusk-3-sits-soffa-med-armstod-kuddar-cordoverdrag-stoppad-lounge-soffa-upp-till-450-kg-212-x-80-x-88-cm-kramvit\/","og_locale":"sv_SE","og_type":"article","og_title":"TRUUSK 3-sits Soffa med Armst\u00f6d - Kuddar - Cord\u00f6verdrag - Stoppad Lounge Soffa - Upp Till 450 Kg - 212 x 80 x 88 cm - Kr\u00e4mvit - TRUUSK - Hem, Tr\u00e4dg\u00e5rd &amp; Fritid","og_description":"Detta 3-sitssoffa fr\u00e5n TRUUSK \u00e4r utrustad med en kudde med fj\u00e4derk\u00e4rna och h\u00f6gdensitetsskum, vilket ger o\u00f6vertr\u00e4ffat st\u00f6d. Omgiven av en...","og_url":"https:\/\/truusk.store\/sv\/produkt\/truusk-3-sits-soffa-med-armstod-kuddar-cordoverdrag-stoppad-lounge-soffa-upp-till-450-kg-212-x-80-x-88-cm-kramvit\/","og_site_name":"TRUUSK - Hem, Tr\u00e4dg\u00e5rd &amp; Fritid","article_modified_time":"2026-03-12T07:45:24+00:00","og_image":[{"width":2000,"height":2000,"url":"https:\/\/i0.wp.com\/truusk.se\/wp-content\/uploads\/2025\/06\/3-sits-soffa-soffa-med-armstod-kuddar-stoppad-soffa-med-cordoverdrag-tjockt-stoppad-lounge-soffa-upp-till-450-kg-for-vardagsrum-sovrum-212-x-80-x-88-cm-kramvit-1.webp?fit=2000%2C2000&ssl=1","type":"image\/webp"}],"twitter_card":"summary_large_image","twitter_misc":{"Ber\u00e4knad l\u00e4stid":"1 minut"},"schema":{"@context":"https:\/\/schema.org","@graph":[{"@type":"WebPage","@id":"https:\/\/truusk.store\/sv\/produkt\/truusk-3-sits-soffa-med-armstod-kuddar-cordoverdrag-stoppad-lounge-soffa-upp-till-450-kg-212-x-80-x-88-cm-kramvit\/","url":"https:\/\/truusk.store\/sv\/produkt\/truusk-3-sits-soffa-med-armstod-kuddar-cordoverdrag-stoppad-lounge-soffa-upp-till-450-kg-212-x-80-x-88-cm-kramvit\/","name":"TRUUSK 3-sits Soffa med Armst\u00f6d - Kuddar - Cord\u00f6verdrag - Stoppad Lounge Soffa - Upp Till 450 Kg - 212 x 80 x 88 cm - Kr\u00e4mvit - TRUUSK - Hem, Tr\u00e4dg\u00e5rd &amp; Fritid","isPartOf":{"@id":"https:\/\/truusk.store\/sv\/#website"},"primaryImageOfPage":{"@id":"https:\/\/truusk.store\/sv\/produkt\/truusk-3-sits-soffa-med-armstod-kuddar-cordoverdrag-stoppad-lounge-soffa-upp-till-450-kg-212-x-80-x-88-cm-kramvit\/#primaryimage"},"image":{"@id":"https:\/\/truusk.store\/sv\/produkt\/truusk-3-sits-soffa-med-armstod-kuddar-cordoverdrag-stoppad-lounge-soffa-upp-till-450-kg-212-x-80-x-88-cm-kramvit\/#primaryimage"},"thumbnailUrl":"https:\/\/i0.wp.com\/truusk.store\/wp-content\/uploads\/2025\/06\/3-sits-soffa-soffa-med-armstod-kuddar-stoppad-soffa-med-cordoverdrag-tjockt-stoppad-lounge-soffa-upp-till-450-kg-for-vardagsrum-sovrum-212-x-80-x-88-cm-kramvit-1.webp?fit=2000%2C2000&ssl=1","datePublished":"2025-06-06T06:57:47+00:00","dateModified":"2026-03-12T07:45:24+00:00","breadcrumb":{"@id":"https:\/\/truusk.store\/sv\/produkt\/truusk-3-sits-soffa-med-armstod-kuddar-cordoverdrag-stoppad-lounge-soffa-upp-till-450-kg-212-x-80-x-88-cm-kramvit\/#breadcrumb"},"inLanguage":"sv-SE","potentialAction":[{"@type":"ReadAction","target":["https:\/\/truusk.store\/sv\/produkt\/truusk-3-sits-soffa-med-armstod-kuddar-cordoverdrag-stoppad-lounge-soffa-upp-till-450-kg-212-x-80-x-88-cm-kramvit\/"]}]},{"@type":"ImageObject","inLanguage":"sv-SE","@id":"https:\/\/truusk.store\/sv\/produkt\/truusk-3-sits-soffa-med-armstod-kuddar-cordoverdrag-stoppad-lounge-soffa-upp-till-450-kg-212-x-80-x-88-cm-kramvit\/#primaryimage","url":"https:\/\/i0.wp.com\/truusk.store\/wp-content\/uploads\/2025\/06\/3-sits-soffa-soffa-med-armstod-kuddar-stoppad-soffa-med-cordoverdrag-tjockt-stoppad-lounge-soffa-upp-till-450-kg-for-vardagsrum-sovrum-212-x-80-x-88-cm-kramvit-1.webp?fit=2000%2C2000&ssl=1","contentUrl":"https:\/\/i0.wp.com\/truusk.store\/wp-content\/uploads\/2025\/06\/3-sits-soffa-soffa-med-armstod-kuddar-stoppad-soffa-med-cordoverdrag-tjockt-stoppad-lounge-soffa-upp-till-450-kg-for-vardagsrum-sovrum-212-x-80-x-88-cm-kramvit-1.webp?fit=2000%2C2000&ssl=1","width":2000,"height":2000},{"@type":"BreadcrumbList","@id":"https:\/\/truusk.store\/sv\/produkt\/truusk-3-sits-soffa-med-armstod-kuddar-cordoverdrag-stoppad-lounge-soffa-upp-till-450-kg-212-x-80-x-88-cm-kramvit\/#breadcrumb","itemListElement":[{"@type":"ListItem","position":1,"name":"Home","item":"https:\/\/truusk.store\/sv\/"},{"@type":"ListItem","position":2,"name":"Shop","item":"https:\/\/truusk.store\/shop\/"},{"@type":"ListItem","position":3,"name":"TRUUSK 3-sits Soffa med Armst\u00f6d &#8211; Kuddar &#8211; Cord\u00f6verdrag &#8211; Stoppad Lounge Soffa &#8211; Upp Till 450 Kg &#8211; 212 x 80 x 88 cm &#8211; Kr\u00e4mvit"}]},{"@type":"WebSite","@id":"https:\/\/truusk.store\/sv\/#website","url":"https:\/\/truusk.store\/sv\/","name":"TRUUSK - Hem, Tr\u00e4dg\u00e5rd & Fritid","description":"","publisher":{"@id":"https:\/\/truusk.store\/sv\/#organization"},"potentialAction":[{"@type":"SearchAction","target":{"@type":"EntryPoint","urlTemplate":"https:\/\/truusk.store\/sv\/?s={search_term_string}"},"query-input":{"@type":"PropertyValueSpecification","valueRequired":true,"valueName":"search_term_string"}}],"inLanguage":"sv-SE"},{"@type":"Organization","@id":"https:\/\/truusk.store\/sv\/#organization","name":"TRUUSK - Hem, Tr\u00e4dg\u00e5rd & Fritid","url":"https:\/\/truusk.store\/sv\/","logo":{"@type":"ImageObject","inLanguage":"sv-SE","@id":"https:\/\/truusk.store\/sv\/#\/schema\/logo\/image\/","url":"https:\/\/i0.wp.com\/truusk.store\/wp-content\/uploads\/2026\/03\/cropped-TRUUSK.png?fit=2032%2C917&ssl=1","contentUrl":"https:\/\/i0.wp.com\/truusk.store\/wp-content\/uploads\/2026\/03\/cropped-TRUUSK.png?fit=2032%2C917&ssl=1","width":2032,"height":917,"caption":"TRUUSK - Hem, Tr\u00e4dg\u00e5rd & Fritid"},"image":{"@id":"https:\/\/truusk.store\/sv\/#\/schema\/logo\/image\/"}}]}},"jetpack_sharing_enabled":true,"_links":{"self":[{"href":"https:\/\/truusk.store\/sv\/wp-json\/wp\/v2\/product\/77921","targetHints":{"allow":["GET"]}}],"collection":[{"href":"https:\/\/truusk.store\/sv\/wp-json\/wp\/v2\/product"}],"about":[{"href":"https:\/\/truusk.store\/sv\/wp-json\/wp\/v2\/types\/product"}],"wp:featuredmedia":[{"embeddable":true,"href":"https:\/\/truusk.store\/sv\/wp-json\/wp\/v2\/media\/77912"}],"wp:attachment":[{"href":"https:\/\/truusk.store\/sv\/wp-json\/wp\/v2\/media?parent=77921"}],"wp:term":[{"taxonomy":"product_brand","embeddable":true,"href":"https:\/\/truusk.store\/sv\/wp-json\/wp\/v2\/product_brand?post=77921"},{"taxonomy":"product_cat","embeddable":true,"href":"https:\/\/truusk.store\/sv\/wp-json\/wp\/v2\/product_cat?post=77921"},{"taxonomy":"product_tag","embeddable":true,"href":"https:\/\/truusk.store\/sv\/wp-json\/wp\/v2\/product_tag?post=77921"}],"curies":[{"name":"wp","href":"https:\/\/api.w.org\/{rel}","templated":true}]}}