{"id":77961,"date":"2025-06-06T08:01:44","date_gmt":"2025-06-06T07:01:44","guid":{"rendered":"https:\/\/truusk.store\/product\/sidobord-litet-soffbord-med-2-hyllor-nattbord-soffbord-med-stalram-for-vardagsrum-sovrum-svart\/"},"modified":"2026-03-12T09:43:22","modified_gmt":"2026-03-12T08:43:22","slug":"truusk-sidobord-med-2-hyllor-stilrent-soffbord-med-stalram-perfekt-for-vardagsrum-och-sovrum-svart","status":"publish","type":"product","link":"https:\/\/truusk.store\/sv\/produkt\/truusk-sidobord-med-2-hyllor-stilrent-soffbord-med-stalram-perfekt-for-vardagsrum-och-sovrum-svart\/","title":{"rendered":"TRUUSK Sidobord med 2 hyllor &#8211; Stilrent soffbord med st\u00e5lram &#8211; Perfekt f\u00f6r vardagsrum och sovrum &#8211; Svart"},"content":{"rendered":"<p>Kompakt, men \u00e4nd\u00e5 rymlig &#8211; TRUUSK sidobord med tre niv\u00e5er erbjuder plats f\u00f6r b\u00f6cker, brickor och dekorationer. Det robusta st\u00e5lramen garanterar stabilitet. Idealisk som soffbord eller nattduksbord i vardagsrummet eller sovrummet, inklusive justerbara f\u00f6tter.<\/p>\n<p>Beskrivning:<\/p>\n<ul>\n<li> Design med tre niv\u00e5er. Sidobordet erbjuder mycket utrymme f\u00f6r utst\u00e4llning och f\u00f6rvaring<\/li>\n<li> Mittenhyllan med ryggst\u00f6d s\u00e4krar objekt ordentligt<\/li>\n<li> M\u00f6rk ram och hyllor p\u00e5 vardagsrumsbordet i tr\u00e4look f\u00f6r en distinkt industriell look<\/li>\n<li> Melaminbel\u00e4ggning av soffbordet f\u00f6r en sl\u00e4t och skyddande yta<\/li>\n<li> St\u00e5lram f\u00f6r en stabil k\u00e4rna, med praktiska justerbara f\u00f6tter<\/li>\n<li> Maximal belastning 12 kg, montering kr\u00e4vs<\/li>\n<\/ul>\n<p> Tekniska data:<\/p>\n<ul>\n<li> F\u00e4rg: Svart<\/li>\n<li> Material: Sp\u00e5nskiva, st\u00e5l<\/li>\n<li> Totala dimensioner: 43B x 18T x 62,5H cm<\/li>\n<li> Toppstorlek: 39,8B x 18T cm<\/li>\n<li> Hyllstorlek: 39,8B x 16T x 26H cm (mitten), 39,8B x 18T x 21H cm (botten)<\/li>\n<li> H\u00f6jd p\u00e5 ryggst\u00f6d: 20 cm<\/li>\n<li> Golv till golv: 10 cm<\/li>\n<li> B\u00e4rkapacitet: 12 kg (totalt), 4 kg (per hylla)<\/li>\n<\/ul>\n<p>Leveransinneh\u00e5ll:<\/p>\n<ul>\n<li> 1 x Sidobord<\/li>\n<li> 1 x Handbok<\/li>\n<\/ul>\n","protected":false},"excerpt":{"rendered":"<p>Kompakt, men \u00e4nd\u00e5 rymlig &#8211; TRUUSK sidobord med tre niv\u00e5er erbjuder plats f\u00f6r b\u00f6cker, brickor och dekorationer. Det robusta st\u00e5lramen&#8230;<\/p>\n","protected":false},"featured_media":77952,"template":"","meta":[],"product_brand":[],"product_cat":[871,957,910],"product_tag":[],"class_list":{"0":"post-77961","1":"product","2":"type-product","3":"status-publish","4":"has-post-thumbnail","6":"product_cat-hus-hem","7":"product_cat-sidobord","8":"product_cat-vardagsrum","10":"first","11":"instock","12":"sale","13":"taxable","14":"shipping-taxable","15":"purchasable","16":"product-type-simple"},"yoast_head":"<!-- This site is optimized with the Yoast SEO plugin v25.4 - https:\/\/yoast.com\/wordpress\/plugins\/seo\/ -->\n<title>TRUUSK Sidobord med 2 hyllor - Stilrent soffbord med st\u00e5lram - Perfekt f\u00f6r vardagsrum och sovrum - Svart - TRUUSK - Hem, Tr\u00e4dg\u00e5rd &amp; Fritid<\/title>\n<meta name=\"robots\" content=\"index, follow, max-snippet:-1, max-image-preview:large, max-video-preview:-1\" \/>\n<link rel=\"canonical\" href=\"https:\/\/truusk.store\/sv\/produkt\/truusk-sidobord-med-2-hyllor-stilrent-soffbord-med-stalram-perfekt-for-vardagsrum-och-sovrum-svart\/\" \/>\n<meta property=\"og:locale\" content=\"sv_SE\" \/>\n<meta property=\"og:type\" content=\"article\" \/>\n<meta property=\"og:title\" content=\"TRUUSK Sidobord med 2 hyllor - Stilrent soffbord med st\u00e5lram - Perfekt f\u00f6r vardagsrum och sovrum - Svart - TRUUSK - Hem, Tr\u00e4dg\u00e5rd &amp; Fritid\" \/>\n<meta property=\"og:description\" content=\"Kompakt, men \u00e4nd\u00e5 rymlig &#8211; TRUUSK sidobord med tre niv\u00e5er erbjuder plats f\u00f6r b\u00f6cker, brickor och dekorationer. Det robusta st\u00e5lramen...\" \/>\n<meta property=\"og:url\" content=\"https:\/\/truusk.store\/sv\/produkt\/truusk-sidobord-med-2-hyllor-stilrent-soffbord-med-stalram-perfekt-for-vardagsrum-och-sovrum-svart\/\" \/>\n<meta property=\"og:site_name\" content=\"TRUUSK - Hem, Tr\u00e4dg\u00e5rd &amp; Fritid\" \/>\n<meta property=\"article:modified_time\" content=\"2026-03-12T08:43:22+00:00\" \/>\n<meta property=\"og:image\" content=\"https:\/\/i0.wp.com\/truusk.se\/wp-content\/uploads\/2025\/06\/sidobord-litet-soffbord-med-2-hyllor-nattbord-soffbord-med-stalram-for-vardagsrum-sovrum-svart-1.webp?fit=2000%2C2000&ssl=1\" \/>\n\t<meta property=\"og:image:width\" content=\"2000\" \/>\n\t<meta property=\"og:image:height\" content=\"2000\" \/>\n\t<meta property=\"og:image:type\" content=\"image\/webp\" \/>\n<meta name=\"twitter:card\" content=\"summary_large_image\" \/>\n<meta name=\"twitter:label1\" content=\"Ber\u00e4knad l\u00e4stid\" \/>\n\t<meta name=\"twitter:data1\" content=\"1 minut\" \/>\n<!-- \/ Yoast SEO plugin. -->","yoast_head_json":{"title":"TRUUSK Sidobord med 2 hyllor - Stilrent soffbord med st\u00e5lram - Perfekt f\u00f6r vardagsrum och sovrum - Svart - TRUUSK - Hem, Tr\u00e4dg\u00e5rd &amp; Fritid","robots":{"index":"index","follow":"follow","max-snippet":"max-snippet:-1","max-image-preview":"max-image-preview:large","max-video-preview":"max-video-preview:-1"},"canonical":"https:\/\/truusk.store\/sv\/produkt\/truusk-sidobord-med-2-hyllor-stilrent-soffbord-med-stalram-perfekt-for-vardagsrum-och-sovrum-svart\/","og_locale":"sv_SE","og_type":"article","og_title":"TRUUSK Sidobord med 2 hyllor - Stilrent soffbord med st\u00e5lram - Perfekt f\u00f6r vardagsrum och sovrum - Svart - TRUUSK - Hem, Tr\u00e4dg\u00e5rd &amp; Fritid","og_description":"Kompakt, men \u00e4nd\u00e5 rymlig &#8211; TRUUSK sidobord med tre niv\u00e5er erbjuder plats f\u00f6r b\u00f6cker, brickor och dekorationer. Det robusta st\u00e5lramen...","og_url":"https:\/\/truusk.store\/sv\/produkt\/truusk-sidobord-med-2-hyllor-stilrent-soffbord-med-stalram-perfekt-for-vardagsrum-och-sovrum-svart\/","og_site_name":"TRUUSK - Hem, Tr\u00e4dg\u00e5rd &amp; Fritid","article_modified_time":"2026-03-12T08:43:22+00:00","og_image":[{"width":2000,"height":2000,"url":"https:\/\/i0.wp.com\/truusk.se\/wp-content\/uploads\/2025\/06\/sidobord-litet-soffbord-med-2-hyllor-nattbord-soffbord-med-stalram-for-vardagsrum-sovrum-svart-1.webp?fit=2000%2C2000&ssl=1","type":"image\/webp"}],"twitter_card":"summary_large_image","twitter_misc":{"Ber\u00e4knad l\u00e4stid":"1 minut"},"schema":{"@context":"https:\/\/schema.org","@graph":[{"@type":"WebPage","@id":"https:\/\/truusk.store\/sv\/produkt\/truusk-sidobord-med-2-hyllor-stilrent-soffbord-med-stalram-perfekt-for-vardagsrum-och-sovrum-svart\/","url":"https:\/\/truusk.store\/sv\/produkt\/truusk-sidobord-med-2-hyllor-stilrent-soffbord-med-stalram-perfekt-for-vardagsrum-och-sovrum-svart\/","name":"TRUUSK Sidobord med 2 hyllor - Stilrent soffbord med st\u00e5lram - Perfekt f\u00f6r vardagsrum och sovrum - Svart - TRUUSK - Hem, Tr\u00e4dg\u00e5rd &amp; Fritid","isPartOf":{"@id":"https:\/\/truusk.store\/sv\/#website"},"primaryImageOfPage":{"@id":"https:\/\/truusk.store\/sv\/produkt\/truusk-sidobord-med-2-hyllor-stilrent-soffbord-med-stalram-perfekt-for-vardagsrum-och-sovrum-svart\/#primaryimage"},"image":{"@id":"https:\/\/truusk.store\/sv\/produkt\/truusk-sidobord-med-2-hyllor-stilrent-soffbord-med-stalram-perfekt-for-vardagsrum-och-sovrum-svart\/#primaryimage"},"thumbnailUrl":"https:\/\/i0.wp.com\/truusk.store\/wp-content\/uploads\/2025\/06\/sidobord-litet-soffbord-med-2-hyllor-nattbord-soffbord-med-stalram-for-vardagsrum-sovrum-svart-1.webp?fit=2000%2C2000&ssl=1","datePublished":"2025-06-06T07:01:44+00:00","dateModified":"2026-03-12T08:43:22+00:00","breadcrumb":{"@id":"https:\/\/truusk.store\/sv\/produkt\/truusk-sidobord-med-2-hyllor-stilrent-soffbord-med-stalram-perfekt-for-vardagsrum-och-sovrum-svart\/#breadcrumb"},"inLanguage":"sv-SE","potentialAction":[{"@type":"ReadAction","target":["https:\/\/truusk.store\/sv\/produkt\/truusk-sidobord-med-2-hyllor-stilrent-soffbord-med-stalram-perfekt-for-vardagsrum-och-sovrum-svart\/"]}]},{"@type":"ImageObject","inLanguage":"sv-SE","@id":"https:\/\/truusk.store\/sv\/produkt\/truusk-sidobord-med-2-hyllor-stilrent-soffbord-med-stalram-perfekt-for-vardagsrum-och-sovrum-svart\/#primaryimage","url":"https:\/\/i0.wp.com\/truusk.store\/wp-content\/uploads\/2025\/06\/sidobord-litet-soffbord-med-2-hyllor-nattbord-soffbord-med-stalram-for-vardagsrum-sovrum-svart-1.webp?fit=2000%2C2000&ssl=1","contentUrl":"https:\/\/i0.wp.com\/truusk.store\/wp-content\/uploads\/2025\/06\/sidobord-litet-soffbord-med-2-hyllor-nattbord-soffbord-med-stalram-for-vardagsrum-sovrum-svart-1.webp?fit=2000%2C2000&ssl=1","width":2000,"height":2000},{"@type":"BreadcrumbList","@id":"https:\/\/truusk.store\/sv\/produkt\/truusk-sidobord-med-2-hyllor-stilrent-soffbord-med-stalram-perfekt-for-vardagsrum-och-sovrum-svart\/#breadcrumb","itemListElement":[{"@type":"ListItem","position":1,"name":"Home","item":"https:\/\/truusk.store\/sv\/"},{"@type":"ListItem","position":2,"name":"Shop","item":"https:\/\/truusk.store\/shop\/"},{"@type":"ListItem","position":3,"name":"TRUUSK Sidobord med 2 hyllor &#8211; Stilrent soffbord med st\u00e5lram &#8211; Perfekt f\u00f6r vardagsrum och sovrum &#8211; Svart"}]},{"@type":"WebSite","@id":"https:\/\/truusk.store\/sv\/#website","url":"https:\/\/truusk.store\/sv\/","name":"TRUUSK - Hem, Tr\u00e4dg\u00e5rd & Fritid","description":"","publisher":{"@id":"https:\/\/truusk.store\/sv\/#organization"},"potentialAction":[{"@type":"SearchAction","target":{"@type":"EntryPoint","urlTemplate":"https:\/\/truusk.store\/sv\/?s={search_term_string}"},"query-input":{"@type":"PropertyValueSpecification","valueRequired":true,"valueName":"search_term_string"}}],"inLanguage":"sv-SE"},{"@type":"Organization","@id":"https:\/\/truusk.store\/sv\/#organization","name":"TRUUSK - Hem, Tr\u00e4dg\u00e5rd & Fritid","url":"https:\/\/truusk.store\/sv\/","logo":{"@type":"ImageObject","inLanguage":"sv-SE","@id":"https:\/\/truusk.store\/sv\/#\/schema\/logo\/image\/","url":"https:\/\/i0.wp.com\/truusk.store\/wp-content\/uploads\/2026\/03\/cropped-TRUUSK.png?fit=2032%2C917&ssl=1","contentUrl":"https:\/\/i0.wp.com\/truusk.store\/wp-content\/uploads\/2026\/03\/cropped-TRUUSK.png?fit=2032%2C917&ssl=1","width":2032,"height":917,"caption":"TRUUSK - Hem, Tr\u00e4dg\u00e5rd & Fritid"},"image":{"@id":"https:\/\/truusk.store\/sv\/#\/schema\/logo\/image\/"}}]}},"jetpack_sharing_enabled":true,"_links":{"self":[{"href":"https:\/\/truusk.store\/sv\/wp-json\/wp\/v2\/product\/77961","targetHints":{"allow":["GET"]}}],"collection":[{"href":"https:\/\/truusk.store\/sv\/wp-json\/wp\/v2\/product"}],"about":[{"href":"https:\/\/truusk.store\/sv\/wp-json\/wp\/v2\/types\/product"}],"wp:featuredmedia":[{"embeddable":true,"href":"https:\/\/truusk.store\/sv\/wp-json\/wp\/v2\/media\/77952"}],"wp:attachment":[{"href":"https:\/\/truusk.store\/sv\/wp-json\/wp\/v2\/media?parent=77961"}],"wp:term":[{"taxonomy":"product_brand","embeddable":true,"href":"https:\/\/truusk.store\/sv\/wp-json\/wp\/v2\/product_brand?post=77961"},{"taxonomy":"product_cat","embeddable":true,"href":"https:\/\/truusk.store\/sv\/wp-json\/wp\/v2\/product_cat?post=77961"},{"taxonomy":"product_tag","embeddable":true,"href":"https:\/\/truusk.store\/sv\/wp-json\/wp\/v2\/product_tag?post=77961"}],"curies":[{"name":"wp","href":"https:\/\/api.w.org\/{rel}","templated":true}]}}