{"id":77991,"date":"2025-06-06T12:07:47","date_gmt":"2025-06-06T11:07:47","guid":{"rendered":"https:\/\/truusk.store\/product\/oronstol-enkelstol-relaxstol-med-sammet-skandinavisk-hoga-ben-sammetliknande-polyester-gul-67x615x71-cm\/"},"modified":"2026-03-12T09:44:28","modified_gmt":"2026-03-12T08:44:28","slug":"truusk-oronstol-i-skandinavisk-stil-enkelstol-med-hoga-ben-sammetliknande-polyester-gul-67x615x71-cm","status":"publish","type":"product","link":"https:\/\/truusk.store\/sv\/produkt\/truusk-oronstol-i-skandinavisk-stil-enkelstol-med-hoga-ben-sammetliknande-polyester-gul-67x615x71-cm\/","title":{"rendered":"TRUUSK \u00d6ronstol i Skandinavisk stil &#8211; Enkelstol med H\u00f6ga Ben &#8211; Sammetliknande Polyester &#8211; Gul 67&#215;61,5&#215;71 cm"},"content":{"rendered":"<p>Lounge stolen i skandinavisk stil \u00e4r det perfekta valet, med sin tilltalande design, f\u00f6r en liten l\u00e4sh\u00f6rna. Den har ben av gummitr\u00e4, en metallram, tjock stoppning och en mjuk sammetsoverkant, vilket g\u00f6r den stark, kompakt och h\u00e5llbar. Den enkla utseendet p\u00e5 den stoppade stolen harmonierar perfekt med de starka f\u00e4rgnyanserna i tyget, vilket ger din omgivning karakt\u00e4r och stil.<\/p>\n<p>Beskrivning:<\/p>\n<ul>\n<li> Bekv\u00e4mt stoppad<\/li>\n<li> Sits och ryggst\u00f6d p\u00e5 den stoppade stolen \u00e4r dekorerade med delikata s\u00f6mmar<\/li>\n<li> Gummitr\u00e4-j\u00e4rnram p\u00e5 relax stolen<\/li>\n<li> Modern Skandi-design<\/li>\n<li> Enkel montering: Du beh\u00f6ver bara skruva utl\u00e4ggarna till strukturen<\/li>\n<\/ul>\n<p>Tekniska data:<\/p>\n<ul>\n<li> F\u00e4rg: Gul<\/li>\n<li> Material: Sammet (100% polyester), gummitr\u00e4, metall, skum<\/li>\n<li> Totala dimensioner: 67L x 61,5B x 71H cm<\/li>\n<li> Sits: 44L x 45B cm<\/li>\n<li> Sitth\u00f6jd: 37 cm<\/li>\n<li> Tjocklek p\u00e5 kudden: 9 cm<\/li>\n<li> H\u00f6jd p\u00e5 armst\u00f6det: 18,5 cm<\/li>\n<li> B\u00e4rkapacitet: 120 kg<\/li>\n<\/ul>\n<p>Leverans inneh\u00e5ller:<\/p>\n<ul>\n<li> 1 x Enkelstol<\/li>\n<li> 1 x Monteringsanvisningar<\/li>\n<\/ul>\n","protected":false},"excerpt":{"rendered":"<p>Lounge stolen i skandinavisk stil \u00e4r det perfekta valet, med sin tilltalande design, f\u00f6r en liten l\u00e4sh\u00f6rna. Den har ben&#8230;<\/p>\n","protected":false},"featured_media":77982,"template":"","meta":[],"product_brand":[],"product_cat":[871,519,910],"product_tag":[],"class_list":{"0":"post-77991","1":"product","2":"type-product","3":"status-publish","4":"has-post-thumbnail","6":"product_cat-hus-hem","7":"product_cat-stoppade-stolar","8":"product_cat-vardagsrum","10":"first","11":"instock","12":"sale","13":"taxable","14":"shipping-taxable","15":"purchasable","16":"product-type-simple"},"yoast_head":"<!-- This site is optimized with the Yoast SEO plugin v25.4 - https:\/\/yoast.com\/wordpress\/plugins\/seo\/ -->\n<title>TRUUSK \u00d6ronstol i Skandinavisk stil - Enkelstol med H\u00f6ga Ben - Sammetliknande Polyester - Gul 67x61,5x71 cm - TRUUSK - Hem, Tr\u00e4dg\u00e5rd &amp; Fritid<\/title>\n<meta name=\"robots\" content=\"index, follow, max-snippet:-1, max-image-preview:large, max-video-preview:-1\" \/>\n<link rel=\"canonical\" href=\"https:\/\/truusk.store\/sv\/produkt\/truusk-oronstol-i-skandinavisk-stil-enkelstol-med-hoga-ben-sammetliknande-polyester-gul-67x615x71-cm\/\" \/>\n<meta property=\"og:locale\" content=\"sv_SE\" \/>\n<meta property=\"og:type\" content=\"article\" \/>\n<meta property=\"og:title\" content=\"TRUUSK \u00d6ronstol i Skandinavisk stil - Enkelstol med H\u00f6ga Ben - Sammetliknande Polyester - Gul 67x61,5x71 cm - TRUUSK - Hem, Tr\u00e4dg\u00e5rd &amp; Fritid\" \/>\n<meta property=\"og:description\" content=\"Lounge stolen i skandinavisk stil \u00e4r det perfekta valet, med sin tilltalande design, f\u00f6r en liten l\u00e4sh\u00f6rna. Den har ben...\" \/>\n<meta property=\"og:url\" content=\"https:\/\/truusk.store\/sv\/produkt\/truusk-oronstol-i-skandinavisk-stil-enkelstol-med-hoga-ben-sammetliknande-polyester-gul-67x615x71-cm\/\" \/>\n<meta property=\"og:site_name\" content=\"TRUUSK - Hem, Tr\u00e4dg\u00e5rd &amp; Fritid\" \/>\n<meta property=\"article:modified_time\" content=\"2026-03-12T08:44:28+00:00\" \/>\n<meta property=\"og:image\" content=\"https:\/\/i0.wp.com\/truusk.se\/wp-content\/uploads\/2025\/06\/oronstol-enkelstol-relaxstol-med-sammet-skandinavisk-hoga-ben-sammetliknande-polyester-gul-67x615x71-cm-1.webp?fit=2000%2C2000&ssl=1\" \/>\n\t<meta property=\"og:image:width\" content=\"2000\" \/>\n\t<meta property=\"og:image:height\" content=\"2000\" \/>\n\t<meta property=\"og:image:type\" content=\"image\/webp\" \/>\n<meta name=\"twitter:card\" content=\"summary_large_image\" \/>\n<meta name=\"twitter:label1\" content=\"Ber\u00e4knad l\u00e4stid\" \/>\n\t<meta name=\"twitter:data1\" content=\"1 minut\" \/>\n<!-- \/ Yoast SEO plugin. -->","yoast_head_json":{"title":"TRUUSK \u00d6ronstol i Skandinavisk stil - Enkelstol med H\u00f6ga Ben - Sammetliknande Polyester - Gul 67x61,5x71 cm - TRUUSK - Hem, Tr\u00e4dg\u00e5rd &amp; Fritid","robots":{"index":"index","follow":"follow","max-snippet":"max-snippet:-1","max-image-preview":"max-image-preview:large","max-video-preview":"max-video-preview:-1"},"canonical":"https:\/\/truusk.store\/sv\/produkt\/truusk-oronstol-i-skandinavisk-stil-enkelstol-med-hoga-ben-sammetliknande-polyester-gul-67x615x71-cm\/","og_locale":"sv_SE","og_type":"article","og_title":"TRUUSK \u00d6ronstol i Skandinavisk stil - Enkelstol med H\u00f6ga Ben - Sammetliknande Polyester - Gul 67x61,5x71 cm - TRUUSK - Hem, Tr\u00e4dg\u00e5rd &amp; Fritid","og_description":"Lounge stolen i skandinavisk stil \u00e4r det perfekta valet, med sin tilltalande design, f\u00f6r en liten l\u00e4sh\u00f6rna. Den har ben...","og_url":"https:\/\/truusk.store\/sv\/produkt\/truusk-oronstol-i-skandinavisk-stil-enkelstol-med-hoga-ben-sammetliknande-polyester-gul-67x615x71-cm\/","og_site_name":"TRUUSK - Hem, Tr\u00e4dg\u00e5rd &amp; Fritid","article_modified_time":"2026-03-12T08:44:28+00:00","og_image":[{"width":2000,"height":2000,"url":"https:\/\/i0.wp.com\/truusk.se\/wp-content\/uploads\/2025\/06\/oronstol-enkelstol-relaxstol-med-sammet-skandinavisk-hoga-ben-sammetliknande-polyester-gul-67x615x71-cm-1.webp?fit=2000%2C2000&ssl=1","type":"image\/webp"}],"twitter_card":"summary_large_image","twitter_misc":{"Ber\u00e4knad l\u00e4stid":"1 minut"},"schema":{"@context":"https:\/\/schema.org","@graph":[{"@type":"WebPage","@id":"https:\/\/truusk.store\/sv\/produkt\/truusk-oronstol-i-skandinavisk-stil-enkelstol-med-hoga-ben-sammetliknande-polyester-gul-67x615x71-cm\/","url":"https:\/\/truusk.store\/sv\/produkt\/truusk-oronstol-i-skandinavisk-stil-enkelstol-med-hoga-ben-sammetliknande-polyester-gul-67x615x71-cm\/","name":"TRUUSK \u00d6ronstol i Skandinavisk stil - Enkelstol med H\u00f6ga Ben - Sammetliknande Polyester - Gul 67x61,5x71 cm - TRUUSK - Hem, Tr\u00e4dg\u00e5rd &amp; Fritid","isPartOf":{"@id":"https:\/\/truusk.store\/sv\/#website"},"primaryImageOfPage":{"@id":"https:\/\/truusk.store\/sv\/produkt\/truusk-oronstol-i-skandinavisk-stil-enkelstol-med-hoga-ben-sammetliknande-polyester-gul-67x615x71-cm\/#primaryimage"},"image":{"@id":"https:\/\/truusk.store\/sv\/produkt\/truusk-oronstol-i-skandinavisk-stil-enkelstol-med-hoga-ben-sammetliknande-polyester-gul-67x615x71-cm\/#primaryimage"},"thumbnailUrl":"https:\/\/i0.wp.com\/truusk.store\/wp-content\/uploads\/2025\/06\/oronstol-enkelstol-relaxstol-med-sammet-skandinavisk-hoga-ben-sammetliknande-polyester-gul-67x615x71-cm-1.webp?fit=2000%2C2000&ssl=1","datePublished":"2025-06-06T11:07:47+00:00","dateModified":"2026-03-12T08:44:28+00:00","breadcrumb":{"@id":"https:\/\/truusk.store\/sv\/produkt\/truusk-oronstol-i-skandinavisk-stil-enkelstol-med-hoga-ben-sammetliknande-polyester-gul-67x615x71-cm\/#breadcrumb"},"inLanguage":"sv-SE","potentialAction":[{"@type":"ReadAction","target":["https:\/\/truusk.store\/sv\/produkt\/truusk-oronstol-i-skandinavisk-stil-enkelstol-med-hoga-ben-sammetliknande-polyester-gul-67x615x71-cm\/"]}]},{"@type":"ImageObject","inLanguage":"sv-SE","@id":"https:\/\/truusk.store\/sv\/produkt\/truusk-oronstol-i-skandinavisk-stil-enkelstol-med-hoga-ben-sammetliknande-polyester-gul-67x615x71-cm\/#primaryimage","url":"https:\/\/i0.wp.com\/truusk.store\/wp-content\/uploads\/2025\/06\/oronstol-enkelstol-relaxstol-med-sammet-skandinavisk-hoga-ben-sammetliknande-polyester-gul-67x615x71-cm-1.webp?fit=2000%2C2000&ssl=1","contentUrl":"https:\/\/i0.wp.com\/truusk.store\/wp-content\/uploads\/2025\/06\/oronstol-enkelstol-relaxstol-med-sammet-skandinavisk-hoga-ben-sammetliknande-polyester-gul-67x615x71-cm-1.webp?fit=2000%2C2000&ssl=1","width":2000,"height":2000},{"@type":"BreadcrumbList","@id":"https:\/\/truusk.store\/sv\/produkt\/truusk-oronstol-i-skandinavisk-stil-enkelstol-med-hoga-ben-sammetliknande-polyester-gul-67x615x71-cm\/#breadcrumb","itemListElement":[{"@type":"ListItem","position":1,"name":"Home","item":"https:\/\/truusk.store\/sv\/"},{"@type":"ListItem","position":2,"name":"Shop","item":"https:\/\/truusk.store\/shop\/"},{"@type":"ListItem","position":3,"name":"TRUUSK \u00d6ronstol i Skandinavisk stil &#8211; Enkelstol med H\u00f6ga Ben &#8211; Sammetliknande Polyester &#8211; Gul 67&#215;61,5&#215;71 cm"}]},{"@type":"WebSite","@id":"https:\/\/truusk.store\/sv\/#website","url":"https:\/\/truusk.store\/sv\/","name":"TRUUSK - Hem, Tr\u00e4dg\u00e5rd & Fritid","description":"","publisher":{"@id":"https:\/\/truusk.store\/sv\/#organization"},"potentialAction":[{"@type":"SearchAction","target":{"@type":"EntryPoint","urlTemplate":"https:\/\/truusk.store\/sv\/?s={search_term_string}"},"query-input":{"@type":"PropertyValueSpecification","valueRequired":true,"valueName":"search_term_string"}}],"inLanguage":"sv-SE"},{"@type":"Organization","@id":"https:\/\/truusk.store\/sv\/#organization","name":"TRUUSK - Hem, Tr\u00e4dg\u00e5rd & Fritid","url":"https:\/\/truusk.store\/sv\/","logo":{"@type":"ImageObject","inLanguage":"sv-SE","@id":"https:\/\/truusk.store\/sv\/#\/schema\/logo\/image\/","url":"https:\/\/i0.wp.com\/truusk.store\/wp-content\/uploads\/2026\/03\/cropped-TRUUSK.png?fit=2032%2C917&ssl=1","contentUrl":"https:\/\/i0.wp.com\/truusk.store\/wp-content\/uploads\/2026\/03\/cropped-TRUUSK.png?fit=2032%2C917&ssl=1","width":2032,"height":917,"caption":"TRUUSK - Hem, Tr\u00e4dg\u00e5rd & Fritid"},"image":{"@id":"https:\/\/truusk.store\/sv\/#\/schema\/logo\/image\/"}}]}},"jetpack_sharing_enabled":true,"_links":{"self":[{"href":"https:\/\/truusk.store\/sv\/wp-json\/wp\/v2\/product\/77991","targetHints":{"allow":["GET"]}}],"collection":[{"href":"https:\/\/truusk.store\/sv\/wp-json\/wp\/v2\/product"}],"about":[{"href":"https:\/\/truusk.store\/sv\/wp-json\/wp\/v2\/types\/product"}],"wp:featuredmedia":[{"embeddable":true,"href":"https:\/\/truusk.store\/sv\/wp-json\/wp\/v2\/media\/77982"}],"wp:attachment":[{"href":"https:\/\/truusk.store\/sv\/wp-json\/wp\/v2\/media?parent=77991"}],"wp:term":[{"taxonomy":"product_brand","embeddable":true,"href":"https:\/\/truusk.store\/sv\/wp-json\/wp\/v2\/product_brand?post=77991"},{"taxonomy":"product_cat","embeddable":true,"href":"https:\/\/truusk.store\/sv\/wp-json\/wp\/v2\/product_cat?post=77991"},{"taxonomy":"product_tag","embeddable":true,"href":"https:\/\/truusk.store\/sv\/wp-json\/wp\/v2\/product_tag?post=77991"}],"curies":[{"name":"wp","href":"https:\/\/api.w.org\/{rel}","templated":true}]}}