{"id":78041,"date":"2025-06-06T12:12:18","date_gmt":"2025-06-06T11:12:18","guid":{"rendered":"https:\/\/truusk.store\/product\/gungstol-svangstol-med-armstod-amningsstol-med-chenille-look-gungstol-upp-till-120-kg-belastningskapacitet-for-sovrum-vardagsrum-brun\/"},"modified":"2026-03-12T09:44:31","modified_gmt":"2026-03-12T08:44:31","slug":"truusk-gungstol-med-armstod-amningsstol-i-chenille-look-upp-till-120-kg-sovrum-vardagsrum-brun","status":"publish","type":"product","link":"https:\/\/truusk.store\/sv\/produkt\/truusk-gungstol-med-armstod-amningsstol-i-chenille-look-upp-till-120-kg-sovrum-vardagsrum-brun\/","title":{"rendered":"TRUUSK Gungstol med Armst\u00f6d, Amningsstol i Chenille-look &#8211; Upp till 120 kg &#8211; Sovrum, Vardagsrum &#8211; Brun"},"content":{"rendered":"<p>Uppt\u00e4ck den mjuka gungningen av TRUUSK gungstolen, som med sina b\u00f6jda tr\u00e4skidor och halkfri filt ger en avkopplande gungning. Den mjuka chenille\u00f6verdraget och den bekv\u00e4ma kudden p\u00e5 gungstolen ger dig o\u00f6vertr\u00e4ffad komfort. Med en gener\u00f6s sittbredd p\u00e5 53 cm och ett st\u00f6djande ryggst\u00f6d p\u00e5 70 cm h\u00f6jd, f\u00f6rvandlar denna gungstol varje h\u00f6rn till en mysig oas.<\/p>\n<p>Beskrivning:<\/p>\n<ul>\n<li> Halkfri filtremsa och tr\u00e4ram p\u00e5 gungstolen garanterar en s\u00e4ker, mjuk gungning<\/li>\n<li> Mjukt chenille\u00f6verdrag p\u00e5 gungstolen erbjuder lyxig sittkomfort<\/li>\n<li> Tjock stoppning ger \u00f6kad komfort f\u00f6r utdragen avkoppling<\/li>\n<li> 53 cm bred sits p\u00e5 gungstolen erbjuder gener\u00f6st sittutrymme<\/li>\n<li> 70 cm h\u00f6gt ryggst\u00f6d st\u00f6der hela ryggraden<\/li>\n<li> Montering kr\u00e4vs<\/li>\n<\/ul>\n<p>Tekniska data:<\/p>\n<ul>\n<li> F\u00e4rg: Brun<\/li>\n<li> Material: Chenille (100 % polyester), skum, bok<\/li>\n<li> Totala dimensioner: 71L x 98,5B x 97H cm<\/li>\n<li> Sitsstorlek: 53L x 47B x 44-53H cm<\/li>\n<li> Sitsens tjocklek: 13 cm<\/li>\n<li> Ryggstorlek: 70B x 57H cm<\/li>\n<li> Ryggens tjocklek: 15 cm<\/li>\n<li> Total belastningskapacitet: 120 kg<\/li>\n<\/ul>\n<p>Leveransinneh\u00e5ll:<\/p>\n<ul>\n<li> 1 x Gungstol<\/li>\n<li> 1 x Bruksanvisning<\/li>\n<\/ul>\n","protected":false},"excerpt":{"rendered":"<p>Uppt\u00e4ck den mjuka gungningen av TRUUSK gungstolen, som med sina b\u00f6jda tr\u00e4skidor och halkfri filt ger en avkopplande gungning. Den&#8230;<\/p>\n","protected":false},"featured_media":78032,"template":"","meta":[],"product_brand":[],"product_cat":[520,871,910],"product_tag":[],"class_list":{"0":"post-78041","1":"product","2":"type-product","3":"status-publish","4":"has-post-thumbnail","6":"product_cat-gungstolar","7":"product_cat-hus-hem","8":"product_cat-vardagsrum","10":"first","11":"instock","12":"sale","13":"taxable","14":"shipping-taxable","15":"purchasable","16":"product-type-simple"},"yoast_head":"<!-- This site is optimized with the Yoast SEO plugin v25.4 - https:\/\/yoast.com\/wordpress\/plugins\/seo\/ -->\n<title>TRUUSK Gungstol med Armst\u00f6d, Amningsstol i Chenille-look - Upp till 120 kg - Sovrum, Vardagsrum - Brun - TRUUSK - Hem, Tr\u00e4dg\u00e5rd &amp; Fritid<\/title>\n<meta name=\"robots\" content=\"index, follow, max-snippet:-1, max-image-preview:large, max-video-preview:-1\" \/>\n<link rel=\"canonical\" href=\"https:\/\/truusk.store\/sv\/produkt\/truusk-gungstol-med-armstod-amningsstol-i-chenille-look-upp-till-120-kg-sovrum-vardagsrum-brun\/\" \/>\n<meta property=\"og:locale\" content=\"sv_SE\" \/>\n<meta property=\"og:type\" content=\"article\" \/>\n<meta property=\"og:title\" content=\"TRUUSK Gungstol med Armst\u00f6d, Amningsstol i Chenille-look - Upp till 120 kg - Sovrum, Vardagsrum - Brun - TRUUSK - Hem, Tr\u00e4dg\u00e5rd &amp; Fritid\" \/>\n<meta property=\"og:description\" content=\"Uppt\u00e4ck den mjuka gungningen av TRUUSK gungstolen, som med sina b\u00f6jda tr\u00e4skidor och halkfri filt ger en avkopplande gungning. Den...\" \/>\n<meta property=\"og:url\" content=\"https:\/\/truusk.store\/sv\/produkt\/truusk-gungstol-med-armstod-amningsstol-i-chenille-look-upp-till-120-kg-sovrum-vardagsrum-brun\/\" \/>\n<meta property=\"og:site_name\" content=\"TRUUSK - Hem, Tr\u00e4dg\u00e5rd &amp; Fritid\" \/>\n<meta property=\"article:modified_time\" content=\"2026-03-12T08:44:31+00:00\" \/>\n<meta property=\"og:image\" content=\"https:\/\/i0.wp.com\/truusk.se\/wp-content\/uploads\/2025\/06\/gungstol-svangstol-med-armstod-amningsstol-med-chenille-look-gungstol-upp-till-120-kg-belastningskapacitet-for-sovrum-vardagsrum-brun-1.webp?fit=2000%2C2000&ssl=1\" \/>\n\t<meta property=\"og:image:width\" content=\"2000\" \/>\n\t<meta property=\"og:image:height\" content=\"2000\" \/>\n\t<meta property=\"og:image:type\" content=\"image\/webp\" \/>\n<meta name=\"twitter:card\" content=\"summary_large_image\" \/>\n<meta name=\"twitter:label1\" content=\"Ber\u00e4knad l\u00e4stid\" \/>\n\t<meta name=\"twitter:data1\" content=\"1 minut\" \/>\n<!-- \/ Yoast SEO plugin. -->","yoast_head_json":{"title":"TRUUSK Gungstol med Armst\u00f6d, Amningsstol i Chenille-look - Upp till 120 kg - Sovrum, Vardagsrum - Brun - TRUUSK - Hem, Tr\u00e4dg\u00e5rd &amp; Fritid","robots":{"index":"index","follow":"follow","max-snippet":"max-snippet:-1","max-image-preview":"max-image-preview:large","max-video-preview":"max-video-preview:-1"},"canonical":"https:\/\/truusk.store\/sv\/produkt\/truusk-gungstol-med-armstod-amningsstol-i-chenille-look-upp-till-120-kg-sovrum-vardagsrum-brun\/","og_locale":"sv_SE","og_type":"article","og_title":"TRUUSK Gungstol med Armst\u00f6d, Amningsstol i Chenille-look - Upp till 120 kg - Sovrum, Vardagsrum - Brun - TRUUSK - Hem, Tr\u00e4dg\u00e5rd &amp; Fritid","og_description":"Uppt\u00e4ck den mjuka gungningen av TRUUSK gungstolen, som med sina b\u00f6jda tr\u00e4skidor och halkfri filt ger en avkopplande gungning. Den...","og_url":"https:\/\/truusk.store\/sv\/produkt\/truusk-gungstol-med-armstod-amningsstol-i-chenille-look-upp-till-120-kg-sovrum-vardagsrum-brun\/","og_site_name":"TRUUSK - Hem, Tr\u00e4dg\u00e5rd &amp; Fritid","article_modified_time":"2026-03-12T08:44:31+00:00","og_image":[{"width":2000,"height":2000,"url":"https:\/\/i0.wp.com\/truusk.se\/wp-content\/uploads\/2025\/06\/gungstol-svangstol-med-armstod-amningsstol-med-chenille-look-gungstol-upp-till-120-kg-belastningskapacitet-for-sovrum-vardagsrum-brun-1.webp?fit=2000%2C2000&ssl=1","type":"image\/webp"}],"twitter_card":"summary_large_image","twitter_misc":{"Ber\u00e4knad l\u00e4stid":"1 minut"},"schema":{"@context":"https:\/\/schema.org","@graph":[{"@type":"WebPage","@id":"https:\/\/truusk.store\/sv\/produkt\/truusk-gungstol-med-armstod-amningsstol-i-chenille-look-upp-till-120-kg-sovrum-vardagsrum-brun\/","url":"https:\/\/truusk.store\/sv\/produkt\/truusk-gungstol-med-armstod-amningsstol-i-chenille-look-upp-till-120-kg-sovrum-vardagsrum-brun\/","name":"TRUUSK Gungstol med Armst\u00f6d, Amningsstol i Chenille-look - Upp till 120 kg - Sovrum, Vardagsrum - Brun - TRUUSK - Hem, Tr\u00e4dg\u00e5rd &amp; Fritid","isPartOf":{"@id":"https:\/\/truusk.store\/sv\/#website"},"primaryImageOfPage":{"@id":"https:\/\/truusk.store\/sv\/produkt\/truusk-gungstol-med-armstod-amningsstol-i-chenille-look-upp-till-120-kg-sovrum-vardagsrum-brun\/#primaryimage"},"image":{"@id":"https:\/\/truusk.store\/sv\/produkt\/truusk-gungstol-med-armstod-amningsstol-i-chenille-look-upp-till-120-kg-sovrum-vardagsrum-brun\/#primaryimage"},"thumbnailUrl":"https:\/\/i0.wp.com\/truusk.store\/wp-content\/uploads\/2025\/06\/gungstol-svangstol-med-armstod-amningsstol-med-chenille-look-gungstol-upp-till-120-kg-belastningskapacitet-for-sovrum-vardagsrum-brun-1.webp?fit=2000%2C2000&ssl=1","datePublished":"2025-06-06T11:12:18+00:00","dateModified":"2026-03-12T08:44:31+00:00","breadcrumb":{"@id":"https:\/\/truusk.store\/sv\/produkt\/truusk-gungstol-med-armstod-amningsstol-i-chenille-look-upp-till-120-kg-sovrum-vardagsrum-brun\/#breadcrumb"},"inLanguage":"sv-SE","potentialAction":[{"@type":"ReadAction","target":["https:\/\/truusk.store\/sv\/produkt\/truusk-gungstol-med-armstod-amningsstol-i-chenille-look-upp-till-120-kg-sovrum-vardagsrum-brun\/"]}]},{"@type":"ImageObject","inLanguage":"sv-SE","@id":"https:\/\/truusk.store\/sv\/produkt\/truusk-gungstol-med-armstod-amningsstol-i-chenille-look-upp-till-120-kg-sovrum-vardagsrum-brun\/#primaryimage","url":"https:\/\/i0.wp.com\/truusk.store\/wp-content\/uploads\/2025\/06\/gungstol-svangstol-med-armstod-amningsstol-med-chenille-look-gungstol-upp-till-120-kg-belastningskapacitet-for-sovrum-vardagsrum-brun-1.webp?fit=2000%2C2000&ssl=1","contentUrl":"https:\/\/i0.wp.com\/truusk.store\/wp-content\/uploads\/2025\/06\/gungstol-svangstol-med-armstod-amningsstol-med-chenille-look-gungstol-upp-till-120-kg-belastningskapacitet-for-sovrum-vardagsrum-brun-1.webp?fit=2000%2C2000&ssl=1","width":2000,"height":2000},{"@type":"BreadcrumbList","@id":"https:\/\/truusk.store\/sv\/produkt\/truusk-gungstol-med-armstod-amningsstol-i-chenille-look-upp-till-120-kg-sovrum-vardagsrum-brun\/#breadcrumb","itemListElement":[{"@type":"ListItem","position":1,"name":"Home","item":"https:\/\/truusk.store\/sv\/"},{"@type":"ListItem","position":2,"name":"Shop","item":"https:\/\/truusk.store\/shop\/"},{"@type":"ListItem","position":3,"name":"TRUUSK Gungstol med Armst\u00f6d, Amningsstol i Chenille-look &#8211; Upp till 120 kg &#8211; Sovrum, Vardagsrum &#8211; Brun"}]},{"@type":"WebSite","@id":"https:\/\/truusk.store\/sv\/#website","url":"https:\/\/truusk.store\/sv\/","name":"TRUUSK - Hem, Tr\u00e4dg\u00e5rd & Fritid","description":"","publisher":{"@id":"https:\/\/truusk.store\/sv\/#organization"},"potentialAction":[{"@type":"SearchAction","target":{"@type":"EntryPoint","urlTemplate":"https:\/\/truusk.store\/sv\/?s={search_term_string}"},"query-input":{"@type":"PropertyValueSpecification","valueRequired":true,"valueName":"search_term_string"}}],"inLanguage":"sv-SE"},{"@type":"Organization","@id":"https:\/\/truusk.store\/sv\/#organization","name":"TRUUSK - Hem, Tr\u00e4dg\u00e5rd & Fritid","url":"https:\/\/truusk.store\/sv\/","logo":{"@type":"ImageObject","inLanguage":"sv-SE","@id":"https:\/\/truusk.store\/sv\/#\/schema\/logo\/image\/","url":"https:\/\/i0.wp.com\/truusk.store\/wp-content\/uploads\/2026\/03\/cropped-TRUUSK.png?fit=2032%2C917&ssl=1","contentUrl":"https:\/\/i0.wp.com\/truusk.store\/wp-content\/uploads\/2026\/03\/cropped-TRUUSK.png?fit=2032%2C917&ssl=1","width":2032,"height":917,"caption":"TRUUSK - Hem, Tr\u00e4dg\u00e5rd & Fritid"},"image":{"@id":"https:\/\/truusk.store\/sv\/#\/schema\/logo\/image\/"}}]}},"jetpack_sharing_enabled":true,"_links":{"self":[{"href":"https:\/\/truusk.store\/sv\/wp-json\/wp\/v2\/product\/78041","targetHints":{"allow":["GET"]}}],"collection":[{"href":"https:\/\/truusk.store\/sv\/wp-json\/wp\/v2\/product"}],"about":[{"href":"https:\/\/truusk.store\/sv\/wp-json\/wp\/v2\/types\/product"}],"wp:featuredmedia":[{"embeddable":true,"href":"https:\/\/truusk.store\/sv\/wp-json\/wp\/v2\/media\/78032"}],"wp:attachment":[{"href":"https:\/\/truusk.store\/sv\/wp-json\/wp\/v2\/media?parent=78041"}],"wp:term":[{"taxonomy":"product_brand","embeddable":true,"href":"https:\/\/truusk.store\/sv\/wp-json\/wp\/v2\/product_brand?post=78041"},{"taxonomy":"product_cat","embeddable":true,"href":"https:\/\/truusk.store\/sv\/wp-json\/wp\/v2\/product_cat?post=78041"},{"taxonomy":"product_tag","embeddable":true,"href":"https:\/\/truusk.store\/sv\/wp-json\/wp\/v2\/product_tag?post=78041"}],"curies":[{"name":"wp","href":"https:\/\/api.w.org\/{rel}","templated":true}]}}