{"id":78119,"date":"2025-06-07T20:34:54","date_gmt":"2025-06-07T19:34:54","guid":{"rendered":"https:\/\/truusk.store\/product\/kontorsstol-for-kvinnor-ergonomisk-skrivbordsstol-med-gungfunktion-hojdjusterbar-barformaga-120-kg-rosa\/"},"modified":"2026-03-12T09:28:38","modified_gmt":"2026-03-12T08:28:38","slug":"truusk-kontorsstol-for-kvinnor-ergonomisk-med-gungfunktion-justerbar-hojd-barformaga-120-kg-rosa","status":"publish","type":"product","link":"https:\/\/truusk.store\/sv\/produkt\/truusk-kontorsstol-for-kvinnor-ergonomisk-med-gungfunktion-justerbar-hojd-barformaga-120-kg-rosa\/","title":{"rendered":"TRUUSK Kontorsstol F\u00f6r Kvinnor &#8211; Ergonomisk Med Gungfunktion &#8211; Justerbar H\u00f6jd &#8211; B\u00e4rf\u00f6rm\u00e5ga 120 Kg &#8211; Rosa"},"content":{"rendered":"<p>Om du tillbringar mycket tid p\u00e5 hemmakontoret \u00e4r en ergonomisk kontorsstol oumb\u00e4rlig, vare sig det g\u00e4ller att studera inf\u00f6r stora prov eller att slutf\u00f6ra viktiga projekt. Skrivbordsstolen fr\u00e5n TRUUSK erbjuder inte bara robust st\u00f6d, utan imponerar ocks\u00e5 med extra tjock stoppning och en liggl\u00e4gefunktion. Luta dig tillbaka och njut av mjuk gungning medan arbetstimmar flyger f\u00f6rbi och du njuter av ren avkoppling.<\/p>\n<p>Beskrivning:<\/p>\n<ul>\n<li> Dekorativ design av arbetsstolen med glittrande kristallknappar p\u00e5 den stoppade ryggst\u00f6det<\/li>\n<li> Ren avkoppling: Luta dig tillbaka med den praktiska lutningsfunktionen<\/li>\n<li> H\u00f6jden p\u00e5 sittytan kan justeras fr\u00e5n 47 cm till 57 cm, anpassad till din individuella sittstil<\/li>\n<li> Hudv\u00e4nligt tyg p\u00e5 PC-stolen med sammetsoptik f\u00f6r modern komfort<\/li>\n<li> Fem hjul m\u00f6jligg\u00f6r enkel r\u00f6rlighet<\/li>\n<li> Montering kr\u00e4vs<\/li>\n<\/ul>\n<p> Tekniska data:<\/p>\n<ul>\n<li> F\u00e4rg: Rosa<\/li>\n<li> Material: Sammet (100% polyester), skum, st\u00e5l, konstl\u00e4der<\/li>\n<li> Totala dimensioner: 61B x 61T x 104-114H cm<\/li>\n<li> Sittm\u00e5tt: 51B x 47T x 47-57H cm<\/li>\n<li> Ryggst\u00f6dsm\u00e5tt: 59B x 51T x 8H cm<\/li>\n<li> Armst\u00f6dsh\u00f6jd (till s\u00e4tet): 22 cm<\/li>\n<li> Total belastningskapacitet: 120 kg<\/li>\n<\/ul>\n<p> Leveransinneh\u00e5ll:<\/p>\n<ul>\n<li> 1 x kontorsstol<\/li>\n<li> 1 x handbok<\/li>\n<\/ul>\n","protected":false},"excerpt":{"rendered":"<p>Om du tillbringar mycket tid p\u00e5 hemmakontoret \u00e4r en ergonomisk kontorsstol oumb\u00e4rlig, vare sig det g\u00e4ller att studera inf\u00f6r stora&#8230;<\/p>\n","protected":false},"featured_media":78110,"template":"","meta":[],"product_brand":[],"product_cat":[872,871,516],"product_tag":[],"class_list":{"0":"post-78119","1":"product","2":"type-product","3":"status-publish","4":"has-post-thumbnail","6":"product_cat-hemmakontor-arbetsplats","7":"product_cat-hus-hem","8":"product_cat-kontorsstolar","10":"first","11":"instock","12":"sale","13":"taxable","14":"shipping-taxable","15":"purchasable","16":"product-type-simple"},"yoast_head":"<!-- This site is optimized with the Yoast SEO plugin v25.4 - https:\/\/yoast.com\/wordpress\/plugins\/seo\/ -->\n<title>TRUUSK Kontorsstol F\u00f6r Kvinnor - Ergonomisk Med Gungfunktion - Justerbar H\u00f6jd - B\u00e4rf\u00f6rm\u00e5ga 120 Kg - Rosa - TRUUSK - Hem, Tr\u00e4dg\u00e5rd &amp; Fritid<\/title>\n<meta name=\"robots\" content=\"index, follow, max-snippet:-1, max-image-preview:large, max-video-preview:-1\" \/>\n<link rel=\"canonical\" href=\"https:\/\/truusk.store\/sv\/produkt\/truusk-kontorsstol-for-kvinnor-ergonomisk-med-gungfunktion-justerbar-hojd-barformaga-120-kg-rosa\/\" \/>\n<meta property=\"og:locale\" content=\"sv_SE\" \/>\n<meta property=\"og:type\" content=\"article\" \/>\n<meta property=\"og:title\" content=\"TRUUSK Kontorsstol F\u00f6r Kvinnor - Ergonomisk Med Gungfunktion - Justerbar H\u00f6jd - B\u00e4rf\u00f6rm\u00e5ga 120 Kg - Rosa - TRUUSK - Hem, Tr\u00e4dg\u00e5rd &amp; Fritid\" \/>\n<meta property=\"og:description\" content=\"Om du tillbringar mycket tid p\u00e5 hemmakontoret \u00e4r en ergonomisk kontorsstol oumb\u00e4rlig, vare sig det g\u00e4ller att studera inf\u00f6r stora...\" \/>\n<meta property=\"og:url\" content=\"https:\/\/truusk.store\/sv\/produkt\/truusk-kontorsstol-for-kvinnor-ergonomisk-med-gungfunktion-justerbar-hojd-barformaga-120-kg-rosa\/\" \/>\n<meta property=\"og:site_name\" content=\"TRUUSK - Hem, Tr\u00e4dg\u00e5rd &amp; Fritid\" \/>\n<meta property=\"article:modified_time\" content=\"2026-03-12T08:28:38+00:00\" \/>\n<meta property=\"og:image\" content=\"https:\/\/i0.wp.com\/truusk.se\/wp-content\/uploads\/2025\/06\/kontorsstol-for-kvinnor-ergonomisk-skrivbordsstol-med-gungfunktion-hojdjusterbar-barformaga-120-kg-rosa-1.webp?fit=2000%2C2000&ssl=1\" \/>\n\t<meta property=\"og:image:width\" content=\"2000\" \/>\n\t<meta property=\"og:image:height\" content=\"2000\" \/>\n\t<meta property=\"og:image:type\" content=\"image\/webp\" \/>\n<meta name=\"twitter:card\" content=\"summary_large_image\" \/>\n<meta name=\"twitter:label1\" content=\"Ber\u00e4knad l\u00e4stid\" \/>\n\t<meta name=\"twitter:data1\" content=\"1 minut\" \/>\n<!-- \/ Yoast SEO plugin. -->","yoast_head_json":{"title":"TRUUSK Kontorsstol F\u00f6r Kvinnor - Ergonomisk Med Gungfunktion - Justerbar H\u00f6jd - B\u00e4rf\u00f6rm\u00e5ga 120 Kg - Rosa - TRUUSK - Hem, Tr\u00e4dg\u00e5rd &amp; Fritid","robots":{"index":"index","follow":"follow","max-snippet":"max-snippet:-1","max-image-preview":"max-image-preview:large","max-video-preview":"max-video-preview:-1"},"canonical":"https:\/\/truusk.store\/sv\/produkt\/truusk-kontorsstol-for-kvinnor-ergonomisk-med-gungfunktion-justerbar-hojd-barformaga-120-kg-rosa\/","og_locale":"sv_SE","og_type":"article","og_title":"TRUUSK Kontorsstol F\u00f6r Kvinnor - Ergonomisk Med Gungfunktion - Justerbar H\u00f6jd - B\u00e4rf\u00f6rm\u00e5ga 120 Kg - Rosa - TRUUSK - Hem, Tr\u00e4dg\u00e5rd &amp; Fritid","og_description":"Om du tillbringar mycket tid p\u00e5 hemmakontoret \u00e4r en ergonomisk kontorsstol oumb\u00e4rlig, vare sig det g\u00e4ller att studera inf\u00f6r stora...","og_url":"https:\/\/truusk.store\/sv\/produkt\/truusk-kontorsstol-for-kvinnor-ergonomisk-med-gungfunktion-justerbar-hojd-barformaga-120-kg-rosa\/","og_site_name":"TRUUSK - Hem, Tr\u00e4dg\u00e5rd &amp; Fritid","article_modified_time":"2026-03-12T08:28:38+00:00","og_image":[{"width":2000,"height":2000,"url":"https:\/\/i0.wp.com\/truusk.se\/wp-content\/uploads\/2025\/06\/kontorsstol-for-kvinnor-ergonomisk-skrivbordsstol-med-gungfunktion-hojdjusterbar-barformaga-120-kg-rosa-1.webp?fit=2000%2C2000&ssl=1","type":"image\/webp"}],"twitter_card":"summary_large_image","twitter_misc":{"Ber\u00e4knad l\u00e4stid":"1 minut"},"schema":{"@context":"https:\/\/schema.org","@graph":[{"@type":"WebPage","@id":"https:\/\/truusk.store\/sv\/produkt\/truusk-kontorsstol-for-kvinnor-ergonomisk-med-gungfunktion-justerbar-hojd-barformaga-120-kg-rosa\/","url":"https:\/\/truusk.store\/sv\/produkt\/truusk-kontorsstol-for-kvinnor-ergonomisk-med-gungfunktion-justerbar-hojd-barformaga-120-kg-rosa\/","name":"TRUUSK Kontorsstol F\u00f6r Kvinnor - Ergonomisk Med Gungfunktion - Justerbar H\u00f6jd - B\u00e4rf\u00f6rm\u00e5ga 120 Kg - Rosa - TRUUSK - Hem, Tr\u00e4dg\u00e5rd &amp; Fritid","isPartOf":{"@id":"https:\/\/truusk.store\/sv\/#website"},"primaryImageOfPage":{"@id":"https:\/\/truusk.store\/sv\/produkt\/truusk-kontorsstol-for-kvinnor-ergonomisk-med-gungfunktion-justerbar-hojd-barformaga-120-kg-rosa\/#primaryimage"},"image":{"@id":"https:\/\/truusk.store\/sv\/produkt\/truusk-kontorsstol-for-kvinnor-ergonomisk-med-gungfunktion-justerbar-hojd-barformaga-120-kg-rosa\/#primaryimage"},"thumbnailUrl":"https:\/\/i0.wp.com\/truusk.store\/wp-content\/uploads\/2025\/06\/kontorsstol-for-kvinnor-ergonomisk-skrivbordsstol-med-gungfunktion-hojdjusterbar-barformaga-120-kg-rosa-1.webp?fit=2000%2C2000&ssl=1","datePublished":"2025-06-07T19:34:54+00:00","dateModified":"2026-03-12T08:28:38+00:00","breadcrumb":{"@id":"https:\/\/truusk.store\/sv\/produkt\/truusk-kontorsstol-for-kvinnor-ergonomisk-med-gungfunktion-justerbar-hojd-barformaga-120-kg-rosa\/#breadcrumb"},"inLanguage":"sv-SE","potentialAction":[{"@type":"ReadAction","target":["https:\/\/truusk.store\/sv\/produkt\/truusk-kontorsstol-for-kvinnor-ergonomisk-med-gungfunktion-justerbar-hojd-barformaga-120-kg-rosa\/"]}]},{"@type":"ImageObject","inLanguage":"sv-SE","@id":"https:\/\/truusk.store\/sv\/produkt\/truusk-kontorsstol-for-kvinnor-ergonomisk-med-gungfunktion-justerbar-hojd-barformaga-120-kg-rosa\/#primaryimage","url":"https:\/\/i0.wp.com\/truusk.store\/wp-content\/uploads\/2025\/06\/kontorsstol-for-kvinnor-ergonomisk-skrivbordsstol-med-gungfunktion-hojdjusterbar-barformaga-120-kg-rosa-1.webp?fit=2000%2C2000&ssl=1","contentUrl":"https:\/\/i0.wp.com\/truusk.store\/wp-content\/uploads\/2025\/06\/kontorsstol-for-kvinnor-ergonomisk-skrivbordsstol-med-gungfunktion-hojdjusterbar-barformaga-120-kg-rosa-1.webp?fit=2000%2C2000&ssl=1","width":2000,"height":2000},{"@type":"BreadcrumbList","@id":"https:\/\/truusk.store\/sv\/produkt\/truusk-kontorsstol-for-kvinnor-ergonomisk-med-gungfunktion-justerbar-hojd-barformaga-120-kg-rosa\/#breadcrumb","itemListElement":[{"@type":"ListItem","position":1,"name":"Home","item":"https:\/\/truusk.store\/sv\/"},{"@type":"ListItem","position":2,"name":"Shop","item":"https:\/\/truusk.store\/shop\/"},{"@type":"ListItem","position":3,"name":"TRUUSK Kontorsstol F\u00f6r Kvinnor &#8211; Ergonomisk Med Gungfunktion &#8211; Justerbar H\u00f6jd &#8211; B\u00e4rf\u00f6rm\u00e5ga 120 Kg &#8211; Rosa"}]},{"@type":"WebSite","@id":"https:\/\/truusk.store\/sv\/#website","url":"https:\/\/truusk.store\/sv\/","name":"TRUUSK - Hem, Tr\u00e4dg\u00e5rd & Fritid","description":"","publisher":{"@id":"https:\/\/truusk.store\/sv\/#organization"},"potentialAction":[{"@type":"SearchAction","target":{"@type":"EntryPoint","urlTemplate":"https:\/\/truusk.store\/sv\/?s={search_term_string}"},"query-input":{"@type":"PropertyValueSpecification","valueRequired":true,"valueName":"search_term_string"}}],"inLanguage":"sv-SE"},{"@type":"Organization","@id":"https:\/\/truusk.store\/sv\/#organization","name":"TRUUSK - Hem, Tr\u00e4dg\u00e5rd & Fritid","url":"https:\/\/truusk.store\/sv\/","logo":{"@type":"ImageObject","inLanguage":"sv-SE","@id":"https:\/\/truusk.store\/sv\/#\/schema\/logo\/image\/","url":"https:\/\/i0.wp.com\/truusk.store\/wp-content\/uploads\/2026\/03\/cropped-TRUUSK.png?fit=2032%2C917&ssl=1","contentUrl":"https:\/\/i0.wp.com\/truusk.store\/wp-content\/uploads\/2026\/03\/cropped-TRUUSK.png?fit=2032%2C917&ssl=1","width":2032,"height":917,"caption":"TRUUSK - Hem, Tr\u00e4dg\u00e5rd & Fritid"},"image":{"@id":"https:\/\/truusk.store\/sv\/#\/schema\/logo\/image\/"}}]}},"jetpack_sharing_enabled":true,"_links":{"self":[{"href":"https:\/\/truusk.store\/sv\/wp-json\/wp\/v2\/product\/78119","targetHints":{"allow":["GET"]}}],"collection":[{"href":"https:\/\/truusk.store\/sv\/wp-json\/wp\/v2\/product"}],"about":[{"href":"https:\/\/truusk.store\/sv\/wp-json\/wp\/v2\/types\/product"}],"wp:featuredmedia":[{"embeddable":true,"href":"https:\/\/truusk.store\/sv\/wp-json\/wp\/v2\/media\/78110"}],"wp:attachment":[{"href":"https:\/\/truusk.store\/sv\/wp-json\/wp\/v2\/media?parent=78119"}],"wp:term":[{"taxonomy":"product_brand","embeddable":true,"href":"https:\/\/truusk.store\/sv\/wp-json\/wp\/v2\/product_brand?post=78119"},{"taxonomy":"product_cat","embeddable":true,"href":"https:\/\/truusk.store\/sv\/wp-json\/wp\/v2\/product_cat?post=78119"},{"taxonomy":"product_tag","embeddable":true,"href":"https:\/\/truusk.store\/sv\/wp-json\/wp\/v2\/product_tag?post=78119"}],"curies":[{"name":"wp","href":"https:\/\/api.w.org\/{rel}","templated":true}]}}